{"id":7155,"date":"2022-06-01T13:40:46","date_gmt":"2022-06-01T11:40:46","guid":{"rendered":"https:\/\/www.karmarando.com\/?post_type=product&#038;p=7155"},"modified":"2025-12-04T13:52:20","modified_gmt":"2025-12-04T12:52:20","slug":"mambe-ypadu-pronto-alivio-organico-100-stile-colombiano","status":"publish","type":"product","link":"https:\/\/karmarando.com\/es\/piante-di-potere\/ambil-e-mambe\/mambe-ypadu-pronto-alivio-organico-100-stile-colombiano\/","title":{"rendered":"Mambe Ypadu Listo Alivio 100% Org\u00e1nico \u2013 El Estilo Colombiano"},"content":{"rendered":"<div class=\"tabbed-content\">\n\t\t\t\n\t\t\t<ul class=\"nav nav-pills nav-uppercase nav-size-small nav-center\" role=\"tablist\"><li id=\"tab-descrizione\" class=\"tab active has-icon\" role=\"presentation\"><a href=\"#tab_descrizione\" role=\"tab\" aria-selected=\"true\" aria-controls=\"tab_descrizione\"><span>Descripci\u00f3n<\/span><\/a><\/li>\n<li id=\"tab-propriet\u00e0\" class=\"tab has-icon\" role=\"presentation\"><a href=\"#tab_propriet\u00e0\" tabindex=\"-1\" role=\"tab\" aria-selected=\"false\" aria-controls=\"tab_propriet\u00e0\"><span>La propiedad<\/span><\/a><\/li>\n<li id=\"tab-come-si-f\u00e0?\" class=\"tab has-icon\" role=\"presentation\"><a href=\"#tab_come-si-f\u00e0?\" tabindex=\"-1\" role=\"tab\" aria-selected=\"false\" aria-controls=\"tab_come-si-f\u00e0?\"><span>Como se pone?<\/span><\/a><\/li>\n<li id=\"tab-disclaimer\" class=\"tab has-icon\" role=\"presentation\"><a href=\"#tab_disclaimer\" tabindex=\"-1\" role=\"tab\" aria-selected=\"false\" aria-controls=\"tab_disclaimer\"><span>DESCARGO de responsabilidad<\/span><\/a><\/li><\/ul><div class=\"tab-panels\"><div id=\"tab_descrizione\" class=\"panel active entry-content\" role=\"tabpanel\" aria-labelledby=\"tab-descrizione\">\n<h3><strong>Mambe Ypadu Powder Stile Colombiano<br \/>\n<\/strong><\/h3>\n<p>El estilo Coombiano es m\u00e1s suave y se derrite mejor y es un poco m\u00e1s fuerte que el Peruano, mucho m\u00e1s fuerte, tiene un trabajo deversa de per\u00fa que realmente te hacen sentir en todo su poder.<\/p>\n<p>para un poco m\u00e1s de dinero que realmente vale la pena.<\/p>\n<p><strong>MAMB\u00c9 O YPADU&#039; Ypadu<\/strong> es un polvo obtenido de la calcinaci\u00f3n y la lenta cocci\u00f3n de las hojas reci\u00e9n cosechadas, molido y mezclado con las cenizas de las hojas del \u00e1rbol, Cecropia Peltata, o (Cecropiatra otras variedades) como aditivo para alcalina.<\/p>\n<p><strong>Mamb\u00e8 Listo<\/strong> <strong>Alivio Bio Org\u00e1nico Natural<\/strong> 100%, con su caracter\u00edstico sabor ahumado, es rico en Alcaloides, adem\u00e1s de sustancias activas y sales Minerales, y Vitaminas, pero especialmente con propiedades m\u00e1gicas, y ceremonial. <strong>Usted obtener para distinguirla de t\u00e9, por su sabor ahumado<\/strong>. Il t\u00e8 costa anche di meno, rispetto al mambe che viene lavorato alchemicamente e piu specifico Mambe Ypadu<\/p>\n<p><strong>MAMB\u00c9 LISTO ALIVIO <\/strong>Remedio maravilloso cham\u00e1nica viene de la selva amaz\u00f3nica en colombia, donde los chamanes preparar con cuidado y amor. Estamos felices de compartir con usted los beneficios de este milagroso remedio, lo que trae consigo la sabidur\u00eda de milenios de personas que los preparan con el mismo cuidado y la misma gestos como siempre. EL Mambe, es un remedio muy popular en la selva amaz\u00f3nica, rica en vitaminas y minerales, y sus propiedades analg\u00e9sicas y el dolor, permitir que le dan el nombre de: el Pronto Alivio (alivio inmediato).<\/p>\n<p>Tambi\u00e9n es un gran compa\u00f1ero de los ciclos menstruales, en el que, generalmente, las mujeres se sienten dolor, y en muchos casos, en serio insoportable. En estas situaciones no hay nada mejor que el equilibrio de nuestro cuerpo con un remedio que es todo natural y eficaz.Sus propiedades pueden traer una gran cantidad de beneficios en otras \u00e1reas del cuerpo, y no s\u00f3lo eso, desde el momento en que, utilizando el cuerpo de un resultado que se fortalezca la promoci\u00f3n de la fuerza y la energ\u00eda. Siendo totalmente hoja de la planta, como la planta hembra se conecta desde el vientre con nuestro lado femenino, energ\u00e9ticamente, comer, nos ofrece una fluidez y una concentraci\u00f3n verbal.<\/p>\n<h3>Se usa cuando se necesita compartir experiencias o conocimientos, la Fatiga o el Dolor, Estimula y aumenta el brillo de las energ\u00edas, incluidos los del cuerpo.<\/h3>\n<p><strong>El C*** (pre C*** se prepara de la siguiente manera:<\/strong><sup id=\"cite_ref-13\" class=\"reference separada\"><\/sup><\/p>\n<ul>\n<li><strong>Asado :<\/strong> las hojas maduras son tostado\/Asado, tradicionalmente, en una olla de barro<\/li>\n<li><strong>Picar\/Pestatura<\/strong>las hojas, Asado se golpean con un Mortero<\/li>\n<li><strong>Preparaci\u00f3n de las cenizas :<\/strong> Se queman lentamente las hojas de yarumo y Cecropia en Colombia, Per\u00fa, este \u00e1rbol es conocido como cetico y en Brasil como emba\u00faba ) o tallos de quinua .<\/li>\n<li><strong>De la mezcla :<\/strong> Las hojas se mezclan hasta el 10% de ceniza.<\/li>\n<li><strong>La trilla o Tamizado :<\/strong> se tamizan varias veces hasta obtener un fino polvo que se disuelve f\u00e1cilmente en la boca.<\/li>\n<\/ul>\n<p>Para utilizar el C*** (galaxy tab, verde, polvo de C*** (galaxy tab se coloca en la mejilla, la mezcla con la saliva y se va, y rompi\u00f3 con su sabor ahumado. <sup id=\"cite_ref-16\" class=\"reference separada\"><\/sup><\/p>\n<p><strong> La foto es representativa, y el color de la mambe puede variar con cada nueva disposici\u00f3n, pero va a ser muy obvio siempre la m\u00e1s alta calidad de la misma. <\/strong><\/p>\n<p><strong> La finura de la mambe es la mejor soluci\u00f3n para mantener sus cualidades organol\u00e9pticas, aquellos que quieren un producto m\u00e1s fino puede hacer una solicitud espec\u00edfica. <\/strong><\/p>\n<\/div>\n<div id=\"tab_propriet\u00e0\" class=\"panel entry-content\" role=\"tabpanel\" aria-labelledby=\"tab-propriet\u00e0\">\n<h3><strong>SUS PROPIEDADES:<\/strong><\/h3>\n<ul>\n<li>Remedio y Alivio de dolores y los dolores en las articulaciones y\/o m\u00fasculos.<\/li>\n<li>El aumento de la resistencia de una manera visible<\/li>\n<li>Corrige los problemas de desnutrici\u00f3n y\/o de asimilaci\u00f3n y deficiencias<\/li>\n<li>Fortalece y regenera los huesos y otras partes \u00f3seas del cuerpo en un tiempo relativamente corto.<\/li>\n<li>Limpia el tracto urinario<\/li>\n<li>Mejora la moral y la voluntad de vivir<\/li>\n<li>Mejora la digesti\u00f3n en general.<\/li>\n<li>La regla de los triglic\u00e9ridos y el colesterol.<\/li>\n<li>Da un mont\u00f3n de Energ\u00eda de carga<\/li>\n<\/ul>\n<\/div>\n<div id=\"tab_come-si-f\u00e0?\" class=\"panel entry-content\" role=\"tabpanel\" aria-labelledby=\"tab-come-si-f\u00e0?\">\n<h3><strong>C\u00d3MO Y CON QU\u00c9 CANTIDAD CONSUME:<\/strong><\/h3>\n<p>El <strong>Mambe<\/strong> consumido por verter una o dos cucharadas en la enc\u00eda a la izquierda (ver el video) por la inclinaci\u00f3n de la cabeza hacia atr\u00e1s y tomar la mand\u00edbula para evitar que se abre y se mantiene firme con la saliva para formar una bola y comenzar un proceso de salivaci\u00f3n para obtener una pasta de goma que hacen que sea adecuado para la liberaci\u00f3n de sustancias muy f\u00e1cilmente las propiedades beneficiosas de la contenida en el mambe;es muy polvorienta y, a continuaci\u00f3n, poner en la enc\u00eda, tiene que cerrar la boca por la celebraci\u00f3n de la goma suavemente, y la impregnaci\u00f3n de la saliva bolo.. y Tenrlo al lado hasta que escuche su Efecto caracter\u00edstico ( a veces se tarda s\u00f3lo 5 minutos a veces la liberaci\u00f3n es m\u00e1s lento y tarda aproximadamente 10 min) contin\u00fae hasta que el bal\u00f3n se crea ser\u00e1 posible masticar, con mucho respeto.Es recomendable (aunque no necesario) para tomar con Ambil que se pueden encontrar en la tienda. Su consumo est\u00e1 especialmente social, porque se dice que <strong>Mambe<\/strong> esto significa que la palabra de la vida, <strong>Ambil<\/strong> el pensamiento, \u00bfd\u00f3nde est\u00e1 el poder de la palabra.Con <strong>Ambil<\/strong> en la parte frontal de los dientes internamente y el <strong>Mambe<\/strong> en la goma de la izquierda es de todos mejorado a trav\u00e9s ambil ser\u00e1 mucho m\u00e1s f\u00e1cil la experiencia.<\/p>\n<h3><strong>Caracter\u00edsticas:<\/strong><\/h3>\n<p>Proporciona nutrientes como potasio, hierro, calcio, f\u00f3sforo, prote\u00ednas, vitaminas a, B1, B2, C Y e, es bajo en grasa, tiene niveles de calcio m\u00e1s altos que los de la leche de vaca, y la misma proporci\u00f3n de f\u00f3sforo en los peces, pero a\u00fan as\u00ed es considerado como un suplemento diet\u00e9tico, se recomienda consumirlo despu\u00e9s de comer alg\u00fan tipo de alimentos para funcionar como un sistema digestivo. Inhibe el sue\u00f1o, el hambre, da claridad mental, mejora la actividad de las sensorial y neuronal, la concentraci\u00f3n y la comunicaci\u00f3n, aumenta la oxigenaci\u00f3n celular, tiene funciones metab\u00f3licas para acelerar la transmisi\u00f3n de los componentes de los alimentos en la sangre, regula la presi\u00f3n sangu\u00ednea, fortalece el sistema nervioso y muscular, elimina el cansancio y la fatiga, protege las c\u00e9lulas del envejecimiento, proporciona una mayor tolerancia al fr\u00edo, es teRap\u00e9utico y la energ\u00eda.<\/p>\n<p>No generar dependencia. Es un estimulante, benevolente, su efecto es apenas produce insomnio y taquicardia asociada con el consumo de caf\u00e9 o de efectos t\u00f3xicos asociados con el ina. Los ind\u00edgenas de la amazon\u00eda usarlo para el trabajo f\u00edsico, la comunicaci\u00f3n, las actividades ceremoniales, medicinales y religiosos. Para las mujeres ind\u00edgenas, es importante tomar en cuenta el contexto en el que el C*** se consume porque es sagrado, y las hojas son sagrados y beneficioso. Su consumo est\u00e1 asociado con el estilo de vida y una filosof\u00eda profunda. En otras palabras, es una pr\u00e1ctica cultural que se ejerce con total libertad y autonom\u00eda.<\/p>\n<h3><strong>Cada 100g de Mambe son los contenidos:<\/strong><\/h3>\n<ul>\n<li>Beta caroteno de las 9.40 mg<\/li>\n<li>Nitr\u00f3geno Total mg 20,06<\/li>\n<li>Grasas buenas 3,68 mg<\/li>\n<li>Los hidratos de carbono 47,50 mg<\/li>\n<li>El alfa-caroteno 2,76 mg<\/li>\n<li>La vitamina C 6,47 mg<\/li>\n<li>La vitamina E 40,17 mg<\/li>\n<li>La tiamina (vitamina B1) 0,73 mg<\/li>\n<li>Riboflavina (vitamina B2) 0,88 mg<\/li>\n<li>La niacina (p factor.p) 8,37 mg<\/li>\n<li>F\u00fatbol 997,62 mg<\/li>\n<li>Fosfato 412,67 mg<\/li>\n<li>Potasio 1.739,33 mg<\/li>\n<li>Magnesio 299,30 mg<\/li>\n<li>De sodio 39,41 mg<\/li>\n<li>De aluminio 17,39 mg<\/li>\n<li>Bario 6,18 mg<\/li>\n<li>Hierro 136,64 mg<\/li>\n<li>El estroncio 12,02 mg<\/li>\n<li>El boro 6,75 mg<\/li>\n<li>Cobre 1,22 mg<\/li>\n<li>Zinc 2,21 mg<\/li>\n<li>Manganeso 9,15 mg<\/li>\n<li>Cromo 0.12 mg<\/li>\n<\/ul>\n<\/div>\n<div id=\"tab_disclaimer\" class=\"panel entry-content\" role=\"tabpanel\" aria-labelledby=\"tab-disclaimer\">\n<p><strong><span style=\"color: #d83131;\">LA FOTO EN LA DESCRIPCI\u00d3N ES PURAMENTE INDICATIVO<\/span><\/strong><\/p>\n<p><strong><span style=\"color: #d83131;\">LOS PRODUCTOS EST\u00c1N GARANTIZADOS DE KARMARANDO<\/span><\/strong><br \/>\n<strong><span style=\"color: #d83131;\">Para los productos de las PLANTAS, el INCIENSO, Y los polvos PREPARADOS en el MOMENTO EN que no se puede hacer DEVOLUCIONES o REEMBOLSOS<\/span><\/strong><\/p>\n<p>El <strong>los t\u00e9rminos utilizados<\/strong> en las categor\u00edas y los tags no quiero sugerir que el uso medicinal y recreativo de los productos, simplemente ordenar de acuerdo a su uso hist\u00f3rico, cient\u00edfico y social.<\/p>\n<p><strong>Las recetas son proporcionados como un cient\u00edfico<\/strong>no quieren animar a los clientes a repetir, ni a consumir los productos.<\/p>\n<p><strong>Nuestro contenido<\/strong> no han sido evaluadas por la FDA o por cualquier figura de la profesi\u00f3n m\u00e9dica: los posibles aplicaciones, indicaciones, dosificaci\u00f3n y advertencias se describen \u00fanicamente para fines educativos, especulaciones y personal, y no constituye consejo m\u00e9dico.<\/p>\n<p><strong>Los productos se venden<\/strong> como el incienso, Jabones, Resinas y colecci\u00f3n bot\u00e1nica, y el material de la investigaci\u00f3n cient\u00edfica.<\/p>\n<p><span style=\"color: #ed1c24; font-size: 115%;\"><strong>Ellos no est\u00e1n destinados para el consumo humano.<br \/>\nPara poder comprar nuestros productos usted debe ser mayor de 18 a\u00f1os de edad y no son adecuados para las mujeres que est\u00e1n embarazadas y\/o lactancia de las mujeres.<\/strong><\/span><\/p>\n<p>Para obtener m\u00e1s informaci\u00f3n sobre <strong>KARMARANDO<\/strong> visita <a href=\"https:\/\/www.instagram.com\/karmarando1\/\" target=\"_blank\" rel=\"noopener\"><br \/>\n<span style=\"color: #0000ff;\"><strong>esta p\u00e1gina<\/strong><\/span><\/a> o leer las \u00faltimas noticias sobre <a href=\"https:\/\/karmarando.com\/es\/blog\/\" target=\"_blank\" rel=\"nofollow noopener\"><strong><span style=\"color: #0000ff;\">BLOG<\/span><\/strong><\/a><\/p>\n<\/div><\/div><\/div>","protected":false},"excerpt":{"rendered":"<p>Mambe Ypadu Listo Alivio 100% Org\u00e1nico \u2013 El Estilo Colombiano<\/p>","protected":false},"featured_media":4926,"comment_status":"open","ping_status":"closed","template":"","meta":[],"product_brand":[468],"product_cat":[193,185],"product_tag":[473,2399],"class_list":{"0":"post-7155","1":"product","2":"type-product","3":"status-publish","4":"has-post-thumbnail","6":"product_brand-karmarando","7":"product_cat-ambil-e-mambe","8":"product_cat-rapee-e-co","9":"product_tag-mambe","10":"product_tag-mambe-ypadu","11":"pa_brand-karmarando","12":"pa_ean-1303","13":"pa_ingredienti-mambe","14":"pa_paese-di-fabbricazione-colombia","15":"pa_unita-di-misura-100-g","16":"pa_unita-di-misura-1000-g","17":"pa_unita-di-misura-150-g","18":"pa_unita-di-misura-300-g","19":"pa_unita-di-misura-50-g","20":"pa_unita-di-misura-600-g","22":"first","23":"outofstock","24":"sale","25":"featured","26":"shipping-taxable","27":"purchasable","28":"product-type-variable"},"_links":{"self":[{"href":"https:\/\/karmarando.com\/es\/wp-json\/wp\/v2\/product\/7155","targetHints":{"allow":["GET"]}}],"collection":[{"href":"https:\/\/karmarando.com\/es\/wp-json\/wp\/v2\/product"}],"about":[{"href":"https:\/\/karmarando.com\/es\/wp-json\/wp\/v2\/types\/product"}],"replies":[{"embeddable":true,"href":"https:\/\/karmarando.com\/es\/wp-json\/wp\/v2\/comments?post=7155"}],"wp:featuredmedia":[{"embeddable":true,"href":"https:\/\/karmarando.com\/es\/wp-json\/wp\/v2\/media\/4926"}],"wp:attachment":[{"href":"https:\/\/karmarando.com\/es\/wp-json\/wp\/v2\/media?parent=7155"}],"wp:term":[{"taxonomy":"product_brand","embeddable":true,"href":"https:\/\/karmarando.com\/es\/wp-json\/wp\/v2\/product_brand?post=7155"},{"taxonomy":"product_cat","embeddable":true,"href":"https:\/\/karmarando.com\/es\/wp-json\/wp\/v2\/product_cat?post=7155"},{"taxonomy":"product_tag","embeddable":true,"href":"https:\/\/karmarando.com\/es\/wp-json\/wp\/v2\/product_tag?post=7155"}],"curies":[{"name":"wp","href":"https:\/\/api.w.org\/{rel}","templated":true}]}}