{"id":6342,"date":"2022-05-10T14:52:08","date_gmt":"2022-05-10T12:52:08","guid":{"rendered":"https:\/\/www.karmarando.com\/?post_type=product&#038;p=6342"},"modified":"2025-12-04T13:52:24","modified_gmt":"2025-12-04T12:52:24","slug":"kuripe-bambu-totem-mago-folletto","status":"publish","type":"product","link":"https:\/\/karmarando.com\/es\/rapee-e-co\/applicat-rape-e-co\/kuripe-e-tepi\/kuripe\/speciali\/kuripe-bambu-totem-mago-folletto\/","title":{"rendered":"Kuripe de Bamb\u00fa T\u00f3tem Mago Goblin Piedras Amuleto poderoso"},"content":{"rendered":"<div class=\"tabbed-content\">\n\t\t\t\n\t\t\t<ul class=\"nav nav-pills nav-uppercase nav-size-small nav-center\" role=\"tablist\"><li id=\"tab-descrizione\" class=\"tab active has-icon\" role=\"presentation\"><a href=\"#tab_descrizione\" role=\"tab\" aria-selected=\"true\" aria-controls=\"tab_descrizione\"><span>Descripci\u00f3n<\/span><\/a><\/li>\n<li id=\"tab-come-\u00e8-fatto?\" class=\"tab has-icon\" role=\"presentation\"><a href=\"#tab_come-\u00e8-fatto?\" tabindex=\"-1\" role=\"tab\" aria-selected=\"false\" aria-controls=\"tab_come-\u00e8-fatto?\"><span>\u00bfC\u00f3mo est\u00e1 Hecho?<\/span><\/a><\/li>\n<li id=\"tab-dimensioni\" class=\"tab has-icon\" role=\"presentation\"><a href=\"#tab_dimensioni\" tabindex=\"-1\" role=\"tab\" aria-selected=\"false\" aria-controls=\"tab_dimensioni\"><span>Tama\u00f1o<\/span><\/a><\/li>\n<li id=\"tab-cosa-\u00e8-il-kuripe-e-come-si-usa\" class=\"tab has-icon\" role=\"presentation\"><a href=\"#tab_cosa-\u00e8-il-kuripe-e-come-si-usa\" tabindex=\"-1\" role=\"tab\" aria-selected=\"false\" aria-controls=\"tab_cosa-\u00e8-il-kuripe-e-come-si-usa\"><span>\u00bfCu\u00e1l es la Kuripe y c\u00f3mo usarlo<\/span><\/a><\/li>\n<li id=\"tab-come-si-soffia?\" class=\"tab has-icon\" role=\"presentation\"><a href=\"#tab_come-si-soffia?\" tabindex=\"-1\" role=\"tab\" aria-selected=\"false\" aria-controls=\"tab_come-si-soffia?\"><span>Como se golpe?<\/span><\/a><\/li>\n<li id=\"tab-a-cosa-serve-?\" class=\"tab has-icon\" role=\"presentation\"><a href=\"#tab_a-cosa-serve-?\" tabindex=\"-1\" role=\"tab\" aria-selected=\"false\" aria-controls=\"tab_a-cosa-serve-?\"><span>Para Qu\u00e9 Es Esto ?<\/span><\/a><\/li>\n<li id=\"tab-disclaimer\" class=\"tab has-icon\" role=\"presentation\"><a href=\"#tab_disclaimer\" tabindex=\"-1\" role=\"tab\" aria-selected=\"false\" aria-controls=\"tab_disclaimer\"><span>DESCARGO de responsabilidad<\/span><\/a><\/li><\/ul><div class=\"tab-panels\"><div id=\"tab_descrizione\" class=\"panel active entry-content\" role=\"tabpanel\" aria-labelledby=\"tab-descrizione\">\n<h3><strong>Kuripe de Bamb\u00fa T\u00f3tem Mago Goblin Piedras Amuleto poderoso <\/strong><\/h3>\n<h3><strong>Homemade Tepi Tool Shamanic Rap\u00e9 Indigenous Self Applicator<\/strong><\/h3>\n<p><strong>Kuripe Bambu Totem Mago Folletto e pietre potenti <\/strong> Fatto a mano, Auto Applicatore, Sciamanico Kuripe \u00e8 un Self applicatore Rap\u00e9 self-use. Kuripe Con Totem Mago Folletto Amuleto, con pietre varie incassate fra cui cristalli di occhio di tigre, corallo Verde, corniola, cristallo di rocca Kuripe molto potente nel suo colpo che sprigiona, energia molto grande. Il suo design a \u201cV\u201d ti consente di prendere facilmente Rap\u00e9 senza la partecipazione di un\u2019altra persona (a differenza di un Tepi, dove \u00e8 richiesta una seconda persona che vi soffier\u00e0 il rap\u00e8)<\/p>\n<p><strong>Este Kuripe est\u00e1 disponible en 3 tama\u00f1os<\/strong><\/p>\n<ul>\n<li>Para las Caras extremadamente peque\u00f1o S (alrededor de 3.2-3.5 cm entre la nariz y la boca)<\/li>\n<li>Caras normal a M (la mayor\u00eda), 3,7-4,2 cm) entre la nariz y la boca<\/li>\n<li>Las caras de L grande (4,4-4,8 cm entre la nariz y la boca)<\/li>\n<li>Medida: para usted, cuando usted tiene una cara (elegir las palabras apropiadas de la lista, usted ser\u00e1 llamado a estar de acuerdo) ser\u00e1 necesario 24\/48 horas m\u00e1s para producirlo.<\/li>\n<\/ul>\n<\/div>\n<div id=\"tab_come-\u00e8-fatto?\" class=\"panel entry-content\" role=\"tabpanel\" aria-labelledby=\"tab-come-\u00e8-fatto?\"> CARACTER\u00cdSTICAS<\/p>\n<ul>\n<li>Este\u00a0<strong>Kuripe<\/strong> <strong>Mago Folletto <\/strong>es un <strong>Herramienta de poder<\/strong>, come un Talismano, energeticamente potente positivo, fatto di bamb\u00f9 e altre lavorazioni di rifestimento e per l&#8217;energia\u00a0 potente dei cristalli e degli animali associati<\/li>\n<li>Est\u00e1 hecho y Trabajado con Amor, cuidado y respeto, en la forma de los espacios sagrados, de la mano<\/li>\n<li>Pulido y Quemado en todas sus partes, para asegurar el rendimiento, seguridad y facilidad de uso<\/li>\n<li>Rivestito con di resina naturale dando la forma di un mago Totem, Amuleto potente<\/li>\n<li>Rifinito con occhi di Coralo verde, e scaglie di cristallo di giada Verde e quarzo Rosa<\/li>\n<li>Materiales y t\u00e9cnicas <strong>De alta calidad<\/strong><\/li>\n<li>At\u00f3 firmemente con adhesivo y resina, no t\u00f3xico<\/li>\n<li>Se activ\u00f3 y purificada con la madera de la sagrada palo santo<\/li>\n<\/ul>\n<p><strong> Este producto es hecho por los artesanos de Michael y Eleanor muy querido para nosotros, utilizando los mejores materiales y sin la adici\u00f3n de elementos qu\u00edmicos, utilizando los tradicionales instrumentos y procedimientos para el procesamiento, son \u00fanicos en cada pieza , esto no es un objeto industrial, cada pieza es totalmente hecha a mano. <\/strong><\/p>\n<h4><strong>Por esta raz\u00f3n, cada elemento ser\u00e1 diferente y una pieza \u00fanica<\/strong><\/h4>\n<h4><strong>Si usted quiere estar en una fecha de la forma o agregar una pluma,o alguna peculiaridad o incluso su nombre (tal vez por escrito con la runa) pregunte y lo vamos a hacer especialmente para usted, con un peque\u00f1o margen de beneficio, que puede variar de 2 a 5 euros dependiendo de la solicitud<\/strong><\/h4>\n<p><strong>esempio una piuma con relativa cordicella e perline sono solo 3 <\/strong><\/p>\n<h5>Por qu\u00e9 bamb\u00fa?\u00a0<span class=\"\">Debido a que el material es muy ecol\u00f3gico y sostenible, asequible, f\u00e1cil de manejar y se adapta f\u00e1cilmente se convierte en una pipa de rap\u00e9.<\/span><\/h5>\n<h5><span class=\"goog-text-highlight\">Es por lejos el tubo de rap\u00e9 m\u00e1s vendido en el mundo.<\/span><\/h5>\n<\/div>\n<div id=\"tab_dimensioni\" class=\"panel entry-content\" role=\"tabpanel\" aria-labelledby=\"tab-dimensioni\"> <strong>Questo Kuripe \u00e8 fatto in 3 misure (varier\u00e0 solo l&#8217;angolazione in quanto le altre misure rimarranno pressoch\u00e8 invariate) <\/strong><\/p>\n<ul>\n<li>Para las Caras extremadamente peque\u00f1o S (alrededor de 3.2-3.5 cm entre la nariz y la boca)<\/li>\n<li>Caras normal a M (la mayor\u00eda), 3,7-4,2 cm) entre la nariz y la boca<\/li>\n<li>Las caras de L grande (4,4-4,8 cm entre la nariz y la boca)<\/li>\n<li>Medida: para usted, cuando usted tiene una cara (elegir las palabras apropiadas de la lista, usted ser\u00e1 llamado a estar de acuerdo) ser\u00e1 necesario 24\/48 horas m\u00e1s para producirlo.<\/li>\n<\/ul>\n<p>Con el respaldo de un di\u00e1metro lo suficientemente estrecha como para dar rienda suelta a la mayor\u00eda de los preessione<\/p>\n<ul>\n<li>Lunghezza parte Lunga 7,2 cm<\/li>\n<li>Lunghezza parte corta 6,3 cm<\/li>\n<li>Diametro esterno 0,8 cm<\/li>\n<li>Diametro interno 0,6 cm<\/li>\n<li>Le misure si intendono per la parte triangolare escludendo la coda con il pendente<\/li>\n<\/ul>\n<\/div>\n<div id=\"tab_cosa-\u00e8-il-kuripe-e-come-si-usa\" class=\"panel entry-content\" role=\"tabpanel\" aria-labelledby=\"tab-cosa-\u00e8-il-kuripe-e-come-si-usa\"> Si chiama Kuripe l\u2019applicatore da auto-somministrazione del Rap\u00e9.Al contrario del tepi che verr\u00e0 usato con un altro t\u00e8 che si metter\u00e0 di fronte. Il Kuripe ha una forma a V normalmente a 30\u00b0 per essere adatto alla amggioranza, con due estremit\u00e0: una pi\u00f9 corta, dove con la bocca si soffier\u00e0, e una pi\u00f9 lunga, che verr\u00e0 leggermente appoggiata alle narici (senza per\u00f2 farlo entrare dentro) cos\u00ec da non attoppare il passaggio dell&#8217;aria. Partendo sempre dalla narice sinistra, quella connessa al cuore (il femminile l&#8217;intuizione) e poi La Narice destra, quella connessa alla mente (il maschile la razionalit\u00e0) La maschile la Yang \/ Sole, che permette di apprendere e ottenere la forza necessaria per superare i problemi mediante lo sforzo, permette di curare e apprendere ottenendo la forza necessaria per superare le ombre di questa parte che sono: Egoismo, Violenza, Arroganza, Orgoglio La Femminile Lo Ying La Luna D\u00e0 potere alle emozioni nel loro stato puro, liberando gioia profonda, amore puro, compassione e abilit\u00e0 artistiche. Il suo lato ombra da Curare sono l&#8217;attaccamento emozionale, la depressione, bassa autostima, sentimento di colpa e apatia. Il Kuripe Pu\u00f2 essere fatto di canne di bamb\u00f9 o di altri materiali sacri come la jurema o palo santo ed altri, o di ossa o di pietra. Il Kuripe \u00e8 uno strumento che pu\u00f2 essere utilizzato per prendere confidenza autonomamente e in modo responsabile con la Sacra Medicina del Rap\u00e9, imparando a conoscerla, rispettarla e utilizzarla in modo coscienzioso e saggio. Gli indigeni insegnano che \u00e8 sempre bene assumere il Rap\u00e9 in forma rituale e con un intento ben chiaro nella mente. Il Kuripe \u00e8 certamente molto comodo quando non abbiamo la possibilit\u00e0 di farci somministrare il Rap\u00e9 da qualcuno. L\u2019auto-applicatore Kuripe \u00e8 un oggetto di potere, come tale strettamente personale e pu\u00f2 essere utilizzato esclusivamente dal proprietario.Si consilglia (anche se lo abbiamo gi\u00e0 fatto) di utilizzare del palo santo o delle pietre facendo una sbavatura e una purrificazione, per renderlo con iniziazione uno strumento piu personalizato con la vostra energia <\/div>\n<div id=\"tab_come-si-soffia?\" class=\"panel entry-content\" role=\"tabpanel\" aria-labelledby=\"tab-come-si-soffia?\"> Farselo fare con il tepi chiaramente verr\u00e0 meglio, ma si pu\u00f2 apprendere bene di farli anche con il kuripe: <strong>Hay muchas bocanadas, vamos a tratar a la lista de los m\u00e1s importantes y populares<\/strong> <strong>Serpiente:<\/strong> \u00e9l tiene una gran aliento, de la respiraci\u00f3n empezar lentamente y aumentar la fuerza poco a poco hasta llegar pico fuerte, el bloqueo, sin embargo con la lengua contra el aplicador emitiendo un silbido. <strong>La tortuga:<\/strong> Leve respiraci\u00f3n, lenta, constante, y por un largo tiempo, muy lentamente. Para recibir el bono, tiene que sintonizar con la paciencia de la tortuga porque mucha gente est\u00e1 tirando hacia atr\u00e1s antes de que termine.Los efectos de Rap\u00e9 con este aliento, tienen una mayor durabilidad.Ideales para trabajar en la paciencia, Trauma f\u00edsico, y durante y despu\u00e9s de la ua actividad espiritual! <strong>Colibri:<\/strong> aliento de felicidad, de gozo y de amor, y son generalmente cortos. Est\u00e1 hecho con dos respiraciones consecutivas muy corto, dando un tiro en el segundo con su lengua <strong>Dragonfly:<\/strong> un agradable soplo de duraci\u00f3n media, la lengua y moverla a flotar por r\u00e1pidamente contra el aplicador con un sonido psicod\u00e9lico <strong>Raven:<\/strong> define el aliento de valent\u00eda, para penetrar en la oscuridad, en el vac\u00edo, el gran misterio de donde nace todo y era la fuente. la primera y la segunda por el viento de un hombre fuerte de la mano, un soplo puede ser menos fuerte fina llegar al vac\u00edo. <strong>Boa: <\/strong>La respiraci\u00f3n de los Sue\u00f1os, aprendido de un nativo hunikin que me dijo que me lo han aprendido de la &#034;red&#034; antes de la cama. En parte fuerte, y m\u00e1s y m\u00e1s deble fina a desaparecer desvanece como el movimiento de una boya, de maravillosos sue\u00f1os y efectos visionario! <\/div>\n<div id=\"tab_a-cosa-serve-?\" class=\"panel entry-content\" role=\"tabpanel\" aria-labelledby=\"tab-a-cosa-serve-?\"> Il Kuripe serve per il Rap\u00e9 che \u00e8 una medicina amazzonica costituita da una serie di piante medicinali polverizzate molto finemente con l&#8217;uso di un mortaio. All&#8217;interno di tutte le tradizioni indigene, il Rap\u00e9 \u00e8 considerato una Pianta Maestra (la pi\u00f9 antica) ed \u00e8 rappresentato come un nonno che possiede la saggezza della foresta. Il suo uso rituale prevede che non venga mai aspirato, poich\u00e9 questo gesto \u00e8 considerato una mancanza di rispetto allo spirito ancestrale della Pianta Sacra. Quando il Rap\u00e9 \u00e8 usato ritualmente, porta purificazione e centratura, trasforma le energie negative, funge da messaggero. Nel nord del Brasile, i popoli indigeni Huni Kuin-Kaxinawa e Yawanawa usano il Rap\u00e9 come una medicina associata all&#8217;uso teRap\u00e9utico e spirituale. Per queste popolazioni, il Rap\u00e9 \u00e8 una medicina che possiede uno spirito di grande potere, portando guarigione e protezione, allontanando tutti i tipi di mali. Presso i suddetti popoli nativi, il Rap\u00e9 viene utilizzato dal paj\u00e9 della trib\u00f9 (uomo\/donna medicina), in modo da potersi connettere allo Spirito, integrarsi con la Natura, essere in grado di individuare mali che potrebbero attaccare il suo popolo o anche in rituali di guarigione, col proposito di dare protezione spirituale, diagnosticare una malattia e usare il potere dello spirito di questa medicina per curare. Il Rap\u00e9 va soffiato in entrambe le narici tramite un applicatore, spesso costituito da canne di bamb\u00f9 oppure ossa. Esiste sia l\u2019auto-applicatore (kuripe) sia quello mediante il quale si pu\u00f2 somministrare ad altri (tepi). Il Rap\u00e9 \u00e8 soffiato con la pipa prima nella narice sinistra e poi in quella destra, bilanciando cos\u00ec i due emisferi del cervello, il lato femminile intuitivo e quello maschile razionale. In Amazzonia, condividere il Rap\u00e9 \u00e8 un\u2019attivit\u00e0 svolta socialmente e ha radici spirituali. Il Rap\u00e9, infatti, \u00e8 considerato una Medicina Sacra e la sua somministrazione ha il valore di una preghiera che invoca le forze della natura e gli spiriti della foresta, la benedizione delle piante e il loro potere per trarre centratura, forza e cura. L\u2019applicazione del Rap\u00e9 \u00e8 spesso accompagnata da canti sacri che hanno la funzione di chiamare gli spiriti e la forza della stessa medicina. <\/div>\n<div id=\"tab_disclaimer\" class=\"panel entry-content\" role=\"tabpanel\" aria-labelledby=\"tab-disclaimer\"> <strong><span style=\"color: #d83131;\">LA FOTO EN LA DESCRIPCI\u00d3N ES PURAMENTE INDICATIVO<\/span><\/strong>  <strong><span style=\"color: #d83131;\">Para los productos de las PLANTAS, el INCIENSO, Y los polvos PREPARADOS en el MOMENTO EN que no se puede hacer DEVOLUCIONES o REEMBOLSOS<\/span><\/strong> El <strong>los t\u00e9rminos utilizados<\/strong> en las categor\u00edas y los tags no quiero sugerir que el uso medicinal y recreativo de los productos, simplemente ordenar de acuerdo a su uso hist\u00f3rico, cient\u00edfico y social. <strong>Las recetas son proporcionados como un cient\u00edfico<\/strong>no quieren animar a los clientes a repetir, ni a consumir los productos. <strong>Nuestro contenido<\/strong> no han sido evaluadas por la FDA o por cualquier figura de la profesi\u00f3n m\u00e9dica: los posibles aplicaciones, indicaciones, dosificaci\u00f3n y advertencias se describen \u00fanicamente para fines educativos, especulaciones y personal, y no constituye consejo m\u00e9dico. <strong>Los productos se venden<\/strong> como el incienso, Jabones, Resinas y colecci\u00f3n bot\u00e1nica, y el material de la investigaci\u00f3n cient\u00edfica. <span style=\"color: #ed1c24; font-size: 115%;\"><strong>Ellos no est\u00e1n destinados para el consumo humano. Para poder comprar nuestros productos usted debe ser mayor de 18 a\u00f1os de edad y no son adecuados para las mujeres que est\u00e1n embarazadas y\/o lactancia de las mujeres.<\/strong><\/span> Para obtener m\u00e1s informaci\u00f3n sobre <strong>KARMARANDO<\/strong> visita <a href=\"https:\/\/www.instagram.com\/karmarando1\/\" target=\"_blank\" rel=\"noopener\"> <span style=\"color: #0000ff;\"><strong>esta p\u00e1gina<\/strong><\/span><\/a> o leer las \u00faltimas noticias sobre <a href=\"https:\/\/karmarando.com\/es\/blog\/\" target=\"_blank\" rel=\"nofollow noopener\"><strong><span style=\"color: #0000ff;\">BLOG<\/span><\/strong><\/a> <\/div><\/div><\/div>","protected":false},"excerpt":{"rendered":"<p>Kuripe de Bamb\u00fa T\u00f3tem Mago Goblin Piedras Amuleto poderoso<\/p>","protected":false},"featured_media":6360,"comment_status":"open","ping_status":"closed","template":"","meta":[],"product_brand":[468],"product_cat":[195,569,196,185,1188],"product_tag":[1289],"class_list":{"0":"post-6342","1":"product","2":"type-product","3":"status-publish","4":"has-post-thumbnail","6":"product_brand-karmarando","7":"product_cat-applicat-rape-e-co","8":"product_cat-kuripe","9":"product_cat-kuripe-e-tepi","10":"product_cat-rapee-e-co","11":"product_cat-speciali","12":"product_tag-kuripe-bambu-totem-mago-folletto","13":"pa_brand-karmarando","14":"pa_ean-1288","15":"pa_materiale-bamboo","16":"pa_paese-di-fabbricazione-italia","17":"pa_taglia-l-per-visi-grandi","18":"pa_taglia-m-per-visi-normali","19":"pa_taglia-s-per-visi-molto-piccoli","20":"pa_taglia-su-misura-saranno-necessari-24-48-ore-in-piu-per-produrlo","22":"first","23":"instock","24":"shipping-taxable","25":"purchasable","26":"product-type-variable"},"_links":{"self":[{"href":"https:\/\/karmarando.com\/es\/wp-json\/wp\/v2\/product\/6342","targetHints":{"allow":["GET"]}}],"collection":[{"href":"https:\/\/karmarando.com\/es\/wp-json\/wp\/v2\/product"}],"about":[{"href":"https:\/\/karmarando.com\/es\/wp-json\/wp\/v2\/types\/product"}],"replies":[{"embeddable":true,"href":"https:\/\/karmarando.com\/es\/wp-json\/wp\/v2\/comments?post=6342"}],"wp:featuredmedia":[{"embeddable":true,"href":"https:\/\/karmarando.com\/es\/wp-json\/wp\/v2\/media\/6360"}],"wp:attachment":[{"href":"https:\/\/karmarando.com\/es\/wp-json\/wp\/v2\/media?parent=6342"}],"wp:term":[{"taxonomy":"product_brand","embeddable":true,"href":"https:\/\/karmarando.com\/es\/wp-json\/wp\/v2\/product_brand?post=6342"},{"taxonomy":"product_cat","embeddable":true,"href":"https:\/\/karmarando.com\/es\/wp-json\/wp\/v2\/product_cat?post=6342"},{"taxonomy":"product_tag","embeddable":true,"href":"https:\/\/karmarando.com\/es\/wp-json\/wp\/v2\/product_tag?post=6342"}],"curies":[{"name":"wp","href":"https:\/\/api.w.org\/{rel}","templated":true}]}}