{"id":5440,"date":"2022-04-19T01:33:01","date_gmt":"2022-04-18T23:33:01","guid":{"rendered":"https:\/\/www.karmarando.com\/?post_type=product&#038;p=5440"},"modified":"2026-04-05T02:58:35","modified_gmt":"2026-04-05T00:58:35","slug":"rape-angico-vermelho","status":"publish","type":"product","link":"https:\/\/karmarando.com\/es\/cat-rape\/rape-brasiliano\/rape-tradizionale\/rape-angico-vermelho\/","title":{"rendered":"Rap\u00e9 Angico Vermelho \u2013 la Libre expresi\u00f3n y los bloqueos emocionales"},"content":{"rendered":"<div class=\"tabbed-content\">\n\t\t\t\n\t\t\t<ul class=\"nav nav-pills nav-uppercase nav-size-small nav-center\" role=\"tablist\"><li id=\"tab-descrizione\" class=\"tab active has-icon\" role=\"presentation\"><a href=\"#tab_descrizione\" role=\"tab\" aria-selected=\"true\" aria-controls=\"tab_descrizione\"><span>Descripci\u00f3n<\/span><\/a><\/li>\n<li id=\"tab-composizione\" class=\"tab has-icon\" role=\"presentation\"><a href=\"#tab_composizione\" tabindex=\"-1\" role=\"tab\" aria-selected=\"false\" aria-controls=\"tab_composizione\"><span>Composici\u00f3n<\/span><\/a><\/li>\n<li id=\"tab-propriet\u00e0\" class=\"tab has-icon\" role=\"presentation\"><a href=\"#tab_propriet\u00e0\" tabindex=\"-1\" role=\"tab\" aria-selected=\"false\" aria-controls=\"tab_propriet\u00e0\"><span>La propiedad<\/span><\/a><\/li>\n<li id=\"tab-come-si-f\u00e0-?\" class=\"tab has-icon\" role=\"presentation\"><a href=\"#tab_come-si-f\u00e0-?\" tabindex=\"-1\" role=\"tab\" aria-selected=\"false\" aria-controls=\"tab_come-si-f\u00e0-?\"><span>Como se pone ?<\/span><\/a><\/li>\n<li id=\"tab-dosaggio\" class=\"tab has-icon\" role=\"presentation\"><a href=\"#tab_dosaggio\" tabindex=\"-1\" role=\"tab\" aria-selected=\"false\" aria-controls=\"tab_dosaggio\"><span>La dosis<\/span><\/a><\/li>\n<li id=\"tab-come-viene-fatto-il-rap\u00e9\" class=\"tab has-icon\" role=\"presentation\"><a href=\"#tab_come-viene-fatto-il-rap\u00e9\" tabindex=\"-1\" role=\"tab\" aria-selected=\"false\" aria-controls=\"tab_come-viene-fatto-il-rap\u00e9\"><span>C\u00f3mo Es El Rap\u00e9 ?<\/span><\/a><\/li>\n<li id=\"tab-cos'\u00e8-il-rap\u00e9\" class=\"tab has-icon\" role=\"presentation\"><a href=\"#tab_cos'\u00e8-il-rap\u00e9\" tabindex=\"-1\" role=\"tab\" aria-selected=\"false\" aria-controls=\"tab_cos'\u00e8-il-rap\u00e9\"><span>Qu\u00e9 es Rap\u00e9 ?<\/span><\/a><\/li>\n<li id=\"tab-storia\" class=\"tab has-icon\" role=\"presentation\"><a href=\"#tab_storia\" tabindex=\"-1\" role=\"tab\" aria-selected=\"false\" aria-controls=\"tab_storia\"><span>La historia<\/span><\/a><\/li>\n<li id=\"tab-disclaimer\" class=\"tab has-icon\" role=\"presentation\"><a href=\"#tab_disclaimer\" tabindex=\"-1\" role=\"tab\" aria-selected=\"false\" aria-controls=\"tab_disclaimer\"><span>DESCARGO de responsabilidad<\/span><\/a><\/li><\/ul><div class=\"tab-panels\"><div id=\"tab_descrizione\" class=\"panel active entry-content\" role=\"tabpanel\" aria-labelledby=\"tab-descrizione\">\n<h3><strong>Rap\u00e9 Angico Vermelho<\/strong><\/h3>\n<p><strong>L&#8217;Angico vermelho<\/strong> \u00e8 una pianta della <i>Fabaceae <\/i>. Identificato come un albero di legno bruno-rossastro, Angico Vermelho ha molte propriet\u00e0 salutari.<\/p>\n<p>Si trova comunemente nella caatinga o nelle aree da San Paolo a Par\u00e1. Generalmente le parti pi\u00f9 utilizzate in medicina naturale sono la corteccia e la gomma<\/p>\n<p>E&#8217; una medicina indigena che tratta tutti i nostri corpi: fisico, spirituale, mentale ed emotivo. I grandi mali della societ\u00e0 odierna sono dovuti alla cura scorretta delle malattie, concentrandosi solo su quelle fisiche, dimenticando che tutto \u00e8 psicosomatico e inizia nel lato spirituale. Rap\u00e9 Angico Vermelho<br \/>\nAbbiamo bisogno di qualcosa che tratta alla radice deel problema, e che sia fatto dalle medicine della foresta.<\/p>\n<p><b>Nome scientifico <\/b>: Anadenanthera macrocarpa<\/p>\n<p><b>Nome popolare <\/b>: Paric\u00e1, Angico de Casca, Arapiraca, Curupa\u00ed, Angico do Campo, e molt altri<\/p>\n<p><b>Chakra <\/b>: Cardiaci, Ombelicali e Sessuali.<\/p>\n<p><strong>Intesit\u00e0 Rap\u00e9 Angico Vermelho:<\/strong> Molto Forte<\/p>\n<p><strong>Benefici e Trattamento Rap\u00e9 Angico Vermelho<\/strong>: E&#8217; molto conosciuto ed usato per trattare problemi ginecologici femminili, come crampi mestruali (dismenorrea) e sanguinamento, in quanto emostatico; \u00c8 indicato anche nel trattamento di reumatismi, contusioni e ferite, poich\u00e9 rinforza le ossa. Tratta i disturbi broncopolmonari e libera le vie aeree, come tosse, asma e bronchite, facilitando l&#8217;espettorazione.<br \/>\n<\/div>\n<div id=\"tab_composizione\" class=\"panel entry-content\" role=\"tabpanel\" aria-labelledby=\"tab-composizione\">\n<p><strong>Ingredientes principales : r\u00edo Mapacho,de Cenizas, de Hierbas<\/strong><\/p>\n<h4>Polvo Poderoso, Que se Libera en El Cerebro De las Cargas Y de los Bloques, del miedo y de la verg\u00fcenza, la distribuci\u00f3n de la energ\u00eda, la presencia, concentraci\u00f3n y centralizaci\u00f3n, expandir la conciencia y abrir el coraz\u00f3n, trayendo conocimientos profundos sobre cosas que hacer, que atrae la abundancia y la felicidad y la plenitud..Rap\u00e9<\/h4>\n<p><b>Todos nuestros Rap\u00e9<\/b> est\u00e1n hechas con las cenizas de la corteza del tronco del \u00e1rbol, de las que toman su nombre de la rap\u00e8 o hierbas secas en polvo, y la org\u00e1nica. Todas las recetas est\u00e1n hechas con mucho amor, respeto y fe<\/p>\n<\/div>\n<div id=\"tab_propriet\u00e0\" class=\"panel entry-content\" role=\"tabpanel\" aria-labelledby=\"tab-propriet\u00e0\">\n<p><strong>Especificaciones De Rap\u00e9<\/strong><\/p>\n<p><b>Beneficios y Tratamiento: <\/b>Purificador<\/p>\n<h3><b>Ellos propiedad B\u00e1sica que todos Nuestros Rap\u00e9<\/b><\/h3>\n<ul>\n<li>Ayuda a despejar la mente y detener el di\u00e1logo interno<\/li>\n<li>Ayuda a eliminar la flema, y los par\u00e1sitos de la parte frontal de los senos para nasales y<\/li>\n<li>Aplicado sobre las heridas ha curaci\u00f3n de la herida, y antibi\u00f3tico<\/li>\n<li>El asma<\/li>\n<li>Bronconeumon\u00eda<\/li>\n<li>La calma<\/li>\n<li>Centrado<\/li>\n<li>Le permite estar presente para ser capaz de mirar m\u00e1s all\u00e1 de sus propias interpretaciones<\/li>\n<li>Descomprime la presi\u00f3n del cr\u00e1neo<\/li>\n<li>Limpia, ordena y alinea los campos de la energ\u00eda, especialmente los chakras del tercer ojo \/ de la cabeza: arriba y abajo de esos trav\u00e9s de la columna vertebral<\/li>\n<li>Tambi\u00e9n es un potente analg\u00e9sico para el dolor en la cabeza y el cuerpo<\/li>\n<li>Es muy eficaz en el tratamiento de problemas del sistema respiratorio y el digestivo<\/li>\n<li>Es muy potente, incluso en los tratamientos del sistema digestivo<\/li>\n<li>Es calmante y antipir\u00e9tico<\/li>\n<li>Es un Remedio para la visibilidad del esp\u00edritu<\/li>\n<li>Quitar el exceso de flema acumulada<\/li>\n<li>Elimina los dolores de cabeza, somnolencia y mareos<\/li>\n<li>La atenci\u00f3n de energ\u00eda directamente miedos, ansiedades, y otros relacionados con la energ\u00eda en el plexo solar: si se provoca el v\u00f3mito, es porque la persona es la eliminaci\u00f3n de la alta densidad de energ\u00eda acumulada.<\/li>\n<li>La Evoluci\u00f3n Espiritual<\/li>\n<li>Promueve el movimiento perist\u00e1ltico de la intestinal<\/li>\n<li>Muchas personas toman el cuidado de sus sinusitis y rinitis con esto, haci\u00e9ndolos inmunes enfermedades del sistema respiratorio<\/li>\n<li>La paz<\/li>\n<li>Esto permite comprender lo que es la meditaci\u00f3n en un nivel consciente<\/li>\n<li>Permite llegar a un estado de meditaci\u00f3n muy profunda<\/li>\n<li>Limpia toda la suciedad y la mugre de a\u00f1os, que es la causa de problemas como la sinusitis y la migra\u00f1a<\/li>\n<li>La Limpieza De Los Chakras<\/li>\n<li>El enraizamiento<\/li>\n<li>La relajaci\u00f3n<\/li>\n<li>Oportunidades En Energ\u00eda<\/li>\n<\/ul>\n<p>La medicina de alimentaci\u00f3n que se conecta a la energ\u00eda de Youshibu (Dios de la Creaci\u00f3n).<\/p>\n<p>Funciona tanto en la curaci\u00f3n espiritual y f\u00edsica.<\/p>\n<p>S\u00f3lo debe ser utilizada para estos fines, de manera apropiada, en una zona tranquila, ambiente tranquilo y preparado.<\/p>\n<\/div>\n<div id=\"tab_come-si-f\u00e0-?\" class=\"panel entry-content\" role=\"tabpanel\" aria-labelledby=\"tab-come-si-f\u00e0-?\">\n<h3><b>C\u00f3mo Aplicar Rap\u00e9 ?<\/b><\/h3>\n<p>Con<a href=\"https:\/\/karmarando.com\/es\/kuripe\/\" target=\"_blank\" rel=\"noopener\"><strong> Kuripe<\/strong><\/a> que es un tenedor V para hacerlo por ti mismo o con<a href=\"https:\/\/karmarando.com\/es\/tepi\/\" target=\"_blank\" rel=\"noopener\"><strong> Tepi<\/strong> <\/a>a tener que hacer por alguien que permaneciendo neutral, nos puede dar m\u00e1s beneficios en la recepci\u00f3n.<\/p>\n<p>Es muy importante que la persona est\u00e1 preparada para recibir el esp\u00edritu de la selva a trav\u00e9s de la Rap\u00e9.<\/p>\n<p>Usted necesita tener un cuerpo que est\u00e1 limpio, en un entorno propicio y, especialmente, con el prop\u00f3sito de consagrar esta medicina sagrada.<\/p>\n<p><strong>Aplicar el Rap\u00e8<\/strong>se puede estar Solo, con un compa\u00f1ero:<\/p>\n<p>Por el s\u00f3lo uso de la Kuripe, con un socio, el Uso de La Tepi, en este caso, que se aplicar\u00e1 con el Tepi, es necesario haber adquirido un cierto nivel de preparaci\u00f3n, mantenerse neutral y centrado, sin proyectar sus estados de \u00e1nimo.<\/p>\n<p>A continuaci\u00f3n, debe seguir posteando y simplemente proyectando un mont\u00f3n de amor. En cualquier caso, es necesaria la concentraci\u00f3n, una saludable a un prop\u00f3sito, una intenci\u00f3n, con la confianza y la fe, y una t\u00e9cnica de soplado.<\/p>\n<p>S\u00f3lo de esta manera, la medicina va a tener el mayor beneficio.<\/p>\n<p><b>El Rap\u00e9 debe ser aplicado en ambas fosas nasales. Cada cavidad nasal es una corriente de energ\u00eda en el cuerpo:<\/b><b>Mejor hacer siempre el primero a trav\u00e9s de la fosa nasal izquierda<\/b><b>El lado izquierdo:<\/b> El canal de la Luna (receptor \u2013 yin).<\/p>\n<p>Da el poder de las emociones en su estado puro, liberando profunda alegr\u00eda, el amor puro, la compasi\u00f3n y habilidades art\u00edsticas.<\/p>\n<p>Es el lado femenino. Los problemas t\u00edpicos son el apego emocional, la depresi\u00f3n, la baja autoestima, sentimientos de culpa y la apat\u00eda.<\/p>\n<p><b>El lado derecho:<\/b> El canal de el Sol (el emisor \u2013 yang). Da el poder de la mente racional: le permite aprender y adquirir la fuerza necesaria para superar los problemas por el esfuerzo. Este es el lado masculino. Los problemas t\u00edpicos son el comportamiento ego\u00edsta o violentos, la arrogancia y el orgullo.Que s\u00f3lo recibe un lado entra en un proceso que es todav\u00eda m\u00e1s fuerte de lo normal; esto es debido a que no han abandonado correctamente y se ha negado la Medicina, que es tambi\u00e9n negarse a s\u00ed mismos, y el esp\u00edritu de la Rap\u00e9.<\/p>\n<p><b>Los tipos de soplos : <\/b>Hay muchos, de la gl\u00e1ndula pineal ( puff seco y decidido, pero por un largo tiempo) o m\u00e1s de largo, persistente.. (se va a buscar los art\u00edculos en el blog, utilice la b\u00fasqueda)<\/p>\n<p><b>Es importante apuntar a beber 2 vasos de agua antes y agua durante aproximadamente despu\u00e9s de 7 minutos de la aplicaci\u00f3n, as\u00ed como para llegar al v\u00f3mito<\/b><\/p>\n<\/div>\n<div id=\"tab_dosaggio\" class=\"panel entry-content\" role=\"tabpanel\" aria-labelledby=\"tab-dosaggio\">\n<p><strong>La cantidad Correcta<\/strong> empezar con un poco de cual debe ser tan grande como del tama\u00f1o de un guisante, pero tienden a aumentar, alcanzando el tama\u00f1o de una avellana sin c\u00e1scara, pero no para excluir a los veteranos que es m\u00e1s. Esto es de acuerdo a las diferencias entre el propio peso del cuerpo, la tolerancia, el metabolismo y la sensibilidad personal.<\/p>\n<ul>\n<li>Es importante escuchar a los Icaros con los auriculares, para alcanzar el estado de meditaci\u00f3n, sin pensamiento y la curaci\u00f3n.<\/li>\n<li>La persona que asume Rap\u00e9 por primera vez, deben ser conscientes de lo que es y lo que est\u00e1 haciendo, tomarlo con respeto y responsabilidad, que es un santo de la medicina es muy potente, y la necesidad de respetar<\/li>\n<\/ul>\n<p><strong>Psicol\u00f3gicamente el cuidado de los miedos.<\/strong><\/p>\n<p>Una aplicaci\u00f3n puede llevar al sujeto a prueba su propia sombra, y tener acceso a sus fobias m\u00e1s oscuro, por lo que puede ser visto y resuelto. Un sinn\u00famero de experiencias que demuestran su eficacia en el tratamiento de las depresiones, miedos, obsesivos, insomnio y ansiedad.<\/p>\n<p>Muchas personas han abandonado el h\u00e1bito de fumar despu\u00e9s de comenzar a utilizar el Rap\u00e9.<\/p>\n<\/div>\n<div id=\"tab_come-viene-fatto-il-rap\u00e9\" class=\"panel entry-content\" role=\"tabpanel\" aria-labelledby=\"tab-come-viene-fatto-il-rap\u00e9\">\n<ul>\n<li>Nuestro <strong>Rap\u00e9<\/strong> se producen usando una combinaci\u00f3n de tierra y las cenizas de los \u00e1rboles sagrados con propiedades medicinales.<\/li>\n<li>Nuestro Rap\u00e9 100% naturales y est\u00e1n libres de pesticidas y productos qu\u00edmicos .<\/li>\n<li>Las propiedades medicinales son \u00fatiles para el tratamiento de los trastornos f\u00edsicos y mentales<\/li>\n<li>Nuestro rap\u00e9 est\u00e1n hechos con mucho respeto, dedicaci\u00f3n, amor y fe.<\/li>\n<\/ul>\n<p><strong>Ir a trav\u00e9s de un proceso de<\/strong> tamizado para convertirse en extra terminan en la punta de la p\u00f3lvora, lo que es m\u00e1s f\u00e1cil obtener el Rap\u00e9 la difusi\u00f3n y expansi\u00f3n de la manera m\u00e1s eficiente.<\/p>\n<p>Despu\u00e9s de este proceso, se energiza con piedras y cristales y una pir\u00e1mide, adem\u00e1s de un per\u00edodo de debajo de las luces (el color de la terapia).Su parte de la conexi\u00f3n espiritual es bastante intensa, debido a que el Rap\u00e9, pasando por nuestras oraciones al sagrado (intenci\u00f3n) para varios d\u00edas a la vez, crear con el objetivo de identificarse con el esp\u00edritu de la planta, y por la escucha de las necesidades del cuerpo, lo que desencadena el proceso de curaci\u00f3n y el centrado de la constante.<\/p>\n<p>Nuestro rap\u00e9 ayuda a aumentar la fuerza de la centralizaci\u00f3n y la corriente el\u00e9ctrica magn\u00e9tica pertenecientes al complejo sistema de kundalini\/ADN y purificaci\u00f3n espiritual.<\/p>\n<\/div>\n<div id=\"tab_cos'\u00e8-il-rap\u00e9\" class=\"panel entry-content\" role=\"tabpanel\" aria-labelledby=\"tab-cos'\u00e8-il-rap\u00e9\">\n<p>Es una herramienta de la medicina sagrada fuente, el astral y el ancestral, vigilado con amor y transmitido por nuestros antepasados, nuestros abuelos de la selva han utilizado y se han beneficiado de esta herramienta, la medicina desde el principio de los tiempos, y hoy llegamos a la memoria de la original y renovado por este maravilloso regalo.<\/p>\n<p>El <strong>Rap\u00e9<\/strong>puede ser preparado con uno o m\u00e1s medicamentos a base de hierbas y tambi\u00e9n minerales, mientras que la presencia de ayuda para hacer el pedido, integrar y equilibrar nuestra energ\u00eda y para limpiar la gl\u00e1ndula pineal, para dirigir con un prop\u00f3sito espec\u00edfico.<\/p>\n<p>Al mismo tiempo, la<strong> Rap\u00e9<\/strong> se abre la puerta para que el esp\u00edritu y el universo, ayudando a despertar la pureza que hay en nosotros.<\/p>\n<p>EL <strong>Rap\u00e9<\/strong> es la medicina en el aire. En un tiro de recibir la bendici\u00f3n de la Respiraci\u00f3n del Viento, fuente universal de energ\u00eda, que claro que nuestra percepci\u00f3n, que despeja la mente y abre los canales de energ\u00eda superior, para conectar con la parte m\u00e1s elevada de nuestro ser.<\/p>\n<p>Rap\u00e9 es tambi\u00e9n un medicamento para la visi\u00f3n del esp\u00edritu, que nos ayuda a liberar la mente y para detener el di\u00e1logo interno, para ser verdaderamente presente para ser capaz de ver m\u00e1s all\u00e1 de nuestras propias interpretaciones.<\/p>\n<\/div>\n<div id=\"tab_storia\" class=\"panel entry-content\" role=\"tabpanel\" aria-labelledby=\"tab-storia\">\n<p><b>La historia de la gente<\/b> <b>Yawanaw\u00e1, el productor de otros rap\u00e8 adem\u00e1s de la Tsunu<\/b><b><i>Desde tiempos inmemoriales<\/i><\/b><i>los Yawanaw\u00e1 acuerdo con la fuente del r\u00edo Greg\u00f3rio, un afluente del r\u00edo Juru\u00e1, en el municipio de Tarauac\u00e1, en el estado de Acre, en la Amazon\u00eda occidental. Provienen de la rama de la ling\u00fc\u00edstica Pano.<\/i><\/p>\n<p><b><i>Su poblaci\u00f3n hoy en d\u00eda<\/i><\/b><i> es alrededor de 1000 personas que viven en los siete pueblos. Eran muy numerosos en el pasado. Sin embargo, muchos fueron diezmados por los impactos tra\u00eddo por la colonizaci\u00f3n.<\/i><\/p>\n<p><b>Desde 1984<\/b>, <i>despu\u00e9s de a\u00f1os de esclavitud, y de muchas batallas, se recuper\u00f3 parte de sus territorios, y la demarcaci\u00f3n de la tierra, con el apoyo de la Fundaci\u00f3n Nacional del Indio \u2013 FUNAI. Fue desde all\u00ed que recuper\u00f3 los derechos de las Personas, hacer a un lado a los misioneros de sus tierras, y al comenzar el renacimiento de su cultura, su idioma, que se conserva en la memoria de sus familiares de edad avanzada.<\/i><\/p>\n<p><b><i>En contraste con la prohibici\u00f3n anterior, las mujeres que hoy en d\u00eda esperan que el honor y la tarea de preparar este excelente rap\u00e8<\/i><\/b><b><i>Los Yawanaw\u00e1<\/i><\/b><i> ( yawa \/pecar\u00eds de la blanca y labios; Nawa \/la gente), son un grupo que pertenece a la familia ling\u00fc\u00edstica Pano, que hoy ocupa la tierra Ind\u00edgena en el r\u00edo st. gregorio El nombre de &#039;los Yawanaw\u00e1&#039; aparece en las fuentes hist\u00f3ricas escritas en diversas formas: Yawavo o Yauavo, Jawanaua, Yawanaua o Iawanawa. <\/i><\/p>\n<p><i>El formulario de &#039;los Yawanaw\u00e1 se utiliza aqu\u00ed sigue la ortograf\u00eda utilizada en los libros de texto escolares y en otros documentos de la paternidad ind\u00edgenas.<\/i><\/p>\n<p><b>La comunidad Yawanaw\u00e1 <\/b>en realidad, es un conjunto de personas, que incluye a miembros de otros grupos: Shaw\u00e3dawa (Arara) , Iskunawa (conocido hoy como el Shan\u00eanawa, que vive en un pueblo cerca de la ciudad de Feij\u00f3), Rununawa, Sainawa (generalmente conocido como el Yaminaw\u00e1 , que viven en la regi\u00f3n del r\u00edo de Bag\u00e9), y Katukina<\/p>\n<p><b>Esta configuraci\u00f3n es el resultado de una din\u00e1mica sociol\u00f3gica com\u00fan a muchos grupos Pano<\/b><\/p>\n<p>Alianzas a trav\u00e9s del matrimonio, la captura de las mujeres durante la guerra, la migraci\u00f3n de las familias, y una serie de contingencias hist\u00f3ricas, en particular, los cambios provocados por la llegada de los no - Indios, incluyendo las epidemias, y las alteraciones en los demogr\u00e1ficos.<\/p>\n<p>Estos procesos condujeron a la incorporaci\u00f3n de personas a otras personas en el pasado han mantenido relaciones con los Yawanaw\u00e1.<\/p>\n<p>Entre los Yaminawa de los ind\u00edgenas de la tierra de la fuente del r\u00edo Acre, hay un subgrupo que tambi\u00e9n lleva el nombre de Yawanaw\u00e1. Sin embargo, los Yawanaw\u00e1 en el r\u00edo Greg\u00f3rio no son conscientes de este otro grupo del mismo nombre.<\/p>\n<\/div>\n<div id=\"tab_disclaimer\" class=\"panel entry-content\" role=\"tabpanel\" aria-labelledby=\"tab-disclaimer\">\n<p><strong><span style=\"color: #d83131;\">LA FOTO EN LA DESCRIPCI\u00d3N ES PURAMENTE INDICATIVO<\/span><\/strong><\/p>\n<p><strong><span style=\"color: #d83131;\">LOS PRODUCTOS EST\u00c1N GARANTIZADOS DE KARMARANDO<\/span><\/strong><br \/>\n<strong><span style=\"color: #d83131;\">Para los productos de las PLANTAS, el INCIENSO, Y los polvos PREPARADOS en el MOMENTO EN que no se puede hacer DEVOLUCIONES o REEMBOLSOS<\/span><\/strong><\/p>\n<p>El <strong>los t\u00e9rminos utilizados<\/strong> en las categor\u00edas y los tags no quiero sugerir que el uso medicinal y recreativo de los productos, simplemente ordenar de acuerdo a su uso hist\u00f3rico, cient\u00edfico y social.<\/p>\n<p><strong>Las recetas son proporcionados como un cient\u00edfico<\/strong>no quieren animar a los clientes a repetir, ni a consumir los productos.<\/p>\n<p><strong>Nuestro contenido<\/strong> no han sido evaluadas por la FDA o por cualquier figura de la profesi\u00f3n m\u00e9dica: los posibles aplicaciones, indicaciones, dosificaci\u00f3n y advertencias se describen \u00fanicamente para fines educativos, especulaciones y personal, y no constituye consejo m\u00e9dico.<\/p>\n<p><strong>Los productos se venden<\/strong> como el incienso, Jabones, Resinas y colecci\u00f3n bot\u00e1nica, y el material de la investigaci\u00f3n cient\u00edfica.<\/p>\n<p><span style=\"color: #ed1c24; font-size: 115%;\"><strong>Ellos no est\u00e1n destinados para el consumo humano.<br \/>\nPara poder comprar nuestros productos usted debe ser mayor de 18 a\u00f1os de edad y no son adecuados para las mujeres que est\u00e1n embarazadas y\/o lactancia de las mujeres.<\/strong><\/span><\/p>\n<p>Para obtener m\u00e1s informaci\u00f3n sobre <strong>KARMARANDO<\/strong> visita <a href=\"https:\/\/www.instagram.com\/karmarando1\/\" target=\"_blank\" rel=\"noopener\"><br \/>\n<span style=\"color: #0000ff;\"><strong>esta p\u00e1gina<\/strong><\/span><\/a> o leer las \u00faltimas noticias sobre <a href=\"https:\/\/karmarando.com\/es\/blog\/\" target=\"_blank\" rel=\"nofollow noopener\"><strong><span style=\"color: #0000ff;\">BLOG<\/span><\/strong><\/a><\/p>\n<\/div><\/div><\/div>","protected":false},"excerpt":{"rendered":"<p>Rap\u00e9 Angico Vermelho \u2013 la Libre expresi\u00f3n y los bloqueos emocionales<\/p>","protected":false},"featured_media":5455,"comment_status":"open","ping_status":"closed","template":"","meta":[],"product_brand":[468],"product_cat":[186,187,185,1121],"product_tag":[1015],"class_list":{"0":"post-5440","1":"product","2":"type-product","3":"status-publish","4":"has-post-thumbnail","6":"product_brand-karmarando","7":"product_cat-cat-rape","8":"product_cat-rape-brasiliano","9":"product_cat-rapee-e-co","10":"product_cat-rape-tradizionale","11":"product_tag-rape-angico-vermelho","12":"pa_brand-karmarando","13":"pa_ean-1220","14":"pa_fragranza-ceneri","15":"pa_fragranza-erbe","16":"pa_fragranza-mapacho","17":"pa_ingredienti-ceneri","18":"pa_ingredienti-erbe","19":"pa_ingredienti-mapacho","20":"pa_momento-di-assunzione-mattina-a-digiuno","21":"pa_momento-di-assunzione-sera-lontano-dai-pasti","22":"pa_paese-di-fabbricazione-brasile","23":"pa_principi-attivi-geissospermina","24":"pa_principi-attivi-harman","25":"pa_principi-attivi-norharman","26":"pa_somministrazione-nasale","27":"pa_tipo-polvere","28":"pa_unita-di-misura-10-g","29":"pa_unita-di-misura-20-g","30":"pa_unita-di-misura-50-g","31":"pa_uso-principale-aiuta-a-liberare-la-mente-e-interrompere-il-dialogo-interiore","32":"pa_uso-principale-aiuta-ad-eliminare-il-catarro-e-i-parassiti-dei-seni-frontali-paranasali-e-nasali","33":"pa_uso-principale-e-anche-un-potente-analgesico-per-dolori-alla-testa-e-al-corpo","34":"pa_uso-principale-asma","35":"pa_uso-principale-blocchi-energetici","36":"pa_uso-principale-broncopolmonite","37":"pa_uso-principale-calma","38":"pa_uso-principale-centratura","39":"pa_uso-principale-consente-di-essere-presente-per-riuscire-a-guardare-oltre-le-proprie-interpretazioni","40":"pa_uso-principale-energeticamente-cura-in-modo-diretto-paure-ansie-e-altre-energie-connesse-al-plesso-solare-se-causa-vomito-e-perche-la-persona-sta-eliminando-le-energie-dense-accumulate","41":"pa_uso-principale-decomprime-la-pressione-del-cranio","42":"pa_uso-principale-depura-ordina-e-allinea-i-campi-energetici-specialmente-i-chakra-del-terzo-occhio-e-della-testa-sale-e-scende-da-quelli-attraverso-la-colonna-vertebrale","43":"pa_uso-principale-elimina-leccesso-di-flemma-accumulato","44":"pa_uso-principale-elimina-mal-di-testa-sonnolenza-e-stordimento","45":"pa_uso-principale-evoluzione-spirituale","46":"pa_uso-principale-favorisce-il-movimento-peristaltico-intestinale","47":"pa_uso-principale-applicato-sulle-ferite-ha-funzioni-cicatrizzanti-e-antibiotiche","48":"pa_uso-principale-pace","49":"pa_uso-principale-permette-di-capire-che-cose-la-meditazione-a-livello-cosciente","50":"pa_uso-principale-permette-di-raggiungere-uno-stato-di-meditazione-molto-profondo","51":"pa_uso-principale-e-molto-efficace-anche-nel-trattamento-di-problemi-al-sistema-respiratorio-e-digestivo","52":"pa_uso-principale-procastinaggio","53":"pa_uso-principale-procastinamenrto","54":"pa_uso-principale-pulisce-tutta-la-sporcizia-accumulata-da-anni-che-e-causa-di-problemi-come-sinusite-ed-emicrania","55":"pa_uso-principale-pulizia-chakra","56":"pa_uso-principale-radicamento","57":"pa_uso-principale-rilassamento","58":"pa_uso-principale-e-rilassante-e-antipiretico","59":"pa_uso-principale-sbocchi-energetici","60":"pa_uso-principale-molte-persone-curano-la-loro-sinusiti-e-rinite-con-questa-rende-immuni-anche-dalle-malattie-dellapparato-respiratorio","61":"pa_uso-principale-toglie-i-parassiti-e-pulisce-gli-intestini","62":"pa_uso-principale-unione-del-tutto-in-uno","63":"pa_uso-principale-e-rimedio-per-la-visibilita-dello-spirito","64":"pa_uso-principale-visione-animica","66":"first","67":"instock","68":"shipping-taxable","69":"purchasable","70":"product-type-variable"},"_links":{"self":[{"href":"https:\/\/karmarando.com\/es\/wp-json\/wp\/v2\/product\/5440","targetHints":{"allow":["GET"]}}],"collection":[{"href":"https:\/\/karmarando.com\/es\/wp-json\/wp\/v2\/product"}],"about":[{"href":"https:\/\/karmarando.com\/es\/wp-json\/wp\/v2\/types\/product"}],"replies":[{"embeddable":true,"href":"https:\/\/karmarando.com\/es\/wp-json\/wp\/v2\/comments?post=5440"}],"wp:featuredmedia":[{"embeddable":true,"href":"https:\/\/karmarando.com\/es\/wp-json\/wp\/v2\/media\/5455"}],"wp:attachment":[{"href":"https:\/\/karmarando.com\/es\/wp-json\/wp\/v2\/media?parent=5440"}],"wp:term":[{"taxonomy":"product_brand","embeddable":true,"href":"https:\/\/karmarando.com\/es\/wp-json\/wp\/v2\/product_brand?post=5440"},{"taxonomy":"product_cat","embeddable":true,"href":"https:\/\/karmarando.com\/es\/wp-json\/wp\/v2\/product_cat?post=5440"},{"taxonomy":"product_tag","embeddable":true,"href":"https:\/\/karmarando.com\/es\/wp-json\/wp\/v2\/product_tag?post=5440"}],"curies":[{"name":"wp","href":"https:\/\/api.w.org\/{rel}","templated":true}]}}