{"id":5398,"date":"2022-04-17T08:09:30","date_gmt":"2022-04-17T06:09:30","guid":{"rendered":"https:\/\/www.karmarando.com\/?post_type=product&#038;p=5398"},"modified":"2025-12-04T21:56:19","modified_gmt":"2025-12-04T20:56:19","slug":"sanango-brunfelsia-grandiflora-disponibile-da-5-ml-10-ml-e-15-ml","status":"publish","type":"product","link":"https:\/\/karmarando.com\/es\/kit-e-promo\/kit-sets\/sanango-brunfelsia-grandiflora-disponibile-da-5-ml-10-ml-e-15-ml\/","title":{"rendered":"Sanango brunfelsias grandiflora disponible en 5 ml, 10 ml y 15 ml"},"content":{"rendered":"<div class=\"tabbed-content\">\n\t\t\t\n\t\t\t<ul class=\"nav nav-pills nav-uppercase nav-size-small nav-center\" role=\"tablist\"><li id=\"tab-descrizione\" class=\"tab active has-icon\" role=\"presentation\"><a href=\"#tab_descrizione\" role=\"tab\" aria-selected=\"true\" aria-controls=\"tab_descrizione\"><span>Descripci\u00f3n<\/span><\/a><\/li>\n<li id=\"tab-propriet\u00e0\" class=\"tab has-icon\" role=\"presentation\"><a href=\"#tab_propriet\u00e0\" tabindex=\"-1\" role=\"tab\" aria-selected=\"false\" aria-controls=\"tab_propriet\u00e0\"><span>La propiedad<\/span><\/a><\/li>\n<li id=\"tab-come-si-f\u00e0?\" class=\"tab has-icon\" role=\"presentation\"><a href=\"#tab_come-si-f\u00e0?\" tabindex=\"-1\" role=\"tab\" aria-selected=\"false\" aria-controls=\"tab_come-si-f\u00e0?\"><span>Como se pone?<\/span><\/a><\/li>\n<li id=\"tab-disclaimer\" class=\"tab has-icon\" role=\"presentation\"><a href=\"#tab_disclaimer\" tabindex=\"-1\" role=\"tab\" aria-selected=\"false\" aria-controls=\"tab_disclaimer\"><span>DESCARGO de responsabilidad<\/span><\/a><\/li><\/ul><div class=\"tab-panels\"><div id=\"tab_descrizione\" class=\"panel active entry-content\" role=\"tabpanel\" aria-labelledby=\"tab-descrizione\">\n<p><strong>ATTENZIONE: CON L&#8217;ACQUISTO DI QUESTO PRODOTTO VERRA DATO IL SANANGA CHE ABBIAMO NEL SITO, CHE CONOSCONO COME MIGLIOR SANANGA, TUTTI I NOSTRI ASSISTITI\u00a0 CLIENTI.<\/strong><\/p>\n<p>Perch\u00e8 sta qu\u00ec questo prodotto che si chiama sanango, anche se ha nome simile,\u00a0 ma nessuno degli effetti del Fantastico vero Sananga?<\/p>\n<p>Semplice, in rete ci sono informazioni errate, cosi che le persone pensano che sia la stessa cosa.. Quindi abbiamo inserito questo prodotto semplicemente per chiarire il dubbio.<\/p>\n<p>Le informazioni scientifiche sono riferite al Sanango, ma le istruzioni al Sananga, ma \u00e8 ovvio che leggendo le istruzioni e al riguardo al prodotto sananga, sar\u00e0 molto piu chiaro.Si invita dunque a andare alla categoria sananga tornando inditro oppure usare il cerca in alto.<\/p>\n<p>&nbsp;<\/p>\n<h3><strong>Sanango brunfelsias grandiflora disponible en 5 ml, 10 ml y 15 ml<\/strong><\/h3>\n<p>Brunfelsia grandiflora \u00e8 un arbusto da fiore della famiglia delle belladonna. \u00c8 originario del Sud America. In inglese \u00e8 conosciuto con i nomi comuni royal brunfelsia viola, kiss-me-quick, e ieri-oggi-e-domani. In Per\u00f9 \u00e8 conosciuto con il nome spagnolo-quechua chiriq sananku (hispanicized spelling chiric sanango). Questo arbusto cresce fino a 10 piedi di altezza per 8 piedi di larghezza. Ha una fitta chioma di foglie disposte alternativamente fino a 12 pollici di lunghezza. I fiori profumati sono bianchi o sfumati di viola. Fioriscono quasi tutto l&#8217;anno. Nella sua gamma nativa \u00e8 usato nella medicina tradizionale per curare la febbre, i reumatismi, la sifilide e l&#8217;artrite. \u00c8 aggiunto all&#8217;ayahuasca. Nei test di laboratorio, estratti della pianta erano attivi contro i protozoi che causano la leishmaniosi, in particolare la Leishmania maggiore. B. grandiflora a volte viene coltivata come pianta ornamentale, ad esempio per la progettazione del paesaggio essendo che i firoi assomigliano al trombone D&#8217;angelo.<\/p>\n<p>Sanango \u00e8 costituito dalle radici e dalla corteccia dell&#8217;arbusto brunfelsia grandiflora . La radice e la corteccia di questa pianta sono ottenute dalle trib\u00f9 Kaxinaw\u00e1 e Yawanaw\u00e1. Questa medicina sacra e potente \u00e8 usata per curare i disturbi fisici e spirituali, liberando la mente e le energie e acquisendo un modo completamente nuovo di percezione e concentrazione.<\/p>\n<p>Sanango \u00e8 costituito dalle radici e dalla corteccia dell&#8217;arbusto<\/p>\n<h3><strong>brunfelsia grandiflora<\/strong><\/h3>\n<p>una specie di &#8220;legno da latte&#8221; della famiglia delle Apocynaceae, e proviene direttamente dai popoli delle trib\u00f9 amazzoniche. Questa medicina sacra e potente viene utilizzata per curare i disturbi fisici e spirituali, liberando la mente dalle energie distraenti e consentendo un modo completamente nuovo di percepire e focalizzare. Questo Sanango \u00e8 intriso di intenzioni di assoluta chiarezza e concentrazione. Sebbene si dice che Sanango contenga alcaloidi dell&#8217;ibogaina, in realt\u00e0 ci sono poche prove per suggerire che ci\u00f2 sia effettivamente vero.<\/p>\n<h3><strong>brunfelsia grandiflora<\/strong><\/h3>\n<p>non \u00e8 in realt\u00e0 un genere ma una &#8220;sottofamiglia&#8221;, e quindi classificata anche come &#8220;T<\/p>\n<h3><strong>brunfelsia grandiflora<\/strong><\/h3>\n<p>e&#8221;. McKenna riferisce che solo alcune delle diverse decine di piante di questa sottofamiglia contengono ibogaina, altre come &#8220;undulata&#8221; possono avere solo propriet\u00e0 analgesiche o sedative.<\/p>\n<p>El esp\u00edritu puro de Sananga admite una limpieza profunda de las energ\u00edas que est\u00e1n bloqueados a nivel emocional, f\u00edsico y espiritual. Sananga puede equilibrar y aumentar tu energ\u00eda, y encontrar las ra\u00edces de su enfermedad y de los bloques, que conduce a un equilibrio completo, la concentraci\u00f3n y la paz de la mente. Adem\u00e1s, las gotas ampliar\u00e1 su visi\u00f3n y conciencia espiritual y mejorar su habilidad para leer las intenciones de los dem\u00e1s. Tambi\u00e9n, Sananga mejorar su visi\u00f3n en el largo plazo, lo cual es importante para sus puntos de vista y las predicciones del futuro. En adici\u00f3n a esto, las gotas tambi\u00e9n se utilizan para tratar y mejorar una amplia gama de problemas oculares (Lambert et al 2010), tales como la miop\u00eda, la percepci\u00f3n de la profundidad y el color, la definici\u00f3n de las im\u00e1genes y la precisi\u00f3n de la detecci\u00f3n. Adem\u00e1s, este medicamento magia est\u00e1 indicado en casos de graves enfermedades oculares, como el glaucoma, las cataratas y ceguera. Debido a que estas gotas pueden tener diferentes efectos tan poderosos en su punto de vista, tambi\u00e9n son com\u00fanmente aplicados antes o durante las ceremonias de Ayahuasca, para aumentar la vista y las intuiciones espirituales.<\/p>\n<p>Incluso si Sananga es famoso por sus efectos en la vista y en la vista, este medicamento es considerado un remedio para los pueblos ind\u00edgenas de todo prop\u00f3sito. Se aplica a la enfermedad, febr\u00edfugo, em\u00e9tico, diur\u00e9tico, sedante, y muchos otros. Tambi\u00e9n, Sananga se utiliza a menudo para tratar enfermedades de la piel (dermatitis), suprimir el apetito, (Jernigan 2009), a aliviar los problemas dentales (Shepard, 1999) y la atenci\u00f3n de las heridas de la mordedura de la serpiente y el veneno, curar lesiones en los ojos y el reumatismo (Sanz-Biset et al. 2009; Schultes 1979). Otro aspecto importante de la curaci\u00f3n de la familia de las Apocynaceae y su actividad antimicrobiana ampliamente explorada, que mostr\u00f3 que esta familia tiene un fuerte antioxidante (Pereira et al. 2005), antitumoral (Kingston et al. 1977; Gunasekera et al. 1980), antifertility\/anticoncepci\u00f3n ( Meyeret al. 1973), antipir\u00e9tico (reduce la fiebre), anti-inflamatorios (Taesotikul et al. 2003), antimicobatterico (Pereira et al. 2005), y a los antimicrobianos (Beek et al. 1984; Suffredini et al. 2002; Ruttoh et al. 2009) efectos.<\/p>\n<p>Tradicionalmente, las tribus como la Mats\u00e9 uso Sananga como una herramienta de caza para obtener una percepci\u00f3n y concentraci\u00f3n fuerte, y para permitir la detecci\u00f3n de movimientos sutiles en la oscuridad de la selva (Lambert et al 2010). Adem\u00e1s, las gotas pueden permitir un firme punto de vista de la presa o de la planta de caza, lo que permite una b\u00fasqueda r\u00e1pida de \u00e9xito. A menudo Sananga se combina con otras herramientas para la caza, como los Kambos, que contribuyen a mejorar las habilidades de la caza. Para la mayor\u00eda de las tribus ind\u00edgenas, a la caza de los medios para la supervivencia, y por lo que significa una habilidad que es excepcionalmente importante y crucial.<\/p>\n<p>La tribu cree que para ser un buen cazador y un buen miratore s\u00f3lo puede ser alcanzado el uso de las plantas sagradas. Estas plantas sagradas mejorar la percepci\u00f3n y la agudeza, la intenci\u00f3n, el sentido del olfato, la fuerza y la suerte. Por lo tanto, instrumentos de caza, tales como Sananga y Kambos, lo que representa alrededor de una cuarta parte de todas las plantas medicinales utilizadas en las tribus ind\u00edgenas (Shepard, 1999).<\/p>\n<p><b>El origen, la creaci\u00f3n y la aplicaci\u00f3n de <\/b><br \/>\nI colliri Sanango sono prodotti dall&#8217;arbusto<\/p>\n<h3><strong>brunfelsia grandiflora<\/strong><\/h3>\n<p>che cresce ad Acri, in Brasile e in altri paesi sudamericani, ed \u00e8 noto alla trib\u00f9 Kaxinaw\u00e1s come &#8220;Mana Heins&#8221; e come &#8220;Becchete&#8221; ai Mats\u00e9s. Mana Heins o Becchete appartengono alla famiglia delle Apocynaceae, la stessa famiglia a cui appartiene la Bella donna. La corteccia della radice di questo arbusto viene prima macinata in polvere finissima che viene filtrata pi\u00f9 volte attraverso una rete di cotone e infine viene estratta in un succo. Quando vengono applicate sulla pelle, le foglie di Sanango vengono ammorbidite dal fuoco e applicate direttamente sulla parte interessata, oppure il lattice della radice viene mescolato con acqua e applicato con un panno (Van Beek et al. 1984). Tuttavia, pu\u00f2 essere applicato anche con una bevanda a base di un estratto acquoso della corteccia della radice.<\/p>\n<\/div>\n<div id=\"tab_propriet\u00e0\" class=\"panel entry-content\" role=\"tabpanel\" aria-labelledby=\"tab-propriet\u00e0\">\n<h3><strong>Ingredientes activos<\/strong><\/h3>\n<p>EL Sananga contiene coronadine, quebrachidine, heyneanine, 3-hydroxycoronaridine, ibogamina y voacangine, el 3-idrossicoronaridina, (Van Beek et al 1984; delle Monache et al. 1977)<\/p>\n<p>Todos estos alcaloides tienen poderosos efectos psicoactivos y puede ejercer fuertes efectos en el uso de antibi\u00f3ticos.<\/p>\n<h3><strong>Los principales usos de la planta<\/strong><\/h3>\n<p><strong>Medicina, Guerrero Sagrado<\/strong><\/p>\n<ul>\n<li>Extinguir el Panema un t\u00e9rmino que puede ser traducido como la depresi\u00f3n, la tristeza, fatiga y malestar general.<\/li>\n<li>Gotas para los ojos (por muchos indicios, es la forma m\u00e1s utilizada en las otras formas de ser utillazzata.<\/li>\n<li>Despeja la mente y las energ\u00edas y la obtenci\u00f3n de una nueva forma global de la percepci\u00f3n y la concentraci\u00f3n.<\/li>\n<li>Ayuda en el Tratamiento de dolencias f\u00edsicas y espirituales, liberar la mente de las energ\u00edas distrattive y la habilitaci\u00f3n de una forma completamente nueva de percibir y de enfoque.<\/li>\n<li>Desbloquear las energias negativas y aumenta el deseo de vivir y la fuerza para afrontar nuestros sue\u00f1os<\/li>\n<li>la miop\u00eda<\/li>\n<li>El Glaucoma<\/li>\n<li>La catarata<\/li>\n<li>Algunos casos de p\u00e9rdida de la visi\u00f3n<\/li>\n<li>La ceguera<\/li>\n<li>maculopat\u00eda<\/li>\n<li>El queratocono<\/li>\n<li>La retinopat\u00eda<\/li>\n<li>Degenarazione Macular asociada a la edad<\/li>\n<li>la percepci\u00f3n de la profundidad y el color, la definici\u00f3n de la imagen y la precisi\u00f3n de detecci\u00f3n.<\/li>\n<li>Tratamiento de la halitosis<\/li>\n<li>El tratamiento de la candida vaginal<\/li>\n<li>Vomitivo<\/li>\n<li>Calmar y aclarar la mente<\/li>\n<li>Aumentativos de profundidad en los estados de meditaci\u00f3n<\/li>\n<li>Mejora del sue\u00f1o l\u00facido<\/li>\n<li>La estimulaci\u00f3n de la eliminaci\u00f3n de la energ\u00eda estancada<\/li>\n<li>La mejor la vista<\/li>\n<li>Mejora de la intuici\u00f3n<\/li>\n<\/ul>\n<p>No es s\u00f3lo ideal para todos los problemas asociados con el ojo descrito anteriormente, pero..<\/p>\n<p>Se utiliza en combinaci\u00f3n, y antes de Rap\u00e9, Kambos, Ayahuasca, aumenta el proceso visionario y la intuici\u00f3n espiritual.<\/p>\n<p>Por otra parte, esta sagrada Planta es usada por los nativos para bajar la fiebre, que tienen propiedades em\u00e9ticas, diur\u00e9tico y atenci\u00f3n de muchos otros tipos de enfermedades comunes, tales como problemas de la piel (dermatitis); ser de ayuda para usted en la presencia de problemas dentales y el reumatismo. Muchos estudios cient\u00edficos que est\u00e1n en progreso, hoy en d\u00eda, orientada a la profundizaci\u00f3n de los diferentes usos de esta planta curativa.<\/p>\n<p>Tradicionalmente por los pueblos ind\u00edgenas, se utiliza como una herramienta importante y esencial en la caza, ya que aumenta la percepci\u00f3n y la concentraci\u00f3n, Ayudando a detectar los sutiles movimientos en la selva amaz\u00f3nica (Lambert et Al 2010).<\/p>\n<p>Al mismo tiempo, las gotas para los ojos puede ayudar a los cazadores tienen vistas a la presa (que le otorga el sacrificio de la sagrada), y las plantas que deben ser cazados y encontrado (Lambert et al 2010). Durante la caza de la Sananga es acompa\u00f1ado a menudo por el Kamb\u00f2, lo que contribuye a aumentar la capacidad de la caza.<\/p>\n<p>Tenga en cuenta que la caza y la pesca para muchas tribus nativas son el \u00fanico medio de supervivencia en una tierra tan hostil, por esta raz\u00f3n, los nativos de todo a su alcance para aumentar y mejorar sus habilidades. El uso de estas plantas de energ\u00eda natural que ayuda a superar todas las dificultades de la selva, y, al mismo tiempo que les da un gran visionario de la capacidad para encontrar mucho m\u00e1s f\u00e1cilmente presa de caza.<\/p>\n<p>Los or\u00edgenes, la creaci\u00f3n y el modo de aplicaci\u00f3n. Como se dijo anteriormente el Sananga se hace de las ra\u00edces y la corteza de las plantas de frutas en octubre de Undulata, que crece principalmente en la zona de Acre, Brasil, y otros Pa\u00edses de am\u00e9rica del sur.<\/p>\n<p>Es conocido como &#034;Man\u00e1 Heins&#034; por la gente que Kaxinaw\u00e0 Brasile\u00f1o y &#034;Bacchete&#034; por los Matses en el Per\u00fa. Las ra\u00edces y la corteza de esta planta se reduce a polvo y, a continuaci\u00f3n, flujos de lava varias veces a trav\u00e9s de un colador de algod\u00f3n para luego ser finalmente extra\u00eddo en forma de jugo es el l\u00edquido que se utiliza de diversas maneras por los nativos.<\/p>\n<\/div>\n<div id=\"tab_come-si-f\u00e0?\" class=\"panel entry-content\" role=\"tabpanel\" aria-labelledby=\"tab-come-si-f\u00e0?\">\n<h3><strong>Y el Uso de dosis<br \/>\n<\/strong><\/h3>\n<p>En la Amazon\u00eda, este producto se utiliza en todo momento de los ciclos diarios de 2 meses y 2 semanas de descanso, por primera vez, y luego usar por un mes y 2 semanas de descanso.<\/p>\n<p>usted puede utilizar todos los d\u00edas o 1 d\u00eda y nadie a cody por 2 meses y luego el resto del epr 2 semanas y, a continuaci\u00f3n, reanudar.<\/p>\n<h5><strong> Antes de considerar una dosis es fundamental tener una intenci\u00f3n. <\/strong><\/h5>\n<h5><strong> Trabajo centrado en \u00e9l, la planta ayuda a arrojar luz sobre ese aspecto de la vida que usted quiere ver m\u00e1s en profundidad. <\/strong><\/h5>\n<h5><strong> El poder de tu intnzione es crucial, y cada medicamento s\u00f3lo puede obtener y tratar de lo que quieres decir. <\/strong><\/h5>\n<h4><strong>U<\/strong>na solo una gota en cada ojo es suficiente para una potente sesi\u00f3n de Sananga. Le recomendamos que encontrar un lugar tranquilo, tanto en la naturaleza, ya sea en el hogar o en un ambiente tranquilo, con m\u00fasica meditativa. Los efectos agudos desaparecen despu\u00e9s de 10-15 minutos, pero los efectos secundarios leves pueden durar d\u00edas. Aseg\u00farese de que usted se acueste para permitir una buena aplicaci\u00f3n, y dejar los ojos cerrados durante la sesi\u00f3n. Es importante aplicar una gota en ambos los ojos y no esperar para la segunda ca\u00edda, se aplican de inmediato a equilibrar las energ\u00edas en ambos ojos. Entonces, usted debe vencer a los p\u00e1rpados durante un corto per\u00edodo de tiempo para distribuir el l\u00edquido a trav\u00e9s de todo el ojo. Idealmente, usted encontrar una segunda persona que puede aplicar el Sananga para usted.<\/h4>\n<p>Poco despu\u00e9s de la aplicaci\u00f3n en los ojos, la mayor\u00eda de los usuarios informan de una fuerte sensaci\u00f3n de quemaz\u00f3n, y una intensa sensaci\u00f3n de escozor dolor. Sin embargo, estos efectos desaparecen despu\u00e9s de un par de minutos, y puede ser aliviado por concentr\u00e1ndote en tu respiraci\u00f3n y ver como el dolor se convierte en fuerza y quita su energ\u00eda bloqueada, y trae la curaci\u00f3n profunda.<\/p>\n<p>Adem\u00e1s, tambi\u00e9n puede experimentar v\u00f3mitos y evacuaciones intestinales, que son indicaciones adicionales para la eliminaci\u00f3n de la energ\u00eda bloqueada y la enfermedad. Tratando de dar por completo y relajado como sea posible.<\/p>\n<p>Similar a la micro-dosis de la iboga, puede aplicar Sananga sobre una base diaria, pero debe adherirse a nuestro protocolo, y a seguir con fuertes intenciones de sanaci\u00f3n con el fin de lograr una profunda resultados.<\/p>\n<p>Para darles una idea, una sola gota de Sananga de los ojos es suficiente para una potente sesi\u00f3n de la atenci\u00f3n. Nosotros siempre recomendamos el uso de Sananga de una manera sagrada, en un espacio protegido.<\/p>\n<p>Es una sustancia que no puede ser tomado con ligereza y falta de experiencia, ya que funciona en un nivel muy profundo, se mueve en una forma poderosa de &#034;toxinas&#034; que cristalizaron en el cuerpo, la mente y el alma de una manera sutil.<\/p>\n<p>Por lo tanto, es esencial para ser seguido y apoyado por personas con experiencia en el uso y administraci\u00f3n. El efecto agudo de Sananga dura alrededor de 10 a 15 minutos, mientras que el efecto en un nivel sutil puede durar varios d\u00edas.<\/p>\n<p>Es fundamental la aplicaci\u00f3n de las gotas en ambos ojos para el equilibrio del cerebro derecho y el cerebro izquierdo.<\/p>\n<p>Lo que se oye inmediatamente despu\u00e9s de la aplicaci\u00f3n tiene un gran ardor en los ojos, como haber puesto en el pimiento rojo.<\/p>\n<p>Despu\u00e9s de unos momentos, la sensaci\u00f3n de ardor que comienza a disminuir, una t\u00e9cnica que es eficaz para disminuir la sensaci\u00f3n de ardor en los ojos es para llamar la atenci\u00f3n a la respiraci\u00f3n, respiraci\u00f3n con la boca.<\/p>\n<p>Cuando se reduce la quema, usted comienza a percibir la eliminaci\u00f3n de fino bloques, especialmente a la altura del tercer ojo, va a amplificar la visi\u00f3n y el cuerpo se relaja. Usted tendr\u00e1 para la gente en el camino espiritual hacia niveles m\u00e1s profundos, y un mont\u00f3n de claridad mental.<\/p>\n<h3><strong>Conocimientos<\/strong><\/h3>\n<h3>Un cliente me inform\u00f3 de que \u00e9l trat\u00f3 de las gotas Sananga. Y su comentario fue: &#034;...No ha funcionado. Todo lo que ten\u00eda era un dolor extremo, y nada m\u00e1s, entonces no trabajo...&#034;. Entonces les expliqu\u00e9 los efectos de Sananga y los beneficios de dolor:<\/h3>\n<p>&#034;No parec\u00eda haber funcionado a la perfecci\u00f3n. El dolor de Sananga permite la curaci\u00f3n. Si no duele, no conseguir el trabajo. El dolor le permite radicarti y equilibrarti. Las primeras veces puede llevar al sufrimiento y el drama, pero cuando se sabe qu\u00e9 hacer con \u00e9l, usted puede alcanzar un estado de zen y la respuesta correcta. Y ser\u00e1 f\u00e1cil. El dolor sin los dramas. Y en alg\u00fan punto, usted ser\u00e1 capaz de tomar Sananga cuando usted piensa acerca de ello. Sin ninguna vacilaci\u00f3n, la duda o el miedo por lo que est\u00e1 por venir. Y entonces caer en los ojos y permitir que simplemente lo que sucede. El proceso sin ning\u00fan tipo de expresi\u00f3n. La calma, respirar, tomar el dolor, pero no deje que causa la desesperaci\u00f3n . Si\u00e9ntese con la espalda recta, girar los ojos, y no mostrar nada de su lucha interior. Usted puede canalizar todo ese dolor en el poder, inmediatamente. Y los beneficios no son s\u00f3lo la respuesta correcta. Libres del drama, de la irritaci\u00f3n, el dolor, el miedo , la ira, Y tiene efectos beneficiosos en tus ojos, toma toda la suciedad acumulada lejos de la meta y de la parte posterior de los ojos. Usted tendr\u00e1 una mejor concentraci\u00f3n, tanto visualmente como mentalmente. &#034;Vas a ver&#034; las cosas mejor. Sananga puede hacer un guerrero, y 15 minutos despu\u00e9s de la experiencia, hasta que unos d\u00edas m\u00e1s tarde, y en algunos casos de forma permanente, usted tiene la determinaci\u00f3n para conseguir cualquier cosa y usted no ser\u00e1 obstaculizado por las emociones negativas. Si usted puede tratar con Sananga puede lidiar con la vida cotidiana mucho mejor, especialmente en situaciones en las que son desafiados a caer en emociones negativas, el drama, el miedo o la ira.&#034;<\/p>\n<h3><b>Atenci\u00f3n<\/b><\/h3>\n<h3>Los lentes de contacto deben ser removidos antes de la aplicaci\u00f3n de Sananga.<\/h3>\n<\/div>\n<div id=\"tab_disclaimer\" class=\"panel entry-content\" role=\"tabpanel\" aria-labelledby=\"tab-disclaimer\">\n<p><strong><span style=\"color: #d83131;\">LA FOTO EN LA DESCRIPCI\u00d3N ES PURAMENTE INDICATIVO<\/span><\/strong><\/p>\n<p><strong><span style=\"color: #d83131;\">LOS PRODUCTOS EST\u00c1N GARANTIZADOS DE KARMARANDO<\/span><\/strong><br \/>\n<strong><span style=\"color: #d83131;\">Para los productos de las PLANTAS, el INCIENSO, Y los polvos PREPARADOS en el MOMENTO EN que no se puede hacer DEVOLUCIONES o REEMBOLSOS<\/span><\/strong><\/p>\n<p>El <strong>los t\u00e9rminos utilizados<\/strong> en las categor\u00edas y los tags no quiero sugerir que el uso medicinal y recreativo de los productos, simplemente ordenar de acuerdo a su uso hist\u00f3rico, cient\u00edfico y social.<\/p>\n<p><strong>Las recetas son proporcionados como un cient\u00edfico<\/strong>no quieren animar a los clientes a repetir, ni a consumir los productos.<\/p>\n<p><strong>Nuestro contenido<\/strong> no han sido evaluadas por la FDA o por cualquier figura de la profesi\u00f3n m\u00e9dica: los posibles aplicaciones, indicaciones, dosificaci\u00f3n y advertencias se describen \u00fanicamente para fines educativos, especulaciones y personal, y no constituye consejo m\u00e9dico.<\/p>\n<p><strong>Los productos se venden<\/strong> como el incienso, Jabones, Resinas y colecci\u00f3n bot\u00e1nica, y el material de la investigaci\u00f3n cient\u00edfica.<\/p>\n<p><span style=\"color: #ed1c24; font-size: 115%;\"><strong>Ellos no est\u00e1n destinados para el consumo humano.<br \/>\nPara poder comprar nuestros productos usted debe ser mayor de 18 a\u00f1os de edad y no son adecuados para las mujeres que est\u00e1n embarazadas y\/o lactancia de las mujeres.<\/strong><\/span><\/p>\n<p>Para obtener m\u00e1s informaci\u00f3n sobre <strong>KARMARANDO<\/strong> visita <a href=\"https:\/\/www.instagram.com\/karmarando1\/\" target=\"_blank\" rel=\"noopener\"><br \/>\n<span style=\"color: #0000ff;\"><strong>esta p\u00e1gina<\/strong><\/span><\/a> o leer las \u00faltimas noticias sobre <a href=\"https:\/\/karmarando.com\/es\/blog\/\" target=\"_blank\" rel=\"nofollow noopener\"><strong><span style=\"color: #0000ff;\">BLOG<\/span><\/strong><\/a><br \/>\n<\/div><\/div><\/div>","protected":false},"excerpt":{"rendered":"<p>Sanango brunfelsias grandiflora disponible en 5 ml, 10 ml y 15 ml<\/p>","protected":false},"featured_media":3664,"comment_status":"open","ping_status":"closed","template":"","meta":[],"product_brand":[468],"product_cat":[255,256,15,199,257,214],"product_tag":[992],"class_list":{"0":"post-5398","1":"product","2":"type-product","3":"status-publish","4":"has-post-thumbnail","6":"product_brand-karmarando","7":"product_cat-kit-e-promo","8":"product_cat-kit-sets","9":"product_cat-offerte-a-tempo","10":"product_cat-piante-di-potere","11":"product_cat-promo","12":"product_cat-sananga","13":"product_tag-sanango","14":"pa_brand-karmarando","15":"pa_ean-1222","16":"pa_ingredienti-brunfelsia-grandiflora","17":"pa_ml-10ml","18":"pa_ml-15ml","19":"pa_ml-5ml","20":"pa_paese-di-fabbricazione-brasile","21":"pa_paese-di-fabbricazione-messico","22":"pa_paese-di-fabbricazione-peru","24":"first","25":"instock","26":"shipping-taxable","27":"purchasable","28":"product-type-variable"},"_links":{"self":[{"href":"https:\/\/karmarando.com\/es\/wp-json\/wp\/v2\/product\/5398","targetHints":{"allow":["GET"]}}],"collection":[{"href":"https:\/\/karmarando.com\/es\/wp-json\/wp\/v2\/product"}],"about":[{"href":"https:\/\/karmarando.com\/es\/wp-json\/wp\/v2\/types\/product"}],"replies":[{"embeddable":true,"href":"https:\/\/karmarando.com\/es\/wp-json\/wp\/v2\/comments?post=5398"}],"wp:featuredmedia":[{"embeddable":true,"href":"https:\/\/karmarando.com\/es\/wp-json\/wp\/v2\/media\/3664"}],"wp:attachment":[{"href":"https:\/\/karmarando.com\/es\/wp-json\/wp\/v2\/media?parent=5398"}],"wp:term":[{"taxonomy":"product_brand","embeddable":true,"href":"https:\/\/karmarando.com\/es\/wp-json\/wp\/v2\/product_brand?post=5398"},{"taxonomy":"product_cat","embeddable":true,"href":"https:\/\/karmarando.com\/es\/wp-json\/wp\/v2\/product_cat?post=5398"},{"taxonomy":"product_tag","embeddable":true,"href":"https:\/\/karmarando.com\/es\/wp-json\/wp\/v2\/product_tag?post=5398"}],"curies":[{"name":"wp","href":"https:\/\/api.w.org\/{rel}","templated":true}]}}