{"id":4888,"date":"2022-03-06T23:55:15","date_gmt":"2022-03-06T22:55:15","guid":{"rendered":"https:\/\/www.karmarando.com\/?post_type=product&#038;p=4888"},"modified":"2026-04-02T10:02:58","modified_gmt":"2026-04-02T08:02:58","slug":"bufo-alvarius","status":"publish","type":"product","link":"https:\/\/karmarando.com\/es\/piante-di-potere\/kambo-e-bufo\/bufo-alvarius\/","title":{"rendered":"Bufo Alvarius Sapo Sapito"},"content":{"rendered":"<div class=\"tabbed-content\">\n\t\t\t\n\t\t\t<ul class=\"nav nav-pills nav-uppercase nav-size-small nav-center\" role=\"tablist\"><li id=\"tab-descrizione\" class=\"tab active has-icon\" role=\"presentation\"><a href=\"#tab_descrizione\" role=\"tab\" aria-selected=\"true\" aria-controls=\"tab_descrizione\"><span>Descripci\u00f3n<\/span><\/a><\/li>\n<li id=\"tab-propriet\u00e0\" class=\"tab has-icon\" role=\"presentation\"><a href=\"#tab_propriet\u00e0\" tabindex=\"-1\" role=\"tab\" aria-selected=\"false\" aria-controls=\"tab_propriet\u00e0\"><span>La propiedad<\/span><\/a><\/li>\n<li id=\"tab-come-si-f\u00e0?\" class=\"tab has-icon\" role=\"presentation\"><a href=\"#tab_come-si-f\u00e0?\" tabindex=\"-1\" role=\"tab\" aria-selected=\"false\" aria-controls=\"tab_come-si-f\u00e0?\"><span>Como se pone?<\/span><\/a><\/li>\n<li id=\"tab-disclaimer\" class=\"tab has-icon\" role=\"presentation\"><a href=\"#tab_disclaimer\" tabindex=\"-1\" role=\"tab\" aria-selected=\"false\" aria-controls=\"tab_disclaimer\"><span>DESCARGO de responsabilidad<\/span><\/a><\/li><\/ul><div class=\"tab-panels\"><div id=\"tab_descrizione\" class=\"panel active entry-content\" role=\"tabpanel\" aria-labelledby=\"tab-descrizione\">\n<h3><strong>Bufo Alvarius Sapo Sapito SECRECI\u00d3N NATURAL DE el SAPO del DESIERTO DE sonora (LA MOL\u00c9CULA DE DIOS)<\/strong><\/h3>\n<p><strong>Bufo Alvarius NOS PROPORCIONA la NATURALEZA, con las SUSTANCIAS QUE NOS llevar\u00e1 de REGRESO A NUESTRA ESENCIA<\/strong><br \/>\nLa medicina Ancestral, nos llevan a la CULMINACI\u00d3N de Una experiencia que se vuelve a conectar con nosotros y nos lleva a la uni\u00f3n con el todo-en-uno. Se requiere la sensibilizaci\u00f3n y para los principiantes, el acompa\u00f1amiento y un proceso de elaboraci\u00f3n y la integraci\u00f3n adecuada a la intensidad y profundidad.<br \/>\nBufo Alvarius Sapo Sapito<br \/>\n<strong>La CONEXI\u00d3N CON EL CONJUNTO de la Experiencia de la sanaci\u00f3n y de la expansi\u00f3n de la conciencia, una Experiencia que las palabras no pueden explicar!<\/strong><\/p>\n<p>Bufo Alvarius Sapo Sapito<br \/>\n<\/div>\n<div id=\"tab_propriet\u00e0\" class=\"panel entry-content\" role=\"tabpanel\" aria-labelledby=\"tab-propriet\u00e0\">\n<p><strong>ACERCA de EL SAPO Bufo Alvarius<\/strong><\/p>\n<p>Bufo Alvarius es un anfibio de la familia , es un sapo que vive en el desierto de Sonora en M\u00e9xico, y de la que se extrae el 5 MEO DMT org\u00e1nica, que es una sustancia que se extrae a trav\u00e9s de sus gl\u00e1ndulas par\u00f3tidas, esta es una de las especies que hibernan diez meses en el inframundo, y se eleva a la superficie s\u00f3lo durante la temporada de lluvias para alimentarse y reproducirse , es importante recordar que para obtener esta sustancia en el sapo no sufrir ni morir, s\u00f3lo se recoge la toxina y el sapo est\u00e1 en libertad, pero es muy dif\u00edcil de obtener debido a que la superficie un par de veces al a\u00f1o.<\/p>\n<p>El 5 MEO DMT (5-metoxi-N, N-dimetiltriptamina) es conocido por diversos nombres tales como Bufo Alvarius, la Medicina del Sapito o Mol\u00e9cula de Dios , pero no importa c\u00f3mo lo llame, y sin temor a mentir, podemos decir que es la enteogeno el m\u00e1s poderoso en el mundo.<\/p>\n<p>Se llevaron a cabo estudios cient\u00edficos en los que se encontr\u00f3 que el 5-MEO DMT, as\u00ed como otras triptaminas, promueve la reabsorci\u00f3n de la serotonina y la melatonina, causando cambios en la esfera de la percepci\u00f3n y es considerado como un neurotransmisor, ya que se encuentra de forma natural en el cerebro y se conoce como &#034;alimento para el pensamiento&#034; .<\/p>\n<p>Este neurotransmisor es producida naturalmente por la gl\u00e1ndula pineal durante los momentos importantes de la vida de un ser humano, se ha encontrado que hay explosiones de esta sustancia, por supuesto, en el momento del nacimiento y de la muerte, pero tambi\u00e9n es producida en peque\u00f1as cantidades durante los per\u00edodos de estados positivos de la mente y en la fase de sue\u00f1o profundo o REM.<\/p>\n<p>Tambi\u00e9n es importante recordar que se ha demostrado cient\u00edficamente que el uso de Bufo Alvarius Sapo Sapito no causa ning\u00fan tipo de adicci\u00f3n, porque no es con fines recreativos, pero me rompe las dependencias de cualquier tipo de sustancia, archivos adjuntos y emocional de las compulsiones, y actualmente es usado como terapia en centros de rehabilitaci\u00f3n.<\/p>\n<h3><strong>SUCEDE EN LOS RETIROS<\/strong><\/h3>\n<p>Hay centros en baja California, donde un equipo de m\u00e9dicos y psic\u00f3logos que trabajan con esta medicina para la disoluci\u00f3n de la memoria celular de una manera traum\u00e1tica, que conduce a la g\u00e9nesis de muchas dependencias.<\/p>\n<p>En la comunidad, Seria el desierto, esta medicina ha curado a muchos que sufren de adicci\u00f3n a la &#034;anfe-ta-mina&#034;, y que ha permitido a cientos de personas para trascender el miedo a la muerte, as\u00ed como de la depresi\u00f3n y de graves trastornos de ansiedad o crisis de identidad, la fatiga y la existencial, la p\u00e9rdida del sentido de la vida<\/p>\n<h3><strong>EXPERIENCIAS QUE CAMBIAN LA VIDA<\/strong><\/h3>\n<p>Es una experiencia de sanaci\u00f3n teRap\u00e9utico de gran pureza espiritual, en el que podemos recuperar la memoria de lo que somos.<\/p>\n<p>Los l\u00edmites de la identidad y disolverse como la sal en el agua, el oc\u00e9ano de la consciencia, completamente de liberar el estr\u00e9s acumulado y las emociones reprimidas.<\/p>\n<p>La culminaci\u00f3n de la experiencia que ya tenemos 3 minutos despu\u00e9s de la ingesta, entonces usted va a entrar en un estado de paz y serenidad hasta que, poco a poco, volver\u00e1 al ego y una recuperaci\u00f3n de las sensaciones normales.<\/p>\n<h3><strong>Bufo Alvarius Sapo Sapito de QU\u00c9 SE trata? Por qu\u00e9 y para Qu\u00e9 ES la LEY de TODO SON las HEREJ\u00cdAS?<\/strong><\/h3>\n<p>El 5meoDMT es naturalmente en el cuerpo humano. El grupo metoxi encuentra en el quinto anillo de indolico permite a la medicina de distancia en cuesti\u00f3n de segundos, la barrera sangre-cerebro, as\u00ed como para obtener un acceso r\u00e1pido a la experiencia. En esto se diferencia de la Ayahuasca, a los efectos de que duran horas con el proceso de la digesti\u00f3n.<\/p>\n<p>No hay peligro de sobredosis, ya que el n\u00famero de receptores de triptaminici de las c\u00e9lulas es limitada, y una vez cubierto, el cuerpo no absorbe m\u00e1s de la medicina. No hay casos documentados de muerte relacionados con la sustancia, como la causa directa, o da\u00f1o mental o f\u00edsico irreparable<\/p>\n<h3><strong> La clave de la curaci\u00f3n es EL PROP\u00d3SITO Y EL CONTEXTO de esta maravillosa medicina ESPIRITUAL Y SAGRADO <\/strong><\/h3>\n<p>A s\u00f3lo 10 segundos de la inhalaci\u00f3n profunda, y lo que puedo describir como la m\u00e1s incre\u00edble orgasmo que puede ser concebida, despu\u00e9s de haber echado de la mente a la inmensidad del tiempo y del espacio, en una explosi\u00f3n de luz, incre\u00edblemente hermoso, maravilloso y contundente al mismo tiempo.<\/p>\n<p>De existir como conciencia pura, sin que mis convicciones, pensamientos, la mente y el cuerpo, nos acompa\u00f1\u00f3. Nada de lo que estoy limit\u00e1ndome participaron en la experiencia. He cruzado un umbral en el que el infinito que reside en m\u00ed es el momento de que todo el universo, me muestra que no son dos realidades distintas, sino s\u00f3lo uno.<\/p>\n<p>Ahora entiendo por qu\u00e9 en los cuentos de hadas, las Ranas y los Sapos son muy citados y se convierten en Pr\u00edncipes.<\/p>\n<p>No hay otra manera de definir lo que he vivido, si no digo que yo lo ve\u00eda todo, yo era todo, y lo he comprendido todo, por unos momentos, indescriptible.<\/p>\n<p>El retorno de esta revelaci\u00f3n me ha tra\u00eddo de vuelta a una realidad que ahora mis sentidos perciben m\u00e1s claramente y con precisi\u00f3n: el color del cielo, las tonalidades del verde de los \u00e1rboles, el sonido de las canciones con la que esta m\u00fasica, y que el tambor que me han acompa\u00f1ado, era perfecto...todo era muy muy bueno y variado.<\/p>\n<p>He o\u00eddo que yo estaba muerto y resucitado, y recuerdo las l\u00e1grimas de pura emoci\u00f3n, la alegr\u00eda de estar vivo. Mi cuerpo se sacude, inundada por un torrente de emociones fue a trav\u00e9s de ella, como si la energ\u00eda de la madre tierra, yo estaba activaci\u00f3n.<\/p>\n<p>He repetido, s\u00f3lo la palabra gracias a varios minutos, en la que estaba profundamente conmovido y feliz, inmensamente feliz.<\/p>\n<\/div>\n<div id=\"tab_come-si-f\u00e0?\" class=\"panel entry-content\" role=\"tabpanel\" aria-labelledby=\"tab-come-si-f\u00e0?\">\nEl <strong>La SECRECI\u00d3N de<\/strong> obtenidos a partir de las gl\u00e1ndulas de el sapo se seca en el sol para cristalizar, este proceso generalmente requiere de varias horas mientras se vaporiza y se endurece, la medicina de la<strong> sapo es administrado a trav\u00e9s de un tubo en el pyrex de vidrio se calienta con un soplete,<\/strong> por lo que puede ser vaporizato, porque de esta manera el 5-MeO-DMT llega al cerebro directamente, y permite al participante a vivir en un par de minutos de una de las experiencias m\u00e1s profundas, de sanaci\u00f3n y liberaci\u00f3n que alguien puede vivir.<\/p>\n<p>Una volta consumata la secrezione si sperimenta immediatamente una dissoluzione della proprio ego e si perde ogni consapevolezza dell\u2019ambiente e del corpo fisico per entrare in un profondo viaggio verso l\u2019interno e un tutto in uno, dove si pu\u00f2 sperimentare una connessione con la divinit\u00e0, con l\u2019universo, con il tutto. Non importa come lo concepisci, l\u2019esperienza ti mostra un\u2019unit\u00e0 e una connessione energetica ineffabile, che nonostante si sente la percezione delle altre anime, non le si vede piu con gli occhi come del resto l&#8217;ambiente circostante, il tempo, lo spazio, svaniscono, cedendo il posto ad ultrasuoni e una luce bianca divinica con senso di pace e liberazione di ongi soffriemento.&lt;<\/p>\n<p>Se puede decir que &#034;no hay palabras&#034; para describir una experiencia tan importantes, revelando y divino.<\/p>\n<p>Si usted se rinde a la experiencia sin juicio, permitiendo la liberaci\u00f3n de la mayor cantidad de la energ\u00eda negativa acumulada, usted puede experimentar con, literalmente, un renacimiento y decidi\u00f3 empezar de nuevo, a disfrutar de la vida al completo.<\/p>\n<p>A pesar de perder toda noci\u00f3n de tiempo, que puede parecer muy larga,pero en realidad va a durar de 15 a 30 minutos y al final de la experiencia, de comenzar a integrar la nueva conciencia y la realidad, la b\u00fasqueda de nuevas emociones y sensaciones que nos permiten disfrutar de una profunda felicidad, la paz y la tranquilidad, la b\u00fasqueda de la claridad y la concentraci\u00f3n sfrutando por lo que los esfuerzos en las cosas de verdadero valor, empezando por ellos mismos.<br \/>\n<strong>La experiencia De la Unidad C\u00f3smica Que Da Una Visi\u00f3n de Iluminar a s\u00ed Mismo y De la existencia.<\/strong><\/p>\n<h3><strong>LA EXPERIENCIA PROFUNDA, LA CURACI\u00d3N<\/strong><\/h3>\n<p>La medicina del sapo promueve la curaci\u00f3n y la regeneraci\u00f3n del cuerpo, estimulando el sistema inmunol\u00f3gico, que ayuda a acelerar la curaci\u00f3n de algunas enfermedades, en particular las creadas por un trauma emocional.<\/p>\n<p>La experiencia dura de 15 a 20 minutos, pero el que vive perdido el sentido del tiempo, experimentando en lugar de un aturdido sentido de la eternidad, el infinito, y la unidad con toda la creaci\u00f3n.<\/p>\n<p>Usted puede incluso experimentar momentos de terribles penurias, que no son sino el preludio del encuentro con lo divino. Estos primeros momentos de \u00e9xtasis y de la sensaci\u00f3n de &#034;oceanic&#034; de total comuni\u00f3n con nosotros mismos y con la vida est\u00e1n relacionados con la sensaci\u00f3n de ser lanzado hacia el espacio vac\u00edo a gran velocidad, y con la disoluci\u00f3n del ego.<\/p>\n<p>Se requiere un gran coraje para vivir una experiencia con el Bufo Alvarius, aquellos que tratan de cruzar el umbral de la muerte del ego se despojado del velo de la ilusi\u00f3n de la separaci\u00f3n, y se sumergen completamente en la experiencia m\u00e1xima de la unidad. Puesto que hay una separaci\u00f3n en la percepci\u00f3n, que se recupere completamente la memoria de d\u00f3nde venimos y a d\u00f3nde vamos.<\/p>\n<p>Es un deber de aclarar que esta no es la impresi\u00f3n o vagos sentimientos o percepciones delgada, pero en realidad se puede venir con la totalidad de su ser: &#034;ustedes son dioses, todos son...&#034; y la verdad es que es uno de los m\u00e1s profundos y potentes que un hombre puede experimentar<\/p>\n<\/div>\n<div id=\"tab_disclaimer\" class=\"panel entry-content\" role=\"tabpanel\" aria-labelledby=\"tab-disclaimer\">\n<p><strong><span style=\"color: #d83131;\">LA FOTO EN LA DESCRIPCI\u00d3N ES PURAMENTE INDICATIVO<\/span><\/strong><\/p>\n<p><strong><span style=\"color: #d83131;\">LOS PRODUCTOS EST\u00c1N GARANTIZADOS DE KARMARANDO<\/span><\/strong><br \/>\n<strong><span style=\"color: #d83131;\">Para los productos de las PLANTAS, el INCIENSO, Y los polvos PREPARADOS en el MOMENTO EN que no se puede hacer DEVOLUCIONES o REEMBOLSOS<\/span><\/strong><\/p>\n<p>El <strong>los t\u00e9rminos utilizados<\/strong> en las categor\u00edas y los tags no quiero sugerir que el uso medicinal y recreativo de los productos, simplemente ordenar de acuerdo a su uso hist\u00f3rico, cient\u00edfico y social.<\/p>\n<p><strong>Las recetas son proporcionados como un cient\u00edfico<\/strong>no quieren animar a los clientes a repetir, ni a consumir los productos.<\/p>\n<p><strong>Nuestro contenido<\/strong> no han sido evaluadas por la FDA o por cualquier figura de la profesi\u00f3n m\u00e9dica: los posibles aplicaciones, indicaciones, dosificaci\u00f3n y advertencias se describen \u00fanicamente para fines educativos, especulaciones y personal, y no constituye consejo m\u00e9dico.<\/p>\n<p><strong>Los productos se venden<\/strong> como el incienso, Jabones, Resinas y colecci\u00f3n bot\u00e1nica, y el material de la investigaci\u00f3n cient\u00edfica.<\/p>\n<p><span style=\"color: #ed1c24; font-size: 115%;\"><strong>Ellos no est\u00e1n destinados para el consumo humano.<br \/>\nPara poder comprar nuestros productos usted debe ser mayor de 18 a\u00f1os de edad y no son adecuados para las mujeres que est\u00e1n embarazadas y\/o lactancia de las mujeres.<\/strong><\/span><\/p>\n<p>Para obtener m\u00e1s informaci\u00f3n sobre <strong>KARMARANDO<\/strong> visita <a href=\"https:\/\/www.instagram.com\/karmarando1\/\" target=\"_blank\" rel=\"noopener\"><br \/>\n<span style=\"color: #0000ff;\"><strong>esta p\u00e1gina<\/strong><\/span><\/a> o leer las \u00faltimas noticias sobre <a href=\"https:\/\/karmarando.com\/es\/blog\/\" target=\"_blank\" rel=\"nofollow noopener\"><strong><span style=\"color: #0000ff;\">BLOG<\/span><\/strong><\/a><\/p>\n<\/div><\/div><\/div>","protected":false},"excerpt":{"rendered":"<p>Bufo Alvarius Sapo Sapito<\/p>","protected":false},"featured_media":4861,"comment_status":"open","ping_status":"closed","template":"","meta":[],"product_brand":[468],"product_cat":[215,255,15,199,257],"product_tag":[915],"class_list":{"0":"post-4888","1":"product","2":"type-product","3":"status-publish","4":"has-post-thumbnail","6":"product_brand-karmarando","7":"product_cat-kambo-e-bufo","8":"product_cat-kit-e-promo","9":"product_cat-offerte-a-tempo","10":"product_cat-piante-di-potere","11":"product_cat-promo","12":"product_tag-bufo-alvarius","13":"pa_brand-karmarando","14":"pa_ean-1228","15":"pa_formato-secrezione-granuli","16":"pa_ingredienti-secrezione-rana-bufo-alvarius","17":"pa_paese-di-fabbricazione-mexico","18":"pa_peso-in-milligrammi-100-mg","19":"pa_peso-in-milligrammi-1000-mg","20":"pa_peso-in-milligrammi-300-mg","21":"pa_peso-in-milligrammi-50-mg","22":"pa_peso-in-milligrammi-500-mg","23":"pa_peso-in-milligrammi-70-mg","25":"first","26":"instock","27":"sale","28":"shipping-taxable","29":"purchasable","30":"product-type-variable"},"_links":{"self":[{"href":"https:\/\/karmarando.com\/es\/wp-json\/wp\/v2\/product\/4888","targetHints":{"allow":["GET"]}}],"collection":[{"href":"https:\/\/karmarando.com\/es\/wp-json\/wp\/v2\/product"}],"about":[{"href":"https:\/\/karmarando.com\/es\/wp-json\/wp\/v2\/types\/product"}],"replies":[{"embeddable":true,"href":"https:\/\/karmarando.com\/es\/wp-json\/wp\/v2\/comments?post=4888"}],"wp:featuredmedia":[{"embeddable":true,"href":"https:\/\/karmarando.com\/es\/wp-json\/wp\/v2\/media\/4861"}],"wp:attachment":[{"href":"https:\/\/karmarando.com\/es\/wp-json\/wp\/v2\/media?parent=4888"}],"wp:term":[{"taxonomy":"product_brand","embeddable":true,"href":"https:\/\/karmarando.com\/es\/wp-json\/wp\/v2\/product_brand?post=4888"},{"taxonomy":"product_cat","embeddable":true,"href":"https:\/\/karmarando.com\/es\/wp-json\/wp\/v2\/product_cat?post=4888"},{"taxonomy":"product_tag","embeddable":true,"href":"https:\/\/karmarando.com\/es\/wp-json\/wp\/v2\/product_tag?post=4888"}],"curies":[{"name":"wp","href":"https:\/\/api.w.org\/{rel}","templated":true}]}}