{"id":4507,"date":"2022-01-31T13:08:56","date_gmt":"2022-01-31T12:08:56","guid":{"rendered":"https:\/\/www.karmarando.com\/?post_type=product&#038;p=4507"},"modified":"2025-09-19T16:17:43","modified_gmt":"2025-09-19T14:17:43","slug":"jurema-preta-mimosa-hostilis","status":"publish","type":"product","link":"https:\/\/karmarando.com\/es\/negozio\/piante-di-potere\/etnobotaniche\/erbe-del-sogno-oneirogeni\/jurema-preta-mimosa-hostilis\/","title":{"rendered":"Jurema Preta (Mimosa Hostilis)"},"content":{"rendered":"<div class=\"tabbed-content\">\n\t\t\t\n\t\t\t<ul class=\"nav nav-pills nav-uppercase nav-size-small nav-center\" role=\"tablist\"><li id=\"tab-descrizione\" class=\"tab active has-icon\" role=\"presentation\"><a href=\"#tab_descrizione\" role=\"tab\" aria-selected=\"true\" aria-controls=\"tab_descrizione\"><span>Descripci\u00f3n<\/span><\/a><\/li>\n<li id=\"tab-propriet\u00e0\" class=\"tab has-icon\" role=\"presentation\"><a href=\"#tab_propriet\u00e0\" tabindex=\"-1\" role=\"tab\" aria-selected=\"false\" aria-controls=\"tab_propriet\u00e0\"><span>La propiedad<\/span><\/a><\/li>\n<li id=\"tab-come-si-f\u00e0?\" class=\"tab has-icon\" role=\"presentation\"><a href=\"#tab_come-si-f\u00e0?\" tabindex=\"-1\" role=\"tab\" aria-selected=\"false\" aria-controls=\"tab_come-si-f\u00e0?\"><span>Como se pone?<\/span><\/a><\/li>\n<li id=\"tab-disclaimer\" class=\"tab has-icon\" role=\"presentation\"><a href=\"#tab_disclaimer\" tabindex=\"-1\" role=\"tab\" aria-selected=\"false\" aria-controls=\"tab_disclaimer\"><span>DESCARGO de responsabilidad<\/span><\/a><\/li><\/ul><div class=\"tab-panels\"><div id=\"tab_descrizione\" class=\"panel active entry-content\" role=\"tabpanel\" aria-labelledby=\"tab-descrizione\">\n<h3><strong>CORTECCIA DI RADICE Jurema Preta (Mimosa Hostilis)<\/strong><\/h3>\n<p>detta anche Mimosa Tenuiflora (tepezcohuite, corteccia cicatrizante &#8211; decotto<\/p>\n<p>La CORTECCIA della Radice <strong>Jurema preta<\/strong> (la parte pi\u00f9 attiva della pianta) meglio conosciuta come Mimosa hostilis, \u00e8 molto conosciuta dai praticanti della via sciamanica, perch\u00e9 il jurema \u00e8 dotata di propriet\u00e0 psicoattive, che portano a stati visionari dell&#8217;espansione della coscienza, simili a quelli dell&#8217;ayahuasca.O meglio insieme alla ruta siriana, sono l&#8217;umano che assieme alle principali Capii, chakruna, chalipoga + gli appunto (imao Jurema + ruta siriana danno origine alla pasta di Ayahuasca.<\/p>\n<p>In Brasile, i cosiddetti culti Jurema bevono da secoli infusi psicoattivi a base di Mimosa assieme ad altre piante e si chiama Santo Daime<\/p>\n<p>&nbsp;<\/p>\n<p>In Colombia Yage e in Per\u00f9 Ayahuasca, e gli ingredienti cambiano.<\/p>\n<p>Questo potere della medicina fa s\u00ec che lo spirito di Madre <strong>Jurema<\/strong> si presenti a coloro che sono collegati a questa energia divina.<\/p>\n<p><strong>Jurema Preta<\/strong> \u00c8 una specie nota nell&#8217;ambiente sciamanico soprattutto per il suo utilizzo nella medicina tradizionale Amazzonica come ingrediente assieme componente come la ruta siriana funge da Imao, attivante nella preparazione della Ayahuasca, un estratto vegetale preparato dagli sciamani dei popoli amazzonici e andini, usato principio enteogeno per i riti di visione e di comunicazione con il divino<sup id=\"cite_ref-1\" class=\"reference\"><\/sup>.<\/p>\n<p>Ha molte denominazioni locali, tra le quali Jurema<span class=\"fs13\">\u00a0\u00e8 la<\/span><span class=\"fs13\">\u00a0<\/span><b><span class=\"fs13\">DMT<\/span><span class=\"fs13\">\u00a0<\/span><\/b><span class=\"fs13\">(dimetiltriptamina), sostanza che imita la funzione del neurotrasmettitore serotonina, importante per la regolazione dell\u2019umore.<\/span><\/p>\n<p><span class=\"fs13\"> La liana Banisteriopsis Caapi inibisce l&#8217;enzima che degrada questa sostanza permettendo al principio attivo, quindi alla DMT di lavorare.<\/span><\/p>\n<\/div>\n<div id=\"tab_propriet\u00e0\" class=\"panel entry-content\" role=\"tabpanel\" aria-labelledby=\"tab-propriet\u00e0\">\n<p><strong>Depura e Disintossica :<\/strong> Effetto SuperDetox Vero! Potente in grado di purificare l\u2019organismo cn una sensazione anche per 6 mesi dopo l\u2019assunzione<\/p>\n<p><strong>Purificazione Interiore di Anima: <\/strong>Ci si sentir\u00e0 leggeri e rinnovati con grande stupore e sensazioni di purezza dell&#8217;anima che ci accompagner\u00e0 per un mese in maniera molto persistente ma anche per sempre nel senso d&#8217;intimit\u00e0 e di rinascita che che innescher\u00e0 il cambiamento chiave della nostra vita, questo processo soprattutto per i primi due anni potr\u00e0 essere ripetuto una volta al mese.<\/p>\n<p><strong>Migliora l\u2019umore:<\/strong> Effetto marcato su umore ed emozioni, sarebbe dunque in grado di risolvere disturbi come ansia e depressione.<\/p>\n<p><strong>Vedrai le cose dal giusto senso della Vita: <\/strong>Ti far\u00e0 piangere e ti far\u00e0 ridere. Risoluzione dei disturbi della sfera emotiva e dell\u2019umore, maggior consapevolezza, ritrovare il senso della propria vita, sperimentare una forte connessione con il mondo naturale e con quello della spiritualit\u00e0 appartenente a noi e all&#8217;anima.<\/p>\n<p><strong>Aumenta la creativit\u00e0 e ricominciare a Sognare e vivere davvero:<\/strong> Persone che lavorano grazie alle proprie doti creative (scrittori, musicisti, ecc.) ottengono benefici dopo aver assunto la bevanda.<\/p>\n<p><strong>Anticancerogena:<\/strong> i principi attivi presenti nelle piante che si utilizzano per realizzare l\u2019Ayahuasca potrebbero avere doti antitumorali. Un Recente Studio a riguardo del 2013 \u00e8 opera dell\u2019Universit\u00e0 Federale di Sao Paulo, in Brasile.<\/p>\n<p><strong>Visionistica ed Ancestrale<\/strong>:\u00a0 Oltre ad assistere a formazione di forme geometriche e visioni di colori brillanti e bagliori provenienti dalla nostra aurea circostanti,\u00a0 permetter\u00e0 di entrare nella dimensione sogno detta mondo parallelo o\u00a0 dimensioni spirituali che cambieranno per sempre la nostra vita, tant \u00e8 vero che \u00e8 lei stessa che ci chiama nel momento che siamo pronti.<\/p>\n<p><strong>Per il trattamento delle dipendenze:<\/strong> Come specificato dagli studi scritti sotto \u00e8 perfetta per eliminare dipendenze da droga, alcool, tabagismo o farmaci se c\u00e8 davvero una forza di volont\u00e0 in atto da parte Vostra. Lei ci mostra e ci insegna in maniera indelebile, ma il restante lavoro spetta a noi.<\/p>\n<\/div>\n<div id=\"tab_come-si-f\u00e0?\" class=\"panel entry-content\" role=\"tabpanel\" aria-labelledby=\"tab-come-si-f\u00e0?\">\n<h2 class=\"uppercase\">COME SI\u00a0 USA<\/h2>\n<p>El <strong>corteccia di radice di Mimosa Hostilis ha un utilizzo esterno<\/strong>. I suoi attivi possono essere scaricati nell\u2019acqua con un\u2019infusione adatta ad una corteccia, quindi con <strong>un decotto da applicare direttamente sulla pelle<\/strong>.<\/p>\n<p><strong>Decotto di corteccia di Radice di Mimosa Hostilis<\/strong><br \/>\nDosi: 10-20 grammi, un litro di acqua<br \/>\nUnire la corteccia all\u2019acqua in una pentola e portare ad ebollizione. Spegnere, coprire e lasciare in infusione per 20 minuti. Filtrate ed utilizzate l\u2019acqua per fare degli impacchi nelle zone da trattare (meglio se con miscela tiepida).<\/p>\n<p><strong>Corteccia in polvere<\/strong><br \/>\nUn ulteriore modo di utilizzarla \u00e8 quello di polverizzarla, per <strong>un\u2019applicazione sulle zone interessate<\/strong> da ripetere 2- o 3 volte al giorno.<br \/>\nLa polvere ottenuta dalla macinazione della corteccia miscelata con olio e cera d\u2019api, potr\u00e0 essere utilizzata anche per preparare una pomata, utilissima per la pelle, oppure per comporre un unguento o una pasta, da applicare 2- o 3 volte al giorno.<br \/>\nIl prodotto in polvere former\u00e0 sulla pelle uno strato superficiale di colore scuro, che protegge ferite ed infiammazioni cutanee, mentre all\u2019interno avviene il processo di guarigione.<\/p>\n<p>El <strong>polvere della corteccia<\/strong> viene utilizzata:<\/p>\n<ul>\n<li>direttamente sulle bruciature di secondo e terzo grado;<\/li>\n<li>aggiunta al sapone neutro per dermatiti, acne, pelli mature, smagliature;<\/li>\n<li>per preparare <strong>pomate<\/strong> adatte alle riepitelizzazione delle lesioni cutanee, le ustioni lievi, le irritazione della pelle, sulle macchie, per i funghi, per la psoriasi e negli herpes;<\/li>\n<li>negli shampoo, per ridurre irritazioni, forfora e caduta dei capelli;<\/li>\n<li>in aggiunta alla crema al collagene per rigenerare la cute e rallentare la formazione di rughe.<\/li>\n<\/ul>\n<p><strong>NOTA A PARTE DA SOTTOLINEARE<\/strong><\/p>\n<p><strong>EFFETTO EMETICO potente Magico del Vomito e della Diarrea che \u00e8 un Godimento con l&#8217;Ayahuasca: Il Vomito nel processo di Espansione della Coscienza e Conoscenza e Liberazione da tutto ci\u00f2 che ci appesantisce come una zavorra e ci impedisce di vivere davvero, appunto per quello che \u00e8 necessario espellerlo..<\/strong><\/p>\n<p><strong>IL VOMITO IN CERIMONIA DI AYAHUASCA O DI Rap\u00e9 O DI YOPO E DI TUTTE LE PIANTE SIMILI COME RUTA SIRIANA E MIMOSA COME ATTO DI LIBERAZIONE NECESSARIA.<\/strong><\/p>\n<p><strong>Il vomito<\/strong> che si verifica durante l\u2019assunzione di <strong>La Ayahuasca<\/strong> \u00e8 il risultato dell\u2019espulsione di energia pesante che ostacola la libera espressione del nostro essere, ci\u00f2 include le emozioni trattenute, i blocchi, i traumi, i condizionamenti, le vecchie identificazioni\u2026 cio\u00e8, ci\u00f2 che viene vomitato \u00e8 sempre qualcosa di nostro rimasto bloccato, che tramite il vomito viene liberato ed eliminato definitivamente.<\/p>\n<p>Non si vomita in qualsiasi momento ALMENO CHE CI SONO IN ATTO MALATTIE COME DIABETE O MALATTIE IMMUNOLOGICHE)\u00a0 ma proprio nel momento in cui, durante la cerimonia, arriva la comprensione del blocco (SPESSO QUESTO MOMENTO ARRIVA ASSIEME A TUTTI GLI ALTRI PARTECIPANTI E AVVIENE IN 2\/3 TRANCE).<\/p>\n<p>La maggioranza vomitano circa 3 volte ed \u00e8 nella terza che avviene la pace e liberazione. Una volta vomitato quando si rilascia il condizionamento acquisito dal passato; \u00e8 un qualcosa caricato con una forza simbolica profondamente curativa.<\/p>\n<p>Tuttavia la guarigione definitiva avviene attraverso la consapevolezza<\/p>\n<p>La caratteristica che innesca <strong>il vomito<\/strong> ha un nome ed \u00e8 Emetico<\/p>\n<p>\u00c8 un vomito liberatorio che non provoca disagio come quando si \u00e8 ubriachi o sei ammalato, ma al contrario,\u00a0 produce sollievo e lascia uno stato di pace profonda; a seguito di una scansione che l\u2019Ayahuasca esegue in tutto il corpo, si liberano ed espellono tossine che vengono eliminate dal corpo con forza, poich\u00e9 l\u2019Ayahuasca \u00e8 molto curativa e purgativa, a livello fisico, e purifica anche il sangue.<\/p>\n<p>Il classico vomito \u00e8 davvero Magico, quello dell&#8217;ayahausca in particolare suona come un BLop..che esce in maniera sorprendententemente Magica senza nessun fastidio ed \u00e8 immediata la senzazione di liberazione.<\/p>\n<div class=\"entry-content\">\n<p>Vengono vomitate le aderenze, le conseguenze fisiche delle nostre emozioni accumulate nel corpo, rabbia contenuta, senso di colpa radicato, incomprensioni \u2026 sono vomiti energetici che a volte aprono l\u2019intero canale dei chakra che dal terzo occhio che porta l\u2019aumento delle visioni reali e simbologiche significative e apertura conseguente del cuore e innesco e salita della Kundalini.<\/p>\n<div class=\"entry-content\">\n<p><strong>L\u2019Ayahuasca<\/strong> anche con il vomito insegna a perdonare s\u00e9 stessi e gli altri e porta armonia, pace e amore incondizionato.<\/p>\n<div class=\"entry-content\">\n<p>Dona benessere in s\u00e9 stessi, fisicamente, emozionalmente e aiuta a comprendere i reali meccanismi della mente decondizionando false credenze.<\/p>\n<div class=\"entry-content\">\n<p>Genera un senso di pace e comunione con il tutto che ci circonda.Ripulisce anche le pareti dell\u2019intestino perch\u00e9 la pulizia avviene anche dal basso, cio\u00e8 defecando (in cerimonia si va spesso in bagno) e lascia il corpo in armonioso equilibrio.\u00c8 importante chiarire che il vomito non si verifica, come tanti credono, perch\u00e9 <strong>l\u2019Ayahuasca<\/strong> sia tossica, ma tutt\u2019altro. E\u2019 stato scientificamente provato dagli studi del <strong>Dr. Jordi<\/strong> Riba presso la <strong>clinica di Sant Pau (Barcellona)<\/strong> che <strong>l\u2019Ayahuasca<\/strong> non contiene alcun elemento tossico che danneggi la salute fisica.<\/p>\n<h3><strong>STUDI da Segnalare (ma non i soli)<\/strong><\/h3>\n<p>Numerosi studi attualmente riportano che l&#8217;ayahuasca \u00e8 un valido supporto al trattamento delle dipendenze da sostanze stupefacenti nella riduzione dei sintomi, nel miglioramento della condizione generale e nella cessazione d&#8217;utilizzo della sostanza d&#8217;abuso.Nel 2014 tredici terapisti operanti nel settore delle dipendenze da sostanze stupefacenti accettarono assieme ai loro pazienti di partecipare a un esperimento in cui si supportava la terapia con l&#8217;ayahuasca, lo studio riporta miglioramenti della condizione di tutti i pazienti.<\/p>\n<ul>\n<li>Uno <strong>studio psichiatrico<\/strong> del 2018 su 1947 persone membri dell&#8217; <strong>Uni\u00e3o do Vegetal<\/strong> ha constatato una riduzione nel consumo di alcol e tabagismo da parte dei membri da quando hanno preso parte alle Cerimonie. Un altro studio sui membri del Santo Daime ha riportato una riduzione dei sintomi dei disturbi d&#8217;ansia a seguito del periodo d&#8217;assunzione dell&#8217;infuso. Nel 2018 quaranta dipendenti da <strong>C***K<\/strong> hanno assunto <strong>La Ayahuasca<\/strong> nel corso di uno studio scientifico riportando una riduzione dei sintomi e generali miglioramenti a seguito della terapia.\u00a0In uno studio condotto all&#8217;interno di un gruppo di praticanti della religione brasiliana\u00a0<i>Uni\u00e3o do Vegetal<\/i> l&#8217;ayahuasca si \u00e8 mostrata efficace nel trattamento dell&#8217; <strong>Alcolismo<\/strong> e della dipendenza indotta dall&#8217;abuso di <strong>sostanze stupefacenti.<\/strong><\/li>\n<li>E&#8217; stato suggerito che l&#8217;ayahuasca possa essere utile per il trattamento dei disturbi mentali nei quali si sospetta un deficit del metabolismo della Seretonina quali <strong>Depressione, autismo, schizofrenia, sindrome\u00a0 da deficit di attenzione e iperattivit\u00e0<\/strong>. L&#8217;armina possiede propriet\u00e0 anti-parassitarie che potrebbero farne ipotizzare l&#8217;uso nella profilassi della malaria e di varie altre parassitosi.<\/li>\n<li>Inoltre per il <strong>cancro\u00a0al seno<\/strong>\u00a0alla prostata, al cervello, alle ovaie, all\u2019utero, allo stomaco e al colon. Diverse persone hanno scelto questo percorso teRap\u00e9utico per curare il cancro nelle sue diverse forme ed hanno testimoniato di essere guarite grazie all\u2019ayahuasca. Per questo, la comunit\u00e0 scientifica ha iniziato ad\u00a0<strong>interessarsi allo studio dell\u2019efficacia di questa bevanda medicinale secondo parametri medici e farmacologici<\/strong>. Un interessante Studio su questo aspetto \u00e8 stato pubblicato nel 2013 dal giovane ricercatore <strong>Eduardo Schenberg<\/strong>, dell\u2019Universit\u00e0 Federale di Sao Paulo, in Brasile.<\/li>\n<\/ul>\n<\/div>\n<div id=\"tab_disclaimer\" class=\"panel entry-content\" role=\"tabpanel\" aria-labelledby=\"tab-disclaimer\">\n<p><strong><span style=\"color: #d83131;\">LA FOTO EN LA DESCRIPCI\u00d3N ES PURAMENTE INDICATIVO<\/span><\/strong><\/p>\n<p><strong><span style=\"color: #d83131;\">LOS PRODUCTOS EST\u00c1N GARANTIZADOS DE KARMARANDO<\/span><\/strong><br \/>\n<strong><span style=\"color: #d83131;\">Para los productos de las PLANTAS, el INCIENSO, Y los polvos PREPARADOS en el MOMENTO EN que no se puede hacer DEVOLUCIONES o REEMBOLSOS<\/span><\/strong><\/p>\n<p>El <strong>los t\u00e9rminos utilizados<\/strong> en las categor\u00edas y los tags no quiero sugerir que el uso medicinal y recreativo de los productos, simplemente ordenar de acuerdo a su uso hist\u00f3rico, cient\u00edfico y social.<\/p>\n<p><strong>Las recetas son proporcionados como un cient\u00edfico<\/strong>no quieren animar a los clientes a repetir, ni a consumir los productos.<\/p>\n<p><strong>Nuestro contenido<\/strong> no han sido evaluadas por la FDA o por cualquier figura de la profesi\u00f3n m\u00e9dica: los posibles aplicaciones, indicaciones, dosificaci\u00f3n y advertencias se describen \u00fanicamente para fines educativos, especulaciones y personal, y no constituye consejo m\u00e9dico.<\/p>\n<p><strong>Los productos se venden<\/strong> como el incienso, Jabones, Resinas y colecci\u00f3n bot\u00e1nica, y el material de la investigaci\u00f3n cient\u00edfica.<\/p>\n<p><span style=\"color: #ed1c24; font-size: 115%;\"><strong>Ellos no est\u00e1n destinados para el consumo humano.<br \/>\nPara poder comprar nuestros productos usted debe ser mayor de 18 a\u00f1os de edad y no son adecuados para las mujeres que est\u00e1n embarazadas y\/o lactancia de las mujeres.<\/strong><\/span><\/p>\n<p>Para obtener m\u00e1s informaci\u00f3n sobre <strong>KARMARANDO<\/strong> visita <a href=\"https:\/\/www.instagram.com\/karmarando1\/\" target=\"_blank\" rel=\"noopener\"><br \/>\n<span style=\"color: #0000ff;\"><strong>esta p\u00e1gina<\/strong><\/span><\/a> o leer las \u00faltimas noticias sobre <a href=\"https:\/\/karmarando.com\/es\/blog\/\" target=\"_blank\" rel=\"nofollow noopener\"><strong><span style=\"color: #0000ff;\">BLOG<\/span><\/strong><\/a><\/p>\n<\/div><\/div><\/div>\n<\/div>\n<\/div>\n<\/div>\n<\/div>","protected":false},"excerpt":{"rendered":"","protected":false},"featured_media":4487,"comment_status":"open","ping_status":"closed","template":"","meta":[],"product_brand":[468],"product_cat":[201,210,200,199,211],"product_tag":[729],"class_list":{"0":"post-4507","1":"product","2":"type-product","3":"status-publish","4":"has-post-thumbnail","6":"product_brand-karmarando","7":"product_cat-caapi-aya-e-microdosi","8":"product_cat-erbe-del-sogno-oneirogeni","9":"product_cat-etnobotaniche","10":"product_cat-piante-di-potere","11":"product_cat-visionistiche","12":"product_tag-jurema-preta","13":"pa_brand-karmarando","14":"pa_ean-1235","15":"pa_formato-polvere","16":"pa_formato-radice-intera","17":"pa_formato-tritata","18":"pa_ingredienti-jurema-preta","19":"pa_paese-di-fabbricazione-amzonia","20":"pa_paese-di-fabbricazione-india","21":"pa_paese-di-fabbricazione-peru","22":"pa_paese-di-fabbricazione-sardegna","23":"pa_paese-di-fabbricazione-sicilia","24":"pa_unita-di-misura-1000-g","25":"pa_unita-di-misura-25-g","26":"pa_unita-di-misura-250-g","27":"pa_unita-di-misura-500-g","29":"first","30":"instock","31":"sale","32":"shipping-taxable","33":"purchasable","34":"product-type-variable"},"_links":{"self":[{"href":"https:\/\/karmarando.com\/es\/wp-json\/wp\/v2\/product\/4507","targetHints":{"allow":["GET"]}}],"collection":[{"href":"https:\/\/karmarando.com\/es\/wp-json\/wp\/v2\/product"}],"about":[{"href":"https:\/\/karmarando.com\/es\/wp-json\/wp\/v2\/types\/product"}],"replies":[{"embeddable":true,"href":"https:\/\/karmarando.com\/es\/wp-json\/wp\/v2\/comments?post=4507"}],"wp:featuredmedia":[{"embeddable":true,"href":"https:\/\/karmarando.com\/es\/wp-json\/wp\/v2\/media\/4487"}],"wp:attachment":[{"href":"https:\/\/karmarando.com\/es\/wp-json\/wp\/v2\/media?parent=4507"}],"wp:term":[{"taxonomy":"product_brand","embeddable":true,"href":"https:\/\/karmarando.com\/es\/wp-json\/wp\/v2\/product_brand?post=4507"},{"taxonomy":"product_cat","embeddable":true,"href":"https:\/\/karmarando.com\/es\/wp-json\/wp\/v2\/product_cat?post=4507"},{"taxonomy":"product_tag","embeddable":true,"href":"https:\/\/karmarando.com\/es\/wp-json\/wp\/v2\/product_tag?post=4507"}],"curies":[{"name":"wp","href":"https:\/\/api.w.org\/{rel}","templated":true}]}}