{"id":4458,"date":"2022-01-31T01:47:26","date_gmt":"2022-01-31T00:47:26","guid":{"rendered":"https:\/\/www.karmarando.com\/?post_type=product&#038;p=4458"},"modified":"2026-02-07T09:19:07","modified_gmt":"2026-02-07T08:19:07","slug":"ayahuasca-banisteriopsis-caapi-cielo-original-chacruna-chaliponga-harmala-resina-pasta","status":"publish","type":"product","link":"https:\/\/karmarando.com\/es\/piante-di-potere\/etnobotaniche\/erbe-del-sogno-oneirogeni\/ayahuasca-banisteriopsis-caapi-cielo-original-chacruna-chaliponga-harmala-resina-pasta\/","title":{"rendered":"Ayahuasca, Banisteriopsis Caapi Cielo \u2013 Original Chacruna, Chaliponga , Harmala, La Mimosa (Pegar)"},"content":{"rendered":"<div class=\"tabbed-content\">\n\t\t\t\n\t\t\t<ul class=\"nav nav-pills nav-uppercase nav-size-small nav-center\" role=\"tablist\"><li id=\"tab-descrizione\" class=\"tab active has-icon\" role=\"presentation\"><a href=\"#tab_descrizione\" role=\"tab\" aria-selected=\"true\" aria-controls=\"tab_descrizione\"><span>Descripci\u00f3n<\/span><\/a><\/li>\n<li id=\"tab-propriet\u00e0\" class=\"tab has-icon\" role=\"presentation\"><a href=\"#tab_propriet\u00e0\" tabindex=\"-1\" role=\"tab\" aria-selected=\"false\" aria-controls=\"tab_propriet\u00e0\"><span>La propiedad<\/span><\/a><\/li>\n<li id=\"tab-come-si-f\u00e0?\" class=\"tab has-icon\" role=\"presentation\"><a href=\"#tab_come-si-f\u00e0?\" tabindex=\"-1\" role=\"tab\" aria-selected=\"false\" aria-controls=\"tab_come-si-f\u00e0?\"><span>Como se pone?<\/span><\/a><\/li>\n<li id=\"tab-disclaimer\" class=\"tab has-icon\" role=\"presentation\"><a href=\"#tab_disclaimer\" tabindex=\"-1\" role=\"tab\" aria-selected=\"false\" aria-controls=\"tab_disclaimer\"><span>DESCARGO de responsabilidad<\/span><\/a><\/li><\/ul><div class=\"tab-panels\"><div id=\"tab_descrizione\" class=\"panel active entry-content\" role=\"tabpanel\" aria-labelledby=\"tab-descrizione\">\n<h3><strong>Ayahuasca Banisteriopsis Caapi Cielo &#8211; Original Chacruna, Chaliponga , Harmala, Mimosa (in Pasta) per Cerimonia Sacra.<\/strong><\/h3>\n<h4><strong>COMPOSTO E QUALITA&#8217;<\/strong><\/h4>\n<p>La nostra <strong>Pasta Nera di Ayahuasca\u00a0 di Banisteriopsis Caapi pi\u00f9 componenti come la Virdis (chacruna) Con Chaliponga (per visioni matriarcali pi\u00f9 intense) ed Harmala (Ruta siriana) (per comprensione d espansione pi\u00f9 marcata e soprattutto come insipensabile IMAO) ed \u00e8 a\u00a0 40x.<\/strong><\/p>\n<p>Proviene dalla terra di una nostra cara conosocenza, che \u00e8 una Famiglia Quequa del Per\u00f9, la stessa esperta di Kambo di cui ci serviamo, Quando Dagne e Elena li hanno incontrati, hanno sentito una connessione reciproca. La famiglia li ha invitati nella loro terra, a poche ore da dove vivono.<\/p>\n<p>La famiglia sono i custodi (di lunga stirpe) di una grotta sacra cerimoniale con all&#8217;interno una cascata. Nella loro terra ancestrale del kambo e dell&#8217;ayahuasca ma anche di molte altre medicine, dedicano la loro vita a questo. Intorno alla grotta coltivano e raccolgono le viti di caapi (ayahausca Vine Nera Cielo) in modo sostenibile.<\/p>\n<p>Ogniuna che raccolgono ne Ripiantano altre dieci viti. Le viti seccano (esssicano) tutte al sole e non subiscono ulteriori trattamenti.<\/p>\n<p><strong>La Pasta di ayahuasca \u00e8 prodotta<\/strong> usando solo acqua pulita e le Piante di potere appena raccolte. La vite di <strong> Banisteriopsis Caapi <\/strong> fresca, dona un\u00a0 prodotto finale migliore rispetto a quando usiamo la vite secca. Accompagnati dagli indigeni locali, facciamo bollire lentamente le viti per molte ore (3 volte x 24 ore totali). Con l&#8217;aggiunta come ben si s\u00e0 di un imao e altri due attivatori e amplificatori della vite. Dopo ogni periodo di 8 ore filtriamo il liquido. Quindi facciamo bollire il liquido fino a quando non diventa una pasta densa e solida.<\/p>\n<h4><strong>ETIMOLOGIA<\/strong><\/h4>\n<p>Ha molti nomi la Resina di Ayahuasca in base alle aggiunte e al medtodo e molte varianti di Caapi (Nera, Gialla, rossa. et) la qui presente \u00e8 di rpima qualit\u00e0 e d \u00e8 precisamente la Cielo (usando la caapi nera),\u00a0 La nostra ha sia Imao\u00a0 (ruta Siriana) come da ricetta originale e solo in per\u00f9\u00a0 Chaliponga e Harmala.<\/p>\n<p>Questo nello specifico \u00e8 la Nera Banisteriopsis Caapi Cielo Peruviana.<\/p>\n<p>Anche se ha aggiunte e differenze Varie, viene chiamata in maniere diverse fra le trib\u00f9 dela amazonia, fra cui: In Brasile Santo Daime, in Colombia Yage, o, Yaje, Yahe, Yaxe,<\/p>\n<p>Inoltre Hoasca, Vine of the Soul, Bejuco de Oro, Biaxa, Dapa, Doctor, Kaapi, Kahi, Maridi, Mihi, Nepe, Pinde, Totenliane, Vine of the Dead, \u00a0and Netma, Jagube.<\/p>\n<p><strong>La parola Ayahausca<\/strong> \u00e8 composta da 2 parole in lingua Quechua \u201cRuna simi\u201d (Che \u00e8 la\u00a0<b>lingua<\/b> madre degli Incas pi\u00f9 utilizzata in Sud America. \u00c8 parlata in Per\u00f9, Bolivia, Ecuador, Colombia, Cile e Argentina. Ha diversi dialetti e divisioni. Ayahusca formata da Aya pi\u00f9 Huasca, letteralmente &#8220;CORDA O LIANA CHE COLLEGA IL MONDO DEI VIVI CON IL MONDO DEGLI SPIRITI&#8221; Infatti il suo lavoro \u00e8 prettamente Ancestrale,\u00a0 a stretto contatto degli spiriti degli antenati, dove il capostipite in questione, dovr\u00e0 avere il suo naturale giudizio visivo di tutta la sua vita per apprendere cosa cambiare di s\u00e8 sia interiormente che di conseguenza Esterioremnte, cosi da poter cambiare il suo proprio mondo esteriormente.<\/p>\n<p>Perch\u00e8 il mondo e la nostra visone di esse dipende solo da noi, e il mondo si cambia dall&#8217;interno, per poter cambiare ed essere una proiezine sana e gioiosa del mondo esteriore.<\/p>\n<p><strong>L&#8217;ayahuasca<\/strong> Es costumbre de llamar &#034;LIANA DE los MUERTOS&#034;, porque, por supuesto, lo que relmente que sucede es que un viaje al pasado de sus antepasados, donde se muere y se renace a alguien nuevo, fresco, conectado, consciente, alegre y feliz.<\/p>\n<\/div>\n<div id=\"tab_propriet\u00e0\" class=\"panel entry-content\" role=\"tabpanel\" aria-labelledby=\"tab-propriet\u00e0\">\n<h3><strong>PROPRIETA&#8217; E BENEFICI sia dalla cerimonia che dalla microdose anche se piu sottilmente.<\/strong><\/h3>\n<ul>\n<li><strong>Depura e Disintossica :<\/strong> Effetto detox potente in grado di purificare l\u2019organismo cn una senzazione anche per 6 mesi dopo dopo l\u2019assunzione<\/li>\n<li><strong>Purificazione Interiore di Anima: <\/strong>Ci si sentir\u00e0 leggeri e rinnovati con grande stupore e sensazioni di purezza dell&#8217;anima che ci accompagner\u00e0 per un mese in maniera molto persistente ma anche per sempre nel senso, che sea\u00e0una intima rinascita che che innescher\u00e0 il cambiamento chiave della nostra vita, questo processo soprattto per i primi due anni potr\u00e0 essere ripeutto una volta al mese.<\/li>\n<li><strong>Migliora l\u2019umore:<\/strong> Effetto marcato su umore ed emozioni, sarebbe dunque in grado di risolvere disturbi come ansia e depressione.<\/li>\n<li><strong>Vedrai le cose dal giusto senso della Vita: <\/strong>Ti far\u00e0 piangere e ti far\u00e0 ridere. Risoluzione dei disturbi della sfera emotiva e dell\u2019umore, maggior consapevolezza, ritrovare il senso della propria vita, sperimentare una forte connessione con il mondo naturale e con quello della spiritualit\u00e0 appartenenete a noi e all&#8217;anima.<\/li>\n<li><strong>Aumenta la creativit\u00e0 e ricominciare a Sognare e vivere davvero:<\/strong> Persone che lavorano grazie alle proprie doti creative (scrittori, musicisti, ecc.) ottengono benefici dopo aver assunto la bevanda.<\/li>\n<li><strong>Anticancerogena:<\/strong> i principi attivi presenti nelle piante che si utilizzano per realizzare l\u2019ayahuasca potrebbero avere doti antitumorali. Un Recente Studio a riguardo del 2013 \u00e8 opera dell\u2019Universit\u00e0 Federale di Sao Paulo, in Brasile.<\/li>\n<li><strong>Visionistica ed Ancestrale<\/strong>:\u00a0 Oltre ad assistere a formazione di forme geometriche e visioni di colori brillanti e bagliori provenienti dalla nostra aurea circostanti,\u00a0 permetter\u00e0 di entrare nella dimsensione sogno detta mondo parallelo o\u00a0 dimensioni spirituali che cambieranno per sempre la nostra vita, tant \u00e8 vero che \u00e8 lei stessa che ci chiama nel momento che siamo pronti.<\/li>\n<li><strong>Per il trattamento delle dipendenze:<\/strong> Come specificato dagli studi scritti sotto \u00e8 perfetta per eliminare dipendenze da droga, alcool, tabagismo o farmaci se c\u00e8 davvero una forza di volont\u00e0 in atto da parte Vostra. Lei ci mostra e ci insegna in maniera indelebile, ma il restante lavoro spetta a noi.<br \/>\n<h3 class=\"entry-header\"><strong>NOTA A PARTE DA SOTTOLINEARE<\/strong><\/h3>\n<p class=\"entry-header\"><strong>EFFETTO EMETICO potente, Effetto\u00a0 Magico del Vomito e della Diarrea che \u00e8 un Godimento con l&#8217;Ayahuasca: Il Vomito nel processo di Espansione della Coscienza e Conoscenza e Liberazione da tutto ci\u00f2 che ci appesantisce come una zavorra e ci impedisce di vivere davvero, appunto per quello che \u00e8 necessario espellerlo..<\/strong><\/p>\n<div class=\"entry-content\">\n<p data-adtags-visited=\"true\"><strong>IL VOMITO IN CERIMONIA DI AYAHUASCA O DI Rap\u00e9 O DI YOPO E DI TUTTE LE PIANTE SIMILI COME RUTA SIRIANA E MIMOSA COME ATTO DI LIBERAZIONE NECESSARIA.<\/strong><\/p>\n<div class=\"entry-content\">\n<p data-adtags-visited=\"true\"><strong>Il vomito<\/strong> che si verifica durante l\u2019assunzione di <strong>La Ayahuasca<\/strong> \u00e8 il risultato dell\u2019espulsione di energia pesante che ostacola la libera espressione del nostro essere, ci\u00f2 include le emozioni trattenute, i blocchi, i traumi, i condizionamenti, le vecchie identificazioni\u2026 cio\u00e8, ci\u00f2 che viene vomitato \u00e8 sempre qualcosa di nostro rimasto bloccato, che tramite il vomito viene liberato ed eliminato definitivamente.<\/p>\n<p data-adtags-visited=\"true\">Non si vomita in qualsiasi momento ALMENO CHE CI SONO IN ATTO MALATTIE COME DIABETE O MALATTIE IMMUNOLOGICHE)\u00a0 ma proprio nel momento in cui, durante la cerimonia, arriva la comprensione del blocco (SPESSO QUESTO MOMENTO ARRIVA ASSIEME A TUTTI GLI ALTRI PARTECIPANTI E AVVIENE IN 2\/3 TRANCE) La maggioranza vomitano circa 3 volte ed \u00e8 nella terza che avviene la pace e liberazione. Una volta vomitato quando si rilascia il condizionamento acquisito dal passato; \u00e8 un qualcosa caricato con una forza simbolica profondamente curativa. Tuttavia la guarigione definitiva avviene attraverso la consapevolezza<\/p>\n<p data-adtags-visited=\"true\">La caratteristica che innesca <strong>il vomito<\/strong> ha un nome ed \u00e8 Emetico<\/p>\n<p data-adtags-visited=\"true\">\u00c8 un vomito liberatorio che non provoca disagio come quando si \u00e8 ubriachi o sei ammalato, ma al contrario,\u00a0 produce sollievo e lascia uno stato di pace profonda; a seguito di una scansione che l\u2019Ayahuasca esegue in tutto il corpo, si liberano ed espellono tossine che vengono eliminate dal corpo con forza, poich\u00e9 l\u2019Ayahuasca \u00e8 molto curativa e purgativa, a livello fisico, e purifica anche il sangue.<\/p>\n<p data-adtags-visited=\"true\">Il classico vomito \u00e8 davvero Magico, quello dell&#8217;ayahausca in particolare suona come un BLop..che esce in maniera sorprendententemente Magica senza nessun fastidio ed \u00e8 immediata la senzazione di liberazione.<\/p>\n<div class=\"entry-content\">\n<p data-adtags-visited=\"true\">Vengono vomitate le aderenze, le conseguenze fisiche delle nostre emozioni accumulate nel corpo, rabbia contenuta, senso di colpa radicato, incomprensioni \u2026 sono vomiti energetici che a volte aprono l\u2019intero canale dei chakra che dal terzo occhio che porta l\u2019aumento delle visioni reali e simbologiche significative e apertura conseguente del cuore e innesco e salita della Kundalini.<\/p>\n<p data-adtags-visited=\"true\"><strong>L\u2019Ayahuasca<\/strong> anche con il vomito insegna a perdonare s\u00e9 stessi e gli altri e porta armonia, pace e amore incondizionato. Dona benessere in s\u00e9 stessi, fisicamente, emozionalmente e aiuta a comprendere i reali meccanismi della mente decondizionando false credenze. Genera un senso di pace e comunione con il tutto che ci circonda.<\/p>\n<p data-adtags-visited=\"true\">Ripulisce anche le pareti dell\u2019intestino perch\u00e9 la pulizia avviene anche dal basso, cio\u00e8 defecando (in cerimonia si va spesso in bagno) e lascia il corpo in armonioso equilibrio.<\/p>\n<p data-adtags-visited=\"true\">\u00c8 importante chiarire che il vomito non si verifica, come tanti credono, perch\u00e9 <strong>l\u2019Ayahuasca<\/strong> sia tossica, ma tutt\u2019altro. E\u2019 stato scientificamente provato dagli studi del <strong>Dr. Jordi<\/strong> Riba presso la <strong>clinica di Sant Pau (Barcellona)<\/strong> che <strong>l\u2019Ayahuasca<\/strong> non contiene alcun elemento tossico che danneggi la salute fisica.<\/p>\n<\/div>\n<\/div>\n<\/div>\n<\/li>\n<\/ul>\n<h3><strong>EFFETTI:\u00a0<\/strong><\/h3>\n<p><strong>La durata<\/strong> della cerimonia di Ayahausca di questa composizione sacra fatta apposta per noi, \u00e8 fra le <strong>6 e 8 ore.<\/strong><\/p>\n<p>L&#8217;Ayahuasca non \u00e8 un narcotico, infatti principalmente produce DMT che \u00e8 la medesima sostanza prodotta nel cervello umano, pi\u00f9 precisamente dalla lusca ghiandola appartenente alla kundalini (cio\u00e8\u00a0 due serpenti rappresentati nel Caduceo nel simbolo delle farmacie, che sarebbe il DNA assieme a tutta la simbologia) e dalla ghiandola pineale (che non ha bisogno di presentazioni). Ogni notte, durante la <a title=\"Rapid eye movement\" href=\"https:\/\/it.wikipedia.org\/wiki\/Rapid_eye_movement\" target=\"_blank\" rel=\"noopener\">fase REM<\/a> del sonno, e nella nascita fino e per le restanti 24 ore dopo il decesso.<sup id=\"cite_ref-Ott_15-1\" class=\"reference\"><\/sup><\/p>\n<p><strong>Terence McKenna<\/strong> sostenne che la\u00a0\u00a0<strong>dimetiltriptamina non sia una molecola <\/strong>pericolosa per la salute, a meno che uno non muoia dallo stupore. oppure vieen mischiata con altri componenti nelle precedenti 24 ore. Effettivamente, non ci sono ad oggi prove di danni fisici causati da questa sostanza. Ma ci\u00f2 che davvero \u00e8 determinante, \u00e8 che vienga usata solo per scopi sacri e di guarigione di spirito e anima e di cosneguenza di tutto ci\u00f2 che comprende la psicosomatica, nel rispetto di questa pianta sacra di potere.<\/p>\n<p>Ci\u00f2 che pu\u00f2 indurre l&#8217;ayahuasca \u00e8 molto complesso e varia ida persona a persona ma come accennato sopra, porta a rompere per sempre con le idee radicate dentro di noi, che sono la causa nociva emozionale e psicosomatica infantile da cui tutto dipende.<\/p>\n<p>Le visioni sono soprattutto la prima mezzora e sono necessarie per separare il mondo che chiamiamo reale, cosi da poter entrare nel mondo che chiamiamo sogno. Ed \u00e8 proprio li che avverr\u00e0 il processo di cura. E&#8217; li che avremo al guarigione di rancori e nervoso arretrato proveniente da soffrimenti infantili che tutti sottostiamo come sfida da sostenere che c viene tramandata dai nostri genitori e antenati. Proprio per questo che l&#8217;Ayahausca viene chiamata maestra e anziana Abuelita, perch\u00e8 \u00e8 proprio lei che ci insegna e ci permette di visualizzare come \u00e8 tutto distorto ci\u00f2 che conoscevamo prima di allora.Ci permette inoltre di liberarci da dogmi, da false credenze e scorretti comportamenti sia nei nostri che nei confronti degli altri, che a lungo andare stavano diventando distruttivi. Tutte queste sottigliezze, sono la causa di tutti i nostri malanni e cattivi pensieri.<\/p>\n<h3><strong>STUDI da Segnalare (ma non i soli)<\/strong><\/h3>\n<p>Numerosi studi attualmente riportano che l&#8217;ayahuasca \u00e8 un valido supporto al trattamento delle dipendenze da sostanze stupefacenti nella riduzione dei sintomi, nel miglioramento della condizione generale e nella cessazione d&#8217;utilizzo della sostanza d&#8217;abuso.Nel 2014 tredici terapisti operanti nel settore delle dipendenze da sostanze stupefacenti accettarono assieme ai loro pazienti di partecipare a un esperimento in cui si supportava la terapia con l&#8217;ayahuasca, lo studio riporta miglioramenti della condizione di tutti i pazienti.<\/p>\n<p>Uno <strong>studio psichiatrico<\/strong> del 2018 su 1947 persone membri dell&#8217; <strong>Uni\u00e3o do Vegetal<\/strong> ha constatato una riduzione nel consumo di alcol e tabagismo da parte dei membri da quando hanno preso parte alle Cerimonie. Un altro studio sui membri del Santo Daime ha riportato una riduzione dei sintomi dei disturbi d&#8217;ansia a seguito del periodo d&#8217;assunzione dell&#8217;infuso. Nel 2018 quaranta dipendenti da <strong>C***K<\/strong> hanno assunto <strong>La Ayahuasca<\/strong> nel corso di uno studio scientifico riportando una riduzione dei sintomi e generali miglioramenti a seguito della terapia.\u00a0In uno studio condotto all&#8217;interno di un gruppo di praticanti della religione brasiliana\u00a0<i>Uni\u00e3o do Vegetal<\/i> l&#8217;ayahuasca si \u00e8 mostrata efficace nel trattamento dell&#8217; <strong>Alcolismo<\/strong> e della dipendenza indotta dall&#8217;abuso di <strong>sostanze stupefacenti.<\/strong><\/p>\n<p>E&#8217; stato suggerito che l&#8217;ayahuasca possa essere utile per il trattamento dei disturbi mentali nei quali si sospetta un deficit del metabolismo della Seretonina quali <strong>Depressione, autismo, schizofrenia, sindrome\u00a0 da deficit di attenzione e iperattivit\u00e0<\/strong>. L&#8217;armina possiede propriet\u00e0 anti-parassitarie che potrebbero farne ipotizzare l&#8217;uso nella profilassi della malaria e di varie altre parassitosi.<\/p>\n<p>Inoltre per il <strong>cancro\u00a0al seno<\/strong>\u00a0alla prostata, al cervello, alle ovaie, all\u2019utero, allo stomaco e al colon. Diverse persone hanno scelto questo percorso teRap\u00e9utico per curare il cancro nelle sue diverse forme ed hanno testimoniato di essere guarite grazie all\u2019ayahuasca. Per questo, la comunit\u00e0 scientifica ha iniziato ad\u00a0<strong>interessarsi allo studio dell\u2019efficacia di questa bevanda medicinale secondo parametri medici e farmacologici<\/strong>. Un interessante Studio su questo aspetto \u00e8 stato pubblicato nel 2013 dal giovane ricercatore <strong>Eduardo Schenberg<\/strong>, dell\u2019Universit\u00e0 Federale di Sao Paulo, in Brasile.<\/p>\n<\/div>\n<div id=\"tab_come-si-f\u00e0?\" class=\"panel entry-content\" role=\"tabpanel\" aria-labelledby=\"tab-come-si-f\u00e0?\">\n<p><strong>Cerimonia<\/strong><\/p>\n<p>La quantit\u00e0 media per effettuare una <strong>Cerimonia<\/strong> si assesta fra <strong>25 e 28gr<\/strong> per la Donna e fra i <strong>30 e 35gr<\/strong> per l&#8217;Uomo. Di conseguenza per chi \u00e8 alle prime armi baster\u00e0 di media 33 grammi (per un peso fra 70 e 80 si aggiungeranno 5 grammi o 10 nel caso di peso fra 80 e 90 e cosi via) la cerimonia dura\u00a0 6\/8 ore,<\/p>\n<p>Normalmente si prende in una unica soluzione ma dai 70kg in su \u00e8 meglio\u00a0 che un quarto del totale venga preso entro 40 minuti dalla prima bevuta.<\/p>\n<p>La bevanda si ottinee sciogliendo la pasta in acqua quasi bollente senza per\u00f2 farla bollire per evitare di rovinarla.Quindi versandola dentro in un vasetto assieme alla pasta, per poi scuotere sbattendo bene.<\/p>\n<p><strong>Microdose<\/strong><\/p>\n<p><strong>4\/5<\/strong> grammi al giorno (in base al soggetto e il grado evolutivo) per <strong>21 giorni<\/strong> saranno sufficienti per ottenere una terapia completa dagli effetti e cure emotive e psicologiche davvero sorprendenti!<\/p>\n<p>alla mattina a stomaco vuoto o alla sera 40 minuti epr andare a dormre<\/p>\n<p>la cosa migliore \u00e8 fare meta alla mattina e meta alla sera<\/p>\n<\/div>\n<div id=\"tab_disclaimer\" class=\"panel entry-content\" role=\"tabpanel\" aria-labelledby=\"tab-disclaimer\">\n<p><strong><span style=\"color: #d83131;\">LA FOTO EN LA DESCRIPCI\u00d3N ES PURAMENTE INDICATIVO<\/span><\/strong><\/p>\n<p><strong><span style=\"color: #d83131;\">LOS PRODUCTOS EST\u00c1N GARANTIZADOS DE KARMARANDO<\/span><\/strong><br \/>\n<strong><span style=\"color: #d83131;\">Para los productos de las PLANTAS, el INCIENSO, Y los polvos PREPARADOS en el MOMENTO EN que no se puede hacer DEVOLUCIONES o REEMBOLSOS<\/span><\/strong><\/p>\n<p>El <strong>los t\u00e9rminos utilizados<\/strong> en las categor\u00edas y los tags no quiero sugerir que el uso medicinal y recreativo de los productos, simplemente ordenar de acuerdo a su uso hist\u00f3rico, cient\u00edfico y social.<\/p>\n<p><strong>Las recetas son proporcionados como un cient\u00edfico<\/strong>no quieren animar a los clientes a repetir, ni a consumir los productos.<\/p>\n<p><strong>Nuestro contenido<\/strong> no han sido evaluadas por la FDA o por cualquier figura de la profesi\u00f3n m\u00e9dica: los posibles aplicaciones, indicaciones, dosificaci\u00f3n y advertencias se describen \u00fanicamente para fines educativos, especulaciones y personal, y no constituye consejo m\u00e9dico.<\/p>\n<p><strong>Los productos se venden<\/strong> como el incienso, Jabones, Resinas y colecci\u00f3n bot\u00e1nica, y el material de la investigaci\u00f3n cient\u00edfica.<\/p>\n<p><span style=\"color: #ed1c24; font-size: 115%;\"><strong>Ellos no est\u00e1n destinados para el consumo humano.<br \/>\nPara poder comprar nuestros productos usted debe ser mayor de 18 a\u00f1os de edad y no son adecuados para las mujeres que est\u00e1n embarazadas y\/o lactancia de las mujeres.<\/strong><\/span><\/p>\n<p>Para obtener m\u00e1s informaci\u00f3n sobre <strong>KARMARANDO<\/strong> visita <a href=\"https:\/\/www.instagram.com\/karmarando1\/\" target=\"_blank\" rel=\"noopener\"><br \/>\n<span style=\"color: #0000ff;\"><strong>esta p\u00e1gina<\/strong><\/span><\/a> o leer las \u00faltimas noticias sobre <a href=\"https:\/\/karmarando.com\/es\/blog\/\" target=\"_blank\" rel=\"nofollow noopener\"><strong><span style=\"color: #0000ff;\">BLOG<\/span><\/strong><\/a><\/p>\n<\/div><\/div><\/div>","protected":false},"excerpt":{"rendered":"<p>Ayahuasca, Banisteriopsis Caapi Cielo \u2013 Original Chacruna, Chaliponga , Harmala, La Mimosa (Pegar)<\/p>","protected":false},"featured_media":4460,"comment_status":"open","ping_status":"closed","template":"","meta":[],"product_brand":[468],"product_cat":[201,210,200,199,211],"product_tag":[728],"class_list":{"0":"post-4458","1":"product","2":"type-product","3":"status-publish","4":"has-post-thumbnail","6":"product_brand-karmarando","7":"product_cat-caapi-aya-e-microdosi","8":"product_cat-erbe-del-sogno-oneirogeni","9":"product_cat-etnobotaniche","10":"product_cat-piante-di-potere","11":"product_cat-visionistiche","12":"product_tag-pasta-nera-chacruna-banisteriopsis-caapi","13":"pa_brand-karmarando","14":"pa_ean-1238","15":"pa_formato-pasta","16":"pa_ingredienti-ayahuasca-banisteriopsis","17":"pa_paese-di-fabbricazione-amzonia","18":"pa_paese-di-fabbricazione-india","19":"pa_paese-di-fabbricazione-peru","20":"pa_paese-di-fabbricazione-sardegna","21":"pa_paese-di-fabbricazione-sicilia","22":"pa_unita-di-misura-1000-g","23":"pa_unita-di-misura-105-g","24":"pa_unita-di-misura-15-g","25":"pa_unita-di-misura-200-g","26":"pa_unita-di-misura-35-g","27":"pa_unita-di-misura-40-g","28":"pa_unita-di-misura-500-g","30":"first","31":"instock","32":"sale","33":"shipping-taxable","34":"purchasable","35":"product-type-variable"},"_links":{"self":[{"href":"https:\/\/karmarando.com\/es\/wp-json\/wp\/v2\/product\/4458","targetHints":{"allow":["GET"]}}],"collection":[{"href":"https:\/\/karmarando.com\/es\/wp-json\/wp\/v2\/product"}],"about":[{"href":"https:\/\/karmarando.com\/es\/wp-json\/wp\/v2\/types\/product"}],"replies":[{"embeddable":true,"href":"https:\/\/karmarando.com\/es\/wp-json\/wp\/v2\/comments?post=4458"}],"wp:featuredmedia":[{"embeddable":true,"href":"https:\/\/karmarando.com\/es\/wp-json\/wp\/v2\/media\/4460"}],"wp:attachment":[{"href":"https:\/\/karmarando.com\/es\/wp-json\/wp\/v2\/media?parent=4458"}],"wp:term":[{"taxonomy":"product_brand","embeddable":true,"href":"https:\/\/karmarando.com\/es\/wp-json\/wp\/v2\/product_brand?post=4458"},{"taxonomy":"product_cat","embeddable":true,"href":"https:\/\/karmarando.com\/es\/wp-json\/wp\/v2\/product_cat?post=4458"},{"taxonomy":"product_tag","embeddable":true,"href":"https:\/\/karmarando.com\/es\/wp-json\/wp\/v2\/product_tag?post=4458"}],"curies":[{"name":"wp","href":"https:\/\/api.w.org\/{rel}","templated":true}]}}