{"id":4337,"date":"2022-01-19T16:03:49","date_gmt":"2022-01-19T15:03:49","guid":{"rendered":"https:\/\/www.karmarando.com\/?post_type=product&#038;p=4337"},"modified":"2026-03-19T17:41:55","modified_gmt":"2026-03-19T16:41:55","slug":"yopo-anadenanthera-peregrina","status":"publish","type":"product","link":"https:\/\/karmarando.com\/es\/rapee-e-co\/anatanthera-peregrina-yopo\/yopo-anadenanthera-peregrina\/","title":{"rendered":"Yopo \u2013 Anadenanthera Peregrina"},"content":{"rendered":"<div class=\"tabbed-content\">\n\t\t\t\n\t\t\t<ul class=\"nav nav-pills nav-uppercase nav-size-small nav-center\" role=\"tablist\"><li id=\"tab-descrizione\" class=\"tab active has-icon\" role=\"presentation\"><a href=\"#tab_descrizione\" role=\"tab\" aria-selected=\"true\" aria-controls=\"tab_descrizione\"><span>Descripci\u00f3n<\/span><\/a><\/li>\n<li id=\"tab-propriet\u00e0\" class=\"tab has-icon\" role=\"presentation\"><a href=\"#tab_propriet\u00e0\" tabindex=\"-1\" role=\"tab\" aria-selected=\"false\" aria-controls=\"tab_propriet\u00e0\"><span>La propiedad<\/span><\/a><\/li>\n<li id=\"tab-come-si-f\u00e0?\" class=\"tab has-icon\" role=\"presentation\"><a href=\"#tab_come-si-f\u00e0?\" tabindex=\"-1\" role=\"tab\" aria-selected=\"false\" aria-controls=\"tab_come-si-f\u00e0?\"><span>Como se pone?<\/span><\/a><\/li>\n<li id=\"tab-disclaimer\" class=\"tab has-icon\" role=\"presentation\"><a href=\"#tab_disclaimer\" tabindex=\"-1\" role=\"tab\" aria-selected=\"false\" aria-controls=\"tab_disclaimer\"><span>DESCARGO de responsabilidad<\/span><\/a><\/li><\/ul><div class=\"tab-panels\"><div id=\"tab_descrizione\" class=\"panel active entry-content\" role=\"tabpanel\" aria-labelledby=\"tab-descrizione\">\n<h3><strong>Yopo (Anadenanthera Peregrina) Orgasmo senza sesso per connessione Sessuale (attraverso il DNA e in particolare la kundalini) con l&#8217;energia Divina (dare un occhio all&#8217;articolo proposto a sinistra della descrizione)<\/strong><\/h3>\n<p dir=\"ltr\">Lo <strong>yopo<\/strong>, o<strong> Anadenanthera Peregrina<\/strong>, \u00e8 un albero originario del Sud America e dei Caraibi. I semi dell&#8217;albero sono stati utilizzati in rituali di guarigione per migliaia di anni. Contengono DMT, 5-MeO-DMT e bufotenina, che \u00e8 presente appunto nei Bufi e in particolare il Bufo Alvarius<\/p>\n<h3 id=\"target_1\"><strong>Descrizione botanica del Anadenanthera Peregrina<br \/>\n<\/strong><\/h3>\n<p dir=\"ltr\">L&#8217;albero di yopo appartiene al genere <strong>Anadenanthera Peregrina<\/strong> o la sua Variante\u00a0 <strong>Cebil (Anadenanthera colubrina)<\/strong><\/p>\n<p dir=\"ltr\">In apparenza questi due alberi sono molto simili e sono spesso confusi tra loro. Anche i semi di Cebil\u00a0 ( Colubrina ) contengono bufotenina in concentrazioni ancora pi\u00f9 alte.<\/p>\n<p dir=\"ltr\">Altri nomi per lo yopo sono jopo, cohoba, parica e albero del calcio.<\/p>\n<p dir=\"ltr\">Lo <strong>yopo<\/strong> pu\u00f2 crescere fino a circa 20 metri di altezza.<\/p>\n<p dir=\"ltr\">Ha una corteccia spessa e pungente. L&#8217;albero produce piccoli fiori di colore giallo pallido o bianco.<\/p>\n<p dir=\"ltr\">Il legno dell&#8217;albero \u00e8 usato per fare mobili, tra le altre cose.<\/p>\n<\/div>\n<div id=\"tab_propriet\u00e0\" class=\"panel entry-content\" role=\"tabpanel\" aria-labelledby=\"tab-propriet\u00e0\">\n<h3><strong>Composizione chimica<\/strong><\/h3>\n<p>La ricerca mostra che lo yopo contiene diversi principi attivi. Per scopi spirituali, sono utilizzati principalmente i fagioli. Danno agli utenti una potente esperienza psichedelica.<\/p>\n<h3><strong>Costituenti attivi dello yopo:<\/strong><\/h3>\n<ul dir=\"ltr\">\n<li style=\"list-style-type: none;\">\n<ul dir=\"ltr\">\n<li>Foglie: orientina, saponarentina, viterina<\/li>\n<li>Corteccia: N-metiltriptamina, DMT, 5-Metossi-N-metiltriptamina, 5-MeO-DMT<\/li>\n<li>Fagioli: 5-MeO-DMT, bufotenina, ossido di bufotenina, DMT<\/li>\n<\/ul>\n<\/li>\n<\/ul>\n<h3><strong>Cos&#8217;\u00e8 la bufotenina?<\/strong><\/h3>\n<p>La bufotenina \u00e8 una triptamina che si trova in varie piante, funghi e anche nel rospo Bufo alvarius, da cui il nome. La bufotenina \u00e8 molto simile nella struttura chimica al neurotrasmettitore serotonina. Questa sostanza gioca un ruolo molto importante nel corpo ed ha a che fare con molti tipi di funzioni vitali, come l&#8217;umore, il desiderio sessuale e il modello di sonno.<\/p>\n<p>La bufotenina \u00e8 molto simile anche alla psilocibina, al DMT e al 5-MeO-DMT. Ci sono stati diversi studi clinici sugli effetti della bufotenina negli ultimi decenni. C&#8217;\u00e8 ancora controversia sulle sue propriet\u00e0 psichedeliche. Oggi si ritiene che la bufotenina produca effetti simili al 5-MeO-DMT, anche se meno intensi.<\/p>\n<p>Gli esperimenti con la bufotenina pura hanno prodotto risultati diversi, con individui che a volte sperimentano effetti visivi che vanno da linee in movimento a macchie colorate.<\/p>\n<p>Andrew Weil, il famoso medico e ricercatore sugli psichedelici, ha fatto diversi esperimenti interessanti con la bufotenina, per identificare meglio i suoi diversi effetti.<\/p>\n<p>La bufotenina \u00e8 un alcaloide e prende il nome dal genere di rospo Bufo. Il rospo del Colorado (Bufo alvarius) e il rospo gigante (Bufo marinus) secernono entrambi una tossina contenente bufotenina. Nella medicina tradizionale cinese, questa escrezione \u00e8 stata usata come medicina per secoli, sotto forma di un&#8217;estrazione chiamata ch&#8217;an su.<\/p>\n<p>La bufotenina si trova anche nei funghi del genere Amanita, compresa l&#8217;Amanita muscaria.<\/p>\n<h3><strong>5-MeO-DMT<\/strong><\/h3>\n<p>Questa sostanza \u00e8 considerata uno dei pi\u00f9 forti allucinogeni conosciuti sulla terra.<\/p>\n<p>\u00c8 responsabile dell&#8217;esperienza altamente psichedelica che si verifica dopo l&#8217;assunzione di yopo.<\/p>\n<p>Il 5-MeO-DMT si trova negli alberi del genere Virola (\u00e8 imparentato con la noce moscata) e, come la bufotenina, \u00e8 presente nell&#8217;escrezione del Bufo alvarius, tra gli altri. Il pi\u00f9 delle volte, il 5-Meo-DMT si presenta insieme alla DMT.<\/p>\n<p>Entrambi sono inattivi per via orale, poich\u00e9 il corpo usa la monoammina ossidasi (MAO) per innescare un processo di scomposizione.<\/p>\n<p>Il 5-MeO-DMT \u00e8 solitamente fumato, o preso insieme ad un inibitore MAO per renderlo attivo per via orale.<\/p>\n<\/div>\n<div id=\"tab_come-si-f\u00e0?\" class=\"panel entry-content\" role=\"tabpanel\" aria-labelledby=\"tab-come-si-f\u00e0?\">\n<h3 id=\"wpl_wrapper\"><strong>Uso tradizionale di yopo Anadenanthera Peregrina<br \/>\n<\/strong><\/h3>\n<p>Lo yopo \u00e8 usato come medicina e come modo per entrare in contatto con gli dei. Le popolazioni indigene usano lo yopo durante le cerimonie spirituali, di solito sotto forma di una polvere che viene Aspirata. In questo modo, ha luogo un&#8217;esperienza Visionistica molto potente.<\/p>\n<p>Per esempio, le popolazioni indigene del bacino di Orinocco in Colombia e Venezuela usano lo yopo all&#8217;interno della loro cultura, cos\u00ec come le trib\u00f9 della regione amazzonica del Brasile.<\/p>\n<p>L&#8217;uso \u00e8 attestato anche nei Caraibi, incluso Puerto Rico.Le prime descrizioni degli effetti dell&#8217;Anadenanthera risalgono al 1496. Questo fu durante il periodo in cui gli europei &#8220;scoprirono&#8221; le Americhe ed entrarono in contatto con i costumi degli indigeni. La seguente descrizione viene fatta sugli indiani Taino di Hispaniola.<\/p>\n<p>Cristoforo Colombo aveva saputo che i &#8220;re&#8221; di questi indiani Aspiravano o soffiavano una misteriosa polvere simile al Rap\u00e9, di cui si stavano infatuando. Ci vollero almeno 400 anni prima di capire di quale pianta si trattasse.<\/p>\n<p>L&#8217;etnobotanico americano W. E. Safford la identific\u00f2 come Piptadenia Colubrina, oggi correttamente conosciuta come Anadenanthera Colubrina.I ritrovamenti archeologici mostrano che lo yopo \u00e8 stato usato dall&#8217;uomo per migliaia di anni.<\/p>\n<p>Una delle pi\u00f9 antiche prove dell&#8217;uso dello yopo come medicina spirituale sono piccole pipe per Aspirare o Soffiare fatte con l&#8217;osso di un puma (Felis concolor).<\/p>\n<p>Resti di DMT, uno dei componenti dello yopo, sono stati trovati in queste pipe. Questa prova archeologica \u00e8 stata trovata nella provincia di Jujuy in Argentina.<\/p>\n<p>Attraverso la ricerca, sembra che risalga al 2130 anni a.C. Ci\u00f2 significa che l&#8217;uso dello yopo attraverso le pipe ha pi\u00f9 di 4000 anni.Inoltre, vicino alla costa del Per\u00f9, sono state trovate prove di pipe simili che venivano usate circa 1200 anni prima di Cristo.<\/p>\n<p>si consiglia come scritto sopra di leggere l&#8217;articolo &#8220;yopo&#8221; dove viene spiegato nel dettaglio l&#8217;esperienza.<\/p>\n<p id=\"target_3\"><strong>Uso di yopo<\/strong><\/p>\n<p>Tradizionalmente, lo <strong>yopo<\/strong> viene trasformato in polvere e soffiato nelle narici. Di solito questo viene fatto dallo sciamano. Soffiare lo yopo \u00e8 pi\u00f9 efficace di quando lo si aspira. Inoltre, quando viene soffiato causa meno irritazione al naso.<\/p>\n<p>Come per l&#8217;uso del\u00a0<strong>rap\u00e9<\/strong>, soffiare \u00e8 molto importante secondo la tradizione, perch\u00e9 si trasmette una certa energia attraverso il respiro.<\/p>\n<p>Tradizionalmente, si usavano bastoni di bamb\u00f9 per soffiare.<\/p>\n<p>In gro molti propongono semi tritati o freebasati senza attivazione, ma soprattutto senza togliere le bucce, tritando tutto, cosi non \u00e8 la stessa cosa.<\/p>\n<p>oltre che si necessita bere prima Ruta Siriana o Ayahuasca\u00a0 che fungono da Inibitori-Imao, cos\u00ec da avere un\u00a0 processo completo e cerimonia<\/p>\n<p id=\"wpl_wrapper\">Tradizionalmente, i chicchi del fagiolo di <strong>yopo<\/strong> sono tostati fino a quando non fanno un suono &#8220;scoppiettante&#8221;.<\/p>\n<p>Poi i chicchi vengono prima tolte interamente le bucce e poi macinati in polvere e mescolati con cenere e conchiglie e calce di lime, per poi farla riposare e cuocerla di nuovo.<\/p>\n<h3><strong>Aggiunta di inibitori-MAO<\/strong><\/h3>\n<p>E&#8217; necessario aggiungere\u00a0 un inibitore per poter avere un processo di connessione e quindi non solo quello fisico.Un esempio di Cerimonia in combinazione con un inibitore-MAO \u00e8 l&#8217;ayahuasca: questo combina la DMT con la Banisteriopsis caapi. Questa vite ha la propriet\u00e0 di inibire le MAO. Senza questa aggiunta, l&#8217;ayahuasca non funzionerebbe. Quando la DMT viene presa attraverso una bevanda, cio\u00e8 per via orale, il corpo non \u00e8 in grado di assorbirla. L&#8217;inibitore MAO rende la DMT attiva per via orale e fornisce una forte esperienza Cerimoniale.Oltre alla Banisteriopsis caapi, altri MAO includono\u00a0la ruta siriana\u00a0e in misura minore la passiflora.Quando un inibitore MAO viene aggiunto all&#8217;uso di yopo, crea un&#8217;esperienza pi\u00f9 intensa che dura pi\u00f9 a lungo.<\/p>\n<h3><strong>Uso orale di yopo<\/strong><\/h3>\n<p>Lo yopo <strong>Anadenanthera Peregrina<\/strong> \u00e8 usato molto raramente per via orale. Ci sono alcuni casi in cui le trib\u00f9 sudamericane combinano piccole quantit\u00e0 di yopo con una birra speciale fatta con il mais (chichas). In basse dosi, questo produce un effetto sgradevole, con molta nausea.<\/p>\n<p>Originariamente i fagioli erano anche usati come ingrediente principale di una purga chiamata bilca tauri e veniva usata in certe cerimonie. Alcune trib\u00f9 lo prendevano ogni mese per vomitare e liberarsi dell&#8217;energia negativa.<\/p>\n<p>Grandi quantit\u00e0 di yopo non vengono generalmente prese per via orale, poich\u00e9 si ritiene che sia pericoloso.<\/p>\n<\/div>\n<div id=\"tab_disclaimer\" class=\"panel entry-content\" role=\"tabpanel\" aria-labelledby=\"tab-disclaimer\">\n<p><strong><span style=\"color: #d83131;\">LA FOTO EN LA DESCRIPCI\u00d3N ES PURAMENTE INDICATIVO<\/span><\/strong><\/p>\n<p><strong><span style=\"color: #d83131;\">LOS PRODUCTOS EST\u00c1N GARANTIZADOS DE KARMARANDO<\/span><\/strong><br \/>\n<strong><span style=\"color: #d83131;\">Para los productos de las PLANTAS, el INCIENSO, Y los polvos PREPARADOS en el MOMENTO EN que no se puede hacer DEVOLUCIONES o REEMBOLSOS<\/span><\/strong><\/p>\n<p>El <strong>los t\u00e9rminos utilizados<\/strong> en las categor\u00edas y los tags no quiero sugerir que el uso medicinal y recreativo de los productos, simplemente ordenar de acuerdo a su uso hist\u00f3rico, cient\u00edfico y social.<\/p>\n<p><strong>Las recetas son proporcionados como un cient\u00edfico<\/strong>no quieren animar a los clientes a repetir, ni a consumir los productos.<\/p>\n<p><strong>Nuestro contenido<\/strong> no han sido evaluadas por la FDA o por cualquier figura de la profesi\u00f3n m\u00e9dica: los posibles aplicaciones, indicaciones, dosificaci\u00f3n y advertencias se describen \u00fanicamente para fines educativos, especulaciones y personal, y no constituye consejo m\u00e9dico.<\/p>\n<p><strong>Los productos se venden<\/strong> como el incienso, Jabones, Resinas y colecci\u00f3n bot\u00e1nica, y el material de la investigaci\u00f3n cient\u00edfica.<\/p>\n<p><span style=\"color: #ed1c24; font-size: 115%;\"><strong>Ellos no est\u00e1n destinados para el consumo humano.<br \/>\nPara poder comprar nuestros productos usted debe ser mayor de 18 a\u00f1os de edad y no son adecuados para las mujeres que est\u00e1n embarazadas y\/o lactancia de las mujeres.<\/strong><\/span><\/p>\n<p>Para obtener m\u00e1s informaci\u00f3n sobre <strong>KARMARANDO<\/strong> visita <a href=\"https:\/\/www.instagram.com\/karmarando1\/\" target=\"_blank\" rel=\"noopener\"><br \/>\n<span style=\"color: #0000ff;\"><strong>esta p\u00e1gina<\/strong><\/span><\/a> o leer las \u00faltimas noticias sobre <a href=\"https:\/\/karmarando.com\/es\/blog\/\" target=\"_blank\" rel=\"nofollow noopener\"><strong><span style=\"color: #0000ff;\">BLOG<\/span><\/strong><\/a><\/p>\n<\/div><\/div><\/div>","protected":false},"excerpt":{"rendered":"<p>Yopo \u2013 Anadenanthera Peregrina<\/p>","protected":false},"featured_media":4315,"comment_status":"open","ping_status":"closed","template":"","meta":[],"product_brand":[468],"product_cat":[194,255,257,185],"product_tag":[83],"class_list":{"0":"post-4337","1":"product","2":"type-product","3":"status-publish","4":"has-post-thumbnail","6":"product_brand-karmarando","7":"product_cat-anatanthera-peregrina-yopo","8":"product_cat-kit-e-promo","9":"product_cat-promo","10":"product_cat-rapee-e-co","11":"product_tag-anadenanthera-peregrina","12":"pa_brand-karmarando","13":"pa_ean-1240","14":"pa_formato-materia-attivata-intera","15":"pa_formato-materia-attivata-polvere","16":"pa_formato-semi","17":"pa_paese-di-fabbricazione-brasile","18":"pa_unita-di-misura-10-g","19":"pa_unita-di-misura-100-g","20":"pa_unita-di-misura-20-g","21":"pa_unita-di-misura-30-g","22":"pa_unita-di-misura-5-g","23":"pa_unita-di-misura-50-g","25":"first","26":"instock","27":"shipping-taxable","28":"purchasable","29":"product-type-variable"},"_links":{"self":[{"href":"https:\/\/karmarando.com\/es\/wp-json\/wp\/v2\/product\/4337","targetHints":{"allow":["GET"]}}],"collection":[{"href":"https:\/\/karmarando.com\/es\/wp-json\/wp\/v2\/product"}],"about":[{"href":"https:\/\/karmarando.com\/es\/wp-json\/wp\/v2\/types\/product"}],"replies":[{"embeddable":true,"href":"https:\/\/karmarando.com\/es\/wp-json\/wp\/v2\/comments?post=4337"}],"wp:featuredmedia":[{"embeddable":true,"href":"https:\/\/karmarando.com\/es\/wp-json\/wp\/v2\/media\/4315"}],"wp:attachment":[{"href":"https:\/\/karmarando.com\/es\/wp-json\/wp\/v2\/media?parent=4337"}],"wp:term":[{"taxonomy":"product_brand","embeddable":true,"href":"https:\/\/karmarando.com\/es\/wp-json\/wp\/v2\/product_brand?post=4337"},{"taxonomy":"product_cat","embeddable":true,"href":"https:\/\/karmarando.com\/es\/wp-json\/wp\/v2\/product_cat?post=4337"},{"taxonomy":"product_tag","embeddable":true,"href":"https:\/\/karmarando.com\/es\/wp-json\/wp\/v2\/product_tag?post=4337"}],"curies":[{"name":"wp","href":"https:\/\/api.w.org\/{rel}","templated":true}]}}