{"id":4047,"date":"2022-01-04T00:16:37","date_gmt":"2022-01-03T23:16:37","guid":{"rendered":"https:\/\/www.karmarando.com\/senza-categoria\/kuripe-cookie-tsunu-homemade-tepi-tool-shamanic-rape-indigenous-self-applicator\/"},"modified":"2025-12-04T13:53:19","modified_gmt":"2025-12-04T12:53:19","slug":"kuripe-cookie","status":"publish","type":"product","link":"https:\/\/karmarando.com\/es\/rapee-e-co\/applicat-rape-e-co\/kuripe-e-tepi\/kuripe\/kuripe-cookie\/","title":{"rendered":"Kuripe Cookies"},"content":{"rendered":"<div id=\"text-2957528353\" class=\"text\">\n\t\t\n<h3><strong>Kuripe Cookie &#8211; Tsunu Homemade Tepi Tool Shamanic Rap\u00e9 Indigenous Self Applicator<\/strong><\/h3>\n<p><strong>Kuripe Cookies<br \/>\n<\/strong><\/p>\n<p>Hecho a mano, el Coche, el Aplicador, Cham\u00e1nico<br \/>\nKuripe es un Auto-aplicador de Rap\u00e9 uso propio.<\/p>\n<p>El dise\u00f1o es una &#034;V&#034; permite f\u00e1cilmente tomar Rap\u00e9 sin la participaci\u00f3n de otra persona (a diferencia de un Tepi, donde se requiere una segunda persona que va a soplar el rap\u00e8)<\/p>\n\t\t\n<style>\n#text-2957528353 {\n  text-align: center;\n}\n<\/style>\n\t<\/div>\n\t\n\t<div id=\"text-880052671\" class=\"text\">\n\t\t\n<p>CARACTER\u00cdSTICAS<\/p>\n<ul>\n<li>Este\u00a0<strong>Kuripe<\/strong> es un <strong>Herramienta de poder<\/strong>como un Talism\u00e1n , hecho de bamb\u00fa se encuentran en la naturaleza aqu\u00ed<\/li>\n<li>Est\u00e1 hecho y Trabajado con Amor, cuidado y respeto, en la forma de los espacios sagrados, de la mano<\/li>\n<li>Pulido y Quemado en todas sus partes, para asegurar el rendimiento, seguridad y facilidad de uso<\/li>\n<li>Marca y dise\u00f1adas y Decoradas para Fuego Alqu\u00edmico con el simbolismo Norrenica, Viking y el Cham\u00e1n<\/li>\n<li>Materiales y t\u00e9cnicas <strong>De alta calidad<\/strong><\/li>\n<li>At\u00f3 firmemente con adhesivo y resina, no t\u00f3xico<\/li>\n<li>Se activ\u00f3 y purificada con la madera de la sagrada palo santo<\/li>\n<\/ul>\n<p><strong> Este producto es hecho por los artesanos de Michael y Eleanor muy querido para nosotros, utilizando los mejores materiales y sin la adici\u00f3n de elementos qu\u00edmicos, utilizando los tradicionales instrumentos y procedimientos para el procesamiento, son \u00fanicos en cada pieza , esto no es un objeto industrial, cada pieza es totalmente hecha a mano. <\/strong><\/p>\n<h4><strong>Por esta raz\u00f3n, cada elemento ser\u00e1 diferente y una pieza \u00fanica<\/strong><\/h4>\n<h4><strong>Si usted quiere estar en una fecha de la forma o agregar una pluma,o alguna peculiaridad o incluso su nombre (tal vez por escrito con la runa) pregunte y lo vamos a hacer especialmente para usted, con un peque\u00f1o margen de beneficio, que puede variar de 2 a 5 euros dependiendo de la solicitud<\/strong><\/h4>\n<p><strong>como una pluma en el cable y las cuentas son s\u00f3lo 2 euros<\/strong><\/p>\n<h5>Por qu\u00e9 bamb\u00fa?\u00a0<span class=\"\">Debido a que el material es muy ecol\u00f3gico y sostenible, asequible, f\u00e1cil de manejar y se adapta f\u00e1cilmente se convierte en una pipa de rap\u00e9.<\/span><\/h5>\n<h5><span class=\"goog-text-highlight\">Es por lejos el tubo de rap\u00e9 m\u00e1s vendido en el mundo.<\/span><\/h5>\n\t\t\n<style>\n#text-880052671 {\n  text-align: center;\n}\n<\/style>\n\t<\/div>\n\t\n\t<div id=\"text-3779216312\" class=\"text\">\n\t\t\n<p><strong>Este Kuripe est\u00e1 disponible en 3 tama\u00f1os<\/strong><\/p>\n<ul>\n<li>Para las Caras extremadamente peque\u00f1o S (alrededor de 3.2-3.5 cm entre la nariz y la boca)<\/li>\n<li>Caras normal a M (la mayor\u00eda), 3,7-4,2 cm) entre la nariz y la boca<\/li>\n<li>Las caras de L grande (4,4-4,8 cm entre la nariz y la boca)<\/li>\n<li>Medida: para usted, cuando usted tiene una cara (elegir las palabras apropiadas de la lista, usted ser\u00e1 llamado a estar de acuerdo) ser\u00e1 necesario 24\/48 horas m\u00e1s para producirlo.<\/li>\n<\/ul>\n<p><strong>Con el respaldo de un di\u00e1metro lo suficientemente estrecha como para dar rienda suelta a la mayor\u00eda de los preessione<\/strong><\/p>\n<ul>\n<li><strong>Parte de la longitud Largo<\/strong><\/li>\n<li><strong>La longitud de fiesta corto<\/strong><\/li>\n<li><strong>Di\u00e1metro exterior<\/strong><\/li>\n<li><strong>Di\u00e1metro interior<\/strong><\/li>\n<\/ul>\n\t\t\n<style>\n#text-3779216312 {\n  text-align: center;\n}\n<\/style>\n\t<\/div>\n\t\n\t<div id=\"text-1766659072\" class=\"text\">\n\t\t\n<p><strong>Se llama Kuripe el aplicador de la auto-administraci\u00f3n de Rap\u00e9.Al contrario de la tepi, el cual ser\u00e1 utilizado con otro t\u00e9 que se enfrentan.<\/strong><\/p>\n<p>El Kuripe es en forma de V normalmente a 30\u00b0 para ser adecuado para el amggioranza, con dos extremos: uno corto, donde en la boca, va a soplar, y una m\u00e1s, la que ser\u00e1 ligeramente inclinada hacia las fosas nasales (sin que, sin embargo, el interior) de modo que no attoppare el paso del aire. Siempre a partir de la fosa nasal izquierda, que est\u00e1 conectado con el coraz\u00f3n (la intuici\u00f3n femenina) y, a continuaci\u00f3n, La Fosa nasal derecha, la que est\u00e1 conectada a la mente (el masculino racionalidad)<\/p>\n<p>El macho y el Yang \/ Sol, lo que nos permite aprender y adquirir la fuerza necesaria para superar los problemas por el esfuerzo, que le permite sanar y aprender, conseguir la fuerza necesaria para superar las sombras de esta parte son: el Ego\u00edsmo, la Violencia, la Arrogancia, el Orgullo<\/p>\n<p>La Hembra de Vuelo a La Luna le Da poder a las emociones en su estado puro, liberando profunda alegr\u00eda, el amor puro, la compasi\u00f3n y habilidades art\u00edsticas. Su lado de la sombra para cuidar son el apego emocional, la depresi\u00f3n, la baja autoestima, sentimientos de culpa y la apat\u00eda.<\/p>\n<p>El Kuripe Pueden ser hechas de bamb\u00fa o de otros materiales sagrado como la jurema o palo santo y los dem\u00e1s, o de hueso o de piedra.<\/p>\n<p>El Kuripe es una herramienta que puede ser usada para ganar la confianza de forma independiente y de manera responsable con la Medicina Sagrada Rap\u00e9, aprender a conocer, respetar y utilizar en un atento manera, y sabio.<\/p>\n<p>Los pueblos ind\u00edgenas ense\u00f1an que siempre es bueno tomar Rap\u00e9 en forma ritual, y con una intenci\u00f3n muy clara en la mente. El Kuripe sin duda es muy conveniente cuando usted no tiene la posibilidad de administrar el Rap\u00e9 por alguien.<\/p>\n<p>La auto-aplicador Kuripe es un objeto de poder, y, como tales, son de car\u00e1cter estrictamente personal y s\u00f3lo podr\u00e1 ser utilizado por el propietario.Usted consilglia (incluso si no lo ha hecho ya) el uso de palo santo de madera, o de las piedras, haciendo un frotis, y un purrificazione, para hacerlo con la iniciaci\u00f3n de una herramienta m\u00e1s personalizado con su energ\u00eda<\/p>\n\t\t\n<style>\n#text-1766659072 {\n  text-align: center;\n}\n<\/style>\n\t<\/div>\n\t\n\t<div id=\"text-3501052823\" class=\"text\">\n\t\t\n<p>Lo han hecho con el tepi claramente va a ser mejor, pero usted puede aprender ha hacer con ellos, incluso con el kuripe:<br \/>\n<strong>Hay muchas bocanadas, vamos a tratar a la lista de los m\u00e1s importantes y populares<\/strong><\/p>\n<p><strong>Serpiente:<\/strong> \u00e9l tiene una gran aliento, de la respiraci\u00f3n empezar lentamente y aumentar la fuerza poco a poco hasta llegar pico fuerte, el bloqueo, sin embargo con la lengua contra el aplicador emitiendo un silbido.<br \/>\n<strong>La tortuga:<\/strong> Leve respiraci\u00f3n, lenta, constante, y por un largo tiempo, muy lentamente. Para recibir el bono, tiene que sintonizar con la paciencia de la tortuga porque mucha gente est\u00e1 tirando hacia atr\u00e1s antes de que termine.Los efectos de Rap\u00e9 con este aliento, tienen una mayor durabilidad.Ideales para trabajar en la paciencia, Trauma f\u00edsico, y durante y despu\u00e9s de la ua actividad espiritual!<br \/>\n<strong>Colibri:<\/strong> aliento de felicidad, de gozo y de amor, y son generalmente cortos. Est\u00e1 hecho con dos respiraciones consecutivas muy corto, dando un tiro en el segundo con su lengua<br \/>\n<strong>Dragonfly:<\/strong> un agradable soplo de duraci\u00f3n media, la lengua y moverla a flotar por r\u00e1pidamente contra el aplicador con un sonido psicod\u00e9lico<br \/>\n<strong>Raven:<\/strong> define el aliento de valent\u00eda, para penetrar en la oscuridad, en el vac\u00edo, el gran misterio de donde nace todo y era la fuente. la primera y la segunda por el viento de un hombre fuerte de la mano, un soplo puede ser menos fuerte fina llegar al vac\u00edo.<br \/>\n<strong>Boa: <\/strong>La respiraci\u00f3n de los Sue\u00f1os, aprendido de un nativo hunikin que me dijo que me lo han aprendido de la &#034;red&#034; antes de la cama. En parte fuerte, y m\u00e1s y m\u00e1s deble fina a desaparecer desvanece como el movimiento de una boya, de maravillosos sue\u00f1os y efectos visionario!<\/p>\n\t\t\n<style>\n#text-3501052823 {\n  text-align: center;\n}\n<\/style>\n\t<\/div>\n\t\n\t<div id=\"text-3001070506\" class=\"text\">\n\t\t\n<p>El Kuripe es para el Rap\u00e9 que es una medicina de la amazon\u00eda hecha por una sucesi\u00f3n de plantas medicinales molida muy finamente con el uso de un mortero. Dentro de todas las tradiciones ind\u00edgenas, el Rap\u00e9 se considera una Planta Docente (el m\u00e1s antiguo) y se representa como a un abuelo que posee la sabidur\u00eda de la selva.<\/p>\n<p>Su uso es que el ritual nunca es aspirado, ya que este gesto es considerado una falta de respeto el esp\u00edritu ancestral de la Planta Sagrada. Cuando el Rap\u00e9 es utilizado ritualmente, puerto de purificaci\u00f3n y centrado, transforma la energ\u00eda negativa, act\u00faa como un mensajero.<br \/>\nEn el norte de Brasil, los pueblos ind\u00edgenas Elecci\u00f3n Kuin-Kaxinawa y Yawanawa uso Rap\u00e9 como un medicamento asociado con el uso teRap\u00e9utico y espiritual.<\/p>\n<p>Para estas poblaciones, el Rap\u00e9 es un medicamento que tiene un esp\u00edritu de gran poder, trayendo curaci\u00f3n y protecci\u00f3n, desterrando todo tipo de males. En estos pueblos ind\u00edgenas, el Rap\u00e9 es utilizado por los chamanes de la tribu (hombres\/mujeres en la medicina), as\u00ed que usted puede conectar con el Esp\u00edritu, para integrarse con la Naturaleza, ser capaz de identificar los males que pod\u00edan atacar a su pueblo, o en los rituales de curaci\u00f3n, con el prop\u00f3sito de dar protecci\u00f3n espiritual, diagnosticar la enfermedad, y utilizar el poder del esp\u00edritu de este medicamento a tomar cuidado de.<\/p>\n<p>El Rap\u00e9 se sopla en la nariz mediante un aplicador, a menudo hecha de ca\u00f1as de bamb\u00fa o de hueso. No es el auto-aplicador (kuripe) es el \u00fanico a trav\u00e9s del cual usted puede dar a los dem\u00e1s (tepi). El Rap\u00e9 es expulsada con el tubo primero en la fosa nasal izquierda, y luego a la derecha, as\u00ed el equilibrio de los dos hemisferios del cerebro, el lado femenino e intuitiva, y el hombre racional.<\/p>\n<p>En la Amazon\u00eda, compartir el Rap\u00e9 es una actividad socialmente y tiene ra\u00edces espirituales. El Rap\u00e9, de hecho, es considerado un Santo de la Medicina, y su administraci\u00f3n tiene el valor de una oraci\u00f3n que invoca a las fuerzas de la naturaleza y los esp\u00edritus del bosque, la bendici\u00f3n de las plantas y de su poder para atraer el centrado, la fuerza y la atenci\u00f3n.<\/p>\n<p>La aplicaci\u00f3n de la Rap\u00e9 es a menudo acompa\u00f1ado por cantos que tienen la funci\u00f3n para llamar a los esp\u00edritus, y la fuerza de la medicina.<\/p>\n\t\t\n<style>\n#text-3001070506 {\n  text-align: center;\n}\n<\/style>\n\t<\/div>\n\t\n\t<div id=\"text-2413637181\" class=\"text\">\n\t\t\n<p><strong><span style=\"color: #d83131;\">LA FOTO EN LA DESCRIPCI\u00d3N ES PURAMENTE INDICATIVO<\/span><\/strong><\/p>\n<p><strong><span style=\"color: #d83131;\">LOS PRODUCTOS EST\u00c1N GARANTIZADOS DE KARMARANDO<\/span><\/strong><br \/>\n<strong><span style=\"color: #d83131;\">Para los productos de las PLANTAS, el INCIENSO, Y los polvos PREPARADOS en el MOMENTO EN que no se puede hacer DEVOLUCIONES o REEMBOLSOS<\/span><\/strong><\/p>\n<p>El <strong>los t\u00e9rminos utilizados<\/strong> en las categor\u00edas y los tags no quiero sugerir que el uso medicinal y recreativo de los productos, simplemente ordenar de acuerdo a su uso hist\u00f3rico, cient\u00edfico y social.<\/p>\n<p><strong>Las recetas son proporcionados como un cient\u00edfico<\/strong>no quieren animar a los clientes a repetir, ni a consumir los productos.<\/p>\n<p><strong>Nuestro contenido<\/strong> no han sido evaluadas por la FDA o por cualquier figura de la profesi\u00f3n m\u00e9dica: los posibles aplicaciones, indicaciones, dosificaci\u00f3n y advertencias se describen \u00fanicamente para fines educativos, especulaciones y personal, y no constituye consejo m\u00e9dico.<\/p>\n<p><strong>Los productos se venden<\/strong> como el incienso, Jabones, Resinas y colecci\u00f3n bot\u00e1nica, y el material de la investigaci\u00f3n cient\u00edfica.<\/p>\n<p><span style=\"color: #ed1c24; font-size: 115%;\"><strong>Ellos no est\u00e1n destinados para el consumo humano.<br \/>\nPara poder comprar nuestros productos usted debe ser mayor de 18 a\u00f1os de edad y no son adecuados para las mujeres que est\u00e1n embarazadas y\/o lactancia de las mujeres.<\/strong><\/span><\/p>\n<p>Para obtener m\u00e1s informaci\u00f3n sobre <strong>KARMARANDO<\/strong> visita <a href=\"https:\/\/www.instagram.com\/karmarando1\/\" target=\"_blank\" rel=\"noopener\"><br \/>\n<span style=\"color: #0000ff;\"><strong>esta p\u00e1gina<\/strong><\/span><\/a> o leer las \u00faltimas noticias sobre <a href=\"https:\/\/karmarando.com\/es\/blog\/\" target=\"_blank\" rel=\"nofollow noopener\"><strong><span style=\"color: #0000ff;\">BLOG<\/span><\/strong><\/a><\/p>\n\t\t\n<style>\n#text-2413637181 {\n  text-align: center;\n}\n<\/style>\n\t<\/div>","protected":false},"excerpt":{"rendered":"<p>Kuripe Cookies<\/p>","protected":false},"featured_media":4048,"comment_status":"open","ping_status":"closed","template":"","meta":[],"product_brand":[468],"product_cat":[195,241,569,196,185,239],"product_tag":[561],"class_list":{"0":"post-4047","1":"product","2":"type-product","3":"status-publish","4":"has-post-thumbnail","6":"product_brand-karmarando","7":"product_cat-applicat-rape-e-co","8":"product_cat-arte-artigianale-sciamanica","9":"product_cat-kuripe","10":"product_cat-kuripe-e-tepi","11":"product_cat-rapee-e-co","12":"product_cat-strumenti-e-gadget","13":"product_tag-kuripe","14":"pa_brand-karmarando","15":"pa_ean-1263","16":"pa_materiale-bamboo","17":"pa_paese-di-fabbricazione-italia","19":"first","20":"instock","21":"featured","22":"shipping-taxable","23":"purchasable","24":"product-type-simple"},"_links":{"self":[{"href":"https:\/\/karmarando.com\/es\/wp-json\/wp\/v2\/product\/4047","targetHints":{"allow":["GET"]}}],"collection":[{"href":"https:\/\/karmarando.com\/es\/wp-json\/wp\/v2\/product"}],"about":[{"href":"https:\/\/karmarando.com\/es\/wp-json\/wp\/v2\/types\/product"}],"replies":[{"embeddable":true,"href":"https:\/\/karmarando.com\/es\/wp-json\/wp\/v2\/comments?post=4047"}],"wp:featuredmedia":[{"embeddable":true,"href":"https:\/\/karmarando.com\/es\/wp-json\/wp\/v2\/media\/4048"}],"wp:attachment":[{"href":"https:\/\/karmarando.com\/es\/wp-json\/wp\/v2\/media?parent=4047"}],"wp:term":[{"taxonomy":"product_brand","embeddable":true,"href":"https:\/\/karmarando.com\/es\/wp-json\/wp\/v2\/product_brand?post=4047"},{"taxonomy":"product_cat","embeddable":true,"href":"https:\/\/karmarando.com\/es\/wp-json\/wp\/v2\/product_cat?post=4047"},{"taxonomy":"product_tag","embeddable":true,"href":"https:\/\/karmarando.com\/es\/wp-json\/wp\/v2\/product_tag?post=4047"}],"curies":[{"name":"wp","href":"https:\/\/api.w.org\/{rel}","templated":true}]}}