{"id":18641,"date":"2026-05-07T14:01:34","date_gmt":"2026-05-07T12:01:34","guid":{"rendered":"https:\/\/karmarando.com\/senza-categoria\/mambe-ypadu-pronto-alivio-organico-100-stile-peruviano\/"},"modified":"2026-05-07T14:01:38","modified_gmt":"2026-05-07T12:01:38","slug":"mambe-ypadu-pronto-alivio-organico-100-stile-peruviano","status":"publish","type":"product","link":"https:\/\/karmarando.com\/es\/kit-e-promo\/offerte-a-tempo\/mambe-ypadu-pronto-alivio-organico-100-stile-peruviano\/","title":{"rendered":"Mambe Ypadu Listo Alivio 100% Org\u00e1nico Peruano \u2013 Estilo"},"content":{"rendered":"<div class=\"tabbed-content\">\n\t\t\t\n\t\t\t<ul class=\"nav nav-pills nav-uppercase nav-size-small nav-center\" role=\"tablist\"><li id=\"tab-descrizione\" class=\"tab active has-icon\" role=\"presentation\"><a href=\"#tab_descrizione\" role=\"tab\" aria-selected=\"true\" aria-controls=\"tab_descrizione\"><span>Descripci\u00f3n<\/span><\/a><\/li>\n<li id=\"tab-propriet\u00e0\" class=\"tab has-icon\" role=\"presentation\"><a href=\"#tab_propriet\u00e0\" tabindex=\"-1\" role=\"tab\" aria-selected=\"false\" aria-controls=\"tab_propriet\u00e0\"><span>La propiedad<\/span><\/a><\/li>\n<li id=\"tab-come-si-f\u00e0?\" class=\"tab has-icon\" role=\"presentation\"><a href=\"#tab_come-si-f\u00e0?\" tabindex=\"-1\" role=\"tab\" aria-selected=\"false\" aria-controls=\"tab_come-si-f\u00e0?\"><span>Como se pone?<\/span><\/a><\/li>\n<li id=\"tab-disclaimer\" class=\"tab has-icon\" role=\"presentation\"><a href=\"#tab_disclaimer\" tabindex=\"-1\" role=\"tab\" aria-selected=\"false\" aria-controls=\"tab_disclaimer\"><span>DESCARGO de responsabilidad<\/span><\/a><\/li><\/ul><div class=\"tab-panels\"><div id=\"tab_descrizione\" class=\"panel active entry-content\" role=\"tabpanel\" aria-labelledby=\"tab-descrizione\">\n<h3><strong>MAMBE O YPADU Polvo al Estilo Peruano<br \/>\n<\/strong><\/h3>\n<p>El estilo Peruano dura m\u00e1s en la boca, y se derrite m\u00e1s lentamente, y poco m\u00e1s la luz de la segunda colombiana pero es m\u00e1s persistente<\/p>\n<p><strong>MAMB\u00c9 O YPADU&#039; Ypadu<\/strong> es un polvo obtenido de la calcinaci\u00f3n y la lenta cocci\u00f3n de las hojas reci\u00e9n cosechadas, molido y mezclado con las cenizas de las hojas del \u00e1rbol, Cecropia Peltata, o (Cecropiatra otras variedades) como aditivo para alcalina.<\/p>\n<p><strong>Mamb\u00e8 Listo<\/strong> <strong>Alivio Bio Org\u00e1nico Natural<\/strong> 100% con il suo caratteristico sapore affumicato, \u00e8 ricco di Alcaloidi oltre a principi attivi e a sali Minerali e Vitamine ma soprattutto con delle propriet\u00e0 magiche e sacre cerimoniali. <strong>Usted obtener para distinguirla de t\u00e9, por su sabor ahumado<\/strong>. El t\u00e9 cuesta menos, en comparaci\u00f3n con el mambe que es trabajado alqu\u00edmicamente experimentar con los m\u00e1s espec\u00edficos (Seguir leyendo)<\/p>\n<p><strong>MAMB\u00c9 LISTO ALIVIO <\/strong>Remedio maravilloso cham\u00e1nica viene de la selva amaz\u00f3nica en colombia, donde los chamanes preparar con cuidado y amor. Estamos felices de compartir con usted los beneficios de este milagroso remedio, lo que trae consigo la sabidur\u00eda de milenios de personas que los preparan con el mismo cuidado y la misma gestos como siempre. EL Mambe, es un remedio muy popular en la selva amaz\u00f3nica, rica en vitaminas y minerales, y sus propiedades analg\u00e9sicas y el dolor, permitir que le dan el nombre de: el Pronto Alivio (alivio inmediato).<\/p>\n<p>Tambi\u00e9n es un gran compa\u00f1ero de los ciclos menstruales, en el que, generalmente, las mujeres se sienten dolor, y en muchos casos, en serio insoportable. En estas situaciones no hay nada mejor que el equilibrio de nuestro cuerpo con un remedio que es todo natural y eficaz.Sus propiedades pueden traer una gran cantidad de beneficios en otras \u00e1reas del cuerpo, y no s\u00f3lo eso, desde el momento en que, utilizando el cuerpo de un resultado que se fortalezca la promoci\u00f3n de la fuerza y la energ\u00eda. Siendo totalmente hoja de la planta, como la planta hembra se conecta desde el vientre con nuestro lado femenino, energ\u00e9ticamente, comer, nos ofrece una fluidez y una concentraci\u00f3n verbal.<\/p>\n<h3>Si usa quando si devono condividere esperienze o comprensioni, Stanchezza o Dolori, Stimola e ravviva le energie, incluso quelle corporee.<\/h3>\n<p><strong>La C*** (ipadu C*** \u00e8 preparato nel modo seguente:<\/strong><sup id=\"cite_ref-13\" class=\"reference separada\"><\/sup><\/p>\n<ul>\n<li><strong>Asado :<\/strong> las hojas maduras son tostado\/Asado, tradicionalmente, en una olla de barro<\/li>\n<li><strong>Picar\/Pestatura<\/strong>las hojas, Asado se golpean con un Mortero<\/li>\n<li><strong>Preparaci\u00f3n de las cenizas :<\/strong> Se queman lentamente las hojas de yarumo y Cecropia en Colombia, Per\u00fa, este \u00e1rbol es conocido como cetico y en Brasil como emba\u00faba ) o tallos de quinua .<\/li>\n<li><strong>De la mezcla :<\/strong> Las hojas se mezclan hasta el 10% de ceniza.<\/li>\n<li><strong>La trilla o Tamizado :<\/strong> se tamizan varias veces hasta obtener un fino polvo que se disuelve f\u00e1cilmente en la boca.<\/li>\n<\/ul>\n<p>Per utilizzare la C*** (ipadu, verde, polvere di C*** (ipadu \u00e8 collocato nella guancia, mescolando con la saliva e andando sciogliendosi con il suo sapore affumicato. <sup id=\"cite_ref-16\" class=\"reference separada\"><\/sup><\/p>\n<p><strong> La foto \u00e8 rappresentativa e Il colore del mambe pu\u00f2 variare ad ogni nuova fornitura, ma sar\u00e0 molto evidente sempre la primissima qualit\u00e0 dello stesso. <\/strong><\/p>\n<p><strong> La finura de la mambe es la mejor soluci\u00f3n para mantener sus cualidades organol\u00e9pticas, aquellos que quieren un producto m\u00e1s fino puede hacer una solicitud espec\u00edfica. <\/strong><\/p>\n<\/div>\n<div id=\"tab_propriet\u00e0\" class=\"panel entry-content\" role=\"tabpanel\" aria-labelledby=\"tab-propriet\u00e0\">\n<h3><strong>SUS PROPIEDADES:<\/strong><\/h3>\n<ul>\n<li>Remedio y Alivio de dolores y los dolores en las articulaciones y\/o m\u00fasculos.<\/li>\n<li>El aumento de la resistencia de una manera visible<\/li>\n<li>Corrige los problemas de desnutrici\u00f3n y\/o de asimilaci\u00f3n y deficiencias<\/li>\n<li>Fortalece y regenera los huesos y otras partes \u00f3seas del cuerpo en un tiempo relativamente corto.<\/li>\n<li>Limpia el tracto urinario<\/li>\n<li>Mejora la moral y la voluntad de vivir<\/li>\n<li>Mejora la digesti\u00f3n en general.<\/li>\n<li>La regla de los triglic\u00e9ridos y el colesterol.<\/li>\n<li>Da un mont\u00f3n de Energ\u00eda de carga<\/li>\n<\/ul>\n<\/div>\n<div id=\"tab_come-si-f\u00e0?\" class=\"panel entry-content\" role=\"tabpanel\" aria-labelledby=\"tab-come-si-f\u00e0?\">\n<h3><strong>C\u00d3MO Y CON QU\u00c9 CANTIDAD CONSUME:<\/strong><\/h3>\n<p>El <strong>Mambe<\/strong> si consuma versando uno o due cucchiai nella gengiva sinistra (guarda il video) inclinando la testa indietro e prendendo la mandibola per tenerla aperta e mantenendolo fermo li con la saliva si forma una pallina iniziando un processo di salivazione per ottenere una pasta gommosa che lo render\u00e0 adatto a rilasciare facilmente le sostanze le propriet\u00e0 benefiche contenute nel mambe;\u00e8 molto polveroso quindi messo nella gengiva bisogna chiudere la bocca tenendo la gengiva delicatamente, e impregnare di saliva il bolo.. e Tenrlo di lato fino che si sentir\u00e0 il suo caratteristico Effetto ( a volte bastano 5 min a volte il rilascio \u00e8 piu lento e occorrono 10 min) continuare fino che la pallina creata sara possibile masticarla, con molto rispetto.Si consiglia (anche se non \u00e8 obbligatorio) assumerlo con Ambil che trovate nel negozio. IL suo consumo \u00e8 particolarmente sociale perch\u00e9 si dice che <strong>Mambe<\/strong> esto significa que la palabra de la vida, <strong>Ambil<\/strong> el pensamiento, \u00bfd\u00f3nde est\u00e1 el poder de la palabra.Con <strong>Ambil<\/strong> en la parte frontal de los dientes internamente y el <strong>Mambe<\/strong> en la goma de la izquierda es de todos mejorado a trav\u00e9s ambil ser\u00e1 mucho m\u00e1s f\u00e1cil la experiencia.<\/p>\n<h3><strong>Caracter\u00edsticas:<\/strong><\/h3>\n<p>Fornisce propriet\u00e0 nutritive come potassio, ferro, calcio, fosforo, proteine, vitamine A, B1, B2, C ed E, \u00e8 povero di grassi, ha livelli di calcio pi\u00f9 elevati del latte vaccino e la stessa proporzione di fosforo del pesce, ma anche cos\u00ec non \u00e8 considerato un integratore alimentare, si consiglia di consumarlo dopo aver mangiato qualche tipo di alimento per funzionare come un sistema digestivo. Inibisce la sonnolenza, la fame, dona lucidit\u00e0 mentale, migliora l&#8217;attivit\u00e0 sensoriale e neuronale, la concentrazione e la comunicazione, aumenta l&#8217;ossigenazione cellulare, ha funzioni metaboliche per accelerare la trasmissione dei componenti alimentari nel sangue, regola il pressione sanguigna, rinforza il sistema nervoso e muscolare, elimina stanchezza e affaticamento, protegge le cellule dall&#8217;invecchiamento, fornisce una maggiore tolleranza al freddo, \u00e8 teRap\u00e9utico ed energetico.<\/p>\n<p>Non genera dipendenza. \u00c9 uno stimolante benevolo, il suo effetto difficilmente produce insonnia e tachicardia associate al consumo di caff\u00e8 o effetti tossici associate alla ina. Gli indigeni amazzonici lo usano per il lavoro fisico, la comunicazione, le attivit\u00e0 cerimoniali, curative e religiose. Per le donne indigene, \u00e8 importante tenere conto del contesto in cui la C*** viene consumata perch\u00e9 \u00e8 sacra e le foglie per farla sono sacre e benefiche. Il suo consumo \u00e8 associato a stili di vita e una filosofia profonda. In altre parole, \u00e8 una pratica culturale che si esercita con totale libert\u00e0 e autonomia.<\/p>\n<h3><strong>Ogni 100 g di Mambe sono contenuti:<\/strong><\/h3>\n<ul>\n<li>Beta carotene 9, 40 mg<\/li>\n<li>Azoto totale 20, 06 mg<\/li>\n<li>Grassi Buoni 3, 68 mg<\/li>\n<li>Carboidrati 47, 50 mg<\/li>\n<li>Alfa-carotene 2, 76 mg<\/li>\n<li>Vitamina C 6, 47 mg<\/li>\n<li>Vitamina E 40, 17 mg<\/li>\n<li>Tiamina (vitamina B1) 0, 73 mg<\/li>\n<li>Riboflavina (vitamina B2) 0, 88 mg<\/li>\n<li>Niacina (fattore p.p) 8, 37 mg<\/li>\n<li>Calcio 997, 62 mg<\/li>\n<li>Fosfato 412, 67 mg<\/li>\n<li>Potassio 1.739, 33 mg<\/li>\n<li>Magnesio 299, 30 mg<\/li>\n<li>Sodio 39, 41 mg<\/li>\n<li>Alluminio 17, 39 mg<\/li>\n<li>Bario 6, 18 mg<\/li>\n<li>Ferro 136, 64 mg<\/li>\n<li>Stronzio 12, 02 mg<\/li>\n<li>Boro 6, 75 mg<\/li>\n<li>Rame 1, 22 mg<\/li>\n<li>Zinco 2, 21 mg<\/li>\n<li>Manganese 9, 15 mg<\/li>\n<li>Cromo 0, 12 mg<\/li>\n<\/ul>\n<\/div>\n<div id=\"tab_disclaimer\" class=\"panel entry-content\" role=\"tabpanel\" aria-labelledby=\"tab-disclaimer\">\n<p><strong><span style=\"color: #d83131;\">LA FOTO EN LA DESCRIPCI\u00d3N ES PURAMENTE INDICATIVO<\/span><\/strong><\/p>\n<p><strong><span style=\"color: #d83131;\">LOS PRODUCTOS EST\u00c1N GARANTIZADOS DE KARMARANDO<\/span><\/strong><br \/>\n<strong><span style=\"color: #d83131;\">Para los productos de las PLANTAS, el INCIENSO, Y los polvos PREPARADOS en el MOMENTO EN que no se puede hacer DEVOLUCIONES o REEMBOLSOS<\/span><\/strong><\/p>\n<p>El <strong>los t\u00e9rminos utilizados<\/strong> en las categor\u00edas y los tags no quiero sugerir que el uso medicinal y recreativo de los productos, simplemente ordenar de acuerdo a su uso hist\u00f3rico, cient\u00edfico y social.<\/p>\n<p><strong>Las recetas son proporcionados como un cient\u00edfico<\/strong>no quieren animar a los clientes a repetir, ni a consumir los productos.<\/p>\n<p><strong>Nuestro contenido<\/strong> no han sido evaluadas por la FDA o por cualquier figura de la profesi\u00f3n m\u00e9dica: los posibles aplicaciones, indicaciones, dosificaci\u00f3n y advertencias se describen \u00fanicamente para fines educativos, especulaciones y personal, y no constituye consejo m\u00e9dico.<\/p>\n<p><strong>Los productos se venden<\/strong> como el incienso, Jabones, Resinas y colecci\u00f3n bot\u00e1nica, y el material de la investigaci\u00f3n cient\u00edfica.<\/p>\n<p><span style=\"color: #ed1c24; font-size: 115%;\"><strong>Ellos no est\u00e1n destinados para el consumo humano.<br \/>\nPara poder comprar nuestros productos usted debe ser mayor de 18 a\u00f1os de edad y no son adecuados para las mujeres que est\u00e1n embarazadas y\/o lactancia de las mujeres.<\/strong><\/span><\/p>\n<p>Para obtener m\u00e1s informaci\u00f3n sobre <strong>KARMARANDO<\/strong> visita <a href=\"https:\/\/www.instagram.com\/karmarando1\/\" target=\"_blank\" rel=\"noopener\"><br \/>\n<span style=\"color: #0000ff;\"><strong>esta p\u00e1gina<\/strong><\/span><\/a> o leer las \u00faltimas noticias sobre <a href=\"https:\/\/karmarando.com\/es\/blog\/\" target=\"_blank\" rel=\"nofollow noopener\"><strong><span style=\"color: #0000ff;\">BLOG<\/span><\/strong><\/a><\/p>\n<\/div><\/div><\/div>","protected":false},"excerpt":{"rendered":"","protected":false},"featured_media":0,"comment_status":"closed","ping_status":"open","template":"","meta":[],"product_brand":[],"product_cat":[15],"product_tag":[473],"class_list":{"0":"post-18641","1":"product","2":"type-product","3":"status-publish","5":"product_cat-offerte-a-tempo","6":"product_tag-mambe","8":"first","9":"instock","10":"product-type-simple"},"_links":{"self":[{"href":"https:\/\/karmarando.com\/es\/wp-json\/wp\/v2\/product\/18641","targetHints":{"allow":["GET"]}}],"collection":[{"href":"https:\/\/karmarando.com\/es\/wp-json\/wp\/v2\/product"}],"about":[{"href":"https:\/\/karmarando.com\/es\/wp-json\/wp\/v2\/types\/product"}],"replies":[{"embeddable":true,"href":"https:\/\/karmarando.com\/es\/wp-json\/wp\/v2\/comments?post=18641"}],"wp:attachment":[{"href":"https:\/\/karmarando.com\/es\/wp-json\/wp\/v2\/media?parent=18641"}],"wp:term":[{"taxonomy":"product_brand","embeddable":true,"href":"https:\/\/karmarando.com\/es\/wp-json\/wp\/v2\/product_brand?post=18641"},{"taxonomy":"product_cat","embeddable":true,"href":"https:\/\/karmarando.com\/es\/wp-json\/wp\/v2\/product_cat?post=18641"},{"taxonomy":"product_tag","embeddable":true,"href":"https:\/\/karmarando.com\/es\/wp-json\/wp\/v2\/product_tag?post=18641"}],"curies":[{"name":"wp","href":"https:\/\/api.w.org\/{rel}","templated":true}]}}