{"id":10697,"date":"2023-07-20T12:55:01","date_gmt":"2023-07-20T10:55:01","guid":{"rendered":"https:\/\/www.karmarando.com\/?post_type=product&#038;p=10697"},"modified":"2025-12-04T13:51:15","modified_gmt":"2025-12-04T12:51:15","slug":"rape-lavanda-tranquillante-serenita-e-purezza-copia","status":"publish","type":"product","link":"https:\/\/karmarando.com\/es\/cat-rape\/rape-brasiliano\/rape-aromatico\/rape-lavanda-tranquillante-serenita-e-purezza-copia\/","title":{"rendered":"Rap\u00e9 de Lavanda Tranquilidad, la Serenidad y la Pureza"},"content":{"rendered":"<div class=\"tabbed-content\">\n\t\t\t\n\t\t\t<ul class=\"nav nav-pills nav-uppercase nav-size-small nav-center\" role=\"tablist\"><li id=\"tab-descrizione\" class=\"tab active has-icon\" role=\"presentation\"><a href=\"#tab_descrizione\" role=\"tab\" aria-selected=\"true\" aria-controls=\"tab_descrizione\"><span>Descripci\u00f3n<\/span><\/a><\/li>\n<li id=\"tab-composizione\" class=\"tab has-icon\" role=\"presentation\"><a href=\"#tab_composizione\" tabindex=\"-1\" role=\"tab\" aria-selected=\"false\" aria-controls=\"tab_composizione\"><span>Composici\u00f3n<\/span><\/a><\/li>\n<li id=\"tab-propriet\u00e0\" class=\"tab has-icon\" role=\"presentation\"><a href=\"#tab_propriet\u00e0\" tabindex=\"-1\" role=\"tab\" aria-selected=\"false\" aria-controls=\"tab_propriet\u00e0\"><span>La propiedad<\/span><\/a><\/li>\n<li id=\"tab-come-si-f\u00e0-?\" class=\"tab has-icon\" role=\"presentation\"><a href=\"#tab_come-si-f\u00e0-?\" tabindex=\"-1\" role=\"tab\" aria-selected=\"false\" aria-controls=\"tab_come-si-f\u00e0-?\"><span>Como se pone ?<\/span><\/a><\/li>\n<li id=\"tab-dosaggio\" class=\"tab has-icon\" role=\"presentation\"><a href=\"#tab_dosaggio\" tabindex=\"-1\" role=\"tab\" aria-selected=\"false\" aria-controls=\"tab_dosaggio\"><span>La dosis<\/span><\/a><\/li>\n<li id=\"tab-come-viene-fatto-il-rap\u00e9\" class=\"tab has-icon\" role=\"presentation\"><a href=\"#tab_come-viene-fatto-il-rap\u00e9\" tabindex=\"-1\" role=\"tab\" aria-selected=\"false\" aria-controls=\"tab_come-viene-fatto-il-rap\u00e9\"><span>C\u00f3mo Es El Rap\u00e9 ?<\/span><\/a><\/li>\n<li id=\"tab-cos'\u00e8-il-rap\u00e9\" class=\"tab has-icon\" role=\"presentation\"><a href=\"#tab_cos'\u00e8-il-rap\u00e9\" tabindex=\"-1\" role=\"tab\" aria-selected=\"false\" aria-controls=\"tab_cos'\u00e8-il-rap\u00e9\"><span>Qu\u00e9 es Rap\u00e9 ?<\/span><\/a><\/li>\n<li id=\"tab-storia\" class=\"tab has-icon\" role=\"presentation\"><a href=\"#tab_storia\" tabindex=\"-1\" role=\"tab\" aria-selected=\"false\" aria-controls=\"tab_storia\"><span>La historia<\/span><\/a><\/li>\n<li id=\"tab-disclaimer\" class=\"tab has-icon\" role=\"presentation\"><a href=\"#tab_disclaimer\" tabindex=\"-1\" role=\"tab\" aria-selected=\"false\" aria-controls=\"tab_disclaimer\"><span>DESCARGO de responsabilidad<\/span><\/a><\/li><\/ul><div class=\"tab-panels\"><div id=\"tab_descrizione\" class=\"panel active entry-content\" role=\"tabpanel\" aria-labelledby=\"tab-descrizione\">\n<h3><strong>Rap\u00e9 de Lavanda Tranquilidad, la Serenidad y la Pureza<\/strong><\/h3>\n<p><strong>Forza Rap\u00e9:<\/strong> Medio Forte Aromatico Cerimoniale Calmante <strong>Chakra:<\/strong> corona &#8211; Cuore + Gola <b>Nome Sciantifico: <\/b>Lavandula angustifolia Miller, Lavanda officinalis Chaix, Lavanda vera DC <strong>Famiglia: <\/strong>Lamiaceae <strong>Sottofamiglia: <\/strong>Ocimeae <b>Nomi popolari<\/b> : Lavanda, Lavandula, echter lavandel, espigolina, lavande, lavanda vera, Spigo, fior di spigo, Spicae flowers, Spina cardo, spiga, Nardo, Ipsigula, Saponella. <strong>Benefici e Trattamento Rap\u00e9 Lavanda<\/strong>: Come la pianta Lavanda di cui \u00e8 composto, risalta tutti i suoi benefici conosciuti in tempi antichissimi soprattutto in brasile, Grecia e Roma, conosciuta da sempre come medicamentosa, Potente Antisettica, Spasmodica, Calmante, Tranquillante, Purificante, Ansiolitica, Antimicrobica, insonnia, mal di testa, crampi mestruali, ipertensione, ansia, Stress, e problemi emotivi. <\/div>\n<div id=\"tab_composizione\" class=\"panel entry-content\" role=\"tabpanel\" aria-labelledby=\"tab-composizione\"> <strong>Rap\u00e9 Lavanda<\/strong> <strong>Ingredienti principali : <\/strong>Mapacho + Ceneri di Lavanda. <strong>IL Rap\u00e9 Lavanda<\/strong> come tutti i nostri Rap\u00e9 sono Polvere Potenti Che Libera Il Cervello Da Carichi E Blocchi, da paura e vergogna, donando energia, presenza, concentrazione e centratura, espande coscienza e apre il cuore, portando intuiti profondi sul da farsi, attraendo abbondanza e felicit\u00e0 e realizzazione..Rap\u00e9 <b>Todos nuestros Rap\u00e9<\/b> sono realizzati con ceneri della corteccia dell&#8217;albero o della intera pianta da cui prendono i nomi i rap\u00e8 o isnieme di piu alberi o piante ed erbe disidratate in polvere e biologiche. Tutte le alchimie sono fatte con molto amore, rispetto e fede. <\/div>\n<div id=\"tab_propriet\u00e0\" class=\"panel entry-content\" role=\"tabpanel\" aria-labelledby=\"tab-propriet\u00e0\"> <strong>Specifiche del Rap\u00e9 Lavanda<\/strong> <b>Beneficios y Tratamiento: <\/b>Potente Antisettica, Spasmodica, Calmante, Tranquillante, Purificante, Ansiolitica, Antimicrobica, insonnia, mal di testa, crampi mestruali, ipertensione, ansia, Stress, e problemi emotivi.<\/p>\n<h3><b>Ellos propiedad B\u00e1sica que todos Nuestros Rap\u00e9<\/b><\/h3>\n<ul>\n<li>Ayuda a despejar la mente y detener el di\u00e1logo interno<\/li>\n<li>Ayuda a eliminar la flema, y los par\u00e1sitos de la parte frontal de los senos para nasales y<\/li>\n<li>Aplicado sobre las heridas ha curaci\u00f3n de la herida, y antibi\u00f3tico<\/li>\n<li>El asma<\/li>\n<li>Bronconeumon\u00eda<\/li>\n<li>La calma<\/li>\n<li>Centrado<\/li>\n<li>Le permite estar presente para ser capaz de mirar m\u00e1s all\u00e1 de sus propias interpretaciones<\/li>\n<li>Descomprime la presi\u00f3n del cr\u00e1neo<\/li>\n<li>Limpia, ordena y alinea los campos de la energ\u00eda, especialmente los chakras del tercer ojo \/ de la cabeza: arriba y abajo de esos trav\u00e9s de la columna vertebral<\/li>\n<li>Tambi\u00e9n es un potente analg\u00e9sico para el dolor en la cabeza y el cuerpo<\/li>\n<li>Es muy eficaz en el tratamiento de problemas del sistema respiratorio y el digestivo<\/li>\n<li>Es muy potente, incluso en los tratamientos del sistema digestivo<\/li>\n<li>Es calmante y antipir\u00e9tico<\/li>\n<li>Es un Remedio para la visibilidad del esp\u00edritu<\/li>\n<li>Quitar el exceso de flema acumulada<\/li>\n<li>Elimina los dolores de cabeza, somnolencia y mareos<\/li>\n<li>La atenci\u00f3n de energ\u00eda directamente miedos, ansiedades, y otros relacionados con la energ\u00eda en el plexo solar: si se provoca el v\u00f3mito, es porque la persona es la eliminaci\u00f3n de la alta densidad de energ\u00eda acumulada.<\/li>\n<li>La Evoluci\u00f3n Espiritual<\/li>\n<li>Promueve el movimiento perist\u00e1ltico de la intestinal<\/li>\n<li>Muchas personas toman el cuidado de sus sinusitis y rinitis con esto, haci\u00e9ndolos inmunes enfermedades del sistema respiratorio<\/li>\n<li>La paz<\/li>\n<li>Esto permite comprender lo que es la meditaci\u00f3n en un nivel consciente<\/li>\n<li>Permite llegar a un estado de meditaci\u00f3n muy profunda<\/li>\n<li>Limpia toda la suciedad y la mugre de a\u00f1os, que es la causa de problemas como la sinusitis y la migra\u00f1a<\/li>\n<li>La Limpieza De Los Chakras<\/li>\n<li>El enraizamiento<\/li>\n<li>La relajaci\u00f3n<\/li>\n<li>Oportunidades En Energ\u00eda<\/li>\n<\/ul>\n<p>Medicina di potere, che connette all\u2019energia di Youshibu (Dio della Creazione). Funziona sia nella guarigione spirituale che fisica. Dovrebbe essere utilizzato solo per questi scopi, in modo appropriato in un ambiente Sereno e tranquillo e preparato. <\/div>\n<div id=\"tab_come-si-f\u00e0-?\" class=\"panel entry-content\" role=\"tabpanel\" aria-labelledby=\"tab-come-si-f\u00e0-?\">\n<h3><b>C\u00f3mo Aplicar Rap\u00e9 ?<\/b><\/h3>\n<p>Con<a href=\"https:\/\/karmarando.com\/es\/kuripe\/\" target=\"_blank\" rel=\"noopener\"><strong> Kuripe<\/strong><\/a> que es un tenedor V para hacerlo por ti mismo o con<a href=\"https:\/\/karmarando.com\/es\/tepi\/\" target=\"_blank\" rel=\"noopener\"><strong> Tepi<\/strong> <\/a>per farselo fare da qualcuno che pur rimanendo neutro riesce a darci maggiore beneficio nella ricezione. E&#8217; molto importante che la persona sia preparata a ricevere lo spirito della foresta attraverso il Rap\u00e9. \u00c8 necessario avere un corpo pulito, in un ambiente favorevole e soprattutto con lo scopo di consacrare questa medicina sacra. <strong>Aplicar el Rap\u00e8<\/strong>, \u00e8 possibile sia da Soli che con un compagno: Da soli si usa il Kuripe, con un compagno si Usa Il Tepi, in questo caso, chi applicher\u00e0 con il Tepi, \u00e8 necessario che abbia maturato una certa preparazione, mantenendosi cos\u00ec neutro e centrato, senza proiettare i propri stati d&#8217;animo. Dovr\u00e0 quindi mantenere distacco e proiettare semplicemente molto amore. In ogni caso \u00e8 necessaria concentrazione, uno sano scopo, una intenzione, con fiducia e fede e tecnica di soffiaggio. Solo cos\u00ec, la medicina avr\u00e0 il massimo del beneficio. <b>El Rap\u00e9 debe ser aplicado en ambas fosas nasales. Cada cavidad nasal es una corriente de energ\u00eda en el cuerpo:<\/b><b>Mejor hacer siempre el primero a trav\u00e9s de la fosa nasal izquierda<\/b><b>El lado izquierdo:<\/b> Il canale della Luna (recettore \u2013 yin). D\u00e0 potere alle emozioni nel loro stato puro, liberando gioia profonda, amore puro, compassione e abilit\u00e0 artistiche. \u00c8 il lato femminile. I problemi tipici sono attaccamento emozionale, depressione, bassa autostima, sentimento di colpa e apatia. <b>El lado derecho:<\/b> El canal de el Sol (el emisor \u2013 yang). Da el poder de la mente racional: le permite aprender y adquirir la fuerza necesaria para superar los problemas por el esfuerzo. Este es el lado masculino. Los problemas t\u00edpicos son el comportamiento ego\u00edsta o violentos, la arrogancia y el orgullo.Que s\u00f3lo recibe un lado entra en un proceso que es todav\u00eda m\u00e1s fuerte de lo normal; esto es debido a que no han abandonado correctamente y se ha negado la Medicina, que es tambi\u00e9n negarse a s\u00ed mismos, y el esp\u00edritu de la Rap\u00e9. <b>Los tipos de soplos : <\/b>Hay muchos, de la gl\u00e1ndula pineal ( puff seco y decidido, pero por un largo tiempo) o m\u00e1s de largo, persistente.. (se va a buscar los art\u00edculos en el blog, utilice la b\u00fasqueda) <b>Es importante apuntar a beber 2 vasos de agua antes y agua durante aproximadamente despu\u00e9s de 7 minutos de la aplicaci\u00f3n, as\u00ed como para llegar al v\u00f3mito<\/b> <\/div>\n<div id=\"tab_dosaggio\" class=\"panel entry-content\" role=\"tabpanel\" aria-labelledby=\"tab-dosaggio\"> <strong>La cantidad Correcta<\/strong> empezar con un poco de cual debe ser tan grande como del tama\u00f1o de un guisante, pero tienden a aumentar, alcanzando el tama\u00f1o de una avellana sin c\u00e1scara, pero no para excluir a los veteranos que es m\u00e1s. Esto es de acuerdo a las diferencias entre el propio peso del cuerpo, la tolerancia, el metabolismo y la sensibilidad personal.<\/p>\n<ul>\n<li>Es importante escuchar a los Icaros con los auriculares, para alcanzar el estado de meditaci\u00f3n, sin pensamiento y la curaci\u00f3n.<\/li>\n<li>La persona que asume Rap\u00e9 por primera vez, deben ser conscientes de lo que es y lo que est\u00e1 haciendo, tomarlo con respeto y responsabilidad, que es un santo de la medicina es muy potente, y la necesidad de respetar<\/li>\n<\/ul>\n<p><strong>Psicol\u00f3gicamente el cuidado de los miedos.<\/strong> Un\u2019applicazione forte pu\u00f2 portare il soggetto a sperimentare la propria ombra e accedere alle proprie fobie pi\u00f9 oscure, cos\u00ec che possono essere visualizzate e risolte. Innumerevoli esperienze dimostrano la sua efficacia nel trattamento di depressioni, paure ossessive, insonnia e ansia. Molte persone hanno abbandonato il tabagismo dopo aver iniziato ad utilizzare il Rap\u00e9. <\/div>\n<div id=\"tab_come-viene-fatto-il-rap\u00e9\" class=\"panel entry-content\" role=\"tabpanel\" aria-labelledby=\"tab-come-viene-fatto-il-rap\u00e9\">\n<ul>\n<li>Nuestro <strong>Rap\u00e9<\/strong> se producen usando una combinaci\u00f3n de tierra y las cenizas de los \u00e1rboles sagrados con propiedades medicinales.<\/li>\n<li>Nuestro Rap\u00e9 100% naturales y est\u00e1n libres de pesticidas y productos qu\u00edmicos .<\/li>\n<li>Las propiedades medicinales son \u00fatiles para el tratamiento de los trastornos f\u00edsicos y mentales<\/li>\n<li>Nuestro rap\u00e9 est\u00e1n hechos con mucho respeto, dedicaci\u00f3n, amor y fe.<\/li>\n<\/ul>\n<p><strong>Ir a trav\u00e9s de un proceso de<\/strong> di setacciatura per diventare extra fine fino alla punta del talco, rendendo pi\u00f9 facile ricevere il Rap\u00e9 diffondendosi ed espandendosi in modo pi\u00f9 efficiente. Dopo questo processo, viene energizzato con pietre e cristalli e una piramide, oltre a un periodo sotto le luci (cromoterapia).La sua parte di connessione spirituale \u00e8 piuttosto intensa, perch\u00e9 il Rap\u00e9 passando dalle nostre preghiere sacre (intenti) per diversi giorni di seguito, creano l\u2019obiettivo di identificarsi con lo spirito della pianta ascoltando i bisogni del corpo, innescando cos\u00ec il processo di guarigione e di centratura costante. I nostri rap\u00e9 aiutano ad aumentare la forza della centratura e corrente elettrica magnetica appartenente al complesso sitema di kundalini\/DNA e nella purificazione spirituale. <\/div>\n<div id=\"tab_cos'\u00e8-il-rap\u00e9\" class=\"panel entry-content\" role=\"tabpanel\" aria-labelledby=\"tab-cos'\u00e8-il-rap\u00e9\"> E&#8217; uno strumento di medicina sacra d\u2019origine, astrale e ancestrale, custodito con amore e tramandato dai nostri antenati; I nostri nonni della giungla hanno usufruito e giovato di questo strumento\/medicina fin dall\u2019inizio del tempi, e oggi ci viene portata memoria originale e rinnovata per questo meraviglioso regalo. Il <strong>Rap\u00e9<\/strong>, pu\u00f2 essere preparato con una o pi\u00f9 medicine vegetali e anche minerali, considerando che la presenza del aiuta a fare ordine, integrare e bilanciare la nostra energia e purificare la pineale, per dirigerla con uno scopo specifico. Allo stesso tempo, il<strong> Rap\u00e9<\/strong> apre la porta verso lo spirito e l\u2019universo, aiutandoci a risvegliare la purezza essenziale che sta in noi. IL <strong>Rap\u00e9<\/strong> \u00e8 la medicina aerea. In un colpo riceviamo la benedizione del Soffio del Vento, fonte universale di energia, che cancella la nostra percezione, cancella la mente e apre i canali di energia superiore, per connetterci con il pi\u00f9 alto del nostro essere. Rap\u00e9 \u00e8 anche una medicina per la visione dello spirito, che ci aiuta a liberare la mente e a fermare il dialogo interiore, ad essere veramente presenti per poter vedere oltre le nostre interpretazioni. <\/div>\n<div id=\"tab_storia\" class=\"panel entry-content\" role=\"tabpanel\" aria-labelledby=\"tab-storia\"> <b>La historia de la gente<\/b> <b>Yawanaw\u00e1, el productor de otros rap\u00e8 adem\u00e1s de la Tsunu<\/b><b><i>Desde tiempos inmemoriales<\/i><\/b><i>los Yawanaw\u00e1 acuerdo con la fuente del r\u00edo Greg\u00f3rio, un afluente del r\u00edo Juru\u00e1, en el municipio de Tarauac\u00e1, en el estado de Acre, en la Amazon\u00eda occidental. Provienen de la rama de la ling\u00fc\u00edstica Pano.<\/i> <b><i>Su poblaci\u00f3n hoy en d\u00eda<\/i><\/b><i> es alrededor de 1000 personas que viven en los siete pueblos. Eran muy numerosos en el pasado. Sin embargo, muchos fueron diezmados por los impactos tra\u00eddo por la colonizaci\u00f3n.<\/i> <b>Desde 1984<\/b>, <i>despu\u00e9s de a\u00f1os de esclavitud, y de muchas batallas, se recuper\u00f3 parte de sus territorios, y la demarcaci\u00f3n de la tierra, con el apoyo de la Fundaci\u00f3n Nacional del Indio \u2013 FUNAI. Fue desde all\u00ed que recuper\u00f3 los derechos de las Personas, hacer a un lado a los misioneros de sus tierras, y al comenzar el renacimiento de su cultura, su idioma, que se conserva en la memoria de sus familiares de edad avanzada.<\/i> <b><i>En contraste con la prohibici\u00f3n anterior, las mujeres que hoy en d\u00eda esperan que el honor y la tarea de preparar este excelente rap\u00e8<\/i><\/b><b><i>Los Yawanaw\u00e1<\/i><\/b><i> ( yawa \/pecar\u00eds de la blanca y labios; Nawa \/la gente), son un grupo que pertenece a la familia ling\u00fc\u00edstica Pano, que hoy ocupa la tierra Ind\u00edgena en el r\u00edo st. gregorio El nombre de &#039;los Yawanaw\u00e1&#039; aparece en las fuentes hist\u00f3ricas escritas en diversas formas: Yawavo o Yauavo, Jawanaua, Yawanaua o Iawanawa. <\/i> <i>El formulario de &#039;los Yawanaw\u00e1 se utiliza aqu\u00ed sigue la ortograf\u00eda utilizada en los libros de texto escolares y en otros documentos de la paternidad ind\u00edgenas.<\/i> <b>La comunidad Yawanaw\u00e1 <\/b>en realidad, es un conjunto de personas, que incluye a miembros de otros grupos: Shaw\u00e3dawa (Arara) , Iskunawa (conocido hoy como el Shan\u00eanawa, que vive en un pueblo cerca de la ciudad de Feij\u00f3), Rununawa, Sainawa (generalmente conocido como el Yaminaw\u00e1 , que viven en la regi\u00f3n del r\u00edo de Bag\u00e9), y Katukina <b>Esta configuraci\u00f3n es el resultado de una din\u00e1mica sociol\u00f3gica com\u00fan a muchos grupos Pano<\/b> Alleanze attraverso il matrimonio, cattura di donne durante i conflitti bellici, migrazione delle famiglie \u2013 e una serie di contingenze storiche, in particolare quei cambiamenti determinati dall&#8217;arrivo di non- Indiani, comprese epidemie e alterazioni demografiche. Questi processi portarono all&#8217;incorporazione di persone di altre popolazioni che in passato mantenevano relazioni con gli Yawanaw\u00e1. Tra gli Yaminawa della terra indigena delle sorgenti del fiume Acre c&#8217;\u00e8 un sottogruppo che porta anche il nome Yawanaw\u00e1. Tuttavia, gli Yawanaw\u00e1 sul fiume Greg\u00f3rio non sono a conoscenza di questo altro gruppo omonimo. <\/div>\n<div id=\"tab_disclaimer\" class=\"panel entry-content\" role=\"tabpanel\" aria-labelledby=\"tab-disclaimer\"> <strong><span style=\"color: #d83131;\">LA FOTO EN LA DESCRIPCI\u00d3N ES PURAMENTE INDICATIVO<\/span><\/strong> <strong><span style=\"color: #d83131;\">Para los productos de las PLANTAS, el INCIENSO, Y los polvos PREPARADOS en el MOMENTO EN que no se puede hacer DEVOLUCIONES o REEMBOLSOS<\/span><\/strong> El <strong>los t\u00e9rminos utilizados<\/strong> en las categor\u00edas y los tags no quiero sugerir que el uso medicinal y recreativo de los productos, simplemente ordenar de acuerdo a su uso hist\u00f3rico, cient\u00edfico y social. <strong>Las recetas son proporcionados como un cient\u00edfico<\/strong>no quieren animar a los clientes a repetir, ni a consumir los productos. <strong>Nuestro contenido<\/strong> no han sido evaluadas por la FDA o por cualquier figura de la profesi\u00f3n m\u00e9dica: los posibles aplicaciones, indicaciones, dosificaci\u00f3n y advertencias se describen \u00fanicamente para fines educativos, especulaciones y personal, y no constituye consejo m\u00e9dico. <strong>Los productos se venden<\/strong> como el incienso, Jabones, Resinas y colecci\u00f3n bot\u00e1nica, y el material de la investigaci\u00f3n cient\u00edfica. <span style=\"color: #ed1c24; font-size: 115%;\"><strong>Ellos no est\u00e1n destinados para el consumo humano. Para poder comprar nuestros productos usted debe ser mayor de 18 a\u00f1os de edad y no son adecuados para las mujeres que est\u00e1n embarazadas y\/o lactancia de las mujeres.<\/strong><\/span> Para obtener m\u00e1s informaci\u00f3n sobre <strong>KARMARANDO<\/strong> visita <a href=\"https:\/\/www.instagram.com\/karmarando1\/\" target=\"_blank\" rel=\"noopener\"> <span style=\"color: #0000ff;\"><strong>esta p\u00e1gina<\/strong><\/span><\/a> o leer las \u00faltimas noticias sobre <a href=\"https:\/\/karmarando.com\/es\/blog\/\" target=\"_blank\" rel=\"nofollow noopener\"><strong><span style=\"color: #0000ff;\">BLOG<\/span><\/strong><\/a> <\/div><\/div><\/div>","protected":false},"excerpt":{"rendered":"<p>Rap\u00e9 de Lavanda Tranquilidad, la Serenidad y la Pureza<\/p>","protected":false},"featured_media":10631,"comment_status":"open","ping_status":"closed","template":"","meta":[],"product_brand":[],"product_cat":[186,1123,187,185],"product_tag":[],"class_list":{"0":"post-10697","1":"product","2":"type-product","3":"status-publish","4":"has-post-thumbnail","6":"product_cat-cat-rape","7":"product_cat-rape-aromatico","8":"product_cat-rape-brasiliano","9":"product_cat-rapee-e-co","10":"pa_brand-karmarando","11":"pa_fragranza-ceneri","12":"pa_fragranza-erbe","13":"pa_fragranza-lavanda","14":"pa_fragranza-mapacho","15":"pa_ingredienti-ceneri","16":"pa_ingredienti-erbe","17":"pa_ingredienti-lavanda","18":"pa_ingredienti-mapacho","19":"pa_momento-di-assunzione-mattina-a-digiuno","20":"pa_momento-di-assunzione-sera-lontano-dai-pasti","21":"pa_paese-di-fabbricazione-brasile","22":"pa_principi-attivi-acetato-di-linalile","23":"pa_principi-attivi-borneolo","24":"pa_principi-attivi-cineolo","25":"pa_principi-attivi-geraniolo","26":"pa_principi-attivi-linaiolo","27":"pa_somministrazione-nasale","28":"pa_tipo-polvere","29":"pa_unita-di-misura-10-g","30":"pa_unita-di-misura-20-g","31":"pa_unita-di-misura-50-g","32":"pa_uso-principale-aiuta-a-liberare-la-mente-e-interrompere-il-dialogo-interiore","33":"pa_uso-principale-aiuta-ad-eliminare-il-catarro-e-i-parassiti-dei-seni-frontali-paranasali-e-nasali","34":"pa_uso-principale-e-anche-un-potente-analgesico-per-dolori-alla-testa-e-al-corpo","35":"pa_uso-principale-ansiolitico","36":"pa_uso-principale-antimicrobico","37":"pa_uso-principale-antinfiammatorio","38":"pa_uso-principale-antisettico","39":"pa_uso-principale-asma","40":"pa_uso-principale-blocchi-energetici","41":"pa_uso-principale-broncopolmonite","42":"pa_uso-principale-calma","43":"pa_uso-principale-calmante","44":"pa_uso-principale-centratura","45":"pa_uso-principale-consente-di-essere-presente-per-riuscire-a-guardare-oltre-le-proprie-interpretazioni","46":"pa_uso-principale-energeticamente-cura-in-modo-diretto-paure-ansie-e-altre-energie-connesse-al-plesso-solare-se-causa-vomito-e-perche-la-persona-sta-eliminando-le-energie-dense-accumulate","47":"pa_uso-principale-decomprime-la-pressione-del-cranio","48":"pa_uso-principale-depura-ordina-e-allinea-i-campi-energetici-specialmente-i-chakra-del-terzo-occhio-e-della-testa-sale-e-scende-da-quelli-attraverso-la-colonna-vertebrale","49":"pa_uso-principale-elimina-leccesso-di-flemma-accumulato","50":"pa_uso-principale-elimina-mal-di-testa-sonnolenza-e-stordimento","51":"pa_uso-principale-evoluzione-spirituale","52":"pa_uso-principale-favorisce-il-movimento-peristaltico-intestinale","53":"pa_uso-principale-applicato-sulle-ferite-ha-funzioni-cicatrizzanti-e-antibiotiche","54":"pa_uso-principale-pace","55":"pa_uso-principale-permette-di-capire-che-cose-la-meditazione-a-livello-cosciente","56":"pa_uso-principale-permette-di-raggiungere-uno-stato-di-meditazione-molto-profondo","57":"pa_uso-principale-e-molto-efficace-anche-nel-trattamento-di-problemi-al-sistema-respiratorio-e-digestivo","58":"pa_uso-principale-procastinaggio","59":"pa_uso-principale-procastinamenrto","60":"pa_uso-principale-pulisce-tutta-la-sporcizia-accumulata-da-anni-che-e-causa-di-problemi-come-sinusite-ed-emicrania","61":"pa_uso-principale-pulizia-chakra","62":"pa_uso-principale-purificante","63":"pa_uso-principale-radicamento","64":"pa_uso-principale-rilassamento","65":"pa_uso-principale-e-rilassante-e-antipiretico","66":"pa_uso-principale-sbocchi-energetici","67":"pa_uso-principale-molte-persone-curano-la-loro-sinusiti-e-rinite-con-questa-rende-immuni-anche-dalle-malattie-dellapparato-respiratorio","68":"pa_uso-principale-spasmodico","69":"pa_uso-principale-toglie-i-parassiti-e-pulisce-gli-intestini","70":"pa_uso-principale-tranquillante","71":"pa_uso-principale-unione-del-tutto-in-uno","72":"pa_uso-principale-e-rimedio-per-la-visibilita-dello-spirito","73":"pa_uso-principale-visione-animica","75":"first","76":"instock","77":"shipping-taxable","78":"purchasable","79":"product-type-variable"},"_links":{"self":[{"href":"https:\/\/karmarando.com\/es\/wp-json\/wp\/v2\/product\/10697","targetHints":{"allow":["GET"]}}],"collection":[{"href":"https:\/\/karmarando.com\/es\/wp-json\/wp\/v2\/product"}],"about":[{"href":"https:\/\/karmarando.com\/es\/wp-json\/wp\/v2\/types\/product"}],"replies":[{"embeddable":true,"href":"https:\/\/karmarando.com\/es\/wp-json\/wp\/v2\/comments?post=10697"}],"wp:featuredmedia":[{"embeddable":true,"href":"https:\/\/karmarando.com\/es\/wp-json\/wp\/v2\/media\/10631"}],"wp:attachment":[{"href":"https:\/\/karmarando.com\/es\/wp-json\/wp\/v2\/media?parent=10697"}],"wp:term":[{"taxonomy":"product_brand","embeddable":true,"href":"https:\/\/karmarando.com\/es\/wp-json\/wp\/v2\/product_brand?post=10697"},{"taxonomy":"product_cat","embeddable":true,"href":"https:\/\/karmarando.com\/es\/wp-json\/wp\/v2\/product_cat?post=10697"},{"taxonomy":"product_tag","embeddable":true,"href":"https:\/\/karmarando.com\/es\/wp-json\/wp\/v2\/product_tag?post=10697"}],"curies":[{"name":"wp","href":"https:\/\/api.w.org\/{rel}","templated":true}]}}