{"id":10321,"date":"2023-06-28T23:14:20","date_gmt":"2023-06-28T21:14:20","guid":{"rendered":"https:\/\/www.karmarando.com\/?post_type=product&#038;p=10321"},"modified":"2025-12-04T21:52:01","modified_gmt":"2025-12-04T20:52:01","slug":"fermentati-fervida-zenzero-e-curcuma-microrganismi-effettivi-10-anni","status":"publish","type":"product","link":"https:\/\/karmarando.com\/es\/fitoterapici\/fermentati-fervida-e-em\/fermentati-fervida-gocce-orali\/10-anni\/fermentati-fervida-zenzero-e-curcuma-microrganismi-effettivi-10-anni\/","title":{"rendered":"Fermentado Ferviente de Jengibre y C\u00farcuma \u2013 Microorganismos Eficaces de 7 a\u00f1os"},"content":{"rendered":"<div class=\"tabbed-content\">\n\t\t\t\n\t\t\t<ul class=\"nav nav-pills nav-uppercase nav-size-small nav-center\" role=\"tablist\"><li id=\"tab-descrizione\" class=\"tab active has-icon\" role=\"presentation\"><a href=\"#tab_descrizione\" role=\"tab\" aria-selected=\"true\" aria-controls=\"tab_descrizione\"><span>Descripci\u00f3n<\/span><\/a><\/li>\n<li id=\"tab-propriet\u00e0\" class=\"tab has-icon\" role=\"presentation\"><a href=\"#tab_propriet\u00e0\" tabindex=\"-1\" role=\"tab\" aria-selected=\"false\" aria-controls=\"tab_propriet\u00e0\"><span>La propiedad<\/span><\/a><\/li>\n<li id=\"tab-come-si-f\u00e0-?\" class=\"tab has-icon\" role=\"presentation\"><a href=\"#tab_come-si-f\u00e0-?\" tabindex=\"-1\" role=\"tab\" aria-selected=\"false\" aria-controls=\"tab_come-si-f\u00e0-?\"><span>Como se pone ?<\/span><\/a><\/li>\n<li id=\"tab-a-cosa-serve?\" class=\"tab has-icon\" role=\"presentation\"><a href=\"#tab_a-cosa-serve?\" tabindex=\"-1\" role=\"tab\" aria-selected=\"false\" aria-controls=\"tab_a-cosa-serve?\"><span>A COSA SERVE?<\/span><\/a><\/li>\n<li id=\"tab-come-funziona?\" class=\"tab has-icon\" role=\"presentation\"><a href=\"#tab_come-funziona?\" tabindex=\"-1\" role=\"tab\" aria-selected=\"false\" aria-controls=\"tab_come-funziona?\"><span>COME FUNZIONA?<\/span><\/a><\/li>\n<li id=\"tab-disclaimer\" class=\"tab has-icon\" role=\"presentation\"><a href=\"#tab_disclaimer\" tabindex=\"-1\" role=\"tab\" aria-selected=\"false\" aria-controls=\"tab_disclaimer\"><span>DESCARGO de responsabilidad<\/span><\/a><\/li><\/ul><div class=\"tab-panels\"><div id=\"tab_descrizione\" class=\"panel active entry-content\" role=\"tabpanel\" aria-labelledby=\"tab-descrizione\">\n<h3><strong>Fermentati Fervida &#8211; Zenzero e Curcuma &#8211; Microrganismi Effettivi 10 anni EM probiotici Invecchiati 10 anni<\/strong><\/h3>\n<p><strong>Fermentati Thailandesi Fervida<\/strong><br \/>\nFermentado Ferviente de Jengibre y C\u00farcuma \u2013 Microorganismos Eficaces de 7 a\u00f1os<br \/>\nSelezione dei migliori <strong>Ferviente<\/strong> in assoluto, adatti a tutti i tipi di cure e a tutti!<\/p>\n<p>Li scelgliamo in base all\u2019et\u00e0, unendo Ferv\u00ecda di 6,7,8 anni cercando di garantire una media di 7.<\/p>\n<p>Li scelgliamo in base alle qualit\u00e0 organolettiche, scelgo quelli col sapore pi\u00f9 intenso e balsamico, scelgo ferv\u00ecda sani ed equilibrati e provenienti dalla fermentazione di vegetali di ottime caratteristiche, nati da erbe con grande potenziale teRap\u00e9utico.<\/p>\n<p>Una volta ottenuto equilibrio nella soluzione, dopo aver riunito ferv\u00ecda prelevati aggiungo i vegetali essicati per migliorare le propriet\u00e0 organolettiche e fitoterapiche e dargli sufficiente regolarit\u00e0 di sapore, colore, efficacia.<\/p>\n<p>Ad ogni modo I <strong>Ferv\u00ecda<\/strong> sono sempre creature uniche, impossibile quindi che un Fervida sia identico ad uno fatto in un altro contenitore, tuttavia la tecnica Ferv\u00ecda permette di mantenere equilibrio costante e di conferire caratteristiche organolettiche riconoscibili. L\u2019efficacia \u00e8 ormai molto conosciuta a tutti.<br \/>\n<\/div>\n<div id=\"tab_propriet\u00e0\" class=\"panel entry-content\" role=\"tabpanel\" aria-labelledby=\"tab-propriet\u00e0\"> Oltre ai soliti, Agrumi, Iperico, Erba di San giovanni, Susine, Rosmarino, Basilico, Salvia e altre.<\/p>\n<h3><strong>Sono stati Aggiunti:<\/strong><\/h3>\n<ul>\n<li><strong>NONI<\/strong>\u00a0Una delle propriet\u00e0 principali del noni \u00e8 quella antinfiammatoria, talmente spiccata da essere spesso facilmente reputato come alimento utile a prevenire e combattere alcune forme tumorali. Stimola il sistema immunitario. . Pu\u00f2 essere usato nella lotta alle dipendenze. Ci\u00f2 che rende prezioso il noni per la cura della buona salute \u00e8 la sua ricchezza di composti fitochimici: lignani, iridoidi (soprattutto l&#8217;acido asperulosidico), alcaolidi (specialmente la xeronina), catechine, e vari acidi preziosi antiossidanti e antinfiammatori come il linoleico.Gran parte di queste composti fitochimici sono antiossidanti, antitumorali, analgesici e antiinfiammatori, cos\u00ec da rendere il noni un alimento prezioso che sta attirando le attenzioni di molti ricercatori scientifici. E\u2019 considerato il frutto al mondo con pi\u00f9 alta concentrazione di fitonutrienti.<\/li>\n<li><strong>PAPAYA<\/strong>\u00a0Le foglie di papaya aiutano a digerire meglio la proteina del glutine.I loro antiossidanti sono estremamente utili per aiutare il corpo a lottare contro malattie come il cancro, senza alcun effetto collaterale. Le foglie di papaya eliminano la dipendenza da carboidrati e zuccheri. Combattono l\u2019acne. Hanno propriet\u00e0 anti-invecchiamento. Rafforzano il sistema immunitario.<\/li>\n<li><strong>GANODERMA LUCIDUM<\/strong>\u00a0analgesico, antiallergico, anti infiammatorio, stimolante le cellule immunitarie Natural Killer (NK), antibatterico per effetto dell&#8217;immunostimolazione, antivirale per l&#8217;aumento della produzione di interferone, antiossidante, antitumorale, ipotensivo, ipocolesterolemizzante, cardio tonico, antidepressivo e rilassante, mucolitico, ostacola il virus HIV (sia in vitro che in vivo), migliora la funzionalit\u00e0 cortico-surrenalica, aumenta la produzione di interleuchina 1 e 2 prodotta da macrofagi e splenociti.<\/li>\n<li><strong>FUNGHI SHITAKE<\/strong>\u2019 E\u2019 una importante fonte di vitamina D. Stimola la produzione di linfociti T. Protegge il fegato. E\u2019 antivirale e aiuta a combattere lo stress.<\/li>\n<li><strong>NEEM<\/strong>\u00a0Il neem ha propriet\u00e0 antibatteriche, antivirali, antisettiche e antinfiammatorie per cui aiuta anche ad alleviare i sintomi di malattie della pelle come l\u2019acne, la psoriasi, l\u2019eczema e la scabbia. Il neem viene usato tradizionalmente per purificare il sangue, disintossicare il fegato e supportare il sistema immunitario.<\/li>\n<li><strong>GRAVIOLA\u00a0<\/strong>hojas. Ayuda a dormir m\u00e1s f\u00e1cilmente.Analg\u00e9sico natural y eficaz de calmar el dolor. Protege los ojos y es rico en antioxidantes, los cuales son esenciales. \u00datil para deshacerse de la tos y la mucosidad. Eficaz contra los par\u00e1sitos. Facilita la prevenci\u00f3n de las infecciones del tracto urinario.Es un remedio natural para la artritis. Ayuda en la prevenci\u00f3n de tumores. Antidepresivo Natural es eficaz en la reducci\u00f3n de estr\u00e9s. Las hojas de annona muricata han demostrado su eficacia contra los 12 tipos de c\u00e9lulas cancerosas. Reduce el riesgo de c\u00e1ncer de p\u00e1ncreas. Ralentiza el envejecimiento y es fruta poderosa anti-envejecimiento.<\/li>\n<li><strong>La MORINGA<\/strong>\u00a0Ricca in omega 3-6-9 che sono un importante aiuto per mantenere in buona salute la membrana cellulare e quindi l&#8217;intero organismo, la moringa oleifera \u00e8 utile per attivare o rinforzare il sistema immunitario, mantenere a livelli ottimali la pressione sanguigna, il glucosio nel sangue e i livelli ormonali.<\/li>\n<li><strong>FOGLIE DI GUAVA<\/strong>\u00a0Ellos tienen importantes propiedades antidiab\u00e9ticas, reducir la presencia de az\u00facar en la sangre. Propiedades antioxidantes. Muchos estudios han demostrado que las hojas de guayaba stimlano de la producci\u00f3n de esperma, contribuyendo as\u00ed a la concepci\u00f3n. Promover la p\u00e9rdida de peso y tiene acci\u00f3n anti-al\u00e9rgica de acci\u00f3n.<\/li>\n<li><strong>ALOE ARBORESCENS<\/strong>\u00a0Tiene la habilidad natural para fortalecer las defensas del cuerpo, ayudando activamente a la vista de su acci\u00f3n antibacteriana. Aquellos que asumen el aloe ve a mejorar la digesti\u00f3n, acelerar el metabolismo y asegura una buena dosis de sustancias desde el poder de la anti-tumoral.<\/li>\n<li><strong>CLITORIA TERNATEA<\/strong>\u00a0Est\u00e1 considerado como antidepresivo, antipiretica, ansiol\u00edtico, sedante y anticonvulsivante: algunos de los p\u00e9ptidos encuentra dentro de ella parece tener tambi\u00e9n un anti-tumor, y puede inhibir la absorci\u00f3n de glucosa a partir de la fuente de alimentaci\u00f3n con los beneficios obvios de la diabetes.<\/li>\n<li><strong>TILIACORA TRIANDRA<\/strong>\u00a0&#8211;\u00a0Anti ossidante &#8211; Anti infiammatoria &#8211; Riduce il rischio di formazione di cancro &#8211; Anti-batterica, anti-fungina. Le foglie contengono polifenoli, flavonoidi, alcaloidi, B-carotene e minerali come calcio e ferro.<\/li>\n<li><strong>SANARIS<\/strong> si sta rivelando un Ferv\u00ecda molto gradito e gradevole, efficace per tutte le patologie, ma utile anche a chi \u00e8 sano. Chi lo assume ne sente spesso velocemente i benefici, non solo a livello fisico, ma anche energetico ed emotivo. Nato dall\u2019unione di vegetali di altissima efficacia per la cura dei tumori, quindi ottimo da affiancare alle terapie in atto, si sta rivelando efficace in tutti gli utilizzi che se ne possono fare.<\/li>\n<\/ul>\n<\/div>\n<div id=\"tab_come-si-f\u00e0-?\" class=\"panel entry-content\" role=\"tabpanel\" aria-labelledby=\"tab-come-si-f\u00e0-?\">\n<h3><strong>COME E QUANTO SI CONSUMA<\/strong><\/h3>\n<p><strong>Consiglio di partire da un dosaggio di 10 gocce per 3 volte al giorno, di solito \u00e8 tollerato da tutti, ma qualcuno potrebbe aver bisogno di partire da un dosaggio ancora pi\u00f9 basso, si aumenta quindi di 3 gocce totali a settimana (4&#215;3,5&#215;3,6&#215;3 &#8230;).<\/strong> <strong>Per 3 volte al giorno, mattina a stomaco vuoto, nel pomeriggio lontano dai pasti, e alla sera prima di andare a dormire sempre lontano dai pasti<\/strong> No existen l\u00edmites m\u00e1ximos de ingesta, sin embargo, tener una buena efectividad de la junta directiva, al menos, 60 gotas por d\u00eda 90 o m\u00e1s gotas si usted necesita una fuerte acci\u00f3n si hay inflamaci\u00f3n o enfermedades del sistema inmune, Si el efecto de la Desintoxicaci\u00f3n, es decir, la crisis relacionadas con el tratamiento, es molesto, trabaja por el aligeramiento de la dosis; cada una estimaci\u00f3n de cu\u00e1nto se est\u00e1 dispuesto a sufrir en caso de que ocurran. Para los ni\u00f1os es suficiente para el ensayo de la mitad en comparaci\u00f3n con los adultos, incluso si pod\u00edan tolerar incluso dosis m\u00e1s altas, los ni\u00f1os rara vez tienen la crisis de desintoxicaci\u00f3n. <strong>Ferviente<\/strong> si puo&#8217; assumere sia prima che dopo i pasti, sia a digiuno che a stomaco pieno, tuttavia ognuno \u00e8 diverso e scelga il modo pi\u00f9 adatto a se&#8217;. Si assume in acqua, oppure aggiunto a bibite, succhi di frutta, decotti o tisane, cibi liquidi. Qualche goccia in una bottiglia d&#8217;acqua permette un&#8217;assunzione leggera e continuata. <strong>Ferviente<\/strong> tambi\u00e9n es ideal cuando se utiliza sobre la piel, es muy eficaz en la dermatitis, herpes, picaduras de insectos, acn\u00e9 ... usted puede usar las gotas, pero tambi\u00e9n se mezcla con agua.<\/p>\n<h3><strong>C\u00f3mo mantener la<\/strong><\/h3>\n<p>Como todos los <strong>Ferv\u00ecda<\/strong> maturi, prelevati, si conserva in bottiglie con chiusura ermetica. Dopo ogni apertura chiudere per bene, tutte le bottiglie della foto hanno chiusura stagna. Non serve conservarlo in fringo, non \u00e8 importante la temperatura di conservazione, non \u00e8 importante l&#8217;esposizione alla luce o la trasparenza del contenitore, \u00e8 invece molto importante che\u00a0 non resti a contatto della luce diretta del sole per tempi lunghi, in altre parole non va dimenticato sul cruscotto della macchina o vicino ad una finestra dove batte il Sole per molte ore al giorno. I raggi UVA del\u00a0 Sole sono mortali per tutti i microrganismi Effettivi<br \/>\n<\/div>\n<div id=\"tab_a-cosa-serve?\" class=\"panel entry-content\" role=\"tabpanel\" aria-labelledby=\"tab-a-cosa-serve?\">\n<h3><strong>LO QUE USTED NECESITA:<\/strong><\/h3>\n<ol>\n<li>regenerar y equilibrar la microbiota intestinal o de la flora intestinal.<\/li>\n<li>mejorar el sistema inmune<\/li>\n<li>purificar y desintoxicar el cuerpo, adem\u00e1s de las importantes propiedades quelantes de especies en el respeto de los metales<\/li>\n<li>rallentano il deterioramento cellulare e quindi anche l&#8217;invecchiamento Grazie all&#8217;altissima percentuale di sostanze antiossidanti.<\/li>\n<li>el uso de fermentados son mucho m\u00e1s que las propiedades curativas de la piel productos para el uso dom\u00e9stico y la agricultura.<\/li>\n<li>Como adelgazar y de adelgazamiento y p\u00e9rdida de peso, adem\u00e1s de ser diur\u00e9tico<\/li>\n<li>E\u2019 antinfiammatorio, antidiabetico, antitumorale, antiossidante, antiallergico, antivirale.<\/li>\n<li>Stimola il sistema immunitario, favorisce la digestione, migliora l\u2019energia, migliora l\u2019umore.<\/li>\n<\/ol>\n<\/div>\n<div id=\"tab_come-funziona?\" class=\"panel entry-content\" role=\"tabpanel\" aria-labelledby=\"tab-come-funziona?\">\n<h3><strong>Come funzionano:<\/strong><\/h3>\n<p>El <strong>Ferv\u00ecda<\/strong> sono ricchi di microorganismi effettivi che dove c&#8217;\u00e8 morte (e l&#8217;intestino non sta funzionando e di conseguenza anche la mente essendo connessa tramite il nervo vago) ma loro si nutrono di batteri maligni e di tuto chio che ci manda in desquilibrio Ridandoci pura la vita! Gli stessi microorganismi infatti vengono usati quando c&#8217;\u00e8 uno spargimento di petrolio, il petrolio sono plancton morti e quindi cibo appetitoso per i microorganismi presenti nei fermentati che vanno a ripukire tutto il nostro organismo. I <strong>Ferv\u00ecda<\/strong> debe tomarse con el est\u00f3mago vac\u00edo para mejorar las propiedades y la medicina a base de hierbas durante o despu\u00e9s de las comidas, y ser capaz de pasar con \u00e9xito a trav\u00e9s del intestino en El fermentado de la fermentaci\u00f3n larga como la nuestra y visualmente reminiscencia de vinagres, son de fermentaci\u00f3n en el medio natural o espont\u00e1nea-rica ortiga beneficios que se puede alimentar a la totalidad del organismo humano: probi\u00f3ticos, prebi\u00f3ticos, enzimas, vitaminas, incluyendo la vitamina B12, Omega 3-6-9, \u00e1cidos grasos de cadena corta, prote\u00ednas esenciales, gran parte de los minerales y muchos otros micronutrientes, as\u00ed como de las propiedades y la medicina a base de hierbas, que se puede extraer de la planta durante la fermentaci\u00f3n. Usted puede fermentar no s\u00f3lo de alimentos (frutas, semillas, hierbas, etc), pero tambi\u00e9n la corteza y las hojas que de lo contrario ser\u00eda no comestibles, incluso si contienen propiedades importantes. El <strong>Ferv\u00ecda<\/strong> Sono in gocce e si prendono 3 volte al giorno, anche se difficilmente capita, alcuni notano piccoli sintomi della disintossicazione quali nervoso o stranezza, o in casi peggiori defecazione intensa che come detto solo raramente e per i primi 5-6 giorni. Con i Fermentati facciamo anche il gel via come da foto, che ne abbiamo e ne parleremo ancora specifico per dermatologia e cure interne come escoriazioni, ferite e papillomi o fibromi, oltr che per scottature, per dolori muscolari e di ossa, eczemi e herpes e non meno importante come lifting ringiovanente per rughe e correlati! I Fermentati sono alimenti vivi, microrganismi Effettivi che respirano la vita e la fanno muovere, un ritmo che non si interrompe mai, nutrono l&#8217;organismo a livello molecolare, vibrazionale, energetico, donano quella energia vitale che agisce anche sull&#8217;umore, aiutandoci a ritrovare serenit\u00e0 ed equilibrio.Anche in casi di depressione o mali degenerativi. <strong>ATTENZIONE: Non ha niente a che vedere con probiotici o kefir o con Kombucha o Nambuka.. Diffidate chi vi dice che \u00e8 la stessa cosa ma \u00e8 logico ed ovvio che non lo \u00e8.<\/strong> <strong>kefir Kombucha Nambucha sono pronti in 24 ore, qui la tecnica \u00e8 totalmente differente oltre che sono invecchiati per 7 anni tuti i prodotti e ogni anno ne guadagnano uno in piu perche la nostra produzione continua e quindi hanno la maturit\u00e0 per avere davvero effetti strabilianti potenti. Questi pi\u00f9 invecchiano pi\u00f9 maturano, e acquisiscono Potenza rigeneratrice e ovviamente non hanno scadenza perch\u00e8 sono loro stessi un conservante.<\/strong> <\/div>\n<div id=\"tab_disclaimer\" class=\"panel entry-content\" role=\"tabpanel\" aria-labelledby=\"tab-disclaimer\"> <strong><span style=\"color: #d83131;\">LA FOTO EN LA DESCRIPCI\u00d3N ES PURAMENTE INDICATIVO<\/span><\/strong> <strong><span style=\"color: #d83131;\">LOS PRODUCTOS EST\u00c1N GARANTIZADOS DE KARMARANDO<\/span><\/strong> <strong><span style=\"color: #d83131;\">Para los productos de las PLANTAS, el INCIENSO, Y los polvos PREPARADOS en el MOMENTO EN que no se puede hacer DEVOLUCIONES o REEMBOLSOS<\/span><\/strong> El <strong>los t\u00e9rminos utilizados<\/strong> en las categor\u00edas y los tags no quiero sugerir que el uso medicinal y recreativo de los productos, simplemente ordenar de acuerdo a su uso hist\u00f3rico, cient\u00edfico y social. <strong>Las recetas son proporcionados como un cient\u00edfico<\/strong>no quieren animar a los clientes a repetir, ni a consumir los productos. <strong>Nuestro contenido<\/strong> no han sido evaluadas por la FDA o por cualquier figura de la profesi\u00f3n m\u00e9dica: los posibles aplicaciones, indicaciones, dosificaci\u00f3n y advertencias se describen \u00fanicamente para fines educativos, especulaciones y personal, y no constituye consejo m\u00e9dico. <strong>Los productos se venden<\/strong> como el incienso, Jabones, Resinas y colecci\u00f3n bot\u00e1nica, y el material de la investigaci\u00f3n cient\u00edfica. <span style=\"color: #ed1c24; font-size: 115%;\"><strong>Ellos no est\u00e1n destinados para el consumo humano. Para poder comprar nuestros productos usted debe ser mayor de 18 a\u00f1os de edad y no son adecuados para las mujeres que est\u00e1n embarazadas y\/o lactancia de las mujeres.<\/strong><\/span> Para obtener m\u00e1s informaci\u00f3n sobre <strong>KARMARANDO<\/strong> visita <a href=\"https:\/\/www.instagram.com\/karmarando1\/\" target=\"_blank\" rel=\"noopener\"> <span style=\"color: #0000ff;\"><strong>esta p\u00e1gina<\/strong><\/span><\/a> o leer las \u00faltimas noticias sobre <a href=\"https:\/\/karmarando.com\/es\/blog\/\" target=\"_blank\" rel=\"nofollow noopener\"><strong><span style=\"color: #0000ff;\">BLOG<\/span><\/strong><\/a> <\/div><\/div><\/div>","protected":false},"excerpt":{"rendered":"<p>Fermentado Ferviente de Jengibre y C\u00farcuma \u2013 Microorganismos Eficaces de 7 a\u00f1os<\/p>","protected":false},"featured_media":3866,"comment_status":"open","ping_status":"closed","template":"","meta":[],"product_brand":[],"product_cat":[2560,230,2396,229],"product_tag":[510,2512],"class_list":{"0":"post-10321","1":"product","2":"type-product","3":"status-publish","4":"has-post-thumbnail","6":"product_cat-10-anni","7":"product_cat-fermentati-fervida-e-em","8":"product_cat-fermentati-fervida-gocce-orali","9":"product_cat-fitoterapici","10":"product_tag-fervida","11":"product_tag-zenzero-e-curcuma","12":"pa_brand-karmarando","13":"pa_ean-2522","14":"pa_ingredienti-erba-di-sangiovanni","15":"pa_ingredienti-fermenteri-fervida","16":"pa_ingredienti-foglie-di-guava","17":"pa_ingredienti-funghi-shitake","18":"pa_ingredienti-ganoderma-lucidum","19":"pa_ingredienti-graviola","20":"pa_ingredienti-moringa","21":"pa_ingredienti-neem","22":"pa_ingredienti-noni","23":"pa_ingredienti-papaya","24":"pa_ml-1000ml","25":"pa_ml-100ml","26":"pa_ml-300ml","27":"pa_ml-600ml","28":"pa_paese-di-fabbricazione-italia","30":"first","31":"instock","32":"shipping-taxable","33":"purchasable","34":"product-type-variable"},"_links":{"self":[{"href":"https:\/\/karmarando.com\/es\/wp-json\/wp\/v2\/product\/10321","targetHints":{"allow":["GET"]}}],"collection":[{"href":"https:\/\/karmarando.com\/es\/wp-json\/wp\/v2\/product"}],"about":[{"href":"https:\/\/karmarando.com\/es\/wp-json\/wp\/v2\/types\/product"}],"replies":[{"embeddable":true,"href":"https:\/\/karmarando.com\/es\/wp-json\/wp\/v2\/comments?post=10321"}],"wp:featuredmedia":[{"embeddable":true,"href":"https:\/\/karmarando.com\/es\/wp-json\/wp\/v2\/media\/3866"}],"wp:attachment":[{"href":"https:\/\/karmarando.com\/es\/wp-json\/wp\/v2\/media?parent=10321"}],"wp:term":[{"taxonomy":"product_brand","embeddable":true,"href":"https:\/\/karmarando.com\/es\/wp-json\/wp\/v2\/product_brand?post=10321"},{"taxonomy":"product_cat","embeddable":true,"href":"https:\/\/karmarando.com\/es\/wp-json\/wp\/v2\/product_cat?post=10321"},{"taxonomy":"product_tag","embeddable":true,"href":"https:\/\/karmarando.com\/es\/wp-json\/wp\/v2\/product_tag?post=10321"}],"curies":[{"name":"wp","href":"https:\/\/api.w.org\/{rel}","templated":true}]}}