{"id":945,"date":"2020-09-20T23:28:31","date_gmt":"2020-09-20T23:28:31","guid":{"rendered":"https:\/\/karmarando.com\/?page_id=945"},"modified":"2022-05-18T02:55:58","modified_gmt":"2022-05-18T00:55:58","slug":"chi-siamo-karmarando","status":"publish","type":"page","link":"https:\/\/karmarando.com\/es\/chi-siamo-karmarando\/","title":{"rendered":"Quienes Somos \u2013 KARMARANDO"},"content":{"rendered":"<div id=\"page-header-453996184\" class=\"page-header-wrapper\">\n  <div class=\"page-title dark divided-title box-shadow-3\">\n\n        <div class=\"page-title-bg\">\n      <div class=\"title-bg fill bg-fill\"\n        data-parallax-container=\".page-title\"\n        data-parallax-background\n data-parallax=\"-\">\n      <\/div>\n      <div class=\"title-overlay fill\"><\/div>\n    <\/div>\n    \n    <div class=\"page-title-inner container align-center text-center flex-row-col medium-flex-wrap\" >\n              <div class=\"title-wrapper uppercase flex-col\">\n          <h1 class=\"entry-title mb-0\">\n            Quienes Somos \u2013 KARMARANDO          <\/h1>\n        <\/div>\n                    <div class=\"title-content flex-col\">\n        <div class=\"title-breadcrumbs pb-half pt-half\"><nav class=\"woocommerce-breadcrumb breadcrumbs uppercase\" aria-label=\"Miga de pan\">Inicio<\/nav><\/div>      <\/div>\n    <\/div>\n\n     \n<style>\n#page-header-453996184 .title-bg {\n  background-image: url(https:\/\/karmarando.com\/wp-content\/uploads\/2020\/10\/leaf-nature-green-2210973-1.jpg);\n}\n<\/style>\n  <\/div>\n  <div class=\"container header-wrapper-divider\"><hr\/><\/div>  <\/div>\n  \n<h3 class=\"uppercase\"><strong>Informaci\u00f3n sobre karmarando<\/strong><\/h3>\n<p>Karmarando, una base europea de la compa\u00f1\u00eda con una pasi\u00f3n que arde por todos, que el cuidado del alma, calma la mente y purifica el esp\u00edritu.Esta historia va a explicar c\u00f3mo empez\u00f3 este despertar espiritual, la compa\u00f1\u00eda solo y sin ning\u00fan tipo de tab\u00fa, que, a partir de sus humildes comienzos, ha evolucionado r\u00e1pidamente en un equipo fuerte y de colaboraci\u00f3n de 14 de miembro devoto trascendental y de servicio al cliente de excelencia.<\/p>\n<p>Karmarando del camino de crecimiento espiritual que se inici\u00f3 hace 4 a\u00f1os, con la ayuda de las plantas &#034;m\u00e1gicas&#034;, que nos han permitido llegar a un estado de conciencia profunda y expansi\u00f3n de la conciencia.<\/p>\n<p>Tan cierto y real que se sientan como uno m\u00e1s y quiero que esto sea compartida con t\u00e9 y el resto de la humanidad.<\/p>\n<p>Esta experiencia fue tan emocionante que hemos escuchado una refrenabile impulso de ayudar a otras personas como usted, que quieren embarcarse en un viaje de crecimiento espiritual.&nbsp;<\/p>\n<p>Garantizamos la mejor calidad de todos los productos que tenemos y creemos en nuestros corazones y en nuestra experiencia, estas plantas son m\u00e1gicos y que puede ayudar a un mont\u00f3n de gente, desde los agricultores a los consumidores finales. Hay una chispa de amor en cada uno de los paquetes que enviamos y estamos muy agradecidos y orgullosos.<\/p>\n<p>Nuestro proyecto en la etnobot\u00e1nica es s\u00f3lo al principio, pero empezamos a este sitio web, Karmarando porque creemos que la difusi\u00f3n de los instrumentos sagrados, tales como rap\u00e9, el ambil, el Sananga, el Mamb\u00e8, la ayahuasca promovido incluso en la tabla 1, y todo el resto de las plantas de energ\u00eda y las medicinas sagradas, que usted podr\u00e1 encontrar en nuestra TIENDA puede ser no s\u00f3lo una ayuda, sino una verdadera y sana costumbre que va a ayudar en el despertar general.&nbsp;<\/p>\n<p>Gracias por hacer posible esta visita!<\/p>\n<h3 class=\"uppercase\"><b>Env\u00edo an\u00f3nimo<\/b><\/h3>\n<p>\n<div class=\"row\"  id=\"row-2056402990\">\n\n\n\t<div id=\"col-1866439529\" class=\"col small-12 large-12\"  >\n\t\t\t\t<div class=\"col-inner\"  >\n\t\t\t\n\t\t\t\n\n\t<div class=\"img has-hover x md-x lg-x y md-y lg-y\" id=\"image_983305526\">\n\t\t\t\t\t\t\t\t<div class=\"img-inner dark\" >\n\t\t\t<img loading=\"lazy\" decoding=\"async\" width=\"1020\" height=\"548\" src=\"https:\/\/karmarando.com\/wp-content\/uploads\/2020\/10\/PicsArt_10-13-02.12.03-1-1024x550.png\" class=\"attachment-large size-large\" alt=\"los env\u00edos an\u00f3nimo y seguro\" srcset=\"https:\/\/karmarando.com\/wp-content\/uploads\/2020\/10\/PicsArt_10-13-02.12.03-1-1024x550.png 1024w, https:\/\/karmarando.com\/wp-content\/uploads\/2020\/10\/PicsArt_10-13-02.12.03-1-600x322.png 600w, https:\/\/karmarando.com\/wp-content\/uploads\/2020\/10\/PicsArt_10-13-02.12.03-1-300x161.png 300w, https:\/\/karmarando.com\/wp-content\/uploads\/2020\/10\/PicsArt_10-13-02.12.03-1-768x413.png 768w, https:\/\/karmarando.com\/wp-content\/uploads\/2020\/10\/PicsArt_10-13-02.12.03-1.png 1199w\" sizes=\"auto, (max-width: 1020px) 100vw, 1020px\" title=\"\">\t\t\t\t\t\t\n\t\t\t\t\t<\/div>\n\t\t\t\t\t\t\t\t\n<style>\n#image_983305526 {\n  width: 100%;\n}\n<\/style>\n\t<\/div>\n\t\n\n\n\t\t<\/div>\n\t\t\t\t\t<\/div>\n\n\t\n\n<\/div>\n<p>Todos los productos pueden ser vistos, seleccionado y enviado discretamente con uno solo clic. Las cajas llegan an\u00f3nima, sin ninguna indicaci\u00f3n de los contenidos. Y as\u00ed como la luz susurros De los dioses, por no hablar de su informaci\u00f3n personal fuera del dominio de karmarando.com. Usted puede leer m\u00e1s acerca de lo que tenemos que hacer para garantizar <a title=\"Pol\u00edtica de privacidad y Cookies\" href=\"https:\/\/karmarando.com\/es\/privacy-policy\/\">su privacidad aqu\u00ed<\/a>.<\/p>\n<h3 class=\"uppercase\" style=\"text-align: center;\">Quienes somos<\/h3>\n<p>El equipo de Karmarando tiene expertos en su campo y un amplio y profundo sobre el chamanismo Espiritual, en el campo Hol\u00edstico y en las sustancias enteogeni, en plantas de energ\u00eda, y el equipo para poder utilizar estos sacramentos y el bienestar psicol\u00f3gico de las que pueden tomar, as\u00ed como en el cuidado de la selecci\u00f3n de los mejores productos en el mundo. Estas personas fascinante y trabajo inteligente con incre\u00edble efficienzaper gu\u00eda a los clientes lo que necesitan, haciendo todo lo posible para responder a sus preguntas y para garantizar un env\u00edo r\u00e1pido para su satisfacci\u00f3n.<\/p>\n<p>\u00a0<\/p>\n\n\t<section class=\"section dark\" id=\"section_1578636536\">\n\t\t<div class=\"section-bg fill\" >\n\t\t\t<img loading=\"lazy\" decoding=\"async\" width=\"1280\" height=\"597\" src=\"https:\/\/karmarando.com\/wp-content\/uploads\/2020\/10\/leaf-nature-green-2210973-1.jpg\" class=\"bg attachment- size-\" alt=\"Sfondo Natura Karmarando enteogeni\" title=\"\">\t\t\t\t\t\t\n\t\t\t\n\n\t\t<\/div>\n\n\t\t\n\n\t\t<div class=\"section-content relative\">\n\t\t\t\n\n<\/p>\n<p class=\"uppercase\" style=\"text-align: center;\"><span style=\"font-size: 250%;\"><strong>Fundadores<\/strong><\/span><\/p>\n<p>\n<div class=\"text-center\"><div class=\"is-divider divider clearfix\" style=\"max-width:145px;\"><\/div><\/div>\n\n\t<div id=\"gap-1799452374\" class=\"gap-element clearfix\" style=\"display:block; height:auto;\">\n\t\t\n<style>\n#gap-1799452374 {\n  padding-top: 30px;\n}\n<\/style>\n\t<\/div>\n\t\n\n<div class=\"row align-center\"  id=\"row-841324636\">\n\n\n\t<div id=\"col-521062751\" class=\"col medium-4 small-9 large-4\"  >\n\t\t\t\t<div class=\"col-inner\"  >\n\t\t\t\n\t\t\t\n\n    <div class=\"box has-hover has-hover box-default box-text-bottom\" >\n\n                  <div class=\"box-image\" style=\"width:50%;\">\n           <div class=\"box-image-inner image-cover\" style=\"border-radius:100%;padding-top:100%;\">\n              <img loading=\"lazy\" decoding=\"async\" width=\"856\" height=\"1039\" src=\"https:\/\/karmarando.com\/wp-content\/uploads\/2021\/07\/206616371_307339847800199_4712705120324206902_n-1.jpg\" class=\"attachment- size-\" alt=\"karmarando que estamos\" srcset=\"https:\/\/karmarando.com\/wp-content\/uploads\/2021\/07\/206616371_307339847800199_4712705120324206902_n-1.jpg 856w, https:\/\/karmarando.com\/wp-content\/uploads\/2021\/07\/206616371_307339847800199_4712705120324206902_n-1-600x728.jpg 600w, https:\/\/karmarando.com\/wp-content\/uploads\/2021\/07\/206616371_307339847800199_4712705120324206902_n-1-247x300.jpg 247w, https:\/\/karmarando.com\/wp-content\/uploads\/2021\/07\/206616371_307339847800199_4712705120324206902_n-1-844x1024.jpg 844w, https:\/\/karmarando.com\/wp-content\/uploads\/2021\/07\/206616371_307339847800199_4712705120324206902_n-1-768x932.jpg 768w\" sizes=\"auto, (max-width: 856px) 100vw, 856px\" title=\"\">                         <\/div>\n          <\/div>\n         \n          <div class=\"box-text text-center\" >\n                <div class=\"box-text-inner\">\n                  <h4 class=\"uppercase\">\n                    <span class=\"person-name\">David ayas<\/span><br\/>\n                    <span class=\"person-title is-small thin-font op-7\">\n                      Fundador                    <\/span>\n                  <\/h4>\n\t\t\t\t\t\n\n\n                <\/div>\n          <\/div>\n    <\/div>\n\n\t\n    \n\n\t\t<\/div>\n\t\t\t\t\t<\/div>\n\n\t\n\n\t<div id=\"col-1506581721\" class=\"col medium-4 small-9 large-4\"  >\n\t\t\t\t<div class=\"col-inner\"  >\n\t\t\t\n\t\t\t\n\n    <div class=\"box has-hover has-hover box-text-bottom\" >\n\n                  <div class=\"box-image\" style=\"width:50%;\">\n           <div class=\"box-image-inner image-cover\" style=\"border-radius:100%;padding-top:100%;\">\n              <img loading=\"lazy\" decoding=\"async\" width=\"3209\" height=\"3261\" src=\"https:\/\/karmarando.com\/wp-content\/uploads\/2021\/07\/logo-karmarando-e1627537594418-1-scaled.png\" class=\"attachment- size-\" alt=\"Logotipo de karmarando sciamnesimo\" title=\"\">                         <\/div>\n          <\/div>\n         \n          <div class=\"box-text text-center\" >\n                <div class=\"box-text-inner\">\n                  <h4 class=\"uppercase\">\n                    <span class=\"person-name\">Xpasarte Zaccaria<\/span><br\/>\n                    <span class=\"person-title is-small thin-font op-7\">\n                      Ceo Fundador                    <\/span>\n                  <\/h4>\n\t\t\t\t\t\n\n\n                <\/div>\n          <\/div>\n    <\/div>\n\n\t\n    \n\n\t\t<\/div>\n\t\t\t\t\t<\/div>\n\n\t\n\n\t<div id=\"col-1076526427\" class=\"col medium-4 small-9 large-4\"  >\n\t\t\t\t<div class=\"col-inner\"  >\n\t\t\t\n\t\t\t\n\n    <div class=\"box has-hover has-hover box-default box-text-bottom\" >\n\n                  <div class=\"box-image\" style=\"width:50%;\">\n           <div class=\"box-image-inner image-cover\" style=\"border-radius:100%;padding-top:100%;\">\n              <img loading=\"lazy\" decoding=\"async\" width=\"96\" height=\"96\" src=\"https:\/\/karmarando.com\/wp-content\/uploads\/2022\/03\/d17c936b258882bf58ee011338c02349.jpeg\" class=\"attachment- size-\" alt=\"PACMAN\" srcset=\"https:\/\/karmarando.com\/wp-content\/uploads\/2022\/03\/d17c936b258882bf58ee011338c02349.jpeg 96w, https:\/\/karmarando.com\/wp-content\/uploads\/2022\/03\/d17c936b258882bf58ee011338c02349-32x32.jpeg 32w\" sizes=\"auto, (max-width: 96px) 100vw, 96px\" title=\"\">                         <\/div>\n          <\/div>\n         \n          <div class=\"box-text text-center\" >\n                <div class=\"box-text-inner\">\n                  <h4 class=\"uppercase\">\n                    <span class=\"person-name\">PAKO ANILLOS<\/span><br\/>\n                    <span class=\"person-title is-small thin-font op-7\">\n                      Webmaster                    <\/span>\n                  <\/h4>\n\t\t\t\t\t\n\n\n                <\/div>\n          <\/div>\n    <\/div>\n\n\t\n    \n\n\t\t<\/div>\n\t\t\t\t\t<\/div>\n\n\t\n\n<\/div>\n\n\t\t<\/div>\n\n\t\t\n<style>\n#section_1578636536 {\n  padding-top: 30px;\n  padding-bottom: 30px;\n  background-color: rgb(40, 40, 40);\n}\n<\/style>\n\t<\/section>\n\t\n<\/p>\n<h3 class=\"uppercase\" style=\"text-align: center;\">Nuestro equipo<\/h3>\n<div class=\"row\"  id=\"row-919577727\">\n\n\n\t<div id=\"col-1287536480\" class=\"col small-12 large-12\"  >\n\t\t\t\t<div class=\"col-inner\"  >\n\t\t\t\n\t\t\t\n\n\t<div class=\"img has-hover x md-x lg-x y md-y lg-y\" id=\"image_868996869\">\n\t\t\t\t\t\t\t\t<div class=\"img-inner dark\" >\n\t\t\t<img loading=\"lazy\" decoding=\"async\" width=\"1020\" height=\"763\" src=\"https:\/\/karmarando.com\/wp-content\/uploads\/2020\/10\/PicsArt_10-14-01.32.54-1.png\" class=\"attachment-large size-large\" alt=\"\" srcset=\"https:\/\/karmarando.com\/wp-content\/uploads\/2020\/10\/PicsArt_10-14-01.32.54-1.png 1024w, https:\/\/karmarando.com\/wp-content\/uploads\/2020\/10\/PicsArt_10-14-01.32.54-1-600x449.png 600w, https:\/\/karmarando.com\/wp-content\/uploads\/2020\/10\/PicsArt_10-14-01.32.54-1-300x224.png 300w, https:\/\/karmarando.com\/wp-content\/uploads\/2020\/10\/PicsArt_10-14-01.32.54-1-768x575.png 768w\" sizes=\"auto, (max-width: 1020px) 100vw, 1020px\" title=\"\">\t\t\t\t\t\t\n\t\t\t\t\t<\/div>\n\t\t\t\t\t\t\t\t\n<style>\n#image_868996869 {\n  width: 100%;\n}\n<\/style>\n\t<\/div>\n\t\n\n\n\t\t<\/div>\n\t\t\t\t\t<\/div>\n\n\t\n\n<\/div>\n<h3 style=\"text-align: center;\"><strong>TE VEO EN LAS LLANURAS NATURALSPIRITUAL C\u00d3SMICA<\/strong><\/h3>\n<p>No es suficiente para vender un producto. La llamada de esa fat\u00eddica noche ha empujado KARMARANDO para ofrecer una gu\u00eda completa para cualquiera de su deseo. Con la riqueza de la informaci\u00f3n contenida en nuestro blog, documentaci\u00f3n y actualizaciones en los medios sociales, usted puede estar seguro de que nuestros servicios van m\u00e1s all\u00e1 de sus expectativas para un normal sciamanshop en l\u00ednea.<\/p>\n<p>Una pregunta, dejar un comentario o extender sus pensamientos a trav\u00e9s de la naturalspiritual llanuras c\u00f3smica. Usted ser\u00e1 capaz de sentir que a trav\u00e9s del alma todos somos uno tan conectado!<\/p><\/p>","protected":false},"excerpt":{"rendered":"","protected":false},"author":1,"featured_media":0,"parent":0,"menu_order":0,"comment_status":"closed","ping_status":"closed","template":"page-left-sidebar.php","meta":{"footnotes":""},"class_list":["post-945","page","type-page","status-publish","hentry"],"_links":{"self":[{"href":"https:\/\/karmarando.com\/es\/wp-json\/wp\/v2\/pages\/945","targetHints":{"allow":["GET"]}}],"collection":[{"href":"https:\/\/karmarando.com\/es\/wp-json\/wp\/v2\/pages"}],"about":[{"href":"https:\/\/karmarando.com\/es\/wp-json\/wp\/v2\/types\/page"}],"author":[{"embeddable":true,"href":"https:\/\/karmarando.com\/es\/wp-json\/wp\/v2\/users\/1"}],"replies":[{"embeddable":true,"href":"https:\/\/karmarando.com\/es\/wp-json\/wp\/v2\/comments?post=945"}],"version-history":[{"count":0,"href":"https:\/\/karmarando.com\/es\/wp-json\/wp\/v2\/pages\/945\/revisions"}],"wp:attachment":[{"href":"https:\/\/karmarando.com\/es\/wp-json\/wp\/v2\/media?parent=945"}],"curies":[{"name":"wp","href":"https:\/\/api.w.org\/{rel}","templated":true}]}}