{"id":1656,"date":"2020-10-03T16:52:51","date_gmt":"2020-10-03T16:52:51","guid":{"rendered":"https:\/\/karmarando.com\/?page_id=1656"},"modified":"2024-10-19T22:27:34","modified_gmt":"2024-10-19T20:27:34","slug":"spedizioni-anonime","status":"publish","type":"page","link":"https:\/\/karmarando.com\/es\/spedizioni-anonime\/","title":{"rendered":"Env\u00edos An\u00f3nimos"},"content":{"rendered":"<section class=\"section\" id=\"section_1082830767\">\n\t\t<div class=\"section-bg fill\" >\n\t\t\t\t\t\t\t\t\t\n\t\t\t\n\n\t\t<\/div>\n\n\t\t\n\n\t\t<div class=\"section-content relative\">\n\t\t\t\n\n\t<div class=\"img has-hover x md-x lg-x y md-y lg-y\" id=\"image_917792962\">\n\t\t\t\t\t\t\t\t<div class=\"img-inner dark\" >\n\t\t\t<img loading=\"lazy\" decoding=\"async\" width=\"1020\" height=\"534\" src=\"https:\/\/karmarando.com\/wp-content\/uploads\/2020\/10\/PicsArt_10-04-10.58.52-1.png\" class=\"attachment-large size-large\" alt=\"env\u00edos seguros\" srcset=\"https:\/\/karmarando.com\/wp-content\/uploads\/2020\/10\/PicsArt_10-04-10.58.52-1.png 1024w, https:\/\/karmarando.com\/wp-content\/uploads\/2020\/10\/PicsArt_10-04-10.58.52-1-600x314.png 600w, https:\/\/karmarando.com\/wp-content\/uploads\/2020\/10\/PicsArt_10-04-10.58.52-1-300x157.png 300w, https:\/\/karmarando.com\/wp-content\/uploads\/2020\/10\/PicsArt_10-04-10.58.52-1-768x402.png 768w\" sizes=\"auto, (max-width: 1020px) 100vw, 1020px\" title=\"\">\t\t\t\t\t\t\n\t\t\t\t\t<\/div>\n\t\t\t\t\t\t\t\t\n<style>\n#image_917792962 {\n  width: 100%;\n}\n<\/style>\n\t<\/div>\n\t\n\n  <div id=\"page-header-1247205343\" class=\"page-header-wrapper\">\n  <div class=\"page-title dark featured-title\">\n\n    \n    <div class=\"page-title-inner container align-center text-center flex-row-col medium-flex-wrap\" >\n              <div class=\"title-wrapper uppercase is-xlarge flex-col\">\n          <h1 class=\"entry-title mb-0\">\n            Env\u00edos An\u00f3nimos          <\/h1>\n        <\/div>\n                <div class=\"page-title-sub op-7 flex-col\">\n          <p class=\"lead\">Echa un vistazo a nuestros paquetes de color marr\u00f3n o neutral<\/p>\n        <\/div>\n                    <div class=\"title-content flex-col\">\n        <div class=\"title-breadcrumbs pb-half pt-half\"><nav class=\"woocommerce-breadcrumb breadcrumbs uppercase\" aria-label=\"Miga de pan\">Inicio<\/nav><\/div>      <\/div>\n    <\/div>\n\n       <\/div>\n    <\/div>\n  \n\n\n\t\t<\/div>\n\n\t\t\n<style>\n#section_1082830767 {\n  padding-top: 30px;\n  padding-bottom: 30px;\n}\n<\/style>\n\t<\/section>\n\t\n\n\t<section class=\"section dark\" id=\"section_2123568293\">\n\t\t<div class=\"section-bg fill\" >\n\t\t\t\t\t\t\t\t\t\n\t\t\t\n\n\t\t<\/div>\n\n\t\t\n\n\t\t<div class=\"section-content relative\">\n\t\t\t\n\n<div class=\"row align-center\"  id=\"row-487363583\">\n\n\n\t<div id=\"col-1164652465\" class=\"col medium-10 small-12 large-10\"  >\n\t\t\t\t<div class=\"col-inner text-center\"  >\n\t\t\t\n\t\t\t\n\n<h3 style=\"text-align: center;\"><span style=\"color: #ff0000;\"><strong>Lea con cuidado para evitar sorpresas en la entrega.<\/strong><\/span><\/h3>\n<p style=\"text-align: center;\">Para la mayor\u00eda de las parcelas vamos a utilizar un sistema de <span style=\"color: #ff0000;\"><strong>Punto de Armario pick-up<\/strong><\/span> para garantizar su confidencialidad, y para manejar los desaf\u00edos que est\u00e1n creciendo en los partos en el hogar. Esta soluci\u00f3n se ha implementado en la demanda de nuestros clientes valorados, y se activan en funci\u00f3n de la disponibilidad en su \u00e1rea.Actualmente cubierto el 95 de los lugares en el mundo.<\/p>\n<h4 style=\"text-align: center;\"><span style=\"color: #ff0000;\"><strong>Servicios disponibles de recogida:<\/strong><\/span><\/h4>\n<ul>\n<li><span style=\"color: #ff0000;\"><strong>INPOST<\/strong>, <strong>MONDIAL RELAY<\/strong><\/span> (se requiere un PIN secreto para el retiro)<\/li>\n<li><strong><span style=\"color: #ff0000;\">SEUR<\/span><\/strong><span style=\"color: #ff0000;\">, <strong>BRT<\/strong>, <strong>DPD Etc<\/strong><\/span>\u00a0(con o sin PIN, dependiendo de la zona)<\/li>\n<li>La retirada de las opciones var\u00edan dependiendo del pa\u00eds o continente.<\/li>\n<\/ul>\n<p style=\"text-align: center;\">Si su paquete no puede ser entregado a trav\u00e9s de estos servicios de recogida, vamos a utilizar los servicios de entrega a domicilio como<span style=\"color: #ff0000;\"> <strong>DHL<\/strong>, <strong>UPS<\/strong><\/span>o, en casos raros, los servicios postales para determinadas zonas.<\/p>\n<h3 style=\"text-align: center;\"><span style=\"color: #ff0000;\"><strong>POR FAVOR, LEA ATENTAMENTE LAS SIGUIENTES INSTRUCCIONES:<\/strong><\/span><\/h3>\n<p style=\"text-align: center;\">Por favor revise regularmente su <span style=\"color: #ff0000;\"><strong>seguimiento de<\/strong><\/span>, que estar\u00e1 disponible en su cuenta para el orden de la secci\u00f3n y a trav\u00e9s de correo electr\u00f3nico a <span style=\"color: #ff0000;\"><strong>Karmarando<\/strong><\/span> de <span style=\"color: #ff0000;\"><strong>Packlink<\/strong>.<\/span> Cuando el pack estar\u00e1 disponible en el punto de retiro, usted recibir\u00e1 un correo electr\u00f3nico con el fin <span style=\"color: #ff0000;\"><strong>PIN secreto<\/strong><\/span> (adem\u00e1s del correo electr\u00f3nico anterior y los del recordatorio, si usted no recoja el paquete). El PIN se necesita para recoger el paquete.<\/p>\n<p style=\"text-align: center;\">En el caso de desistimiento, dos situaciones que pueden ocurrir:<\/p>\n<ol>\n<li>El punto ser\u00e1 un <span style=\"color: #ff0000;\"><strong>armario autom\u00e1tico<\/strong>.<\/span><\/li>\n<li>El punto ser\u00e1 un <span style=\"color: #ff0000;\"><strong>los de la tienda f\u00edsica<\/strong><\/span> (por ejemplo, quioscos, estancos, farmacias, etc).<\/li>\n<\/ol>\n<div style=\"text-align: center;\"><b>No<\/b> hubo un error en la direcci\u00f3n, su paquete ser\u00e1 entregado de forma m\u00e1s r\u00e1pida y en cualquier momento durante el horario de apertura retirado, y en el caso en que ser\u00e1 elegido como el punto abierto las 24 horas del 24, que le dar\u00e1 la comodidad de retiro en cualquier momento del d\u00eda y de la noche.<\/div>\n<h4 style=\"text-align: center;\"><span style=\"color: #ff0000;\"><u><b>Recuerde, usted tiene 8 d\u00edas para recoger antes de que te vayas de nuevo<\/b><\/u><\/span><\/h4>\n<p style=\"text-align: center;\"><span style=\"color: #ff0000;\"><strong>IMPORTANTE<\/strong><\/span>Usted recibir\u00e1 un correo electr\u00f3nico con su PIN secreto<span style=\"color: #ff0000;\"> <strong>s\u00f3lo por Packlink<\/strong> (<\/span>para servicios tales como InPost, Mondial Relay, SEUR, etc.,) y no por <span style=\"color: #ff0000;\"><strong>Karmarando<\/strong><\/span>. De Karmarando s\u00f3lo recibir\u00e1 el correo electr\u00f3nico que usted est\u00e1 leyendo, y la confirmaci\u00f3n de la orden y el seguimiento.<span style=\"color: #ff0000;\"> <strong>Siga el correo electr\u00f3nico Packlink<\/strong> <\/span>para posteriores actualizaciones.<\/p>\n<p style=\"text-align: center;\">Aseg\u00farese de utilizar un<span style=\"color: #ff0000;\"><strong>direcci\u00f3n de correo electr\u00f3nico v\u00e1lida<\/strong><\/span> y funcionando, evitando las direcciones, y los desechables. Si, por cualquier raz\u00f3n, usted est\u00e1 teniendo problemas con su correo electr\u00f3nico (por ejemplo, mal funcionamiento del proveedor, como fue el caso del Correo Gratuito), no te preocupes: puedes contactar con nuestro servicio de atenci\u00f3n al cliente <span style=\"color: #ff0000;\"><strong>InPost<\/strong> o <strong>Mondial Relay<\/strong> <\/span>proporcionar el correo electr\u00f3nico o el n\u00famero de tel\u00e9fono usado para la orden, y se le proporcionar\u00e1 con el PIN.<\/p>\n<p style=\"text-align: center;\">Recuerde que s\u00f3lo<span style=\"color: #ff0000;\"> <strong>InPost<\/strong> o <strong>Mondial Relay<\/strong><\/span> se puede dar el PIN,<span style=\"color: #ff0000;\"> <strong>Karmarando no tienen acceso<\/strong> <\/span>y no se puede enviar copias del mensaje de correo con el PIN.<\/p>\n\t<div id=\"text-4146730388\" class=\"text\">\n\t\t\n\n<p>Para cualquier raras error de su parte, o para informaci\u00f3n de nosotros, sin embargo, S\u00f3lo disponible en whatsapp (no enviar el correo electr\u00f3nico, no el mango)<\/p>\n<h2><strong><span style=\"color: #50b848;\">WHATSAPP<\/span><\/strong><br \/><strong><a href=\"https:\/\/api.whatsapp.com\/send?phone=393773716504\" target=\"_blank\" rel=\"noopener\"><strong><span style=\"color: #50b848;\">+34655016358<\/span><\/strong><\/a><\/strong><\/h2>\n<p><strong>EQUIPO DE KARMARANDO<\/strong><\/p>\n\t\t\n<style>\n#text-4146730388 {\n  text-align: center;\n}\n<\/style>\n\t<\/div>\n\t\n\n\t\t<\/div>\n\t\t\t\t\t<\/div>\n\n\t\n\n<\/div>\n\n\t\t<\/div>\n\n\t\t\n<style>\n#section_2123568293 {\n  padding-top: 60px;\n  padding-bottom: 60px;\n  min-height: 300px;\n  background-color: rgb(0,0,0);\n}\n<\/style>\n\t<\/section>\n\t\n<div class=\"row row-small\"  id=\"row-1379726253\">\n\n\n\t<div id=\"col-882689140\" class=\"col medium-12 small-12 large-7\"  >\n\t\t\t\t<div class=\"col-inner\"  >\n\t\t\t\n\t\t\t\n\n\n\t<section class=\"section dark\" id=\"section_1585718708\">\n\t\t<div class=\"section-bg fill\" >\n\t\t\t\t\t\t\t\t\t\n\t\t\t\n\n\t\t<\/div>\n\n\t\t\n\n\t\t<div class=\"section-content relative\">\n\t\t\t\n\n\t<div id=\"text-2830400657\" class=\"text\">\n\t\t\n\n<h3>Env\u00edos An\u00f3nimos<\/h3>\n\t\t\n<style>\n#text-2830400657 {\n  font-size: 2.75rem;\n  line-height: 0.75;\n  text-align: center;\n}\n<\/style>\n\t<\/div>\n\t\n\t<div id=\"gap-863185575\" class=\"gap-element clearfix\" style=\"display:block; height:auto;\">\n\t\t\n<style>\n#gap-863185575 {\n  padding-top: 30px;\n}\n<\/style>\n\t<\/div>\n\t\n\n\t<div id=\"text-4157192878\" class=\"text\">\n\t\t\n\n<h4 style=\"text-align: center;\"><strong>Para saber el coste exacto de env\u00edo en su pa\u00eds, introduzca su direcci\u00f3n en la p\u00e1gina del carrito de compras, o de pago .<\/strong><\/h4>\n<p style=\"text-align: center;\"><strong>El umbral para obtener el env\u00edo gratuito de los cambios de pa\u00eds a pa\u00eds.<\/strong><\/p>\n<p style=\"text-align: center;\"><strong>Usted siempre puede optar por un env\u00edo est\u00e1ndar, y r\u00e1pido.<\/strong><\/p>\n<p style=\"text-align: center;\"><strong>Entrega r\u00e1pida, ser\u00e1 permitido que, incluso si vas a obtener el env\u00edo est\u00e1ndar gratuito, pero usted s\u00f3lo paga la diferencia si decides usarlo.<\/strong><\/p>\n\t\t\n<style>\n#text-4157192878 {\n  font-size: 1rem;\n  line-height: 1.4;\n  text-align: center;\n}\n<\/style>\n\t<\/div>\n\t\n\t<div id=\"text-1303440110\" class=\"text\">\n\t\t\n\n<div id=\"footable_parent_13327\"\n         class=\"footable_parent ninja_table_wrapper loading_ninja_table wp_table_data_press_parent bootstrap4\">\n                <table data-ninja_table_instance=\"ninja_table_instance_0\" data-footable_id=\"13327\" data-filter-delay=\"1000\" aria-label=\"SHIPPING_TABLE.csv\"            id=\"footable_13327\"\n           data-unique_identifier=\"ninja_table_unique_id_2570380577_13327\"\n           class=\"foo-table ninja_footable foo_table_13327 ninja_table_unique_id_2570380577_13327 table  nt_type_ajax_table table-striped table-bordered vertical_centered  footable-paging-right ninja_table_search_disabled\">\n                <colgroup>\n                            <col class=\"ninja_column_0\">\n                            <col class=\"ninja_column_1\">\n                            <col class=\"ninja_column_2\">\n                            <col class=\"ninja_column_3\">\n                            <col class=\"ninja_column_4\">\n                            <col class=\"ninja_column_5\">\n                    <\/colgroup>\n            <\/table>\n    \n    \n    \n<\/div>\n\n\t\t\n<style>\n#text-1303440110 {\n  font-size: 2.05rem;\n  text-align: center;\n}\n<\/style>\n\t<\/div>\n\t\n\t<div id=\"text-2756928564\" class=\"text\">\n\t\t\n\n<h4>Nota: Para los pedidos por encima del umbral especificado, el env\u00edo est\u00e1ndar es gratuito. Si desea un env\u00edo r\u00e1pido, se cobrar\u00e1 la diferencia entre el costo de el env\u00edo express y ya el importe pagado por el env\u00edo est\u00e1ndar gratuito. Los plazos de entrega se\u00f1alados se refieren a d\u00edas h\u00e1biles y no incluyen los s\u00e1bados, domingos, o los retrasos.<\/h4>\n\t\t\n<style>\n#text-2756928564 {\n  font-size: 0.85rem;\n  text-align: center;\n}\n<\/style>\n\t<\/div>\n\t\n\n\t\t<\/div>\n\n\t\t\n<style>\n#section_1585718708 {\n  padding-top: 0px;\n  padding-bottom: 0px;\n  min-height: 400px;\n  background-color: rgb(73, 146, 67);\n}\n@media (min-width:550px) {\n  #section_1585718708 {\n    min-height: 620px;\n  }\n}\n<\/style>\n\t<\/section>\n\t\n\n\t\t<\/div>\n\t\t\t\t\t<\/div>\n\n\t\n\n\t<div id=\"col-510980116\" class=\"col medium-12 small-12 large-5\"  >\n\t\t\t\t<div class=\"col-inner text-center dark\"  >\n\t\t\t\n\t\t\t\n\n\n\t<section class=\"section\" id=\"section_105166191\">\n\t\t<div class=\"section-bg fill\" >\n\t\t\t\t\t\t\t\t\t\n\t\t\t\n\n\t\t<\/div>\n\n\t\t\n\n\t\t<div class=\"section-content relative\">\n\t\t\t\n\n\t<div id=\"text-3533128675\" class=\"text\">\n\t\t\n\n<h3>Correos<\/h3>\n\t\t\n<style>\n#text-3533128675 {\n  font-size: 1.5rem;\n  line-height: 0.75;\n  text-align: center;\n}\n<\/style>\n\t<\/div>\n\t\n\t<div id=\"gap-1216954824\" class=\"gap-element clearfix\" style=\"display:block; height:auto;\">\n\t\t\n<style>\n#gap-1216954824 {\n  padding-top: 30px;\n}\n<\/style>\n\t<\/div>\n\t\n\n\t<div class=\"img has-hover x md-x lg-x y md-y lg-y\" id=\"image_961517601\">\n\t\t\t\t\t\t\t\t<div class=\"img-inner dark\" >\n\t\t\t<img loading=\"lazy\" decoding=\"async\" width=\"800\" height=\"260\" src=\"https:\/\/karmarando.com\/wp-content\/uploads\/2023\/08\/corrieri.jpg\" class=\"attachment-large size-large\" alt=\"\" srcset=\"https:\/\/karmarando.com\/wp-content\/uploads\/2023\/08\/corrieri.jpg 800w, https:\/\/karmarando.com\/wp-content\/uploads\/2023\/08\/corrieri-300x98.jpg 300w, https:\/\/karmarando.com\/wp-content\/uploads\/2023\/08\/corrieri-768x250.jpg 768w, https:\/\/karmarando.com\/wp-content\/uploads\/2023\/08\/corrieri-18x6.jpg 18w, https:\/\/karmarando.com\/wp-content\/uploads\/2023\/08\/corrieri-510x166.jpg 510w\" sizes=\"auto, (max-width: 800px) 100vw, 800px\" title=\"\">\t\t\t\t\t\t\n\t\t\t\t\t<\/div>\n\t\t\t\t\t\t\t\t\n<style>\n#image_961517601 {\n  width: 100%;\n}\n<\/style>\n\t<\/div>\n\t\n\n\n\t\t<\/div>\n\n\t\t\n<style>\n#section_105166191 {\n  padding-top: 0px;\n  padding-bottom: 0px;\n  min-height: 300px;\n  background-color: rgb(48, 78, 92);\n}\n@media (min-width:550px) {\n  #section_105166191 {\n    min-height: 300px;\n  }\n}\n<\/style>\n\t<\/section>\n\t\n\t<div id=\"gap-1536923422\" class=\"gap-element clearfix\" style=\"display:block; height:auto;\">\n\t\t\n<style>\n#gap-1536923422 {\n  padding-top: 20px;\n}\n<\/style>\n\t<\/div>\n\t\n\n\n\t<section class=\"section dark\" id=\"section_1669845072\">\n\t\t<div class=\"section-bg fill\" >\n\t\t\t\t\t\t\t\t\t\n\t\t\t\n\n\t\t<\/div>\n\n\t\t\n\n\t\t<div class=\"section-content relative\">\n\t\t\t\n\n<div class=\"row\"  id=\"row-2105026327\">\n\n\n\t<div id=\"col-1346288834\" class=\"col small-12 large-12\"  >\n\t\t\t\t<div class=\"col-inner\"  >\n\t\t\t\n\t\t\t\n\n\t<div id=\"text-672681636\" class=\"text\">\n\t\t\n\n<h5 class=\"thin-font\"><em><strong><span style=\"color: #d83131;\">Su privacidad es importante para nosotros Karmarando.<\/span> <\/strong><\/em><\/h5>\n<p class=\"thin-font\"><em><strong>El embalaje fabricado por nosotros, discreto y an\u00f3nimo, que est\u00e1n dise\u00f1ados para asegurar la m\u00e1xima privacidad. <\/strong><\/em><\/p>\n<p class=\"thin-font\"><em><strong>S\u00f3lo usted estar\u00e1 emocionado al recibir el paquete (los ojos de los extra\u00f1os ser\u00e1n s\u00f3lo una caja de cart\u00f3n como de la otra).<\/strong><\/em><\/p>\n<p class=\"thin-font\"><em><strong>Los elementos de gran tama\u00f1o se env\u00edan en cajas de resistente cart\u00f3n, envuelto en una doble capa de cinta de embalaje. <\/strong><\/em><\/p>\n<p class=\"thin-font\"><em><strong>Peque\u00f1os art\u00edculos son enviados en el fuerte de embalaje y acolchada.<\/strong><\/em><\/p>\n<p class=\"thin-font\"><em><strong>Todos los pedidos son enviados en paquetes est\u00e1ndar y discreto.<\/strong><\/em><\/p>\n<p class=\"thin-font\"><em><strong> Nadie va a ser capaz de interpretar el contenido del paquete, o ir de vuelta al remitente. <\/strong><\/em><\/p>\n<p class=\"thin-font\"><em><strong>La parcela no traer\u00e1 ning\u00fan logotipo o por escrito, con referencias a Karmarando.<\/strong><\/em><\/p>\n<p class=\"thin-font\"><em><strong>La \u00fanica informaci\u00f3n contenida en la parcela ser\u00e1 la etiqueta con su direcci\u00f3n en la parte delantera. <\/strong><\/em><\/p>\n<p class=\"thin-font\"><em><strong>Una pegatina para el servicio postal\/mensajer\u00eda a la parcela, seg\u00fan el servicio de que se adopte.<\/strong><\/em><\/p>\n<p><em><strong>Compruebe el tiempo y costo de entrega a partir de la tabla en esta p\u00e1gina<\/strong><\/em><\/p>\n<p><span style=\"color: #ff9900;\"><strong>Usted va a encontrar su localizaci\u00f3n junto a su pedido accediendo a su cuenta y orden, pero tambi\u00e9n a trav\u00e9s de correo electr\u00f3nico, de una parte de los servicios de los transportistas de carga utilizada.<\/strong><\/span><\/p>\n<h3>\u00a0<\/h3>\n<h3>\u00a0<\/h3>\n\t\t\n<style>\n#text-672681636 {\n  text-align: center;\n}\n<\/style>\n\t<\/div>\n\t\n\n\t\t<\/div>\n\t\t\t\t\t<\/div>\n\n\t\n\n<\/div>\n\n\t\t<\/div>\n\n\t\t\n<style>\n#section_1669845072 {\n  padding-top: 30px;\n  padding-bottom: 30px;\n  min-height: 300px;\n  background-color: rgb(7, 7, 7);\n}\n<\/style>\n\t<\/section>\n\t\n\n\t\t<\/div>\n\t\t\t\t\t<\/div>\n\n\t\n\n<\/div>","protected":false},"excerpt":{"rendered":"","protected":false},"author":1,"featured_media":0,"parent":0,"menu_order":0,"comment_status":"closed","ping_status":"closed","template":"page-blank.php","meta":{"footnotes":""},"class_list":["post-1656","page","type-page","status-publish","hentry"],"_links":{"self":[{"href":"https:\/\/karmarando.com\/es\/wp-json\/wp\/v2\/pages\/1656","targetHints":{"allow":["GET"]}}],"collection":[{"href":"https:\/\/karmarando.com\/es\/wp-json\/wp\/v2\/pages"}],"about":[{"href":"https:\/\/karmarando.com\/es\/wp-json\/wp\/v2\/types\/page"}],"author":[{"embeddable":true,"href":"https:\/\/karmarando.com\/es\/wp-json\/wp\/v2\/users\/1"}],"replies":[{"embeddable":true,"href":"https:\/\/karmarando.com\/es\/wp-json\/wp\/v2\/comments?post=1656"}],"version-history":[{"count":0,"href":"https:\/\/karmarando.com\/es\/wp-json\/wp\/v2\/pages\/1656\/revisions"}],"wp:attachment":[{"href":"https:\/\/karmarando.com\/es\/wp-json\/wp\/v2\/media?parent=1656"}],"curies":[{"name":"wp","href":"https:\/\/api.w.org\/{rel}","templated":true}]}}