{"id":1649,"date":"2020-10-03T16:50:39","date_gmt":"2020-10-03T16:50:39","guid":{"rendered":"https:\/\/karmarando.com\/?page_id=1649"},"modified":"2023-03-20T19:02:05","modified_gmt":"2023-03-20T18:02:05","slug":"condizioni-reso","status":"publish","type":"page","link":"https:\/\/karmarando.com\/es\/condizioni-reso\/","title":{"rendered":"Condiciones De Devoluci\u00f3n"},"content":{"rendered":"\n\n\t<section class=\"section\" id=\"section_974546273\">\n\t\t<div class=\"section-bg fill\" >\n\t\t\t\t\t\t\t\t\t\n\t\t\t\n\n\t\t<\/div>\n\n\t\t\n\n\t\t<div class=\"section-content relative\">\n\t\t\t\n\n  <div id=\"page-header-1827527093\" class=\"page-header-wrapper\">\n  <div class=\"page-title dark featured-title\">\n\n    \n    <div class=\"page-title-inner container align-center text-center flex-row-col medium-flex-wrap\" >\n              <div class=\"title-wrapper uppercase flex-col\">\n          <h1 class=\"entry-title mb-0\">\n            Condizioni Reso          <\/h1>\n        <\/div>\n                    <div class=\"title-content flex-col\">\n        <div class=\"title-breadcrumbs pb-half pt-half\"><nav class=\"woocommerce-breadcrumb breadcrumbs uppercase\" aria-label=\"Breadcrumb\">Inicio<\/nav><\/div>      <\/div>\n    <\/div>\n\n       <\/div>\n    <\/div>\n  \n\n<div class=\"row row-dashed\"  id=\"row-303835314\">\n\n\n\t<div id=\"col-1544633825\" class=\"col small-12 large-12\"  >\n\t\t\t\t<div class=\"col-inner\"  >\n\t\t\t\n\t\t\t\n\n<p><strong><span style=\"color: #d83131;\">Per i prodotti PIANTE, INCENSI E PRODOTTI IN POLVERE PREPARATI AL MOMENTO non protranno essere effettuati RESI o RIMBORSI<\/span><\/strong><\/p>\n<p>Hai il diritto di recedere dal contratto entro un termine di trenta giorni senza penalit\u00e0 e senza fornire alcuna motivazione. Il periodo di recesso scade 30 giorni dopo il giorno in cui tu o una terza parte da te designata, escluso il corriere, acquisisce il possesso fisico dei prodotti. Per esercitare il tuo diritto di recesso, ti preghiamo di informarci della tua decisione di recedere con una dichiarazione inequivocabile (ad esempio tramite una lettera scritta inviata per posta o e-mail).<\/p>\n<p>Inviaci un messaggio con la tua intenzione di cancellare prima della fine del periodo di recesso, per soddisfare i requisiti del periodo di recesso di 30 giorni.<\/p>\n<p>In caso di richiesta di rimborso, ci assicureremo che il rimborso venga elaborato entro 5 giorni lavorativi. I rimborsi effettuati tramite banca richiedono solitamente da 1 a 2 giorni lavorativi dall&#8217;elaborazione del rimborso. In caso di carta di credito, possono essere necessari da 2 a 30 giorni prima che l&#8217;importo venga restituito sulla carta di credito, a seconda del ciclo di pagamento e fatturazione della societ\u00e0 emittente della carta.<\/p>\n<p>&nbsp;<\/p>\n<h4 class=\"uppercase\"><strong>Conseguenze Di Un Recesso<\/strong><\/h4>\n<p>Nel caso in cui decidessi di recedere dal contratto, tutti i costi effettuati fino a quel momento ti verranno restituiti inclusi i costi di spedizione (esclusi eventuali costi aggiuntivi derivanti dalla scelta di un altro metodo di spedizione differente da quello da noi utilizzato) senza ritardi inutili e non oltre 14 giorni dalla data in cui siamo stati informati della tua decisione di annullamento.&nbsp;In caso di reso parziale, i costi di consegna non saranno rimborsati. Il rimborso deve essere effettuato utilizzando lo stesso metodo di pagamento utilizzato per effettuare l&#8217;acquisto iniziale, salvo diverso accordo specifico. In ogni caso, non sar\u00e0 richiesto alcun addebito per tale rimborso. Ci riserviamo il diritto di trattenere il rimborso fino a quando non avremo ricevuto indietro il\/i prodotto\/i nel nostro magazzino o fino a quando non ci fornirai la prova di averci rispedito il\/i prodotto\/i, a seconda di quale evento si verifichi per primo. Dovrai restituirci i prodotti senza indebito ritardo, entro e non oltre 14 giorni dal giorno in cui ci hai comunicato la tua intenzione di recedere.<br>Il termine \u00e8 rispettato se rispedisci gli articoli prima della scadenza del periodo di 14 giorni. Salvo accordo contrario, dovrai sostenere le spese di restituzione del\/i prodotto\/i.<\/p>\n<p>Per restituire il prodotto prendi contatto con le modalit\u00e0 scritte nella pagina <a href=\"https:\/\/karmarando.com\/contattaci\/\"><span style=\"color: #ffff00;\"><strong><span style=\"color: #0000ff;\">Servizio Clienti<\/span><\/strong><\/span><\/a><\/p>\n<p>Sarai l&#8217;unico responsabile per qualsiasi valore ridotto del prodotto\/i risultante dalla manipolazione o dall&#8217;uso delle merci oltre a quanto necessario per stabilirne la natura, le caratteristiche e il funzionamento.<br>Alcuni prodotti (ad esempio bong, pipe, vaporizzatori e prodotti simili) sono esclusi dal diritto di recesso se non pi\u00f9 sigillati dopo la consegna. Una volta che il sigillo \u00e8 stato rotto, questi prodotti non sono pi\u00f9 idonei per la restituzione per motivi di tutela della salute e dell&#8217;igiene. Allo stesso modo, i beni che vanno a perdere efficacia passati 3 mesi (come rap\u00e8 e sananga e simili) non possono essere restituiti. Tuttavia se non sei soddisfatto di un prodotto che perde effiicacia puoi contattare il nostro<strong><span style=\"color: #0000ff;\"> <a style=\"color: #0000ff;\" href=\"https:\/\/karmarando.com\/contattaci\/\">Servizio Clienti<\/a>.<\/span><\/strong> Siamo sempre felici di lavorare con te per trovare una soluzione.<\/p>\n<div>&nbsp;<\/div>\n\n\t\t<\/div>\n\t\t\t\t\t<\/div>\n\n\t\n\n<\/div>\n\n\t\t<\/div>\n\n\t\t\n<style>\n#section_974546273 {\n  padding-top: 30px;\n  padding-bottom: 30px;\n}\n<\/style>\n\t<\/section>\n\t\n\n\n\n<!-- UberMenu [Configuration:footermenubis] [Theme Loc:] [Integration:api] -->\n<button class=\"ubermenu-responsive-toggle ubermenu-responsive-toggle-footermenubis ubermenu-skin-black-white-2 ubermenu-loc- ubermenu-responsive-toggle-content-align-center ubermenu-responsive-toggle-align-full ubermenu-responsive-toggle-open\" tabindex=\"0\" data-ubermenu-target=\"ubermenu-footermenubis-2553\"   aria-label=\"Toggle Menu\"><i class=\"fas fa-bars\" ><\/i>INFORMAZIONI<\/button><nav id=\"ubermenu-footermenubis-2553\" class=\"ubermenu ubermenu-nojs ubermenu-footermenubis ubermenu-menu-2553 ubermenu-responsive ubermenu-responsive-default ubermenu-mobile-accordion ubermenu-responsive-nocollapse ubermenu-horizontal ubermenu-transition-shift ubermenu-trigger-hover_intent ubermenu-skin-black-white-2 ubermenu-has-border ubermenu-bar-align-full ubermenu-items-align-flex ubermenu-bound ubermenu-disable-submenu-scroll ubermenu-hide-bkgs ubermenu-sub-indicators ubermenu-retractors-responsive ubermenu-submenu-indicator-closes\"><ul id=\"ubermenu-nav-footermenubis-2553\" class=\"ubermenu-nav\" data-title=\"GDPR &amp; PRIVACY\"><li id=\"menu-item-9472\" class=\"ubermenu-item ubermenu-item-type-post_type ubermenu-item-object-page ubermenu-item-9472 ubermenu-item-level-0 ubermenu-column ubermenu-column-auto\" ><a class=\"ubermenu-target ubermenu-item-layout-default ubermenu-item-layout-text_only\" href=\"https:\/\/karmarando.com\/es\/mio-account\/centro-privacy\/\" tabindex=\"0\"><span class=\"ubermenu-target-title ubermenu-target-text\">Centro Privacy<\/span><\/a><\/li><li id=\"menu-item-9473\" class=\"ubermenu-item ubermenu-item-type-post_type ubermenu-item-object-page ubermenu-item-privacy-policy ubermenu-item-9473 ubermenu-item-level-0 ubermenu-column ubermenu-column-auto\" ><a class=\"ubermenu-target ubermenu-item-layout-default ubermenu-item-layout-text_only\" href=\"https:\/\/karmarando.com\/es\/mio-account\/centro-privacy\/informativa-privacy-e-cookies\/\" tabindex=\"0\"><span class=\"ubermenu-target-title ubermenu-target-text\">Informativa privacy e cookies<\/span><\/a><\/li><li id=\"menu-item-9479\" class=\"ubermenu-item ubermenu-item-type-post_type ubermenu-item-object-page ubermenu-item-has-children ubermenu-item-9479 ubermenu-item-level-0 ubermenu-column ubermenu-column-auto ubermenu-has-submenu-drop ubermenu-has-submenu-mega\" ><a class=\"ubermenu-target ubermenu-item-layout-default ubermenu-item-layout-text_only\" href=\"https:\/\/karmarando.com\/es\/mio-account\/centro-privacy\/termini-e-condizioni\/\" tabindex=\"0\"><span class=\"ubermenu-target-title ubermenu-target-text\">Termini e condizioni<\/span><i class='ubermenu-sub-indicator fas fa-angle-down'><\/i><\/a><ul  class=\"ubermenu-submenu ubermenu-submenu-id-9479 ubermenu-submenu-type-auto ubermenu-submenu-type-mega ubermenu-submenu-drop ubermenu-submenu-align-full_width\"  ><li id=\"menu-item-9480\" class=\"ubermenu-item ubermenu-item-type-post_type ubermenu-item-object-page ubermenu-item-9480 ubermenu-item-auto ubermenu-item-header ubermenu-item-level-1 ubermenu-column ubermenu-column-auto\" ><a class=\"ubermenu-target ubermenu-item-layout-default ubermenu-item-layout-text_only\" href=\"https:\/\/karmarando.com\/es\/condizioni-reso\/\"><span class=\"ubermenu-target-title ubermenu-target-text\">Condizioni Reso<\/span><\/a><\/li><\/ul><\/li><li id=\"menu-item-9475\" class=\"ubermenu-item ubermenu-item-type-post_type ubermenu-item-object-page ubermenu-item-9475 ubermenu-item-level-0 ubermenu-column ubermenu-column-auto\" ><a class=\"ubermenu-target ubermenu-item-layout-default ubermenu-item-layout-text_only\" href=\"https:\/\/karmarando.com\/es\/mio-account\/centro-privacy\/disclaimer\/\" tabindex=\"0\"><span class=\"ubermenu-target-title ubermenu-target-text\">Disclaimer<\/span><\/a><\/li><li id=\"menu-item-9477\" class=\"ubermenu-item ubermenu-item-type-post_type ubermenu-item-object-page ubermenu-item-has-children ubermenu-item-9477 ubermenu-item-level-0 ubermenu-column ubermenu-column-auto ubermenu-has-submenu-drop ubermenu-has-submenu-mega\" ><a class=\"ubermenu-target ubermenu-item-layout-default ubermenu-item-layout-text_only\" href=\"https:\/\/karmarando.com\/es\/mio-account\/centro-privacy\/rettifica-dati\/\" tabindex=\"0\"><span class=\"ubermenu-target-title ubermenu-target-text\">Rettifica dati<\/span><i class='ubermenu-sub-indicator fas fa-angle-down'><\/i><\/a><ul  class=\"ubermenu-submenu ubermenu-submenu-id-9477 ubermenu-submenu-type-auto ubermenu-submenu-type-mega ubermenu-submenu-drop ubermenu-submenu-align-full_width\"  ><li id=\"menu-item-9476\" class=\"ubermenu-item ubermenu-item-type-post_type ubermenu-item-object-page ubermenu-item-9476 ubermenu-item-auto ubermenu-item-header ubermenu-item-level-1 ubermenu-column ubermenu-column-auto\" ><a class=\"ubermenu-target ubermenu-item-layout-default ubermenu-item-layout-text_only\" href=\"https:\/\/karmarando.com\/es\/mio-account\/centro-privacy\/oblio\/\"><span class=\"ubermenu-target-title ubermenu-target-text\">Oblio<\/span><\/a><\/li><\/ul><\/li><li id=\"menu-item-9478\" class=\"ubermenu-item ubermenu-item-type-post_type ubermenu-item-object-page ubermenu-item-9478 ubermenu-item-level-0 ubermenu-column ubermenu-column-auto\" ><a class=\"ubermenu-target ubermenu-item-layout-default ubermenu-item-layout-text_only\" href=\"https:\/\/karmarando.com\/es\/mio-account\/centro-privacy\/richiesta-dati\/\" tabindex=\"0\"><span class=\"ubermenu-target-title ubermenu-target-text\">Richiesta dati<\/span><\/a><\/li><li id=\"menu-item-9474\" class=\"ubermenu-item ubermenu-item-type-post_type ubermenu-item-object-page ubermenu-item-9474 ubermenu-item-level-0 ubermenu-column ubermenu-column-auto\" ><a class=\"ubermenu-target ubermenu-item-layout-default ubermenu-item-layout-text_only\" href=\"https:\/\/karmarando.com\/es\/mio-account\/centro-privacy\/contatto-dpo\/\" tabindex=\"0\"><span class=\"ubermenu-target-title ubermenu-target-text\">Contatto DPO<\/span><\/a><\/li><\/ul><\/nav>\n<!-- End UberMenu -->\n","protected":false},"excerpt":{"rendered":"","protected":false},"author":1,"featured_media":0,"parent":0,"menu_order":0,"comment_status":"closed","ping_status":"closed","template":"page-blank.php","meta":{"footnotes":""},"class_list":["post-1649","page","type-page","status-publish","hentry"],"_links":{"self":[{"href":"https:\/\/karmarando.com\/es\/wp-json\/wp\/v2\/pages\/1649","targetHints":{"allow":["GET"]}}],"collection":[{"href":"https:\/\/karmarando.com\/es\/wp-json\/wp\/v2\/pages"}],"about":[{"href":"https:\/\/karmarando.com\/es\/wp-json\/wp\/v2\/types\/page"}],"author":[{"embeddable":true,"href":"https:\/\/karmarando.com\/es\/wp-json\/wp\/v2\/users\/1"}],"replies":[{"embeddable":true,"href":"https:\/\/karmarando.com\/es\/wp-json\/wp\/v2\/comments?post=1649"}],"version-history":[{"count":0,"href":"https:\/\/karmarando.com\/es\/wp-json\/wp\/v2\/pages\/1649\/revisions"}],"wp:attachment":[{"href":"https:\/\/karmarando.com\/es\/wp-json\/wp\/v2\/media?parent=1649"}],"curies":[{"name":"wp","href":"https:\/\/api.w.org\/{rel}","templated":true}]}}