{"id":1434,"date":"2020-10-01T16:57:55","date_gmt":"2020-10-01T16:57:55","guid":{"rendered":"https:\/\/karmarando.com\/?page_id=1434"},"modified":"2025-11-16T18:51:56","modified_gmt":"2025-11-16T17:51:56","slug":"metodi-di-pagamento","status":"publish","type":"page","link":"https:\/\/karmarando.com\/es\/metodi-di-pagamento\/","title":{"rendered":"M\u00e9todos de pago"},"content":{"rendered":"<div id=\"page-header-1698043349\" class=\"page-header-wrapper\">\n  <div class=\"page-title light simple-title\">\n\n    \n    <div class=\"page-title-inner container align-center text-center flex-row-col medium-flex-wrap\" >\n              <div class=\"title-wrapper uppercase flex-col\">\n          <h1 class=\"entry-title mb-0\">\n            M\u00e9todos de pago          <\/h1>\n        <\/div>\n                <div class=\"page-title-sub op-7 flex-col\">\n          <p class=\"lead\">C\u00f3modo y Seguro!<\/p>\n        <\/div>\n                    <div class=\"title-content flex-col\">\n        <div class=\"title-breadcrumbs pb-half pt-half\"><nav class=\"woocommerce-breadcrumb breadcrumbs uppercase\" aria-label=\"Miga de pan\">Inicio<\/nav><\/div>      <\/div>\n    <\/div>\n\n       <\/div>\n    <\/div>\n  \n\n\t<div id=\"gap-1948390444\" class=\"gap-element clearfix\" style=\"display:block; height:auto;\">\n\t\t\n<style>\n#gap-1948390444 {\n  padding-top: 30px;\n}\n<\/style>\n\t<\/div>\n\t\n\n<div class=\"row row-small\"  id=\"row-1378698071\">\n\n\n\t<div id=\"col-1924464923\" class=\"col medium-12 small-12 large-7\"  >\n\t\t\t\t<div class=\"col-inner\"  >\n\t\t\t\n\t\t\t\n\n\n\t<section class=\"section dark\" id=\"section_543718513\">\n\t\t<div class=\"section-bg fill\" >\n\t\t\t\t\t\t\t\t\t<div class=\"section-bg-overlay absolute fill\"><\/div>\n\t\t\t\n\n\t\t<\/div>\n\n\t\t\n\n\t\t<div class=\"section-content relative\">\n\t\t\t\n\n<h3 style=\"text-align: center;\">Pagar con su Cartera y ahorrar un 7%<\/h3>\n<p style=\"text-align: center;\">\u00bfUsted quiere comprar nuestros productos y ahorrar un 7% en tus pedidos?<\/p>\n<p style=\"text-align: center;\"><strong>EL MEJOR M\u00c9TODO DE PAGO<\/strong><\/p>\n<p style=\"text-align: center;\">Al instante a\u00f1adir fondos a su monedero en KARMARANDO.<\/p>\n<p style=\"text-align: center;\">Usted puede comprar usando su tarjeta de cr\u00e9dito y ahorrar un 7% en todos los pedidos pagados con sus fondos.<\/p>\n<p style=\"text-align: center;\">Usted puede a\u00f1adir cr\u00e9ditos mediante el uso de uno de nuestros m\u00e9todos de pago<\/p>\n<div class=\"wp-container-1 wp-block-buttons\">\n<div class=\"wp-block-button has-custom-font-size is-style-fill has-medium-font-size\" style=\"text-align: center;\"><a href=\"https:\/\/karmarando.com\/es\/mio-account\/funds\/\"><strong><span style=\"color: #0000ff;\">A\u00d1ADIR FONDOS AHORA<\/span><\/strong><\/a><\/div>\n<\/div>\n\n\t\t<\/div>\n\n\t\t\n<style>\n#section_543718513 {\n  padding-top: 0px;\n  padding-bottom: 0px;\n  min-height: 400px;\n}\n#section_543718513 .section-bg-overlay {\n  background-color: rgba(0, 0, 0, 0.34);\n}\n@media (min-width:550px) {\n  #section_543718513 {\n    min-height: 620px;\n  }\n}\n<\/style>\n\t<\/section>\n\t\n\n\t\t<\/div>\n\t\t\t\t\t<\/div>\n\n\t\n\n\t<div id=\"col-698671639\" class=\"col medium-12 small-12 large-5\"  >\n\t\t\t\t<div class=\"col-inner text-center dark\"  >\n\t\t\t\n\t\t\t\n\n\n\t<section class=\"section\" id=\"section_2050464064\">\n\t\t<div class=\"section-bg fill\" >\n\t\t\t\t\t\t\t\t\t\n\t\t\t\n\n\t\t<\/div>\n\n\t\t\n\n\t\t<div class=\"section-content relative\">\n\t\t\t\n\n\t<div id=\"text-1651782326\" class=\"text\">\n\t\t\n\n<h3>M\u00e9todos de pago<\/h3>\n\n\t\t\n<style>\n#text-1651782326 {\n  font-size: 1.5rem;\n  line-height: 0.75;\n}\n<\/style>\n\t<\/div>\n\t\n\t<div class=\"img has-hover x md-x lg-x y md-y lg-y\" id=\"image_35820317\">\n\t\t\t\t\t\t\t\t<div class=\"img-inner dark\" >\n\t\t\t<img loading=\"lazy\" decoding=\"async\" width=\"410\" height=\"110\" src=\"https:\/\/karmarando.com\/wp-content\/uploads\/2023\/08\/pagamenti-1-1.png\" class=\"attachment-large size-large\" alt=\"\" srcset=\"https:\/\/karmarando.com\/wp-content\/uploads\/2023\/08\/pagamenti-1-1.png 410w, https:\/\/karmarando.com\/wp-content\/uploads\/2023\/08\/pagamenti-1-1-300x80.png 300w, https:\/\/karmarando.com\/wp-content\/uploads\/2023\/08\/pagamenti-1-1-18x5.png 18w\" sizes=\"auto, (max-width: 410px) 100vw, 410px\" title=\"\">\t\t\t\t\t\t\n\t\t\t\t\t<\/div>\n\t\t\t\t\t\t\t\t\n<style>\n#image_35820317 {\n  width: 100%;\n}\n<\/style>\n\t<\/div>\n\t\n\n\n\t\t<\/div>\n\n\t\t\n<style>\n#section_2050464064 {\n  padding-top: 30px;\n  padding-bottom: 30px;\n  min-height: 300px;\n  background-color: rgb(157, 168, 154);\n}\n<\/style>\n\t<\/section>\n\t\n\t<div id=\"gap-81653800\" class=\"gap-element clearfix\" style=\"display:block; height:auto;\">\n\t\t\n<style>\n#gap-81653800 {\n  padding-top: 20px;\n}\n<\/style>\n\t<\/div>\n\t\n\n\n\t<section class=\"section\" id=\"section_561790122\">\n\t\t<div class=\"section-bg fill\" >\n\t\t\t\t\t\t\t\t\t\n\t\t\t\n\n\t\t<\/div>\n\n\t\t\n\n\t\t<div class=\"section-content relative\">\n\t\t\t\n\n<a href=\"https:\/\/karmarando.com\/es\/negozio\/\" class=\"button primary is-bevel box-shadow-2 box-shadow-3-hover\" style=\"border-radius:5px;\">\n\t\t<span>Ir a la tienda ahora!<\/span>\n\t<i class=\"icon-shopping-bag\" aria-hidden=\"true\"><\/i><\/a>\n\n\n<a href=\"https:\/\/karmarando.com\/es\/mio-account\/\" class=\"button success is-bevel box-shadow-2 box-shadow-1-hover\" style=\"border-radius:5px;\">\n\t\t<span>Registrado<\/span>\n\t<i class=\"icon-user\" aria-hidden=\"true\"><\/i><\/a>\n\n\n\n\t\t<\/div>\n\n\t\t\n<style>\n#section_561790122 {\n  padding-top: 0px;\n  padding-bottom: 0px;\n  min-height: 300px;\n  background-color: rgb(48, 78, 92);\n}\n@media (min-width:550px) {\n  #section_561790122 {\n    min-height: 300px;\n  }\n}\n<\/style>\n\t<\/section>\n\t\n\n\t\t<\/div>\n\t\t\t\t\t<\/div>\n\n\t\n\n<\/div>\n<div class=\"row\"  id=\"row-251604657\">\n\n\n\t<div id=\"col-654193375\" class=\"col small-12 large-12\"  >\n\t\t\t\t<div class=\"col-inner\"  >\n\t\t\t\n\t\t\t\n\n\t<div id=\"text-1521677623\" class=\"text\">\n\t\t\n\n<h3 style=\"text-align: center;\"><span style=\"color: #000000;\"><strong>En Karmarando est\u00e1n disponibles diferentes opciones de pago<\/strong><\/span><\/h3>\n<p style=\"text-align: center;\"><span style=\"color: #0000ff;\"><strong>Stripe,Google Pay, SEPA, Sofort, Klarna<\/strong><\/span><\/p>\n<p style=\"text-align: center;\"><span style=\"color: #0000ff;\"><strong>Bonifico Bancario, RICARICA POSTEPAY, iDEAL<\/strong><\/span><\/p>\n<p style=\"text-align: center;\"><span style=\"color: #0000ff;\"><strong>Przelewy24, Bancontact, Giropay, EPS<\/strong><\/span><\/p>\n<p style=\"text-align: center;\"><span style=\"color: #0000ff;\"><strong>Multibanco, WeChat , Alipay, etc.<\/strong><\/span><\/p>\n<p class=\"lead\" style=\"text-align: center;\"><span style=\"color: #d83131;\"><strong>Por desgracia, algunos de los m\u00e9todos de pago no ser\u00e1 adoptada por KARMARANDO S\u00d3LO en algunos productos.<\/strong><\/span><\/p>\n<p class=\"uppercase\" style=\"text-align: center;\"><strong>Ahora que ha encontrado su m\u00e9todo de pago preferido<\/strong><\/p>\n<h2 class=\"uppercase\" style=\"text-align: center;\"><span style=\"color: #00a859;\"><strong><span class=\"fancy-underline\">Visita la tienda!<\/span>\u00a0<\/strong><\/span><\/h2>\n\t\t\n<style>\n#text-1521677623 {\n  text-align: center;\n}\n<\/style>\n\t<\/div>\n\t\n\n\t\t<\/div>\n\t\t\t\t\t<\/div>\n\n\t\n\n<\/div>","protected":false},"excerpt":{"rendered":"","protected":false},"author":1,"featured_media":0,"parent":0,"menu_order":0,"comment_status":"closed","ping_status":"closed","template":"page-blank.php","meta":{"footnotes":""},"class_list":["post-1434","page","type-page","status-publish","hentry"],"_links":{"self":[{"href":"https:\/\/karmarando.com\/es\/wp-json\/wp\/v2\/pages\/1434","targetHints":{"allow":["GET"]}}],"collection":[{"href":"https:\/\/karmarando.com\/es\/wp-json\/wp\/v2\/pages"}],"about":[{"href":"https:\/\/karmarando.com\/es\/wp-json\/wp\/v2\/types\/page"}],"author":[{"embeddable":true,"href":"https:\/\/karmarando.com\/es\/wp-json\/wp\/v2\/users\/1"}],"replies":[{"embeddable":true,"href":"https:\/\/karmarando.com\/es\/wp-json\/wp\/v2\/comments?post=1434"}],"version-history":[{"count":0,"href":"https:\/\/karmarando.com\/es\/wp-json\/wp\/v2\/pages\/1434\/revisions"}],"wp:attachment":[{"href":"https:\/\/karmarando.com\/es\/wp-json\/wp\/v2\/media?parent=1434"}],"curies":[{"name":"wp","href":"https:\/\/api.w.org\/{rel}","templated":true}]}}