{"id":6342,"date":"2022-05-10T14:52:08","date_gmt":"2022-05-10T12:52:08","guid":{"rendered":"https:\/\/www.karmarando.com\/?post_type=product&#038;p=6342"},"modified":"2025-12-04T13:52:24","modified_gmt":"2025-12-04T12:52:24","slug":"kuripe-bambu-totem-mago-folletto","status":"publish","type":"product","link":"https:\/\/karmarando.com\/en\/rapee-e-co\/applicat-rape-e-co\/kuripe-e-tepi\/kuripe\/speciali\/kuripe-bambu-totem-mago-folletto\/","title":{"rendered":"Kuripe Bamboo Totem Mage Goblin Amulet Stones powerful"},"content":{"rendered":"<div class=\"tabbed-content\">\n\t\t\t\n\t\t\t<ul class=\"nav nav-pills nav-uppercase nav-size-small nav-center\" role=\"tablist\"><li id=\"tab-descrizione\" class=\"tab active has-icon\" role=\"presentation\"><a href=\"#tab_descrizione\" role=\"tab\" aria-selected=\"true\" aria-controls=\"tab_descrizione\"><span>Description<\/span><\/a><\/li>\n<li id=\"tab-come-\u00e8-fatto?\" class=\"tab has-icon\" role=\"presentation\"><a href=\"#tab_come-\u00e8-fatto?\" tabindex=\"-1\" role=\"tab\" aria-selected=\"false\" aria-controls=\"tab_come-\u00e8-fatto?\"><span>How is it Made?<\/span><\/a><\/li>\n<li id=\"tab-dimensioni\" class=\"tab has-icon\" role=\"presentation\"><a href=\"#tab_dimensioni\" tabindex=\"-1\" role=\"tab\" aria-selected=\"false\" aria-controls=\"tab_dimensioni\"><span>Size<\/span><\/a><\/li>\n<li id=\"tab-cosa-\u00e8-il-kuripe-e-come-si-usa\" class=\"tab has-icon\" role=\"presentation\"><a href=\"#tab_cosa-\u00e8-il-kuripe-e-come-si-usa\" tabindex=\"-1\" role=\"tab\" aria-selected=\"false\" aria-controls=\"tab_cosa-\u00e8-il-kuripe-e-come-si-usa\"><span>What is the Kuripe and how to Use it<\/span><\/a><\/li>\n<li id=\"tab-come-si-soffia?\" class=\"tab has-icon\" role=\"presentation\"><a href=\"#tab_come-si-soffia?\" tabindex=\"-1\" role=\"tab\" aria-selected=\"false\" aria-controls=\"tab_come-si-soffia?\"><span>As you blow?<\/span><\/a><\/li>\n<li id=\"tab-a-cosa-serve-?\" class=\"tab has-icon\" role=\"presentation\"><a href=\"#tab_a-cosa-serve-?\" tabindex=\"-1\" role=\"tab\" aria-selected=\"false\" aria-controls=\"tab_a-cosa-serve-?\"><span>What Is It For ?<\/span><\/a><\/li>\n<li id=\"tab-disclaimer\" class=\"tab has-icon\" role=\"presentation\"><a href=\"#tab_disclaimer\" tabindex=\"-1\" role=\"tab\" aria-selected=\"false\" aria-controls=\"tab_disclaimer\"><span>DISCLAIMER<\/span><\/a><\/li><\/ul><div class=\"tab-panels\"><div id=\"tab_descrizione\" class=\"panel active entry-content\" role=\"tabpanel\" aria-labelledby=\"tab-descrizione\">\n<h3><strong>Kuripe Bamboo Totem Mage Goblin Amulet Stones powerful <\/strong><\/h3>\n<h3><strong>Homemade Tepi Tool Shamanic Rap\u00e9 Indigenous Self Applicator<\/strong><\/h3>\n<p><strong>Kuripe Bambu Totem Mago Folletto e pietre potenti <\/strong> Fatto a mano, Auto Applicatore, Sciamanico Kuripe \u00e8 un Self applicatore Rap\u00e9 self-use. Kuripe Con Totem Mago Folletto Amuleto, con pietre varie incassate fra cui cristalli di occhio di tigre, corallo Verde, corniola, cristallo di rocca Kuripe molto potente nel suo colpo che sprigiona, energia molto grande. Il suo design a \u201cV\u201d ti consente di prendere facilmente Rap\u00e9 senza la partecipazione di un\u2019altra persona (a differenza di un Tepi, dove \u00e8 richiesta una seconda persona che vi soffier\u00e0 il rap\u00e8)<\/p>\n<p><strong>This Kuripe is made in 3 sizes<\/strong><\/p>\n<ul>\n<li>For Faces extremely small S (about 3.2-3.5 cm between the nostril and the mouth)<\/li>\n<li>Faces normal to M (the majority), 3,7-4,2 cm) between the nostril and mouth<\/li>\n<li>Faces large L (4,4-4,8 cm between the nostril and the mouth)<\/li>\n<li>Tailored: made for you, when you have a specific face (choose the appropriate words from the list, you will be called to agree) will be required 24\/48 hours more to produce it.<\/li>\n<\/ul>\n<\/div>\n<div id=\"tab_come-\u00e8-fatto?\" class=\"panel entry-content\" role=\"tabpanel\" aria-labelledby=\"tab-come-\u00e8-fatto?\"> FEATURES<\/p>\n<ul>\n<li>This\u00a0<strong>Kuripe<\/strong> <strong>Mago Folletto <\/strong>is a <strong>Power tool<\/strong>, come un Talismano, energeticamente potente positivo, fatto di bamb\u00f9 e altre lavorazioni di rifestimento e per l&#8217;energia\u00a0 potente dei cristalli e degli animali associati<\/li>\n<li>It is done and Worked on with Love, care and respect, in the manner of sacred spaces, hand<\/li>\n<li>Polished and Flared in all its parts, to ensure performance, safety and ease of use<\/li>\n<li>Rivestito con di resina naturale dando la forma di un mago Totem, Amuleto potente<\/li>\n<li>Rifinito con occhi di Coralo verde, e scaglie di cristallo di giada Verde e quarzo Rosa<\/li>\n<li>Materials and techniques <strong>High quality<\/strong><\/li>\n<li>Tied it securely with glue and resin, non-toxic<\/li>\n<li>It was activated and purified with the wood of the sacred palo santo<\/li>\n<\/ul>\n<p><strong> This product is made by artisans Michael and Eleanor very dear to us, using the best materials and without the addition of chemical elements, using traditional procedures and instruments for processing, are unique on each piece , this is not an industrial object, each piece is entirely made by hand. <\/strong><\/p>\n<h4><strong>For this reason, every item will be different and a piece unique<\/strong><\/h4>\n<h4><strong>If you want to be in a date way or add a feather,or some peculiarity or even your name (perhaps written with the rune) just ask and we will do it especially for you, with a small markup, which may vary from 2 to 5 euros depending on the request<\/strong><\/h4>\n<p><strong>esempio una piuma con relativa cordicella e perline sono solo 3 <\/strong><\/p>\n<h5>Why bamboo?\u00a0<span class=\"\">Because the material is very eco-friendly and sustainable, affordable, easy to handle and fits easily be turned into a pipe by rap\u00e9.<\/span><\/h5>\n<h5><span class=\"goog-text-highlight\">It is by far the pipe rap\u00e9 most sold in the world.<\/span><\/h5>\n<\/div>\n<div id=\"tab_dimensioni\" class=\"panel entry-content\" role=\"tabpanel\" aria-labelledby=\"tab-dimensioni\"> <strong>Questo Kuripe \u00e8 fatto in 3 misure (varier\u00e0 solo l&#8217;angolazione in quanto le altre misure rimarranno pressoch\u00e8 invariate) <\/strong><\/p>\n<ul>\n<li>For Faces extremely small S (about 3.2-3.5 cm between the nostril and the mouth)<\/li>\n<li>Faces normal to M (the majority), 3,7-4,2 cm) between the nostril and mouth<\/li>\n<li>Faces large L (4,4-4,8 cm between the nostril and the mouth)<\/li>\n<li>Tailored: made for you, when you have a specific face (choose the appropriate words from the list, you will be called to agree) will be required 24\/48 hours more to produce it.<\/li>\n<\/ul>\n<p>Backed with a diameter of narrow enough to unleash the most preessione<\/p>\n<ul>\n<li>Lunghezza parte Lunga 7,2 cm<\/li>\n<li>Lunghezza parte corta 6,3 cm<\/li>\n<li>Diametro esterno 0,8 cm<\/li>\n<li>Diametro interno 0,6 cm<\/li>\n<li>Le misure si intendono per la parte triangolare escludendo la coda con il pendente<\/li>\n<\/ul>\n<\/div>\n<div id=\"tab_cosa-\u00e8-il-kuripe-e-come-si-usa\" class=\"panel entry-content\" role=\"tabpanel\" aria-labelledby=\"tab-cosa-\u00e8-il-kuripe-e-come-si-usa\"> Si chiama Kuripe l\u2019applicatore da auto-somministrazione del Rap\u00e9.Al contrario del tepi che verr\u00e0 usato con un altro t\u00e8 che si metter\u00e0 di fronte. Il Kuripe ha una forma a V normalmente a 30\u00b0 per essere adatto alla amggioranza, con due estremit\u00e0: una pi\u00f9 corta, dove con la bocca si soffier\u00e0, e una pi\u00f9 lunga, che verr\u00e0 leggermente appoggiata alle narici (senza per\u00f2 farlo entrare dentro) cos\u00ec da non attoppare il passaggio dell&#8217;aria. Partendo sempre dalla narice sinistra, quella connessa al cuore (il femminile l&#8217;intuizione) e poi La Narice destra, quella connessa alla mente (il maschile la razionalit\u00e0) La maschile la Yang \/ Sole, che permette di apprendere e ottenere la forza necessaria per superare i problemi mediante lo sforzo, permette di curare e apprendere ottenendo la forza necessaria per superare le ombre di questa parte che sono: Egoismo, Violenza, Arroganza, Orgoglio La Femminile Lo Ying La Luna D\u00e0 potere alle emozioni nel loro stato puro, liberando gioia profonda, amore puro, compassione e abilit\u00e0 artistiche. Il suo lato ombra da Curare sono l&#8217;attaccamento emozionale, la depressione, bassa autostima, sentimento di colpa e apatia. Il Kuripe Pu\u00f2 essere fatto di canne di bamb\u00f9 o di altri materiali sacri come la jurema o palo santo ed altri, o di ossa o di pietra. Il Kuripe \u00e8 uno strumento che pu\u00f2 essere utilizzato per prendere confidenza autonomamente e in modo responsabile con la Sacra Medicina del Rap\u00e9, imparando a conoscerla, rispettarla e utilizzarla in modo coscienzioso e saggio. Gli indigeni insegnano che \u00e8 sempre bene assumere il Rap\u00e9 in forma rituale e con un intento ben chiaro nella mente. Il Kuripe \u00e8 certamente molto comodo quando non abbiamo la possibilit\u00e0 di farci somministrare il Rap\u00e9 da qualcuno. L\u2019auto-applicatore Kuripe \u00e8 un oggetto di potere, come tale strettamente personale e pu\u00f2 essere utilizzato esclusivamente dal proprietario.Si consilglia (anche se lo abbiamo gi\u00e0 fatto) di utilizzare del palo santo o delle pietre facendo una sbavatura e una purrificazione, per renderlo con iniziazione uno strumento piu personalizato con la vostra energia <\/div>\n<div id=\"tab_come-si-soffia?\" class=\"panel entry-content\" role=\"tabpanel\" aria-labelledby=\"tab-come-si-soffia?\"> Farselo fare con il tepi chiaramente verr\u00e0 meglio, ma si pu\u00f2 apprendere bene di farli anche con il kuripe: <strong>There are many puffs, we will try to list the most important and popular<\/strong> <strong>Snake:<\/strong> he takes a great breath, the breath start slowly and increase the force gradually until you get strong peak, blocking, however with the tongue against the applicator by emitting a hiss. <strong>Turtle:<\/strong> Slight breath, slow, constant, and for a long time, very slowly. To receive the bonus, you need to tune in on the patience of the tortoise because so many people are pulling back before it is finished.The effects of Rap\u00e9 with this breath, have a greater durability.Ideal for working on patience, physical Trauma, and during and after ua spiritual activity! <strong>Colibri:<\/strong> breath of happiness, joy, and love, and are usually short. It is made with two puffs consecutive very short giving it a shot in the second with his tongue <strong>Dragonfly:<\/strong> a nice breath of medium duration, the language and move it to float by quickly against the applicator with a sound psychedelic <strong>Raven:<\/strong> defined the breath of courage, to penetrate the darkness, in the void, the great mystery of where everything is born and was the source. the first and second wind-a strong man&#039;s hand, a murmur may be less strong fina you get to the void. <strong>Boa: <\/strong>Breath of the Dreams, learned from a native hunikin who told me to have it learned from \u201cnetwork\u201d before bed. Partly strong, and more and more deble fina to disappear fading away as the motion of a buoy, from wonderful dreams and effects visionary! <\/div>\n<div id=\"tab_a-cosa-serve-?\" class=\"panel entry-content\" role=\"tabpanel\" aria-labelledby=\"tab-a-cosa-serve-?\"> Il Kuripe serve per il Rap\u00e9 che \u00e8 una medicina amazzonica costituita da una serie di piante medicinali polverizzate molto finemente con l&#8217;uso di un mortaio. All&#8217;interno di tutte le tradizioni indigene, il Rap\u00e9 \u00e8 considerato una Pianta Maestra (la pi\u00f9 antica) ed \u00e8 rappresentato come un nonno che possiede la saggezza della foresta. Il suo uso rituale prevede che non venga mai aspirato, poich\u00e9 questo gesto \u00e8 considerato una mancanza di rispetto allo spirito ancestrale della Pianta Sacra. Quando il Rap\u00e9 \u00e8 usato ritualmente, porta purificazione e centratura, trasforma le energie negative, funge da messaggero. Nel nord del Brasile, i popoli indigeni Huni Kuin-Kaxinawa e Yawanawa usano il Rap\u00e9 come una medicina associata all&#8217;uso teRap\u00e9utico e spirituale. Per queste popolazioni, il Rap\u00e9 \u00e8 una medicina che possiede uno spirito di grande potere, portando guarigione e protezione, allontanando tutti i tipi di mali. Presso i suddetti popoli nativi, il Rap\u00e9 viene utilizzato dal paj\u00e9 della trib\u00f9 (uomo\/donna medicina), in modo da potersi connettere allo Spirito, integrarsi con la Natura, essere in grado di individuare mali che potrebbero attaccare il suo popolo o anche in rituali di guarigione, col proposito di dare protezione spirituale, diagnosticare una malattia e usare il potere dello spirito di questa medicina per curare. Il Rap\u00e9 va soffiato in entrambe le narici tramite un applicatore, spesso costituito da canne di bamb\u00f9 oppure ossa. Esiste sia l\u2019auto-applicatore (kuripe) sia quello mediante il quale si pu\u00f2 somministrare ad altri (tepi). Il Rap\u00e9 \u00e8 soffiato con la pipa prima nella narice sinistra e poi in quella destra, bilanciando cos\u00ec i due emisferi del cervello, il lato femminile intuitivo e quello maschile razionale. In Amazzonia, condividere il Rap\u00e9 \u00e8 un\u2019attivit\u00e0 svolta socialmente e ha radici spirituali. Il Rap\u00e9, infatti, \u00e8 considerato una Medicina Sacra e la sua somministrazione ha il valore di una preghiera che invoca le forze della natura e gli spiriti della foresta, la benedizione delle piante e il loro potere per trarre centratura, forza e cura. L\u2019applicazione del Rap\u00e9 \u00e8 spesso accompagnata da canti sacri che hanno la funzione di chiamare gli spiriti e la forza della stessa medicina. <\/div>\n<div id=\"tab_disclaimer\" class=\"panel entry-content\" role=\"tabpanel\" aria-labelledby=\"tab-disclaimer\"> <strong><span style=\"color: #d83131;\">THE PHOTO IN THE DESCRIPTION IS PURELY INDICATIVE<\/span><\/strong>  <strong><span style=\"color: #d83131;\">For the products, PLANTS, INCENSE, AND powders PREPARED AT the MOMENT not possible to be made RETURNS or REFUNDS<\/span><\/strong> The <strong>terms used<\/strong> in the categories and the tags do not want to suggest to the medicinal use and recreational products, just sort them according to their use of historic, scientific and social. <strong>The recipes are provided as a scientific<\/strong>they don&#039;t want to encourage customers to repeat them, nor to consume the products. <strong>Our content<\/strong> have not been evaluated by the FDA or by any figure of the medical profession: the possible applications, indications, dosing and warnings are described for educational purposes only, speculations and personal, and do not constitute medical advice. <strong>The products are sold<\/strong> as incense, Soaps, Resins and botanical collection, and material scientific research. <span style=\"color: #ed1c24; font-size: 115%;\"><strong>Non sono destinati al consumo umano. Per poter acquistare i nostri prodotti dovete avere pi\u00f9 di 18 anni e non sono adatti a donne in stato di gravidanza e\/o in fase di allattamento.<\/strong><\/span> To get more information on <strong>KARMARANDO<\/strong> visit <a href=\"https:\/\/www.instagram.com\/karmarando1\/\" target=\"_blank\" rel=\"noopener\"> <span style=\"color: #0000ff;\"><strong>this page<\/strong><\/span><\/a> or read the latest news on <a href=\"https:\/\/karmarando.com\/en\/blog\/\" target=\"_blank\" rel=\"nofollow noopener\"><strong><span style=\"color: #0000ff;\">BLOG<\/span><\/strong><\/a> <\/div><\/div><\/div>","protected":false},"excerpt":{"rendered":"<p>Kuripe Bamboo Totem Mage Goblin Amulet Stones powerful<\/p>","protected":false},"featured_media":6360,"comment_status":"open","ping_status":"closed","template":"","meta":[],"product_brand":[468],"product_cat":[195,569,196,185,1188],"product_tag":[1289],"class_list":{"0":"post-6342","1":"product","2":"type-product","3":"status-publish","4":"has-post-thumbnail","6":"product_brand-karmarando","7":"product_cat-applicat-rape-e-co","8":"product_cat-kuripe","9":"product_cat-kuripe-e-tepi","10":"product_cat-rapee-e-co","11":"product_cat-speciali","12":"product_tag-kuripe-bambu-totem-mago-folletto","13":"pa_brand-karmarando","14":"pa_ean-1288","15":"pa_materiale-bamboo","16":"pa_paese-di-fabbricazione-italia","17":"pa_taglia-l-per-visi-grandi","18":"pa_taglia-m-per-visi-normali","19":"pa_taglia-s-per-visi-molto-piccoli","20":"pa_taglia-su-misura-saranno-necessari-24-48-ore-in-piu-per-produrlo","22":"first","23":"instock","24":"shipping-taxable","25":"purchasable","26":"product-type-variable"},"_links":{"self":[{"href":"https:\/\/karmarando.com\/en\/wp-json\/wp\/v2\/product\/6342","targetHints":{"allow":["GET"]}}],"collection":[{"href":"https:\/\/karmarando.com\/en\/wp-json\/wp\/v2\/product"}],"about":[{"href":"https:\/\/karmarando.com\/en\/wp-json\/wp\/v2\/types\/product"}],"replies":[{"embeddable":true,"href":"https:\/\/karmarando.com\/en\/wp-json\/wp\/v2\/comments?post=6342"}],"wp:featuredmedia":[{"embeddable":true,"href":"https:\/\/karmarando.com\/en\/wp-json\/wp\/v2\/media\/6360"}],"wp:attachment":[{"href":"https:\/\/karmarando.com\/en\/wp-json\/wp\/v2\/media?parent=6342"}],"wp:term":[{"taxonomy":"product_brand","embeddable":true,"href":"https:\/\/karmarando.com\/en\/wp-json\/wp\/v2\/product_brand?post=6342"},{"taxonomy":"product_cat","embeddable":true,"href":"https:\/\/karmarando.com\/en\/wp-json\/wp\/v2\/product_cat?post=6342"},{"taxonomy":"product_tag","embeddable":true,"href":"https:\/\/karmarando.com\/en\/wp-json\/wp\/v2\/product_tag?post=6342"}],"curies":[{"name":"wp","href":"https:\/\/api.w.org\/{rel}","templated":true}]}}