{"id":4662,"date":"2022-02-19T14:40:34","date_gmt":"2022-02-19T13:40:34","guid":{"rendered":"https:\/\/www.karmarando.com\/?post_type=product&#038;p=4662"},"modified":"2026-03-24T19:37:47","modified_gmt":"2026-03-24T18:37:47","slug":"pipa-in-vetro-glass-pyrex","status":"publish","type":"product","link":"https:\/\/karmarando.com\/en\/rapee-e-co\/applicat-rape-e-co\/cachimbo-e-pipas\/pipa-in-vetro-glass-pyrex\/","title":{"rendered":"Pipe Glass Pyrex"},"content":{"rendered":"<div class=\"tabbed-content\">\n\t\t\t\n\t\t\t<ul class=\"nav nav-pills nav-uppercase nav-size-small nav-center\" role=\"tablist\"><li id=\"tab-descrizione\" class=\"tab active has-icon\" role=\"presentation\"><a href=\"#tab_descrizione\" role=\"tab\" aria-selected=\"true\" aria-controls=\"tab_descrizione\"><span>Description<\/span><\/a><\/li>\n<li id=\"tab-disclaimer\" class=\"tab has-icon\" role=\"presentation\"><a href=\"#tab_disclaimer\" tabindex=\"-1\" role=\"tab\" aria-selected=\"false\" aria-controls=\"tab_disclaimer\"><span>DISCLAIMER<\/span><\/a><\/li><\/ul><div class=\"tab-panels\"><div id=\"tab_descrizione\" class=\"panel active entry-content\" role=\"tabpanel\" aria-labelledby=\"tab-descrizione\">\n<h2>Pipe Glass Pyrex<\/h2>\n<h3>PIPA IN VETRO GLASS PYREX PER CRISTALLI NATURALI E (SECREZIONE DI BUFO ALVARIUS)<\/h3>\n<p>La qualit\u00e0 non \u00e8 sempre ha un prezzo elevato. Se stai cercando una Pipa di alta qualit\u00e0 ed efficienza, ma ad un prezzo moderato, non puoi sbagliare con questo modello, semplice duttile e con la giusta dimensione per poterlo tenere in mano senza scottarsi. <strong>Pipa Glass Pyrex <\/strong> Normalmente vien usato per Olii, dmt o Cristalli di c ra ck, nel nostro caso specifico \u00e8 per secrezione naturale di B-u-f-o Alvarius, ma anche cristalli di C-B-D<\/p>\n<table id=\"idTab2\" class=\"features-table\">\n<caption class=\"h3\">pipa in vetro glass pyrex cristalli olii e similari \u2013 SCHEDA TECNICA<\/caption>\n<tbody>\n<tr>\n<th>Lunghezza<\/th>\n<td>110mm<\/td>\n<\/tr>\n<tr>\n<th>Material<\/th>\n<td>Vetro Glass Pyrex<\/td>\n<\/tr>\n<tr>\n<th>Diameter<\/th>\n<td>25mm<\/td>\n<\/tr>\n<\/tbody>\n<\/table>\n<p> <\/div>\n<div id=\"tab_disclaimer\" class=\"panel entry-content\" role=\"tabpanel\" aria-labelledby=\"tab-disclaimer\">\n<p><strong><span style=\"color: #d83131;\">THE PHOTO IN THE DESCRIPTION IS PURELY INDICATIVE<\/span><\/strong><\/p>\n<p><strong><span style=\"color: #d83131;\">PRODUCTS ARE GUARANTEED FROM KARMARANDO<\/span><\/strong><br \/>\n<strong><span style=\"color: #d83131;\">For the products, PLANTS, INCENSE, AND powders PREPARED AT the MOMENT not possible to be made RETURNS or REFUNDS<\/span><\/strong><\/p>\n<p>The <strong>terms used<\/strong> in the categories and the tags do not want to suggest to the medicinal use and recreational products, just sort them according to their use of historic, scientific and social.<\/p>\n<p><strong>The recipes are provided as a scientific<\/strong>they don&#039;t want to encourage customers to repeat them, nor to consume the products.<\/p>\n<p><strong>Our content<\/strong> have not been evaluated by the FDA or by any figure of the medical profession: the possible applications, indications, dosing and warnings are described for educational purposes only, speculations and personal, and do not constitute medical advice.<\/p>\n<p><strong>The products are sold<\/strong> as incense, Soaps, Resins and botanical collection, and material scientific research.<\/p>\n<p><span style=\"color: #ed1c24; font-size: 115%;\"><strong>They are not intended for human consumption.<br \/>\nTo be able to buy our products you must be over 18 years of age and are not suitable for women who are pregnant and\/or breastfeeding women.<\/strong><\/span><\/p>\n<p>To get more information on <strong>KARMARANDO<\/strong> visit <a href=\"https:\/\/www.instagram.com\/karmarando1\/\" target=\"_blank\" rel=\"noopener\"><br \/>\n<span style=\"color: #0000ff;\"><strong>this page<\/strong><\/span><\/a> or read the latest news on <a href=\"https:\/\/karmarando.com\/en\/blog\/\" target=\"_blank\" rel=\"nofollow noopener\"><strong><span style=\"color: #0000ff;\">BLOG<\/span><\/strong><\/a><\/p>\n<\/div><\/div><\/div>","protected":false},"excerpt":{"rendered":"<p>Pipe Glass Pyrex<\/p>","protected":false},"featured_media":4677,"comment_status":"open","ping_status":"closed","template":"","meta":[],"product_brand":[468],"product_cat":[195,198,254,215,185],"product_tag":[131],"class_list":{"0":"post-4662","1":"product","2":"type-product","3":"status-publish","4":"has-post-thumbnail","6":"product_brand-karmarando","7":"product_cat-applicat-rape-e-co","8":"product_cat-cachimbo-e-pipas","9":"product_cat-gadget-sciamanici-e-non","10":"product_cat-kambo-e-bufo","11":"product_cat-rapee-e-co","12":"product_tag-pipa","13":"pa_brand-karmarando","14":"pa_colore-trasparente","15":"pa_ean-1233","16":"pa_paese-di-fabbricazione-italia","17":"pa_taglia-grande","18":"pa_taglia-media","20":"first","21":"instock","22":"shipping-taxable","23":"purchasable","24":"product-type-variable"},"_links":{"self":[{"href":"https:\/\/karmarando.com\/en\/wp-json\/wp\/v2\/product\/4662","targetHints":{"allow":["GET"]}}],"collection":[{"href":"https:\/\/karmarando.com\/en\/wp-json\/wp\/v2\/product"}],"about":[{"href":"https:\/\/karmarando.com\/en\/wp-json\/wp\/v2\/types\/product"}],"replies":[{"embeddable":true,"href":"https:\/\/karmarando.com\/en\/wp-json\/wp\/v2\/comments?post=4662"}],"wp:featuredmedia":[{"embeddable":true,"href":"https:\/\/karmarando.com\/en\/wp-json\/wp\/v2\/media\/4677"}],"wp:attachment":[{"href":"https:\/\/karmarando.com\/en\/wp-json\/wp\/v2\/media?parent=4662"}],"wp:term":[{"taxonomy":"product_brand","embeddable":true,"href":"https:\/\/karmarando.com\/en\/wp-json\/wp\/v2\/product_brand?post=4662"},{"taxonomy":"product_cat","embeddable":true,"href":"https:\/\/karmarando.com\/en\/wp-json\/wp\/v2\/product_cat?post=4662"},{"taxonomy":"product_tag","embeddable":true,"href":"https:\/\/karmarando.com\/en\/wp-json\/wp\/v2\/product_tag?post=4662"}],"curies":[{"name":"wp","href":"https:\/\/api.w.org\/{rel}","templated":true}]}}