{"id":4541,"date":"2022-02-01T00:12:14","date_gmt":"2022-01-31T23:12:14","guid":{"rendered":"https:\/\/www.karmarando.com\/?post_type=product&#038;p=4541"},"modified":"2025-12-04T20:56:20","modified_gmt":"2025-12-04T19:56:20","slug":"radice-doro-di-rodiola-rhodiola-rosea-siberiana-essiccata","status":"publish","type":"product","link":"https:\/\/karmarando.com\/en\/piante-di-potere\/etnobotaniche\/nootropi\/radice-doro-di-rodiola-rhodiola-rosea-siberiana-essiccata\/","title":{"rendered":"Root gold Rodiola Rhodiola Rosea, Siberian Dried \u2013 Whole Root"},"content":{"rendered":"<div class=\"tabbed-content\">\n\t\t\t\n\t\t\t<ul class=\"nav nav-pills nav-uppercase nav-size-small nav-center\" role=\"tablist\"><li id=\"tab-descrizione\" class=\"tab active has-icon\" role=\"presentation\"><a href=\"#tab_descrizione\" role=\"tab\" aria-selected=\"true\" aria-controls=\"tab_descrizione\"><span>Description<\/span><\/a><\/li>\n<li id=\"tab-propriet\u00e0\" class=\"tab has-icon\" role=\"presentation\"><a href=\"#tab_propriet\u00e0\" tabindex=\"-1\" role=\"tab\" aria-selected=\"false\" aria-controls=\"tab_propriet\u00e0\"><span>Property<\/span><\/a><\/li>\n<li id=\"tab-come-si-f\u00e0?\" class=\"tab has-icon\" role=\"presentation\"><a href=\"#tab_come-si-f\u00e0?\" tabindex=\"-1\" role=\"tab\" aria-selected=\"false\" aria-controls=\"tab_come-si-f\u00e0?\"><span>As it gets?<\/span><\/a><\/li>\n<li id=\"tab-disclaimer\" class=\"tab has-icon\" role=\"presentation\"><a href=\"#tab_disclaimer\" tabindex=\"-1\" role=\"tab\" aria-selected=\"false\" aria-controls=\"tab_disclaimer\"><span>DISCLAIMER<\/span><\/a><\/li><\/ul><div class=\"tab-panels\"><div id=\"tab_descrizione\" class=\"panel active entry-content\" role=\"tabpanel\" aria-labelledby=\"tab-descrizione\">\n<h3><strong>Radice di Rodiola Rhodiola Rosea Radice Siberiana<\/strong><\/h3>\n<p>La Rhodiola rosea (conosciuta anche come radice d&#8217;oro, radice rosa) (Rhod\u00edola r\u00f3sea) \u00e8 un&#8217;erba perenne; specie del genere Rhodiola della famiglia delle Crassulaceae. La pianta ha ricevuto il nome di &#8220;radice d&#8217;oro&#8221; dal rizoma, che ha il colore del bronzo o della doratura antica con una lucentezza madreperlacea.<\/p>\n<p>Non a caso ha sentori e aromi di Rosa molto intensi, non a caso veniva usata anticamente anche epr pozioni magche di ogni genere, come del resto con la rosa si fanno colonie e agua florida etc..<\/p>\n<p>Un estratto alcolico di rodiola \u00e8 utilizzato nella medicina scientifica russa come stimolante del sistema nervoso centrale, in condizioni asteniche e nevrasteniche, aumento della fatica, diminuzione delle prestazioni, distonia vegetativa-vascolare, in psichiatria, nelle malattie funzionali del sistema nervoso, nel periodo di riabilitazione dopo malattie somatiche e infettive, nonch\u00e9 in persone praticamente sane con prestazioni ridotte.<\/p>\n<\/div>\n<div id=\"tab_propriet\u00e0\" class=\"panel entry-content\" role=\"tabpanel\" aria-labelledby=\"tab-propriet\u00e0\">\n<h3><strong><\/p>\n<p>Propriet\u00e0 della Radice Rhodiola Rosea:<\/span><\/strong><\/h3>\n<p>Ha una propriet\u00e0 stimolante pronunciata, aumenta l&#8217;efficienza, migliora la memoria e l&#8217;attenzione, normalizza i processi metabolici, migliora il metabolismo energetico nei muscoli e nel cervello. Dopo averlo preso, l&#8217;irritabilit\u00e0 aumentata, il disagio nella regione del cuore scompaiono, il sonno migliora, l&#8217;udito diventa pi\u00f9 acuto.<\/p>\n<p>La rodiola \u00e8 una pianta medicinale con una storia ricca e affascinante; la medicina che da essa si ricava \u00e8 infatti conosciuta da tempi immemori come utile ausilio per rinvigorire la mente e il corpo.<br \/>\nLa parte utilizzata, oggi come allora, \u00e8 la radice, che si presta soprattutto al trattamento dello stress mentale e dell&#8217;affaticamento fisico generalizzato<\/p>\n<p>Studi su organi, tessuti, cellule ed enzimi riportano che l&#8217;estratto di questa pianta ha effetti Benefici, in particolare Neuroprotettivi, Cardioprotettivi, Energizzanti, Antidepressivi, Ansiolitici e Nootropici.<\/p>\n<p>Aiuta il nostro organismo ad affrontare gli stress a cui \u00e8 sottoposto, trasferendogli le sue capacit\u00e0 adattive.<\/p>\n<p><b>Rodiola<\/b> Rosea ha un&#8217;azione immediata sull&#8217;umore. La sensazione di benessere e distensione mentale si avverte generalmente entro 10-15 minuti dall&#8217;assunzione, e dura molte ore.<\/p>\n<li>\n<h4>Per effetto anche dimagrante si arriver\u00e0 a 30 gocce, o decotto come scrito soto,\u00a0 per un effetto equilibrato tonico e adattogeno e curativo andranno bene anche 15\/20 gocce al giorno per un\u00a0 massimo di 3 mesi di ciclo da interrompere per alcuni mesi e se necessario ripetere<\/h4>\n<h4>Come immunostimolante e adattogeno, la <b>rodiola<\/b> si assume in associazione con altre erbe vegetali come l&#8217;echinacea,  zafferano, borragine, valeriana, passiflora e ginkgo. <\/h4>\n<h4>per un effetto equilibrato tonico e adattogeno e curativo andranno bene anche 15\/20 gocce al giorno per un\u00a0 massimo di 3 mesi di ciclo da interrompere per alcuni mesi e se necessario ripetere<\/h4>\n<\/li>\n<h3><strong>Gli effetti va precisato che inizieranno dopo una settimana di uso giornaliero.<\/strong><\/h3>\n<p><strong>In Particolare La Radiola possiede azioni come quella:<\/strong><\/p>\n<p><strong>epatica<\/strong><br \/>\n<strong>Adattogena<\/strong><br \/>\n<strong>Neuroprotettiva<\/strong><br \/>\n<strong>muscolare,<\/strong><br \/>\n<strong>cardiaca,<\/strong><br \/>\n<strong>intellettiva;<\/strong><br \/>\n<strong>favorire il recupero dall&#8217;esaurimento mentale<\/strong><br \/>\n<strong>Lieve effetto antidepressivo<\/strong><br \/>\n<strong>Antiossidante<\/strong><br \/>\n<strong>immunostimolante<\/strong><br \/>\n<strong>Stress ed affaticamento fisico<\/strong><br \/>\n<strong>Dimagrante<\/strong><br \/>\n<strong>Tonico e Nootropico<\/strong><br \/>\n<strong>Ottimizzare le funzioni: epatica, muscolarecardiaca, intellettiva;<\/strong><br \/>\n<strong>Ridurre i sintomi della fatica e favorire il recupero dall&#8217;esaurimento fisico muscolare;<\/strong><br \/>\n<strong>Contrastare i blandi sintomi depressivi associati alla debolezza e all&#8217;estenia<\/strong><br \/>\n<strong>Promuovere l&#8217;attivit\u00e0 cognitiva;<\/strong><br \/>\n<strong>Migliorare le difese antiossidanti;<\/strong><br \/>\n<strong>Riduce la sensazione di fame nervosa<\/strong><\/p>\n<\/div>\n<div id=\"tab_come-si-f\u00e0?\" class=\"panel entry-content\" role=\"tabpanel\" aria-labelledby=\"tab-come-si-f\u00e0?\">\n<h1 class=\"western\"><strong><\/p>\n<p>Applicazioni della Radice della Rhodiola Rosea:<\/span><\/strong><\/h3>\n<h3><strong>Decotto:\u00a0\u00a0\u00a0\u00a0<\/strong><\/h3>\n<h4>3-6 grammi (Fare un t\u00e8 lasciando in infusione per un Ora)<\/h4>\n<h3><strong>Tintura:\u00a0 <\/strong><\/h3>\n<h4><strong>P<\/strong>reparare la tintura madre (50grammi polverizzati richiedono 70ml di alcol 96 gradi e 30ml di acqua ) da tenere chiusi per bene in un vasetto riempito parzialmente per un 80% (lasciando un 20% libero per una possibile pressione) e agitato ogni 2 giorni per 21 o 40 giorni, la differenza ovviamente \u00e8 che 40 giorni otterranno un prodotto pi\u00f9 concentrato<\/h4>\n<h4>a prodotto maturato saranno sufficienti da 6 a 30 gocce dipende da ci\u00f2 che si vuole raggiungere, si consiglia di aumentare piano piano e ogni 3 giorni e arrivati a una settimana si inizieranno a vedere i risultati<\/h4>\n<h4>( In alternativa sappi che lo puoi trovare gi\u00e0 pronto da noi ) basta chiedere contattandoci su whatsapp<\/h4>\n<h4><\/h4>\n<h3><strong>Vaporizzato:<\/strong><\/h3>\n<p>Trinciato fine 2 grammi<\/p>\n<h3><strong>Principi Attivi:<\/strong><\/h3>\n<h4>Alto contenuto di colofonia!!!<\/h4>\n<h4>I composti attivi identificati nella radice di rodiola sono numerosi (circa 140) e includono:<\/h4>\n<h4>Rosavina, Rosarina, Rosina e Ralidroside, salidroside<\/h4>\n<h4>Glicosidi fenolici specie-specifici<br \/>\nAcidi organici (gallico, caffeico e clorogenico)<br \/>\nFlavonoidi<br \/>\nCatechine<br \/>\nProantocianidine<br \/>\nAltri tannini e moltissimi Polifeoli<\/h4>\n<h3><strong>QUANDO EVITARE<\/strong><\/h3>\n<h3>Quando non dev&#8217;essere usata la rodiola?<\/h3>\n<p>L&#8217;utilizzo di rodiola deve essere fatto nelle dosi consigliate sopra con particolare attenzione nelle persone che soffrono spontaneamente di ansia, disturbi o sonno delicato,delicato, irascibilit\u00e0 e nervosismo.<br \/>\nL&#8217;assunzione di rodiola \u00e8 sconsigliata nei soggetti colpiti da ipertensione arteriosa\u00a0 e scompensi cardiaci vari.<\/p>\n<p>La rodiola pu\u00f2 interferire con l&#8217;azione teRap\u00e9utica di: antidepressivi, ansiolitici, barbiturici, diuretici ecc. anche se sono da evitare a priori.<\/p>\n<\/div>\n<div id=\"tab_disclaimer\" class=\"panel entry-content\" role=\"tabpanel\" aria-labelledby=\"tab-disclaimer\">\n<p><strong><span style=\"color: #d83131;\">THE PHOTO IN THE DESCRIPTION IS PURELY INDICATIVE<\/span><\/strong><\/p>\n<p><strong><span style=\"color: #d83131;\">PRODUCTS ARE GUARANTEED FROM KARMARANDO<\/span><\/strong><br \/>\n<strong><span style=\"color: #d83131;\">For the products, PLANTS, INCENSE, AND powders PREPARED AT the MOMENT not possible to be made RETURNS or REFUNDS<\/span><\/strong><\/p>\n<p>The <strong>terms used<\/strong> in the categories and the tags do not want to suggest to the medicinal use and recreational products, just sort them according to their use of historic, scientific and social.<\/p>\n<p><strong>The recipes are provided as a scientific<\/strong>they don&#039;t want to encourage customers to repeat them, nor to consume the products.<\/p>\n<p><strong>Our content<\/strong> have not been evaluated by the FDA or by any figure of the medical profession: the possible applications, indications, dosing and warnings are described for educational purposes only, speculations and personal, and do not constitute medical advice.<\/p>\n<p><strong>The products are sold<\/strong> as incense, Soaps, Resins and botanical collection, and material scientific research.<\/p>\n<p><span style=\"color: #ed1c24; font-size: 115%;\"><strong>They are not intended for human consumption.<br \/>\nTo be able to buy our products you must be over 18 years of age and are not suitable for women who are pregnant and\/or breastfeeding women.<\/strong><\/span><\/p>\n<p>To get more information on <strong>KARMARANDO<\/strong> visit <a href=\"https:\/\/www.instagram.com\/karmarando1\/\" target=\"_blank\" rel=\"noopener\"><br \/>\n<span style=\"color: #0000ff;\"><strong>this page<\/strong><\/span><\/a> or read the latest news on <a href=\"https:\/\/karmarando.com\/en\/blog\/\" target=\"_blank\" rel=\"nofollow noopener\"><strong><span style=\"color: #0000ff;\">BLOG<\/span><\/strong><\/a><\/p>\n<\/div><\/div><\/div>","protected":false},"excerpt":{"rendered":"<p>Root gold Rodiola Rhodiola Rosea, Siberian Dried \u2013 Whole Root<\/p>","protected":false},"featured_media":6056,"comment_status":"open","ping_status":"closed","template":"","meta":[],"product_brand":[468],"product_cat":[200,212,199],"product_tag":[2529,936],"class_list":{"0":"post-4541","1":"product","2":"type-product","3":"status-publish","4":"has-post-thumbnail","6":"product_brand-karmarando","7":"product_cat-etnobotaniche","8":"product_cat-nootropi","9":"product_cat-piante-di-potere","10":"product_tag-radice","11":"product_tag-rodiola","12":"pa_brand-karmarando","13":"pa_ean-1234","14":"pa_formato-radice-intera","15":"pa_ingredienti-radice-di-rodiola","16":"pa_paese-di-fabbricazione-russia","17":"pa_paese-di-fabbricazione-siberia","18":"pa_unita-di-misura-10-g","19":"pa_unita-di-misura-100-g","20":"pa_unita-di-misura-1000-g","21":"pa_unita-di-misura-25-g","22":"pa_unita-di-misura-250-g","23":"pa_unita-di-misura-50-g","24":"pa_unita-di-misura-500-g","26":"first","27":"instock","28":"shipping-taxable","29":"purchasable","30":"product-type-variable"},"_links":{"self":[{"href":"https:\/\/karmarando.com\/en\/wp-json\/wp\/v2\/product\/4541","targetHints":{"allow":["GET"]}}],"collection":[{"href":"https:\/\/karmarando.com\/en\/wp-json\/wp\/v2\/product"}],"about":[{"href":"https:\/\/karmarando.com\/en\/wp-json\/wp\/v2\/types\/product"}],"replies":[{"embeddable":true,"href":"https:\/\/karmarando.com\/en\/wp-json\/wp\/v2\/comments?post=4541"}],"wp:featuredmedia":[{"embeddable":true,"href":"https:\/\/karmarando.com\/en\/wp-json\/wp\/v2\/media\/6056"}],"wp:attachment":[{"href":"https:\/\/karmarando.com\/en\/wp-json\/wp\/v2\/media?parent=4541"}],"wp:term":[{"taxonomy":"product_brand","embeddable":true,"href":"https:\/\/karmarando.com\/en\/wp-json\/wp\/v2\/product_brand?post=4541"},{"taxonomy":"product_cat","embeddable":true,"href":"https:\/\/karmarando.com\/en\/wp-json\/wp\/v2\/product_cat?post=4541"},{"taxonomy":"product_tag","embeddable":true,"href":"https:\/\/karmarando.com\/en\/wp-json\/wp\/v2\/product_tag?post=4541"}],"curies":[{"name":"wp","href":"https:\/\/api.w.org\/{rel}","templated":true}]}}