{"id":4499,"date":"2022-01-31T12:58:41","date_gmt":"2022-01-31T11:58:41","guid":{"rendered":"https:\/\/www.karmarando.com\/?post_type=product&#038;p=4499"},"modified":"2025-12-07T14:04:14","modified_gmt":"2025-12-07T13:04:14","slug":"chacruna-psychotria-viridis","status":"publish","type":"product","link":"https:\/\/karmarando.com\/en\/piante-di-potere\/etnobotaniche\/erbe-del-sogno-oneirogeni\/chacruna-psychotria-viridis\/","title":{"rendered":"Chacruna (Psychotria viridis)"},"content":{"rendered":"<div class=\"tabbed-content\">\n\t\t\t\n\t\t\t<ul class=\"nav nav-pills nav-uppercase nav-size-small nav-center\" role=\"tablist\"><li id=\"tab-descrizione\" class=\"tab active has-icon\" role=\"presentation\"><a href=\"#tab_descrizione\" role=\"tab\" aria-selected=\"true\" aria-controls=\"tab_descrizione\"><span>Description<\/span><\/a><\/li>\n<li id=\"tab-propriet\u00e0\" class=\"tab has-icon\" role=\"presentation\"><a href=\"#tab_propriet\u00e0\" tabindex=\"-1\" role=\"tab\" aria-selected=\"false\" aria-controls=\"tab_propriet\u00e0\"><span>Property<\/span><\/a><\/li>\n<li id=\"tab-come-si-f\u00e0?\" class=\"tab has-icon\" role=\"presentation\"><a href=\"#tab_come-si-f\u00e0?\" tabindex=\"-1\" role=\"tab\" aria-selected=\"false\" aria-controls=\"tab_come-si-f\u00e0?\"><span>As it gets?<\/span><\/a><\/li>\n<li id=\"tab-disclaimer\" class=\"tab has-icon\" role=\"presentation\"><a href=\"#tab_disclaimer\" tabindex=\"-1\" role=\"tab\" aria-selected=\"false\" aria-controls=\"tab_disclaimer\"><span>DISCLAIMER<\/span><\/a><\/li><\/ul><div class=\"tab-panels\"><div id=\"tab_descrizione\" class=\"panel active entry-content\" role=\"tabpanel\" aria-labelledby=\"tab-descrizione\">\n<h3><strong>Chacruna (Psychotria viridis)<\/strong><\/h3>\n<p><strong>Cose&#8217; e a cosa serve:<\/strong> Chacruna \u00c8 una specie nota nell&#8217;ambiente sciamanico soprattutto per il suo utilizzo nella medicina tradizionale Amazzonica come ingrediente indispensabile\u00a0 (assieme a Chaliponga) per avere visoni piu accese, che assieme a la ruta siriana\u00a0 (Mimosa Hostilis)\u00a0 fungono da Imao, tenendo per\u00f2 conto che \u00e8 la prima la piu adatta per\u00a0 preparazione della Ayahuasca Chacruna, Un Composto vegetale preparato dagli sciamani dei popoli amazzonici e andini, usato come principio enteogeno per i riti di visione e di comunicazione con il divino. Chacruna Ha molte denominazioni locali, tra le quali chacruna\u00a0o\u00a0chacrona (dalla lingua quechua\u00a0chaqry= mescolare)..Uno dei principi attivi presenti dentro la Chacruna \u00e8 la\u00a0DMT\u00a0(dimetiltriptamina) presente naturalemente nel nostro corpo secretata da pineale e kundalini e da molte altre ghiandole, in particolare alla nascita e alla morte, e come principio indispensabile facente parte del timo, responsabile dell&#8217;immortalit\u00e0. La DMT \u00e8 una sostanza che attiva la funzione del neurotrasmettitore serotonina, importante per la regolazione dell\u2019umore. La liana Banisteriopsis Caapi, invece,\u00a0 inibisce l&#8217;enzima che degrada questa sostanza permettendo al principio attivo, quindi alla DMT di lavorare. Alcuni popoli raccontano che la sua origine \u00e8 Magica:\u00a0si narra che la liana era un uomo del cielo e la chacruna, una donna bellissima della terra. Si sposarono e alla morte fecero il giuramento che insieme avrebbero aiutano l&#8217;essere umano attraverso l&#8217;insegnamento e la guarigione. Dalla tomba dell&#8217;uomo nacque la liana Banisteriopsis Caapi e dalla tomba\u00a0della moglie la Chacruna. Ecco perch\u00e8 si ritiene che durante i rituali, la Liana rappresenti la FORZA,\u00a0mentre la Chacruna la VISIONE. <\/div>\n<div id=\"tab_propriet\u00e0\" class=\"panel entry-content\" role=\"tabpanel\" aria-labelledby=\"tab-propriet\u00e0\">\n<ul>\n<li><strong>Depura e Disintossica :<\/strong> Effetto SuperDetox Vero! Potente in grado di purificare l\u2019organismo cn una sensazione anche per 6 mesi dopo l\u2019assunzione<\/li>\n<li><strong>Purificazione Interiore di Anima: <\/strong>Ci si sentir\u00e0 leggeri e rinnovati con grande stupore e sensazioni di purezza dell&#8217;anima che ci accompagner\u00e0 per un mese in maniera molto persistente ma anche per sempre nel senso d&#8217;intimit\u00e0 e di rinascita che che innescher\u00e0 il cambiamento chiave della nostra vita, questo processo soprattutto per i primi due anni potr\u00e0 essere ripetuto una volta al mese.<\/li>\n<li><strong>Migliora l\u2019umore:<\/strong> Effetto marcato su umore ed emozioni, sarebbe dunque in grado di risolvere disturbi come ansia e depressione.<\/li>\n<li><strong>Vedrai le cose dal giusto senso della Vita: <\/strong>Ti far\u00e0 piangere e ti far\u00e0 ridere. Risoluzione dei disturbi della sfera emotiva e dell\u2019umore, maggior consapevolezza, ritrovare il senso della propria vita, sperimentare una forte connessione con il mondo naturale e con quello della spiritualit\u00e0 appartenente a noi e all&#8217;anima.<\/li>\n<li><strong>Aumenta la creativit\u00e0 e ricominciare a Sognare e vivere davvero:<\/strong> Persone che lavorano grazie alle proprie doti creative (scrittori, musicisti, ecc.) ottengono benefici dopo aver assunto la bevanda.<\/li>\n<li><strong>Anticancerogena:<\/strong> i principi attivi presenti nelle piante che si utilizzano per realizzare l\u2019Ayahuasca potrebbero avere doti antitumorali. Un Recente Studio a riguardo del 2013 \u00e8 opera dell\u2019Universit\u00e0 Federale di Sao Paulo, in Brasile.<\/li>\n<li><strong>Visionistica ed Ancestrale<\/strong>:\u00a0 Oltre ad assistere a formazione di forme geometriche e visioni di colori brillanti e bagliori provenienti dalla nostra aurea circostanti,\u00a0 permetter\u00e0 di entrare nella dimensione sogno detta mondo parallelo o\u00a0 dimensioni spirituali che cambieranno per sempre la nostra vita, tant \u00e8 vero che \u00e8 lei stessa che ci chiama nel momento che siamo pronti.<\/li>\n<li><strong>Per il trattamento delle dipendenze:<\/strong> Come specificato dagli studi scritti sotto \u00e8 perfetta per eliminare dipendenze da droga, alcool, tabagismo o farmaci se c\u00e8 davvero una forza di volont\u00e0 in atto da parte Vostra. Lei ci mostra e ci insegna in maniera indelebile, ma il restante lavoro spetta a noi.<\/li>\n<\/ul>\n<\/div>\n<div id=\"tab_come-si-f\u00e0?\" class=\"panel entry-content\" role=\"tabpanel\" aria-labelledby=\"tab-come-si-f\u00e0?\"> <strong>NOTA A PARTE DA SOTTOLINEARE<\/strong> <strong>EFFETTO EMETICO potente Magico del Vomito e della Diarrea che \u00e8 un Godimento con l&#8217;Ayahuasca: Il Vomito nel processo di Espansione della Coscienza e Conoscenza e Liberazione da tutto ci\u00f2 che ci appesantisce come una zavorra e ci impedisce di vivere davvero, appunto per quello che \u00e8 necessario espellerlo..<\/strong> <strong>IL VOMITO IN CERIMONIA DI AYAHUASCA O DI Rap\u00e9 O DI YOPO E DI TUTTE LE PIANTE SIMILI COME RUTA SIRIANA E MIMOSA COME ATTO DI LIBERAZIONE NECESSARIA.<\/strong> <strong>Il vomito<\/strong> che si verifica durante l\u2019assunzione di <strong>Ayahuasca<\/strong> \u00e8 il risultato dell\u2019espulsione di energia pesante che ostacola la libera espressione del nostro essere, ci\u00f2 include le emozioni trattenute, i blocchi, i traumi, i condizionamenti, le vecchie identificazioni\u2026 cio\u00e8, ci\u00f2 che viene vomitato \u00e8 sempre qualcosa di nostro rimasto bloccato, che tramite il vomito viene liberato ed eliminato definitivamente. Non si vomita in qualsiasi momento ALMENO CHE CI SONO IN ATTO MALATTIE COME DIABETE O MALATTIE IMMUNOLOGICHE)\u00a0 ma proprio nel momento in cui, durante la cerimonia, arriva la comprensione del blocco (SPESSO QUESTO MOMENTO ARRIVA ASSIEME A TUTTI GLI ALTRI PARTECIPANTI E AVVIENE IN 2\/3 TRANCE). La maggioranza vomitano circa 3 volte ed \u00e8 nella terza che avviene la pace e liberazione. Una volta vomitato quando si rilascia il condizionamento acquisito dal passato; \u00e8 un qualcosa caricato con una forza simbolica profondamente curativa. Tuttavia la guarigione definitiva avviene attraverso la consapevolezza La caratteristica che innesca <strong>il vomito<\/strong> ha un nome ed \u00e8 Emetico \u00c8 un vomito liberatorio che non provoca disagio come quando si \u00e8 ubriachi o sei ammalato, ma al contrario,\u00a0 produce sollievo e lascia uno stato di pace profonda; a seguito di una scansione che l\u2019Ayahuasca esegue in tutto il corpo, si liberano ed espellono tossine che vengono eliminate dal corpo con forza, poich\u00e9 l\u2019Ayahuasca \u00e8 molto curativa e purgativa, a livello fisico, e purifica anche il sangue. Il classico vomito \u00e8 davvero Magico, quello dell&#8217;ayahausca in particolare suona come un BLop..che esce in maniera sorprendententemente Magica senza nessun fastidio ed \u00e8 immediata la senzazione di liberazione.<br \/>Vengono vomitate le aderenze, le conseguenze fisiche delle nostre emozioni accumulate nel corpo, rabbia contenuta, senso di colpa radicato, incomprensioni \u2026 sono vomiti energetici che a volte aprono l\u2019intero canale dei chakra che dal terzo occhio che porta l\u2019aumento delle visioni reali e simbologiche significative e apertura conseguente del cuore e innesco e salita della Kundalini.<br \/><strong>L\u2019Ayahuasca<\/strong> anche con il vomito insegna a perdonare s\u00e9 stessi e gli altri e porta armonia, pace e amore incondizionato.<br \/>Dona benessere in s\u00e9 stessi, fisicamente, emozionalmente e aiuta a comprendere i reali meccanismi della mente decondizionando false credenze.<br \/>Genera un senso di pace e comunione con il tutto che ci circonda.Ripulisce anche le pareti dell\u2019intestino perch\u00e9 la pulizia avviene anche dal basso, cio\u00e8 defecando (in cerimonia si va spesso in bagno) e lascia il corpo in armonioso equilibrio.\u00c8 importante chiarire che il vomito non si verifica, come tanti credono, perch\u00e9 <strong>l\u2019Ayahuasca<\/strong> sia tossica, ma tutt\u2019altro. E\u2019 stato scientificamente provato dagli studi del <strong>Dr. Jordi<\/strong> Riba presso la <strong>clinica di Sant Pau (Barcellona)<\/strong> che <strong>l\u2019Ayahuasca<\/strong> non contiene alcun elemento tossico che danneggi la salute fisica.<\/p>\n<h3><strong>EFFETTI:\u00a0<\/strong><\/h3>\n<p><strong>La durata<\/strong> della cerimonia di Ayahausca di questa composizione sacra fatta apposta per noi, \u00e8 fra le <strong>6 e 8 ore.<\/strong> L&#8217;Ayahuasca non \u00e8 un narcotico, infatti principalmente produce DMT che \u00e8 la medesima sostanza prodotta nel cervello umano, pi\u00f9 precisamente dalla lusca ghiandola appartenente alla kundalini (cio\u00e8\u00a0 due serpenti rappresentati nel Caduceo nel simbolo delle farmacie, che sarebbe il DNA assieme a tutta la simbologia) e dalla ghiandola pineale (che non ha bisogno di presentazioni). Ogni notte, durante la <a title=\"Rapid eye movement\" href=\"https:\/\/it.wikipedia.org\/wiki\/Rapid_eye_movement\" target=\"_blank\" rel=\"noopener\">fase REM<\/a> del sonno, e nella nascita fino e per le restanti 24 ore dopo il decesso.<sup id=\"cite_ref-Ott_15-1\" class=\"reference\"><\/sup> <strong>Terence McKenna<\/strong> sostenne che la\u00a0\u00a0<strong>dimetiltriptamina non sia una molecola <\/strong>pericolosa per la salute, a meno che uno non muoia dallo stupore. oppure vieen mischiata con altri componenti nelle precedenti 24 ore. Effettivamente, non ci sono ad oggi prove di danni fisici causati da questa sostanza. Ma ci\u00f2 che davvero \u00e8 determinante, \u00e8 che vienga usata solo per scopi sacri e di guarigione di spirito e anima e di cosneguenza di tutto ci\u00f2 che comprende la psicosomatica, nel rispetto di questa pianta sacra di potere. Ci\u00f2 che pu\u00f2 indurre l&#8217;ayahuasca \u00e8 molto complesso e varia ida persona a persona ma come accennato sopra, porta a rompere per sempre con le idee radicate dentro di noi, che sono la causa nociva emozionale e psicosomatica infantile da cui tutto dipende. Le visioni sono soprattutto la prima mezzora e sono necessarie per separare il mondo che chiamiamo reale, cosi da poter entrare nel mondo che chiamiamo sogno. Ed \u00e8 proprio li che avverr\u00e0 il processo di cura. E&#8217; li che avremo al guarigione di rancori e nervoso arretrato proveniente da soffrimenti infantili che tutti sottostiamo come sfida da sostenere che c viene tramandata dai nostri genitori e antenati. Proprio per questo che l&#8217;Ayahausca viene chiamata maestra e anziana Abuelita, perch\u00e8 \u00e8 proprio lei che ci insegna e ci permette di visualizzare come \u00e8 tutto distorto ci\u00f2 che conoscevamo prima di allora. Ci permette inoltre di liberarci da dogmi, da false credenze e scorretti comportamenti sia nei nostri che nei confronti degli altri, che a lungo andare stavano diventando distruttivi. Tutte queste sottigliezze, sono la causa di tutti i nostri malanni e cattivi pensieri.<\/p>\n<h3><strong>STUDI da Segnalare (ma non i soli)<\/strong><\/h3>\n<p>Numerosi studi attualmente riportano che l&#8217;ayahuasca \u00e8 un valido supporto al trattamento delle dipendenze da sostanze stupefacenti nella riduzione dei sintomi, nel miglioramento della condizione generale e nella cessazione d&#8217;utilizzo della sostanza d&#8217;abuso.Nel 2014 tredici terapisti operanti nel settore delle dipendenze da sostanze stupefacenti accettarono assieme ai loro pazienti di partecipare a un esperimento in cui si supportava la terapia con l&#8217;ayahuasca, lo studio riporta miglioramenti della condizione di tutti i pazienti.<\/p>\n<ul>\n<li>Uno <strong>studio psichiatrico<\/strong> del 2018 su 1947 persone membri dell&#8217; <strong>Uni\u00e3o do Vegetal<\/strong> ha constatato una riduzione nel consumo di alcol e tabagismo da parte dei membri da quando hanno preso parte alle Cerimonie. Un altro studio sui membri del Santo Daime ha riportato una riduzione dei sintomi dei disturbi d&#8217;ansia a seguito del periodo d&#8217;assunzione dell&#8217;infuso. Nel 2018 quaranta dipendenti da <strong>C***K<\/strong> hanno assunto <strong>Ayahuasca<\/strong> nel corso di uno studio scientifico riportando una riduzione dei sintomi e generali miglioramenti a seguito della terapia.\u00a0In uno studio condotto all&#8217;interno di un gruppo di praticanti della religione brasiliana\u00a0<i>Uni\u00e3o do Vegetal<\/i> l&#8217;ayahuasca si \u00e8 mostrata efficace nel trattamento dell&#8217; <strong>Alcolismo<\/strong> e della dipendenza indotta dall&#8217;abuso di <strong>sostanze stupefacenti.<\/strong><\/li>\n<li>E&#8217; stato suggerito che l&#8217;ayahuasca possa essere utile per il trattamento dei disturbi mentali nei quali si sospetta un deficit del metabolismo della Seretonina quali <strong>Depressione, autismo, schizofrenia, sindrome\u00a0 da deficit di attenzione e iperattivit\u00e0<\/strong>. L&#8217;armina possiede propriet\u00e0 anti-parassitarie che potrebbero farne ipotizzare l&#8217;uso nella profilassi della malaria e di varie altre parassitosi.<\/li>\n<li>Inoltre per il <strong>cancro\u00a0al seno<\/strong>\u00a0alla prostata, al cervello, alle ovaie, all\u2019utero, allo stomaco e al colon. Diverse persone hanno scelto questo percorso teRap\u00e9utico per curare il cancro nelle sue diverse forme ed hanno testimoniato di essere guarite grazie all\u2019ayahuasca. Per questo, la comunit\u00e0 scientifica ha iniziato ad\u00a0<strong>interessarsi allo studio dell\u2019efficacia di questa bevanda medicinale secondo parametri medici e farmacologici<\/strong>. Un interessante Studio su questo aspetto \u00e8 stato pubblicato nel 2013 dal giovane ricercatore <strong>Eduardo Schenberg<\/strong>, dell\u2019Universit\u00e0 Federale di Sao Paulo, in Brasile.<\/li>\n<\/ul>\n<\/div>\n<div id=\"tab_disclaimer\" class=\"panel entry-content\" role=\"tabpanel\" aria-labelledby=\"tab-disclaimer\">\n<p><strong><span style=\"color: #d83131;\">THE PHOTO IN THE DESCRIPTION IS PURELY INDICATIVE<\/span><\/strong><\/p>\n<p><strong><span style=\"color: #d83131;\">PRODUCTS ARE GUARANTEED FROM KARMARANDO<\/span><\/strong><br \/><strong><span style=\"color: #d83131;\">For the products, PLANTS, INCENSE, AND powders PREPARED AT the MOMENT not possible to be made RETURNS or REFUNDS<\/span><\/strong><\/p>\n<p>The <strong>terms used<\/strong> in the categories and the tags do not want to suggest to the medicinal use and recreational products, just sort them according to their use of historic, scientific and social.<\/p>\n<p><strong>The recipes are provided as a scientific<\/strong>they don&#039;t want to encourage customers to repeat them, nor to consume the products.<\/p>\n<p><strong>Our content<\/strong> have not been evaluated by the FDA or by any figure of the medical profession: the possible applications, indications, dosing and warnings are described for educational purposes only, speculations and personal, and do not constitute medical advice.<\/p>\n<p><strong>The products are sold<\/strong> as incense, Soaps, Resins and botanical collection, and material scientific research.<\/p>\n<p><span style=\"color: #ed1c24; font-size: 115%;\"><strong>They are not intended for human consumption.<br \/>To be able to buy our products you must be over 18 years of age and are not suitable for women who are pregnant and\/or breastfeeding women.<\/strong><\/span><\/p>\n<p>To get more information on <strong>KARMARANDO<\/strong> visit <a href=\"https:\/\/www.instagram.com\/karmarando1\/\" target=\"_blank\" rel=\"noopener\"><br \/><span style=\"color: #0000ff;\"><strong>this page<\/strong><\/span><\/a> or read the latest news on <a href=\"https:\/\/karmarando.com\/en\/blog\/\" target=\"_blank\" rel=\"nofollow noopener\"><strong><span style=\"color: #0000ff;\">BLOG<\/span><\/strong><\/a><\/p>\n<\/div><\/div><\/div>","protected":false},"excerpt":{"rendered":"<p>Chacruna (Psychotria viridis)<\/p>","protected":false},"featured_media":4481,"comment_status":"open","ping_status":"closed","template":"","meta":[],"product_brand":[468],"product_cat":[201,210,200,199,211],"product_tag":[728],"class_list":{"0":"post-4499","1":"product","2":"type-product","3":"status-publish","4":"has-post-thumbnail","6":"product_brand-karmarando","7":"product_cat-caapi-aya-e-microdosi","8":"product_cat-erbe-del-sogno-oneirogeni","9":"product_cat-etnobotaniche","10":"product_cat-piante-di-potere","11":"product_cat-visionistiche","12":"product_tag-pasta-nera-chacruna-banisteriopsis-caapi","13":"pa_brand-karmarando","14":"pa_ean-1236","15":"pa_formato-foglie-intere","16":"pa_formato-polvere","17":"pa_ingredienti-dmt","18":"pa_paese-di-fabbricazione-amzonia","19":"pa_paese-di-fabbricazione-india","20":"pa_paese-di-fabbricazione-peru","21":"pa_paese-di-fabbricazione-sardegna","22":"pa_paese-di-fabbricazione-sicilia","23":"pa_unita-di-misura-250-g","24":"pa_unita-di-misura-50-g","26":"first","27":"instock","28":"sale","29":"shipping-taxable","30":"purchasable","31":"product-type-variable"},"_links":{"self":[{"href":"https:\/\/karmarando.com\/en\/wp-json\/wp\/v2\/product\/4499","targetHints":{"allow":["GET"]}}],"collection":[{"href":"https:\/\/karmarando.com\/en\/wp-json\/wp\/v2\/product"}],"about":[{"href":"https:\/\/karmarando.com\/en\/wp-json\/wp\/v2\/types\/product"}],"replies":[{"embeddable":true,"href":"https:\/\/karmarando.com\/en\/wp-json\/wp\/v2\/comments?post=4499"}],"wp:featuredmedia":[{"embeddable":true,"href":"https:\/\/karmarando.com\/en\/wp-json\/wp\/v2\/media\/4481"}],"wp:attachment":[{"href":"https:\/\/karmarando.com\/en\/wp-json\/wp\/v2\/media?parent=4499"}],"wp:term":[{"taxonomy":"product_brand","embeddable":true,"href":"https:\/\/karmarando.com\/en\/wp-json\/wp\/v2\/product_brand?post=4499"},{"taxonomy":"product_cat","embeddable":true,"href":"https:\/\/karmarando.com\/en\/wp-json\/wp\/v2\/product_cat?post=4499"},{"taxonomy":"product_tag","embeddable":true,"href":"https:\/\/karmarando.com\/en\/wp-json\/wp\/v2\/product_tag?post=4499"}],"curies":[{"name":"wp","href":"https:\/\/api.w.org\/{rel}","templated":true}]}}