{"id":4214,"date":"2022-01-14T00:07:19","date_gmt":"2022-01-13T23:07:19","guid":{"rendered":"https:\/\/www.karmarando.com\/senza-categoria\/sonaglio-rainstick-shaman-in-bamboo-fatto-a-mano-con-rune-norreniche-loki\/"},"modified":"2025-12-04T13:51:11","modified_gmt":"2025-12-04T12:51:11","slug":"sonaglio-rainstick-shaman","status":"publish","type":"product","link":"https:\/\/karmarando.com\/en\/strumenti-e-gadget\/arte-artigianale-sciamanica\/strumenti-musicali\/sonagli\/sonaglio-rainstick-shaman\/","title":{"rendered":"Rattle RainStick Shaman in Bamboo, Hand-Made with Runes Norreniche Loki"},"content":{"rendered":"<div class=\"tabbed-content\">\n\t\t\t\n\t\t\t<ul class=\"nav nav-pills nav-uppercase nav-size-small nav-center\" role=\"tablist\"><li id=\"tab-descrizione\" class=\"tab active has-icon\" role=\"presentation\"><a href=\"#tab_descrizione\" role=\"tab\" aria-selected=\"true\" aria-controls=\"tab_descrizione\"><span>Description<\/span><\/a><\/li>\n<li id=\"tab-disclaimer\" class=\"tab has-icon\" role=\"presentation\"><a href=\"#tab_disclaimer\" tabindex=\"-1\" role=\"tab\" aria-selected=\"false\" aria-controls=\"tab_disclaimer\"><span>DISCLAIMER<\/span><\/a><\/li><\/ul><div class=\"tab-panels\"><div id=\"tab_descrizione\" class=\"panel active entry-content\" role=\"tabpanel\" aria-labelledby=\"tab-descrizione\">\n<h3 style=\"line-height: 30px;\"><span style=\"font-family: Arial, Helvetica, sans-serif;\"><span style=\"font-size: 24px;\">Rattle RainStick Shaman in Bamboo, Hand-Made with Runes Norreniche Loki<\/span><\/span><\/h3>\n<p><span style=\"font-family: Arial, Helvetica, sans-serif;\"><span style=\"font-size: 16.38px;\">Rattle RainStick Shaman in Bamboo, Hand-Made with Runes Norreniche Loki<\/span><\/span><\/p>\n<p>Fatto a mano da David laufeyson &amp; Michael Scorpions. <span style=\"font-size: 14px;\">This <\/span><b>Sonaglio RainStick<\/b><span style=\"font-size: 24px;\">\u00a0<\/span><span style=\"font-size: 14px;\">\u00e8 fatto di bamb\u00f9. <\/span>Marchiato e disegnato e Decorato e fatto a mano con Fuoco Alchemico con Rune Sacra primordiale Norreniche. Materiali di Alta qualit\u00e0 per un Sound Magico Guaritivo<\/p>\n<p><strong>Poich\u00e9 \u00e8 fatto a mano, ogni Oggetto sar\u00e0 leggermente diverso l\u2019uno dall\u2019altro. Le foto sono illustrative, stai acquistando opere d\u2019arte individuali fatte per te.<\/strong><\/p>\n<p>I sonagli sono molto intuitivi e semplici da suonare e creare melodie, senza la necessit\u00e0 di teoria musicale.Con la pratica e alcuni trucchi impariamo rapidamente. Ideale durante Rap\u00e9 e medicine sciamaniche della Selva e cerimonie Per ulteriori informazioni, non esitate a contattarci.<\/p>\n<\/div>\n<div id=\"tab_disclaimer\" class=\"panel entry-content\" role=\"tabpanel\" aria-labelledby=\"tab-disclaimer\">\n<p><strong><span style=\"color: #d83131;\">THE PHOTO IN THE DESCRIPTION IS PURELY INDICATIVE<\/span><\/strong><\/p>\n<p><strong><span style=\"color: #d83131;\">PRODUCTS ARE GUARANTEED FROM KARMARANDO<\/span><\/strong><br \/>\n<strong><span style=\"color: #d83131;\">For the products, PLANTS, INCENSE, AND powders PREPARED AT the MOMENT not possible to be made RETURNS or REFUNDS<\/span><\/strong><\/p>\n<p>The <strong>terms used<\/strong> in the categories and the tags do not want to suggest to the medicinal use and recreational products, just sort them according to their use of historic, scientific and social.<\/p>\n<p><strong>The recipes are provided as a scientific<\/strong>they don&#039;t want to encourage customers to repeat them, nor to consume the products.<\/p>\n<p><strong>Our content<\/strong> have not been evaluated by the FDA or by any figure of the medical profession: the possible applications, indications, dosing and warnings are described for educational purposes only, speculations and personal, and do not constitute medical advice.<\/p>\n<p><strong>The products are sold<\/strong> as incense, Soaps, Resins and botanical collection, and material scientific research.<\/p>\n<p><span style=\"color: #ed1c24; font-size: 115%;\"><strong>They are not intended for human consumption.<br \/>\nTo be able to buy our products you must be over 18 years of age and are not suitable for women who are pregnant and\/or breastfeeding women.<\/strong><\/span><\/p>\n<p>To get more information on <strong>KARMARANDO<\/strong> visit <a href=\"https:\/\/www.instagram.com\/karmarando1\/\" target=\"_blank\" rel=\"noopener\"><br \/>\n<span style=\"color: #0000ff;\"><strong>this page<\/strong><\/span><\/a> or read the latest news on <a href=\"https:\/\/karmarando.com\/en\/blog\/\" target=\"_blank\" rel=\"nofollow noopener\"><strong><span style=\"color: #0000ff;\">BLOG<\/span><\/strong><\/a><\/p>\n<\/div><\/div><\/div>","protected":false},"excerpt":{"rendered":"<p>Rattle RainStick Shaman in Bamboo, Hand-Made with Runes Norreniche Loki<\/p>","protected":false},"featured_media":4215,"comment_status":"open","ping_status":"closed","template":"","meta":[],"product_brand":[468],"product_cat":[241,574,239,571],"product_tag":[629],"class_list":{"0":"post-4214","1":"product","2":"type-product","3":"status-publish","4":"has-post-thumbnail","6":"product_brand-karmarando","7":"product_cat-arte-artigianale-sciamanica","8":"product_cat-sonagli","9":"product_cat-strumenti-e-gadget","10":"product_cat-strumenti-musicali","11":"product_tag-sonaglio-rainstick-shaman","12":"pa_brand-karmarando","13":"pa_ean-1248","14":"pa_materiale-bamboo","15":"pa_paese-di-fabbricazione-italia","17":"first","18":"instock","19":"shipping-taxable","20":"purchasable","21":"product-type-simple"},"_links":{"self":[{"href":"https:\/\/karmarando.com\/en\/wp-json\/wp\/v2\/product\/4214","targetHints":{"allow":["GET"]}}],"collection":[{"href":"https:\/\/karmarando.com\/en\/wp-json\/wp\/v2\/product"}],"about":[{"href":"https:\/\/karmarando.com\/en\/wp-json\/wp\/v2\/types\/product"}],"replies":[{"embeddable":true,"href":"https:\/\/karmarando.com\/en\/wp-json\/wp\/v2\/comments?post=4214"}],"wp:featuredmedia":[{"embeddable":true,"href":"https:\/\/karmarando.com\/en\/wp-json\/wp\/v2\/media\/4215"}],"wp:attachment":[{"href":"https:\/\/karmarando.com\/en\/wp-json\/wp\/v2\/media?parent=4214"}],"wp:term":[{"taxonomy":"product_brand","embeddable":true,"href":"https:\/\/karmarando.com\/en\/wp-json\/wp\/v2\/product_brand?post=4214"},{"taxonomy":"product_cat","embeddable":true,"href":"https:\/\/karmarando.com\/en\/wp-json\/wp\/v2\/product_cat?post=4214"},{"taxonomy":"product_tag","embeddable":true,"href":"https:\/\/karmarando.com\/en\/wp-json\/wp\/v2\/product_tag?post=4214"}],"curies":[{"name":"wp","href":"https:\/\/api.w.org\/{rel}","templated":true}]}}