{"id":4153,"date":"2022-01-11T17:48:47","date_gmt":"2022-01-11T16:48:47","guid":{"rendered":"https:\/\/www.karmarando.com\/senza-categoria\/flauto-siyotanka-baby-rainbow-homemade-nativo-sciamanico-pentagonale-suono-anima\/"},"modified":"2025-12-04T13:53:12","modified_gmt":"2025-12-04T12:53:12","slug":"flauto-siyotanka-baby-rainbow","status":"publish","type":"product","link":"https:\/\/karmarando.com\/en\/strumenti-e-gadget\/arte-artigianale-sciamanica\/strumenti-musicali\/flauti\/flauto-siyotanka-baby-rainbow\/","title":{"rendered":"Flute Siyotanka Baby Rainbow"},"content":{"rendered":"<div class=\"tabbed-content\">\n\t\t\t\n\t\t\t<ul class=\"nav nav-pills nav-uppercase nav-size-small nav-center\" role=\"tablist\"><li id=\"tab-descrizione\" class=\"tab active has-icon\" role=\"presentation\"><a href=\"#tab_descrizione\" role=\"tab\" aria-selected=\"true\" aria-controls=\"tab_descrizione\"><span>Description<\/span><\/a><\/li>\n<li id=\"tab-disclaimer\" class=\"tab has-icon\" role=\"presentation\"><a href=\"#tab_disclaimer\" tabindex=\"-1\" role=\"tab\" aria-selected=\"false\" aria-controls=\"tab_disclaimer\"><span>DISCLAIMER<\/span><\/a><\/li><\/ul><div class=\"tab-panels\"><div id=\"tab_descrizione\" class=\"panel active entry-content\" role=\"tabpanel\" aria-labelledby=\"tab-descrizione\">\n<h3>Flauto Siyotanka Baby Rainbow Homemade Nativo Sciamanico Pentagonale Suono Anima<\/h3>\n<p>Flauto nativo americano Siyotanka &#8220;Baby Rainbow&#8221; in bamb\u00f9.<br \/>\n<strong>Fatto a mano da Davide laufeyson &amp; Michael Scorpions<\/strong><\/p>\n<p>Questo\u00a0Faluto Siyotanka\u00a0\u00e8 fatto di bamb\u00f9<br \/>\nMarchiato e disegnato e Decorato a Fuoco Alchemico con Serpente Sciamanico Sacro primordiale<br \/>\nMateriali di Alta qualit\u00e0 e Interamente fatto amano, di bamboo<\/p>\n<p>Pentagonale<br \/>\n<strong>G # m \/ GM # Baby<\/strong><\/p>\n<p><strong>Poich\u00e9 \u00e8 fatto a mano, ogni Flauto sar\u00e0 leggermente diverso l\u2019uno dall\u2019altro<\/strong><br \/>\n<strong>Le foto sono illustrative, stai acquistando opere d\u2019arte individuali fatte per te.<\/strong><\/p>\n<p>I Flauti dei nativi americani sono molto intuitivi da suonare e creare melodie, senza la necessit\u00e0 di teoria musicale. Con la pratica e alcuni trucchi impariamo rapidamente. Ideale durante Rap\u00e9 e medicine sciamniche della selva foresta amazonia, ideale meditare e per essere accompagnati da un tamburo sciamanico.<br \/>\nUn flauto in tenero legno di cedro, pensarono, emette un suono pi\u00f9 dolce.<\/p>\n<p>Il flauto usato dagli Indiani d\u2019America \u00e8 considerato uno degli strumenti musicali pi\u00f9 antichi al mondo, inventato dopo i tamburi, i sonagli ed i fischietti. Realizzati artigianalmente nel corso dei secoli utilizzando i materiali pi\u00f9 disparati, dall\u2019osso, al bamboo all\u2019argilla, insieme a vari tipi di legno duro e morbido, alla fine gli Indiani d\u2019America predilessero il legno di cedro come migliore materiale per la fabbricazione dei flauti.<\/p>\n<p>Gli Indiani d\u2019America usavano i flauti per tutto, dall\u2019intrattenimento alla preghiera, alle pratiche di corteggiamento, forse questo l\u2019uso pi\u00f9 comune. Infatti, molti flauti sono chiamati Flauti dell\u2019Amore o Flauti da Corteggiamento, e gli Indiani d\u2019America hanno numerose storie che narrano dell\u2019uso del Flauto dell\u2019Amore nelle pratiche di corteggiamento.<\/p>\n<p><strong>Origini<\/strong><\/p>\n<p>Il pi\u00f9 primo flauto nativo americano ancora esistente fatto di legno fu raccolto dall&#8217;avventuriero italiano Giacomo Costantino Beltrami nel 1823 sulla sua ricerca del headwaters del Fiume del Mississippi. \u00c8 adesso nella raccolta di Museo Civico di Scienze Naturali in Bergamo, l&#8217;Italia.<br \/>\nCi sono molte narrazioni su come i diversi popoli indigeni delle Americhe abbiano inventato il flauto. In un racconto, i picchi beccavano dei buchi nei rami cavi mentre cercavano le termiti; Quando il vento soffiava lungo i fori, le persone vicine ascoltavano la loro musica. Un altro racconto della cultura Tucana descrive l&#8217;Uakti, una creatura con dei buchi nel corpo che emetteva un suono quando correva o il vento soffiava attraverso di essa.<\/p>\n<p><strong>Materiali<\/strong><\/p>\n<p>I flauti nativi americani sono stati fatti di ossa all&#8217;inizio, adesso sono fatti di vari materiali. Il ginepro, la Sequoia e il Cedro sono popolari, siccome provvedono un aroma piacevole. I boschi morbidi sono generalmente preferiti da la maggior parte giocatori di flauto, a causa dei toni pi\u00f9 morbidi prodotti dal bosco. Altri boschi pi\u00f9 difficili come noce e ciliegia sono apprezzati per il chiaro, il fresco, la ricchezza di suono che possono produrre. Il bamb\u00f9 e la canna fluviale possono contenere toni morbidi o chiari, freschi secondo dimensioni e specie.<\/p>\n<p><strong>Musica<\/strong><\/p>\n<p>I flauti nativi americani moderni sono generalmente accordati a una variazione della scala pentatonica minore, che d\u00e0 allo strumento il suo suono lamentoso tutto particolare. Recentemente alcuni produttori hanno cominciato a fare esperimenti con scale diverse, dando ai giocatori nuove opzioni melodiche. Anche, i flauti moderni sono generalmente accordati in chiavi di concerto (come A o D) in modo che possano esser facilmente giocati con altri strumenti. Le chiavi di radice di flauti nativi americani moderni attraversano una gamma di circa tre ottave e mezza, da C ad A.<br \/>\nI flauti nativi americani tipicamente hanno o cinque o sei buchi, ma uno strumento pu\u00f2 avere lo zero a sette, compreso un buco di pollice. I vari produttori impiegano scale diverse e fingerings per i loro flauti.Un suono tutto particolare di alcuni flauti nativi americani, i flauti particolarmente tradizionali, \u00e8 chiamato il trillo (o trillando). Il trillo suona come se il flauto vacilli avanti e indietro tra note diverse.<\/p>\n<\/div>\n<div id=\"tab_disclaimer\" class=\"panel entry-content\" role=\"tabpanel\" aria-labelledby=\"tab-disclaimer\">\n<p><strong><span style=\"color: #d83131;\">THE PHOTO IN THE DESCRIPTION IS PURELY INDICATIVE<\/span><\/strong><\/p>\n<p><strong><span style=\"color: #d83131;\">PRODUCTS ARE GUARANTEED FROM KARMARANDO<\/span><\/strong><br \/>\n<strong><span style=\"color: #d83131;\">For the products, PLANTS, INCENSE, AND powders PREPARED AT the MOMENT not possible to be made RETURNS or REFUNDS<\/span><\/strong><\/p>\n<p>The <strong>terms used<\/strong> in the categories and the tags do not want to suggest to the medicinal use and recreational products, just sort them according to their use of historic, scientific and social.<\/p>\n<p><strong>The recipes are provided as a scientific<\/strong>they don&#039;t want to encourage customers to repeat them, nor to consume the products.<\/p>\n<p><strong>Our content<\/strong> have not been evaluated by the FDA or by any figure of the medical profession: the possible applications, indications, dosing and warnings are described for educational purposes only, speculations and personal, and do not constitute medical advice.<\/p>\n<p><strong>The products are sold<\/strong> as incense, Soaps, Resins and botanical collection, and material scientific research.<\/p>\n<p><span style=\"color: #ed1c24; font-size: 115%;\"><strong>They are not intended for human consumption.<br \/>\nTo be able to buy our products you must be over 18 years of age and are not suitable for women who are pregnant and\/or breastfeeding women.<\/strong><\/span><\/p>\n<p>To get more information on <strong>KARMARANDO<\/strong> visit <a href=\"https:\/\/www.instagram.com\/karmarando1\/\" target=\"_blank\" rel=\"noopener\"><br \/>\n<span style=\"color: #0000ff;\"><strong>this page<\/strong><\/span><\/a> or read the latest news on <a href=\"https:\/\/karmarando.com\/en\/blog\/\" target=\"_blank\" rel=\"nofollow noopener\"><strong><span style=\"color: #0000ff;\">BLOG<\/span><\/strong><\/a><\/p>\n<\/div><\/div><\/div>","protected":false},"excerpt":{"rendered":"<p>Flute Siyotanka Baby Rainbow<\/p>","protected":false},"featured_media":4154,"comment_status":"open","ping_status":"closed","template":"","meta":[],"product_brand":[468],"product_cat":[241,572,571],"product_tag":[596],"class_list":{"0":"post-4153","1":"product","2":"type-product","3":"status-publish","4":"has-post-thumbnail","6":"product_brand-karmarando","7":"product_cat-arte-artigianale-sciamanica","8":"product_cat-flauti","9":"product_cat-strumenti-musicali","10":"product_tag-flauto-siyotanka-baby-rainbow","11":"pa_brand-karmarando","12":"pa_ean-1254","13":"pa_materiale-bamboo","14":"pa_paese-di-fabbricazione-italia","16":"first","17":"instock","18":"shipping-taxable","19":"purchasable","20":"product-type-simple"},"_links":{"self":[{"href":"https:\/\/karmarando.com\/en\/wp-json\/wp\/v2\/product\/4153","targetHints":{"allow":["GET"]}}],"collection":[{"href":"https:\/\/karmarando.com\/en\/wp-json\/wp\/v2\/product"}],"about":[{"href":"https:\/\/karmarando.com\/en\/wp-json\/wp\/v2\/types\/product"}],"replies":[{"embeddable":true,"href":"https:\/\/karmarando.com\/en\/wp-json\/wp\/v2\/comments?post=4153"}],"wp:featuredmedia":[{"embeddable":true,"href":"https:\/\/karmarando.com\/en\/wp-json\/wp\/v2\/media\/4154"}],"wp:attachment":[{"href":"https:\/\/karmarando.com\/en\/wp-json\/wp\/v2\/media?parent=4153"}],"wp:term":[{"taxonomy":"product_brand","embeddable":true,"href":"https:\/\/karmarando.com\/en\/wp-json\/wp\/v2\/product_brand?post=4153"},{"taxonomy":"product_cat","embeddable":true,"href":"https:\/\/karmarando.com\/en\/wp-json\/wp\/v2\/product_cat?post=4153"},{"taxonomy":"product_tag","embeddable":true,"href":"https:\/\/karmarando.com\/en\/wp-json\/wp\/v2\/product_tag?post=4153"}],"curies":[{"name":"wp","href":"https:\/\/api.w.org\/{rel}","templated":true}]}}