{"id":18642,"date":"2026-05-07T14:01:34","date_gmt":"2026-05-07T12:01:34","guid":{"rendered":"https:\/\/karmarando.com\/senza-categoria\/ambila-forte-organic-ambil-mapacho-con-sale-del-monte-in-pasta\/"},"modified":"2026-05-07T14:01:39","modified_gmt":"2026-05-07T12:01:39","slug":"ambila-forte-organic-ambil-mapacho-con-sale-del-monte-in-pasta","status":"publish","type":"product","link":"https:\/\/karmarando.com\/en\/kit-e-promo\/offerte-a-tempo\/ambila-forte-organic-ambil-mapacho-con-sale-del-monte-in-pasta\/","title":{"rendered":"Ambila Strong Organic Ambil Mapacho with the Rooms of the Monte \u2013 Paste"},"content":{"rendered":"<div class=\"tabbed-content\">\n\t\t\t\n\t\t\t<ul class=\"nav nav-pills nav-uppercase nav-size-small nav-center\" role=\"tablist\"><li id=\"tab-descrizione\" class=\"tab active has-icon\" role=\"presentation\"><a href=\"#tab_descrizione\" role=\"tab\" aria-selected=\"true\" aria-controls=\"tab_descrizione\"><span>Description<\/span><\/a><\/li>\n<li id=\"tab-propriet\u00e0\" class=\"tab has-icon\" role=\"presentation\"><a href=\"#tab_propriet\u00e0\" tabindex=\"-1\" role=\"tab\" aria-selected=\"false\" aria-controls=\"tab_propriet\u00e0\"><span>Property<\/span><\/a><\/li>\n<li id=\"tab-come-si-f\u00e0?\" class=\"tab has-icon\" role=\"presentation\"><a href=\"#tab_come-si-f\u00e0?\" tabindex=\"-1\" role=\"tab\" aria-selected=\"false\" aria-controls=\"tab_come-si-f\u00e0?\"><span>As it gets?<\/span><\/a><\/li>\n<li id=\"tab-disclaimer\" class=\"tab has-icon\" role=\"presentation\"><a href=\"#tab_disclaimer\" tabindex=\"-1\" role=\"tab\" aria-selected=\"false\" aria-controls=\"tab_disclaimer\"><span>DISCLAIMER<\/span><\/a><\/li><\/ul><div class=\"tab-panels\"><div id=\"tab_descrizione\" class=\"panel active entry-content\" role=\"tabpanel\" aria-labelledby=\"tab-descrizione\">\n<h3>Ambila Strong \u2013 Ambil Natural Organic \u2013 Mapacho with Salt of the Mountain (original Recipe) \u2013 Paste<\/h3>\n<p>&gt;Ambil or Ambila<\/p>\n<p>Ambil Strong Ambila Organic Natural Mapacho with salt plant in the mount<\/p>\n<p>The ambil even today, is still used by the peoples of the Amazon for sacred purposes, to exchange words, and make decisions is of vital importance to the community, is not so much a model for the decision-making process, but an ethics for the decision-making process.<\/p>\n<p><strong>Ambil, mapacho original Recipe<\/strong><br \/>\nNelle varie culture, offrire ambila \u00e8 un segno di amicizia, rifiutandolo come un segno di ostilit\u00e0. \u00c8 considerata una sostanza sacra che d\u00e0 vita, protezione, socializza e fornisce discernimento morale.<br \/>\nL&#8217;ambil o Ambila in italiano fornisce pensieri \/ emozioni, &#8220;assensi&#8221; f\u00e1 emergere l&#8217;inconscio fissandolo e integrandolo con il nostro conscio.\u00c8 indispensabile prima del Rap\u00e9 come parte integrante dello stesso, per avere un processo pi\u00f9 potente, pi\u00f9 rilassato, e pi\u00f9 proficuo.Le parole strumentali che sentiamo ci consente di esprimerle e farle nostre. Inoltre, l&#8217;ambila risveglia la persona, portandola a uno stato di piena e vigile consapevolezza e sensibilizza il corpo in modo tale da riconoscere la presenza del male minaccioso mediante formicolio di sensazioni alla schiena e la pelle, o attraverso le dita dei piedi.<\/p>\n<p>The magical spirit is the breath and the word confident that it has every human, demonstrating its value to the community. The word in the language of the uitoto, ambila is yera, which means \u201cbehavior\u201d and the suffix -ra \u201csubstance\u201d, so for them the ambila means \u201cthe substance of behavior.\u201d The concept of Yet\u00e1rafue ( ye- \u2018behaviour\u2019,; - ta- \u2018make\u2019; -rafue \u2018word\u2019) Means \u201cWord to behave\u201d (or \u201cWord of discipline\u201d) and is the basis for taking care of the family. And given the rigor and discipline necessary for the preparation of Ambila, and to possess and use Ambila is also a sign of adulthood n inhabitant of the amazon.<br \/>\n<\/div>\n<div id=\"tab_propriet\u00e0\" class=\"panel entry-content\" role=\"tabpanel\" aria-labelledby=\"tab-propriet\u00e0\">\n<h3><strong>Ambil<\/strong><\/h3>\n<p><strong>REMEDY:<\/strong><\/p>\n<p>-For rooted to the ground<br \/>\n-For centering<br \/>\n-Mute your Negative thoughts<br \/>\n-To quit the habit of Smoking\/Tobacco use<br \/>\n-Very good before Rap\u00e9 (Watch in our shop! you will find so many varieties! With a quality price!)<br \/>\n-Excellent along with the Mamb\u00e8 (Available in Our store at a special price!)<\/p>\n<p><strong>Doses and Mode<\/strong><br \/>\nput paste in the front teeth (the ones below) a ball as big as a pea or larger<\/p>\n<p>Let it absorb naturally with the saliva, by sending down every now and then with eyes closed, and presence while making deep breaths<\/p>\n<p>THE breath is x4 (catch your breath in 4 seconds, hold for 4 seconds, leaving the breath in for 4 seconds hold for 4 seconds, and resume the breath for 4 seconds, and so on.<br \/>\n<\/div>\n<div id=\"tab_come-si-f\u00e0?\" class=\"panel entry-content\" role=\"tabpanel\" aria-labelledby=\"tab-come-si-f\u00e0?\">\n<strong>Ambila and Mamb\u00e8 are great to do together<\/strong> they are a medicine for the body, which helps to expel mucus and parasites from the frontal sinuses and para. Eliminates headaches, stuffy nose, and dizziness, because it decompresses the pressure of the skull. It is also an excellent healing influenza, and natural antibiotic and healing of wounds, especially those that contain sage and lavender.Also, synchronize, align, and amplify the perception, opening up channels of astral crando transition in the ritual. It is also a medicine for the vision of the spirit, which helps us to free the mind and to stop the internal dialogue, to be truly present to be able to see beyond our own interpretations.<\/p>\n<p>This plant is also used as a tool to promote productive conversations between the members of the community and to make decisions that affect the well-being of others.<br \/>\nThese traditions that connect us to each other and to the land are what the abuelos, the taitas, the curanderos and shamans of Colombia and South America consider teacher plants, together with the Ayahuasca (Yag\u00e9). If used intentionally, these plants connect us with the spiritual realm, open space for self-reflection in our lives and heal.<\/p>\n<\/div>\n<div id=\"tab_disclaimer\" class=\"panel entry-content\" role=\"tabpanel\" aria-labelledby=\"tab-disclaimer\">\n<p><strong><span style=\"color: #d83131;\">THE PHOTO IN THE DESCRIPTION IS PURELY INDICATIVE<\/span><\/strong><\/p>\n<p><strong><span style=\"color: #d83131;\">PRODUCTS ARE GUARANTEED FROM KARMARANDO<\/span><\/strong><br \/>\n<strong><span style=\"color: #d83131;\">For the products, PLANTS, INCENSE, AND powders PREPARED AT the MOMENT not possible to be made RETURNS or REFUNDS<\/span><\/strong><\/p>\n<p>The <strong>terms used<\/strong> in the categories and the tags do not want to suggest to the medicinal use and recreational products, just sort them according to their use of historic, scientific and social.<\/p>\n<p><strong>The recipes are provided as a scientific<\/strong>they don&#039;t want to encourage customers to repeat them, nor to consume the products.<\/p>\n<p><strong>Our content<\/strong> have not been evaluated by the FDA or by any figure of the medical profession: the possible applications, indications, dosing and warnings are described for educational purposes only, speculations and personal, and do not constitute medical advice.<\/p>\n<p><strong>The products are sold<\/strong> as incense, Soaps, Resins and botanical collection, and material scientific research.<\/p>\n<p><span style=\"color: #ed1c24; font-size: 115%;\"><strong>They are not intended for human consumption.<br \/>\nTo be able to buy our products you must be over 18 years of age and are not suitable for women who are pregnant and\/or breastfeeding women.<\/strong><\/span><\/p>\n<p>To get more information on <strong>KARMARANDO<\/strong> visit <a href=\"https:\/\/www.instagram.com\/karmarando1\/\" target=\"_blank\" rel=\"noopener\"><br \/>\n<span style=\"color: #0000ff;\"><strong>this page<\/strong><\/span><\/a> or read the latest news on <a href=\"https:\/\/karmarando.com\/en\/blog\/\" target=\"_blank\" rel=\"nofollow noopener\"><strong><span style=\"color: #0000ff;\">BLOG<\/span><\/strong><\/a><\/p>\n<\/div><\/div><\/div>","protected":false},"excerpt":{"rendered":"","protected":false},"featured_media":0,"comment_status":"closed","ping_status":"open","template":"","meta":[],"product_brand":[],"product_cat":[15],"product_tag":[81,82],"class_list":{"0":"post-18642","1":"product","2":"type-product","3":"status-publish","5":"product_cat-offerte-a-tempo","6":"product_tag-ambil","7":"product_tag-ambila","9":"first","10":"instock","11":"product-type-simple"},"_links":{"self":[{"href":"https:\/\/karmarando.com\/en\/wp-json\/wp\/v2\/product\/18642","targetHints":{"allow":["GET"]}}],"collection":[{"href":"https:\/\/karmarando.com\/en\/wp-json\/wp\/v2\/product"}],"about":[{"href":"https:\/\/karmarando.com\/en\/wp-json\/wp\/v2\/types\/product"}],"replies":[{"embeddable":true,"href":"https:\/\/karmarando.com\/en\/wp-json\/wp\/v2\/comments?post=18642"}],"wp:attachment":[{"href":"https:\/\/karmarando.com\/en\/wp-json\/wp\/v2\/media?parent=18642"}],"wp:term":[{"taxonomy":"product_brand","embeddable":true,"href":"https:\/\/karmarando.com\/en\/wp-json\/wp\/v2\/product_brand?post=18642"},{"taxonomy":"product_cat","embeddable":true,"href":"https:\/\/karmarando.com\/en\/wp-json\/wp\/v2\/product_cat?post=18642"},{"taxonomy":"product_tag","embeddable":true,"href":"https:\/\/karmarando.com\/en\/wp-json\/wp\/v2\/product_tag?post=18642"}],"curies":[{"name":"wp","href":"https:\/\/api.w.org\/{rel}","templated":true}]}}