{"id":18641,"date":"2026-05-07T14:01:34","date_gmt":"2026-05-07T12:01:34","guid":{"rendered":"https:\/\/karmarando.com\/senza-categoria\/mambe-ypadu-pronto-alivio-organico-100-stile-peruviano\/"},"modified":"2026-05-07T14:01:38","modified_gmt":"2026-05-07T12:01:38","slug":"mambe-ypadu-pronto-alivio-organico-100-stile-peruviano","status":"publish","type":"product","link":"https:\/\/karmarando.com\/en\/kit-e-promo\/offerte-a-tempo\/mambe-ypadu-pronto-alivio-organico-100-stile-peruviano\/","title":{"rendered":"Mambe Ypadu Ready Alivio 100% Organic \u2013 Peruvian Style"},"content":{"rendered":"<div class=\"tabbed-content\">\n\t\t\t\n\t\t\t<ul class=\"nav nav-pills nav-uppercase nav-size-small nav-center\" role=\"tablist\"><li id=\"tab-descrizione\" class=\"tab active has-icon\" role=\"presentation\"><a href=\"#tab_descrizione\" role=\"tab\" aria-selected=\"true\" aria-controls=\"tab_descrizione\"><span>Description<\/span><\/a><\/li>\n<li id=\"tab-propriet\u00e0\" class=\"tab has-icon\" role=\"presentation\"><a href=\"#tab_propriet\u00e0\" tabindex=\"-1\" role=\"tab\" aria-selected=\"false\" aria-controls=\"tab_propriet\u00e0\"><span>Property<\/span><\/a><\/li>\n<li id=\"tab-come-si-f\u00e0?\" class=\"tab has-icon\" role=\"presentation\"><a href=\"#tab_come-si-f\u00e0?\" tabindex=\"-1\" role=\"tab\" aria-selected=\"false\" aria-controls=\"tab_come-si-f\u00e0?\"><span>As it gets?<\/span><\/a><\/li>\n<li id=\"tab-disclaimer\" class=\"tab has-icon\" role=\"presentation\"><a href=\"#tab_disclaimer\" tabindex=\"-1\" role=\"tab\" aria-selected=\"false\" aria-controls=\"tab_disclaimer\"><span>DISCLAIMER<\/span><\/a><\/li><\/ul><div class=\"tab-panels\"><div id=\"tab_descrizione\" class=\"panel active entry-content\" role=\"tabpanel\" aria-labelledby=\"tab-descrizione\">\n<h3><strong>MAMBE OR YPADU Powder Peruvian Style<br \/>\n<\/strong><\/h3>\n<p>The Peruvian style lasts for more in the mouth, and melts more slowly, and slightly more light of the second colombian but it is more persistent<\/p>\n<p><strong>MAMB\u00c9 OR YPADU\u2019 Ypadu<\/strong> it is a powder obtained from the roasting and the slow roasting of the leaves are freshly harvested, milled and then mixed the ashes of the leaves of the tree, Cecropia Peltata, or (Cecropiatra other varieties) as an additive to alkaline.<\/p>\n<p><strong>Mamb\u00e8 Ready<\/strong> <strong>Alivio Bio Organic Natural<\/strong> 100% con il suo caratteristico sapore affumicato, \u00e8 ricco di Alcaloidi oltre a principi attivi e a sali Minerali e Vitamine ma soprattutto con delle propriet\u00e0 magiche e sacre cerimoniali. <strong>You get to distinguish it from tea, for its smoky taste<\/strong>. The tea costs less, compared to the mambe that is worked alchemically experimenting with the more specific (Continue reading)<\/p>\n<p><strong>MAMB\u00c9 READY ALIVIO <\/strong>Wonderful remedy shamanic comes from the amazon jungle in colombia, where shamans prepare them with care and love. We are happy to share with you the benefits of this miraculous remedy, which brings with it the wisdom millennia of people that prepare them with the same care and the same gestures as always. THE Mambe is a remedy very popular in the amazon forest, rich in vitamins and minerals, and its analgesic properties and pain, allow you to give him the name of: Pronto Alivio (immediate relief).<\/p>\n<p>It is also a great companion of the menstrual cycles, in which, usually, women feel pain, and in many cases seriously unbearable. In these situations there is nothing better than to balance our body with a remedy that is all natural and effective.Its properties can bring a lot of benefits in other areas of the body, and not only that, from the time that using the body of a result is strengthened, promoting strength and energy. Being totally leaf ground, as the female plant connects from the belly with our feminine side, energetically, eating provides us with a fluidity and a concentration-verbal.<\/p>\n<h3>Si usa quando si devono condividere esperienze o comprensioni, Stanchezza o Dolori, Stimola e ravviva le energie, incluso quelle corporee.<\/h3>\n<p><strong>La C*** (ipadu C*** \u00e8 preparato nel modo seguente:<\/strong><sup id=\"cite_ref-13\" class=\"reference separada\"><\/sup><\/p>\n<ul>\n<li><strong>Roasting :<\/strong> the mature leaves are roasted\/Roasted, traditionally in a clay pot<\/li>\n<li><strong>Chopping\/Pestatura<\/strong>the leaves, Roasted are pounded with a Mortar<\/li>\n<li><strong>Preparation of the ashes :<\/strong> They burn slowly leaves yarumo and Cecropia in Colombia, Peru, this tree is known as cetico and in Brazil as emba\u00faba ) or stems of quinoa .<\/li>\n<li><strong>Mixing :<\/strong> The leaves are mixed up to 10% of ash.<\/li>\n<li><strong>Threshing or Sieving :<\/strong> are sieved several times until you get a fine powder that dissolves easily in the mouth.<\/li>\n<\/ul>\n<p>Per utilizzare la C*** (ipadu, verde, polvere di C*** (ipadu \u00e8 collocato nella guancia, mescolando con la saliva e andando sciogliendosi con il suo sapore affumicato. <sup id=\"cite_ref-16\" class=\"reference separada\"><\/sup><\/p>\n<p><strong> La foto \u00e8 rappresentativa e Il colore del mambe pu\u00f2 variare ad ogni nuova fornitura, ma sar\u00e0 molto evidente sempre la primissima qualit\u00e0 dello stesso. <\/strong><\/p>\n<p><strong> The fineness of the mambe is the best solution to maintain its organoleptic qualities, those who want a finer product can make a specific request. <\/strong><\/p>\n<\/div>\n<div id=\"tab_propriet\u00e0\" class=\"panel entry-content\" role=\"tabpanel\" aria-labelledby=\"tab-propriet\u00e0\">\n<h3><strong>ITS PROPERTIES:<\/strong><\/h3>\n<ul>\n<li>Remedy and Relief from aches and pains in the joints and\/or muscles.<\/li>\n<li>Increased resistance in a visible way<\/li>\n<li>Corrects the problems of malnutrition and\/or assimilation and deficiencies<\/li>\n<li>Strengthens and regenerates bones and other bony parts of the body in a relatively short time.<\/li>\n<li>Cleanses the urinary tract<\/li>\n<li>Improves the morale and the will to live<\/li>\n<li>Improves the digestion in general.<\/li>\n<li>Rule triglycerides and cholesterol.<\/li>\n<li>Gives a lot of Energy load<\/li>\n<\/ul>\n<\/div>\n<div id=\"tab_come-si-f\u00e0?\" class=\"panel entry-content\" role=\"tabpanel\" aria-labelledby=\"tab-come-si-f\u00e0?\">\n<h3><strong>HOW AND WITH WHAT QUANTITY CONSUMED:<\/strong><\/h3>\n<p>The <strong>Mambe<\/strong> si consuma versando uno o due cucchiai nella gengiva sinistra (guarda il video) inclinando la testa indietro e prendendo la mandibola per tenerla aperta e mantenendolo fermo li con la saliva si forma una pallina iniziando un processo di salivazione per ottenere una pasta gommosa che lo render\u00e0 adatto a rilasciare facilmente le sostanze le propriet\u00e0 benefiche contenute nel mambe;\u00e8 molto polveroso quindi messo nella gengiva bisogna chiudere la bocca tenendo la gengiva delicatamente, e impregnare di saliva il bolo.. e Tenrlo di lato fino che si sentir\u00e0 il suo caratteristico Effetto ( a volte bastano 5 min a volte il rilascio \u00e8 piu lento e occorrono 10 min) continuare fino che la pallina creata sara possibile masticarla, con molto rispetto.Si consiglia (anche se non \u00e8 obbligatorio) assumerlo con Ambil che trovate nel negozio. IL suo consumo \u00e8 particolarmente sociale perch\u00e9 si dice che <strong>Mambe<\/strong> it means the word of life, <strong>Ambil<\/strong> the thought, where is the power of the word.With <strong>Ambil<\/strong> in the front teeth internally and the <strong>Mambe<\/strong> in the gum left is all enhanced over that ambil will be a much easier experience.<\/p>\n<h3><strong>Features:<\/strong><\/h3>\n<p>Fornisce propriet\u00e0 nutritive come potassio, ferro, calcio, fosforo, proteine, vitamine A, B1, B2, C ed E, \u00e8 povero di grassi, ha livelli di calcio pi\u00f9 elevati del latte vaccino e la stessa proporzione di fosforo del pesce, ma anche cos\u00ec non \u00e8 considerato un integratore alimentare, si consiglia di consumarlo dopo aver mangiato qualche tipo di alimento per funzionare come un sistema digestivo. Inibisce la sonnolenza, la fame, dona lucidit\u00e0 mentale, migliora l&#8217;attivit\u00e0 sensoriale e neuronale, la concentrazione e la comunicazione, aumenta l&#8217;ossigenazione cellulare, ha funzioni metaboliche per accelerare la trasmissione dei componenti alimentari nel sangue, regola il pressione sanguigna, rinforza il sistema nervoso e muscolare, elimina stanchezza e affaticamento, protegge le cellule dall&#8217;invecchiamento, fornisce una maggiore tolleranza al freddo, \u00e8 teRap\u00e9utico ed energetico.<\/p>\n<p>Non genera dipendenza. \u00c9 uno stimolante benevolo, il suo effetto difficilmente produce insonnia e tachicardia associate al consumo di caff\u00e8 o effetti tossici associate alla ina. Gli indigeni amazzonici lo usano per il lavoro fisico, la comunicazione, le attivit\u00e0 cerimoniali, curative e religiose. Per le donne indigene, \u00e8 importante tenere conto del contesto in cui la C*** viene consumata perch\u00e9 \u00e8 sacra e le foglie per farla sono sacre e benefiche. Il suo consumo \u00e8 associato a stili di vita e una filosofia profonda. In altre parole, \u00e8 una pratica culturale che si esercita con totale libert\u00e0 e autonomia.<\/p>\n<h3><strong>Ogni 100 g di Mambe sono contenuti:<\/strong><\/h3>\n<ul>\n<li>Beta carotene 9, 40 mg<\/li>\n<li>Azoto totale 20, 06 mg<\/li>\n<li>Grassi Buoni 3, 68 mg<\/li>\n<li>Carboidrati 47, 50 mg<\/li>\n<li>Alfa-carotene 2, 76 mg<\/li>\n<li>Vitamina C 6, 47 mg<\/li>\n<li>Vitamina E 40, 17 mg<\/li>\n<li>Tiamina (vitamina B1) 0, 73 mg<\/li>\n<li>Riboflavina (vitamina B2) 0, 88 mg<\/li>\n<li>Niacina (fattore p.p) 8, 37 mg<\/li>\n<li>Calcio 997, 62 mg<\/li>\n<li>Fosfato 412, 67 mg<\/li>\n<li>Potassio 1.739, 33 mg<\/li>\n<li>Magnesio 299, 30 mg<\/li>\n<li>Sodio 39, 41 mg<\/li>\n<li>Alluminio 17, 39 mg<\/li>\n<li>Bario 6, 18 mg<\/li>\n<li>Ferro 136, 64 mg<\/li>\n<li>Stronzio 12, 02 mg<\/li>\n<li>Boro 6, 75 mg<\/li>\n<li>Rame 1, 22 mg<\/li>\n<li>Zinco 2, 21 mg<\/li>\n<li>Manganese 9, 15 mg<\/li>\n<li>Cromo 0, 12 mg<\/li>\n<\/ul>\n<\/div>\n<div id=\"tab_disclaimer\" class=\"panel entry-content\" role=\"tabpanel\" aria-labelledby=\"tab-disclaimer\">\n<p><strong><span style=\"color: #d83131;\">THE PHOTO IN THE DESCRIPTION IS PURELY INDICATIVE<\/span><\/strong><\/p>\n<p><strong><span style=\"color: #d83131;\">PRODUCTS ARE GUARANTEED FROM KARMARANDO<\/span><\/strong><br \/>\n<strong><span style=\"color: #d83131;\">For the products, PLANTS, INCENSE, AND powders PREPARED AT the MOMENT not possible to be made RETURNS or REFUNDS<\/span><\/strong><\/p>\n<p>The <strong>terms used<\/strong> in the categories and the tags do not want to suggest to the medicinal use and recreational products, just sort them according to their use of historic, scientific and social.<\/p>\n<p><strong>The recipes are provided as a scientific<\/strong>they don&#039;t want to encourage customers to repeat them, nor to consume the products.<\/p>\n<p><strong>Our content<\/strong> have not been evaluated by the FDA or by any figure of the medical profession: the possible applications, indications, dosing and warnings are described for educational purposes only, speculations and personal, and do not constitute medical advice.<\/p>\n<p><strong>The products are sold<\/strong> as incense, Soaps, Resins and botanical collection, and material scientific research.<\/p>\n<p><span style=\"color: #ed1c24; font-size: 115%;\"><strong>They are not intended for human consumption.<br \/>\nTo be able to buy our products you must be over 18 years of age and are not suitable for women who are pregnant and\/or breastfeeding women.<\/strong><\/span><\/p>\n<p>To get more information on <strong>KARMARANDO<\/strong> visit <a href=\"https:\/\/www.instagram.com\/karmarando1\/\" target=\"_blank\" rel=\"noopener\"><br \/>\n<span style=\"color: #0000ff;\"><strong>this page<\/strong><\/span><\/a> or read the latest news on <a href=\"https:\/\/karmarando.com\/en\/blog\/\" target=\"_blank\" rel=\"nofollow noopener\"><strong><span style=\"color: #0000ff;\">BLOG<\/span><\/strong><\/a><\/p>\n<\/div><\/div><\/div>","protected":false},"excerpt":{"rendered":"","protected":false},"featured_media":0,"comment_status":"closed","ping_status":"open","template":"","meta":[],"product_brand":[],"product_cat":[15],"product_tag":[473],"class_list":{"0":"post-18641","1":"product","2":"type-product","3":"status-publish","5":"product_cat-offerte-a-tempo","6":"product_tag-mambe","8":"first","9":"instock","10":"product-type-simple"},"_links":{"self":[{"href":"https:\/\/karmarando.com\/en\/wp-json\/wp\/v2\/product\/18641","targetHints":{"allow":["GET"]}}],"collection":[{"href":"https:\/\/karmarando.com\/en\/wp-json\/wp\/v2\/product"}],"about":[{"href":"https:\/\/karmarando.com\/en\/wp-json\/wp\/v2\/types\/product"}],"replies":[{"embeddable":true,"href":"https:\/\/karmarando.com\/en\/wp-json\/wp\/v2\/comments?post=18641"}],"wp:attachment":[{"href":"https:\/\/karmarando.com\/en\/wp-json\/wp\/v2\/media?parent=18641"}],"wp:term":[{"taxonomy":"product_brand","embeddable":true,"href":"https:\/\/karmarando.com\/en\/wp-json\/wp\/v2\/product_brand?post=18641"},{"taxonomy":"product_cat","embeddable":true,"href":"https:\/\/karmarando.com\/en\/wp-json\/wp\/v2\/product_cat?post=18641"},{"taxonomy":"product_tag","embeddable":true,"href":"https:\/\/karmarando.com\/en\/wp-json\/wp\/v2\/product_tag?post=18641"}],"curies":[{"name":"wp","href":"https:\/\/api.w.org\/{rel}","templated":true}]}}