{"id":10697,"date":"2023-07-20T12:55:01","date_gmt":"2023-07-20T10:55:01","guid":{"rendered":"https:\/\/www.karmarando.com\/?post_type=product&#038;p=10697"},"modified":"2025-12-04T13:51:15","modified_gmt":"2025-12-04T12:51:15","slug":"rape-lavanda-tranquillante-serenita-e-purezza-copia","status":"publish","type":"product","link":"https:\/\/karmarando.com\/en\/cat-rape\/rape-brasiliano\/rape-aromatico\/rape-lavanda-tranquillante-serenita-e-purezza-copia\/","title":{"rendered":"Rap\u00e9 Lavender \u2013 Tranquility, Serenity, and Purity"},"content":{"rendered":"<div class=\"tabbed-content\">\n\t\t\t\n\t\t\t<ul class=\"nav nav-pills nav-uppercase nav-size-small nav-center\" role=\"tablist\"><li id=\"tab-descrizione\" class=\"tab active has-icon\" role=\"presentation\"><a href=\"#tab_descrizione\" role=\"tab\" aria-selected=\"true\" aria-controls=\"tab_descrizione\"><span>Description<\/span><\/a><\/li>\n<li id=\"tab-composizione\" class=\"tab has-icon\" role=\"presentation\"><a href=\"#tab_composizione\" tabindex=\"-1\" role=\"tab\" aria-selected=\"false\" aria-controls=\"tab_composizione\"><span>Composition<\/span><\/a><\/li>\n<li id=\"tab-propriet\u00e0\" class=\"tab has-icon\" role=\"presentation\"><a href=\"#tab_propriet\u00e0\" tabindex=\"-1\" role=\"tab\" aria-selected=\"false\" aria-controls=\"tab_propriet\u00e0\"><span>Property<\/span><\/a><\/li>\n<li id=\"tab-come-si-f\u00e0-?\" class=\"tab has-icon\" role=\"presentation\"><a href=\"#tab_come-si-f\u00e0-?\" tabindex=\"-1\" role=\"tab\" aria-selected=\"false\" aria-controls=\"tab_come-si-f\u00e0-?\"><span>As it gets ?<\/span><\/a><\/li>\n<li id=\"tab-dosaggio\" class=\"tab has-icon\" role=\"presentation\"><a href=\"#tab_dosaggio\" tabindex=\"-1\" role=\"tab\" aria-selected=\"false\" aria-controls=\"tab_dosaggio\"><span>Dosage<\/span><\/a><\/li>\n<li id=\"tab-come-viene-fatto-il-rap\u00e9\" class=\"tab has-icon\" role=\"presentation\"><a href=\"#tab_come-viene-fatto-il-rap\u00e9\" tabindex=\"-1\" role=\"tab\" aria-selected=\"false\" aria-controls=\"tab_come-viene-fatto-il-rap\u00e9\"><span>How Is The Rap\u00e9<\/span><\/a><\/li>\n<li id=\"tab-cos'\u00e8-il-rap\u00e9\" class=\"tab has-icon\" role=\"presentation\"><a href=\"#tab_cos'\u00e8-il-rap\u00e9\" tabindex=\"-1\" role=\"tab\" aria-selected=\"false\" aria-controls=\"tab_cos'\u00e8-il-rap\u00e9\"><span>What is Rap\u00e9<\/span><\/a><\/li>\n<li id=\"tab-storia\" class=\"tab has-icon\" role=\"presentation\"><a href=\"#tab_storia\" tabindex=\"-1\" role=\"tab\" aria-selected=\"false\" aria-controls=\"tab_storia\"><span>History<\/span><\/a><\/li>\n<li id=\"tab-disclaimer\" class=\"tab has-icon\" role=\"presentation\"><a href=\"#tab_disclaimer\" tabindex=\"-1\" role=\"tab\" aria-selected=\"false\" aria-controls=\"tab_disclaimer\"><span>DISCLAIMER<\/span><\/a><\/li><\/ul><div class=\"tab-panels\"><div id=\"tab_descrizione\" class=\"panel active entry-content\" role=\"tabpanel\" aria-labelledby=\"tab-descrizione\">\n<h3><strong>Rap\u00e9 Lavender \u2013 Tranquility, Serenity, and Purity<\/strong><\/h3>\n<p><strong>Forza Rap\u00e9:<\/strong> Medio Forte Aromatico Cerimoniale Calmante <strong>Chakra:<\/strong> corona &#8211; Cuore + Gola <b>Nome Sciantifico: <\/b>Lavandula angustifolia Miller, Lavanda officinalis Chaix, Lavanda vera DC <strong>Famiglia: <\/strong>Lamiaceae <strong>Sottofamiglia: <\/strong>Ocimeae <b>Nomi popolari<\/b> : Lavanda, Lavandula, echter lavandel, espigolina, lavande, lavanda vera, Spigo, fior di spigo, Spicae flowers, Spina cardo, spiga, Nardo, Ipsigula, Saponella. <strong>Benefici e Trattamento Rap\u00e9 Lavanda<\/strong>: Come la pianta Lavanda di cui \u00e8 composto, risalta tutti i suoi benefici conosciuti in tempi antichissimi soprattutto in brasile, Grecia e Roma, conosciuta da sempre come medicamentosa, Potente Antisettica, Spasmodica, Calmante, Tranquillante, Purificante, Ansiolitica, Antimicrobica, insonnia, mal di testa, crampi mestruali, ipertensione, ansia, Stress, e problemi emotivi. <\/div>\n<div id=\"tab_composizione\" class=\"panel entry-content\" role=\"tabpanel\" aria-labelledby=\"tab-composizione\"> <strong>Rap\u00e9 Lavanda<\/strong> <strong>Ingredienti principali : <\/strong>Mapacho + Ceneri di Lavanda. <strong>IL Rap\u00e9 Lavanda<\/strong> come tutti i nostri Rap\u00e9 sono Polvere Potenti Che Libera Il Cervello Da Carichi E Blocchi, da paura e vergogna, donando energia, presenza, concentrazione e centratura, espande coscienza e apre il cuore, portando intuiti profondi sul da farsi, attraendo abbondanza e felicit\u00e0 e realizzazione..Rap\u00e9 <b>All our Rap\u00e9<\/b> sono realizzati con ceneri della corteccia dell&#8217;albero o della intera pianta da cui prendono i nomi i rap\u00e8 o isnieme di piu alberi o piante ed erbe disidratate in polvere e biologiche. Tutte le alchimie sono fatte con molto amore, rispetto e fede. <\/div>\n<div id=\"tab_propriet\u00e0\" class=\"panel entry-content\" role=\"tabpanel\" aria-labelledby=\"tab-propriet\u00e0\"> <strong>Specifiche del Rap\u00e9 Lavanda<\/strong> <b>Benefits and Treatment: <\/b>Potente Antisettica, Spasmodica, Calmante, Tranquillante, Purificante, Ansiolitica, Antimicrobica, insonnia, mal di testa, crampi mestruali, ipertensione, ansia, Stress, e problemi emotivi.<\/p>\n<h3><b>Them Basic property that all of Our Rap\u00e9<\/b><\/h3>\n<ul>\n<li>It helps to clear the mind and stop the inner dialogue<\/li>\n<li>It helps to eliminate the phlegm, and the parasites of the frontal sinuses para and nasal<\/li>\n<li>Applied on wounds has wound-healing, and antibiotic<\/li>\n<li>Asthma<\/li>\n<li>Bronchopneumonia<\/li>\n<li>Calm<\/li>\n<li>Centering<\/li>\n<li>Allows you to be present to be able to look beyond their own interpretations<\/li>\n<li>Decompresses the pressure of the skull<\/li>\n<li>Cleans, sorts and aligns the fields of energy, especially chakras third eye \/ head: up and down from those through the spinal column<\/li>\n<li>It is also a potent analgesic for pain in the head and body<\/li>\n<li>It is very effective in the treatment of problems of the respiratory system and the digestive<\/li>\n<li>It is very powerful, even in treatments of the digestive system<\/li>\n<li>It is soothing and antipyretic<\/li>\n<li>Is a Remedy for the visibility of the spirit<\/li>\n<li>Remove the excess of phlegm accumulated<\/li>\n<li>Eliminates headaches, drowsiness and dizziness<\/li>\n<li>Energy care directly fears, anxieties, and other energy related to the solar plexus: if it causes vomiting, it is because the person is eliminating the energy-dense accumulated.<\/li>\n<li>Spiritual Evolution<\/li>\n<li>Promotes the peristaltic movement of the intestinal<\/li>\n<li>Many people take care of their sinusitis and rhinitis with this, making them immune disease of the respiratory system<\/li>\n<li>Peace<\/li>\n<li>It allows to understand what is meditation on a conscious level<\/li>\n<li>Allows you to reach a state of meditation, very deep<\/li>\n<li>It cleans all the dirt and grime from years, which is the cause of problems such as sinusitis and migraine<\/li>\n<li>Cleaning The Chakras<\/li>\n<li>Rooting<\/li>\n<li>Relaxation<\/li>\n<li>Opportunities In Energy<\/li>\n<\/ul>\n<p>Medicina di potere, che connette all\u2019energia di Youshibu (Dio della Creazione). Funziona sia nella guarigione spirituale che fisica. Dovrebbe essere utilizzato solo per questi scopi, in modo appropriato in un ambiente Sereno e tranquillo e preparato. <\/div>\n<div id=\"tab_come-si-f\u00e0-?\" class=\"panel entry-content\" role=\"tabpanel\" aria-labelledby=\"tab-come-si-f\u00e0-?\">\n<h3><b>How to Apply Rap\u00e9 ?<\/b><\/h3>\n<p>With<a href=\"https:\/\/karmarando.com\/en\/kuripe\/\" target=\"_blank\" rel=\"noopener\"><strong> Kuripe<\/strong><\/a> that is a fork V to do it by yourself or with<a href=\"https:\/\/karmarando.com\/en\/tepi\/\" target=\"_blank\" rel=\"noopener\"><strong> Tepi<\/strong> <\/a>per farselo fare da qualcuno che pur rimanendo neutro riesce a darci maggiore beneficio nella ricezione. E&#8217; molto importante che la persona sia preparata a ricevere lo spirito della foresta attraverso il Rap\u00e9. \u00c8 necessario avere un corpo pulito, in un ambiente favorevole e soprattutto con lo scopo di consacrare questa medicina sacra. <strong>Apply the Rap\u00e8<\/strong>, \u00e8 possibile sia da Soli che con un compagno: Da soli si usa il Kuripe, con un compagno si Usa Il Tepi, in questo caso, chi applicher\u00e0 con il Tepi, \u00e8 necessario che abbia maturato una certa preparazione, mantenendosi cos\u00ec neutro e centrato, senza proiettare i propri stati d&#8217;animo. Dovr\u00e0 quindi mantenere distacco e proiettare semplicemente molto amore. In ogni caso \u00e8 necessaria concentrazione, uno sano scopo, una intenzione, con fiducia e fede e tecnica di soffiaggio. Solo cos\u00ec, la medicina avr\u00e0 il massimo del beneficio. <b>The Rap\u00e9 must be applied in both nostrils. Each nasal cavity is a current of energy in the body:<\/b><b>Better to make always the first through the left nostril<\/b><b>The left-hand side:<\/b> Il canale della Luna (recettore \u2013 yin). D\u00e0 potere alle emozioni nel loro stato puro, liberando gioia profonda, amore puro, compassione e abilit\u00e0 artistiche. \u00c8 il lato femminile. I problemi tipici sono attaccamento emozionale, depressione, bassa autostima, sentimento di colpa e apatia. <b>The right side:<\/b> The channel of the Sun (the issuer \u2013 yang). It gives the power to the rational mind: allows you to learn and gain the strength necessary to overcome the problems by the effort. This is the masculine side. The typical problems are selfish behavior or violent, arrogance and pride.Who receives only one side enters in a process that is still louder than normal; this is because you have not abandoned properly and has refused the Medicine, which is also a refusal to themselves, and the spirit of the Rap\u00e9. <b>The types of puffs : <\/b>There are many, from the pineal ( puff dry and decided, but for a long time) or more long, lingering.. (you will find the articles in the blog, use the search) <b>It is important to aim to drink 2 glasses of water before and water during after about 7 minutes from the application, so as to reach to the vomit<\/b> <\/div>\n<div id=\"tab_dosaggio\" class=\"panel entry-content\" role=\"tabpanel\" aria-labelledby=\"tab-dosaggio\"> <strong>The Correct amount<\/strong> you start with a little which must be as big as a pea, but it will tend to increase, reaching the size of a hazelnut shelled, but do not exclude for veterans that is more. This is according to the differences between own body weight, tolerance, metabolism, and personal sensitivity.<\/p>\n<ul>\n<li>It is important to listen to the Icaros with headphones to achieve the meditative state without thought and healing.<\/li>\n<li>The person who assumes Rap\u00e9 for the first time must be aware of what it is and what it is doing, taking it with respect and responsibility, which is a holy medicine is very powerful, and the need to respect<\/li>\n<\/ul>\n<p><strong>Psychologically care of the fears.<\/strong> Un\u2019applicazione forte pu\u00f2 portare il soggetto a sperimentare la propria ombra e accedere alle proprie fobie pi\u00f9 oscure, cos\u00ec che possono essere visualizzate e risolte. Innumerevoli esperienze dimostrano la sua efficacia nel trattamento di depressioni, paure ossessive, insonnia e ansia. Molte persone hanno abbandonato il tabagismo dopo aver iniziato ad utilizzare il Rap\u00e9. <\/div>\n<div id=\"tab_come-viene-fatto-il-rap\u00e9\" class=\"panel entry-content\" role=\"tabpanel\" aria-labelledby=\"tab-come-viene-fatto-il-rap\u00e9\">\n<ul>\n<li>Our <strong>Rap\u00e9<\/strong> are produced using a combination of ground and the ashes of sacred trees with medicinal properties.<\/li>\n<li>Our Rap\u00e9 100% natural and are free of pesticides and chemicals .<\/li>\n<li>The medicinal properties are useful for treating physical and mental disorders<\/li>\n<li>Our rap\u00e9 are made with great respect, dedication, love, and faith.<\/li>\n<\/ul>\n<p><strong>Go through a process<\/strong> di setacciatura per diventare extra fine fino alla punta del talco, rendendo pi\u00f9 facile ricevere il Rap\u00e9 diffondendosi ed espandendosi in modo pi\u00f9 efficiente. Dopo questo processo, viene energizzato con pietre e cristalli e una piramide, oltre a un periodo sotto le luci (cromoterapia).La sua parte di connessione spirituale \u00e8 piuttosto intensa, perch\u00e9 il Rap\u00e9 passando dalle nostre preghiere sacre (intenti) per diversi giorni di seguito, creano l\u2019obiettivo di identificarsi con lo spirito della pianta ascoltando i bisogni del corpo, innescando cos\u00ec il processo di guarigione e di centratura costante. I nostri rap\u00e9 aiutano ad aumentare la forza della centratura e corrente elettrica magnetica appartenente al complesso sitema di kundalini\/DNA e nella purificazione spirituale. <\/div>\n<div id=\"tab_cos'\u00e8-il-rap\u00e9\" class=\"panel entry-content\" role=\"tabpanel\" aria-labelledby=\"tab-cos'\u00e8-il-rap\u00e9\"> E&#8217; uno strumento di medicina sacra d\u2019origine, astrale e ancestrale, custodito con amore e tramandato dai nostri antenati; I nostri nonni della giungla hanno usufruito e giovato di questo strumento\/medicina fin dall\u2019inizio del tempi, e oggi ci viene portata memoria originale e rinnovata per questo meraviglioso regalo. Il <strong>Rap\u00e9<\/strong>, pu\u00f2 essere preparato con una o pi\u00f9 medicine vegetali e anche minerali, considerando che la presenza del aiuta a fare ordine, integrare e bilanciare la nostra energia e purificare la pineale, per dirigerla con uno scopo specifico. Allo stesso tempo, il<strong> Rap\u00e9<\/strong> apre la porta verso lo spirito e l\u2019universo, aiutandoci a risvegliare la purezza essenziale che sta in noi. IL <strong>Rap\u00e9<\/strong> \u00e8 la medicina aerea. In un colpo riceviamo la benedizione del Soffio del Vento, fonte universale di energia, che cancella la nostra percezione, cancella la mente e apre i canali di energia superiore, per connetterci con il pi\u00f9 alto del nostro essere. Rap\u00e9 \u00e8 anche una medicina per la visione dello spirito, che ci aiuta a liberare la mente e a fermare il dialogo interiore, ad essere veramente presenti per poter vedere oltre le nostre interpretazioni. <\/div>\n<div id=\"tab_storia\" class=\"panel entry-content\" role=\"tabpanel\" aria-labelledby=\"tab-storia\"> <b>The history of the people<\/b> <b>Yawanaw\u00e1, the producer of other rap\u00e8 in addition to the Tsunu<\/b><b><i>From time immemorial<\/i><\/b><i>the Yawanaw\u00e1 deal with the source of the river Greg\u00f3rio, a tributary of the river Juru\u00e1, in the municipality of Tarauac\u00e1, in the state of Acre, in the western Amazon. Come from the branch of linguistic Pano.<\/i> <b><i>Its population today<\/i><\/b><i> is about 1000 people living in seven villages. They were very numerous in the past. However, many were decimated by the impacts brought by colonization.<\/i> <b>Since 1984<\/b>, <i>after years of slavery, and many battles, regained part of their territories, and the demarcation of the land, with the support of the National Indian Foundation \u2013 FUNAI. It was from there that regained their rights of People, pushing away the missionaries from their lands, and by starting the revival of their culture, their language, preserved in the memory of their older relatives.<\/i> <b><i>In contrast to the prohibition earlier, women who today expect the honor and the task of preparing this superb rap\u00e8<\/i><\/b><b><i>The Yawanaw\u00e1<\/i><\/b><i> ( yawa \/white-lipped peccaries from the white lips; Nawa \/the people), are a group that belongs to the linguistic family Pano, which today occupies the Indigenous land on the river st. gregory The name \u2018Yawanaw\u00e1\u2019 appears in the historical sources written in various ways: Yawavo or Yauavo, Jawanaua, Yawanaua or Iawanawa. <\/i> <i>The form \u2018Yawanaw\u00e1 is used here follows the spelling used in school textbooks and in other documents of the paternity indigenous.<\/i> <b>The community Yawanaw\u00e1 <\/b>it is actually a conjunction of persons which includes members of other groups: Shaw\u00e3dawa (Arara) , Iskunawa (known today as the Shan\u00eanawa, who lives in a village near the town of Feij\u00f3), Rununawa, Sainawa (generally known as the Yaminaw\u00e1 , living in the region of the river Bag\u00e9), and Katukina <b>This configuration is the result of a dynamic sociological common to many groups Pano<\/b> Alleanze attraverso il matrimonio, cattura di donne durante i conflitti bellici, migrazione delle famiglie \u2013 e una serie di contingenze storiche, in particolare quei cambiamenti determinati dall&#8217;arrivo di non- Indiani, comprese epidemie e alterazioni demografiche. Questi processi portarono all&#8217;incorporazione di persone di altre popolazioni che in passato mantenevano relazioni con gli Yawanaw\u00e1. Tra gli Yaminawa della terra indigena delle sorgenti del fiume Acre c&#8217;\u00e8 un sottogruppo che porta anche il nome Yawanaw\u00e1. Tuttavia, gli Yawanaw\u00e1 sul fiume Greg\u00f3rio non sono a conoscenza di questo altro gruppo omonimo. <\/div>\n<div id=\"tab_disclaimer\" class=\"panel entry-content\" role=\"tabpanel\" aria-labelledby=\"tab-disclaimer\"> <strong><span style=\"color: #d83131;\">THE PHOTO IN THE DESCRIPTION IS PURELY INDICATIVE<\/span><\/strong> <strong><span style=\"color: #d83131;\">For the products, PLANTS, INCENSE, AND powders PREPARED AT the MOMENT not possible to be made RETURNS or REFUNDS<\/span><\/strong> The <strong>terms used<\/strong> in the categories and the tags do not want to suggest to the medicinal use and recreational products, just sort them according to their use of historic, scientific and social. <strong>The recipes are provided as a scientific<\/strong>they don&#039;t want to encourage customers to repeat them, nor to consume the products. <strong>Our content<\/strong> have not been evaluated by the FDA or by any figure of the medical profession: the possible applications, indications, dosing and warnings are described for educational purposes only, speculations and personal, and do not constitute medical advice. <strong>The products are sold<\/strong> as incense, Soaps, Resins and botanical collection, and material scientific research. <span style=\"color: #ed1c24; font-size: 115%;\"><strong>Non sono destinati al consumo umano. Per poter acquistare i nostri prodotti dovete avere pi\u00f9 di 18 anni e non sono adatti a donne in stato di gravidanza e\/o in fase di allattamento.<\/strong><\/span> To get more information on <strong>KARMARANDO<\/strong> visit <a href=\"https:\/\/www.instagram.com\/karmarando1\/\" target=\"_blank\" rel=\"noopener\"> <span style=\"color: #0000ff;\"><strong>this page<\/strong><\/span><\/a> or read the latest news on <a href=\"https:\/\/karmarando.com\/en\/blog\/\" target=\"_blank\" rel=\"nofollow noopener\"><strong><span style=\"color: #0000ff;\">BLOG<\/span><\/strong><\/a> <\/div><\/div><\/div>","protected":false},"excerpt":{"rendered":"<p>Rap\u00e9 Lavender \u2013 Tranquility, Serenity, and Purity<\/p>","protected":false},"featured_media":10631,"comment_status":"open","ping_status":"closed","template":"","meta":[],"product_brand":[],"product_cat":[186,1123,187,185],"product_tag":[],"class_list":{"0":"post-10697","1":"product","2":"type-product","3":"status-publish","4":"has-post-thumbnail","6":"product_cat-cat-rape","7":"product_cat-rape-aromatico","8":"product_cat-rape-brasiliano","9":"product_cat-rapee-e-co","10":"pa_brand-karmarando","11":"pa_fragranza-ceneri","12":"pa_fragranza-erbe","13":"pa_fragranza-lavanda","14":"pa_fragranza-mapacho","15":"pa_ingredienti-ceneri","16":"pa_ingredienti-erbe","17":"pa_ingredienti-lavanda","18":"pa_ingredienti-mapacho","19":"pa_momento-di-assunzione-mattina-a-digiuno","20":"pa_momento-di-assunzione-sera-lontano-dai-pasti","21":"pa_paese-di-fabbricazione-brasile","22":"pa_principi-attivi-acetato-di-linalile","23":"pa_principi-attivi-borneolo","24":"pa_principi-attivi-cineolo","25":"pa_principi-attivi-geraniolo","26":"pa_principi-attivi-linaiolo","27":"pa_somministrazione-nasale","28":"pa_tipo-polvere","29":"pa_unita-di-misura-10-g","30":"pa_unita-di-misura-20-g","31":"pa_unita-di-misura-50-g","32":"pa_uso-principale-aiuta-a-liberare-la-mente-e-interrompere-il-dialogo-interiore","33":"pa_uso-principale-aiuta-ad-eliminare-il-catarro-e-i-parassiti-dei-seni-frontali-paranasali-e-nasali","34":"pa_uso-principale-e-anche-un-potente-analgesico-per-dolori-alla-testa-e-al-corpo","35":"pa_uso-principale-ansiolitico","36":"pa_uso-principale-antimicrobico","37":"pa_uso-principale-antinfiammatorio","38":"pa_uso-principale-antisettico","39":"pa_uso-principale-asma","40":"pa_uso-principale-blocchi-energetici","41":"pa_uso-principale-broncopolmonite","42":"pa_uso-principale-calma","43":"pa_uso-principale-calmante","44":"pa_uso-principale-centratura","45":"pa_uso-principale-consente-di-essere-presente-per-riuscire-a-guardare-oltre-le-proprie-interpretazioni","46":"pa_uso-principale-energeticamente-cura-in-modo-diretto-paure-ansie-e-altre-energie-connesse-al-plesso-solare-se-causa-vomito-e-perche-la-persona-sta-eliminando-le-energie-dense-accumulate","47":"pa_uso-principale-decomprime-la-pressione-del-cranio","48":"pa_uso-principale-depura-ordina-e-allinea-i-campi-energetici-specialmente-i-chakra-del-terzo-occhio-e-della-testa-sale-e-scende-da-quelli-attraverso-la-colonna-vertebrale","49":"pa_uso-principale-elimina-leccesso-di-flemma-accumulato","50":"pa_uso-principale-elimina-mal-di-testa-sonnolenza-e-stordimento","51":"pa_uso-principale-evoluzione-spirituale","52":"pa_uso-principale-favorisce-il-movimento-peristaltico-intestinale","53":"pa_uso-principale-applicato-sulle-ferite-ha-funzioni-cicatrizzanti-e-antibiotiche","54":"pa_uso-principale-pace","55":"pa_uso-principale-permette-di-capire-che-cose-la-meditazione-a-livello-cosciente","56":"pa_uso-principale-permette-di-raggiungere-uno-stato-di-meditazione-molto-profondo","57":"pa_uso-principale-e-molto-efficace-anche-nel-trattamento-di-problemi-al-sistema-respiratorio-e-digestivo","58":"pa_uso-principale-procastinaggio","59":"pa_uso-principale-procastinamenrto","60":"pa_uso-principale-pulisce-tutta-la-sporcizia-accumulata-da-anni-che-e-causa-di-problemi-come-sinusite-ed-emicrania","61":"pa_uso-principale-pulizia-chakra","62":"pa_uso-principale-purificante","63":"pa_uso-principale-radicamento","64":"pa_uso-principale-rilassamento","65":"pa_uso-principale-e-rilassante-e-antipiretico","66":"pa_uso-principale-sbocchi-energetici","67":"pa_uso-principale-molte-persone-curano-la-loro-sinusiti-e-rinite-con-questa-rende-immuni-anche-dalle-malattie-dellapparato-respiratorio","68":"pa_uso-principale-spasmodico","69":"pa_uso-principale-toglie-i-parassiti-e-pulisce-gli-intestini","70":"pa_uso-principale-tranquillante","71":"pa_uso-principale-unione-del-tutto-in-uno","72":"pa_uso-principale-e-rimedio-per-la-visibilita-dello-spirito","73":"pa_uso-principale-visione-animica","75":"first","76":"instock","77":"shipping-taxable","78":"purchasable","79":"product-type-variable"},"_links":{"self":[{"href":"https:\/\/karmarando.com\/en\/wp-json\/wp\/v2\/product\/10697","targetHints":{"allow":["GET"]}}],"collection":[{"href":"https:\/\/karmarando.com\/en\/wp-json\/wp\/v2\/product"}],"about":[{"href":"https:\/\/karmarando.com\/en\/wp-json\/wp\/v2\/types\/product"}],"replies":[{"embeddable":true,"href":"https:\/\/karmarando.com\/en\/wp-json\/wp\/v2\/comments?post=10697"}],"wp:featuredmedia":[{"embeddable":true,"href":"https:\/\/karmarando.com\/en\/wp-json\/wp\/v2\/media\/10631"}],"wp:attachment":[{"href":"https:\/\/karmarando.com\/en\/wp-json\/wp\/v2\/media?parent=10697"}],"wp:term":[{"taxonomy":"product_brand","embeddable":true,"href":"https:\/\/karmarando.com\/en\/wp-json\/wp\/v2\/product_brand?post=10697"},{"taxonomy":"product_cat","embeddable":true,"href":"https:\/\/karmarando.com\/en\/wp-json\/wp\/v2\/product_cat?post=10697"},{"taxonomy":"product_tag","embeddable":true,"href":"https:\/\/karmarando.com\/en\/wp-json\/wp\/v2\/product_tag?post=10697"}],"curies":[{"name":"wp","href":"https:\/\/api.w.org\/{rel}","templated":true}]}}