{"id":1653,"date":"2020-10-03T16:51:28","date_gmt":"2020-10-03T16:51:28","guid":{"rendered":"https:\/\/karmarando.com\/?page_id=1653"},"modified":"2023-03-23T22:18:16","modified_gmt":"2023-03-23T21:18:16","slug":"informativa-privacy-e-cookies","status":"publish","type":"page","link":"https:\/\/karmarando.com\/en\/mio-account\/centro-privacy\/informativa-privacy-e-cookies\/","title":{"rendered":"Privacy policy and cookies"},"content":{"rendered":"\r\n  <div id=\"page-header-1522162860\" class=\"page-header-wrapper\">\n  <div class=\"page-title dark featured-title\">\n\n    \n    <div class=\"page-title-inner container align-center text-center flex-row-col medium-flex-wrap\" >\n              <div class=\"title-wrapper flex-col\">\n          <h1 class=\"entry-title mb-0\">\n            Informativa privacy e cookies          <\/h1>\n        <\/div>\n                    <div class=\"title-content flex-col\">\n        <div class=\"title-breadcrumbs pb-half pt-half\"><nav class=\"woocommerce-breadcrumb breadcrumbs uppercase\" aria-label=\"Breadcrumb\">Home<\/nav><\/div>      <\/div>\n    <\/div>\n\n       <\/div>\n    <\/div>\n  \r\n<div id=\"wrapper1\" class=\"wrapper1\">\r\n<div id=\"wrapper2\">\r\n<div class=\"header-stripe hidden-xs\">\r\n<div class=\"container-desktop\">\r\n<div class=\"row\">\r\n<div class=\"container\">\r\n<div class=\"socialnetworks socialnetworks_block_top\">\r\n<div class=\"accordion-head\">\r\n<h1>INFORMATIVA PRIVACY E COOKIE<\/h1>\r\n<\/div>\r\n<div class=\"rteaccordion-body\">\r\n<p>Per garantire un ambiente online sicuro e assicurare la protezione dei dati, noi rispettiamo rigorosamente i requisiti di legge. In questa Informativa sulla privacy forniamo informazioni dettagliate su modalit\u00e0 e finalit\u00e0 della raccolta dati, sulle misure di sicurezza, sui periodi di conservazione dei dati e sui dettagli di contatto.<\/p>\r\n<p>&nbsp;<\/p>\r\n<p><strong>SEZIONE 1 &#8211; INFORMAZIONI PERSONALI CHE RACCOGLIAMO<\/strong><\/p>\r\n<p><strong>1.1 Account<\/strong><\/p>\r\n<p>Gli acquisti possono essere effettuati solo se si \u00e8 in possesso di un account personale. Quando crei un account o acquisti qualcosa dal nostro negozio, come parte del processo di acquisto e vendita raccogliamo le seguenti informazioni personali da te fornite:<\/p>\r\n<p>\u2022 Nome e cognome<br \/>\u2022 Indirizzo di abitazione e di fatturazione<br \/>\u2022 Numero di telefono<br \/>\u2022 Il tuo genere<br \/>\u2022 Indirizzo IP<br \/>\u2022 Indirizzo e-mail<br \/>\u2022 Data di nascita<\/p>\r\n<p>Questi dati sono necessari per completare la consegna dei prodotti. Inoltre, quando navighi nel nostro negozio, riceviamo automaticamente l&#8217;indirizzo IP (Internet Protocol) del tuo computer. Sulla base di queste informazioni possiamo migliorare la tua esperienza online e contemporaneamente proteggere il nostro ambiente sul web.<\/p>\r\n<p><strong>Scopo della raccolta dei dati<\/strong><br \/>Raccogliamo e archiviamo i dati relativi all&#8217;account utente per i seguenti scopi:<\/p>\r\n<p>a. Adempiere ai nostri obblighi derivanti da eventuali contratti tra te e noi, e fornirti le informazioni, i prodotti e i servizi che ci richiedi;<br \/>b. Configurare, gestire il tuo account e contattarti in merito all\u2019account stesso o agli ordini;<br \/>c. Effettuare analisi e ricerche di mercato;<br \/>d. Confermare la tua et\u00e0 e identit\u00e0; identificare e prevenire le frodi.<\/p>\r\n<p><strong>1.2 Newsletter<\/strong><br \/>Con la tua esplicita autorizzazione, potremmo inviarti newsletter sul nostro negozio, su nuovi prodotti e altre notizie. Inviamo newsletter solo dopo il consenso espresso dall\u2019utente. Le seguenti informazioni sono raccolte nel contesto della newsletter:<\/p>\r\n<p>\u2022 Nome e cognome<br \/>\u2022 Il tuo genere<br \/>\u2022 Indirizzo e-mail<\/p>\r\n<p><strong>Scopo della raccolta dei dati<\/strong><br \/>I dati raccolti sono usati per:<\/p>\r\n<p>a. Personalizzare le nostre e-mail, incluso il tuo nome e il tuo genere, e per fornire contenuti specifici per genere;<br \/>\u00c8 possibile revocare il consenso in qualsiasi momento utilizzando il link fornito nella newsletter o le informazioni di contatto fornite nella sezione 2.<\/p>\r\n<p><strong>1.3 Servizio clienti<\/strong>\u00a0<br \/>Per poter offrire un supporto adeguato, i dipendenti del supporto clienti hanno accesso alle informazioni relative all&#8217;account. Di conseguenza, il loro supporto sar\u00e0 molto efficace e piacevole. Le informazioni fornite tramite il nostro modulo di contatto vengono usate dal nostro software gestionale. Utilizzeremo tali dati esclusivamente per rispondere ai tuoi messaggi.<\/p>\r\n<p>&nbsp;<\/p>\r\n<p><strong>SEZIONE 2 &#8211; CONSENSO<\/strong><\/p>\r\n<p>Quando ci fornisci informazioni personali per completare una transazione, verificare la tua carta di credito, effettuare un ordine, organizzare una consegna o restituire un acquisto, consideriamo che tu acconsenta alla nostra raccolta di queste informazioni da utilizzare solo per quella specifica ragione.<\/p>\r\n<p>Se chiediamo le tue informazioni personali per un motivo secondario, come il marketing, ti richiediamo direttamente di esprimere il tuo consenso o ti diamo la possibilit\u00e0 di negarlo.<\/p>\r\n<p><strong>2.1\u00a0Come annullare il consenso?<\/strong><br \/>Se cambi idea dopo aver espresso il consenso, puoi annullare in qualsiasi momento il tuo consenso a contattarti per continuare a raccogliere, utilizzare o divulgare le tue informazioni contattandoci a:\u00a0<a href=\"mailto:info@karmarando.com\">info@karmarando.com<\/a><\/p>\r\n<p>&nbsp;<\/p>\r\n<p><strong>SEZIONE 3 &#8211; DIVULGAZIONE<\/strong><\/p>\r\n<p>Potremmo divulgare le tue informazioni personali se siamo obbligati per legge a farlo o se tu violi i nostri\u00a0Termini di servizio.<a href=\"https:\/\/karmarando.com\/termini-e-condizioni\/\">Termini di servizio.<\/a><\/p>\r\n<p>&nbsp;<\/p>\r\n<p><strong>SEZIONE 4 \u2013 PER QUANTO TEMPO CONSERVIAMO I TUOI DATI?<\/strong><\/p>\r\n<p>In Karmando il minimalismo dei dati \u00e8 di grande importanza. Pertanto, non conserveremo i dati per un periodo pi\u00f9 lungo del necessario agli scopi indicati in questa Informativa. Periodi di conservazione diversi si applicano a diversi tipi di dati, ma normalmente il nostro pi\u00f9 lungo periodo di archiviazione dei dati personali \u00e8 di 10 anni.<\/p>\r\n<p><strong>4.1\u00a0Informazioni sull&#8217;account<\/strong><br \/>I dati relativi all&#8217;account rimangono rilevanti fino a quando il cliente \u00e8 in possesso di un account. Pertanto, i dati rimangono documentati fino a quando l&#8217;account esiste. Quando i nostri clienti rimuovono un account, i relativi dati verranno eliminati entro un periodo ragionevole. Le richieste riguardanti l&#8217;ispezione o la correzione di dati personali memorizzati o la rimozione di un account possono essere inviate a:\u00a0<a href=\"mailto:info@karmarando.com\">info@karmarando.com<\/a><\/p>\r\n<p><strong>4.2 Newsletter<\/strong><br \/>Il consenso alla newsletter e ai dati associati rimangono pertinenti fino a quando i nostri clienti sono registrati per ricevere la newsletter. Tuttavia eseguiamo periodicamente (ogni mese) un controllo di pertinenza. I clienti registrati e le loro informazioni personali saranno cancellate ogni volta che il cliente non rispondesse alla nostra richiesta. Inoltre, la nostra comunicazione di newsletter presenta una funzione di cancellazione. I clienti possono ritirare il proprio consenso utilizzando questa funzione.<\/p>\r\n<p>&nbsp;<\/p>\r\n<p><strong>SEZIONE 5 &#8211; COOKIE<\/strong><\/p>\r\n<p>I cookie sono piccole informazioni che comunicano al tuo computer le interazioni precedenti con il nostro sito web. Questi cookie sono memorizzati sul tuo hard disk, non sul nostro sito web. Fondamentalmente, quando usi il nostro sito web, il tuo computer ci mostrer\u00e0 i suoi cookie dicendo al nostro sito se lo hai gi\u00e0 usato in precedenza. Questo consente al nostro sito web di operare pi\u00f9 velocemente e di ricordare i dati relativi alle visite precedenti (ad esempio il nome utente) per rendere pi\u00f9 comoda la navigazione. In Karmarando, utilizziamo due tipi di cookie: cookie funzionali e cookie analitici.<\/p>\r\n<p><strong>5.1\u00a0Cookie funzionali<\/strong><br \/>I cookie funzionali vengono utilizzati per migliorare la tua esperienza online. Questi cookie, tra l&#8217;altro, tengono traccia di ci\u00f2 che viene inserito nel carrello della spesa. L&#8217;uso di questi cookie non richiede l&#8217;autorizzazione preventiva.<\/p>\r\n<p><strong>5.2\u00a0Cookie analitici<\/strong><br \/>I cookie analitici vengono utilizzati per effettuare ricerche di mercato e analisi. I dati raccolti con questi cookie analitici sono resi anonimi, diventando quindi inutili per gli altri. L&#8217;uso di questi cookie non richiede l&#8217;autorizzazione preventiva.<\/p>\r\n<p>&nbsp;<\/p>\r\n<p><strong>SEZIONE 6 &#8211; SERVIZI DI TERZE PARTI<\/strong><\/p>\r\n<p>I servizi di terze parti sono necessari per svolgere le transazioni ed erogare i nostri servizi. In generale, i fornitori di terze parti da noi utilizzati raccoglieranno, utilizzeranno e divulgheranno le informazioni solo nella misura necessaria per consentire loro di eseguire i servizi che ci forniscono.<\/p>\r\n<p>Tuttavia, alcuni fornitori di servizi di terze parti, come i gateway di pagamento e altri processori delle transazioni monetarie, hanno le proprie politiche sulla privacy in relazione alle informazioni che ci viene richiesto di fornire loro per le transazioni connesse agli acquisti.<\/p>\r\n<p>Relativamente a questi fornitori ti consigliamo di leggere le loro politiche sulla privacy, in modo che tu possa capire il modo in cui le tue informazioni personali saranno gestite da queste aziende.<\/p>\r\n<p>In particolare, alcuni fornitori potrebbero trovarsi, o avere strutture, in una giurisdizione diversa dalla nostra o dalla tua. Quindi, se decidi di procedere con una transazione che coinvolge i servizi di una terza parte, le tue informazioni potrebbero essere soggette alle leggi della giurisdizione dove si trova il fornitore di servizi o una sua struttura.<\/p>\r\n<p>Una volta uscito dal sito web del nostro negozio o reindirizzato a un sito web o a un&#8217;applicazione di terze parti, l&#8217;utente non \u00e8 pi\u00f9 soggetto alla presente Informativa sulla privacy o ai\u00a0<a title=\"Termini e Condizioni\" href=\"https:\/\/www.karmarando.com\/en\/mio-account\/centro-privacy\/termini-e-condizioni\/\">Termini di Servizio<\/a>\u00a0del nostro sito web.<\/p>\r\n<p>&nbsp;<\/p>\r\n<p><strong>Servizio di analisi web (dati resi anonimi)<\/strong><\/p>\r\n<p>In questo sito web, abbiamo integrato un componente di un servizio di analisi web (con la funzione anonymizer). L&#8217;analisi web pu\u00f2 essere definita come la raccolta e l&#8217;analisi dei dati relativi al comportamento dei visitatori dei siti in internet. Un servizio di analisi web raccoglie, tra l&#8217;altro, i dati sul sito da cui \u00e8 arrivata una persona (il cosiddetto referrer), quali pagine secondarie sono state visitate, o con quale frequenza, e per quale durata \u00e8 stata visualizzata una sottopagina. L&#8217;analisi dei dati web viene principalmente utilizzata per l&#8217;ottimizzazione di un sito e per eseguire un&#8217;analisi costi-benefici della pubblicit\u00e0 su internet.g.<\/p>\r\n<p><strong>Corriere<\/strong><br \/>Per effettuare le consegne facciamo uso di un servizio di corriere. Questo servizio effettua la spedizione tra la nostra azienda e l&#8217;indirizzo del cliente. Per completare il processo logistico, l&#8217;azienda richiede l&#8217;accesso alle informazioni su nome e indirizzo del cliente.<\/p>\r\n<p><strong>Servizio postale<\/strong><br \/>In Karmarando usiamo un fornitore esterno di servizi di posta per inviare la newsletter. Questo fornitore ha accesso a informazioni limitate sull&#8217;account e relative al consenso dato (ad esempio l\u2019indirizzo e-mail).<\/p>\r\n<p><strong>Servizio di marketing<\/strong><br \/>Karmarando \u00e8 supportata da una societ\u00e0 specializzata in attivit\u00e0 di marketing e comunicazione. Il suo accesso alle informazioni personali \u00e8 molto limitato e per lo pi\u00f9 reso anonimo.<\/p>\r\n<p><strong>Servizi di pagamento<\/strong><br \/>In Karmarando utilizziamo servizi di pagamento esterni per eseguire le transazioni (ad esempio pagamenti con carta di credito).<\/p>\r\n<p>&nbsp;<\/p>\r\n<p><strong>SEZIONE 7 &#8211; SICUREZZA<\/strong><\/p>\r\n<p>Per proteggere le tue informazioni personali prendiamo precauzioni ragionevoli e seguiamo le migliori pratiche del settore in modo da assicurarci che non vengano perse, utilizzate in modo improprio, rese accessibili, divulgate, alterate o distrutte in modo inappropriato.<\/p>\r\n<p>Se ci fornisci i dati della tua carta di credito, le informazioni vengono crittografate utilizzando la tecnologia Secure Socket Layer (SSL) e archiviate con una crittografia AES-256. Sebbene nessun metodo di trasmissione su internet o di archiviazione elettronica sia sicuro al 100%, seguiamo tutti i requisiti PCI-DSS e implementiamo standard industriali universalmente accettati. Le informazioni relative all&#8217;account sono protette con un metodo di hashing. Questo metodo trasforma le informazioni in un hash generato. Di conseguenza, le informazioni sensibili sono protette e invisibili persino da noi. Inoltre, i nostri database sono eccezionalmente protetti da persone non autorizzate. Ad esempio, l&#8217;accesso al database \u00e8 possibile e consentito solo da indirizzi IP approvati (che si trovano, ad esempio, presso la sede centrale di Karmarando). Altri tipi di tentativi di accesso o indirizzi IP sono rifiutati in qualsiasi circostanza.<\/p>\r\n<p>Inoltre, i dati sono stati resi il pi\u00f9 possibile anonimi. Pertanto, le informazioni non possono essere direttamente collegate a un consumatore specifico. Con questi dati, tuttavia, potremmo eseguire ricerche di mercato e analisi. Inoltre, le parti interessate (ad esempio il servizio di mailing) sono sottoposte a screening prima di iniziare una collaborazione con noi, sono conformi a GDPR e sono sottoposte ad un accordo contrattuale. All&#8217;interno di Karmarando, ai dipendenti vengono assegnate diverse autorizzazioni di accesso. Ogni tipo di autorizzazione fornisce accesso solo alle informazioni strettamente necessarie richieste per eseguire una specifica attivit\u00e0.<\/p>\r\n<p>Le misure di sicurezza digitali sono soggette a modifiche e devono soddisfare elevati requisiti per garantire la sicurezza dei clienti online. Pertanto, in Karmarando abbiamo nominato un responsabile della sicurezza. Il controllo periodico e il miglioramento delle misure di sicurezza (quando necessario) fanno parte della sua funzione all&#8217;interno dell&#8217;azienda.<\/p>\r\n<p>&nbsp;<\/p>\r\n<p><strong>SEZIONE 8 &#8211; MODIFICHE ALLA PRESENTE POLITICA SULLA PRIVACY<\/strong><\/p>\r\n<p>Ci riserviamo il diritto di modificare questa Informativa sulla privacy in qualsiasi momento, quindi ti preghiamo di controllarla di frequente. Cambiamenti e chiarimenti entreranno in vigore immediatamente dopo la loro pubblicazione sul sito web. Se dovessimo apportare modifiche sostanziali a questa politica, ti notificheremo che \u00e8 stata aggiornata, in modo che tu sappia quali informazioni raccogliamo, come le usiamo e in quali circostanze, se esistono, le usiamo e\/o le divulghiamo.<\/p>\r\n<p>&nbsp;<\/p>\r\n<p><strong>SEZIONE 9 &#8211; CANCELLAZIONE e OBLIO DATI <\/strong><\/p>\r\n<p>Tutti gli strumenti per cancellazione e oblio o modifica possono essere raggiunti da <a href=\"https:\/\/www.karmarando.com\/mio-account\/centro-privacy\/\">questa pagina<\/a><\/p>\r\n<p>&nbsp;<\/p>\r\n<\/div>\r\n<\/div>\r\n<\/div>\r\n<\/div>\r\n<\/div>\r\n<\/div>\r\n<\/div>\r\n<\/div>\r\n<p>\r\n\r\n<form action=\"\" method=\"POST\"><button type=\"button\" class=\"njt_gdpr_policy_accept_btn njt_gdpr_btn\">Accept<\/button><\/form>\n\r\n\r\n\n<!-- UberMenu [Configuration:footermenubis] [Theme Loc:] [Integration:api] -->\n<button class=\"ubermenu-responsive-toggle ubermenu-responsive-toggle-footermenubis ubermenu-skin-black-white-2 ubermenu-loc- ubermenu-responsive-toggle-content-align-center ubermenu-responsive-toggle-align-full ubermenu-responsive-toggle-open\" tabindex=\"0\" data-ubermenu-target=\"ubermenu-footermenubis-2553\"   aria-label=\"Toggle Menu\"><i class=\"fas fa-bars\" ><\/i>INFORMAZIONI<\/button><nav id=\"ubermenu-footermenubis-2553\" class=\"ubermenu ubermenu-nojs ubermenu-footermenubis ubermenu-menu-2553 ubermenu-responsive ubermenu-responsive-default ubermenu-mobile-accordion ubermenu-responsive-nocollapse ubermenu-horizontal ubermenu-transition-shift ubermenu-trigger-hover_intent ubermenu-skin-black-white-2 ubermenu-has-border ubermenu-bar-align-full ubermenu-items-align-flex ubermenu-bound ubermenu-disable-submenu-scroll ubermenu-hide-bkgs ubermenu-sub-indicators ubermenu-retractors-responsive ubermenu-submenu-indicator-closes\"><ul id=\"ubermenu-nav-footermenubis-2553\" class=\"ubermenu-nav\" data-title=\"GDPR &amp; PRIVACY\"><li id=\"menu-item-9472\" class=\"ubermenu-item ubermenu-item-type-post_type ubermenu-item-object-page ubermenu-item-9472 ubermenu-item-level-0 ubermenu-column ubermenu-column-auto\" ><a class=\"ubermenu-target ubermenu-item-layout-default ubermenu-item-layout-text_only\" href=\"https:\/\/karmarando.com\/en\/mio-account\/centro-privacy\/\" tabindex=\"0\"><span class=\"ubermenu-target-title ubermenu-target-text\">Centro Privacy<\/span><\/a><\/li><li id=\"menu-item-9473\" class=\"ubermenu-item ubermenu-item-type-post_type ubermenu-item-object-page ubermenu-item-privacy-policy ubermenu-item-9473 ubermenu-item-level-0 ubermenu-column ubermenu-column-auto\" ><a class=\"ubermenu-target ubermenu-item-layout-default ubermenu-item-layout-text_only\" href=\"https:\/\/karmarando.com\/en\/mio-account\/centro-privacy\/informativa-privacy-e-cookies\/\" tabindex=\"0\"><span class=\"ubermenu-target-title ubermenu-target-text\">Informativa privacy e cookies<\/span><\/a><\/li><li id=\"menu-item-9479\" class=\"ubermenu-item ubermenu-item-type-post_type ubermenu-item-object-page ubermenu-item-has-children ubermenu-item-9479 ubermenu-item-level-0 ubermenu-column ubermenu-column-auto ubermenu-has-submenu-drop ubermenu-has-submenu-mega\" ><a class=\"ubermenu-target ubermenu-item-layout-default ubermenu-item-layout-text_only\" href=\"https:\/\/karmarando.com\/en\/mio-account\/centro-privacy\/termini-e-condizioni\/\" tabindex=\"0\"><span class=\"ubermenu-target-title ubermenu-target-text\">Termini e condizioni<\/span><i class='ubermenu-sub-indicator fas fa-angle-down'><\/i><\/a><ul  class=\"ubermenu-submenu ubermenu-submenu-id-9479 ubermenu-submenu-type-auto ubermenu-submenu-type-mega ubermenu-submenu-drop ubermenu-submenu-align-full_width\"  ><li id=\"menu-item-9480\" class=\"ubermenu-item ubermenu-item-type-post_type ubermenu-item-object-page ubermenu-item-9480 ubermenu-item-auto ubermenu-item-header ubermenu-item-level-1 ubermenu-column ubermenu-column-auto\" ><a class=\"ubermenu-target ubermenu-item-layout-default ubermenu-item-layout-text_only\" href=\"https:\/\/karmarando.com\/en\/condizioni-reso\/\"><span class=\"ubermenu-target-title ubermenu-target-text\">Condizioni Reso<\/span><\/a><\/li><\/ul><\/li><li id=\"menu-item-9475\" class=\"ubermenu-item ubermenu-item-type-post_type ubermenu-item-object-page ubermenu-item-9475 ubermenu-item-level-0 ubermenu-column ubermenu-column-auto\" ><a class=\"ubermenu-target ubermenu-item-layout-default ubermenu-item-layout-text_only\" href=\"https:\/\/karmarando.com\/en\/mio-account\/centro-privacy\/disclaimer\/\" tabindex=\"0\"><span class=\"ubermenu-target-title ubermenu-target-text\">Disclaimer<\/span><\/a><\/li><li id=\"menu-item-9477\" class=\"ubermenu-item ubermenu-item-type-post_type ubermenu-item-object-page ubermenu-item-has-children ubermenu-item-9477 ubermenu-item-level-0 ubermenu-column ubermenu-column-auto ubermenu-has-submenu-drop ubermenu-has-submenu-mega\" ><a class=\"ubermenu-target ubermenu-item-layout-default ubermenu-item-layout-text_only\" href=\"https:\/\/karmarando.com\/en\/mio-account\/centro-privacy\/rettifica-dati\/\" tabindex=\"0\"><span class=\"ubermenu-target-title ubermenu-target-text\">Rettifica dati<\/span><i class='ubermenu-sub-indicator fas fa-angle-down'><\/i><\/a><ul  class=\"ubermenu-submenu ubermenu-submenu-id-9477 ubermenu-submenu-type-auto ubermenu-submenu-type-mega ubermenu-submenu-drop ubermenu-submenu-align-full_width\"  ><li id=\"menu-item-9476\" class=\"ubermenu-item ubermenu-item-type-post_type ubermenu-item-object-page ubermenu-item-9476 ubermenu-item-auto ubermenu-item-header ubermenu-item-level-1 ubermenu-column ubermenu-column-auto\" ><a class=\"ubermenu-target ubermenu-item-layout-default ubermenu-item-layout-text_only\" href=\"https:\/\/karmarando.com\/en\/mio-account\/centro-privacy\/oblio\/\"><span class=\"ubermenu-target-title ubermenu-target-text\">Oblio<\/span><\/a><\/li><\/ul><\/li><li id=\"menu-item-9478\" class=\"ubermenu-item ubermenu-item-type-post_type ubermenu-item-object-page ubermenu-item-9478 ubermenu-item-level-0 ubermenu-column ubermenu-column-auto\" ><a class=\"ubermenu-target ubermenu-item-layout-default ubermenu-item-layout-text_only\" href=\"https:\/\/karmarando.com\/en\/mio-account\/centro-privacy\/richiesta-dati\/\" tabindex=\"0\"><span class=\"ubermenu-target-title ubermenu-target-text\">Richiesta dati<\/span><\/a><\/li><li id=\"menu-item-9474\" class=\"ubermenu-item ubermenu-item-type-post_type ubermenu-item-object-page ubermenu-item-9474 ubermenu-item-level-0 ubermenu-column ubermenu-column-auto\" ><a class=\"ubermenu-target ubermenu-item-layout-default ubermenu-item-layout-text_only\" href=\"https:\/\/karmarando.com\/en\/mio-account\/centro-privacy\/contatto-dpo\/\" tabindex=\"0\"><span class=\"ubermenu-target-title ubermenu-target-text\">Contatto DPO<\/span><\/a><\/li><\/ul><\/nav>\n<!-- End UberMenu -->\n<\/p>","protected":false},"excerpt":{"rendered":"","protected":false},"author":1,"featured_media":0,"parent":7863,"menu_order":0,"comment_status":"closed","ping_status":"closed","template":"page-blank.php","meta":{"footnotes":""},"class_list":["post-1653","page","type-page","status-publish","hentry"],"_links":{"self":[{"href":"https:\/\/karmarando.com\/en\/wp-json\/wp\/v2\/pages\/1653","targetHints":{"allow":["GET"]}}],"collection":[{"href":"https:\/\/karmarando.com\/en\/wp-json\/wp\/v2\/pages"}],"about":[{"href":"https:\/\/karmarando.com\/en\/wp-json\/wp\/v2\/types\/page"}],"author":[{"embeddable":true,"href":"https:\/\/karmarando.com\/en\/wp-json\/wp\/v2\/users\/1"}],"replies":[{"embeddable":true,"href":"https:\/\/karmarando.com\/en\/wp-json\/wp\/v2\/comments?post=1653"}],"version-history":[{"count":0,"href":"https:\/\/karmarando.com\/en\/wp-json\/wp\/v2\/pages\/1653\/revisions"}],"up":[{"embeddable":true,"href":"https:\/\/karmarando.com\/en\/wp-json\/wp\/v2\/pages\/7863"}],"wp:attachment":[{"href":"https:\/\/karmarando.com\/en\/wp-json\/wp\/v2\/media?parent=1653"}],"curies":[{"name":"wp","href":"https:\/\/api.w.org\/{rel}","templated":true}]}}