{"id":8435,"date":"2022-10-19T22:00:15","date_gmt":"2022-10-19T20:00:15","guid":{"rendered":"https:\/\/www.karmarando.com\/?post_type=product&#038;p=8435"},"modified":"2025-12-04T13:51:54","modified_gmt":"2025-12-04T12:51:54","slug":"mate-leaf-for-tea","status":"publish","type":"product","link":"https:\/\/karmarando.com\/de\/piante-di-potere\/ambil-e-mambe\/mate-leaf-for-tea\/","title":{"rendered":"Mate Leaf for TEA"},"content":{"rendered":"<div class=\"tabbed-content\">\n\t\t\t\n\t\t\t<ul class=\"nav nav-pills nav-uppercase nav-size-small nav-center\" role=\"tablist\"><li id=\"tab-descrizione\" class=\"tab active has-icon\" role=\"presentation\"><a href=\"#tab_descrizione\" role=\"tab\" aria-selected=\"true\" aria-controls=\"tab_descrizione\"><span>Beschreibung<\/span><\/a><\/li>\n<li id=\"tab-propriet\u00e0\" class=\"tab has-icon\" role=\"presentation\"><a href=\"#tab_propriet\u00e0\" tabindex=\"-1\" role=\"tab\" aria-selected=\"false\" aria-controls=\"tab_propriet\u00e0\"><span>Eigenschaften<\/span><\/a><\/li>\n<li id=\"tab-come-si-f\u00e0?\" class=\"tab has-icon\" role=\"presentation\"><a href=\"#tab_come-si-f\u00e0?\" tabindex=\"-1\" role=\"tab\" aria-selected=\"false\" aria-controls=\"tab_come-si-f\u00e0?\"><span>Wie funktioniert es?<\/span><\/a><\/li>\n<li id=\"tab-disclaimer\" class=\"tab has-icon\" role=\"presentation\"><a href=\"#tab_disclaimer\" tabindex=\"-1\" role=\"tab\" aria-selected=\"false\" aria-controls=\"tab_disclaimer\"><span>HAFTUNGSAUSSCHLUSS<\/span><\/a><\/li><\/ul><div class=\"tab-panels\"><div id=\"tab_descrizione\" class=\"panel active entry-content\" role=\"tabpanel\" aria-labelledby=\"tab-descrizione\">\n<h3><strong>Mate Leaf for TEA<\/strong><\/h3>\n<\/div>\n<div id=\"tab_propriet\u00e0\" class=\"panel entry-content\" role=\"tabpanel\" aria-labelledby=\"tab-propriet\u00e0\">\n<h3><strong>SEINE EIGENSCHAFTEN:<\/strong><\/h3>\n<ul>\n<li>Abhilfe und Linderung von schmerzen in den gelenken und\/oder muskeln.<\/li>\n<li>H\u00f6here festigkeit sichtbar<\/li>\n<li>Behebt ein problem, mangelern\u00e4hrung und\/oder assimilation und m\u00e4ngel<\/li>\n<li>St\u00e4rkt und regeneriert knochen und andere teile der knochen des k\u00f6rpers in relativ kurzer zeit.<\/li>\n<li>Reinigt die harn-kanal<\/li>\n<li>Verbessert die moral und lust<\/li>\n<li>Verbessert die verdauung im allgemeinen.<\/li>\n<li>Regel die triglyceride und das cholesterin.<\/li>\n<li>Spendet viel schwung und Energie<\/li>\n<\/ul>\n<\/div>\n<div id=\"tab_come-si-f\u00e0?\" class=\"panel entry-content\" role=\"tabpanel\" aria-labelledby=\"tab-come-si-f\u00e0?\">\n<h3><strong>WIE UND MIT WELCHEN MENGEN VERBRAUCHT:<\/strong><\/h3>\n<p>Das Mate Leaf for TEA<\/p>\n<h3><strong>Eigenschaften:<\/strong><\/h3>\n<p>Mate Leaf for TEA<\/p>\n<p>&nbsp;<\/p>\n<\/div>\n<div id=\"tab_disclaimer\" class=\"panel entry-content\" role=\"tabpanel\" aria-labelledby=\"tab-disclaimer\">\n<p><strong><span style=\"color: #d83131;\">DIE BILDER IN DER BESCHREIBUNG SIND REIN INDIKATIV ZU VERSTEHEN<\/span><\/strong><\/p>\n<p><strong><span style=\"color: #d83131;\">PRODUKTE GARANTIERT KARMARANDO<\/span><\/strong><\/p>\n<p><strong><span style=\"color: #d83131;\">DIE BILDER IN DER BESCHREIBUNG SIND REIN INDIKATIV ZU VERSTEHEN<\/span><\/strong><\/p>\n<p><strong><span style=\"color: #d83131;\">PRODUKTE GARANTIERT KARMARANDO<\/span><\/strong><\/p>\n<p><strong><span style=\"color: #d83131;\">F\u00fcr produkte, PFLANZEN, WEIHRAUCH UND PRODUKTE IN PULVERFORM ZUR ZEIT nicht protranno durchgef\u00fchrt werden R\u00dcCKSENDUNGEN oder ERSTATTUNGEN<\/span><\/strong><\/p>\n<p>Die <strong>begriffe<\/strong> in den kategorien-und tag-wollen nicht vorschlagen, der medizinischen verwendung und prominenten der produkte, nur besser organisieren, auf der basis ihrer historischen, wissenschaftlichen und gesellschaftlichen.<\/p>\n<p><strong>Die rezepte sind zur verf\u00fcgung gestellt wissenschaftliche<\/strong>: nicht wollen, um die kunden zu ermutigen, sie zu wiederholen, noch nicht einmal consumarne produkte.<\/p>\n<p><strong>Unsere inhalte<\/strong> nicht bewertet wurden von der FDA oder einer beliebigen abbildung professionelle medizinische: die m\u00f6glichen anwendungen, indikationen, dosierungen und hinweise beschrieben, die nur f\u00fcr p\u00e4dagogischen zweck, sind spekulationen pers\u00f6nliche und stellen keine medizinische beratung.<\/p>\n<p><strong>Die produkte verkauft werden<\/strong> wie r\u00e4ucherst\u00e4bchen, Seifen, Harze und material botanische sammlung und material der wissenschaftlichen forschung.<\/p>\n<p><span style=\"color: #ed1c24; font-size: 115%;\"><strong>Nicht zum menschlichen verzehr bestimmt.<br \/>\nDamit sie unsere produkte erwerben, m\u00fcssen sie mindestens 18 jahre alt sein und eignen sich nicht f\u00fcr schwangere und\/oder stillende frauen.<\/strong><\/span><\/p>\n<p>Zu erhalten mehr informationen <strong>KARMARANDO<\/strong> besuch <a href=\"https:\/\/www.instagram.com\/karmarando1\/\" target=\"_blank\" rel=\"noopener\"><br \/>\n<span style=\"color: #0000ff;\"><strong>diese seite<\/strong><\/span><\/a> oder lesen sie die neuesten nachrichten auf <a href=\"https:\/\/karmarando.com\/de\/blog\/\" target=\"_blank\" rel=\"nofollow noopener\"><strong><span style=\"color: #0000ff;\">BLOG<\/span><\/strong><\/a><\/p>\n<\/div><\/div><\/div>","protected":false},"excerpt":{"rendered":"<p>Mate Leaf for TEA<\/p>","protected":false},"featured_media":5054,"comment_status":"open","ping_status":"closed","template":"","meta":[],"product_brand":[],"product_cat":[193,185],"product_tag":[2547,2548],"class_list":{"0":"post-8435","1":"product","2":"type-product","3":"status-publish","4":"has-post-thumbnail","6":"product_cat-ambil-e-mambe","7":"product_cat-rapee-e-co","8":"product_tag-mate-leaf","9":"product_tag-tea","10":"pa_brand-karmarando","11":"pa_ean-2546","12":"pa_ingredienti-meat-leaf","13":"pa_paese-di-fabbricazione-colombia","14":"pa_unita-di-misura-100-g","15":"pa_unita-di-misura-1000-g","16":"pa_unita-di-misura-150-g","17":"pa_unita-di-misura-300-g","18":"pa_unita-di-misura-50-g","19":"pa_unita-di-misura-600-g","21":"first","22":"instock","23":"featured","24":"shipping-taxable","25":"purchasable","26":"product-type-variable"},"_links":{"self":[{"href":"https:\/\/karmarando.com\/de\/wp-json\/wp\/v2\/product\/8435","targetHints":{"allow":["GET"]}}],"collection":[{"href":"https:\/\/karmarando.com\/de\/wp-json\/wp\/v2\/product"}],"about":[{"href":"https:\/\/karmarando.com\/de\/wp-json\/wp\/v2\/types\/product"}],"replies":[{"embeddable":true,"href":"https:\/\/karmarando.com\/de\/wp-json\/wp\/v2\/comments?post=8435"}],"wp:featuredmedia":[{"embeddable":true,"href":"https:\/\/karmarando.com\/de\/wp-json\/wp\/v2\/media\/5054"}],"wp:attachment":[{"href":"https:\/\/karmarando.com\/de\/wp-json\/wp\/v2\/media?parent=8435"}],"wp:term":[{"taxonomy":"product_brand","embeddable":true,"href":"https:\/\/karmarando.com\/de\/wp-json\/wp\/v2\/product_brand?post=8435"},{"taxonomy":"product_cat","embeddable":true,"href":"https:\/\/karmarando.com\/de\/wp-json\/wp\/v2\/product_cat?post=8435"},{"taxonomy":"product_tag","embeddable":true,"href":"https:\/\/karmarando.com\/de\/wp-json\/wp\/v2\/product_tag?post=8435"}],"curies":[{"name":"wp","href":"https:\/\/api.w.org\/{rel}","templated":true}]}}