{"id":7155,"date":"2022-06-01T13:40:46","date_gmt":"2022-06-01T11:40:46","guid":{"rendered":"https:\/\/www.karmarando.com\/?post_type=product&#038;p=7155"},"modified":"2025-12-04T13:52:20","modified_gmt":"2025-12-04T12:52:20","slug":"mambe-ypadu-pronto-alivio-organico-100-stile-colombiano","status":"publish","type":"product","link":"https:\/\/karmarando.com\/de\/piante-di-potere\/ambil-e-mambe\/mambe-ypadu-pronto-alivio-organico-100-stile-colombiano\/","title":{"rendered":"Mambe Ypadu Bereit Punta Organischen 100% \u2013 Kolumbianischen Stil"},"content":{"rendered":"<div class=\"tabbed-content\">\n\t\t\t\n\t\t\t<ul class=\"nav nav-pills nav-uppercase nav-size-small nav-center\" role=\"tablist\"><li id=\"tab-descrizione\" class=\"tab active has-icon\" role=\"presentation\"><a href=\"#tab_descrizione\" role=\"tab\" aria-selected=\"true\" aria-controls=\"tab_descrizione\"><span>Beschreibung<\/span><\/a><\/li>\n<li id=\"tab-propriet\u00e0\" class=\"tab has-icon\" role=\"presentation\"><a href=\"#tab_propriet\u00e0\" tabindex=\"-1\" role=\"tab\" aria-selected=\"false\" aria-controls=\"tab_propriet\u00e0\"><span>Eigenschaften<\/span><\/a><\/li>\n<li id=\"tab-come-si-f\u00e0?\" class=\"tab has-icon\" role=\"presentation\"><a href=\"#tab_come-si-f\u00e0?\" tabindex=\"-1\" role=\"tab\" aria-selected=\"false\" aria-controls=\"tab_come-si-f\u00e0?\"><span>Wie funktioniert es?<\/span><\/a><\/li>\n<li id=\"tab-disclaimer\" class=\"tab has-icon\" role=\"presentation\"><a href=\"#tab_disclaimer\" tabindex=\"-1\" role=\"tab\" aria-selected=\"false\" aria-controls=\"tab_disclaimer\"><span>HAFTUNGSAUSSCHLUSS<\/span><\/a><\/li><\/ul><div class=\"tab-panels\"><div id=\"tab_descrizione\" class=\"panel active entry-content\" role=\"tabpanel\" aria-labelledby=\"tab-descrizione\">\n<h3><strong>Mambe Ypadu Powder Stile Colombiano<br \/>\n<\/strong><\/h3>\n<p>Lo stile Coombiano \u00e8 piu morbido e si scioglie meglio ed \u00e8 un po piu forte di quello Peruviano, molto piu forte, ha una lavorazione deversa dal peruviano che davvero si fa sentire in tutta la sua potenza.<\/p>\n<p>per pochi soldi in piu ne vale davvero la pena.<\/p>\n<p><strong>MAMB\u00c9 ODER YPADU&#039; Ypadu<\/strong> ist ein pulver, das durch r\u00f6sten und r\u00f6sten langsam den frischen bl\u00e4ttern gerade geerntet, gemahlen und dann gemischt, bis der asche der bl\u00e4tter des baumes Cecropia Peltata oder (Cecropiatra anderen sorten) als zusatz alkalisch.<\/p>\n<p><strong>Mamb\u00e8 Bereit<\/strong> <strong>Punta Bio-Bio, Nat\u00fcrliche<\/strong> 100% mit ihrem unverwechselbaren geschmack, rauchig, reich an Alkaloiden, sowie wirkstoffe und Mineralien, und Vitamine, aber vor allem mit der magischen eigenschaften und heilige zeremonien. <strong>Sie geh zu unterscheiden von tee, f\u00fcr seinen geschmack rauchig<\/strong>. Il t\u00e8 costa anche di meno, rispetto al mambe che viene lavorato alchemicamente e piu specifico Mambe Ypadu<\/p>\n<p><strong>MAMB\u00c9 BEREIT PUNTA <\/strong>Wunderbares heilmittel schamanen stammt von der wildnis des amazonas von kolumbien, wo der schamanen bereiten ihn sorgf\u00e4ltig und mit liebe. Wir sind froh, gemeinsam mit ihnen die vorteile dieses hervorragenden heilmittel, die sie mit sich bringt, die tausendj\u00e4hrigen weisheit der v\u00f6lker, die sie vorbereiten, mit der gleichen sorgfalt und den gleichen gesten von immer. DAS Mambe ist ein heilmittel sehr beliebt in der amazonas-wald ist reich an vitaminen und mineralstoffen, und seine analgetischen eigenschaften und stoffwechsel, erm\u00f6glichen sie ihm den namen: Bereit Punta (soforthilfe).<\/p>\n<p>Es ist auch ein gro\u00dfer begleiter der menstruationszyklen, in denen in der regel frauen f\u00fchlen sich schmerzen, und in vielen f\u00e4llen ernsthaft unertr\u00e4glich. In diesen situationen gibt es nichts besseres, als gleichgewicht in unserem organismus, mit einem heilmittel v\u00f6llig nat\u00fcrlich und effektiv.Seine eigenschaften vornehmen k\u00f6nnen, die viele vorteile in anderen bereichen des k\u00f6rpers, und nicht nur, da sie zu benutzen, den k\u00f6rper damit st\u00e4rkt, f\u00f6rdert kraft und energie. V\u00f6llig blatt -, boden -, als weiblichen pflanze eine verbindung vom bauch mit unserem weiblichen teil, energetisch, darf es tr\u00e4gt zu einer fl\u00fcssigkeit und einer konzentration von minuten.<\/p>\n<h3>Wird verwendet, wenn sie m\u00fcssen austausch von erfahrungen oder sichtweisen, M\u00fcdigkeit oder Schmerzen, Stimuliert und belebt die energien, einschlie\u00dflich der k\u00f6rperlichen.<\/h3>\n<p><strong>Die C*** (ipadu C*** ist wie folgt vorbereitet:<\/strong><sup id=\"cite_ref-13\" class=\"reference separada\"><\/sup><\/p>\n<ul>\n<li><strong>R\u00f6stung :<\/strong> die bl\u00e4tter reif sind gebraten\/Gegrillt, die traditionell in einem terrakotta-topf<\/li>\n<li><strong>Zerkleinern\/Pestatura<\/strong>: die bl\u00e4tter, Ger\u00f6stet werden zersto\u00dfen mit einem M\u00f6rser<\/li>\n<li><strong>Vorbereitung der asche :<\/strong> Sie verbrennen langsam, die bl\u00e4tter yarumo und Cecropia, in Kolumbien, in Peru, ist dieser baum bekannt als cetico und in Brasilien als emba\u00faba ) oder die stiele von quinoa .<\/li>\n<li><strong>Mischen :<\/strong> Die bl\u00e4tter werden gemischt und 10% asche.<\/li>\n<li><strong>Dreschen oi Sieben :<\/strong> werden gesiebt mehrmals, bis sie ein feines pulver, schmilzt einfach im mund.<\/li>\n<\/ul>\n<p>Verwenden sie f\u00fcr die C*** (ipadu, gr\u00fcn, pulver C*** (ipadu ist, der sich an der wange, durch das mischen mit speichel und gehen und l\u00f6ste mit seinem ger\u00e4ucherten geschmack zu verleihen. <sup id=\"cite_ref-16\" class=\"reference separada\"><\/sup><\/p>\n<p><strong> Das foto ist repr\u00e4sentativ und Die farbe des mambe kann variieren mit jeder neuen lieferung, aber es wird sehr offensichtlich immer die besten qualit\u00e4t desselben. <\/strong><\/p>\n<p><strong> Die feinheit des mambe ist optimal f\u00fcr halten seine qualit\u00e4ten, und wenn sie ein produkt, um es auch ohne spezielle anfrage. <\/strong><\/p>\n<\/div>\n<div id=\"tab_propriet\u00e0\" class=\"panel entry-content\" role=\"tabpanel\" aria-labelledby=\"tab-propriet\u00e0\">\n<h3><strong>SEINE EIGENSCHAFTEN:<\/strong><\/h3>\n<ul>\n<li>Abhilfe und Linderung von schmerzen in den gelenken und\/oder muskeln.<\/li>\n<li>H\u00f6here festigkeit sichtbar<\/li>\n<li>Behebt ein problem, mangelern\u00e4hrung und\/oder assimilation und m\u00e4ngel<\/li>\n<li>St\u00e4rkt und regeneriert knochen und andere teile der knochen des k\u00f6rpers in relativ kurzer zeit.<\/li>\n<li>Reinigt die harn-kanal<\/li>\n<li>Verbessert die moral und lust<\/li>\n<li>Verbessert die verdauung im allgemeinen.<\/li>\n<li>Regel die triglyceride und das cholesterin.<\/li>\n<li>Spendet viel schwung und Energie<\/li>\n<\/ul>\n<\/div>\n<div id=\"tab_come-si-f\u00e0?\" class=\"panel entry-content\" role=\"tabpanel\" aria-labelledby=\"tab-come-si-f\u00e0?\">\n<h3><strong>WIE UND MIT WELCHEN MENGEN VERBRAUCHT:<\/strong><\/h3>\n<p>Die <strong>Mambe<\/strong> verbraucht wird, gie\u00dfen sie ein oder zwei essl\u00f6ffel in das zahnfleisch der linken seite (siehe video) neigen sie den kopf zur\u00fcck und nehmen sie die kiefer offen zu halten und halten es noch da mit dem speichel bildet sich eine kleine kugel beginnt ein prozess der speichelfluss ein teig z\u00e4h macht f\u00fcr loslassen leicht die substanzen, die die positiven eigenschaften, die sie enthalten mambe;es ist sehr staubig wurde dann in das zahnfleisch muss, schlie\u00dfen sie den mund, wobei das zahnfleisch sanft und tr\u00e4nken speichel-bolus.. und Tenrlo von der seite, bis sie h\u00f6ren die charakteristische Wirkung ( manchmal dauert es nur 5 min bis mal der release ist sehr langsam und dauert 10 min) weiter, bis die kugel erstellt werden m\u00f6glich, masticarla, mit sehr viel respekt.Es wird empfohlen (aber nicht obligatorisch) abnehmen mit Ambil finden sie im shop. Sein verbrauch ist besonders sozial, weil sie sagt, dass <strong>Mambe<\/strong> es bedeutet, das wort des lebens, <strong>Ambil<\/strong> der gedanke, in dem sich die macht des wortes.Mit <strong>Ambil<\/strong> in den z\u00e4hnen vor, die intern und der <strong>Mambe<\/strong> in das zahnfleisch der linken seite ist alles ausgebaut au\u00dfer, dass die ambil werden mehr einfach deglutirla.<\/p>\n<h3><strong>Eigenschaften:<\/strong><\/h3>\n<p>Liefert n\u00e4hrstoffe wie kalium, eisen, kalzium, phosphor, eiwei\u00df, vitamine A, B1, B2, C Und e, ist fettarm, hat calcium h\u00f6chsten in der kuhmilch und der gleiche anteil an phosphor im fisch, aber auch so betrachtet ist nicht ein nahrungserg\u00e4nzungsmittel, es wird empfohlen, verbrauchen sie nach dem essen eine art von nahrung, um zu funktionieren, wie ein verdauungssystem. Hemmt die m\u00fcdigkeit, hunger, schenkt geistige klarheit, verbessert die aktivit\u00e4t sensorische und neurale, die konzentration und die kommunikation, erh\u00f6ht die sauerstoffversorgung der zellen, hat stoffwechselfunktionen beschleunigen die \u00fcbertragung von bestandteilen von lebensmitteln im blut, reguliert den blutdruck, st\u00e4rkt das nervensystem und die muskulatur, beseitigt m\u00fcdigkeit und erm\u00fcdung, sch\u00fctzt die zellen vor dem altern, sorgt f\u00fcr eine erh\u00f6hte toleranz gegen\u00fcber k\u00e4lte, ist teRap\u00e9utico und energie.<\/p>\n<p>Erzeugt keine abh\u00e4ngigkeit. Es ist ein stimulans, wohlwollenden, seine wirkung kaum produziert, schlaflosigkeit und tachykardie, die mit dem konsum von kaffee oder toxische wirkungen sonstige ina. Die indigenen amazonischen verwenden, um die k\u00f6rperliche arbeit, die kommunikation, die t\u00e4tigkeiten, zeremoniellen, heilenden und religi\u00f6sen. F\u00fcr frauen in indigenen, ist es wichtig zu ber\u00fccksichtigen, in welchem kontext die C*** verbraucht wird, weil sie heilig ist, und die bl\u00e4tter, um sie heilig sind und natron. Der konsum zugeordnet lebensstil und eine philosophie, die tief. In anderen worten, es ist eine kulturelle praxis, die er mit v\u00f6lliger freiheit und autonomie.<\/p>\n<h3><strong>Jeder 100gr Mambe enthalten sind:<\/strong><\/h3>\n<ul>\n<li>Beta-carotin 9,40 mg<\/li>\n<li>Stickstoff insgesamt 20,06 mg<\/li>\n<li>Gute fette 3,68 mg<\/li>\n<li>Kohlenhydrate 47,50 mg<\/li>\n<li>Alpha-carotin 2,76 mg<\/li>\n<li>Vitamin C 6,47 mg<\/li>\n<li>Vitamin E mg 40,17<\/li>\n<li>Thiamin (vitamin B1) 0,73 mg<\/li>\n<li>Riboflavin (vitamin B2) 0,88 mg<\/li>\n<li>Niacin (faktor p.p) 8,37 mg<\/li>\n<li>Fu\u00dfball 997,62 mg<\/li>\n<li>Phosphat mg 412,67<\/li>\n<li>Kalium 1.739,33 mg<\/li>\n<li>Magnesium 299,30 mg<\/li>\n<li>Natrium 39,41 mg<\/li>\n<li>Aluminium 17,39 mg<\/li>\n<li>Barium 6,18 mg<\/li>\n<li>Eisen 136,64 mg<\/li>\n<li>Strontium 12,02 mg<\/li>\n<li>Bor 6,75 mg<\/li>\n<li>Kupfer 1,22 mg<\/li>\n<li>Zink 2,21 mg<\/li>\n<li>Mangan 9,15 mg<\/li>\n<li>Chrom-0,12 mg<\/li>\n<\/ul>\n<\/div>\n<div id=\"tab_disclaimer\" class=\"panel entry-content\" role=\"tabpanel\" aria-labelledby=\"tab-disclaimer\">\n<p><strong><span style=\"color: #d83131;\">DIE BILDER IN DER BESCHREIBUNG SIND REIN INDIKATIV ZU VERSTEHEN<\/span><\/strong><\/p>\n<p><strong><span style=\"color: #d83131;\">PRODUKTE GARANTIERT KARMARANDO<\/span><\/strong><br \/>\n<strong><span style=\"color: #d83131;\">F\u00fcr produkte, PFLANZEN, WEIHRAUCH UND PRODUKTE IN PULVERFORM ZUR ZEIT nicht protranno durchgef\u00fchrt werden R\u00dcCKSENDUNGEN oder ERSTATTUNGEN<\/span><\/strong><\/p>\n<p>Die <strong>begriffe<\/strong> in den kategorien-und tag-wollen nicht vorschlagen, der medizinischen verwendung und prominenten der produkte, nur besser organisieren, auf der basis ihrer historischen, wissenschaftlichen und gesellschaftlichen.<\/p>\n<p><strong>Die rezepte sind zur verf\u00fcgung gestellt wissenschaftliche<\/strong>: nicht wollen, um die kunden zu ermutigen, sie zu wiederholen, noch nicht einmal consumarne produkte.<\/p>\n<p><strong>Unsere inhalte<\/strong> nicht bewertet wurden von der FDA oder einer beliebigen abbildung professionelle medizinische: die m\u00f6glichen anwendungen, indikationen, dosierungen und hinweise beschrieben, die nur f\u00fcr p\u00e4dagogischen zweck, sind spekulationen pers\u00f6nliche und stellen keine medizinische beratung.<\/p>\n<p><strong>Die produkte verkauft werden<\/strong> wie r\u00e4ucherst\u00e4bchen, Seifen, Harze und material botanische sammlung und material der wissenschaftlichen forschung.<\/p>\n<p><span style=\"color: #ed1c24; font-size: 115%;\"><strong>Nicht zum menschlichen verzehr bestimmt.<br \/>\nDamit sie unsere produkte erwerben, m\u00fcssen sie mindestens 18 jahre alt sein und eignen sich nicht f\u00fcr schwangere und\/oder stillende frauen.<\/strong><\/span><\/p>\n<p>Zu erhalten mehr informationen <strong>KARMARANDO<\/strong> besuch <a href=\"https:\/\/www.instagram.com\/karmarando1\/\" target=\"_blank\" rel=\"noopener\"><br \/>\n<span style=\"color: #0000ff;\"><strong>diese seite<\/strong><\/span><\/a> oder lesen sie die neuesten nachrichten auf <a href=\"https:\/\/karmarando.com\/de\/blog\/\" target=\"_blank\" rel=\"nofollow noopener\"><strong><span style=\"color: #0000ff;\">BLOG<\/span><\/strong><\/a><\/p>\n<\/div><\/div><\/div>","protected":false},"excerpt":{"rendered":"<p>Mambe Ypadu Bereit Punta Organischen 100% \u2013 Kolumbianischen Stil<\/p>","protected":false},"featured_media":4926,"comment_status":"open","ping_status":"closed","template":"","meta":[],"product_brand":[468],"product_cat":[193,185],"product_tag":[473,2399],"class_list":{"0":"post-7155","1":"product","2":"type-product","3":"status-publish","4":"has-post-thumbnail","6":"product_brand-karmarando","7":"product_cat-ambil-e-mambe","8":"product_cat-rapee-e-co","9":"product_tag-mambe","10":"product_tag-mambe-ypadu","11":"pa_brand-karmarando","12":"pa_ean-1303","13":"pa_ingredienti-mambe","14":"pa_paese-di-fabbricazione-colombia","15":"pa_unita-di-misura-100-g","16":"pa_unita-di-misura-1000-g","17":"pa_unita-di-misura-150-g","18":"pa_unita-di-misura-300-g","19":"pa_unita-di-misura-50-g","20":"pa_unita-di-misura-600-g","22":"first","23":"outofstock","24":"sale","25":"featured","26":"shipping-taxable","27":"purchasable","28":"product-type-variable"},"_links":{"self":[{"href":"https:\/\/karmarando.com\/de\/wp-json\/wp\/v2\/product\/7155","targetHints":{"allow":["GET"]}}],"collection":[{"href":"https:\/\/karmarando.com\/de\/wp-json\/wp\/v2\/product"}],"about":[{"href":"https:\/\/karmarando.com\/de\/wp-json\/wp\/v2\/types\/product"}],"replies":[{"embeddable":true,"href":"https:\/\/karmarando.com\/de\/wp-json\/wp\/v2\/comments?post=7155"}],"wp:featuredmedia":[{"embeddable":true,"href":"https:\/\/karmarando.com\/de\/wp-json\/wp\/v2\/media\/4926"}],"wp:attachment":[{"href":"https:\/\/karmarando.com\/de\/wp-json\/wp\/v2\/media?parent=7155"}],"wp:term":[{"taxonomy":"product_brand","embeddable":true,"href":"https:\/\/karmarando.com\/de\/wp-json\/wp\/v2\/product_brand?post=7155"},{"taxonomy":"product_cat","embeddable":true,"href":"https:\/\/karmarando.com\/de\/wp-json\/wp\/v2\/product_cat?post=7155"},{"taxonomy":"product_tag","embeddable":true,"href":"https:\/\/karmarando.com\/de\/wp-json\/wp\/v2\/product_tag?post=7155"}],"curies":[{"name":"wp","href":"https:\/\/api.w.org\/{rel}","templated":true}]}}