{"id":6374,"date":"2022-05-12T03:35:13","date_gmt":"2022-05-12T01:35:13","guid":{"rendered":"https:\/\/www.karmarando.com\/?post_type=product&#038;p=6374"},"modified":"2025-12-04T13:52:23","modified_gmt":"2025-12-04T12:52:23","slug":"reishi-ling-zhi-ganoderma-lucidum","status":"publish","type":"product","link":"https:\/\/karmarando.com\/de\/piante-di-potere\/tartufi-e-funghi\/funghi-medicinali-micoterapia\/reishi-ling-zhi-ganoderma-lucidum\/","title":{"rendered":"Reishi Ling Zhi (Ganoderma Lucidum) Rot-100% BIO \u2013 Ganze Getrocknete"},"content":{"rendered":"\n\t\t<div class=\"tabbed-content\">\n\t\t\t\n\t\t\t<ul class=\"nav nav-pills nav-uppercase nav-size-small nav-center\" role=\"tablist\"><li id=\"tab-descrizione\" class=\"tab active has-icon\" role=\"presentation\"><a href=\"#tab_descrizione\" role=\"tab\" aria-selected=\"true\" aria-controls=\"tab_descrizione\"><span>Descrizione<\/span><\/a><\/li>\n<li id=\"tab-principi-attivi-e-composizione-chimica\" class=\"tab has-icon\" role=\"presentation\"><a href=\"#tab_principi-attivi-e-composizione-chimica\" tabindex=\"-1\" role=\"tab\" aria-selected=\"false\" aria-controls=\"tab_principi-attivi-e-composizione-chimica\"><span>Principi Attivi e Composizione Chimica<\/span><\/a><\/li>\n<li id=\"tab-propriet\u00e0-ed-effetti\" class=\"tab has-icon\" role=\"presentation\"><a href=\"#tab_propriet\u00e0-ed-effetti\" tabindex=\"-1\" role=\"tab\" aria-selected=\"false\" aria-controls=\"tab_propriet\u00e0-ed-effetti\"><span>Propriet\u00e0 ed Effetti<\/span><\/a><\/li>\n<li id=\"tab-quanto-come,-quando\" class=\"tab has-icon\" role=\"presentation\"><a href=\"#tab_quanto-come,-quando\" tabindex=\"-1\" role=\"tab\" aria-selected=\"false\" aria-controls=\"tab_quanto-come,-quando\"><span>Quanto Come, Quando<\/span><\/a><\/li>\n<li id=\"tab-effetti-collaterali-e-controindicazioni\" class=\"tab has-icon\" role=\"presentation\"><a href=\"#tab_effetti-collaterali-e-controindicazioni\" tabindex=\"-1\" role=\"tab\" aria-selected=\"false\" aria-controls=\"tab_effetti-collaterali-e-controindicazioni\"><span>Effetti Collaterali e Controindicazioni<\/span><\/a><\/li>\n<li id=\"tab-storia-e-usi-antichi\" class=\"tab has-icon\" role=\"presentation\"><a href=\"#tab_storia-e-usi-antichi\" tabindex=\"-1\" role=\"tab\" aria-selected=\"false\" aria-controls=\"tab_storia-e-usi-antichi\"><span>Storia e Usi antichi<\/span><\/a><\/li>\n<li id=\"tab-disclaimer\" class=\"tab has-icon\" role=\"presentation\"><a href=\"#tab_disclaimer\" tabindex=\"-1\" role=\"tab\" aria-selected=\"false\" aria-controls=\"tab_disclaimer\"><span>DISCLAIMER<\/span><\/a><\/li><\/ul><div class=\"tab-panels\"><div id=\"tab_descrizione\" class=\"panel active entry-content\" role=\"tabpanel\" aria-labelledby=\"tab-descrizione\">\n<h3><strong>Reishi Ling Zhi (Ganoderma Lucidum) Rosso<\/strong><\/h3>\n<p>Conosciuto come Ganoderma, \u00e8 il famoso Reishi (nome giapponese) Ling Zhi nome Cinese, con il nome scientifico di Gaoderma Lucidum. Un fungo originario della Cina ormai diffusosi in tutto il mondo \u00e8 venerato e considerato nella medicina ayurvedica ma non solo come miracoloso, e lo \u00e8 davvero!<\/p>\n<p>Questa variet\u00e0 di Reishi \u00e8 stato coltivano in asia per noi, in simbiosi con il castagno, da cui cresce direttamente dalla sua corteggi, circa ad una altezza uomo, con una tecnica speciale, appena racolto \u00e8 stato essiccato a 40\u00b0 per preservarne tutti i componenti e renderlo asettico, in maniera naturale e tanto amore, non viene tagliato e niente \u00e8 stato aggiunto.<\/p>\n<p>Non a caso la sua forma di rene, che identifica l&#8217;espulsione del negativo e la pulizia energetica e fisica.<\/p>\n<p>Il Ganoderma \u00e8 ricco di molti composti farmacologicamente importanti che agiscono in maniera sinergica:<\/p>\n<p>E&#8217; un fungo medicinale di origine cinese, utilizzato da secoli in Cina, Giappone e Corea come elisir di salute e longevit\u00e0, tanto da meritarsi la fama di \u201cfungo dell&#8217;immortalit\u00e0\u201d.<\/p>\n<p>Le propriet\u00e0 del <mark>Ganoderma Lucidum <\/mark>antitumorali, immunostimolanti, antiossidanti, antinfiammatorie, ipoglicemiche, ipolipidiche e ipotensive sono supportate dalla ricerca scientifica ormai nota.<\/p>\n<p>Ma ne ha anche moltissime altre che elencheemo pi\u00f9 nello specifico sotto.<\/p>\n<p>Una cosa per\u00f2 da stare attenti \u00e8 che gran parte degli estratti e delle preparazioni a base di Reishi presenti sul mercato non contengono realmente il corpo fruttifero del fungo (la parte pi\u00f9 pregiata) ma solo il micelio che in caso di funghi coltivati \u00e8 molto povero dei suoi relai principi attivi e compoendi mdicinali.<\/p>\n<p>Questo proposto \u00e8 intero e fatto essicare per la trasformazione dei suoi principi attivi, oltre che per la sua conservazione, non \u00e8 da consumare come cibo, ma esclusivamente come medicina, con le giuste dosi.<\/p>\n<p>Dal punto di vista strutturale, il Ganoderma o Reishi rosso si distingue per il cappello rosso circolare dall&#8217;orlo chiaro, tendente al giallo lucido se giovane ed opaco se maturo, che pu\u00f2 raggiungere i 15 centimetri (cm) di diametro. Il gambo \u00e8 verticale od obliquo, lungo massimo 30cm, noduloso e lucido. La polpa \u00e8 elastica e coriacea, dall&#8217;odore gradevolmente tannico e dal sapore legnoso.<\/p>\n<p><strong>Nome scientifico:\u00a0<\/strong>Ganoderma lucidum<\/p>\n<p><strong>Famiglia:\u00a0<\/strong>Ganodermataceae<\/p>\n<p><strong>Nomi popolari: <\/strong>Reishi, Ling Zhi<\/p>\n<\/div>\n<div id=\"tab_principi-attivi-e-composizione-chimica\" class=\"panel entry-content\" role=\"tabpanel\" aria-labelledby=\"tab-principi-attivi-e-composizione-chimica\">\n<ul>\n<li>Triterpenoidi (140 tipi diversi)<\/li>\n<li>Polisaccaridi (pi\u00f9 di 100 tipi diversi, tra cui betaglucani-utili per il sistema immunitario- e glicoproteine)<\/li>\n<li>Nucleotidi e nucleosidi (tra cui l\u2019adenosina, che ha effetto vasodilatatore)<\/li>\n<li>Steroli<\/li>\n<li>Acidi grassi<\/li>\n<li>Proteine\/peptidi<\/li>\n<li>Minerali (Potassio Magnesio, calcio, Zinco, Ferro, Manganese, Rame e il raro Germanio)<\/li>\n<\/ul>\n<\/div>\n<div id=\"tab_propriet\u00e0-ed-effetti\" class=\"panel entry-content\" role=\"tabpanel\" aria-labelledby=\"tab-propriet\u00e0-ed-effetti\">\n<h3><strong>PROPRIETA DEL Ganoderma<br \/>\n<\/strong><\/h3>\n<p><strong>L\u2019estratto secco di Ganoderma Lucidum contiene circa 400 composti bioattivi, tra cui:<\/strong><\/p>\n<p>Il Ganoderma o Reishi \u00e8 un Fungo Officinale, impiegato nelle varie tecniche mediche tradizionali orientali; i principi attivi del Ganoderma o Reishi sono:<\/p>\n<ul>\n<li>I polisaccaridi \u03b2-glucani e gli etero-\u03b2-glucani, molecole notoriamente anti-tumorali ed immunostimolanti<\/li>\n<li>Proteine definite Ling Zhi-8 (LZ-8), peptidi anti-allergici,<\/li>\n<li>ipocolesterolemizzanti ed ipotensivi<\/li>\n<li>Acidi ganoderici (triterpeni), steroli in grado di ridurre le reazioni allergiche limitando la produzione di istamina, ottimizzando la respirazione cellulare e favorendo la funzionalit\u00e0 epatica.<\/li>\n<\/ul>\n<p>Il Ganoderma o Reishi\u00a0 ha dentro in esclusivamente co da nome gli acidi ganoderici Gli acidi ganoderici sono una classe di triterpenoidi strettamente correlati (derivati dal lanosterolo) presenti nei funghi Ganoderma<\/p>\n<ul>\n<li>svolge attivit\u00e0 antitumorale grazie a polisaccaridi glucani<\/li>\n<li>stimola le difese immunitarie dell\u2019organismo, per questo motivo \u00e8 particolarmente utile nelle situazioni di squilibrio immunitario.<\/li>\n<li>svolge un\u2019azione anti-allergica, limitando la produzione di istamina grazie agli acidi oleici e ganoderici<\/li>\n<li>ha un effetto ipotensivo sull\u2019organismo per la presenza di specifiche proteine specifiche, valide alleate contro l\u2019accumulo di colesterolo.8<\/li>\n<li>contiene minerali essenziali, quali zolfo, ferro, calcio e fosforo, necessari per favorire la salute generale dell\u2019organismo.<\/li>\n<li>svolge un\u2019azione antiossidante e antinfiammatoria anche grazie al contenuto di vitamina C ed E<\/li>\n<li>riduce lo stress e la sensazione di stanchezza.<\/li>\n<li>Antimicrobica, antivirale (ad esempio verso\u00a0Herpes e HIV) e antifungina<\/li>\n<li>Antifiammatoria<\/li>\n<li>Antistaminica\u00a0(i recettori per l\u2019istamina sono per esempio responsabili della produzione acida dello stomaco e delle reazioni allergiche)<\/li>\n<li>Antipertensiva (per abbassamento dei valori di pressione)<\/li>\n<li>Ipolipidemizzante (effetto di abbassamento del colesterolo)<\/li>\n<li>Antidiabetica (contro i valori di glicemia elevata, tipici del diabete)<\/li>\n<li>Antiossidante (azione di contrasto ai radicali liberi)<\/li>\n<li>Antiaging (effetto anti-invecchiamento)<\/li>\n<li>Anticancro (effetto anti-tumorale)<\/li>\n<li>Immunostimolante (stimolazione del sistema immunitario)<\/li>\n<\/ul>\n<p><strong>ESITONO TEST ED ESPERIMENTI riguardo ad alcune malattie, e nel suo miglioramento di..<br \/>\n<\/strong><\/p>\n<p><strong>Diabete<\/strong><\/p>\n<ul>\n<li>emoglobina glicosilata (HbA1c)<\/li>\n<li>glucosio a digiuno e dopo i pasti (glicemia)<\/li>\n<li>insulina a digiuno e dopo i pasti<\/li>\n<li>peptide C (un indice della produzione di insulina endogena)<\/li>\n<\/ul>\n<p><strong>cardiovascolare<\/strong><\/p>\n<ul>\n<li>miglioramento di sintomi quali angina pectoris, palpitazioni, dolori al petto<\/li>\n<li>normalizzazione dell\u2019elettrocardiogramma (anomalie scese dal 74 al 55%)<\/li>\n<li>diminuzione significativa della pressione sanguigna (invariata nel gruppo placebo)<\/li>\n<li>diminuzione significativa dei livelli di colesterolo (invariato nel gruppo placebo)<\/li>\n<\/ul>\n<p><strong>Cancro<\/strong><\/p>\n<ul>\n<li>Inibizione della crescita delle cellule tumorali<\/li>\n<li>Induzione dell\u2019apoptosi (morte cellulare)<\/li>\n<li>Soppressione della diffusione (metastasi) e dell\u2019angiogenesi (il meccanismo tramite cui le cellule tumorali si procurano il nutrimento)<\/li>\n<li>Attivazione delle citochine prodotte dal sistema immunitario (interferoni, interleuchine, tumor necrosis factor)<\/li>\n<\/ul>\n<p><strong>USI POPOLARI E ANTICHI IN CHINA<\/strong><\/p>\n<ul>\n<li>Disturbi del fegato, epatiti croniche<\/li>\n<li>Malattie renali<\/li>\n<li>Ipertensione<\/li>\n<li>Artrite<\/li>\n<li>Insonnia<\/li>\n<li>Bronchite e asma<\/li>\n<li>Ulcera gastrica<\/li>\n<\/ul>\n<p>In Cina \u00e8 stato utilizzato per millenni come tonico e portatore di longevit\u00e0<\/p>\n<h3><strong>EFFETTI<\/strong><\/h3>\n<ul>\n<li>adattogeno,<\/li>\n<li>analgesico,<\/li>\n<li>antiallergico,<\/li>\n<li>bronchite,<\/li>\n<li>interferone,<\/li>\n<li>antiossidante,<\/li>\n<li>antitumorale,<\/li>\n<li>ipotensivo,<\/li>\n<li>ipocolesterolemizzante,<\/li>\n<li>cardio<\/li>\n<li>tonico,<\/li>\n<li>antidepressivo<\/li>\n<li>eRilassante,<\/li>\n<li>mucolitico,<\/li>\n<li>ostacola il virus HIV<\/li>\n<li>cortico-surrenalica,<\/li>\n<li>aumenta la produzione di interleuchina 1 e 2 prodotta da macrofagi e splenociti.<\/li>\n<\/ul>\n<p><strong>Inoltre<\/strong><\/p>\n<p><strong>EFFETTI ANTITUMORALI<\/strong><br \/>\nParte degli effetti antitumorali del reishi \u00e8 dovuta all\u2019azione dei polisaccaridi sulla funzione immunitaria, a questo si aggiungono l\u2019inibizione della DNA polimerasi e la modificazione post-traslazionale delle oncoproteine.<br \/>\nAnche l\u2019alto contenuto di germanio potrebbe contribuire a coadiuvare quest\u2019azione farmacologica.<\/p>\n<p><strong>EFFETTI CHEMO E RADIO PREVENTIVI<\/strong><br \/>\nIl reishi ha dimostrato di aumentare la resistenza delle cavie alle radiazioni \u03b3 contenendo i danni a carico del timo e degli splenociti.<br \/>\nNei topi dipendenti da morfina la somministrazione di un polisaccaride isolato dal reishi ha riportato alla normalit\u00e0 diversi valori immunologici depressi dalla tossicit\u00e0 chimica.<\/p>\n<p><strong>EFFETTI IPOLIPIDI E IPOGLICEMICI<\/strong><br \/>\nDiversi studi su animali dimostrano le propriet\u00e0 ipoglicemiche ed ipolidiche del reishi.<br \/>\nLa somministrazione di un estratto di reishi per 2 mesi in 8 pazienti diabetici \u00e8 risultata in effetti comparabili a quelli dei controlli dosati con l\u2019insulina (100 IU=ml per 60 giorni) e farmaci ipoglicemici orali (250 mg\/giorno per 60 giorni).<\/p>\n<p><strong>EFFETTI EPATOPROTETTIVI<\/strong><br \/>\nL\u2019assunzione di reishi per 6 mesi in 52 pazienti affetti da epatite cronica B ha riportato alla normalit\u00e0 i valori di amino transferasi nel 33% dei pazienti ed eliminato completamente gli antigeni nel 13%.<\/p>\n<p><strong>EFFETTI ANTINFIAMMATORI<\/strong><br \/>\nEstratti a base di reishi sono risultati in significativi effetti antinfiammatori comparabili al farmaco convenzionale diclofenac nei modelli di infiammazione acuta e cronica.<\/p>\n<p><strong>EFFETTI ANTIALLERGICI<\/strong><br \/>\nIl reishi \u00e8 in grado di ripristinare il normale equilibrio tra le citochine TH1 e TH2 nei pazienti con reazioni allergiche.<\/p>\n<p><strong>EFFETTI ANTIANDROGENICI ED ESTROGENICI<\/strong><br \/>\nIl reishi ha effetti androgenici ed estrogenici utili al trattamento di diverse patologie tra cui l\u2019iperplasia prostatica benigna e osteoporosi.<\/p>\n<p><strong>EFFETTI ANTIERPETICI<\/strong><br \/>\nIl reishi \u00e8 un potente inibitore del virus herpes simplex di tipo 1 e 2.<\/p>\n<p><strong>EFFETTI ANTIOSSIDANTI<\/strong><br \/>\nIl reishi inibisce la perossidazione lipidica ed ha una potente azione di rimozione dei radicali liberi <strong>[24]<\/strong>.<\/p>\n<p><strong>EFFETTI ANTIBATTERICI<\/strong><br \/>\nEstratti a base di reishi sono attivi nei confronti di diversi tipi di batteri gram positivi e negativi tra cui Bacillus subtilis, Klebsiella oxytoca ed Helicobacter pylori .<\/p>\n<p><strong>EFFETTI ANTIULCEROGENICI<\/strong><br \/>\nI polisaccaridi del reishi proteggono la mucosa gastrica e ne promuovono la riparazione attraverso la soppressione del TNF-a e l\u2019induzione dei geni c-myc e ODC.<\/p>\n<p><strong>EFFETTI IPOTENSIVI<\/strong><br \/>\nIn uno studio a doppio cieco condotto su 54 pazienti affetti da ipertensione primaria di stadio 2 che non avevano risposto positivamente al trattamento convenzionale (catopril 25 mg o nomodipina 3 volte\/giorno) il reishi miglior\u00f2 la pressione sanguigna sistemica nell\u201982,5% in soli 14 giorni di trattamento.<\/p>\n<\/div>\n<div id=\"tab_quanto-come,-quando\" class=\"panel entry-content\" role=\"tabpanel\" aria-labelledby=\"tab-quanto-come,-quando\">\n<p>Ci sono diversi modi per farlo e diverse forme e soluzioni<\/p>\n<p>Noi sconsigliamo i barattloli commerciali in quanto al 90% c&#8217;\u00e8 dentro il micelio e non l&#8217;essenza della materia prima, oltre a esserci dentro di tutto e non le cappele che contengono i principi attivi, oltre che non \u00e8 stato conservato nella giusta maniera e viene fatto peare di piu essendo cheno ha processi di essicatur<\/p>\n<p><strong>\u00a0<\/strong><\/p>\n<h3><strong>Quanto?<\/strong><\/h3>\n<p><strong>Questo nello specifico \u00e8 essiccato intero, ma lo puoi trovare da noi nelle forme in polvere e nella forma tintutra madre.<\/strong><\/p>\n<p>Nella forma intera essicata intera pu\u00f2 essere assunto da<strong> 6 grammi al giorno<\/strong>, se ci sono patologie in corso o problemi da risolvere si pu\u00f2 aumentare fino a 10 gr<\/p>\n<p>se si f\u00e0 un decotto, si pu\u00f2 aumentare ino a 30gr in caso di patologie gravi<\/p>\n<p>siccome si pu\u00f2 prender a vita senza controidicazioni (leggere in fondo) in quel caso a scopo prevenzione basta 3 grammi al giorno<\/p>\n<h3><strong>Come?<\/strong><\/h3>\n<p>Nella forma intera essiccata, \u00e8 meglio usarlo in soluzioni di acqua calda (non cotto, ma solo immerso e non troppo bollente per non rovinare i principi attivi (meglio ancora se mezzora prima si assume della vitamica C) che aiuta a innescare il suo processo benefico<\/p>\n<p>immerso come uno stufato (coprendolo con coperchio o un piattino) in una minestra, o come un t\u00e8, lasciandolo agire mezzora, assicurndosi di bere poi tutto i iquido qual&#8217;ungue esso sia.<\/p>\n<p>addolcire con miele essendo un p\u00f2 amaro. ma non \u00e8 obbligatorio.<\/p>\n<p>se viene messo nel congelatore 24 ore prima (con un po di acqua distilata (chiuso ermeticamente) un sacchetto sottovuoto o un contenitore eremtico (assicurando di recuperare l&#8217;acqua usata e fare come scritto sopra, questo permette di indebolire le pareti e ricavare un prodotto piu ricco di principi attivi.<\/p>\n<p>Ma non si esclude che si possa prenderlo lasciandolo in ammollo per 24 ore dentro una spremuta di arancia, dentro una bottiglia di vetro (in questo caso 10 grammi e berlo a sorsi durante la giornata dopo)<\/p>\n<h3><strong>Quando?<\/strong><\/h3>\n<p>Il momento migliore \u00e8 a stomaco Vuoto, meglio ancora alla mattina, assicurandosi che poi non si mangia almeno per un ora \/1 ora e mezza<\/p>\n<h3><strong>In quanto tempo per i primi risultati?<\/strong><\/h3>\n<p>Sono necessari 2 mesi per vedere i primi miglioramenti,(come la maggioranza dei rimedi di questo genere)\u00a0 ma a lungo andare se si esegue anche un buona alimentazione e una buona spiritualit\u00e0 si pssono raggiungere risultati sorprendenti. stabili e sempre migliori, ma non per niente viene chiamato miracoloso, saggio ed della eterna giovinezza<\/p>\n<\/div>\n<div id=\"tab_effetti-collaterali-e-controindicazioni\" class=\"panel entry-content\" role=\"tabpanel\" aria-labelledby=\"tab-effetti-collaterali-e-controindicazioni\">\n<p>Secondo la American Herbal Pharmacopoeia, il Reishi \u00e8 indicato tra le erbe di classe 1,\u00a0 questo, significa che pu\u00f2 essere consumato in sicurezza da individui sani, purch\u00e9 in modo appropriato. Anche se in letteratura non sono riportati effetti collaterali degni di nota, gli individui pi\u00f9 sensibili potrebbero manifestare sintomi quali<\/p>\n<p>Per lo stesso motivo Viene considerato Una super &#8220;Erba vegetale&#8221;<\/p>\n<p>Lievi disturbi gastrici<br \/>\nDiarrea<br \/>\nRash cutaneo<br \/>\nNormali effeti della disintossicazione<\/p>\n<p>che possono essere anche vertigini, mal di testa e disturbi digstivi<\/p>\n<p>Questi verificaheranno all&#8217;inizio e che passeranno entro una settimana o poco pi\u00f9<\/p>\n<p>Chiaramente ci sono rari casi di persone che sono alergiche a tutti i funghi e chiaramente qui parliamo di un signor fungo!<\/p>\n<p>Per quanto concerne le interazioni con i farmaci, Medline Plus raccomanda prudenza in caso di assunzione concomitante di<\/p>\n<p>Antidiabetici<br \/>\nAntipertensivi<br \/>\nAnticoagulanti<\/p>\n<\/div>\n<div id=\"tab_storia-e-usi-antichi\" class=\"panel entry-content\" role=\"tabpanel\" aria-labelledby=\"tab-storia-e-usi-antichi\">\n<p>I Primi riferimenti scritti sul fungo risalgono al Shennong Materia medica, del 100 a.C., il primo testo di farmacologia in cui era raccolta l\u2019esperienza dei medici dell\u2019antica Cina dei 2000 anni precedenti.<\/p>\n<p>Il Reishi fu anche grande protagonista dell\u2019arte cinese: a partire dal primo imperatore, Shing-Hiang, della dinastia Ch\u2019in (221-207 a.C.) fino alla dinastia cinese Yuan (1280-1368 d.C.) lo troviamo rappresentato su pitture, sculture in giada, mobili e tappeti [1,2].<\/p>\n<p>Il Reishi cresce spontaneamente nei boschi, attaccato al tronco delle piante: Quercia, Acero, Betulla, Frassino, Magnolia costituiscono il suo habitat naturale; pi\u00f9 raramente lo si trova sulle conifere (Larice, Pino); in oriente lo si trova sugli alberi di prugna. Sono state descritte pi\u00f9 di 250 specie di Ganoderma in tutto il mondo, anche se l\u2019utilizzo terapeutico si riferisce di norma alla specie G. Lucidum.<\/p>\n<p>La scarsa reperibilit\u00e0 del fungo l\u2019ha reso per molto tempo accessibile solo ai ceti pi\u00f9 abbienti. Dagli anni 70, tuttavia, ha iniziato ad essere coltivato con successo anche artificialmente e, a partire dagli anni 80, la produzione \u00e8 cresciuta esponenzialmente, soprattutto in Cina e negli Stati Uniti \u2013 nelle aree tropicali, subtropicali e temperate. Oggi quello disponibile in commercio proviene quasi interamente dalle coltivazioni<\/p>\n<\/div>\n<div id=\"tab_disclaimer\" class=\"panel entry-content\" role=\"tabpanel\" aria-labelledby=\"tab-disclaimer\">\n<p><strong><span style=\"color: #d83131;\">LE FOTO IN DESCRIZIONE SONO PURAMENTE INDICATIVE<\/span><\/strong><\/p>\n<p><strong><span style=\"color: #d83131;\">PRODOTTI GARANTITI DA KARMARANDO<\/span><\/strong><br \/>\n<strong><span style=\"color: #d83131;\">Per i prodotti PIANTE, INCENSI E PRODOTTI IN POLVERE PREPARATI AL MOMENTO non protranno essere effettuati RESI o RIMBORSI<\/span><\/strong><\/p>\n<p>I <strong>termini usati<\/strong> nelle categorie ed i tag non vogliono suggerire l\u2019uso medicinale e ricreazionale dei prodotti, solo organizzarli in base al loro uso storico, scientifico e sociale.<\/p>\n<p><strong>Le ricette sono fornite a titolo scientifico<\/strong>: non vogliono incoraggiare i clienti a ripeterle, n\u00e9 tantomeno a consumarne i prodotti.<\/p>\n<p><strong>I nostri contenuti<\/strong> non sono stati valutati dalla FDA o da una qualunque figura medica professionale: le possibili applicazioni, indicazioni posologiche ed avvertenze sono descritte solo a scopo educativo, sono speculazioni personali e non costituiscono parere medico.<\/p>\n<p><strong>I prodotti vengono venduti<\/strong> come incensi, Saponi, Resine e materiale botanico da collezione e materiale scientifico da ricerca.<\/p>\n<p><span style=\"color: #ed1c24; font-size: 115%;\"><strong>Non sono destinati al consumo umano.<br \/>\nPer poter acquistare i nostri prodotti dovete avere pi\u00f9 di 18 anni e non sono adatti a donne in stato di gravidanza e\/o in fase di allattamento.<\/strong><\/span><\/p>\n<p>Per ottenere pi\u00f9 informazioni su <strong>KARMARANDO<\/strong> visita <a href=\"https:\/\/www.instagram.com\/karmarando1\/\" target=\"_blank\" rel=\"noopener\"><br \/>\n<span style=\"color: #0000ff;\"><strong>questa pagina<\/strong><\/span><\/a> o leggi le ultime notizie sul <a href=\"https:\/\/www.karmarando.com\/blog\/\" target=\"_blank\" rel=\"nofollow noopener\"><strong><span style=\"color: #0000ff;\">BLOG<\/span><\/strong><\/a><\/p>\n<\/div><\/div><\/div>\n","protected":false},"excerpt":{"rendered":"<p>Reishi Ling Zhi (Ganoderma Lucidum) Rot-100% BIO \u2013 Ganze Getrocknete<\/p>","protected":false},"featured_media":6402,"comment_status":"open","ping_status":"closed","template":"","meta":[],"product_brand":[468],"product_cat":[1291,199,221],"product_tag":[1297,1296,2400],"class_list":{"0":"post-6374","1":"product","2":"type-product","3":"status-publish","4":"has-post-thumbnail","6":"product_brand-karmarando","7":"product_cat-funghi-medicinali-micoterapia","8":"product_cat-piante-di-potere","9":"product_cat-tartufi-e-funghi","10":"product_tag-ganoderma-lucidum","11":"product_tag-reishi","12":"product_tag-reishi-ling-zhi-ganoderma-lucidum","13":"pa_brand-karmarando","14":"pa_ean-2468","15":"pa_formato-intero-essiccato","16":"pa_formato-polvere","17":"pa_ingredienti-reishi-ling-zhi","18":"pa_momento-di-assunzione-mattina-a-digiuno","19":"pa_momento-di-assunzione-sera-lontano-dai-pasti","20":"pa_paese-di-fabbricazione-brasile","21":"pa_unita-di-misura-100-g","22":"pa_unita-di-misura-1000-g","23":"pa_unita-di-misura-200-g","24":"pa_unita-di-misura-25-g","25":"pa_unita-di-misura-400-g","26":"pa_unita-di-misura-50-g","27":"pa_unita-di-misura-600-g","28":"pa_uso-principale-aiuta-a-liberare-la-mente-e-interrompere-il-dialogo-interiore","29":"pa_uso-principale-aiuta-ad-eliminare-il-catarro-e-i-parassiti-dei-seni-frontali-paranasali-e-nasali","30":"pa_uso-principale-e-anche-un-potente-analgesico-per-dolori-alla-testa-e-al-corpo","31":"pa_uso-principale-blocchi-energetici","32":"pa_uso-principale-consente-di-essere-presente-per-riuscire-a-guardare-oltre-le-proprie-interpretazioni","33":"pa_uso-principale-energeticamente-cura-in-modo-diretto-paure-ansie-e-altre-energie-connesse-al-plesso-solare-se-causa-vomito-e-perche-la-persona-sta-eliminando-le-energie-dense-accumulate","34":"pa_uso-principale-depura-ordina-e-allinea-i-campi-energetici-specialmente-i-chakra-del-terzo-occhio-e-della-testa-sale-e-scende-da-quelli-attraverso-la-colonna-vertebrale","35":"pa_uso-principale-elimina-leccesso-di-flemma-accumulato","36":"pa_uso-principale-elimina-mal-di-testa-sonnolenza-e-stordimento","37":"pa_uso-principale-evoluzione-spirituale","38":"pa_uso-principale-favorisce-il-movimento-peristaltico-intestinale","39":"pa_uso-principale-applicato-sulle-ferite-ha-funzioni-cicatrizzanti-e-antibiotiche","40":"pa_uso-principale-pace","41":"pa_uso-principale-permette-di-capire-che-cose-la-meditazione-a-livello-cosciente","42":"pa_uso-principale-permette-di-raggiungere-uno-stato-di-meditazione-molto-profondo","43":"pa_uso-principale-e-molto-efficace-anche-nel-trattamento-di-problemi-al-sistema-respiratorio-e-digestivo","44":"pa_uso-principale-pulisce-tutta-la-sporcizia-accumulata-da-anni-che-e-causa-di-problemi-come-sinusite-ed-emicrania","45":"pa_uso-principale-pulizia-chakra","46":"pa_uso-principale-radicamento","47":"pa_uso-principale-rilassamento","48":"pa_uso-principale-e-rilassante-e-antipiretico","49":"pa_uso-principale-molte-persone-curano-la-loro-sinusiti-e-rinite-con-questa-rende-immuni-anche-dalle-malattie-dellapparato-respiratorio","50":"pa_uso-principale-unione-del-tutto-in-uno","51":"pa_uso-principale-e-rimedio-per-la-visibilita-dello-spirito","52":"pa_uso-principale-visione-animica","54":"first","55":"instock","56":"sale","57":"shipping-taxable","58":"purchasable","59":"product-type-variable"},"_links":{"self":[{"href":"https:\/\/karmarando.com\/de\/wp-json\/wp\/v2\/product\/6374","targetHints":{"allow":["GET"]}}],"collection":[{"href":"https:\/\/karmarando.com\/de\/wp-json\/wp\/v2\/product"}],"about":[{"href":"https:\/\/karmarando.com\/de\/wp-json\/wp\/v2\/types\/product"}],"replies":[{"embeddable":true,"href":"https:\/\/karmarando.com\/de\/wp-json\/wp\/v2\/comments?post=6374"}],"wp:featuredmedia":[{"embeddable":true,"href":"https:\/\/karmarando.com\/de\/wp-json\/wp\/v2\/media\/6402"}],"wp:attachment":[{"href":"https:\/\/karmarando.com\/de\/wp-json\/wp\/v2\/media?parent=6374"}],"wp:term":[{"taxonomy":"product_brand","embeddable":true,"href":"https:\/\/karmarando.com\/de\/wp-json\/wp\/v2\/product_brand?post=6374"},{"taxonomy":"product_cat","embeddable":true,"href":"https:\/\/karmarando.com\/de\/wp-json\/wp\/v2\/product_cat?post=6374"},{"taxonomy":"product_tag","embeddable":true,"href":"https:\/\/karmarando.com\/de\/wp-json\/wp\/v2\/product_tag?post=6374"}],"curies":[{"name":"wp","href":"https:\/\/api.w.org\/{rel}","templated":true}]}}