{"id":4888,"date":"2022-03-06T23:55:15","date_gmt":"2022-03-06T22:55:15","guid":{"rendered":"https:\/\/www.karmarando.com\/?post_type=product&#038;p=4888"},"modified":"2026-04-02T10:02:58","modified_gmt":"2026-04-02T08:02:58","slug":"bufo-alvarius","status":"publish","type":"product","link":"https:\/\/karmarando.com\/de\/piante-di-potere\/kambo-e-bufo\/bufo-alvarius\/","title":{"rendered":"Bufo Alvarius Sapo Sapito"},"content":{"rendered":"<div class=\"tabbed-content\">\n\t\t\t\n\t\t\t<ul class=\"nav nav-pills nav-uppercase nav-size-small nav-center\" role=\"tablist\"><li id=\"tab-descrizione\" class=\"tab active has-icon\" role=\"presentation\"><a href=\"#tab_descrizione\" role=\"tab\" aria-selected=\"true\" aria-controls=\"tab_descrizione\"><span>Beschreibung<\/span><\/a><\/li>\n<li id=\"tab-propriet\u00e0\" class=\"tab has-icon\" role=\"presentation\"><a href=\"#tab_propriet\u00e0\" tabindex=\"-1\" role=\"tab\" aria-selected=\"false\" aria-controls=\"tab_propriet\u00e0\"><span>Eigenschaften<\/span><\/a><\/li>\n<li id=\"tab-come-si-f\u00e0?\" class=\"tab has-icon\" role=\"presentation\"><a href=\"#tab_come-si-f\u00e0?\" tabindex=\"-1\" role=\"tab\" aria-selected=\"false\" aria-controls=\"tab_come-si-f\u00e0?\"><span>Wie funktioniert es?<\/span><\/a><\/li>\n<li id=\"tab-disclaimer\" class=\"tab has-icon\" role=\"presentation\"><a href=\"#tab_disclaimer\" tabindex=\"-1\" role=\"tab\" aria-selected=\"false\" aria-controls=\"tab_disclaimer\"><span>HAFTUNGSAUSSCHLUSS<\/span><\/a><\/li><\/ul><div class=\"tab-panels\"><div id=\"tab_descrizione\" class=\"panel active entry-content\" role=\"tabpanel\" aria-labelledby=\"tab-descrizione\">\n<h3><strong>Bufo Alvarius Sapo Sapito NAT\u00dcRLICHEN SEKRETION DES KR\u00d6TE in DER SONORA-W\u00dcSTE (DAS MOLEK\u00dcL VON GOTT)<\/strong><\/h3>\n<p><strong>Bufo Alvarius-DIE NATUR LIEFERT UNS STOFFE, DIE UNS zur\u00fcck zu UNSERER ESSENZ<\/strong><br \/>\nMedicine Ahnen, dass wir uns auf dem H\u00d6HEPUNKT Einer erfahrung, die uns verbindet, und f\u00fchrt uns an die vereinigung des ganzen in einem. Erfordert bewusstsein, und f\u00fcr anf\u00e4nger, die begleitung und vorbereitung auf und integration geeigneter seiner intensit\u00e4t und tiefe.<br \/>\nBufo Alvarius Sapo Sapito<br \/>\n<strong>VERBINDUNG MIT DEM ALLES \u2013 heilende Erfahrung und erweiterung des bewusstseins, eine Espereinza, dass die worte nicht erkl\u00e4ren k\u00f6nnen!<\/strong><\/p>\n<p>Bufo Alvarius Sapo Sapito<br \/>\n<\/div>\n<div id=\"tab_propriet\u00e0\" class=\"panel entry-content\" role=\"tabpanel\" aria-labelledby=\"tab-propriet\u00e0\">\n<p><strong>HINSICHTLICH DER KR\u00d6TE Bufo Alvarius<\/strong><\/p>\n<p>Bufo Alvarius ist ein amphibien-familie Bufonidae , ist eine kr\u00f6te, und lebt in der Sonora-w\u00fcste in Mexiko und aus denen sie extrahiert 5 MEO DMT organische,, die ist eine substanz, die extrahiert wird durch deren dr\u00fcsen parotidi, das ist eine spezies, die \u00fcberwintert zehn monate unter der erde und taucht an der oberfl\u00e4che nur in den regnerischen jahreszeiten, um sich zu ern\u00e4hren und sich zu vermehren , ist es wichtig, daran zu erinnern, dass, um diese substanz die kr\u00f6te sie nicht leiden noch sterben, sammelt nur das toxin und die kr\u00f6te freigegeben wird, aber es ist sehr schwierig, sie zu erhalten, da taucht ein paar mal im jahr.<\/p>\n<p>5 MEO DMT (5-methoxy-N, N-dimetiltriptamina) ist bekannt unter verschiedenen namen wie Bufo Alvarius, Medizin Sapito oder Molecula de Dios , aber egal wie sie es nennen, und, ohne angst zu l\u00fcgen, k\u00f6nnen wir sagen, dass l&#039; enteogeno m\u00e4chtigste in der welt.<\/p>\n<p>Es wurden wissenschaftliche studien, in denen festgestellt wurde, dass die 5 MEO DMT, wie andere tryptamine, f\u00f6rdert die reabsorption von serotonin und melatonin, was zu ver\u00e4nderungen in der sph\u00e4re wahrnehmungs-und gilt als ein neurotransmitter, da liegt nat\u00fcrlich im gehirn und ist bekannt als &#034;nahrung f\u00fcr den geist&#034; .<\/p>\n<p>Dieser neurotransmitter ist nat\u00fcrlich von der zirbeldr\u00fcse w\u00e4hrend der wichtigsten momente im leben eines menschen, wurde festgestellt, dass es explosionen dieser substanz, die nat\u00fcrlich zum zeitpunkt der geburt und des todes, sondern wird auch in kleinen mengen, w\u00e4hrend die guten zeiten, stimmungen und in der phase der tiefschlaf-oder REM-phase.<\/p>\n<p>Es ist auch wichtig, daran zu erinnern, dass es wissenschaftlich erwiesen, dass die verwendung des Bufo Alvarius Sapo Sapito verursacht keine abh\u00e4ngigkeit, da er nicht erholungszwecken, sondern bricht abh\u00e4ngigkeiten von jeder art von stoff, emotionale bindungen und zw\u00e4nge und ist derzeit verwendet als eine behandlung in reha-zentren.<\/p>\n<h3><strong>ES PASSIERT AUCH IN DEN GRUPPEN<\/strong><\/h3>\n<p>Es gibt zentren in baja California, wo ein team von \u00e4rzten und psychologen arbeiten mit diesem medikament zur aufl\u00f6sung der handy-speicher traumatische, f\u00fchrt zur entstehung von vielen abh\u00e4ngigkeiten.<\/p>\n<p>In der gemeinde schwer auf der w\u00fcste ist diese medizin geheilt hat viele patienten mit abh\u00e4ngigkeit gegen\u00fcber den &#034;anfe-ta-mine&#034; und hat es erm\u00f6glicht, hunderte von menschen zu \u00fcberwinden, die angst vor dem tod, kommen so aus der depression und schweren angstst\u00f6rungen oder identit\u00e4tskrise, existentielle m\u00fcdigkeit und verlust der sinn des lebens<\/p>\n<h3><strong>ERFAHRUNGEN, DIE DAS LEBEN VER\u00c4NDERN<\/strong><\/h3>\n<p>Es ist eine erfahrung der heilung teRap\u00e9utico-geistlicher von gro\u00dfer reinheit, das uns den speicher wieder freizugeben, was wir sind.<\/p>\n<p>Die grenzen der identit\u00e4t, l\u00f6sen sie sich auf wie salz im wasser, der ozean des bewusstseins, komplett befreien vom stress zu befreien und den unterdr\u00fcckten gef\u00fchle.<\/p>\n<p>Der h\u00f6hepunkt der erfahrung, die sie hat bereits nach 3 minuten nach der einnahme, dann tritt sie in einen zustand von frieden und ruhe, bis schrittweise, sie wieder an das ego, indem die normalen empfindungen.<\/p>\n<h3><strong>Bufo Alvarius Sapo Sapito WAS IST das? Und WEIL das, Was LIEST MAN IN der RUNDE SIND H\u00c4RESIEN?<\/strong><\/h3>\n<p>Die 5meoDMT liegt nat\u00fcrlich im menschlichen k\u00f6rper. Der methoxy gruppe befindet sich im f\u00fcnften ring indol-erm\u00f6glicht, dass das medikament schritten, in nur wenigen sekunden die blut-hirn-schranke, so gelangen sie schnell zum erlebnis. Dies unterscheidet sich von Ayahuasca, deren effekte dauern stunden mit der verdauung.<\/p>\n<p>Es besteht keine gefahr einer \u00fcberdosierung, da die anzahl der rezeptoren, die triptaminici der zellen ist begrenzt, und sobald sie bedeckt den k\u00f6rper nicht absorbiert mehr medizin. Auch gibt es keine dokumentierten f\u00e4lle von tod in zusammenhang mit der substanz, die als ursache f\u00fcr direkte oder sch\u00e4den, die geistige oder k\u00f6rperliche irreparable<\/p>\n<h3><strong> Der schl\u00fcssel zu dieser heilung ist DER ZWECK UND DER KONTEXT, in diese wunderbare SPIRITUELLE medizin UND HEILIGE <\/strong><\/h3>\n<p>Richtig, 10 sekunden tief einatmen, und dann, was ich kann nur beschreiben, wie das unglaublichste orgasmus kann so ausgelegt sein, sich zu sehen, geworfen aus dem geist auf in die weite von zeit und raum, in einer explosion von licht unglaublich sch\u00f6n, wundervoll und \u00fcberw\u00e4ltigend zugleich.<\/p>\n<p>Sie esistevo als reines bewu\u00dftsein, ohne dass meine gewissheiten, gedanken, k\u00f6rper und geist, die zu besuchen. Nichts von dem, was mich begrenzt hat an der erfahrung. Ich ging durch eine schwelle, in dem die unbegrenztheit, die sich in mir geschmolzen ist mit dem gesamten universum, zeigte mir, dass nicht zwei eigentlich getrennte, aber nur eine.<\/p>\n<p>Jetzt verstehe ich, warum in m\u00e4rchen, Fr\u00f6sche und Kr\u00f6ten sind sehr erw\u00e4hnten und verwandeln sich in Prinzipien.<\/p>\n<p>Keine andere m\u00f6glichkeit gibt, zu definieren, was ich erlebt habe, wenn nicht zu sagen, ich sah das alles, war das alles und ich verstehe das alles, f\u00fcr einige momente unbeschreiblich.<\/p>\n<p>Zur\u00fcck von dieser offenbarung, sie hat mich wieder auf eine realit\u00e4t, die jetzt meine sinne wahrnehmen, mehr klar und pr\u00e4zise: die farbe des himmels, die gr\u00fcnen farben der b\u00e4ume, den klang der lieder, mit denen diese musik und dieser trommel, die mich begleitet haben, es war perfekt...alles war sehr gut und abwechslungsreich.<\/p>\n<p>Ich habe geh\u00f6rt, dass ich tot war und auferstanden ist, und ich erinnere mich, geweint, pure emotionen, die freude, lebendig zu sein. Mein k\u00f6rper bebt, \u00fcberschwemmt von der flut von emotionen \u00fcbergang, als ob die energie der mutter erde zu mir selbst aktivieren.<\/p>\n<p>Ich wiederholte nur das wort danke zu mehreren minuten, in denen ich war ger\u00fchrt und gl\u00fccklich, immens gl\u00fccklich.<\/p>\n<\/div>\n<div id=\"tab_come-si-f\u00e0?\" class=\"panel entry-content\" role=\"tabpanel\" aria-labelledby=\"tab-come-si-f\u00e0?\">\nDie <strong>SEKRETION<\/strong> aus den dr\u00fcsen der kr\u00f6te wird in der sonne getrocknet, zu kristallisieren, dieser prozess dauert in der regel mehrere stunden, w\u00e4hrend sie dampfen und verh\u00e4rtet sich, die medizin des<strong> kr\u00f6te verabreicht wird, durch eine pfeife, glas, borosilikatglas (pyrex) mit beheiztem eine fackel,<\/strong> so kann es sein, vaporizato, da auf diese weise das 5-MeO-DMT wird direkt an das gehirn und erm\u00f6glicht es dem teilnehmer, zu leben, in wenigen minuten eine der erfahrungen, die sie mit tiefen, heilenden und freigaben, die jemand erleben kann.<\/p>\n<p>Una volta consumata la secrezione si sperimenta immediatamente una dissoluzione della proprio ego e si perde ogni consapevolezza dell\u2019ambiente e del corpo fisico per entrare in un profondo viaggio verso l\u2019interno e un tutto in uno, dove si pu\u00f2 sperimentare una connessione con la divinit\u00e0, con l\u2019universo, con il tutto. Non importa come lo concepisci, l\u2019esperienza ti mostra un\u2019unit\u00e0 e una connessione energetica ineffabile, che nonostante si sente la percezione delle altre anime, non le si vede piu con gli occhi come del resto l&#8217;ambiente circostante, il tempo, lo spazio, svaniscono, cedendo il posto ad ultrasuoni e una luce bianca divinica con senso di pace e liberazione di ongi soffriemento.&lt;<\/p>\n<p>Wir k\u00f6nnen sagen, dass &#034;es gibt keine worte&#034;, um zu erkl\u00e4ren, eine erfahrung, die so bedeutsam, aufschlussreich und g\u00f6ttlichen.<\/p>\n<p>Wenn kapitulation der erfahrung, ohne zu beurteilen, so dass die freisetzung des gr\u00f6\u00dferen menge negativer energie angesammelt hat, kann man erleben, buchst\u00e4blich eine wiedergeburt und ricomiciare in den vollen genuss des lebens.<\/p>\n<p>Zwar verliert die ganze vorstellung von zeit, die scheinbar viel l\u00e4nger,aber in wirklichkeit dauert 15 bis 30 minuten, und am ende der erfahrung, die sie beginnt zu integrieren, neues bewusstsein und realit\u00e4t, indem sie neue empfindungen und emotionen, die es uns erm\u00f6glichen, genie\u00dfen sie ein tiefes gl\u00fcck, frieden und ruhe finden, klarheit und konzentration sfrutando so bem\u00fchungen auf die dinge wahren wert, beginnend bei sich selbst.<br \/>\n<strong>Die erfahrung Kosmischer Einheit mit Einer Vision leuchtmittel Selbst und Der existenz.<\/strong><\/p>\n<h3><strong>ERFAHRUNG TIEFE UND HEILENDE<\/strong><\/h3>\n<p>Die medizin der kr\u00f6te f\u00f6rdert die heilung und regeneration des k\u00f6rpers, stimuliert das immunsystem, beschleunigt die heilung von bestimmten krankheiten, insbesondere solche, erstellt von emotionalen traumata.<\/p>\n<p>Das erlebnis dauert zwischen 15 und 20 minuten, aber wer lebt verlor das gef\u00fchl der zeit, zu experimentieren stattdessen mit einem schwindelerregenden gef\u00fchl von ewigkeit, unendlichkeit und einheit mit der ganzen sch\u00f6pfung.<\/p>\n<p>Sie k\u00f6nnen auch durch momente der schreckliche unannehmlichkeit, aber der vorraum, in dem die begegnung mit dem g\u00f6ttlichen. Solche momente vor, die ekstase und das gef\u00fchl &#034;ozeanischen&#034; v\u00f6lliger gemeinschaft mit sich selbst und mit dem leben verbunden sind gef\u00fchl lenken, die leere mit gro\u00dfer geschwindigkeit und mit der aufl\u00f6sung des ego.<\/p>\n<p>Es ist erforderlich, einen gro\u00dfen mut, um zu leben eine solche erfahrung mit Bufo Alvarius, diejenigen, die versuchen, sie zu \u00fcberqueren, diese schwelle der tod des egos werden private des schleiers der illusion der trennung, und werden \u00fcberschwemmt in vollem umfang in der erfahrung von einheiten. Da es keine trennung in der wahrnehmung, sie erholt sich vollst\u00e4ndig speicher, von wo wir kommen und wohin wir gehen.<\/p>\n<p>Es ist auch pflicht, klarzustellen, dass es sich nicht um die impressionen oder vage gef\u00fchle oder wahrnehmungen d\u00fcnne, aber der wirklich zu ihnen tritt man mit seinem ganzen Selbst: &#034;du BIST die gottheit, du BIST alles...&#034;, und es ist wirklich eines der sch\u00f6nsten erlebnisse mit tiefen und m\u00e4chtigen, die ein mann erleben kann<\/p>\n<\/div>\n<div id=\"tab_disclaimer\" class=\"panel entry-content\" role=\"tabpanel\" aria-labelledby=\"tab-disclaimer\">\n<p><strong><span style=\"color: #d83131;\">DIE BILDER IN DER BESCHREIBUNG SIND REIN INDIKATIV ZU VERSTEHEN<\/span><\/strong><\/p>\n<p><strong><span style=\"color: #d83131;\">PRODUKTE GARANTIERT KARMARANDO<\/span><\/strong><br \/>\n<strong><span style=\"color: #d83131;\">F\u00fcr produkte, PFLANZEN, WEIHRAUCH UND PRODUKTE IN PULVERFORM ZUR ZEIT nicht protranno durchgef\u00fchrt werden R\u00dcCKSENDUNGEN oder ERSTATTUNGEN<\/span><\/strong><\/p>\n<p>Die <strong>begriffe<\/strong> in den kategorien-und tag-wollen nicht vorschlagen, der medizinischen verwendung und prominenten der produkte, nur besser organisieren, auf der basis ihrer historischen, wissenschaftlichen und gesellschaftlichen.<\/p>\n<p><strong>Die rezepte sind zur verf\u00fcgung gestellt wissenschaftliche<\/strong>: nicht wollen, um die kunden zu ermutigen, sie zu wiederholen, noch nicht einmal consumarne produkte.<\/p>\n<p><strong>Unsere inhalte<\/strong> nicht bewertet wurden von der FDA oder einer beliebigen abbildung professionelle medizinische: die m\u00f6glichen anwendungen, indikationen, dosierungen und hinweise beschrieben, die nur f\u00fcr p\u00e4dagogischen zweck, sind spekulationen pers\u00f6nliche und stellen keine medizinische beratung.<\/p>\n<p><strong>Die produkte verkauft werden<\/strong> wie r\u00e4ucherst\u00e4bchen, Seifen, Harze und material botanische sammlung und material der wissenschaftlichen forschung.<\/p>\n<p><span style=\"color: #ed1c24; font-size: 115%;\"><strong>Nicht zum menschlichen verzehr bestimmt.<br \/>\nDamit sie unsere produkte erwerben, m\u00fcssen sie mindestens 18 jahre alt sein und eignen sich nicht f\u00fcr schwangere und\/oder stillende frauen.<\/strong><\/span><\/p>\n<p>Zu erhalten mehr informationen <strong>KARMARANDO<\/strong> besuch <a href=\"https:\/\/www.instagram.com\/karmarando1\/\" target=\"_blank\" rel=\"noopener\"><br \/>\n<span style=\"color: #0000ff;\"><strong>diese seite<\/strong><\/span><\/a> oder lesen sie die neuesten nachrichten auf <a href=\"https:\/\/karmarando.com\/de\/blog\/\" target=\"_blank\" rel=\"nofollow noopener\"><strong><span style=\"color: #0000ff;\">BLOG<\/span><\/strong><\/a><\/p>\n<\/div><\/div><\/div>","protected":false},"excerpt":{"rendered":"<p>Bufo Alvarius Sapo Sapito<\/p>","protected":false},"featured_media":4861,"comment_status":"open","ping_status":"closed","template":"","meta":[],"product_brand":[468],"product_cat":[215,255,15,199,257],"product_tag":[915],"class_list":{"0":"post-4888","1":"product","2":"type-product","3":"status-publish","4":"has-post-thumbnail","6":"product_brand-karmarando","7":"product_cat-kambo-e-bufo","8":"product_cat-kit-e-promo","9":"product_cat-offerte-a-tempo","10":"product_cat-piante-di-potere","11":"product_cat-promo","12":"product_tag-bufo-alvarius","13":"pa_brand-karmarando","14":"pa_ean-1228","15":"pa_formato-secrezione-granuli","16":"pa_ingredienti-secrezione-rana-bufo-alvarius","17":"pa_paese-di-fabbricazione-mexico","18":"pa_peso-in-milligrammi-100-mg","19":"pa_peso-in-milligrammi-1000-mg","20":"pa_peso-in-milligrammi-300-mg","21":"pa_peso-in-milligrammi-50-mg","22":"pa_peso-in-milligrammi-500-mg","23":"pa_peso-in-milligrammi-70-mg","25":"first","26":"instock","27":"sale","28":"shipping-taxable","29":"purchasable","30":"product-type-variable"},"_links":{"self":[{"href":"https:\/\/karmarando.com\/de\/wp-json\/wp\/v2\/product\/4888","targetHints":{"allow":["GET"]}}],"collection":[{"href":"https:\/\/karmarando.com\/de\/wp-json\/wp\/v2\/product"}],"about":[{"href":"https:\/\/karmarando.com\/de\/wp-json\/wp\/v2\/types\/product"}],"replies":[{"embeddable":true,"href":"https:\/\/karmarando.com\/de\/wp-json\/wp\/v2\/comments?post=4888"}],"wp:featuredmedia":[{"embeddable":true,"href":"https:\/\/karmarando.com\/de\/wp-json\/wp\/v2\/media\/4861"}],"wp:attachment":[{"href":"https:\/\/karmarando.com\/de\/wp-json\/wp\/v2\/media?parent=4888"}],"wp:term":[{"taxonomy":"product_brand","embeddable":true,"href":"https:\/\/karmarando.com\/de\/wp-json\/wp\/v2\/product_brand?post=4888"},{"taxonomy":"product_cat","embeddable":true,"href":"https:\/\/karmarando.com\/de\/wp-json\/wp\/v2\/product_cat?post=4888"},{"taxonomy":"product_tag","embeddable":true,"href":"https:\/\/karmarando.com\/de\/wp-json\/wp\/v2\/product_tag?post=4888"}],"curies":[{"name":"wp","href":"https:\/\/api.w.org\/{rel}","templated":true}]}}