{"id":4864,"date":"2022-03-06T20:05:04","date_gmt":"2022-03-06T19:05:04","guid":{"rendered":"https:\/\/www.karmarando.com\/?post_type=product&#038;p=4864"},"modified":"2025-12-04T13:52:53","modified_gmt":"2025-12-04T12:52:53","slug":"yawanawa-forca-feminina","status":"publish","type":"product","link":"https:\/\/karmarando.com\/de\/cat-rape\/rape-brasiliano\/rape-indigeno\/yawanawa-forca-feminina\/","title":{"rendered":"Rap\u00e9 stamm Yawanaw\u00e0 \u2013 Galgen feminina"},"content":{"rendered":"<div class=\"tabbed-content\">\n\t\t\t\n\t\t\t<ul class=\"nav nav-pills nav-uppercase nav-size-small nav-center\" role=\"tablist\"><li id=\"tab-descrizione\" class=\"tab active has-icon\" role=\"presentation\"><a href=\"#tab_descrizione\" role=\"tab\" aria-selected=\"true\" aria-controls=\"tab_descrizione\"><span>Beschreibung<\/span><\/a><\/li>\n<li id=\"tab-composizione\" class=\"tab has-icon\" role=\"presentation\"><a href=\"#tab_composizione\" tabindex=\"-1\" role=\"tab\" aria-selected=\"false\" aria-controls=\"tab_composizione\"><span>Zusammensetzung<\/span><\/a><\/li>\n<li id=\"tab-propriet\u00e0\" class=\"tab has-icon\" role=\"presentation\"><a href=\"#tab_propriet\u00e0\" tabindex=\"-1\" role=\"tab\" aria-selected=\"false\" aria-controls=\"tab_propriet\u00e0\"><span>Eigenschaften<\/span><\/a><\/li>\n<li id=\"tab-come-si-f\u00e0-?\" class=\"tab has-icon\" role=\"presentation\"><a href=\"#tab_come-si-f\u00e0-?\" tabindex=\"-1\" role=\"tab\" aria-selected=\"false\" aria-controls=\"tab_come-si-f\u00e0-?\"><span>Wie funktioniert es ?<\/span><\/a><\/li>\n<li id=\"tab-dosaggio\" class=\"tab has-icon\" role=\"presentation\"><a href=\"#tab_dosaggio\" tabindex=\"-1\" role=\"tab\" aria-selected=\"false\" aria-controls=\"tab_dosaggio\"><span>Dosierung<\/span><\/a><\/li>\n<li id=\"tab-come-viene-fatto-il-rap\u00e9\" class=\"tab has-icon\" role=\"presentation\"><a href=\"#tab_come-viene-fatto-il-rap\u00e9\" tabindex=\"-1\" role=\"tab\" aria-selected=\"false\" aria-controls=\"tab_come-viene-fatto-il-rap\u00e9\"><span>Wie Das Rap\u00e9<\/span><\/a><\/li>\n<li id=\"tab-cos'\u00e8-il-rap\u00e9\" class=\"tab has-icon\" role=\"presentation\"><a href=\"#tab_cos'\u00e8-il-rap\u00e9\" tabindex=\"-1\" role=\"tab\" aria-selected=\"false\" aria-controls=\"tab_cos'\u00e8-il-rap\u00e9\"><span>Was ist Rap\u00e9<\/span><\/a><\/li>\n<li id=\"tab-storia\" class=\"tab has-icon\" role=\"presentation\"><a href=\"#tab_storia\" tabindex=\"-1\" role=\"tab\" aria-selected=\"false\" aria-controls=\"tab_storia\"><span>Geschichte<\/span><\/a><\/li>\n<li id=\"tab-disclaimer\" class=\"tab has-icon\" role=\"presentation\"><a href=\"#tab_disclaimer\" tabindex=\"-1\" role=\"tab\" aria-selected=\"false\" aria-controls=\"tab_disclaimer\"><span>HAFTUNGSAUSSCHLUSS<\/span><\/a><\/li><\/ul><div class=\"tab-panels\"><div id=\"tab_descrizione\" class=\"panel active entry-content\" role=\"tabpanel\" aria-labelledby=\"tab-descrizione\">\n<h3><strong>Rap\u00e9 trib\u00f9 Yawanaw\u00e0 &#8211; Forca feminina Tsunu Con Percentuali di cenere pi\u00f9 alte<br \/>\n<\/strong><\/h3>\n<p>Rum\u00e3: \u00e8 il nome tradizionale dato dagli Yawanawa per questa miscela Rap\u00e9. Questa \u00e8 la ricetta tradizionale di Yawanawa, un buon asse forte Tsunu. Una medicina meravigliosa per tutte le occasioni.<\/p>\n<p><b>Nome scientifico: <\/b> Platycyamus regnelii<\/p>\n<p><b>Nome popolare: <\/b>Pau-pereira, Pau Pereiro<\/p>\n<p><b>Chakra: <\/b>corona e ombelicale.<\/p>\n<p><strong>Intesit\u00e0:<\/strong> Molto Forte<br \/>\n<\/div>\n<div id=\"tab_composizione\" class=\"panel entry-content\" role=\"tabpanel\" aria-labelledby=\"tab-composizione\">\n<p><strong>Wichtigsten zutaten : Mapacho,Asche, Kr\u00e4uter<\/strong><\/p>\n<h4>Staub Kraftvoll und Befreit Das Gehirn Von Lasten Und Blockaden, angst und scham, schenkt energie, pr\u00e4senz, konzentration und zentrierung, erweitert das bewusstsein und \u00f6ffnet das herz, bringt tiefe einblicke auf sich zieht f\u00fclle und gl\u00fcck und realisierung..Rap\u00e9  <\/h4>\n<p><b>Alle unsere Rap\u00e9<\/b> sind, sind aus der asche der rinde des stammes des baumes, aus dem sie die namen der rap\u00e8-oder kr\u00e4uter-getrocknete pulver und bio. Alle kniffe gemacht sind mit viel liebe, respekt und glauben<\/p>\n<\/div>\n<div id=\"tab_propriet\u00e0\" class=\"panel entry-content\" role=\"tabpanel\" aria-labelledby=\"tab-propriet\u00e0\">\n<p><strong>Technische daten des Rap\u00e9<\/strong><\/p>\n<p><b>Vorteile und Behandlung: <\/b>Reinigend<\/p>\n<h3><b>Grundlegende eigenschaften haben alle Unsere Rap\u00e9<\/b><\/h3>\n<li>Es hilft, den kopf frei zu kriegen und stoppen sie den inneren dialog<\/li>\n<li>Hilft zu beseitigen schleim und parasiten der br\u00fcste vorderen nebenh\u00f6hlen verschlossen sind und nasenschleimhaut<\/li>\n<li>Auf den wunden angewendet funktionen hat, wundheilenden und antibiotische<\/li>\n<li>Asthma<\/li>\n<li>Lungenentz\u00fcndung<\/li>\n<li>Ruhe<\/li>\n<li>Zentrierung<\/li>\n<li>K\u00f6nnen sie anwesend sein, um erfolgreich zu schauen, \u00fcber die eigenen interpretationen<\/li>\n<li>Entpackt den druck des sch\u00e4dels<\/li>\n<li>Reinigt, sortiert und gleicht die energiefelder, vor allem, chakras, des dritten auges und des kopfes steigt und f\u00e4llt aus, die durch die wirbels\u00e4ule<\/li>\n<li>Es ist auch ein starkes analgetikum f\u00fcr schmerzen im kopf und am k\u00f6rper<\/li>\n<li>Es ist auch sehr wirksam bei der behandlung von problemen der atmungs-und verdauungs -<\/li>\n<li>Sehr m\u00e4chtig ist auch in der behandlung des verdauungstraktes<\/li>\n<li>Sie ist beruhigend und fiebersenkend<\/li>\n<li>Mittel, um die sichtbarkeit des geistes<\/li>\n<li>L\u00f6schen sie die \u00fcbersch\u00fcssige schleim angesammelt<\/li>\n<li>L\u00f6schen kopfschmerzen, schl\u00e4frigkeit, benommenheit<\/li>\n<li>Energetisch heilen-direkte \u00e4ngste, \u00e4ngste und andere energien im zusammenhang mit dem solarplexus: wenn die ursache f\u00fcr erbrechen ist, weil die person steht, indem dichten energien angesammelt haben.<\/li>\n<li>Spirituelle Entwicklung<\/li>\n<li>F\u00f6rdert die bewegung peristaltischer darm<\/li>\n<li>Viele menschen pflegen ihre sinusitis und rhinitis mit dieser macht immune auch von den krankheiten des atmungssystems<\/li>\n<li>Frieden<\/li>\n<li>Erm\u00f6glicht zu verstehen, was ist die meditation im bewussten ebene<\/li>\n<li>Und so erreichen sie einen zustand der meditation sehr tief<\/li>\n<li>Reinigt alle schmutz angesammelt seit jahren, dass es aufgrund von problemen wie sinusitis und migr\u00e4ne<\/li>\n<li>Reinigung Der Chakren<\/li>\n<li>Verankerung<\/li>\n<li>Entspannung<\/li>\n<li>Absatzm\u00e4rkte Energie<\/li>\n<p>Medizin-macht, die verbindung mit der energie Youshibu (Gott der Sch\u00f6pfung).<\/p>\n<p>Es funktioniert sowohl in der spirituellen heilung, die physik.<\/p>\n<p>Sollte nur verwendet werden, f\u00fcr diese zwecke in geeigneter weise, die in einer ruhigen umgebung und vorbereitet.<\/p>\n<\/div>\n<div id=\"tab_come-si-f\u00e0-?\" class=\"panel entry-content\" role=\"tabpanel\" aria-labelledby=\"tab-come-si-f\u00e0-?\">\n<h3><b>Wie wirkt sich das Rap\u00e9 ?<\/b><\/h3>\n<p>Mit<a href=\"https:\/\/karmarando.com\/de\/kuripe\/\" target=\"_blank\" rel=\"noopener\"><strong> Kuripe<\/strong><\/a> was ist eine gabel V, dies selbst zu tun oder mit<a href=\"https:\/\/karmarando.com\/de\/tepi\/\" target=\"_blank\" rel=\"noopener\"><strong> Tepi<\/strong> <\/a>f\u00fcr sollte sie von jemandem, blieb aber neutral kann uns mehr vorteil in empfang.<\/p>\n<p>Es ist sehr wichtig, dass die person vorbereitet ist f\u00fcr den geist des waldes durch den Rap\u00e9.<\/p>\n<p>Haben sie einen k\u00f6rper reinigen, in einem umfeld und vor allem mit dem ziel, weihen, diese medizin heilig sind.<\/p>\n<p><strong>Anwenden Rap\u00e8<\/strong>sie k\u00f6nnen entweder Allein oder mit einem partner:<\/p>\n<p>Selbst die usa, die Kuripe, mit einem partner Verwenden Tepi, in diesem fall diejenigen wendet, die mit dem Tepi, ist es notwendig, dass er \u00fcber eine gewisse vorbereitung, und blieb so neutral und zentriert, ohne projizieren ihre eigenen stimmungen.<\/p>\n<p>Dann muss halten entsendung und projizieren sie einfach sehr liebe. In jedem fall ist es notwendig, die konzentration, ein gesundes zweck, eine absicht, mit vertrauen und glauben und technische blasen.<\/p>\n<p>Nur so, das medikament hat die maximale nutzen.<\/p>\n<p><b>Das Rap\u00e9 angewendet werden muss, in beide nasenl\u00f6cher. Jeder nasenh\u00f6hle ist eine aktuelle energieversorgung des k\u00f6rpers:<\/b><b>Am besten machen sie immer zuerst das linke nasenloch<\/b><b>Die linke seite:<\/b> Der kanal des Mondes (rezeptor \u2013 yin).<\/p>\n<p>Gibt macht den emotionen in ihrem reinen zustand, befreit freude, tiefe, reine liebe, mitgef\u00fchl und k\u00fcnstlerischen f\u00e4higkeiten.<\/p>\n<p>Es ist die weibliche seite. Die typischen probleme sind emotionale bindung, depression, geringes selbstwertgef\u00fchl, schuldgef\u00fchle und apathie.<\/p>\n<p><b>Auf der rechten seite:<\/b> Der kanal der Sonne (emittenten \u2013 yang). Gibt macht der rationale verstand: erm\u00f6glicht es, zu lernen und holen sie sich die kraft, die erforderlich ist, um die probleme zu \u00fcberwinden, die durch die anstrengung. Das ist die m\u00e4nnliche seite. Die typischen probleme sind die egoistischen verhalten oder gewaltt\u00e4tig, hochm\u00fctig und stolz.Wer ihn erh\u00e4lt, nur eine seite kommt ein prozess, der noch st\u00e4rker als normal; dies, weil sie nicht im stich gelassen wird erfolgreich zur heilung und weigerte sich, die Medizin, das ist auch eine ablehnung gegen\u00fcber sich selbst und der geist des Rap\u00e9.<\/p>\n<p><b>Arten von hauche : <\/b>Davon gibt es sehr viele, von der zirbeldr\u00fcse ( puff trockenen und beschlossen, sondern verl\u00e4ngert) oder mehr lang und anhaltend.. (sie finden die artikel im blog verwenden, die suchen)<\/p>\n<p><b>Es ist wichtig, um eine absicht zu trinken 2 gl\u00e4ser wasser vor, und wasser w\u00e4hrend und nach etwa 7 minuten nach der anwendung, so kommen erbrechen<\/b><\/p>\n<\/div>\n<div id=\"tab_dosaggio\" class=\"panel entry-content\" role=\"tabpanel\" aria-labelledby=\"tab-dosaggio\">\n<p><strong>Die Richtige menge<\/strong> sie beginnen mit wenig gro\u00df sein sollte, etwa wie eine erbse, aber sie wird tendenziell steigen bis zur gr\u00f6sse einer haselnuss gesch\u00e4lte n\u00fcsse, aber es ist nicht ausgeschlossen, um veteranen, die beide mehr. Diese ist nach die unterschiede zwischen k\u00f6rpergewicht individuell, toleranz, stoffwechsel und pers\u00f6nliches gef\u00fchl.<\/p>\n<li>Es ist wichtig, zu h\u00f6ren, der Icaros mit kopfh\u00f6rern erste schritt der meditativen zustand ohne gedanken und pflegend.<\/li>\n<li>Die person \u00fcbernimmt, Rap\u00e9 zum ersten mal muss sich dar\u00fcber im klaren sein, was es ist und was sie nun tut, indem er ihn mit respekt und verantwortung, das ist eine medizin sakrale sehr m\u00e4chtig ist die notwendigkeit, als<\/li>\n<p><strong>Psychologisch darauf, dass die \u00e4ngste.<\/strong><\/p>\n<p>Eine anwendung, die stark, kann das motiv zu experimentieren, den eigenen schatten und den zugriff auf ihre phobien dunkelsten, so dass sie angezeigt werden k\u00f6nnen und gel\u00f6st werden. Unz\u00e4hlige erfahrungen zeigen, dass seine wirksamkeit bei der behandlung von depressionen, \u00e4ngste, zwanghafte, schlaflosigkeit und angst.<\/p>\n<p>Viele menschen haben aufgegeben zu rauchen, nachdem sie begonnen haben zu nutzen Rap\u00e9.<\/p>\n<\/div>\n<div id=\"tab_come-viene-fatto-il-rap\u00e9\" class=\"panel entry-content\" role=\"tabpanel\" aria-labelledby=\"tab-come-viene-fatto-il-rap\u00e9\">\n<li>Unsere <strong>Rap\u00e9<\/strong> werden produkte mit einer kombination von boden-asche von heiligen b\u00e4umen mit medizinischen eigenschaften.<\/li>\n<li>Unsere Rap\u00e9 100% nat\u00fcrlich, frei von pestiziden und chemikalien .<\/li>\n<li>Die medizinischen eigenschaften sind hilfreich f\u00fcr die behandlung von st\u00f6rungen der k\u00f6rperlichen und geistigen<\/li>\n<li>Unsere rap\u00e9 hergestellt werden mit gro\u00dfem respekt, hingabe, liebe und glauben.<\/li>\n<p><strong>Gehen durch einen prozess<\/strong> das sieben zu extra, um bis in die spitze des talkum, so dass es leichter erhalten Rap\u00e9 verbreitet und erweitert und effizienter.<\/p>\n<p>Nach diesem prozess wird versorgt mit steinen und kristallen und einer pyramide, \u00fcber eine zeit unter den lichtern (farbtherapie).Seine spirituelle verbindung ist ziemlich intensiv, weil Rap\u00e9, indem sie durch unsere gebete der heiligen (intent) f\u00fcr mehrere tage hintereinander, bilden das ziel, sich mit dem geist der pflanze, h\u00f6ren auf die bed\u00fcrfnisse des k\u00f6rpers und l\u00f6st damit den prozess der heilung und zentrierung konstant.<\/p>\n<p>Unsere rap\u00e9 hilft bei der steigerung der kraft, zentrierung und strom magnetische geh\u00f6rt zum komplex unabh\u00e4ngig von der kundalini - \/DNA-und spirituelle reinigung.<\/p>\n<\/div>\n<div id=\"tab_cos'\u00e8-il-rap\u00e9\" class=\"panel entry-content\" role=\"tabpanel\" aria-labelledby=\"tab-cos'\u00e8-il-rap\u00e9\">\n<p>Es ist ein werkzeug der medizin sakrale herkunft, astralen und ahnen, bewacht, mit liebe und unserer vorfahren, unsere grosseltern im dschungel gemacht haben und in den genuss dieses instruments\/medizin seit dem beginn der zeiten, und heute wird uns durchfluss-speicher-original und renoviert f\u00fcr dieses wunderbare geschenk.<\/p>\n<p>Die <strong>Rap\u00e9<\/strong>, kann vorbereitet werden, mit einem oder mehr medizin, pflanzen und auch mineralien, in der erw\u00e4gung, dass die pr\u00e4senz der hilft, ordnung machen, zu integrieren und zu balancieren, unsere energie und reinigen die zirbeldr\u00fcse zu leiten und f\u00fcr einen bestimmten zweck.<\/p>\n<p>Zur gleichen zeit,<strong> Rap\u00e9<\/strong> \u00f6ffnet die t\u00fcr zum geist und das universum in uns wecken, die reinheit wichtig, dass es in uns.<\/p>\n<p>DIE <strong>Rap\u00e9<\/strong> ist das medikament in der luftfahrt. Auf einen schlag empfangen wir den segen der Hauch des Windes, der quelle der universellen energie, die l\u00f6scht die unsere wahrnehmung, l\u00f6scht den geist und \u00f6ffnet die kan\u00e4le f\u00fcr mehr energie, als, und stellten eine verbindung mit dem h\u00f6chsten sein.<\/p>\n<p>Rap\u00e9 ist auch ein arzneimittel f\u00fcr die vision des geistes, die uns hilft, den kopf frei zu kriegen und stoppen sie den inneren dialog wirklich anwesend, um zu sehen, \u00fcber unsere interpretationen.<\/p>\n<\/div>\n<div id=\"tab_storia\" class=\"panel entry-content\" role=\"tabpanel\" aria-labelledby=\"tab-storia\">\n<p><b>Geschichte des volkes<\/b> <b>Yawanaw\u00e1 hersteller von andere rap\u00e8 neben dem Tsunu<\/b><b><i>Seit undenklichen zeiten<\/i><\/b><i>die Yawanaw\u00e1 belegen die quellen des flusses Greg\u00f3rio, nebenfluss des flusses Juru\u00e1, in der stadt Tarauac\u00e1, im bundesstaat Acre, im westlichen Amazonas. Kommen sie aus dem sprachlichen zweig Pano.<\/i><\/p>\n<p><b><i>Die bev\u00f6lkerung heute<\/i><\/b><i> etwa 1000 menschen leben in sieben d\u00f6rfern. Waren sehr viele in der vergangenheit. Jedoch, viele wurden stark dezimiert, die von den auswirkungen gebracht durch die kolonialisierung.<\/i><\/p>\n<p><b>Seit 1984<\/b>, <i>nach jahren der gefangenschaft und all die k\u00e4mpfe, bewusst teil ihrer gebiete und die grenzen der erde, mit unterst\u00fctzung der National Indian Foundation \u2013 FUNAI. Es war dort, dass riacquistarono ihre rechte als Volk weg, die missionare von ihrem land und begann mit der wiederbelebung ihrer kultur, ihrer sprache, gehalten im ged\u00e4chtnis ihrer verwandten \u00e4lter.<\/i><\/p>\n<p><b><i>Im gegenteil, der das verbot vor den frauen, die heute erwartet die ehre und die aufgabe dieses hervorragenden rap\u00e8<\/i><\/b><b><i>Die Yawanaw\u00e1<\/i><\/b><i> ( yawa \/pekari lippen, wei\u00dfe Nawa \/volk) eine gruppe und geh\u00f6rt zur sprachfamilie der Pano-heute besch\u00e4ftigt das land der Eingeborenen auf den fluss gregor Der name &#039;Yawanaw\u00e1&#039; erscheint in historischen quellen geschrieben in verschiedenen arten: Yawavo oder Yauavo, Jawanaua, Yawanaua oder Iawanawa. <\/i><\/p>\n<p><i>Die form &#039;Yawanaw\u00e1 es wird hier folgt die schreibweise verwendet, in die schulb\u00fccher und andere dokumente, die vaterschaft der eingeborenen.<\/i><\/p>\n<p><b>Die gemeinschaft Yawanaw\u00e1 <\/b>es ist in der tat eine konjunktion von personen, die auch mitglieder von anderen gruppen: Shaw\u00e3dawa (Arara) , Iskunawa (heute bekannt als Shan\u00eanawa, lebt in einem dorf in der n\u00e4he der stadt Feij\u00f3), Rununawa, Sainawa (allgemein bekannt als Yaminaw\u00e1 , leben in der region des flusses Bag\u00e9), und Katukina<\/p>\n<p><b>Diese konfiguration ist das ergebnis einer dynamik, die soziologische, die in vielen gruppen Pano<\/b><\/p>\n<p>B\u00fcndnisse durch heirat, fang von frauen w\u00e4hrend der kriege, migration im familien \u2013 und eine reihe von eventualit\u00e4ten historischen, insbesondere jene ver\u00e4nderungen bestimmt durch die ankunft von nicht - Indianer, einschlie\u00dflich epidemien und demografischen ver\u00e4nderungen.<\/p>\n<p>Diese prozesse f\u00fchrten zur einbeziehung von menschen anderer v\u00f6lker, die in der vergangenheit hielten die beziehungen zu den Yawanaw\u00e1.<\/p>\n<p>Zwischen den Yaminawa der erde eingeborenen der quellen des flusses Acre gibt es eine untergruppe, die auch tr\u00e4gt den namen Yawanaw\u00e1. Jedoch, die Yawanaw\u00e1 auf den fluss Greg\u00f3rio sind sich nicht bewusst von dieser anderen gruppe geh\u00f6rt.<\/p>\n<\/div>\n<div id=\"tab_disclaimer\" class=\"panel entry-content\" role=\"tabpanel\" aria-labelledby=\"tab-disclaimer\">\n<p><strong><span style=\"color: #d83131;\">DIE BILDER IN DER BESCHREIBUNG SIND REIN INDIKATIV ZU VERSTEHEN<\/span><\/strong><\/p>\n<p><strong><span style=\"color: #d83131;\">PRODUKTE GARANTIERT KARMARANDO<\/span><\/strong><br \/>\n<strong><span style=\"color: #d83131;\">F\u00fcr produkte, PFLANZEN, WEIHRAUCH UND PRODUKTE IN PULVERFORM ZUR ZEIT nicht protranno durchgef\u00fchrt werden R\u00dcCKSENDUNGEN oder ERSTATTUNGEN<\/span><\/strong><\/p>\n<p>Die <strong>begriffe<\/strong> in den kategorien-und tag-wollen nicht vorschlagen, der medizinischen verwendung und prominenten der produkte, nur besser organisieren, auf der basis ihrer historischen, wissenschaftlichen und gesellschaftlichen.<\/p>\n<p><strong>Die rezepte sind zur verf\u00fcgung gestellt wissenschaftliche<\/strong>: nicht wollen, um die kunden zu ermutigen, sie zu wiederholen, noch nicht einmal consumarne produkte.<\/p>\n<p><strong>Unsere inhalte<\/strong> nicht bewertet wurden von der FDA oder einer beliebigen abbildung professionelle medizinische: die m\u00f6glichen anwendungen, indikationen, dosierungen und hinweise beschrieben, die nur f\u00fcr p\u00e4dagogischen zweck, sind spekulationen pers\u00f6nliche und stellen keine medizinische beratung.<\/p>\n<p><strong>Die produkte verkauft werden<\/strong> wie r\u00e4ucherst\u00e4bchen, Seifen, Harze und material botanische sammlung und material der wissenschaftlichen forschung.<\/p>\n<p><span style=\"color: #ed1c24; font-size: 115%;\"><strong>Nicht zum menschlichen verzehr bestimmt.<br \/>\nDamit sie unsere produkte erwerben, m\u00fcssen sie mindestens 18 jahre alt sein und eignen sich nicht f\u00fcr schwangere und\/oder stillende frauen.<\/strong><\/span><\/p>\n<p>Zu erhalten mehr informationen <strong>KARMARANDO<\/strong> besuch <a href=\"https:\/\/www.instagram.com\/karmarando1\/\" target=\"_blank\" rel=\"noopener\"><br \/>\n<span style=\"color: #0000ff;\"><strong>diese seite<\/strong><\/span><\/a> oder lesen sie die neuesten nachrichten auf <a href=\"https:\/\/karmarando.com\/de\/blog\/\" target=\"_blank\" rel=\"nofollow noopener\"><strong><span style=\"color: #0000ff;\">BLOG<\/span><\/strong><\/a><\/p>\n<\/div><\/div><\/div>","protected":false},"excerpt":{"rendered":"<p>Rap\u00e9 stamm Yawanaw\u00e0 \u2013 Galgen feminina<\/p>","protected":false},"featured_media":5454,"comment_status":"open","ping_status":"closed","template":"","meta":[],"product_brand":[468],"product_cat":[186,187,185,1122],"product_tag":[1013,938],"class_list":{"0":"post-4864","1":"product","2":"type-product","3":"status-publish","4":"has-post-thumbnail","6":"product_brand-karmarando","7":"product_cat-cat-rape","8":"product_cat-rape-brasiliano","9":"product_cat-rapee-e-co","10":"product_cat-rape-indigeno","11":"product_tag-forca-feminina","12":"product_tag-yawanawa","13":"pa_brand-karmarando","14":"pa_ean-1229","15":"pa_fragranza-ceneri","16":"pa_fragranza-erbe","17":"pa_fragranza-mapacho","18":"pa_ingredienti-ceneri","19":"pa_ingredienti-erbe","20":"pa_ingredienti-mapacho","21":"pa_momento-di-assunzione-mattina-a-digiuno","22":"pa_momento-di-assunzione-sera-lontano-dai-pasti","23":"pa_paese-di-fabbricazione-brasile","24":"pa_principi-attivi-geissospermina","25":"pa_principi-attivi-harman","26":"pa_principi-attivi-norharman","27":"pa_somministrazione-nasale","28":"pa_tipo-polvere","29":"pa_unita-di-misura-10-g","30":"pa_unita-di-misura-20-g","31":"pa_unita-di-misura-50-g","32":"pa_uso-principale-aiuta-a-liberare-la-mente-e-interrompere-il-dialogo-interiore","33":"pa_uso-principale-aiuta-ad-eliminare-il-catarro-e-i-parassiti-dei-seni-frontali-paranasali-e-nasali","34":"pa_uso-principale-e-anche-un-potente-analgesico-per-dolori-alla-testa-e-al-corpo","35":"pa_uso-principale-asma","36":"pa_uso-principale-blocchi-energetici","37":"pa_uso-principale-broncopolmonite","38":"pa_uso-principale-calma","39":"pa_uso-principale-centratura","40":"pa_uso-principale-consente-di-essere-presente-per-riuscire-a-guardare-oltre-le-proprie-interpretazioni","41":"pa_uso-principale-energeticamente-cura-in-modo-diretto-paure-ansie-e-altre-energie-connesse-al-plesso-solare-se-causa-vomito-e-perche-la-persona-sta-eliminando-le-energie-dense-accumulate","42":"pa_uso-principale-decomprime-la-pressione-del-cranio","43":"pa_uso-principale-depura-ordina-e-allinea-i-campi-energetici-specialmente-i-chakra-del-terzo-occhio-e-della-testa-sale-e-scende-da-quelli-attraverso-la-colonna-vertebrale","44":"pa_uso-principale-elimina-leccesso-di-flemma-accumulato","45":"pa_uso-principale-elimina-mal-di-testa-sonnolenza-e-stordimento","46":"pa_uso-principale-evoluzione-spirituale","47":"pa_uso-principale-favorisce-il-movimento-peristaltico-intestinale","48":"pa_uso-principale-applicato-sulle-ferite-ha-funzioni-cicatrizzanti-e-antibiotiche","49":"pa_uso-principale-pace","50":"pa_uso-principale-permette-di-capire-che-cose-la-meditazione-a-livello-cosciente","51":"pa_uso-principale-permette-di-raggiungere-uno-stato-di-meditazione-molto-profondo","52":"pa_uso-principale-e-molto-efficace-anche-nel-trattamento-di-problemi-al-sistema-respiratorio-e-digestivo","53":"pa_uso-principale-procastinaggio","54":"pa_uso-principale-procastinamenrto","55":"pa_uso-principale-pulisce-tutta-la-sporcizia-accumulata-da-anni-che-e-causa-di-problemi-come-sinusite-ed-emicrania","56":"pa_uso-principale-pulizia-chakra","57":"pa_uso-principale-radicamento","58":"pa_uso-principale-rilassamento","59":"pa_uso-principale-e-rilassante-e-antipiretico","60":"pa_uso-principale-sbocchi-energetici","61":"pa_uso-principale-molte-persone-curano-la-loro-sinusiti-e-rinite-con-questa-rende-immuni-anche-dalle-malattie-dellapparato-respiratorio","62":"pa_uso-principale-toglie-i-parassiti-e-pulisce-gli-intestini","63":"pa_uso-principale-unione-del-tutto-in-uno","64":"pa_uso-principale-e-rimedio-per-la-visibilita-dello-spirito","65":"pa_uso-principale-visione-animica","67":"first","68":"instock","69":"shipping-taxable","70":"purchasable","71":"product-type-variable"},"_links":{"self":[{"href":"https:\/\/karmarando.com\/de\/wp-json\/wp\/v2\/product\/4864","targetHints":{"allow":["GET"]}}],"collection":[{"href":"https:\/\/karmarando.com\/de\/wp-json\/wp\/v2\/product"}],"about":[{"href":"https:\/\/karmarando.com\/de\/wp-json\/wp\/v2\/types\/product"}],"replies":[{"embeddable":true,"href":"https:\/\/karmarando.com\/de\/wp-json\/wp\/v2\/comments?post=4864"}],"wp:featuredmedia":[{"embeddable":true,"href":"https:\/\/karmarando.com\/de\/wp-json\/wp\/v2\/media\/5454"}],"wp:attachment":[{"href":"https:\/\/karmarando.com\/de\/wp-json\/wp\/v2\/media?parent=4864"}],"wp:term":[{"taxonomy":"product_brand","embeddable":true,"href":"https:\/\/karmarando.com\/de\/wp-json\/wp\/v2\/product_brand?post=4864"},{"taxonomy":"product_cat","embeddable":true,"href":"https:\/\/karmarando.com\/de\/wp-json\/wp\/v2\/product_cat?post=4864"},{"taxonomy":"product_tag","embeddable":true,"href":"https:\/\/karmarando.com\/de\/wp-json\/wp\/v2\/product_tag?post=4864"}],"curies":[{"name":"wp","href":"https:\/\/api.w.org\/{rel}","templated":true}]}}