{"id":4668,"date":"2022-02-20T09:28:38","date_gmt":"2022-02-20T08:28:38","guid":{"rendered":"https:\/\/www.karmarando.com\/?post_type=product&#038;p=4668"},"modified":"2025-12-04T13:52:55","modified_gmt":"2025-12-04T12:52:55","slug":"singada-sayri-succo-di-mapacho","status":"publish","type":"product","link":"https:\/\/karmarando.com\/de\/piante-di-potere\/caapi-aya-e-microdosi\/singada-sayri-succo-di-mapacho\/","title":{"rendered":"Singada Sayri Saft Mapacho Reinigende Guarigionale"},"content":{"rendered":"<div class=\"tabbed-content\">\n\t\t\t\n\t\t\t<ul class=\"nav nav-pills nav-uppercase nav-size-small nav-center\" role=\"tablist\"><li id=\"tab-descrizione\" class=\"tab active has-icon\" role=\"presentation\"><a href=\"#tab_descrizione\" role=\"tab\" aria-selected=\"true\" aria-controls=\"tab_descrizione\"><span>Beschreibung<\/span><\/a><\/li>\n<li id=\"tab-propriet\u00e0\" class=\"tab has-icon\" role=\"presentation\"><a href=\"#tab_propriet\u00e0\" tabindex=\"-1\" role=\"tab\" aria-selected=\"false\" aria-controls=\"tab_propriet\u00e0\"><span>Eigenschaften<\/span><\/a><\/li>\n<li id=\"tab-come-si-f\u00e0?\" class=\"tab has-icon\" role=\"presentation\"><a href=\"#tab_come-si-f\u00e0?\" tabindex=\"-1\" role=\"tab\" aria-selected=\"false\" aria-controls=\"tab_come-si-f\u00e0?\"><span>Wie funktioniert es?<\/span><\/a><\/li>\n<li id=\"tab-disclaimer\" class=\"tab has-icon\" role=\"presentation\"><a href=\"#tab_disclaimer\" tabindex=\"-1\" role=\"tab\" aria-selected=\"false\" aria-controls=\"tab_disclaimer\"><span>HAFTUNGSAUSSCHLUSS<\/span><\/a><\/li><\/ul><div class=\"tab-panels\"><div id=\"tab_descrizione\" class=\"panel active entry-content\" role=\"tabpanel\" aria-labelledby=\"tab-descrizione\">\n<h3>Singada Succo di Mapacho &#8211; Rituale per Purificare Sanare e processo di Guarigione dell&#8217;Anima<\/h3>\n<p>Singada in Boccetta contagocce<\/p>\n<p><strong>Altri nomi:<\/strong> apacho succo di frutta, Fluido Ambil<\/p>\n<p>IL Singada Azteca Aka<\/p>\n<p>Il Succo di Mapacho Fa Parte del Curanderismo peruviano, che utilizza la via nasale. Composto da Mapacho e Alcol puro che miscelati, si ricava un prodotto da usare in gocce aspirando con la pompetta contagocce, riempiendola, si rilascia in entrambe le narici inclinando la testa in dietro.<\/p>\n<p><strong>Singada<\/strong> prende il nome dall&#8217;insieme delle di due parole (SINGA = naso in quechua) e RA : suffisso di derivazione verbale che esprime la continuit\u00e0 di un&#8217;azione senza interruzioni, in italiano diventa SINGADA.<\/p>\n<p>Come &#8220;la propriet\u00e0 di assorbire e deglutire Mapacho macerato in alcol (con un lungo e complesso procedimento) attraverso il naso&#8221;.<\/p>\n<p><strong>In Per\u00f9<\/strong> originariamente prima dell&#8217;avvenuta dei contagocce, veniva inspirato in un piccolo guscio, che viene chiamato \u201csobar\u201d.<\/p>\n<p>\u201cIl<strong> Curadero o Shamano<\/strong> inizia col &#8220;cantare&#8221;, ma possono essere usate musiche come si f\u00e0 con il rap\u00e8. Cos\u00ec che musica e Mapacho macera e sotto spirito o agua Florida.<\/p>\n<p>La macerazione viene posta in un grande guscio e da qui viene distribuita in piccole porzioni da 10 a 20 cc. ad altre conchiglie pi\u00f9 piccole.<\/p>\n<p>Per poi iniziare a &#8220;cantare&#8221;<\/p>\n<\/div>\n<div id=\"tab_propriet\u00e0\" class=\"panel entry-content\" role=\"tabpanel\" aria-labelledby=\"tab-propriet\u00e0\">\n<h3><strong>Effetti e Cura del Singada<\/strong><\/h3>\n<p>Gli sciamani lo usano nella loro guarigione per combattere:<\/p>\n<li>Per la Sinusite<\/li>\n<li>La depressione<\/li>\n<li>Lo stress<\/li>\n<li>Molte Condizioni Infantili ed emotive da cui tutto parte<\/li>\n<li>Per Rabbia accumulata<\/li>\n<li>Paura e temperamento forte<\/li>\n<li>Questa medicina apre anche la mente e l&#8217;intuizione e, quindi, \u00e8 un ottimo compagno per la medicina Ayahuasca come detto sopra<\/li>\n<li>Ottimo prima della Cerimonia d Ayahuasca, a differenza del rap\u00e8 che si f\u00e0 dopo circa 2 ore dall&#8217;inizio dell&#8217;ayahausca.<\/li>\n<li>l&#8217;insonnia<\/li>\n<li>Raucedine<\/li>\n<p>Inoltre il liquido del <strong>Mapach<\/strong>o inalato agisce sul torace, aiutando a espellere il catarro che \u00e8 il prodotto dalla tristezza e dei traumi accumulati.<\/p>\n<p><span style=\"color: #ed1c24;\"><strong>ATTENZIONE: in giro si trova una soluzione di ambil e alcol, oltretutto fatta molto male, forse in maniera casalinga, che si discosta totalmente da questo fantastico prodotto.<\/strong><\/span><\/p>\n<\/div>\n<div id=\"tab_come-si-f\u00e0?\" class=\"panel entry-content\" role=\"tabpanel\" aria-labelledby=\"tab-come-si-f\u00e0?\">\n<h3><strong>APPLICAZIONE PULIZIA E SANAZIONE<\/strong><\/h3>\n<p>Il liquido del Mapacho chiamato <strong>Singada<\/strong> viene applicato nel naso del paziente attraverso un contagocce.<\/p>\n<p>Le prime sensazioni possono essere piuttosto sgradevoli: si possono avvertire vertigini o singhiozzo, che \u00e8 un buon segno che la medicina ha iniziato ad agire.<\/p>\n<p>Man mano che gli strati di blocchi energetici vengono rimossi ed eliminati, il paziente nota un&#8217;apertura mentale e il risveglio di un&#8217;energia di forza e potenziamento.<\/p>\n<p>Durante il rituale vengono fatte diverse applicazioni. I primi tre sono necessari, poich\u00e9 corrispondono alle tre porte dei tre canali: amore, medicina e protezione.<\/p>\n<p>Poi continua, essendo il paziente che sente quanto lontano deve andare.<\/p>\n<p>Al termine dell&#8217;assunzione delle medicine, proprio come ci insegnavano le nonne, si consiglia di entrare in contatto con l&#8217;acqua facendo il bagno nel fiume, o facendo la doccia. Dopo questo rituale, \u00e8 importante bere molta acqua per eliminare tutte le tossine che sono state rimosse e il male che il il mapacho sottoforma di Singada \u00e8 riuscito a rimuovere.<\/p>\n<h3><strong>Dosierung<\/strong><\/h3>\n<p>Come scritto Sopra se fatto giornalmente quindi sottoforma di microdose, sif\u00e0 una pompetta contagocce piena per narice<\/p>\n<p>altrimenti se ne fanno 3 per narice con distanza di 20 minuti fra una e l&#8217;altra.<\/p>\n<h3><strong>USI ANTICHI IN AMAZONIA<\/strong><\/h3>\n<p>Questo medicinale si prepara facendo macerare una quantit\u00e0 di Mapacho in acqua fino a quando non produce un colorante denso e scuro. Durante questo processo, l&#8217;acqua assorbe tutte le propriet\u00e0 del Mapacho, in particolare la concentrazione dei principi Attivi, essendo molto Solubili in acqua.<\/p>\n<p>A quei tempi, questo rituale veniva eseguito in ogni famiglia, usato soprattutto nei bambini. Le nonne si occupavano principalmente di curare i nipoti e lo facevano con questa medicina, e anche con huito, ajosacha e mucura.<\/p>\n<p>Normalmente le nonne eseguivano questo rituale al mattino con i bambini, che poi dovevano fare il bagno nel fiume e berne l&#8217;acqua durante l&#8217;immersione.<\/p>\n<p>In questo modo, hanno assicurato che i giovani potessero crescere forti e sani, attivi e laboriosi, e sviluppare intelligenza e concentrazione.<\/p>\n<p>Inoltre, il Singada veniva usato per curare malattie come la sinusite, combattere l&#8217;insonnia e alleviare la raucedine. \u00c8 stato anche raccomandato che fosse utilizzato dalle donne per migliorare la loro capacit\u00e0 di visualizzare e lavorare i tipici modelli &#8220;ken\u00e9&#8221;, il tradizionale design Shipibo.<\/p>\n<h3><strong>PROCESSO VOMITIVO<\/strong><\/h3>\n<p>L&#8217;uso del <strong>Mapacho Liquido<\/strong> Consiste nella preparazione di decotti per i processo di spurgo, detti anche &#8220;Vomitivi&#8221;. Si inizia bevendo molta acqua e poi ingerendo o inalando, succo di mapacho concentrato. La purga del taba-xo combina un effetto di vomito fisico con un effetto spirituale<\/p>\n<h3><strong>COME SI USA<\/strong><\/h3>\n<p>Il milgior modo \u00e8 quello Giornaliero attraverso il naso, che si f\u00e0 riempiendo una pipetta intera per ogni narice, ogni giorno. Oppure fare una vera e propria Cerimonia con 3 riprese per narice (tripletta) facendo passare\u00a0 20 minuti fra un &#8220;singada&#8221; e l&#8217;altro.<\/p>\n<p>Inclinare la testa all&#8217;indietro, spruzzare la pietta nel naso e aspirare, oppure metterlo nella mano e aspirare con il naso.. Dopo di\u00a0 ch\u00e8 \u00e8 necessario farli fare il giro naso gola e tirando su con il naso il catarro (chiamato scatarrare o scatarro) e sputare.<\/p>\n<h3><strong>LA CERIMONIA<\/strong><\/h3>\n<p>Questa usanza \u00e8 molto antica e risale sicuramente all&#8217;epoca pre-incaica, poich\u00e9 Montesinos ne fa menzione nella sua cronaca<\/p>\n<p>La cerimonia si conclude con vomito e defecazione, per puricare corpo ed Anima, Anticamente il rituale er riservato a capi e sciamani.<\/p>\n<p>Era la cerimonia pi\u00f9 importante nella vita religiosa dei Ta\u00ednos.<\/p>\n<p>Rispetto a quando invece \u00e8 finemente polverizzato viene soffiato con tepi o kuripe sottoforma di rap\u00e8. due processi diversi, dove quello liquido incentrato su pulizia e guarigio e della sinusite, e della pisicosomatica in questione, invece il Rap\u00e9 \u00e8 un p\u00f2 piu complesso anche se insieme si ottiene un risultato meraviglioso.<\/p>\n<p>E&#8217; importante che sia per uso giornaliero o cerimonia il liquido deve essere completamente aspirato dalla narice, percorrendo le vie aere, sentendolo anche in gola chiaramente.<\/p>\n<p>Invece di usare il classico corno, nel caso della cerimonia \u00e8 possibile usare la mano come contenitore da cui aspirare\/inspirare, anche se crediamo sia pi\u00f9 semplice usare la pipetta\/pompetta contagocce.<\/p>\n<p>Il Rap\u00e9 specifico o di solo Mapacho provoca una stimolazione diretta del cervello poich\u00e9 il nervo olfattivo rappresenta praticamente una protuberanza del cervello. L&#8217;effetto psichico \u00e8 immediato con una sorta di esplosione mentale di energia, percezione di bagliori di luce e breve siderazione mentale o intorpidimento seguito da un forte risveglio dell&#8217;attenzione. Viene generata la secrezione nasale e lacrimale di eliminazione.<\/p>\n<p>A seconda della dose, dopo pochi secondi o minuti, i pensieri si chiariscono e si genera una lucidit\u00e0 mentale ed eventualmente uno stato visionario.<\/p>\n<p>Questo risveglio violento seguito dalla capacit\u00e0 di concentrazione, lucidit\u00e0 e calma mentale, viene utilizzato soprattutto per far tornare in s\u00e9 le persone in stato di confusione durante la prima fase della cerimonia di ayahausca.<\/p>\n<\/div>\n<div id=\"tab_disclaimer\" class=\"panel entry-content\" role=\"tabpanel\" aria-labelledby=\"tab-disclaimer\">\n<p><strong><span style=\"color: #d83131;\">DIE BILDER IN DER BESCHREIBUNG SIND REIN INDIKATIV ZU VERSTEHEN<\/span><\/strong><\/p>\n<p><strong><span style=\"color: #d83131;\">PRODUKTE GARANTIERT KARMARANDO<\/span><\/strong><br \/>\n<strong><span style=\"color: #d83131;\">F\u00fcr produkte, PFLANZEN, WEIHRAUCH UND PRODUKTE IN PULVERFORM ZUR ZEIT nicht protranno durchgef\u00fchrt werden R\u00dcCKSENDUNGEN oder ERSTATTUNGEN<\/span><\/strong><\/p>\n<p>Die <strong>begriffe<\/strong> in den kategorien-und tag-wollen nicht vorschlagen, der medizinischen verwendung und prominenten der produkte, nur besser organisieren, auf der basis ihrer historischen, wissenschaftlichen und gesellschaftlichen.<\/p>\n<p><strong>Die rezepte sind zur verf\u00fcgung gestellt wissenschaftliche<\/strong>: nicht wollen, um die kunden zu ermutigen, sie zu wiederholen, noch nicht einmal consumarne produkte.<\/p>\n<p><strong>Unsere inhalte<\/strong> nicht bewertet wurden von der FDA oder einer beliebigen abbildung professionelle medizinische: die m\u00f6glichen anwendungen, indikationen, dosierungen und hinweise beschrieben, die nur f\u00fcr p\u00e4dagogischen zweck, sind spekulationen pers\u00f6nliche und stellen keine medizinische beratung.<\/p>\n<p><strong>Die produkte verkauft werden<\/strong> wie r\u00e4ucherst\u00e4bchen, Seifen, Harze und material botanische sammlung und material der wissenschaftlichen forschung.<\/p>\n<p><span style=\"color: #ed1c24; font-size: 115%;\"><strong>Nicht zum menschlichen verzehr bestimmt.<br \/>\nDamit sie unsere produkte erwerben, m\u00fcssen sie mindestens 18 jahre alt sein und eignen sich nicht f\u00fcr schwangere und\/oder stillende frauen.<\/strong><\/span><\/p>\n<p>Zu erhalten mehr informationen <strong>KARMARANDO<\/strong> besuch <a href=\"https:\/\/www.instagram.com\/karmarando1\/\" target=\"_blank\" rel=\"noopener\"><br \/>\n<span style=\"color: #0000ff;\"><strong>diese seite<\/strong><\/span><\/a> oder lesen sie die neuesten nachrichten auf <a href=\"https:\/\/karmarando.com\/de\/blog\/\" target=\"_blank\" rel=\"nofollow noopener\"><strong><span style=\"color: #0000ff;\">BLOG<\/span><\/strong><\/a><\/p>\n<\/div><\/div><\/div>","protected":false},"excerpt":{"rendered":"<p>Singada Sayri Saft Mapacho Reinigende Guarigionale<\/p>","protected":false},"featured_media":4688,"comment_status":"open","ping_status":"closed","template":"","meta":[],"product_brand":[468],"product_cat":[201,190,185],"product_tag":[775],"class_list":{"0":"post-4668","1":"product","2":"type-product","3":"status-publish","4":"has-post-thumbnail","6":"product_brand-karmarando","7":"product_cat-caapi-aya-e-microdosi","8":"product_cat-mapacho-e-ceneri","9":"product_cat-rapee-e-co","10":"product_tag-singada","11":"pa_brand-karmarando","12":"pa_ean-1232","13":"pa_ml-20ml","14":"pa_ml-30ml","15":"pa_paese-di-fabbricazione-peru","17":"first","18":"instock","19":"shipping-taxable","20":"purchasable","21":"product-type-variable"},"_links":{"self":[{"href":"https:\/\/karmarando.com\/de\/wp-json\/wp\/v2\/product\/4668","targetHints":{"allow":["GET"]}}],"collection":[{"href":"https:\/\/karmarando.com\/de\/wp-json\/wp\/v2\/product"}],"about":[{"href":"https:\/\/karmarando.com\/de\/wp-json\/wp\/v2\/types\/product"}],"replies":[{"embeddable":true,"href":"https:\/\/karmarando.com\/de\/wp-json\/wp\/v2\/comments?post=4668"}],"wp:featuredmedia":[{"embeddable":true,"href":"https:\/\/karmarando.com\/de\/wp-json\/wp\/v2\/media\/4688"}],"wp:attachment":[{"href":"https:\/\/karmarando.com\/de\/wp-json\/wp\/v2\/media?parent=4668"}],"wp:term":[{"taxonomy":"product_brand","embeddable":true,"href":"https:\/\/karmarando.com\/de\/wp-json\/wp\/v2\/product_brand?post=4668"},{"taxonomy":"product_cat","embeddable":true,"href":"https:\/\/karmarando.com\/de\/wp-json\/wp\/v2\/product_cat?post=4668"},{"taxonomy":"product_tag","embeddable":true,"href":"https:\/\/karmarando.com\/de\/wp-json\/wp\/v2\/product_tag?post=4668"}],"curies":[{"name":"wp","href":"https:\/\/api.w.org\/{rel}","templated":true}]}}