{"id":4465,"date":"2022-01-31T11:20:59","date_gmt":"2022-01-31T10:20:59","guid":{"rendered":"https:\/\/www.karmarando.com\/?post_type=product&#038;p=4465"},"modified":"2025-12-04T13:53:00","modified_gmt":"2025-12-04T12:53:00","slug":"ruta-siriana-chupito","status":"publish","type":"product","link":"https:\/\/karmarando.com\/de\/piante-di-potere\/etnobotaniche\/erbe-del-sogno-oneirogeni\/ruta-siriana-chupito\/","title":{"rendered":"Ruta Syrien (Peganum Harmala) \u2013 Chupito"},"content":{"rendered":"<div class=\"tabbed-content\">\n\t\t\t\n\t\t\t<ul class=\"nav nav-pills nav-uppercase nav-size-small nav-center\" role=\"tablist\"><li id=\"tab-descrizione\" class=\"tab active has-icon\" role=\"presentation\"><a href=\"#tab_descrizione\" role=\"tab\" aria-selected=\"true\" aria-controls=\"tab_descrizione\"><span>Beschreibung<\/span><\/a><\/li>\n<li id=\"tab-propriet\u00e0\" class=\"tab has-icon\" role=\"presentation\"><a href=\"#tab_propriet\u00e0\" tabindex=\"-1\" role=\"tab\" aria-selected=\"false\" aria-controls=\"tab_propriet\u00e0\"><span>Eigenschaften<\/span><\/a><\/li>\n<li id=\"tab-come-si-f\u00e0?\" class=\"tab has-icon\" role=\"presentation\"><a href=\"#tab_come-si-f\u00e0?\" tabindex=\"-1\" role=\"tab\" aria-selected=\"false\" aria-controls=\"tab_come-si-f\u00e0?\"><span>Wie funktioniert es?<\/span><\/a><\/li>\n<li id=\"tab-disclaimer\" class=\"tab has-icon\" role=\"presentation\"><a href=\"#tab_disclaimer\" tabindex=\"-1\" role=\"tab\" aria-selected=\"false\" aria-controls=\"tab_disclaimer\"><span>HAFTUNGSAUSSCHLUSS<\/span><\/a><\/li><\/ul><div class=\"tab-panels\"><div id=\"tab_descrizione\" class=\"panel active entry-content\" role=\"tabpanel\" aria-labelledby=\"tab-descrizione\">\n<h3><strong>Ruta Syrien (Peganum Harmala) \u2013 Chupito<\/strong><\/h3>\n<p>E&#8217; una pianta dall\u2019odore Caratteristico aromatico e inconfondibile, <strong>Ruta Syrien <\/strong>Nasconte una lunga carriera rituale nella cultura persiana: alcuni autori l\u2019hanno anche collegata al soma, la leggendaria bevanda A******** di cui si parla negli antichi testi Indo-Iraniani.<\/p>\n<p>I semi e le radici contengono A******** quali l&#8217;Armina (0.44-1,84%), l&#8217;Armalina (0,25% -0,79%) e la Tetraidroarmina. Questi A******** agiscono da <strong>IMAO-inibitori<\/strong>, ovvero impediscono la degradazione di alcune molecole nello stomaco quali la psilocibina o la DMT, cosi che\u00a0 la nostra naturale DMT presente nel corpo possa dare vita agli effetti guarigionali sul corpo umano della prima e permettendo quelli della seconda, che altrimenti sarebbero pressoch\u00e9 nulli.<\/p>\n<p>5-MeO-DMT..Ovvero che impediscono la degradazione di alcune molecole nello stomaco, potenziando l\u2019effetto delle molecole stesse o attivandone altre assunte contemporaneamente. Per questo motivo la <strong>Ruta Syrien<\/strong> viene considerata una pianta Antidepressiva e Aziolitica.<\/p>\n<p>Appartenente alla famiglia delle Nitrariaceae. Originario della zona orientale dell\u2019India, e della Amazonia, e raramente si trova anche in Sicilia e Sardegna, questo arbusto perenne che pu\u00f2 raggiungere il metro di altezza, presenta fiori bianchi che producono.<\/p>\n<\/div>\n<div id=\"tab_propriet\u00e0\" class=\"panel entry-content\" role=\"tabpanel\" aria-labelledby=\"tab-propriet\u00e0\">\n<h3><strong>Capsule contenenti semi.<\/strong><\/h3>\n<p>Die <strong>Ruta Syrien<\/strong> usata come pianta di potere \u00e8 appunto, rappresentata dai semi, dall\u2019odore molto forte e capace, anche a piccole dosi, di produrre effetti molto intensi.<\/p>\n<p>L\u2019uso rituale del <strong>Peganum Harmala<\/strong> come pianta psicoattiva \u00e8 molto antico nel mondo medio orientale, oltre agli utilizzi tradizionali come diuretico, digestivo, afrodisiaco, vermifugo e antielmintico.<\/p>\n<p>Recentementela <strong>Ruta Syrien<\/strong> \u00e8 tornata alla ribalta per il suo contenuto di A******** <strong>IMAO-inibitori<\/strong>, tanto da essere a volte utilizzata, in combinazione con altre piante, nella preparazione dell\u2019<strong>Ayahuasca <\/strong>e come Inibitore prima di soffiare lo <strong>Yop<\/strong>o.<\/p>\n<p>L\u2019<strong>Ayahuasca<\/strong> \u00e8 una bevanda di origine amazzonica consumata dagli sciamani di molte trib\u00f9 indigene per i suoi effetti Guarigionali e il rito spirituale inizatico ancestrale con l&#8217;intento di espandere la coscienza e di conseguenza la guarigione dell&#8217;anima.<\/p>\n<p>Studi molto recenti hanno, inoltre, scoperto la presenza nella ghiandola pineale umana della stessa tipologia di A******** (chiamati beta-carboline) contenuti nella Ruta Siriana, coinvolti nella produzione e nel controllo dei cicli onirici. Durante una profonda meditazione, nello stato di innamoramento e durante gli esercizi di espansione della coscienza il cervello produce autonomamente queste beta-carboline, che possono invece essere somministrate a scopo teRap\u00e9utico attraverso il consumo dei semi di <strong>Peganum Harmala<\/strong>.<\/p>\n<\/div>\n<div id=\"tab_come-si-f\u00e0?\" class=\"panel entry-content\" role=\"tabpanel\" aria-labelledby=\"tab-come-si-f\u00e0?\">\n<h3><strong>Come si usa?<\/strong><\/h3>\n<p>Viene aggiunta come imao per la capi Capii per la preparazione della ayahuasca, o cosumata da sola o prima dello yopo o prima della esperienza con la psylocibide.<\/p>\n<h3><strong>Durata della pozione magica<\/strong><\/h3>\n<p>Viene cucinata al momento e ha una durata all&#8217;incirca di 7\/10 giorni e si mantiene nel frigo<\/p>\n<h3><strong>DOSAGGI,\u00a0 MODALITA&#8217; E PREPARAZIONE<\/strong><\/h3>\n<p>Attenzione agli alti dosaggi (per evitare effetti come vomito e mal di testa intensi)<\/p>\n<p>anche se il vomito sar\u00e0 sempre presente come compagno dell&#8217;espellere energie negative .Non serve niente esagerare nelle dosi.<\/p>\n<p>5 grammi IN SEMI O IN POLVERE a persona sono sufficienti sia da soli che prima dello yopo, e quindi per la preparazione di ayahuasca, in base al numero delle persone.<\/p>\n<p>Stessa cosa nel &#8220;Chupito&#8221; che equivale a 5 grammi.<\/p>\n<p>Tranne se viene aggiunto alla Capii per la preparazione della ayahuasca, per poterla cosumare da sola o prima dello yopo<\/p>\n<p>Die <strong>Ruta<\/strong> andr\u00e0 cucinata con un bicchiere raso di acqua ogni 5 grammi per 1 ora, (quindi in una piccola casseruola (padellina) nel caso sono, solo 5 o 10 grammi)\u00a0 poi filtrare il composto e rimettere i semi o la polvere di nuovo a bollire per un altra ora, sempre con un bicchiere di acqua. i due composti ottenuti (quello di prima e il secondo) si uniranno in uno solo.. (la quantit\u00e0 di acqua finale \u00e8 relativa in quanto tutto dipende dalla fiamma usata, e dalla pentola usata.<\/p>\n<p>Quindi al finale sar\u00e0 sufficiente ottenere 30ml di soluzione da bere per ogni porzione da 5gr di semi o polvere, prestando attenzione che non attacchi e non sciughi tropo l&#8217;acqua.<\/p>\n<p>E&#8217; buona norma che le piante di potere abbiamo un ICARO da far ascoltare alla pianta.<\/p>\n<p>Se saranno di pi\u00f9 di 30ml andr\u00e0 bene comunque, in quanto il fatto di ottenere meno liquido possibile \u00e8 per avere meno liquido da ingerire, ma la quantit\u00e0 da ottenere come gi\u00e0 detto dipender\u00e0 molto dalla pentola usata e dalla velocit\u00e0 dell&#8217;acqua di asciugare, che la prossima volta sar\u00e0 tarata meglio in base al fornello e alla grandezza delle attrezzature usate.<\/p>\n<\/div>\n<div id=\"tab_disclaimer\" class=\"panel entry-content\" role=\"tabpanel\" aria-labelledby=\"tab-disclaimer\">\n<p><strong><span style=\"color: #d83131;\">DIE BILDER IN DER BESCHREIBUNG SIND REIN INDIKATIV ZU VERSTEHEN<\/span><\/strong><\/p>\n<p><strong><span style=\"color: #d83131;\">PRODUKTE GARANTIERT KARMARANDO<\/span><\/strong><br \/>\n<strong><span style=\"color: #d83131;\">F\u00fcr produkte, PFLANZEN, WEIHRAUCH UND PRODUKTE IN PULVERFORM ZUR ZEIT nicht protranno durchgef\u00fchrt werden R\u00dcCKSENDUNGEN oder ERSTATTUNGEN<\/span><\/strong><\/p>\n<p>Die <strong>begriffe<\/strong> in den kategorien-und tag-wollen nicht vorschlagen, der medizinischen verwendung und prominenten der produkte, nur besser organisieren, auf der basis ihrer historischen, wissenschaftlichen und gesellschaftlichen.<\/p>\n<p><strong>Die rezepte sind zur verf\u00fcgung gestellt wissenschaftliche<\/strong>: nicht wollen, um die kunden zu ermutigen, sie zu wiederholen, noch nicht einmal consumarne produkte.<\/p>\n<p><strong>Unsere inhalte<\/strong> nicht bewertet wurden von der FDA oder einer beliebigen abbildung professionelle medizinische: die m\u00f6glichen anwendungen, indikationen, dosierungen und hinweise beschrieben, die nur f\u00fcr p\u00e4dagogischen zweck, sind spekulationen pers\u00f6nliche und stellen keine medizinische beratung.<\/p>\n<p><strong>Die produkte verkauft werden<\/strong> wie r\u00e4ucherst\u00e4bchen, Seifen, Harze und material botanische sammlung und material der wissenschaftlichen forschung.<\/p>\n<p><span style=\"color: #ed1c24; font-size: 115%;\"><strong>Nicht zum menschlichen verzehr bestimmt.<br \/>\nDamit sie unsere produkte erwerben, m\u00fcssen sie mindestens 18 jahre alt sein und eignen sich nicht f\u00fcr schwangere und\/oder stillende frauen.<\/strong><\/span><\/p>\n<p>Zu erhalten mehr informationen <strong>KARMARANDO<\/strong> besuch <a href=\"https:\/\/www.instagram.com\/karmarando1\/\" target=\"_blank\" rel=\"noopener\"><br \/>\n<span style=\"color: #0000ff;\"><strong>diese seite<\/strong><\/span><\/a> oder lesen sie die neuesten nachrichten auf <a href=\"https:\/\/karmarando.com\/de\/blog\/\" target=\"_blank\" rel=\"nofollow noopener\"><strong><span style=\"color: #0000ff;\">BLOG<\/span><\/strong><\/a><\/p>\n<\/div><\/div><\/div>","protected":false},"excerpt":{"rendered":"<p>Ruta Syrien (Peganum Harmala) \u2013 Chupito<\/p>","protected":false},"featured_media":4439,"comment_status":"open","ping_status":"closed","template":"","meta":[],"product_brand":[468],"product_cat":[201,210,200,199,211],"product_tag":[720,719],"class_list":{"0":"post-4465","1":"product","2":"type-product","3":"status-publish","4":"has-post-thumbnail","6":"product_brand-karmarando","7":"product_cat-caapi-aya-e-microdosi","8":"product_cat-erbe-del-sogno-oneirogeni","9":"product_cat-etnobotaniche","10":"product_cat-piante-di-potere","11":"product_cat-visionistiche","12":"product_tag-chupito","13":"product_tag-ruta-siriana","14":"pa_brand-karmarando","15":"pa_ean-1237","16":"pa_formato-chupito","17":"pa_ingredienti-ruta-siriana","18":"pa_paese-di-fabbricazione-amzonia","19":"pa_paese-di-fabbricazione-india","20":"pa_paese-di-fabbricazione-peru","21":"pa_paese-di-fabbricazione-sardegna","22":"pa_paese-di-fabbricazione-sicilia","23":"pa_quantitativo-x-1-persona","24":"pa_quantitativo-x-10-persone","25":"pa_quantitativo-x-3-persone","26":"pa_quantitativo-x-5-persone","27":"pa_quantitativo-x-7-persone","29":"first","30":"instock","31":"shipping-taxable","32":"purchasable","33":"product-type-variable"},"_links":{"self":[{"href":"https:\/\/karmarando.com\/de\/wp-json\/wp\/v2\/product\/4465","targetHints":{"allow":["GET"]}}],"collection":[{"href":"https:\/\/karmarando.com\/de\/wp-json\/wp\/v2\/product"}],"about":[{"href":"https:\/\/karmarando.com\/de\/wp-json\/wp\/v2\/types\/product"}],"replies":[{"embeddable":true,"href":"https:\/\/karmarando.com\/de\/wp-json\/wp\/v2\/comments?post=4465"}],"wp:featuredmedia":[{"embeddable":true,"href":"https:\/\/karmarando.com\/de\/wp-json\/wp\/v2\/media\/4439"}],"wp:attachment":[{"href":"https:\/\/karmarando.com\/de\/wp-json\/wp\/v2\/media?parent=4465"}],"wp:term":[{"taxonomy":"product_brand","embeddable":true,"href":"https:\/\/karmarando.com\/de\/wp-json\/wp\/v2\/product_brand?post=4465"},{"taxonomy":"product_cat","embeddable":true,"href":"https:\/\/karmarando.com\/de\/wp-json\/wp\/v2\/product_cat?post=4465"},{"taxonomy":"product_tag","embeddable":true,"href":"https:\/\/karmarando.com\/de\/wp-json\/wp\/v2\/product_tag?post=4465"}],"curies":[{"name":"wp","href":"https:\/\/api.w.org\/{rel}","templated":true}]}}