{"id":4262,"date":"2022-01-16T13:39:32","date_gmt":"2022-01-16T12:39:32","guid":{"rendered":"https:\/\/www.karmarando.com\/?post_type=product&#038;p=4262"},"modified":"2025-12-04T20:55:57","modified_gmt":"2025-12-04T19:55:57","slug":"crema-gel-vita-di-fermentati-fervida-micorganismi","status":"publish","type":"product","link":"https:\/\/karmarando.com\/de\/fitoterapici\/fermentati-fervida-e-em\/creme-e-gel-fermentati\/crema-gel-vita-di-fermentati-fervida-micorganismi\/","title":{"rendered":"Creme-Gel das Leben von Fermentierten Bl\u00fchende ich mag"},"content":{"rendered":"<div class=\"tabbed-content\">\n\t\t\t\n\t\t\t<ul class=\"nav nav-pills nav-uppercase nav-size-small nav-center\" role=\"tablist\"><li id=\"tab-descrizione\" class=\"tab active has-icon\" role=\"presentation\"><a href=\"#tab_descrizione\" role=\"tab\" aria-selected=\"true\" aria-controls=\"tab_descrizione\"><span>Beschreibung<\/span><\/a><\/li>\n<li id=\"tab-propriet\u00e0\" class=\"tab has-icon\" role=\"presentation\"><a href=\"#tab_propriet\u00e0\" tabindex=\"-1\" role=\"tab\" aria-selected=\"false\" aria-controls=\"tab_propriet\u00e0\"><span>Eigenschaften<\/span><\/a><\/li>\n<li id=\"tab-come-si-f\u00e0?\" class=\"tab has-icon\" role=\"presentation\"><a href=\"#tab_come-si-f\u00e0?\" tabindex=\"-1\" role=\"tab\" aria-selected=\"false\" aria-controls=\"tab_come-si-f\u00e0?\"><span>Wie funktioniert es?<\/span><\/a><\/li>\n<li id=\"tab-disclaimer\" class=\"tab has-icon\" role=\"presentation\"><a href=\"#tab_disclaimer\" tabindex=\"-1\" role=\"tab\" aria-selected=\"false\" aria-controls=\"tab_disclaimer\"><span>HAFTUNGSAUSSCHLUSS<\/span><\/a><\/li><\/ul><div class=\"tab-panels\"><div id=\"tab_descrizione\" class=\"panel active entry-content\" role=\"tabpanel\" aria-labelledby=\"tab-descrizione\">\n<h3><strong>Crema Gel Vita di Fermentati Fervida EM<\/strong><\/h3>\n<p>Con la Selezione dei migliori Fervida in assoluto, e con l&#8217;aggiunta di altri componenti elencati qui sotto, nasce una speciale crema in gel naturale 100% dermatologicamente per tutti i trattamenti della pelle e perfino i malanni correlati:<\/p>\n<p>Creme-Gel das Leben von Fermentierten Bl\u00fchende ich mag<\/p>\n<p>Sono stati Aggiunti:<\/p>\n<ul>\n<li>Gel Aloe Vera<\/li>\n<li>Oleolito di Iperico erba di Sangiovanni<\/li>\n<li>Mielata di Bosco<\/li>\n<\/ul>\n<\/div>\n<div id=\"tab_propriet\u00e0\" class=\"panel entry-content\" role=\"tabpanel\" aria-labelledby=\"tab-propriet\u00e0\">\n<h3><strong>Fermentati Fervida Contenuti sono della migliore selezione, Contenendo:\u00a0<\/strong><\/h3>\n<p><strong>NONI<\/strong>. Una delle propriet\u00e0 principali del noni \u00e8 quella antinfiammatoria, talmente spiccata da essere spesso facilmente reputato come alimento utile a prevenire e combattere alcune forme tumorali. Stimola il sistema immunitario. . Pu\u00f2 essere usato nella lotta alle dipendenze. Ci\u00f2 che rende prezioso il noni per la cura della buona salute \u00e8 la sua ricchezza di composti fitochimici: lignani, iridoidi (soprattutto l&#8217;acido asperulosidico), alcaolidi (specialmente la xeronina), catechine, e vari acidi preziosi antiossidanti e antinfiammatori come il linoleico.Gran parte di queste composti fitochimici sono antiossidanti, antitumorali, analgesici e antiinfiammatori, cos\u00ec da rendere il noni un alimento prezioso che sta attirando le attenzioni di molti ricercatori scientifici. E\u2019 considerato il frutto al mondo con pi\u00f9 alta concentrazione di fitonutrienti.<\/p>\n<p><strong>PAPAYA<\/strong>. Le foglie di papaya aiutano a digerire meglio la proteina del glutine.I loro antiossidanti sono estremamente utili per aiutare il corpo a lottare contro malattie come il cancro, senza alcun effetto collaterale. Le foglie di papaya eliminano la dipendenza da carboidrati e zuccheri. Combattono l\u2019acne. Hanno propriet\u00e0 anti-invecchiamento. Rafforzano il sistema immunitario.<\/p>\n<p><strong>GANODERMA LUCIDUM<\/strong>. analgesico, antiallergico, anti infiammatorio, stimolante le cellule immunitarie Natural Killer (NK), antibatterico per effetto dell&#8217;immunostimolazione, antivirale per l&#8217;aumento della produzione di interferone, antiossidante, antitumorale, ipotensivo, ipocolesterolemizzante, cardio tonico, antidepressivo e rilassante, mucolitico, ostacola il virus HIV (sia in vitro che in vivo), migliora la funzionalit\u00e0 cortico-surrenalica, aumenta la produzione di interleuchina 1 e 2 prodotta da macrofagi e splenociti.<\/p>\n<p><strong>FUNGHI SHITAKE<\/strong>\u2019. E\u2019 una importante fonte di vitamina D. Stimola la produzione di linfociti T. Protegge il fegato. E\u2019 antivirale e aiuta a combattere lo stress. NEEM. Il neem ha propriet\u00e0 antibatteriche, antivirali, antisettiche e antinfiammatorie per cui aiuta anche ad alleviare i sintomi di malattie della pelle come l\u2019acne, la psoriasi, l\u2019eczema e la scabbia. Il neem viene usato tradizionalmente per purificare il sangue, disintossicare il fegato e supportare il sistema immunitario.<\/p>\n<p><strong>GRAVIOLA\u00a0foglie<\/strong>. Aiuta a dormire pi\u00f9 facilmente.Analgesico naturale efficace nel sedare il dolore. Protegge gli occhi ed \u00e8 ricco di antiossidanti indispensabili. Utile per eliminare tosse e muco. Efficace contro parassiti. Facilita la prevenzione delle infezioni del tratto urinario.\u00c8 un rimedio naturale per l\u2019artrite. Contribuisce nella prevenzione dei tumori. Antidepressivo naturale efficace nel sedare lo stress. Le foglie dell\u2019annona muricata hanno dimostrato efficacia contro 12 tipi di cellule tumorali. Riduce il rischio di cancro al pancreas. Rallenta l\u2019invecchiamento ed \u00e8 potente frutto antiaging.<\/p>\n<p><strong>MORINGA<\/strong>. Ricca in omega 3-6-9 che sono un importante aiuto per mantenere in buona salute la membrana cellulare e quindi l&#8217;intero organismo, la moringa oleifera \u00e8 utile per attivare o rinforzare il sistema immunitario, mantenere a livelli ottimali la pressione sanguigna, il glucosio nel sangue e i livelli ormonali.<\/p>\n<p><strong>DIE BL\u00c4TTER DER GUAVE<\/strong>Sie haben wichtige eigenschaften antidiabetiche, reduzieren die anwesenheit von zucker im blut. Antioxidative eigenschaften. Viele studien haben gezeigt, dass die bl\u00e4tter der guave stimlano die produktion von spermien und f\u00f6rdert so die empf\u00e4ngnis. Die gewichtsabnahme zu f\u00f6rdern und wirken hypoallergen.<\/p>\n<p><strong>ALOE ARBORESCENS<\/strong>. Ha la naturale capacit\u00e0 di rafforzare le difese dell&#8217;organismo aiutando anche attivamente vista la sua azione antibatterica. Chi assume aloe vede poi migliorare la digestione, accelerare il metabolismo e si assicura una buona dose di sostanze dal potere antitumorale.<\/p>\n<p><strong>CLITORIA TERNATEA<\/strong>. E\u2019 ritenuta antidepressiva, antipiretica, ansiolitica, sedativa e anticonvulsivante: alcuni peptidi ritrovati al suo interno sembrerebbero inoltre avere un&#8217;azione anti-tumorale, e capaci di inibire l&#8217;assorbimento del glucosio dall&#8217;alimentazione con ovvi benefici a livello di diabete.<\/p>\n<p><strong>TILIACORA TRIANDRA<\/strong>. &#8211;\u00a0Anti ossidante &#8211; Anti infiammatoria &#8211; Riduce il rischio di formazione di cancro &#8211; Anti-batterica, anti-fungina. Le foglie contengono polifenoli, flavonoidi, alcaloidi, B-carotene e minerali come calcio e ferro.<\/p>\n<p><strong>SANARIS<\/strong> si sta rivelando un Ferv\u00ecda molto gradito e gradevole, efficace per tutte le patologie, ma utile anche a chi \u00e8 sano. Chi lo assume ne sente spesso velocemente i benefici, non solo a livello fisico, ma anche energetico ed emotivo. Nato dall\u2019unione di vegetali di altissima efficacia per la cura dei tumori, quindi ottimo da affiancare alle terapie in atto, si sta rivelando efficace in tutti gli utilizzi che se ne possono fare.<\/p>\n<h3><strong>PIU&#8217; NELLO SPECIFICO GLI INGREDIENTI<\/strong><\/h3>\n<ul>\n<li>Le gelatine dei fermentati (probiotici) hanno importanti propriet\u00e0, ma la loro particolare struttura fatta di cunicoli e cellette fibrose si \u00e8 rivelata particolarmente adatta alle applicazioni sulla pelle per curare vari tipi di disturbi.La loro struttura consente il lento rilascio di fermentati prolungando l&#8217;azione per molte ore, mentre l&#8217;applicazione diretta dei fermentati liquidi \u00e8 vivacemente attiva solo per pochi minuti. Comunque utili entrambi a seconda della problematica e del tipo di pelle.<\/li>\n<li>il gel di aloe Vera gi\u00e0 nota per le sue particolari propriet\u00e0 antinfiammatorie, risulta utile per stimolare il sistema immunitario, per la sua azione antibatterica, antivirale, antiossidante e disintossicante, in grado dunque di combattere i radicali liberi che contribuiscono all&#8217;invecchiamento delle cellule del nostro corpo.<\/li>\n<li>L&#8217;Oleolito di Iperico, detto anche olio di San Giovanni e noto per le sue potenti azioni antinfiammatorie antibatteriche antiossidanti cicatrizzanti eccetera, ma soprattutto stimola la rigenerazione cellulare che unito in questa crema da un importante apporto.<\/li>\n<li>La Melata di bosco \u00e8 un Miele che ha propriet\u00e0 prebiotiche, antiossidanti, antibatteriche e rimineralizzanti.<\/li>\n<\/ul>\n<p>Fermentati Fervida<\/p>\n<\/div>\n<div id=\"tab_come-si-f\u00e0?\" class=\"panel entry-content\" role=\"tabpanel\" aria-labelledby=\"tab-come-si-f\u00e0?\">\n<h3><strong>COME QUANDO SI CONSUMA<\/strong><\/h3>\n<p>Questa meravigliosa Crema Gel Vita di Fermentati Fervida Micorganismi, si pu\u00f2 usare tranquillamente mattina e sera per il viso e il corpo magari dopo un bel bagno rilassante, senza necessit\u00e0 di ricorrere a pi\u00f9 creme, considerando che i componenti sono nutrienti, antibatterici e il formidabile aloe, protegge dai raggi ultravioletti e ripristina il collagene della pelle: se poi aggiungete zucchero o sale alla crema otterrete un meraviglioso scrub per il corpo.<\/p>\n<h3><strong>Come si conserva Crema Gel Vita di Fermentati Fervida Micorganismi <\/strong><\/h3>\n<p>Questo meraviglioso gel-crema \u00e8 un prodotto vivo, per fermarne la naturale fermentazione va conservato in frigor: ogni tanto potrebbe essere necessario rimescolarlo poich\u00e9 il gel di aloe tende a depositarsi sul fondo e quindi va amalgamato. Dopo ogni apertura chiudere per bene Non \u00e8 importante l&#8217;esposizione alla luce artificiale o la trasparenza del contenitore, \u00e8 invece molto importante che\u00a0 non resti a contatto della luce diretta del sole per tempi lunghi, in altre parole non va dimenticato sul cruscotto della macchina o vicino ad una finestra dove batte il Sole per molte ore al giorno. I raggi UVA del\u00a0 Sole sono mortali per tutti i microrganismi Effettivi.<\/p>\n<h3><strong>A COSA SERVE\u00a0 Crema Gel Vita di Fermentati Fervida Micorganismi:<\/strong><\/h3>\n<p>Mettendo insieme le propriet\u00e0 dei vari ingredienti in questa formulazione di Fermentati Fervida avremo un valido aiuto in caso di:<\/p>\n<ol>\n<li>Dolori articolari<\/li>\n<li>Torcicollo<\/li>\n<li>Artriti<\/li>\n<li>Mal di schiena<\/li>\n<li>Tunnel carpale<\/li>\n<li>Eritemi solari<\/li>\n<li>Dermatiti<\/li>\n<li>Eczemi<\/li>\n<li>Herpes labiale<\/li>\n<li>Foruncoli<\/li>\n<li>Bruciature<\/li>\n<li>Rughe<\/li>\n<li>Fibromi all&#8217;utero<\/li>\n<li>Papilloma virus<\/li>\n<li>Candida, e tutte le infezioni e malanni delle parti basse.<\/li>\n<\/ol>\n<h3><strong>Come funzionano i Fermentati Fervida, Creme e i Colliri:<\/strong><\/h3>\n<p>I Ferv\u00ecda sono ricchi di microorganismi effettivi che dove c&#8217;\u00e8 morte (e l&#8217;intestino non sta funzionando e di conseguenza anche la mente essendo connessa tramite il nervo vago) ma loro si nutrono di batteri maligni e di tuto chio che ci manda in desquilibrio Ridandoci pura la vita!<\/p>\n<p>Gli stessi microorganismi infatti vengono usati quando c&#8217;\u00e8 uno spargimento di petrolio, il petrolio sono plancton morti e quindi cibo appetitoso per i microorganismi presenti nei fermentati che vanno a ripukire tutto il nostro organismo.<\/p>\n<p>I Fermentati Fervida vanno assunti a digiuno per aumentare le propriet\u00e0 fitoterapiche durante o dopo i pasti per poter passare correttamente attraverso l&#8217;intestino<\/p>\n<p>Die <strong>Fermentati Fervida<\/strong> a lunga fermentazione come i nostri Olfattivamente e visivamente ricordano gli aceti, sono fermentazioni selvatiche o spontanee ricche di Microrganismi Effettivi benefici che possono nutrire l&#8217;intero organismo umano: probiotici, prebiotici, enzimi, vitamine, compresa la B12, gli Omega 3-6-9, acidi grassi a catena corta, proteine essenziali, gran parte dei minerali e tanti altri micronutrienti nonch\u00e9 le propriet\u00e0 fitoterapiche che riescono ad estrarre dei vegetali durante la fermentazione.<\/p>\n<p>Si pu\u00f2 fermentare non solo cibo (frutti, semi, erbe ecc) ma anche cortecce e foglie che altrimenti sarebbero immangiabili pur contenendo propriet\u00e0 importanti.<\/p>\n<p>Die <strong>Fermentati Fervida<\/strong> Sono in gocce e si prendono 3 volte al giorno, anche se difficilmente capita, alcuni notano piccoli sintomi della disintossicazione quali nervoso o stranezza, o in casi peggiori defecazione intensa che come detto solo raramente e per i primi 5-6 giorni.<\/p>\n<p>Con i Fermentati Fervida facciamo anche il gel via come da foto, che ne abbiamo e ne parleremo ancora specifico per dermatologia e cure interne come escoriazioni, ferite e papillomi o fibromi, oltr che per scottature, per dolori muscolari e di ossa, eczemi e herpes e non meno importante come lifting ringiovanente per rughe e correlati!<\/p>\n<p>Die <strong>Fermentati Fervida<\/strong> sono alimenti vivi, microrganismi Effettivi che respirano la vita e la fanno muovere, un ritmo che non si interrompe mai, nutrono l&#8217;organismo a livello molecolare, vibrazionale, energetico, donano quella energia vitale che agisce anche sull&#8217;umore, aiutandoci a ritrovare serenit\u00e0 ed equilibrio.<\/p>\n<p>Fermentati Fervida Anche in casi di depressione o mali degenerativi.<\/p>\n<p><strong><span style=\"color: #ed1c24;\">ATTENZIONE: Non ha niente a che vedere con probiotici o kefir o con Kombucha o Nambuka.. Diffidate chi vi dice che \u00e8 la stessa cosa ma \u00e8 logico ed ovvio che non lo \u00e8.<\/span><\/strong><br \/>\n<strong><span style=\"color: #ed1c24;\">kefir Kombucha Nambucha sono pronti in 24 ore, qui la tecnica \u00e8 totalmente differente oltre che sono invecchiati per 7 anni tuti i prodotti e ogni anno ne guadagnano uno in piu perche la nostra produzione continua e quindi hanno la maturit\u00e0 per avere davvero effetti strabilianti potenti. Questi pi\u00f9 invecchiano pi\u00f9 maturano, e acquisiscono Potenza rigeneratrice e ovviamente non hanno scadenza perch\u00e8 sono loro stessi un conservante.<br \/>\n<\/span><\/strong><\/div>\n<div id=\"tab_disclaimer\" class=\"panel entry-content\" role=\"tabpanel\" aria-labelledby=\"tab-disclaimer\">\n<p><strong><span style=\"color: #d83131;\">DIE BILDER IN DER BESCHREIBUNG SIND REIN INDIKATIV ZU VERSTEHEN<\/span><\/strong><\/p>\n<p><strong><span style=\"color: #d83131;\">PRODUKTE GARANTIERT KARMARANDO<\/span><\/strong><br \/>\n<strong><span style=\"color: #d83131;\">F\u00fcr produkte, PFLANZEN, WEIHRAUCH UND PRODUKTE IN PULVERFORM ZUR ZEIT nicht protranno durchgef\u00fchrt werden R\u00dcCKSENDUNGEN oder ERSTATTUNGEN<\/span><\/strong><\/p>\n<p>Die <strong>begriffe<\/strong> in den kategorien-und tag-wollen nicht vorschlagen, der medizinischen verwendung und prominenten der produkte, nur besser organisieren, auf der basis ihrer historischen, wissenschaftlichen und gesellschaftlichen.<\/p>\n<p><strong>Die rezepte sind zur verf\u00fcgung gestellt wissenschaftliche<\/strong>: nicht wollen, um die kunden zu ermutigen, sie zu wiederholen, noch nicht einmal consumarne produkte.<\/p>\n<p><strong>Unsere inhalte<\/strong> nicht bewertet wurden von der FDA oder einer beliebigen abbildung professionelle medizinische: die m\u00f6glichen anwendungen, indikationen, dosierungen und hinweise beschrieben, die nur f\u00fcr p\u00e4dagogischen zweck, sind spekulationen pers\u00f6nliche und stellen keine medizinische beratung.<\/p>\n<p><strong>Die produkte verkauft werden<\/strong> wie r\u00e4ucherst\u00e4bchen, Seifen, Harze und material botanische sammlung und material der wissenschaftlichen forschung.<\/p>\n<p><span style=\"color: #ed1c24; font-size: 115%;\"><strong>Nicht zum menschlichen verzehr bestimmt.<br \/>\nDamit sie unsere produkte erwerben, m\u00fcssen sie mindestens 18 jahre alt sein und eignen sich nicht f\u00fcr schwangere und\/oder stillende frauen.<\/strong><\/span><\/p>\n<p>Zu erhalten mehr informationen <strong>KARMARANDO<\/strong> besuch <a href=\"https:\/\/www.instagram.com\/karmarando1\/\" target=\"_blank\" rel=\"noopener\"><br \/>\n<span style=\"color: #0000ff;\"><strong>diese seite<\/strong><\/span><\/a> oder lesen sie die neuesten nachrichten auf <a href=\"https:\/\/karmarando.com\/de\/blog\/\" target=\"_blank\" rel=\"nofollow noopener\"><strong><span style=\"color: #0000ff;\">BLOG<\/span><\/strong><\/a><\/p>\n<\/div><\/div><\/div>","protected":false},"excerpt":{"rendered":"<p>Creme-Gel das Leben von Fermentierten Bl\u00fchende ich mag<\/p>","protected":false},"featured_media":4245,"comment_status":"open","ping_status":"closed","template":"","meta":[],"product_brand":[468],"product_cat":[238,2398,230,229,235],"product_tag":[510],"class_list":{"0":"post-4262","1":"product","2":"type-product","3":"status-publish","4":"has-post-thumbnail","6":"product_brand-karmarando","7":"product_cat-corpo-e-bellezza","8":"product_cat-creme-e-gel-fermentati","9":"product_cat-fermentati-fervida-e-em","10":"product_cat-fitoterapici","11":"product_cat-nutrizione-e-cosmetica","12":"product_tag-fervida","13":"pa_brand-karmarando","14":"pa_ean-1244","15":"pa_ingredienti-erba-di-sangiovanni","16":"pa_ingredienti-fermenteri-fervida","17":"pa_ingredienti-gel-aloe-vera","18":"pa_ingredienti-mielata-di-bosco","19":"pa_ingredienti-oleolito-di-iperico","20":"pa_paese-di-fabbricazione-italia","21":"pa_unita-di-misura-100-g","22":"pa_unita-di-misura-50-g","24":"first","25":"instock","26":"shipping-taxable","27":"purchasable","28":"product-type-variable"},"_links":{"self":[{"href":"https:\/\/karmarando.com\/de\/wp-json\/wp\/v2\/product\/4262","targetHints":{"allow":["GET"]}}],"collection":[{"href":"https:\/\/karmarando.com\/de\/wp-json\/wp\/v2\/product"}],"about":[{"href":"https:\/\/karmarando.com\/de\/wp-json\/wp\/v2\/types\/product"}],"replies":[{"embeddable":true,"href":"https:\/\/karmarando.com\/de\/wp-json\/wp\/v2\/comments?post=4262"}],"wp:featuredmedia":[{"embeddable":true,"href":"https:\/\/karmarando.com\/de\/wp-json\/wp\/v2\/media\/4245"}],"wp:attachment":[{"href":"https:\/\/karmarando.com\/de\/wp-json\/wp\/v2\/media?parent=4262"}],"wp:term":[{"taxonomy":"product_brand","embeddable":true,"href":"https:\/\/karmarando.com\/de\/wp-json\/wp\/v2\/product_brand?post=4262"},{"taxonomy":"product_cat","embeddable":true,"href":"https:\/\/karmarando.com\/de\/wp-json\/wp\/v2\/product_cat?post=4262"},{"taxonomy":"product_tag","embeddable":true,"href":"https:\/\/karmarando.com\/de\/wp-json\/wp\/v2\/product_tag?post=4262"}],"curies":[{"name":"wp","href":"https:\/\/api.w.org\/{rel}","templated":true}]}}