{"id":4247,"date":"2022-01-15T08:10:17","date_gmt":"2022-01-15T07:10:17","guid":{"rendered":"https:\/\/www.karmarando.com\/?post_type=product&#038;p=4247"},"modified":"2026-03-23T12:28:14","modified_gmt":"2026-03-23T11:28:14","slug":"collirio-di-fermentati-fervida-gocce-diamante-a-5-ml-10ml-e-15-ml","status":"publish","type":"product","link":"https:\/\/karmarando.com\/de\/fitoterapici\/fermentati-fervida-e-em\/colliri-di-fermentati\/collirio-di-fermentati-fervida-gocce-diamante-a-5-ml-10ml-e-15-ml\/","title":{"rendered":"Augentropfen von Fermentierten Bl\u00fchende Mikroorganismen (Tropfen Diamant) \u2013 verf\u00fcgbar ab 5 ml, 10 ml und 15 ml"},"content":{"rendered":"<div class=\"tabbed-content\">\n\t\t\t\n\t\t\t<ul class=\"nav nav-pills nav-uppercase nav-size-small nav-center\" role=\"tablist\"><li id=\"tab-descrizione\" class=\"tab active has-icon\" role=\"presentation\"><a href=\"#tab_descrizione\" role=\"tab\" aria-selected=\"true\" aria-controls=\"tab_descrizione\"><span>Beschreibung<\/span><\/a><\/li>\n<li id=\"tab-propriet\u00e0\" class=\"tab has-icon\" role=\"presentation\"><a href=\"#tab_propriet\u00e0\" tabindex=\"-1\" role=\"tab\" aria-selected=\"false\" aria-controls=\"tab_propriet\u00e0\"><span>Eigenschaften<\/span><\/a><\/li>\n<li id=\"tab-come-si-f\u00e0-?\" class=\"tab has-icon\" role=\"presentation\"><a href=\"#tab_come-si-f\u00e0-?\" tabindex=\"-1\" role=\"tab\" aria-selected=\"false\" aria-controls=\"tab_come-si-f\u00e0-?\"><span>Wie funktioniert es ?<\/span><\/a><\/li>\n<li id=\"tab-disclaimer\" class=\"tab has-icon\" role=\"presentation\"><a href=\"#tab_disclaimer\" tabindex=\"-1\" role=\"tab\" aria-selected=\"false\" aria-controls=\"tab_disclaimer\"><span>HAFTUNGSAUSSCHLUSS<\/span><\/a><\/li><\/ul><div class=\"tab-panels\"><div id=\"tab_descrizione\" class=\"panel active entry-content\" role=\"tabpanel\" aria-labelledby=\"tab-descrizione\">\n<h3>Collirio di Fermentati Fervida (Gocce Diamante) &#8211; disponibile da 5 ml, 10ml e 15 ml<\/h3>\n<p><strong>Tropfen Diamant <\/strong>12 jahre gereift<strong>, <\/strong>erstellt durch die ausnutzung der ressourcen der g\u00e4rung und die harmonie, die im laufe der zeit ist eine ressource, die ganz nat\u00fcrliche pflege und verhindert viele probleme des auges, der hilft, das sehverm\u00f6gen verbessern.<\/p>\n<p>Le Gocce Diamante possono essere usate anche nel naso e nelle orecchie quando serve una azione delicata.<\/p>\n<p>Creato Amorevolmente partendo da 6 frutti con la tecnica Fervida Gocce Diamante.<\/p>\n<p><strong>Ottimo anche da usare assieme e dopo il Sananga (cercalo nel &#8220;cerca&#8221; in alto) per drenare e calmare e rilassare l&#8217;occhio.<\/strong><\/p>\n<\/div>\n<div id=\"tab_propriet\u00e0\" class=\"panel entry-content\" role=\"tabpanel\" aria-labelledby=\"tab-propriet\u00e0\">\n<h3><strong>Die 7 fr\u00fcchte der Tropfen Diamant sind:<\/strong><\/h3>\n<ul>\n<li><strong>TINOSPORA <\/strong>Oltre a essere ottimo per Diabete, Spasmi, Infiammazione, Lo stress ossidativo, Allergia, Stress, Lebbra, Malaria, Neoplasia. Sappiamo bene che tuttee qeste malattie sono molto connesse ai problemi agli occhi..Lo stress e soffrimenti infantili non risolti, causano problemi e complicanze agli occhi, o perch\u00e8 non si vuole vedere ci\u00f2 che ci ha fatto e ci sta facendo male, cosi che diventa patologico, oltre che lo stress degenera in generale causando Problema degli occhi e di altre condizioni ed emozioni correlate.<\/li>\n<li><strong>CRISPA <\/strong>Favorisce la guarigione del sistema nervoso centrale ed \u00e8 dotata anche di\u00a0 effetto cancerogeno e ristrutturante, cos\u00ec che gli occhi ne possano giovare<\/li>\n<li><strong>AMLA<\/strong> oltre ad avere altri poteri sul copro la sua assunzione di <b>amla<\/b>\u00a0effekte\u00a0<b>benefici<\/b> auf vista. Verbessert die kurzsichtigkeit und lindert die symptome der katarakt zu reduzieren den augeninnendruck. Er enth\u00e4lt carotinoide, die bestimmte, dass sie k\u00f6nnen haben positiven einfluss auf die sicht und die <b>occhi<\/b>.<\/li>\n<li><strong>NONI<\/strong> ( Morinda Citrifolia L.) Eine der wichtigsten eigenschaften der noni ist die entz\u00fcndungshemmende wirkung, so ausgepr\u00e4gt sein, oft leicht angeblich als nahrung n\u00fctzlich f\u00fcr die verhinderung und bek\u00e4mpfung bestimmter krebsarten. Es stimuliert das immunsystem und die rekonstruktion der netzhaut, reparatur und linderung von entz\u00fcndung der augen. Zus\u00e4tzlich zu verwendet f\u00fcr den kampf gegen die sucht. Was macht die wertvolle noni f\u00fcr die pflege der gesundheit ist reichtum seiner verbindungen fitochimici: lignane, iridoidi (vor allem die s\u00e4ure asperulosidico), alcaolidi (besonders xeronina), catechine und viele s\u00e4uren, wertvolle antioxidantien und entz\u00fcndungshemmende mittel, wie die linols\u00e4ure. Die meisten dieser verbindungen fitochimici sind antioxidantien, anti-krebs, analgetische und entz\u00fcndungshemmende mittel, so dass die noni-ein wertvolles nahrungsmittel, zieht die aufmerksamkeit von vielen wissenschaftlern. Sie gilt als die frucht der welt mit der h\u00f6chsten konzentration an phyton\u00e4hrstoffen.<\/li>\n<li><strong>LOGAN <\/strong>Wird sogar den spitznamen &#034;auge des drachen&#034; Ist gleichzeitig eine ausgezeichnete quelle f\u00fcr kalium und vitamin C, sowie magnesium, phosphor und kalzium, und viele der B-vitamine, einschlie\u00dflich der fols\u00e4ure. Die frucht kann auch r\u00fchmen, einige polyphenole, antioxidantien wie die corilagina, die galluss\u00e4ure und die ellags\u00e4ure. So st\u00e4rken sie ihre abwehrkr\u00e4fte iunitari und die wiederherstellung der heilung der augen, die via de seine entz\u00fcndungshemmende wirkung sowie die f\u00e4higkeit, antimykotische und pilzinfektionen.<\/li>\n<li><strong>LITCHI <\/strong>Favorisce la rigenerazione delle cellule e a prevenire la catarata, \u00a0ricco di antiossidanti e antineoplastici, inoltre \u00a0abbondanti polifenoli come il bioflavonoide chiamato rutina. Questo lo rende un toccasana quando si tratta del rafforzamento dei vasi sanguigni e il recupero della vasodilatazione arteriosa e delle vene in generale.<\/li>\n<li><strong>HARITAKI <\/strong>Ottimo per occhi gonfi ed irritati considerato Re delle medicine Naturali, antiossidante ed anti-et\u00e0, toccasana che dona sollievo alle palpebre anche in caso di congiuntivite.<\/li>\n<\/ul>\n<p>La fermentazione per preparare il collirio <strong>Tropfen Diamant<\/strong> dura 12 anni, il tempo necessario a che vengano smaltite le resine presenti nel Nam Mak (Ferv\u00ecda in Italia) che sono troppo aggressive per gli occhi.<\/p>\n<p>I Ferv\u00ecda sono molto acidi, non adatti ad essere utilizzati negli occhi, vengono quindi diluiti in ragione di 32 parti di acqua distillata ed una parte di Ferv\u00ecda; poi la miscela, a distanza di qualche giorno \u00e8 pronta, il prelievo riguarda poi lo strato pi\u00f9 superficiale del liquido, ed \u00e8 per questo che le GD sono cos\u00ec limpide, vengono poi confezionate in flaconcini con contagocce da 12ml.<\/p>\n<p>Cos\u00ec come i Ferv\u00ecda, anche le Gocce Diamante (GD) sono un rimedio universale per il benessere, esse rappresentano un rimedio <strong>esclusivo<\/strong>\u00a0di Pa Cheng per patologie oculari, quali: presbiopia, astigmatismo, miopia, glaucoma etc.., persino per le problematiche infettive, anche se per queste \u00e8 bene fare una terapia leggera (una sola goccia al giorno per occhio).<\/p>\n<\/div>\n<div id=\"tab_come-si-f\u00e0-?\" class=\"panel entry-content\" role=\"tabpanel\" aria-labelledby=\"tab-come-si-f\u00e0-?\">\n<h3><strong>Usi e Dosi Collirio di Fermentati Fervida (Gocce Diamante)<\/strong><\/h3>\n<ul>\n<li>I tempi di utilizzo sono ovviamente legati al tipo di problematica e alla sua gravit\u00e0, ma, gi\u00e0 dopo le prime applicazioni del collirio, si potr\u00e0 notare che la qualit\u00e0 dell\u2019immagine percepita \u00e8 migliorata e che l\u2019occhio si affatica molto meno.<\/li>\n<li>La dose consigliata da Pa Cheng \u00e8 di 4 gocce complessive al giorno per occhio, 2 per occhio al mattino e si ripete alla sera; con questa dose ogni fialetta da 15 ml dura 2 mesi<\/li>\n<li>Nel giro di pochi mesi invece \u00e8 possibile riscontrare miglioramenti effettivi della vista cominciando a recuperare diottrie.<\/li>\n<li>Agiscono sul cristallino con la loro azione quotidiana di purificazione.<\/li>\n<li>Le <strong>Tropfen Diamant <\/strong>sono una creazione di Pa Cheng, non il rimedio antico, ma moderno, anche se l\u2019elemento fondamentale resta comunque sempre la sua stessa tecnica di fermentazione.<\/li>\n<li>Non hanno problemi di conservazione, basta tenerle riparate dalla luce diretta del sole, mentre d\u2019estate il fresco del frigo \u00e8 consigliato (magari proteggendole dal troppo freddo).<\/li>\n<li>Col tempo potrebbero formarsi delle gelatine scure che generalmente stanno sul fondo. L\u2019uso delle gocce di diamante non ha controindicazioni; potrebbero pero \u2019causare reazioni in presenza di infiammazione, come per esempio in caso di congiuntivite, reazioni che sono da considerare come un processo disintossicante<\/li>\n<li>In questo caso Sar\u00e0 meglio quindi, utilizzare una sola goccia al giorno per occhio. Eventuali mal di testa possono essere dovuti alla difficolt\u00e0 del nervo ottico per la nuova percezione visiva. Un breve periodo di adattamento necessario, come quando si cominciano ad usare gli occhiali e gli occhi si devono abituare.<\/li>\n<li><strong>Tropfen Diamant <\/strong>sono utili anche nei confronti della sinusite, per problemi di congestione nasale utilizzandole in ragione di 1 goccia al giorno per narice, nonch\u00e8 utili per alcuni problemi dell\u2019orecchio.<\/li>\n<\/ul>\n<p><strong>Effetti e Cura Gocce Diamante<br \/>\n<\/strong><\/p>\n<p>Curare le malattie batteriche dell&#8217;occhio come la congiuntivite, l&#8217;orzaiolo, l&#8217;arrossamento e l&#8217;irritazione degli occhi. Utilizzato per lungo periodo di tempo pu\u00f2 guarire e prevenire la cataratta.<\/p>\n<ul>\n<li>Collirio (dalle molte indicazioni, \u00e8 la forma pi\u00f9 utilizzata)<\/li>\n<li>Miopia<\/li>\n<li>Percezione dei colori<\/li>\n<li>Definizione delle immagini<\/li>\n<li>Glaukom<\/li>\n<li>Katarakt<\/li>\n<li>Einige f\u00e4lle von verlust des sehverm\u00f6gens<\/li>\n<li>Gmr-ansicht<\/li>\n<li>ipermetropia<\/li>\n<li>astigmatismo<\/li>\n<li>l\u2019ambliopia<\/li>\n<li>secchezza oculare<\/li>\n<li>fotofobia<\/li>\n<li>prevenendo al formazione di cataratta<\/li>\n<li>glaucoma<\/li>\n<li>presbiopia<\/li>\n<li>cheratocono.<\/li>\n<\/ul>\n<p><strong>Dosierung<\/strong><\/p>\n<p>\u00c8 fondamentale avere un intento. Lavorando concentrati su di esso, la pianta aiuta a fare chiarezza su quell\u2019aspetto della vita che si vuole osservare pi\u00f9 in profondit\u00e0.<\/p>\n<\/div>\n<div id=\"tab_disclaimer\" class=\"panel entry-content\" role=\"tabpanel\" aria-labelledby=\"tab-disclaimer\">\n<p><strong><span style=\"color: #d83131;\">DIE BILDER IN DER BESCHREIBUNG SIND REIN INDIKATIV ZU VERSTEHEN<\/span><\/strong><\/p>\n<p><strong><span style=\"color: #d83131;\">PRODUKTE GARANTIERT KARMARANDO<\/span><\/strong><br \/>\n<strong><span style=\"color: #d83131;\">F\u00fcr produkte, PFLANZEN, WEIHRAUCH UND PRODUKTE IN PULVERFORM ZUR ZEIT nicht protranno durchgef\u00fchrt werden R\u00dcCKSENDUNGEN oder ERSTATTUNGEN<\/span><\/strong><\/p>\n<p>Die <strong>begriffe<\/strong> in den kategorien-und tag-wollen nicht vorschlagen, der medizinischen verwendung und prominenten der produkte, nur besser organisieren, auf der basis ihrer historischen, wissenschaftlichen und gesellschaftlichen.<\/p>\n<p><strong>Die rezepte sind zur verf\u00fcgung gestellt wissenschaftliche<\/strong>: nicht wollen, um die kunden zu ermutigen, sie zu wiederholen, noch nicht einmal consumarne produkte.<\/p>\n<p><strong>Unsere inhalte<\/strong> nicht bewertet wurden von der FDA oder einer beliebigen abbildung professionelle medizinische: die m\u00f6glichen anwendungen, indikationen, dosierungen und hinweise beschrieben, die nur f\u00fcr p\u00e4dagogischen zweck, sind spekulationen pers\u00f6nliche und stellen keine medizinische beratung.<\/p>\n<p><strong>Die produkte verkauft werden<\/strong> wie r\u00e4ucherst\u00e4bchen, Seifen, Harze und material botanische sammlung und material der wissenschaftlichen forschung.<\/p>\n<p><span style=\"color: #ed1c24; font-size: 115%;\"><strong>Nicht zum menschlichen verzehr bestimmt.<br \/>\nDamit sie unsere produkte erwerben, m\u00fcssen sie mindestens 18 jahre alt sein und eignen sich nicht f\u00fcr schwangere und\/oder stillende frauen.<\/strong><\/span><\/p>\n<p>Zu erhalten mehr informationen <strong>KARMARANDO<\/strong> besuch <a href=\"https:\/\/www.instagram.com\/karmarando1\/\" target=\"_blank\" rel=\"noopener\"><br \/>\n<span style=\"color: #0000ff;\"><strong>diese seite<\/strong><\/span><\/a> oder lesen sie die neuesten nachrichten auf <a href=\"https:\/\/karmarando.com\/de\/blog\/\" target=\"_blank\" rel=\"nofollow noopener\"><strong><span style=\"color: #0000ff;\">BLOG<\/span><\/strong><\/a><\/p>\n<\/div><\/div><\/div>","protected":false},"excerpt":{"rendered":"<p>Augentropfen von Fermentierten Bl\u00fchende Mikroorganismen (Tropfen Diamant) \u2013 verf\u00fcgbar ab 5 ml, 10 ml und 15 ml<\/p>","protected":false},"featured_media":4255,"comment_status":"open","ping_status":"closed","template":"","meta":[],"product_brand":[468],"product_cat":[2397,238,230,229,235,199],"product_tag":[510,632],"class_list":{"0":"post-4247","1":"product","2":"type-product","3":"status-publish","4":"has-post-thumbnail","6":"product_brand-karmarando","7":"product_cat-colliri-di-fermentati","8":"product_cat-corpo-e-bellezza","9":"product_cat-fermentati-fervida-e-em","10":"product_cat-fitoterapici","11":"product_cat-nutrizione-e-cosmetica","12":"product_cat-piante-di-potere","13":"product_tag-fervida","14":"product_tag-gocce-diamante","15":"pa_brand-karmarando","16":"pa_ean-1245","17":"pa_ingredienti-amla","18":"pa_ingredienti-crispa","19":"pa_ingredienti-haritaki","20":"pa_ingredienti-litchi","21":"pa_ingredienti-logan","22":"pa_ingredienti-noni","23":"pa_ingredienti-tinospora","24":"pa_ml-10ml","25":"pa_ml-15ml","26":"pa_ml-5ml","27":"pa_paese-di-fabbricazione-brasile","29":"first","30":"instock","31":"sale","32":"shipping-taxable","33":"purchasable","34":"product-type-variable"},"_links":{"self":[{"href":"https:\/\/karmarando.com\/de\/wp-json\/wp\/v2\/product\/4247","targetHints":{"allow":["GET"]}}],"collection":[{"href":"https:\/\/karmarando.com\/de\/wp-json\/wp\/v2\/product"}],"about":[{"href":"https:\/\/karmarando.com\/de\/wp-json\/wp\/v2\/types\/product"}],"replies":[{"embeddable":true,"href":"https:\/\/karmarando.com\/de\/wp-json\/wp\/v2\/comments?post=4247"}],"wp:featuredmedia":[{"embeddable":true,"href":"https:\/\/karmarando.com\/de\/wp-json\/wp\/v2\/media\/4255"}],"wp:attachment":[{"href":"https:\/\/karmarando.com\/de\/wp-json\/wp\/v2\/media?parent=4247"}],"wp:term":[{"taxonomy":"product_brand","embeddable":true,"href":"https:\/\/karmarando.com\/de\/wp-json\/wp\/v2\/product_brand?post=4247"},{"taxonomy":"product_cat","embeddable":true,"href":"https:\/\/karmarando.com\/de\/wp-json\/wp\/v2\/product_cat?post=4247"},{"taxonomy":"product_tag","embeddable":true,"href":"https:\/\/karmarando.com\/de\/wp-json\/wp\/v2\/product_tag?post=4247"}],"curies":[{"name":"wp","href":"https:\/\/api.w.org\/{rel}","templated":true}]}}