{"id":4225,"date":"2022-01-14T09:42:35","date_gmt":"2022-01-14T08:42:35","guid":{"rendered":"https:\/\/www.karmarando.com\/senza-categoria\/kuripe-grande-serpente-mixcolor-primordiale\/"},"modified":"2025-12-04T13:53:06","modified_gmt":"2025-12-04T12:53:06","slug":"kuripe-grande-serpente","status":"publish","type":"product","link":"https:\/\/karmarando.com\/de\/rapee-e-co\/applicat-rape-e-co\/kuripe-e-tepi\/kuripe\/classici\/kuripe-grande-serpente\/","title":{"rendered":"Kuripe Gro\u00dfe Schlange \u2013 Mixcolor Ur-Bamboo"},"content":{"rendered":"<div class=\"tabbed-content\">\n\t\t\t\n\t\t\t<ul class=\"nav nav-pills nav-uppercase nav-size-small nav-center\" role=\"tablist\"><li id=\"tab-descrizione\" class=\"tab active has-icon\" role=\"presentation\"><a href=\"#tab_descrizione\" role=\"tab\" aria-selected=\"true\" aria-controls=\"tab_descrizione\"><span>Beschreibung<\/span><\/a><\/li>\n<li id=\"tab-come-\u00e8-fatto?\" class=\"tab has-icon\" role=\"presentation\"><a href=\"#tab_come-\u00e8-fatto?\" tabindex=\"-1\" role=\"tab\" aria-selected=\"false\" aria-controls=\"tab_come-\u00e8-fatto?\"><span>Wie wird es Gemacht?<\/span><\/a><\/li>\n<li id=\"tab-dimensioni\" class=\"tab has-icon\" role=\"presentation\"><a href=\"#tab_dimensioni\" tabindex=\"-1\" role=\"tab\" aria-selected=\"false\" aria-controls=\"tab_dimensioni\"><span>Gr\u00f6\u00dfe<\/span><\/a><\/li>\n<li id=\"tab-cosa-\u00e8-il-kuripe-e-come-si-usa\" class=\"tab has-icon\" role=\"presentation\"><a href=\"#tab_cosa-\u00e8-il-kuripe-e-come-si-usa\" tabindex=\"-1\" role=\"tab\" aria-selected=\"false\" aria-controls=\"tab_cosa-\u00e8-il-kuripe-e-come-si-usa\"><span>Was ist der Kuripe und wie es Benutzt wird<\/span><\/a><\/li>\n<li id=\"tab-come-si-soffia?\" class=\"tab has-icon\" role=\"presentation\"><a href=\"#tab_come-si-soffia?\" tabindex=\"-1\" role=\"tab\" aria-selected=\"false\" aria-controls=\"tab_come-si-soffia?\"><span>Wie Bl\u00e4st er?<\/span><\/a><\/li>\n<li id=\"tab-a-cosa-serve-?\" class=\"tab has-icon\" role=\"presentation\"><a href=\"#tab_a-cosa-serve-?\" tabindex=\"-1\" role=\"tab\" aria-selected=\"false\" aria-controls=\"tab_a-cosa-serve-?\"><span>Wozu Dient Es ?<\/span><\/a><\/li>\n<li id=\"tab-disclaimer\" class=\"tab has-icon\" role=\"presentation\"><a href=\"#tab_disclaimer\" tabindex=\"-1\" role=\"tab\" aria-selected=\"false\" aria-controls=\"tab_disclaimer\"><span>HAFTUNGSAUSSCHLUSS<\/span><\/a><\/li><\/ul><div class=\"tab-panels\"><div id=\"tab_descrizione\" class=\"panel active entry-content\" role=\"tabpanel\" aria-labelledby=\"tab-descrizione\">\n<h3><strong>Kuripe Grande Serpente &#8211; Tsunu Homemade Tepi Tool Shamanic Rap\u00e9 Indigenous Self Applicator<\/strong><\/h3>\n<p><strong>Kuripe Grande Serpente <\/strong> Handgemacht, Auto-Applikator, Schamanischen <strong>Kuripe Grande Serpente<\/strong> \u00e8 un Self applicatore Rap\u00e9 self-use. Il design del <strong>Kuripe Grande Serpente<\/strong> Das design &#034;V&#034;, sie k\u00f6nnen leicht nehmen Rap\u00e9 ohne die beteiligung einer anderen person, die (im gegensatz zu einem Tepi, wo es erforderlich ist, eine zweite person, die sie fl\u00f6\u00dft den rap\u00e8)<strong>Dieses Kuripe ist in 3 gr\u00f6\u00dfen<\/strong><\/p>\n<ul>\n<li>Gesichter sehr kleinen S (\u00fcber 3,2-3,5 cm zwischen nase und mund)<\/li>\n<li>Gesichter normalen M (die mehrheit) 3,7-4,2 cm zwischen nasenloch und mund<\/li>\n<li>Gesichter, gro\u00dfe L (4,4-4,8 cm zwischen nase und mund)<\/li>\n<li>Auf Ma\u00df: genau das richtige f\u00fcr dich, wenn du ein bestimmtes gesicht (klicken sie auf die entsprechende grafik von der leiter, sie werden zur\u00fcckgerufen zu vereinbaren) erforderlich sind, werden 24\/48 stunden mehr, um es zu produzieren.<\/li>\n<\/ul>\n<p> <\/div>\n<div id=\"tab_come-\u00e8-fatto?\" class=\"panel entry-content\" role=\"tabpanel\" aria-labelledby=\"tab-come-\u00e8-fatto?\"> MERKMALE<\/p>\n<ul>\n<li>Dieses\u00a0<strong>Kuripe<\/strong> es ist ein <strong>Werkzeug der macht<\/strong>als Talisman, aus bambus in der natur gefunden hier bei uns<\/li>\n<li>Es ist tatsache, und Arbeitete mit Liebe, sorgfalt und respekt und in einer weise, heilige, vollst\u00e4ndig von hand<\/li>\n<li>Geschliffen und Flammte in allen seinen teilen zu gew\u00e4hrleisten leistung, sicherheit und benutzerfreundlichkeit<\/li>\n<li>Gebrandmarkt und gezeichnet und Dekoriert Feuer mit Alchemistischen symbolik Norrenica, Wikinger und Schamanische<\/li>\n<li>Materialien und techniken <strong>Hohe qualit\u00e4t<\/strong><\/li>\n<li>Gebunden fest mit kleber und harz, ungiftig<\/li>\n<li>Es war aktiviert und gereinigt heilige holz palo santo<\/li>\n<\/ul>\n<p><strong> Dieses produkt wurde aus handwerker Michael und Eleonore von uns viel liebe, mit den besten materialien und ohne zusatz von chemischen elementen, mit alten verfahren und instrumente f\u00fcr eine verarbeitung einzige, auf jedem st\u00fcck gefertigt , es handelt sich nicht um ein objekt, industrie, jedes st\u00fcck ist komplett von hand. <\/strong><\/p>\n<h4><strong>Aus diesem grund, jedes objekt ist anders und ein unikat<\/strong><\/h4>\n<h4><strong>Wenn sie m\u00f6chten, dass ein datum, art und weise oder f\u00fcgen sie eine feder oder ein paar besonderheiten oder sogar ihr name (vielleicht schrieb die runen) fragen sie einfach und wir werden speziell f\u00fcr sie, mit einem kleinen aufpreis kann variieren von 2 bis 5 euro je nach anforderung<\/strong><\/h4>\n<p><strong>beispiel einer feder mit der zugeh\u00f6rigen schnur und perlen sind nur 2, - euro<\/strong><\/p>\n<h5>Warum bambus?\u00a0<span class=\"\">Denn es ist ein material sehr umweltfreundlich und nachhaltig, g\u00fcnstig, handlich und passt leicht umgewandelt in eine pfeife von rap\u00e9.<\/span><\/h5>\n<h5><span class=\"goog-text-highlight\">Es ist bei weitem die pfeife rap\u00e9 meistverkaufte der welt.<\/span><\/h5>\n<\/div>\n<div id=\"tab_dimensioni\" class=\"panel entry-content\" role=\"tabpanel\" aria-labelledby=\"tab-dimensioni\"> <strong>Dieses Kuripe ist in 3 gr\u00f6\u00dfen<\/strong><\/p>\n<ul>\n<li>Gesichter sehr kleinen S (\u00fcber 3,2-3,5 cm zwischen nase und mund)<\/li>\n<li>Gesichter normalen M (die mehrheit) 3,7-4,2 cm zwischen nasenloch und mund<\/li>\n<li>Gesichter, gro\u00dfe L (4,4-4,8 cm zwischen nase und mund)<\/li>\n<li>Auf Ma\u00df: genau das richtige f\u00fcr dich, wenn du ein bestimmtes gesicht (klicken sie auf die entsprechende grafik von der leiter, sie werden zur\u00fcckgerufen zu vereinbaren) erforderlich sind, werden 24\/48 stunden mehr, um es zu produzieren.<\/li>\n<\/ul>\n<p>Ausgef\u00fchrt mit einem durchmesser schmal genug, um geben mehr preessione<\/p>\n<ul>\n<li>L\u00e4nge der Langen seite<\/li>\n<li>L\u00e4nge der kurzen seite<\/li>\n<li>Au\u00dfendurchmesser<\/li>\n<li>Innendurchmesser<\/li>\n<\/ul>\n<\/div>\n<div id=\"tab_cosa-\u00e8-il-kuripe-e-come-si-usa\" class=\"panel entry-content\" role=\"tabpanel\" aria-labelledby=\"tab-cosa-\u00e8-il-kuripe-e-come-si-usa\"> Si chiama Kuripe l\u2019applicatore da auto-somministrazione del Rap\u00e9.Al contrario del tepi che verr\u00e0 usato con un altro t\u00e8 che si metter\u00e0 di fronte. Il Kuripe ha una forma a V normalmente a 30\u00b0 per essere adatto alla amggioranza, con due estremit\u00e0: una pi\u00f9 corta, dove con la bocca si soffier\u00e0, e una pi\u00f9 lunga, che verr\u00e0 leggermente appoggiata alle narici (senza per\u00f2 farlo entrare dentro) cos\u00ec da non attoppare il passaggio dell&#8217;aria. Partendo sempre dalla narice sinistra, quella connessa al cuore (il femminile l&#8217;intuizione) e poi La Narice destra, quella connessa alla mente (il maschile la razionalit\u00e0) La maschile la Yang \/ Sole, che permette di apprendere e ottenere la forza necessaria per superare i problemi mediante lo sforzo, permette di curare e apprendere ottenendo la forza necessaria per superare le ombre di questa parte che sono: Egoismo, Violenza, Arroganza, Orgoglio La Femminile Lo Ying La Luna D\u00e0 potere alle emozioni nel loro stato puro, liberando gioia profonda, amore puro, compassione e abilit\u00e0 artistiche. Il suo lato ombra da Curare sono l&#8217;attaccamento emozionale, la depressione, bassa autostima, sentimento di colpa e apatia. Il Kuripe Pu\u00f2 essere fatto di canne di bamb\u00f9 o di altri materiali sacri come la jurema o palo santo ed altri, o di ossa o di pietra. Il Kuripe \u00e8 uno strumento che pu\u00f2 essere utilizzato per prendere confidenza autonomamente e in modo responsabile con la Sacra Medicina del Rap\u00e9, imparando a conoscerla, rispettarla e utilizzarla in modo coscienzioso e saggio. Gli indigeni insegnano che \u00e8 sempre bene assumere il Rap\u00e9 in forma rituale e con un intento ben chiaro nella mente. Il Kuripe \u00e8 certamente molto comodo quando non abbiamo la possibilit\u00e0 di farci somministrare il Rap\u00e9 da qualcuno. L\u2019auto-applicatore Kuripe \u00e8 un oggetto di potere, come tale strettamente personale e pu\u00f2 essere utilizzato esclusivamente dal proprietario.Si consilglia (anche se lo abbiamo gi\u00e0 fatto) di utilizzare del palo santo o delle pietre facendo una sbavatura e una purrificazione, per renderlo con iniziazione uno strumento piu personalizato con la vostra energia <\/div>\n<div id=\"tab_come-si-soffia?\" class=\"panel entry-content\" role=\"tabpanel\" aria-labelledby=\"tab-come-si-soffia?\"> Sollte sie mit dem tepi deutlich wird besser, aber man kann apprenderli been, werden sie auch mit der kuripe: <strong>Es gibt viele puffs, versuchen wir, sie aufzulisten, die wichtig und consociuti<\/strong> <strong>Schlange:<\/strong> nehmen sie einen gro\u00dfen atem, der atem beginnt piano und steigert seine kraft allm\u00e4hlich, bis sie stark peak, blockiert jedoch mit der zunge gegen den applikator mit einem zischen. <strong>Schildkr\u00f6te:<\/strong> Hauch, leicht, langsam, konstant und \u00fcber einen l\u00e4ngeren zeitraum nur sehr langsam. Um ihn zu bekommen, musst du sintonizzarti auf die geduld der schildkr\u00f6te denn viele menschen ziehen sich zur\u00fcck, bevor er beendet ist.Die auswirkungen des Rap\u00e9 mit diesem hauch und haben eine h\u00f6here lebensdauer.Ideal f\u00fcr arbeiten, geduld, k\u00f6rperliche Traumata, und nach und w\u00e4hrend ua geistige aktivit\u00e4t! <strong>Colibri:<\/strong> hauch von fr\u00f6hlichkeit, freude und liebe f\u00fcr gew\u00f6hnlich kurz. Wird mit zwei hauche aufeinanderfolgende, sehr kurze indem er einen schlag in der sekunde mit der sprache <strong>Libelle:<\/strong> ein sch\u00f6ner hauch von mittlerer dauer, die sprache muovendola flogen schnell gegen den applikator mit einem sound, psychedelic <strong>Rabe:<\/strong> definiert den hauch von mut, um einzudringen in die dunkelheit, in die leere, in das gro\u00dfe geheimnis, wo alles entstanden ist, und hatte seinen ursprung. erste und zweite atem, starke, hand in hand, hauche weniger stark fina, dass man das vakuum. <strong>Boa: <\/strong>Hauch der Tr\u00e4ume, gelernt, die von einem ureinwohner hunikin, der mir sagte, haben gelernt, aus dem &#034;netzwerk&#034; vor dem schlafen. Zum teil ein starkes und immer mehr deble fina verschwinden, fallen wie die bewegung von einer boa, die von wunderbare tr\u00e4ume und vision\u00e4re effekte! <\/div>\n<div id=\"tab_a-cosa-serve-?\" class=\"panel entry-content\" role=\"tabpanel\" aria-labelledby=\"tab-a-cosa-serve-?\"> Il Kuripe serve per il Rap\u00e9 che \u00e8 una medicina amazzonica costituita da una serie di piante medicinali polverizzate molto finemente con l&#8217;uso di un mortaio. All&#8217;interno di tutte le tradizioni indigene, il Rap\u00e9 \u00e8 considerato una Pianta Maestra (la pi\u00f9 antica) ed \u00e8 rappresentato come un nonno che possiede la saggezza della foresta. Il suo uso rituale prevede che non venga mai aspirato, poich\u00e9 questo gesto \u00e8 considerato una mancanza di rispetto allo spirito ancestrale della Pianta Sacra. Quando il Rap\u00e9 \u00e8 usato ritualmente, porta purificazione e centratura, trasforma le energie negative, funge da messaggero. Nel nord del Brasile, i popoli indigeni Huni Kuin-Kaxinawa e Yawanawa usano il Rap\u00e9 come una medicina associata all&#8217;uso teRap\u00e9utico e spirituale. Per queste popolazioni, il Rap\u00e9 \u00e8 una medicina che possiede uno spirito di grande potere, portando guarigione e protezione, allontanando tutti i tipi di mali. Presso i suddetti popoli nativi, il Rap\u00e9 viene utilizzato dal paj\u00e9 della trib\u00f9 (uomo\/donna medicina), in modo da potersi connettere allo Spirito, integrarsi con la Natura, essere in grado di individuare mali che potrebbero attaccare il suo popolo o anche in rituali di guarigione, col proposito di dare protezione spirituale, diagnosticare una malattia e usare il potere dello spirito di questa medicina per curare. Il Rap\u00e9 va soffiato in entrambe le narici tramite un applicatore, spesso costituito da canne di bamb\u00f9 oppure ossa. Esiste sia l\u2019auto-applicatore (kuripe) sia quello mediante il quale si pu\u00f2 somministrare ad altri (tepi). Il Rap\u00e9 \u00e8 soffiato con la pipa prima nella narice sinistra e poi in quella destra, bilanciando cos\u00ec i due emisferi del cervello, il lato femminile intuitivo e quello maschile razionale. In Amazzonia, condividere il Rap\u00e9 \u00e8 un\u2019attivit\u00e0 svolta socialmente e ha radici spirituali. Il Rap\u00e9, infatti, \u00e8 considerato una Medicina Sacra e la sua somministrazione ha il valore di una preghiera che invoca le forze della natura e gli spiriti della foresta, la benedizione delle piante e il loro potere per trarre centratura, forza e cura. L\u2019applicazione del Rap\u00e9 \u00e8 spesso accompagnata da canti sacri che hanno la funzione di chiamare gli spiriti e la forza della stessa medicina. <\/div>\n<div id=\"tab_disclaimer\" class=\"panel entry-content\" role=\"tabpanel\" aria-labelledby=\"tab-disclaimer\"> <strong><span style=\"color: #d83131;\">DIE BILDER IN DER BESCHREIBUNG SIND REIN INDIKATIV ZU VERSTEHEN<\/span><\/strong>  <strong><span style=\"color: #d83131;\">F\u00fcr produkte, PFLANZEN, WEIHRAUCH UND PRODUKTE IN PULVERFORM ZUR ZEIT nicht protranno durchgef\u00fchrt werden R\u00dcCKSENDUNGEN oder ERSTATTUNGEN<\/span><\/strong> Die <strong>begriffe<\/strong> in den kategorien-und tag-wollen nicht vorschlagen, der medizinischen verwendung und prominenten der produkte, nur besser organisieren, auf der basis ihrer historischen, wissenschaftlichen und gesellschaftlichen. <strong>Die rezepte sind zur verf\u00fcgung gestellt wissenschaftliche<\/strong>: nicht wollen, um die kunden zu ermutigen, sie zu wiederholen, noch nicht einmal consumarne produkte. <strong>Unsere inhalte<\/strong> nicht bewertet wurden von der FDA oder einer beliebigen abbildung professionelle medizinische: die m\u00f6glichen anwendungen, indikationen, dosierungen und hinweise beschrieben, die nur f\u00fcr p\u00e4dagogischen zweck, sind spekulationen pers\u00f6nliche und stellen keine medizinische beratung. <strong>Die produkte verkauft werden<\/strong> wie r\u00e4ucherst\u00e4bchen, Seifen, Harze und material botanische sammlung und material der wissenschaftlichen forschung. <span style=\"color: #ed1c24; font-size: 115%;\"><strong>Non sono destinati al consumo umano. Per poter acquistare i nostri prodotti dovete avere pi\u00f9 di 18 anni e non sono adatti a donne in stato di gravidanza e\/o in fase di allattamento.<\/strong><\/span> Zu erhalten mehr informationen <strong>KARMARANDO<\/strong> besuch <a href=\"https:\/\/www.instagram.com\/karmarando1\/\" target=\"_blank\" rel=\"noopener\"> <span style=\"color: #0000ff;\"><strong>diese seite<\/strong><\/span><\/a> oder lesen sie die neuesten nachrichten auf <a href=\"https:\/\/karmarando.com\/de\/blog\/\" target=\"_blank\" rel=\"nofollow noopener\"><strong><span style=\"color: #0000ff;\">BLOG<\/span><\/strong><\/a> <\/div><\/div><\/div>","protected":false},"excerpt":{"rendered":"<p>Kuripe Gro\u00dfe Schlange \u2013 Mixcolor Ur-Bamboo<\/p>","protected":false},"featured_media":4226,"comment_status":"open","ping_status":"closed","template":"","meta":[],"product_brand":[468],"product_cat":[195,241,1186,569,196,185,239],"product_tag":[631],"class_list":{"0":"post-4225","1":"product","2":"type-product","3":"status-publish","4":"has-post-thumbnail","6":"product_brand-karmarando","7":"product_cat-applicat-rape-e-co","8":"product_cat-arte-artigianale-sciamanica","9":"product_cat-classici","10":"product_cat-kuripe","11":"product_cat-kuripe-e-tepi","12":"product_cat-rapee-e-co","13":"product_cat-strumenti-e-gadget","14":"product_tag-kuripe-grande-serpente","15":"pa_brand-karmarando","16":"pa_ean-1246","17":"pa_materiale-bamboo","18":"pa_paese-di-fabbricazione-italia","19":"pa_taglia-l-per-visi-grandi","20":"pa_taglia-m-per-visi-normali","21":"pa_taglia-s-per-visi-molto-piccoli","22":"pa_taglia-su-misura-saranno-necessari-24-48-ore-in-piu-per-produrlo","24":"first","25":"instock","26":"shipping-taxable","27":"purchasable","28":"product-type-variable"},"_links":{"self":[{"href":"https:\/\/karmarando.com\/de\/wp-json\/wp\/v2\/product\/4225","targetHints":{"allow":["GET"]}}],"collection":[{"href":"https:\/\/karmarando.com\/de\/wp-json\/wp\/v2\/product"}],"about":[{"href":"https:\/\/karmarando.com\/de\/wp-json\/wp\/v2\/types\/product"}],"replies":[{"embeddable":true,"href":"https:\/\/karmarando.com\/de\/wp-json\/wp\/v2\/comments?post=4225"}],"wp:featuredmedia":[{"embeddable":true,"href":"https:\/\/karmarando.com\/de\/wp-json\/wp\/v2\/media\/4226"}],"wp:attachment":[{"href":"https:\/\/karmarando.com\/de\/wp-json\/wp\/v2\/media?parent=4225"}],"wp:term":[{"taxonomy":"product_brand","embeddable":true,"href":"https:\/\/karmarando.com\/de\/wp-json\/wp\/v2\/product_brand?post=4225"},{"taxonomy":"product_cat","embeddable":true,"href":"https:\/\/karmarando.com\/de\/wp-json\/wp\/v2\/product_cat?post=4225"},{"taxonomy":"product_tag","embeddable":true,"href":"https:\/\/karmarando.com\/de\/wp-json\/wp\/v2\/product_tag?post=4225"}],"curies":[{"name":"wp","href":"https:\/\/api.w.org\/{rel}","templated":true}]}}