{"id":4204,"date":"2022-01-13T00:47:13","date_gmt":"2022-01-12T23:47:13","guid":{"rendered":"https:\/\/www.karmarando.com\/senza-categoria\/grinder-trit-cbd-modello-acrilico-royal-queen-seeds-double-use\/"},"modified":"2025-12-04T20:56:10","modified_gmt":"2025-12-04T19:56:10","slug":"grinder-trit","status":"publish","type":"product","link":"https:\/\/karmarando.com\/de\/strumenti-e-gadget\/gadget-sciamanici-e-non\/grinder-trit\/","title":{"rendered":"GRINDER TRIT MODELL ACRYL ROYAL QUEEN SEEDS DOUBLE USE"},"content":{"rendered":"<div class=\"tabbed-content\">\n\t\t\t\n\t\t\t<ul class=\"nav nav-pills nav-uppercase nav-size-small nav-center\" role=\"tablist\"><li id=\"tab-descrizione\" class=\"tab active has-icon\" role=\"presentation\"><a href=\"#tab_descrizione\" role=\"tab\" aria-selected=\"true\" aria-controls=\"tab_descrizione\"><span>Beschreibung<\/span><\/a><\/li>\n<li id=\"tab-disclaimer\" class=\"tab has-icon\" role=\"presentation\"><a href=\"#tab_disclaimer\" tabindex=\"-1\" role=\"tab\" aria-selected=\"false\" aria-controls=\"tab_disclaimer\"><span>HAFTUNGSAUSSCHLUSS<\/span><\/a><\/li><\/ul><div class=\"tab-panels\"><div id=\"tab_descrizione\" class=\"panel active entry-content\" role=\"tabpanel\" aria-labelledby=\"tab-descrizione\">\n<h3>GRINDER TRIT MODELL ACRYL ROYAL QUEEN SEEDS DOUBLE USE<\/h3>\n<p><span style=\"font-family: Arial; font-size: large;\"><span style=\"color: #444444; font-family: 'roboto condensed', 'Times New Roman', Helvetica, sans-serif; font-size: 18px; background-color: #ffffff;\">La qualit\u00e0 non sempre ha un prezzo elevato. Se state cercando un grinder di alta qualit\u00e0 ed efficienza, ma ad un prezzo moderato, non potete sbagliare con questo modello a 2-parti dei nostri amici della Royal Queen Seeds.<\/span><\/span><\/p>\n<p><strong>GRINDER TRIT<\/strong> n<span style=\"font-family: Arial; font-size: large;\"><span style=\"color: #444444; font-family: 'roboto condensed', 'Times New Roman', Helvetica, sans-serif; font-size: 18px; background-color: #ffffff;\">on solo sminuzzer\u00e0 le vostre cime, ma dispone anche di un piccolo scomparto sotto il coperchio dove potrete mettere la vostra scorta. Colori disponibili: rosso, blu e verde.<\/span><\/span><br \/>\n<span style=\"color: #444444; font-family: 'roboto condensed', 'Times New Roman', Helvetica, sans-serif; font-size: 18px; background-color: #ffffff;\">\u00a0<\/span><\/p>\n<table id=\"idTab2\" class=\"features-table\" style=\"border-collapse: collapse; border-spacing: 0px; background-color: #ffffff; width: 805px; margin-bottom: 5px; color: #444444; font-family: 'roboto condensed', 'Times New Roman', Helvetica, sans-serif; font-size: 16px;\">\n<caption class=\"h3\" style=\"box-sizing: border-box; padding: 0px; color: inherit; text-align: left; margin-top: 22px; margin-bottom: 11px; font-family: oswald, Impact, sans-serif; line-height: 1.1; font-size: 20px; text-transform: uppercase;\">GRINDER IN ACRILICO ROYAL QUEEN SEEDS &#8211; SCHEDA TECNICA<\/caption>\n<tbody style=\"box-sizing: border-box;\">\n<tr style=\"box-sizing: border-box; background-color: #e6e7e9; height: 33px;\">\n<th style=\"box-sizing: border-box; text-align: left; padding: 5px 25px; font-weight: 300; width: 241.5px;\">Altezza<\/th>\n<td style=\"box-sizing: border-box; padding: 5px 25px; position: relative;\">23mm<\/td>\n<\/tr>\n<tr style=\"box-sizing: border-box; height: 33px;\">\n<th style=\"box-sizing: border-box; text-align: left; padding: 5px 25px; font-weight: 300; width: 241.5px;\">Numero di parti<\/th>\n<td style=\"box-sizing: border-box; padding: 5px 25px; position: relative;\">2<\/td>\n<\/tr>\n<tr style=\"box-sizing: border-box; background-color: #e6e7e9; height: 33px;\">\n<th style=\"box-sizing: border-box; text-align: left; padding: 5px 25px; font-weight: 300; width: 241.5px;\">Magnetische<\/th>\n<td style=\"box-sizing: border-box; padding: 5px 25px; position: relative;\">Ja<\/td>\n<\/tr>\n<tr style=\"box-sizing: border-box; height: 33px;\">\n<th style=\"box-sizing: border-box; text-align: left; padding: 5px 25px; font-weight: 300; width: 241.5px;\">Material<\/th>\n<td style=\"box-sizing: border-box; padding: 5px 25px; position: relative;\">Acrilico<\/td>\n<\/tr>\n<tr style=\"box-sizing: border-box; background-color: #e6e7e9; height: 33px;\">\n<th style=\"box-sizing: border-box; text-align: left; padding: 5px 25px; font-weight: 300; width: 241.5px;\">Diameter<\/th>\n<td style=\"box-sizing: border-box; padding: 5px 25px; position: relative;\">60mm<\/td>\n<\/tr>\n<tr style=\"box-sizing: border-box; height: 33px;\">\n<th style=\"box-sizing: border-box; text-align: left; padding: 5px 25px; font-weight: 300; width: 241.5px;\">Numero di parti<\/th>\n<td style=\"box-sizing: border-box; padding: 5px 25px; position: relative;\">2<\/td>\n<\/tr>\n<\/tbody>\n<\/table>\n<\/div>\n<div id=\"tab_disclaimer\" class=\"panel entry-content\" role=\"tabpanel\" aria-labelledby=\"tab-disclaimer\">\n<p><strong><span style=\"color: #d83131;\">DIE BILDER IN DER BESCHREIBUNG SIND REIN INDIKATIV ZU VERSTEHEN<\/span><\/strong><\/p>\n<p><strong><span style=\"color: #d83131;\">PRODUKTE GARANTIERT KARMARANDO<\/span><\/strong><br \/>\n<strong><span style=\"color: #d83131;\">F\u00fcr produkte, PFLANZEN, WEIHRAUCH UND PRODUKTE IN PULVERFORM ZUR ZEIT nicht protranno durchgef\u00fchrt werden R\u00dcCKSENDUNGEN oder ERSTATTUNGEN<\/span><\/strong><\/p>\n<p>Die <strong>begriffe<\/strong> in den kategorien-und tag-wollen nicht vorschlagen, der medizinischen verwendung und prominenten der produkte, nur besser organisieren, auf der basis ihrer historischen, wissenschaftlichen und gesellschaftlichen.<\/p>\n<p><strong>Die rezepte sind zur verf\u00fcgung gestellt wissenschaftliche<\/strong>: nicht wollen, um die kunden zu ermutigen, sie zu wiederholen, noch nicht einmal consumarne produkte.<\/p>\n<p><strong>Unsere inhalte<\/strong> nicht bewertet wurden von der FDA oder einer beliebigen abbildung professionelle medizinische: die m\u00f6glichen anwendungen, indikationen, dosierungen und hinweise beschrieben, die nur f\u00fcr p\u00e4dagogischen zweck, sind spekulationen pers\u00f6nliche und stellen keine medizinische beratung.<\/p>\n<p><strong>Die produkte verkauft werden<\/strong> wie r\u00e4ucherst\u00e4bchen, Seifen, Harze und material botanische sammlung und material der wissenschaftlichen forschung.<\/p>\n<p><span style=\"color: #ed1c24; font-size: 115%;\"><strong>Nicht zum menschlichen verzehr bestimmt.<br \/>\nDamit sie unsere produkte erwerben, m\u00fcssen sie mindestens 18 jahre alt sein und eignen sich nicht f\u00fcr schwangere und\/oder stillende frauen.<\/strong><\/span><\/p>\n<p>Zu erhalten mehr informationen <strong>KARMARANDO<\/strong> besuch <a href=\"https:\/\/www.instagram.com\/karmarando1\/\" target=\"_blank\" rel=\"noopener\"><br \/>\n<span style=\"color: #0000ff;\"><strong>diese seite<\/strong><\/span><\/a> oder lesen sie die neuesten nachrichten auf <a href=\"https:\/\/karmarando.com\/de\/blog\/\" target=\"_blank\" rel=\"nofollow noopener\"><strong><span style=\"color: #0000ff;\">BLOG<\/span><\/strong><\/a><\/p>\n<\/div><\/div><\/div>","protected":false},"excerpt":{"rendered":"<p>GRINDER TRIT MODELL ACRYL ROYAL QUEEN SEEDS DOUBLE USE<\/p>","protected":false},"featured_media":4205,"comment_status":"open","ping_status":"closed","template":"","meta":[],"product_brand":[468],"product_cat":[254,199,239],"product_tag":[615],"class_list":{"0":"post-4204","1":"product","2":"type-product","3":"status-publish","4":"has-post-thumbnail","6":"product_brand-karmarando","7":"product_cat-gadget-sciamanici-e-non","8":"product_cat-piante-di-potere","9":"product_cat-strumenti-e-gadget","10":"product_tag-grinder-trit","11":"pa_brand-karmarando","12":"pa_colore-blu","13":"pa_colore-rosso","14":"pa_colore-verde","15":"pa_ean-1249","16":"pa_materiale-acrilico","17":"pa_paese-di-fabbricazione-cina","19":"first","20":"instock","21":"shipping-taxable","22":"purchasable","23":"product-type-variable"},"_links":{"self":[{"href":"https:\/\/karmarando.com\/de\/wp-json\/wp\/v2\/product\/4204","targetHints":{"allow":["GET"]}}],"collection":[{"href":"https:\/\/karmarando.com\/de\/wp-json\/wp\/v2\/product"}],"about":[{"href":"https:\/\/karmarando.com\/de\/wp-json\/wp\/v2\/types\/product"}],"replies":[{"embeddable":true,"href":"https:\/\/karmarando.com\/de\/wp-json\/wp\/v2\/comments?post=4204"}],"wp:featuredmedia":[{"embeddable":true,"href":"https:\/\/karmarando.com\/de\/wp-json\/wp\/v2\/media\/4205"}],"wp:attachment":[{"href":"https:\/\/karmarando.com\/de\/wp-json\/wp\/v2\/media?parent=4204"}],"wp:term":[{"taxonomy":"product_brand","embeddable":true,"href":"https:\/\/karmarando.com\/de\/wp-json\/wp\/v2\/product_brand?post=4204"},{"taxonomy":"product_cat","embeddable":true,"href":"https:\/\/karmarando.com\/de\/wp-json\/wp\/v2\/product_cat?post=4204"},{"taxonomy":"product_tag","embeddable":true,"href":"https:\/\/karmarando.com\/de\/wp-json\/wp\/v2\/product_tag?post=4204"}],"curies":[{"name":"wp","href":"https:\/\/api.w.org\/{rel}","templated":true}]}}