{"id":4077,"date":"2022-01-09T04:42:08","date_gmt":"2022-01-09T03:42:08","guid":{"rendered":"https:\/\/www.karmarando.com\/senza-categoria\/kuripe-black-perla-rossa-tsunu-homemade-tepi-tool-shamanic-rape-self-applicator\/"},"modified":"2026-03-10T02:05:15","modified_gmt":"2026-03-10T01:05:15","slug":"kuripe-black-perla-rossa","status":"publish","type":"product","link":"https:\/\/karmarando.com\/de\/rapee-e-co\/applicat-rape-e-co\/kuripe-e-tepi\/kuripe\/kuripe-black-perla-rossa\/","title":{"rendered":"Kuripe Black Perla Rossa"},"content":{"rendered":"<div class=\"tabbed-content\">\n\t\t\t\n\t\t\t<ul class=\"nav nav-pills nav-uppercase nav-size-small nav-center\" role=\"tablist\"><li id=\"tab-descrizione\" class=\"tab active has-icon\" role=\"presentation\"><a href=\"#tab_descrizione\" role=\"tab\" aria-selected=\"true\" aria-controls=\"tab_descrizione\"><span>Beschreibung<\/span><\/a><\/li>\n<li id=\"tab-come-\u00e8-fatto?\" class=\"tab has-icon\" role=\"presentation\"><a href=\"#tab_come-\u00e8-fatto?\" tabindex=\"-1\" role=\"tab\" aria-selected=\"false\" aria-controls=\"tab_come-\u00e8-fatto?\"><span>Wie wird es Gemacht?<\/span><\/a><\/li>\n<li id=\"tab-dimensioni\" class=\"tab has-icon\" role=\"presentation\"><a href=\"#tab_dimensioni\" tabindex=\"-1\" role=\"tab\" aria-selected=\"false\" aria-controls=\"tab_dimensioni\"><span>Gr\u00f6\u00dfe<\/span><\/a><\/li>\n<li id=\"tab-cosa-\u00e8-il-kuripe-e-come-si-usa\" class=\"tab has-icon\" role=\"presentation\"><a href=\"#tab_cosa-\u00e8-il-kuripe-e-come-si-usa\" tabindex=\"-1\" role=\"tab\" aria-selected=\"false\" aria-controls=\"tab_cosa-\u00e8-il-kuripe-e-come-si-usa\"><span>Was ist der Kuripe und wie es Benutzt wird<\/span><\/a><\/li>\n<li id=\"tab-come-si-soffia?\" class=\"tab has-icon\" role=\"presentation\"><a href=\"#tab_come-si-soffia?\" tabindex=\"-1\" role=\"tab\" aria-selected=\"false\" aria-controls=\"tab_come-si-soffia?\"><span>Wie Bl\u00e4st er?<\/span><\/a><\/li>\n<li id=\"tab-a-cosa-serve-?\" class=\"tab has-icon\" role=\"presentation\"><a href=\"#tab_a-cosa-serve-?\" tabindex=\"-1\" role=\"tab\" aria-selected=\"false\" aria-controls=\"tab_a-cosa-serve-?\"><span>Wozu Dient Es ?<\/span><\/a><\/li>\n<li id=\"tab-disclaimer\" class=\"tab has-icon\" role=\"presentation\"><a href=\"#tab_disclaimer\" tabindex=\"-1\" role=\"tab\" aria-selected=\"false\" aria-controls=\"tab_disclaimer\"><span>HAFTUNGSAUSSCHLUSS<\/span><\/a><\/li><\/ul><div class=\"tab-panels\"><div id=\"tab_descrizione\" class=\"panel active entry-content\" role=\"tabpanel\" aria-labelledby=\"tab-descrizione\">\n<h3><strong>Kuripe Black Perla Rossa &#8211; Tsunu Homemade Tepi Tool Shamanic Rap\u00e9 Indigenous Self Applicator<\/strong><\/h3>\n<p><strong>Kuripe Black Perla Rossa<br \/>\n<\/strong><\/p>\n<p>Handgemacht, Auto-Applikator, Schamanischen<br \/>\nKuripe ist ein Self-applikator Rap\u00e9 self-use.<\/p>\n<p>Das design &#034;V&#034;, sie k\u00f6nnen leicht nehmen Rap\u00e9 ohne die beteiligung einer anderen person, die (im gegensatz zu einem Tepi, wo es erforderlich ist, eine zweite person, die sie fl\u00f6\u00dft den rap\u00e8)<\/p>\n<\/div>\n<div id=\"tab_come-\u00e8-fatto?\" class=\"panel entry-content\" role=\"tabpanel\" aria-labelledby=\"tab-come-\u00e8-fatto?\">\n<p>MERKMALE<\/p>\n<ul>\n<li>Dieses\u00a0<strong>Kuripe<\/strong> es ist ein <strong>Werkzeug der macht<\/strong>als Talisman, aus bambus in der natur gefunden hier bei uns<\/li>\n<li>Es ist tatsache, und Arbeitete mit Liebe, sorgfalt und respekt und in einer weise, heilige, vollst\u00e4ndig von hand<\/li>\n<li>Geschliffen und Flammte in allen seinen teilen zu gew\u00e4hrleisten leistung, sicherheit und benutzerfreundlichkeit<\/li>\n<li>Gebrandmarkt und gezeichnet und Dekoriert Feuer mit Alchemistischen symbolik Norrenica, Wikinger und Schamanische<\/li>\n<li>Materialien und techniken <strong>Hohe qualit\u00e4t<\/strong><\/li>\n<li>Gebunden fest mit kleber und harz, ungiftig<\/li>\n<li>Es war aktiviert und gereinigt heilige holz palo santo<\/li>\n<\/ul>\n<p><strong> Dieses produkt wurde aus handwerker Michael und Eleonore von uns viel liebe, mit den besten materialien und ohne zusatz von chemischen elementen, mit alten verfahren und instrumente f\u00fcr eine verarbeitung einzige, auf jedem st\u00fcck gefertigt , es handelt sich nicht um ein objekt, industrie, jedes st\u00fcck ist komplett von hand. <\/strong><\/p>\n<h4><strong>Aus diesem grund, jedes objekt ist anders und ein unikat<\/strong><\/h4>\n<h4><strong>Wenn sie m\u00f6chten, dass ein datum, art und weise oder f\u00fcgen sie eine feder oder ein paar besonderheiten oder sogar ihr name (vielleicht schrieb die runen) fragen sie einfach und wir werden speziell f\u00fcr sie, mit einem kleinen aufpreis kann variieren von 2 bis 5 euro je nach anforderung<\/strong><\/h4>\n<p><strong>beispiel einer feder mit der zugeh\u00f6rigen schnur und perlen sind nur 2, - euro<\/strong><\/p>\n<h5>Warum bambus?\u00a0<span class=\"\">Denn es ist ein material sehr umweltfreundlich und nachhaltig, g\u00fcnstig, handlich und passt leicht umgewandelt in eine pfeife von rap\u00e9.<\/span><\/h5>\n<h5><span class=\"goog-text-highlight\">Es ist bei weitem die pfeife rap\u00e9 meistverkaufte der welt.<\/span><\/h5>\n<\/div>\n<div id=\"tab_dimensioni\" class=\"panel entry-content\" role=\"tabpanel\" aria-labelledby=\"tab-dimensioni\">\n<p><strong>Dieses Kuripe ist in 3 gr\u00f6\u00dfen<\/strong><\/p>\n<ul>\n<li>Gesichter sehr kleinen S (\u00fcber 3,2-3,5 cm zwischen nase und mund)<\/li>\n<li>Gesichter normalen M (die mehrheit) 3,7-4,2 cm zwischen nasenloch und mund<\/li>\n<li>Gesichter, gro\u00dfe L (4,4-4,8 cm zwischen nase und mund)<\/li>\n<li>Auf Ma\u00df: genau das richtige f\u00fcr dich, wenn du ein bestimmtes gesicht (klicken sie auf die entsprechende grafik von der leiter, sie werden zur\u00fcckgerufen zu vereinbaren) erforderlich sind, werden 24\/48 stunden mehr, um es zu produzieren.<\/li>\n<\/ul>\n<p>Ausgef\u00fchrt mit einem durchmesser schmal genug, um geben mehr preessione<\/p>\n<ul>\n<li>L\u00e4nge der Langen seite<\/li>\n<li>L\u00e4nge der kurzen seite<\/li>\n<li>Au\u00dfendurchmesser<\/li>\n<li>Innendurchmesser<\/li>\n<\/ul>\n<\/div>\n<div id=\"tab_cosa-\u00e8-il-kuripe-e-come-si-usa\" class=\"panel entry-content\" role=\"tabpanel\" aria-labelledby=\"tab-cosa-\u00e8-il-kuripe-e-come-si-usa\">\n<p>Sie ruft Kuripe-applikator auto-einnahme von Rap\u00e9.Im gegensatz zu tepi verwendet wird, mit einem anderen tee, die sie auf die probe stellen, vor.<\/p>\n<p>Der Kuripe hat eine V-form, die normalerweise bei 30\u00b0 geeignet zu sein, um die amggioranza, mit zwei enden: einer k\u00fcrzeren, wo man mit dem munde fl\u00f6\u00dft, und eine l\u00e4ngere, die wird leicht angelehnt an die nase halten (ohne jedoch dazu, nach innen zu gehen, so dass sie nicht attoppare der durchgang von luft. Immer ausgehend vom linken nasenloch, die verbunden mit dem herzen (das weibliche, die intuition) und dann Das rechte Nasenloch ein, die verbunden mit dem geist (der m\u00e4nnliche rationalit\u00e4t)<\/p>\n<p>Das m\u00e4nnliche, das Yang \/ Sonne, die es erm\u00f6glicht, zu lernen und holen sie sich die kraft, die erforderlich ist, um die probleme zu \u00fcberwinden, durch die anstrengung, zu pflegen und zu lernen, immer die n\u00f6tige kraft, um zu \u00fcberwinden, die schatten von diesem teil sind: Egoismus, Gewalt, Arroganz, Stolz<\/p>\n<p>Die Frauen Ihn Ying Mond Gibt macht den emotionen in ihrem reinen zustand, befreit freude, tiefe, reine liebe, mitgef\u00fchl und k\u00fcnstlerischen f\u00e4higkeiten. Seine seite schatten zu Heilen sie sind die emotionale bindung, depression, geringes selbstwertgef\u00fchl, schuldgef\u00fchle und apathie.<\/p>\n<p>Der Kuripe K\u00f6nnen aus bambus oder anderen materialien, die heilige wie die jurema oder palo santo und andere, oder knochen oder stein.<\/p>\n<p>Der Kuripe ist ein werkzeug, das verwendet werden kann, vertraut zu machen, eigenst\u00e4ndig und verantwortungsvoll mit der Heiligen Medizin des Rap\u00e9, lernen sich kennen, sie zu respektieren und sie zu benutzen, gewissenhaft und klug.<\/p>\n<p>Die indigenen lehren, dass es immer gut ist, nehmen sie das Rap\u00e9 in form ritual und mit absicht sehr klar im kopf. Der Kuripe ist es nat\u00fcrlich sehr praktisch, wenn wir keine m\u00f6glichkeit haben, uns mit der verabreichung von Rap\u00e9 hat.<\/p>\n<p>Die auto-applikator, der Kuripe ist ein objekt der macht, die als solche streng pers\u00f6nlich und kann nur vom eigent\u00fcmer.Sie consilglia (auch wenn wir dies bereits getan) die verwendung von palo santo oder steine und machen einen abstrich und eine purrificazione, um es mit einweihung ein tool mehr personalizato mit ihrer energie<\/p>\n<\/div>\n<div id=\"tab_come-si-soffia?\" class=\"panel entry-content\" role=\"tabpanel\" aria-labelledby=\"tab-come-si-soffia?\">\n<p>Sollte sie mit dem tepi deutlich wird besser, aber man kann apprenderli been, werden sie auch mit der kuripe:<br \/>\n<strong>Es gibt viele puffs, versuchen wir, sie aufzulisten, die wichtig und consociuti<\/strong><\/p>\n<p><strong>Schlange:<\/strong> nehmen sie einen gro\u00dfen atem, der atem beginnt piano und steigert seine kraft allm\u00e4hlich, bis sie stark peak, blockiert jedoch mit der zunge gegen den applikator mit einem zischen.<br \/>\n<strong>Schildkr\u00f6te:<\/strong> Hauch, leicht, langsam, konstant und \u00fcber einen l\u00e4ngeren zeitraum nur sehr langsam. Um ihn zu bekommen, musst du sintonizzarti auf die geduld der schildkr\u00f6te denn viele menschen ziehen sich zur\u00fcck, bevor er beendet ist.Die auswirkungen des Rap\u00e9 mit diesem hauch und haben eine h\u00f6here lebensdauer.Ideal f\u00fcr arbeiten, geduld, k\u00f6rperliche Traumata, und nach und w\u00e4hrend ua geistige aktivit\u00e4t!<br \/>\n<strong>Colibri:<\/strong> hauch von fr\u00f6hlichkeit, freude und liebe f\u00fcr gew\u00f6hnlich kurz. Wird mit zwei hauche aufeinanderfolgende, sehr kurze indem er einen schlag in der sekunde mit der sprache<br \/>\n<strong>Libelle:<\/strong> ein sch\u00f6ner hauch von mittlerer dauer, die sprache muovendola flogen schnell gegen den applikator mit einem sound, psychedelic<br \/>\n<strong>Rabe:<\/strong> definiert den hauch von mut, um einzudringen in die dunkelheit, in die leere, in das gro\u00dfe geheimnis, wo alles entstanden ist, und hatte seinen ursprung. erste und zweite atem, starke, hand in hand, hauche weniger stark fina, dass man das vakuum.<br \/>\n<strong>Boa: <\/strong>Hauch der Tr\u00e4ume, gelernt, die von einem ureinwohner hunikin, der mir sagte, haben gelernt, aus dem &#034;netzwerk&#034; vor dem schlafen. Zum teil ein starkes und immer mehr deble fina verschwinden, fallen wie die bewegung von einer boa, die von wunderbare tr\u00e4ume und vision\u00e4re effekte!<\/p>\n<\/div>\n<div id=\"tab_a-cosa-serve-?\" class=\"panel entry-content\" role=\"tabpanel\" aria-labelledby=\"tab-a-cosa-serve-?\">\n<p>Der Kuripe brauchen, um das Rap\u00e9 ist eine medizin des amazonas besteht aus einer reihe von heilpflanzen, gemahlen sehr fein mit der verwendung von m\u00f6rsern. In allen indigenen traditionen, die Rap\u00e9 gilt als eine Pflanze, die Lehrerin (die \u00e4lteste) und wird dargestellt, wie ein gro\u00dfvater, der hat die weisheit des waldes.<\/p>\n<p>Seine verwendung ritual sieht vor, dass sie niemals gesaugt, denn diese geste ist als ein mangel an respekt f\u00fcr den geist der vorfahren der Heilige Pflanze. Wenn das Rap\u00e9 wird verwendet, rituell, tr\u00e4gt der reinigung und zentrierung, verwandelt sich die negativen energien, als bote.<br \/>\nIm norden Brasiliens indigene v\u00f6lker huni italiana Kuin-Kaxinawa und Yawanawa nutzen Rap\u00e9, wie ein medikament im zusammenhang mit der nutzung teRap\u00e9utico und spirituellen.<\/p>\n<p>F\u00fcr diese bev\u00f6lkerungsgruppen, die Rap\u00e9 ist eine medizin, die hat einen geist von gro\u00dfer macht, bringt heilung und schutz weg, alle arten von mali. Bei den oben genannten ureinwohner, die Rap\u00e9 wird vom paj\u00e9 der st\u00e4mme (m\u00e4nnlich\/weiblich medizin), damit sie sich verbinden mit dem Geist, sich zu integrieren mit der Natur, in der lage sein, ermitteln, mali, die angreifen, sein volk oder auch in ritualen der heilung, mit dem zweck, zu geben geistigen schutz, eine krankheit diagnostizieren und nutzen sie die kraft des geistes, diese medizin f\u00fcr die behandlung.<\/p>\n<p>Das Rap\u00e9 geht geblasen in beiden nasenl\u00f6chern \u00fcber einem applikator, bestehen oft aus bambus oder knochen. Es gibt sowohl das auto-applikator (kuripe) diejenige ist, durch welche die patienten auf andere (tepi). Das Rap\u00e9 ist geblasen mit die pfeife, bevor sie in der linken nasenloch und dann in das rechte, indem er so die beiden hemisph\u00e4ren des gehirns, die weibliche seite, die intuitiv und m\u00e4nner rational.<\/p>\n<p>In der Amazonas, teilen Rap\u00e9 ist eine t\u00e4tigkeit, die sozial und hat spirituellen wurzeln. Das Rap\u00e9 in der tat, gilt als eine Medizin, die Heiligen und ihre anwendung auf den wert ein gebet, ruft die kr\u00e4fte der natur und die geister des waldes, der segen der pflanzen und ihre macht nutzen, zentrierung, kraft und heilung.<\/p>\n<p>Die anwendung von Rap\u00e9 ist oft begleitet von heiligen ges\u00e4nge, die haben die funktion von anrufen, die geister und die kraft der eigenen medizin.<\/p>\n<\/div>\n<div id=\"tab_disclaimer\" class=\"panel entry-content\" role=\"tabpanel\" aria-labelledby=\"tab-disclaimer\">\n<p><strong><span style=\"color: #d83131;\">DIE BILDER IN DER BESCHREIBUNG SIND REIN INDIKATIV ZU VERSTEHEN<\/span><\/strong><\/p>\n<p><strong><span style=\"color: #d83131;\">PRODUKTE GARANTIERT KARMARANDO<\/span><\/strong><br \/>\n<strong><span style=\"color: #d83131;\">F\u00fcr produkte, PFLANZEN, WEIHRAUCH UND PRODUKTE IN PULVERFORM ZUR ZEIT nicht protranno durchgef\u00fchrt werden R\u00dcCKSENDUNGEN oder ERSTATTUNGEN<\/span><\/strong><\/p>\n<p>Die <strong>begriffe<\/strong> in den kategorien-und tag-wollen nicht vorschlagen, der medizinischen verwendung und prominenten der produkte, nur besser organisieren, auf der basis ihrer historischen, wissenschaftlichen und gesellschaftlichen.<\/p>\n<p><strong>Die rezepte sind zur verf\u00fcgung gestellt wissenschaftliche<\/strong>: nicht wollen, um die kunden zu ermutigen, sie zu wiederholen, noch nicht einmal consumarne produkte.<\/p>\n<p><strong>Unsere inhalte<\/strong> nicht bewertet wurden von der FDA oder einer beliebigen abbildung professionelle medizinische: die m\u00f6glichen anwendungen, indikationen, dosierungen und hinweise beschrieben, die nur f\u00fcr p\u00e4dagogischen zweck, sind spekulationen pers\u00f6nliche und stellen keine medizinische beratung.<\/p>\n<p><strong>Die produkte verkauft werden<\/strong> wie r\u00e4ucherst\u00e4bchen, Seifen, Harze und material botanische sammlung und material der wissenschaftlichen forschung.<\/p>\n<p><span style=\"color: #ed1c24; font-size: 115%;\"><strong>Nicht zum menschlichen verzehr bestimmt.<br \/>\nDamit sie unsere produkte erwerben, m\u00fcssen sie mindestens 18 jahre alt sein und eignen sich nicht f\u00fcr schwangere und\/oder stillende frauen.<\/strong><\/span><\/p>\n<p>Zu erhalten mehr informationen <strong>KARMARANDO<\/strong> besuch <a href=\"https:\/\/www.instagram.com\/karmarando1\/\" target=\"_blank\" rel=\"noopener\"><br \/>\n<span style=\"color: #0000ff;\"><strong>diese seite<\/strong><\/span><\/a> oder lesen sie die neuesten nachrichten auf <a href=\"https:\/\/karmarando.com\/de\/blog\/\" target=\"_blank\" rel=\"nofollow noopener\"><strong><span style=\"color: #0000ff;\">BLOG<\/span><\/strong><\/a><br \/>\n<\/div><\/div><\/div>","protected":false},"excerpt":{"rendered":"<p>Kuripe Black Perla Rossa<\/p>","protected":false},"featured_media":4078,"comment_status":"open","ping_status":"closed","template":"","meta":[],"product_brand":[468],"product_cat":[195,241,569,196,185,239],"product_tag":[565],"class_list":{"0":"post-4077","1":"product","2":"type-product","3":"status-publish","4":"has-post-thumbnail","6":"product_brand-karmarando","7":"product_cat-applicat-rape-e-co","8":"product_cat-arte-artigianale-sciamanica","9":"product_cat-kuripe","10":"product_cat-kuripe-e-tepi","11":"product_cat-rapee-e-co","12":"product_cat-strumenti-e-gadget","13":"product_tag-kuripe-black-perla-rossa","14":"pa_brand-karmarando","15":"pa_ean-1260","16":"pa_materiale-bamboo","17":"pa_paese-di-fabbricazione-italia","19":"first","20":"instock","21":"shipping-taxable","22":"purchasable","23":"product-type-simple"},"_links":{"self":[{"href":"https:\/\/karmarando.com\/de\/wp-json\/wp\/v2\/product\/4077","targetHints":{"allow":["GET"]}}],"collection":[{"href":"https:\/\/karmarando.com\/de\/wp-json\/wp\/v2\/product"}],"about":[{"href":"https:\/\/karmarando.com\/de\/wp-json\/wp\/v2\/types\/product"}],"replies":[{"embeddable":true,"href":"https:\/\/karmarando.com\/de\/wp-json\/wp\/v2\/comments?post=4077"}],"wp:featuredmedia":[{"embeddable":true,"href":"https:\/\/karmarando.com\/de\/wp-json\/wp\/v2\/media\/4078"}],"wp:attachment":[{"href":"https:\/\/karmarando.com\/de\/wp-json\/wp\/v2\/media?parent=4077"}],"wp:term":[{"taxonomy":"product_brand","embeddable":true,"href":"https:\/\/karmarando.com\/de\/wp-json\/wp\/v2\/product_brand?post=4077"},{"taxonomy":"product_cat","embeddable":true,"href":"https:\/\/karmarando.com\/de\/wp-json\/wp\/v2\/product_cat?post=4077"},{"taxonomy":"product_tag","embeddable":true,"href":"https:\/\/karmarando.com\/de\/wp-json\/wp\/v2\/product_tag?post=4077"}],"curies":[{"name":"wp","href":"https:\/\/api.w.org\/{rel}","templated":true}]}}