{"id":3780,"date":"2021-12-07T21:36:33","date_gmt":"2021-12-07T20:36:33","guid":{"rendered":"https:\/\/www.karmarando.com\/negozio\/senza-categoria\/kambo-paletta-stick-doppio-da-6cm-medicina-sacra-collezione-brasile-amazzonia\/"},"modified":"2026-02-15T21:01:49","modified_gmt":"2026-02-15T20:01:49","slug":"kambo-paletta-stick","status":"publish","type":"product","link":"https:\/\/karmarando.com\/de\/piante-di-potere\/kambo-e-bufo\/kambo-paletta-stick\/","title":{"rendered":"Kambo Schaufel-Stick Doppel-Super Entgiftend Peru Amazonia"},"content":{"rendered":"<div class=\"tabbed-content\">\n\t\t\t\n\t\t\t<ul class=\"nav nav-pills nav-uppercase nav-size-small nav-center\" role=\"tablist\"><li id=\"tab-descrizione\" class=\"tab active has-icon\" role=\"presentation\"><a href=\"#tab_descrizione\" role=\"tab\" aria-selected=\"true\" aria-controls=\"tab_descrizione\"><span>Beschreibung<\/span><\/a><\/li>\n<li id=\"tab-le-principali-proprieta'\" class=\"tab has-icon\" role=\"presentation\"><a href=\"#tab_le-principali-proprieta'\" tabindex=\"-1\" role=\"tab\" aria-selected=\"false\" aria-controls=\"tab_le-principali-proprieta'\"><span>LE PRINCIPALI PROPRIETA'<\/span><\/a><\/li>\n<li id=\"tab-come-si-utilizza-?\" class=\"tab has-icon\" role=\"presentation\"><a href=\"#tab_come-si-utilizza-?\" tabindex=\"-1\" role=\"tab\" aria-selected=\"false\" aria-controls=\"tab_come-si-utilizza-?\"><span>Come si Utilizza ?<\/span><\/a><\/li>\n<li id=\"tab-controindicazioni\" class=\"tab has-icon\" role=\"presentation\"><a href=\"#tab_controindicazioni\" tabindex=\"-1\" role=\"tab\" aria-selected=\"false\" aria-controls=\"tab_controindicazioni\"><span>Controindicazioni<\/span><\/a><\/li>\n<li id=\"tab-il-kambo-\u00e8-sicuro-?\" class=\"tab has-icon\" role=\"presentation\"><a href=\"#tab_il-kambo-\u00e8-sicuro-?\" tabindex=\"-1\" role=\"tab\" aria-selected=\"false\" aria-controls=\"tab_il-kambo-\u00e8-sicuro-?\"><span>Il kambo \u00e8 sicuro ?<\/span><\/a><\/li>\n<li id=\"tab-disclaimer\" class=\"tab has-icon\" role=\"presentation\"><a href=\"#tab_disclaimer\" tabindex=\"-1\" role=\"tab\" aria-selected=\"false\" aria-controls=\"tab_disclaimer\"><span>HAFTUNGSAUSSCHLUSS<\/span><\/a><\/li><\/ul><div class=\"tab-panels\"><div id=\"tab_descrizione\" class=\"panel active entry-content\" role=\"tabpanel\" aria-labelledby=\"tab-descrizione\">\n<h3><strong>Kambo Pianta Sacra di potere, dell&#8217; Amazonia, Disintossicante profondo<\/strong><\/h3>\n<h4><strong>Kambo Paletta Stick da 6 cm 9cm 12 cm 15cm e 18 cm sconto per piu palette<\/strong><\/h4>\n<h6>\u00e8 possibile in alcuni che vengono date palette doppie, spalmate da entrambi le parti.Per totalizzare i centimetri acquistati.<\/h6>\n<h6><\/div>\n<div id=\"tab_le-principali-proprieta'\" class=\"panel entry-content\" role=\"tabpanel\" aria-labelledby=\"tab-le-principali-proprieta'\"><\/h6>\n<p>ILLomedusina ha un potente effetto sull\u2019intestino e contribuisce ad una sua disintossicazione profonda.<\/p>\n<p>Fillochinina e\u2019 un potente vasodilatatore e permette una ossigenazione delle cellule del corpo.<\/p>\n<p>Caeruleina e sauvagina causano un aumento ed una diminuzione della pressione arteriosa (iper e ipotensione), la ghiandola pituitaria, stimolano la corteccia surrenale, la tiroide, la ghiandola pineale. L\u2019attivazione delle ghiandole surrenali contribuisce ad elevare la percezione sensoriale e ad aumentare la resistenza fisica, migliora in generale la capacit\u00e0 del corpo di affrontare dolore e situazioni stressanti. I risultati di un studio condotto di recente dallo Sanford-Burnham Medical Research Institute in California hanno provato che la ceruleina, una volta iniettata nel pancreas, lo mette in condizione di trasformare le proprie cellule in Cellule Beta che in questo modo inducono il pancreas a riprendere la produzione di insulina. L\u2019attivazione della ghiandola pineale permette il rilascio di serotina e melatonina nel midollo cerebro spinale e quindi stati connessi a produzione oniriche di immagini intrapsichiche e stati di sonno profondo.<\/p>\n<p>Dermorfine, cerulina e deltorfine sono potenti peptidi oppioidi. Secondo Erspamer esse sono 500-1000 volte pi\u00f9 forti della morfina, e rispettivamente 18 e 39 volte pi\u00f9 forti delle endogeniche beta endorfine. Entrambi questi peptidi, insieme alla caerulina, hanno un forte effetto analgesico prodotto spontaneamente dal corpo in condizione di dolore dovuto per esempio a coliche renali, insufficienza vascolare periferica e cancro. La deltorfina permette una potenziata resistenza fisica e resistenza al dolore.<\/p>\n<p>Adenoregulina.<br \/>\nAgli inizi degli anni \u201990 presso il National Institutes of Health (NIH) di Bethesda negli Stati Uniti, \u00e8 stato scoperto un nuovo peptide, l\u2019ottavo della serie, dal team di John Daly, in collaborazione con Peter Gorman in virt\u00f9 dei suoi studi sul campo. Si tratta dell\u2019adenoregulina, che agisce nel corpo umano attraverso l\u2019adenosina, un recettore collegato alla produzione di energia all\u2019interno delle cellule e alla rigenerazione delle cellule del sistema nervoso, in particolare della guaina che lo protegge, la mielina.<\/p>\n<p>Queste ricerche scientifiche hanno aperto delle nuove prospettive sul funzionamento del cervello umano e sulla possibilit\u00e0 di curare sclerosi multipla, epilessia, ictus e disturbi cognitivi come l\u2019Alzheimer.<\/p>\n<p>I peptidi bioattivi ed i neuropeptidi presenti nel Kambo coprono un ampia gamma di potenziali usi medici includendo:<\/p>\n<ul>\n<li>depressione<\/li>\n<li>emicrania<\/li>\n<li>problemi di circolazione sanguigna<\/li>\n<li>insufficienza vascolare<\/li>\n<li>malattie agli organi<\/li>\n<li>problemi alla pelle ed agli occhi<\/li>\n<li>problemi di fertilit\u00e0<\/li>\n<li>AIDS<\/li>\n<li>Epatite<\/li>\n<li>Cancro<\/li>\n<li>Malattie del cervello come Alzheimer e morbo di Parkinson.<\/li>\n<\/ul>\n<\/div>\n<div id=\"tab_come-si-utilizza-?\" class=\"panel entry-content\" role=\"tabpanel\" aria-labelledby=\"tab-come-si-utilizza-?\">\n<p>Con i rimedi Ancestrali Kambo c\u2019\u00e8 la possibilit\u00e0 di risvegliare il corpo nella sua potenza naturale: gli organi del corpo, il sistema endocrino, e i sistemi di difesa vengono risvegliati per agire nelle loro funzioni naturali. Kambo ha come elemento il fuoco. Grazie alla combinazione con l\u2019acqua, che il partecipante ingerisce prima dell\u2019applicazione Kambo, avviene una trasformazione alchemica di purificazione: le tossine presenti nell\u2019individuo vengono rilasciate attraverso il vomito o la defecazione urgente. Le persone che ricevono regolarmente non si ammalano e hanno molta energia: l\u2019equilibrio naturale della persona viene ripristinato e grazie ad esso si evita la comparsa di disturbi indotti da diversi agenti patogeni (virus, batteri, funghi, parassiti, \u2026).<\/p>\n<p>Grazie a Kambo la persona pu\u00f2 cambiare i suoi schemi di salute in quanto la rana, come scrive Marcelo Gomes, stabilisce un riallineamento dei chakra e determina la riorganizzazione fisica, psicologia e spirituale della persona.<\/p>\n<p>Durante il trattamento, Kambo ci fornisce percezioni e messaggi: la rana si connette con la saggezza naturale del partecipante e rispecchia le sue negative abitudini mostrandogli cosa dovrebbe evitare e cosa potrebbe fare per migliorare la sua condizione attuale. Kambo aiuta a rimuovere quello che i nativi chiamano Panema: ovvero quella nuvola di tristezza, di negativismo, di depressione che circonda il campo energetico dell\u2019essere umano rendendolo cieco e impedendolo di aprirsi con fiducia al Divino e alla gioia della vita.<\/p>\n<p>Kambo viene soprannominato Dottore delle Foresta poich\u00e9 ha un\u2019intelligenza e piano d\u2019azione propria. Kambo esegue un\u2019esorcismo biologico, formulazione che converge l\u2019idea di magia (demoni, spiriti, religione) con rimedio, corpo, biologia. Inoltre per parlare degli effetti del Kambo che produce sul corpo si pu\u00f2 ricorre a una metafora computazionale: Kambo riformatta l\u2019hard disk e reinstalla il software.<\/p>\n<p>Kambo pu\u00f2 essere visto come la deframmentazione del disco del computer in quanto esegue la scansione del sistema linfatico. Per maggiori dettagli concernenti lo Strumento di Guarigione Kambo contattarci via email (ma ci teniamo a dire che \u00e8 un ottimo rimedio per via del suo potere disintossicante, per espellere chi ha fatto il &#8220;punturone&#8221; tanto famoso) Sessione Kambo All\u2019inizio della sessione, prima dell\u2019applicazione Kambo, il partecipante deve bere 2\/3 litri di acqua per consentire l\u2019attivazione della purga e la purificazione.<\/p>\n<p>Una volta applicato Kambo, il partecipante sperimenter\u00e0 una rapida reazione nel suo sistema nervoso (simpatico e parasimpatico) e espeller\u00e0 l\u2019acqua ingerita con il vomito, la defecazione urgente e il sudore. La durata dell\u2019intera sessione \u00e8 di circa 1 ora, la parte pi\u00f9 intesa varia dai 20 ai 30 minuti. Una volta conclusa la seduta, la persona pu\u00f2 continuare liberamente con le sue attivit\u00e0. Consigliamo per\u00f2 di non caricarsi con molte cose da fare, ma di concedersi qualche ora (se non addirittura un giorno) di completo riposo in modo da poter contemplare e integrare l\u2019esperienza vissuta. Applicazione Kambo: Passo dopo Passo<br \/>\nKambo, la secrezione prodotta dalla rana Pyhllomedusa Bicolor, viene estratto dalla pelle della rana. Se l\u2019estrazione viene eseguita con esperienza ma soprattutto con amore non crea alcun dolore alla rana.<\/p>\n<p>Kambo, una volta estratto, viene posizionato su una paletta di legno lasciandolo seccare. Prima dell\u2019utilizzo viene reidratato con dell\u2019acqua in modo da poterlo lavorare in piccoli globuli o punti.<\/p>\n<p>Nel frattempo il partecipante sta assumendo 2-3 litri di acqua, la quale serve per bilanciare l\u2019energia alchemica \u201cfuoco\u201d del Kambo.<\/p>\n<p>Prima dell\u2019applicazione, Kambo viene formato nel numero di punti concordati dal teRap\u00e9uta con il participante. Il numero di punti varia a dipendenza dello stato di salute e della esperienza del partecipant Il teRap\u00e9uta riscalda un sottile pezzo di legno con il quale vengono fatte delle piccole bruciature superficiali sul braccio o sulla gamba del partecipante, creando cos\u00ec delle aperture istantanee sulla pelle.<\/p>\n<p>Su queste aperture istantanee il teRap\u00e9uta applica i punti Kambo con dell\u2019acqua per aiutare il processo di assorbimento.<\/p>\n<ul>\n<li>Se la sessione \u00e8 al mattino, niente colazione, succhi, caff\u00e8 e t\u00e8 con caffeina. Astenersi da eventuali integratori, erbe o farmaci se non necessari dal punto di vista medico<\/li>\n<li>Se la seduta \u00e8 di sera, consumare solo una colazione vegana leggera prima delle 10 del mattino. Passate le 10 di mattino astenersi dal cibo.<\/li>\n<\/ul>\n<p>In entrambi i casi si pu\u00f2 assumere: acqua, acqua di cocco, tisana con miele, elettroliti e sale aggiunti all\u2019acqua. Non bere quantit\u00e0 eccessiva di acqua prima di arrivare alla seduta. Nel giorno della sessione vestirsi comodamente con vestiti ampi (sconsigliati leggings, jeans e reggiseni che stringono):<\/p>\n<ul>\n<li>Indossare preferibilmente una maglietta senza maniche o con maniche facili da avvolgere.<\/li>\n<li>Non indossare alcun tipo di gioiello e piercing.<\/li>\n<li>Avere a disposizione un elastico per legare i capelli lungi.<\/li>\n<li>I portatori di lenti a contatto devono rimuovere quest\u2019ultime prima della seduta<\/li>\n<\/ul>\n<p>Medicamenti Permessi (ma non sempre.. quindi richiedere valutazione)<\/p>\n<ul>\n<li>Per i diabetici<\/li>\n<li>Alta pressione sanguigna (che non agisce direttamente sul sistema nervoso centrale)<\/li>\n<li>Regolatori della tiroide<\/li>\n<\/ul>\n<\/div>\n<div id=\"tab_controindicazioni\" class=\"panel entry-content\" role=\"tabpanel\" aria-labelledby=\"tab-controindicazioni\">\nSconsigliato<\/p>\n<ul>\n<li>a persone minorenni<\/li>\n<li>a donne in stato di gravidanza o in allattamento.<\/li>\n<li>a persone che hanno sofferto in passato di aunerisma o emorragia celebrale o occlusione di vene o infarto cardiaco<\/li>\n<li>a soggetti con impianti cardio-vascolari (bypass, peacemaker).<\/li>\n<li>a persone soggette a problemi respiratori gravi.<\/li>\n<li>a persone che soffrono di problemi di pressione (troppo alta o bassa) e che prendono medicinali per questa patologia.<\/li>\n<li>a persone che soffrono di gravi disagi mentali (eccetto la depressione)<\/li>\n<li>a persone affette da disturbo bipolare<\/li>\n<li>menschen, die nicht verstehen k\u00f6nnen voll physikalischer prozess, der beinhaltet die anwendung<\/li>\n<li>personen mit wunden, \u00e4u\u00dfere oder innere noch nicht vollst\u00e4ndig geheilten (z.b. Intevento operation)<\/li>\n<li>a persone che assumono medicinali sopressori del sistema immunitario<\/li>\n<li>a persone che soffrono della patologia denominata \u201cMorbo di Addison\u201d<\/li>\n<li>a persone che soffrono di una grave forma di epilessia<\/li>\n<li>a persone che soffrono di livelli bassi di cortisolo nel sangue<\/li>\n<li>a persone che hanno utilizzato diuretici nell\u2019ultimo periodo<\/li>\n<\/ul>\n<\/div>\n<div id=\"tab_il-kambo-\u00e8-sicuro-?\" class=\"panel entry-content\" role=\"tabpanel\" aria-labelledby=\"tab-il-kambo-\u00e8-sicuro-?\">\n<p>Il kambo \u00e8 sicuro al 100% in mani esperte e consapevoli. Le condizioni di salute della persona non vanno per\u00f2 mai sottovalutate. Questo succede per tutte le medicine, naturali o farmaceutiche. Ci sono sempre controindicazioni ed \u00e8 molto importante per chi si approccia al trattamento far presente all&#8217;operatore dei propri problemi fisici o psicologici. Il kambo non \u00e8 per tutti. Se vai in sudamerica e decidi di sottoporti ad un applicazione presso una trib\u00f9 indigenza locale prestate molta cautela in quanto li non vengono prese le precauzioni dell&#8217;uso occidentale di questa secrezione.<\/p>\n<p>Inoltre, la diffusione del kambo in occidente sta portando anche improvvisazione in questa pratica, sinceratevi sempre dell\u2019esperienza del facilitatore e che questo sia preparato per farvi vivere un esperienza in sicurezza.<\/p>\n<\/div>\n<div id=\"tab_disclaimer\" class=\"panel entry-content\" role=\"tabpanel\" aria-labelledby=\"tab-disclaimer\">\n<p><strong><span style=\"color: #d83131;\">DIE BILDER IN DER BESCHREIBUNG SIND REIN INDIKATIV ZU VERSTEHEN<\/span><\/strong><\/p>\n<p><strong><span style=\"color: #d83131;\">PRODUKTE GARANTIERT KARMARANDO<\/span><\/strong><br \/>\n<strong><span style=\"color: #d83131;\">F\u00fcr produkte, PFLANZEN, WEIHRAUCH UND PRODUKTE IN PULVERFORM ZUR ZEIT nicht protranno durchgef\u00fchrt werden R\u00dcCKSENDUNGEN oder ERSTATTUNGEN<\/span><\/strong><\/p>\n<p>Die <strong>begriffe<\/strong> in den kategorien-und tag-wollen nicht vorschlagen, der medizinischen verwendung und prominenten der produkte, nur besser organisieren, auf der basis ihrer historischen, wissenschaftlichen und gesellschaftlichen.<\/p>\n<p><strong>Die rezepte sind zur verf\u00fcgung gestellt wissenschaftliche<\/strong>: nicht wollen, um die kunden zu ermutigen, sie zu wiederholen, noch nicht einmal consumarne produkte.<\/p>\n<p><strong>Unsere inhalte<\/strong> nicht bewertet wurden von der FDA oder einer beliebigen abbildung professionelle medizinische: die m\u00f6glichen anwendungen, indikationen, dosierungen und hinweise beschrieben, die nur f\u00fcr p\u00e4dagogischen zweck, sind spekulationen pers\u00f6nliche und stellen keine medizinische beratung.<\/p>\n<p><strong>Die produkte verkauft werden<\/strong> wie r\u00e4ucherst\u00e4bchen, Seifen, Harze und material botanische sammlung und material der wissenschaftlichen forschung.<\/p>\n<p><span style=\"color: #ed1c24; font-size: 115%;\"><strong>Nicht zum menschlichen verzehr bestimmt.<br \/>\nDamit sie unsere produkte erwerben, m\u00fcssen sie mindestens 18 jahre alt sein und eignen sich nicht f\u00fcr schwangere und\/oder stillende frauen.<\/strong><\/span><\/p>\n<p>Zu erhalten mehr informationen <strong>KARMARANDO<\/strong> besuch <a href=\"https:\/\/www.instagram.com\/karmarando1\/\" target=\"_blank\" rel=\"noopener\"><br \/>\n<span style=\"color: #0000ff;\"><strong>diese seite<\/strong><\/span><\/a> oder lesen sie die neuesten nachrichten auf <a href=\"https:\/\/karmarando.com\/de\/blog\/\" target=\"_blank\" rel=\"nofollow noopener\"><strong><span style=\"color: #0000ff;\">BLOG<\/span><\/strong><\/a><\/p>\n<\/div><\/div><\/div>","protected":false},"excerpt":{"rendered":"<p>Kambo Schaufel-Stick Doppel-Super Entgiftend Peru Amazonia<\/p>","protected":false},"featured_media":3781,"comment_status":"open","ping_status":"closed","template":"","meta":[],"product_brand":[468],"product_cat":[215,199,185],"product_tag":[469],"class_list":{"0":"post-3780","1":"product","2":"type-product","3":"status-publish","4":"has-post-thumbnail","6":"product_brand-karmarando","7":"product_cat-kambo-e-bufo","8":"product_cat-piante-di-potere","9":"product_cat-rapee-e-co","10":"product_tag-kambo","11":"pa_brand-karmarando","12":"pa_ean-1267","13":"pa_ingredienti-kambo","14":"pa_misura-in-centimetri-12cm","15":"pa_misura-in-centimetri-15-cm","16":"pa_misura-in-centimetri-18cm","17":"pa_misura-in-centimetri-6cm","18":"pa_misura-in-centimetri-9cm","19":"pa_paese-di-fabbricazione-brasile","21":"first","22":"instock","23":"shipping-taxable","24":"purchasable","25":"product-type-variable"},"_links":{"self":[{"href":"https:\/\/karmarando.com\/de\/wp-json\/wp\/v2\/product\/3780","targetHints":{"allow":["GET"]}}],"collection":[{"href":"https:\/\/karmarando.com\/de\/wp-json\/wp\/v2\/product"}],"about":[{"href":"https:\/\/karmarando.com\/de\/wp-json\/wp\/v2\/types\/product"}],"replies":[{"embeddable":true,"href":"https:\/\/karmarando.com\/de\/wp-json\/wp\/v2\/comments?post=3780"}],"wp:featuredmedia":[{"embeddable":true,"href":"https:\/\/karmarando.com\/de\/wp-json\/wp\/v2\/media\/3781"}],"wp:attachment":[{"href":"https:\/\/karmarando.com\/de\/wp-json\/wp\/v2\/media?parent=3780"}],"wp:term":[{"taxonomy":"product_brand","embeddable":true,"href":"https:\/\/karmarando.com\/de\/wp-json\/wp\/v2\/product_brand?post=3780"},{"taxonomy":"product_cat","embeddable":true,"href":"https:\/\/karmarando.com\/de\/wp-json\/wp\/v2\/product_cat?post=3780"},{"taxonomy":"product_tag","embeddable":true,"href":"https:\/\/karmarando.com\/de\/wp-json\/wp\/v2\/product_tag?post=3780"}],"curies":[{"name":"wp","href":"https:\/\/api.w.org\/{rel}","templated":true}]}}