{"id":3659,"date":"2021-12-06T08:17:27","date_gmt":"2021-12-06T07:17:27","guid":{"rendered":"https:\/\/www.karmarando.com\/prodotto\/authentic-sananga-root-tabernaemontana-undulata-collirio-medicina-amazzonia\/"},"modified":"2026-03-02T15:50:51","modified_gmt":"2026-03-02T14:50:51","slug":"sananga-root-tabernaemontana","status":"publish","type":"product","link":"https:\/\/karmarando.com\/de\/kit-e-promo\/kit-sets\/sananga-root-tabernaemontana\/","title":{"rendered":"Sananga Root Tabernaemontana Undulata \u2013 verf\u00fcgbar von 5 ml, 10 ml und 15 ml"},"content":{"rendered":"<div class=\"tabbed-content\">\n\t\t\t\n\t\t\t<ul class=\"nav nav-pills nav-uppercase nav-size-small nav-center\" role=\"tablist\"><li id=\"tab-descrizione\" class=\"tab active has-icon\" role=\"presentation\"><a href=\"#tab_descrizione\" role=\"tab\" aria-selected=\"true\" aria-controls=\"tab_descrizione\"><span>Beschreibung<\/span><\/a><\/li>\n<li id=\"tab-propriet\u00e0\" class=\"tab has-icon\" role=\"presentation\"><a href=\"#tab_propriet\u00e0\" tabindex=\"-1\" role=\"tab\" aria-selected=\"false\" aria-controls=\"tab_propriet\u00e0\"><span>Eigenschaften<\/span><\/a><\/li>\n<li id=\"tab-come-si-f\u00e0?\" class=\"tab has-icon\" role=\"presentation\"><a href=\"#tab_come-si-f\u00e0?\" tabindex=\"-1\" role=\"tab\" aria-selected=\"false\" aria-controls=\"tab_come-si-f\u00e0?\"><span>Wie funktioniert es?<\/span><\/a><\/li>\n<li id=\"tab-disclaimer\" class=\"tab has-icon\" role=\"presentation\"><a href=\"#tab_disclaimer\" tabindex=\"-1\" role=\"tab\" aria-selected=\"false\" aria-controls=\"tab_disclaimer\"><span>HAFTUNGSAUSSCHLUSS<\/span><\/a><\/li><\/ul><div class=\"tab-panels\"><div id=\"tab_descrizione\" class=\"panel active entry-content\" role=\"tabpanel\" aria-labelledby=\"tab-descrizione\">\n<h3><strong>Sananga Root Tabernaemontana Undulata \u2013 verf\u00fcgbar von 5 ml, 10 ml und 15 ml<\/strong><\/h3>\n<p>Authentic Augentropfen Sananga aus Rinde-Wurzel-Tabernaemontana Undulata Augentropfen Heilige Pflanze, der Stamm der Amazonen.<\/p>\n<p><span style=\"font-size: 75%;\"><strong>Conservare in Frigor<\/strong><\/span><\/p>\n<p>Sananga besteht aus den wurzeln und der rinde des strauches Tabernaemontana undulata. Die wurzel und rinde dieser pflanze erhalten werden, die von den st\u00e4mmen Kaxinaw\u00e1 und Yawanaw\u00e1. Diese medizin heilig und m\u00e4chtig ist verwendet f\u00fcr die behandlung von k\u00f6rperlichen beschwerden und geistig, indem er die gedanken und die energien und gleichzeitig eine v\u00f6llig neue art von wahrnehmung und konzentration.<\/p>\n<p>Sananga besteht aus den wurzeln und der rinde des strauches Tabernaemontana undulata ist eine art &#034;holz-milch&#034; aus der familie der Apocynaceae, und kommt direkt von den v\u00f6lkern der amazonas-stamm. Diese medizin heilig und m\u00e4chtig wird verwendet, um zu heilen, k\u00f6rperliche beschwerden und geistige, das befreit den geist von den energien distraenti und erm\u00f6glicht eine v\u00f6llig neue art wahrzunehmen und zu fokussieren. Dieses Sananga ist voller absichten, die eine absolute klarheit und konzentration. Obwohl sie sagt, dass Sananga enth\u00e4lt alkaloide ibogaine beisteuerte, in der realit\u00e4t gibt es wenig beweise, um anzudeuten, dass dies tats\u00e4chlich wahr ist. Tabernaemontanta ist nicht wirklich ein genre sondern eine &#034;unterfamilie&#034;, und dann eingestuft, auch als &#034;Tabernaemontanoidae&#034;. McKenna berichtet, dass nur einige der dutzenden von pflanzen dieser gattung enthalten ibogaine beisteuerte, andere als &#034;undulata&#034; kann nur analgetischen eigenschaften oder beruhigungsmittel.<\/p>\n<p>Der reine geist von Sananga unterst\u00fctzt eine gr\u00fcndliche reinigung der energien blockiert, emotionale, k\u00f6rperliche und geistige. Sananga kann auszugleichen und erh\u00f6hen ihre energie und die suche nach den wurzeln ihrer erkrankungen und blockaden, was zu einem vollst\u00e4ndigen gleichgewicht, konzentration und ruhe des geistes. Au\u00dferdem sind die tropfen gr\u00f6\u00dfer deine vision und spirituellen bewusstseins und verbessern sie ihre f\u00e4higkeit zu lesen, die absichten des anderen. Au\u00dferdem Sananga erh\u00f6ht, ihre vision zu lange strahl, dass ist wichtig f\u00fcr die ansichten und prognosen der zukunft. Zudem sind die tropfen werden auch verwendet, um zu behandeln und zu verbessern ein breites spektrum von problemen der augen (Lambert et al, 2010), wie kurzsichtigkeit, die wahrnehmung der tiefe und farbe, die definition der bilder und der genauigkeit der erkennung. Au\u00dferdem ist diese medizin magica ist angegeben in f\u00e4llen von schweren erkrankungen der augen wie glaukom, katarakt und blindheit. Da diese tropfen wirkungen entfalten k\u00f6nnen, so m\u00e4chtig, auf der sie ihre anzeigen, werden auch h\u00e4ufig angewendet, vor oder w\u00e4hrend den zeremonien des Ayahuasca, erh\u00f6hen die visualisierung und die spirituelle intuitionen.<\/p>\n<p>Auch wenn Sananga ist ber\u00fchmt f\u00fcr seine auswirkungen auf die ansicht, und auf der anzeige wird das medikament gilt als ein heilmittel der eingeborenen f\u00fcr alle anwendungen. Wird angewendet bei erkrankungen, febbrifughe, emetischen, harntreibende, beruhigende und viele andere. Au\u00dferdem Sananga ist oft verwendet f\u00fcr die behandlung von erkrankungen der haut (dermatitis), den appetit zu unterdr\u00fccken (Jernigan 2009), lindern zahnprobleme (Shepard 1999) und gegen die verletzungen durch schlangenbiss und vergiftungen, wunden augen und rheuma (Sanz-erwarte ich mir et al. 2009; Schultes 1979). Ein weiterer wichtiger aspekt heilkraft der familie der Apocynaceae ist seine antimikrobielle aktivit\u00e4t ausgiebig erkundet hat gezeigt, dass diese familie hat ein starkes antioxidans (Pereira et al. 2005) tumor (Kingston et al. 1977; Gunasekera et al. 1980), antifertilit\u00e0\/verh\u00fctungsmittel ( Meyeret an. 1973), fiebersenkende (reduziert fieber), entz\u00fcndungshemmend (Taesotikul et al. 2003), antimicobatterico (Pereira et al. 2005) und antimikrobielle (Beek et al. 1984; Suffredini et al. 2002; Ruttoh et al. 2009) effekte.<\/p>\n<p>Traditionell st\u00e4mme wie die Mats\u00e9 mit Sananga als werkzeug, jagd -, um eine wahrnehmung und konzentration scharfe und damit die erkennung von bewegungen, d\u00fcnne, im dunklen dschungel (Lambert et al 2010). Au\u00dferdem, die tropfen k\u00f6nnen, die eine starke anzeige der beute oder der pflanze zu jagen, sodass eine schnelle suche und erfolg. Oft Sananga ist kombiniert mit andere werkzeuge f\u00fcr die jagd, wie Kambos, und verbessern sie die f\u00e4higkeiten der jagd. F\u00fcr die meisten indigenen st\u00e4mme, jagen, bedeutet \u00fcberleben, und bedeutet also eine fertigkeit, die au\u00dferordentlich wichtig und entscheidend.<\/p>\n<p>Die st\u00e4mme, die glauben, dass ein guter j\u00e4ger und ein guter miratore erreicht werden kann nur durch den heiligen pflanzen. Diese heiligen pflanzen verbessern die wahrnehmung und die sch\u00e4rfe, die absicht, den geruch, die best\u00e4ndigkeit und das gl\u00fcck. Daher, werkzeuge f\u00fcr die jagd als Sananga und Kambos, machen etwa ein viertel aller von heilpflanzen verwendet, die in den indigenen st\u00e4mme (Shepard 1999).<\/p>\n<p><b>Ursprung, aufbau und anwendung <\/b><br \/>\nAugentropfen Sananga sind produkte vom strauch Tabernaemontana undulata w\u00e4chst an Acre, in Brasilien und anderen s\u00fcdamerikanischen l\u00e4ndern, und es ist bekannt, dass die st\u00e4mme Kaxinaw\u00e1s als &#034;Mana Heins&#034; und als &#034;Becchete&#034; den Mats\u00e9s. Mana Heins oder Becchete geh\u00f6ren zur familie der Apocynaceae, die derselben familie angeh\u00f6rt, die iboga (Tabernanthe iboga) (K\u00f6nig et al. 2015). Die rinde der wurzel dieses strauches wird, bevor sie gemahlen zu einem feinen pulver gefiltert wird mehrmals durch ein netzwerk von baumwolle und schlie\u00dflich wird aus einem saft. Wenn angewendet auf die haut, die bl\u00e4tter von Sananga, werden gemildert durch das feuer und gelten auf den betroffenen teil direkt, oder latex, der der wurzel wird mit wasser gemischt und angewendet mit einem tuch (Van Beek et al. 1984). Jedoch kann auch angewendet werden mit einem getr\u00e4nk auf der basis von ein w\u00e4ssriger extrakt aus der rinde der wurzel.<\/p>\n<h3><strong>Sananga Original Amazonas, Wurzel Tabernaemontana.<\/strong><\/h3>\n<p>VORSICHT: wer kennt sie nicht, diese heilmittel, bitte vollst\u00e4ndig durchlesen und f\u00fcr weitere informationen wenden sie sich per e-mail, um hilfe und, wenn erforderlich, genommen werden, um einen telefonischen kontakt, um Tipps und Verwendungen.<\/p>\n<p>Wie sie wissen, werden die Probleme der Blick-wie \u00fcbrigens viele posologie, sind alle psicosamatici auf die mitarbeiter aus Thymian, die t\u00fcr zu alter, coseguenza der Sanaga geht zu l\u00f6sen, genau das durch die augen.<\/p>\n<\/div>\n<div id=\"tab_propriet\u00e0\" class=\"panel entry-content\" role=\"tabpanel\" aria-labelledby=\"tab-propriet\u00e0\">\n<h3><strong>Wirkstoffe<\/strong><\/h3>\n<p>DIE Sananga enth\u00e4lt coronadine, quebrachidine, heyneanine, 3-hydroxycoronaridine, ibogamina und voacangine, die 3-idrossicoronaridina, (Van Beek et al 1984; delle Monache et al. 1977)<\/p>\n<p>Alle diese alkaloide mit starken psychoaktiven effekte und kann aus\u00fcben starke auswirkungen auf antibiotika.<\/p>\n<h3><strong>Wichtigsten verwendungen der pflanze<\/strong><\/h3>\n<p><strong>Medizin Heilige Krieger<\/strong><\/p>\n<ul>\n<li>Tilgen Panema ein begriff, den wir \u00fcbersetzen, wie depression, traurigkeit, ersch\u00f6pfung, m\u00fcdigkeit und unwohlsein.<\/li>\n<li>Augentropfen (von den vielen angaben, ist die h\u00e4ufigste form verwendet), da es andere formen werden utillazzata.<\/li>\n<li>Kl\u00e4rt den geist und die energien, indem sie einen neuen modus der vollen wahrnehmung und konzentration.<\/li>\n<li>Hilft es bei der behandlung von erkrankungen, k\u00f6rperlichen und geistigen, das befreit den geist von den energien distrattive und erm\u00f6glicht eine v\u00f6llig neue art wahrzunehmen und zu fokussieren.<\/li>\n<li>Entsperren sie die negative energie und erh\u00f6ht die lebensfreude und die kraft aufbringen, unsere tr\u00e4ume<\/li>\n<li>kurzsichtigkeit<\/li>\n<li>Glaukom<\/li>\n<li>Katarakt<\/li>\n<li>Einige f\u00e4lle von verlust des sehverm\u00f6gens<\/li>\n<li>Blindheit<\/li>\n<li>maculopatia<\/li>\n<li>Keratokonus<\/li>\n<li>Retinopathie<\/li>\n<li>Degenarazione senile Makuladegeneration<\/li>\n<li>wahrnehmung der tiefe und der farbe-definition-bilder und genauigkeit der erkennung.<\/li>\n<li>Pflege der mundgeruch<\/li>\n<li>Pflege der vaginale candida<\/li>\n<li>Vomitivo<\/li>\n<li>Beruhigend und kl\u00e4rbecken f\u00fcr den geist<\/li>\n<li>Accrescitivo der tief in meditative zust\u00e4nde<\/li>\n<li>Gmr-von luziden tr\u00e4umen<\/li>\n<li>Stimulierende l\u00f6schen energien stagnieren<\/li>\n<li>Gmr-ansicht<\/li>\n<li>Gmr-intuition<\/li>\n<\/ul>\n<p>Es ist nicht nur Gro\u00dfartig, f\u00fcr alle die damit verbundenen probleme im auge, die die oben beschriebenen, aber..<\/p>\n<p>Verwendet, sehr in der kombination und vor der Rap\u00e9, Kambos, Ayahuasca, und gepaart mit tropfen diamant steigert die vision\u00e4re prozess der intuition und des geistigen.<\/p>\n<p>Auch diese heilige Pflanze wird verwendet, von den einheimischen f\u00fcr die fiebrige zust\u00e4nde, mit emetischen eigenschaften, harntreibend und pflege-viele andere arten von krankheiten, wie probleme mit der haut (dermatitis); es hilft bei problemen mit zahn-und rheuma. Viele wissenschaftliche studien sind im gange, noch heute, gesichter zu vertiefen die verschiedenen verwendungen dieser heilenden pflanze.<\/p>\n<p>Traditionell wird von den ureinwohner, wird als ein wichtiges instrument, und bei den jagden, weil es erh\u00f6ht die wahrnehmung und die konzentration, Hilft, suchen sie bewegungen, die feinen in der wildnis des amazonas (Lambert et Al 2010).<\/p>\n<p>Zur gleichen zeit, die augentropfen k\u00f6nnen helfen, die j\u00e4ger haben ansichten der beute (die sie gew\u00e4hren, als opfer, heilige) und der pflanzen, die sie m\u00fcssen vertrieben werden und gefunden werden (Lambert et al 2010). Bei der jagd sind die Sananga wird oft mit dem Kamb\u00f2, dass hilft zu erh\u00f6hen die kapazit\u00e4t jagd.<\/p>\n<p>Beachten sie, dass die jagd und die fischerei f\u00fcr viele einheimische st\u00e4mme sind das einzige mittel zum \u00fcberleben in einem gebiet, so feindselig, weshalb die einheimischen mit allem, was ihnen zur verf\u00fcgung steht, um zu verbessern und ihre f\u00e4higkeiten zu verbessern. Die verwendung dieser nat\u00fcrlichen pflanzen macht-hilft ihnen, alle schwierigkeiten zu \u00fcberwinden in der wildnis und zur gleichen zeit gibt ihnen eine gro\u00dfe f\u00e4higkeit, vision\u00e4r zu finden, viel leichter, die beute zu jagen.<\/p>\n<p>Quellen, aufbau und anwendung. Wie gesagt zuvor den Sananga ist die tatsache, von den wurzeln und der rinde von pflanzen Tabernaemontana Undulata w\u00e4chst vor allem in der gegend von Acre, Brasilien, und anderen S\u00fcdamerikanischen L\u00e4ndern.<\/p>\n<p>Es ist bekannt als &#034;Mana Heins&#034; vom volk Kaxinaw\u00e0 Brasilianischen und &#034;Bacchete&#034; von Matses in Peru. Die wurzeln und der rinde dieser pflanze werden, bevor sie pulverisiert und dann lavastr\u00f6me, die mehrere male durch ein sieb baumwolle, um dann schlie\u00dflich extrahiert, die in form von saft, die fl\u00fcssigkeit, die dann verwendet wird, auf verschiedene weise von den eingeborenen.<\/p>\n<\/div>\n<div id=\"tab_come-si-f\u00e0?\" class=\"panel entry-content\" role=\"tabpanel\" aria-labelledby=\"tab-come-si-f\u00e0?\">\n<h3><strong>Dosierung und Verwendung<br \/>\n<\/strong><\/h3>\n<p>In Amazonia dieses produkt wird verwendet, abitudinariamente t\u00e4glich in zyklen von 2 monaten und 2 wochen, nein, zum ersten mal, und dann verwenden sie es f\u00fcr einen monat und 2 wochen nicht.<\/p>\n<p>sie k\u00f6nnen alle tage oder 1 tag und man nicht immer f\u00fcr 2 monate und dann sprach epr 2 wochen und dann wieder.<\/p>\n<h5><strong> Bevor sie denken, die dosis ist entscheidend, um eine absicht zu haben. <\/strong><\/h5>\n<h5><strong> Arbeiten darauf konzentriert, die pflanze hilft, klarheit in diesen aspekt des lebens, die sie sehen wollen, mehr in die tiefe. <\/strong><\/h5>\n<h5><strong> Die macht deiner intnzione entscheidend ist und alle arzneimittel, kann nur das erhalten und pflegen, was du meinst. <\/strong><\/h5>\n<h4><strong>U<\/strong>na einzigen tropfen pro auge gen\u00fcgt, um eine leistungsstarke sitzung Sananga. Wir empfehlen ihnen, finden sie einen ruhigen und friedlichen ort in der natur oder auch zu hause in einer ruhigen umgebung und mit musik verst\u00e4rkt. Die akuten effekte verschwinden, wenn nach 10-15 minuten, aber die leichte nebenwirkungen k\u00f6nnen tage dauern. Achten sie darauf, schon um eine gute anwendung und lassen sie die augen geschlossen, w\u00e4hrend die sitzung. Es ist wichtig, einen tropfen auf beide augen und warten sie nicht mit der zweiten tropfen, sie sofort f\u00fcr das gleichgewicht der energien auf beiden augen. Dann solltest du blinzeln f\u00fcr kurze zeit zum verteilen der fl\u00fcssigkeit auf das gesamte auge. Im idealfall finden sie eine zweite person anwenden kann, die Sananga f\u00fcr dich.<\/h4>\n<p>Kurz nach der anwendung am auge, die meisten nutzer meldet ein starkes brennen und ein gef\u00fchl von stechenden schmerz. Allerdings sind diese effekte verschwinden nach ein paar minuten und gelindert werden k\u00f6nnen concentrandoti auf das atmen und sehen, wie der schmerz verwandelt sich in kraft und entfernt deine energie blockiert, und bringt eine tiefe heilung.<\/p>\n<p>Au\u00dferdem, k\u00f6nnen sie auch versuchen, erbrechen und stuhlgang, die zus\u00e4tzliche hinweise f\u00fcr die beseitigung der energien blockiert und krankheit. Suche aufzugeben, vollst\u00e4ndig und entspannt wie m\u00f6glich.<\/p>\n<p>\u00c4hnlich wie micro dosierung von iboga, k\u00f6nnen sie anwenden, Sananga auf einer t\u00e4glichen basis, aber sie sollten sie mitglied bei unserem protokoll und f\u00fchren sie zu starken absichten zu heilung, um optimale ergebnisse zu tief.<\/p>\n<p>Um eine vorstellung davon zu geben, einen einzigen tropfen Sananga um auge-und die ist ausreichend, eine m\u00e4chtige sitzung der pflege. Es wird immer empfohlen, die verwendung des Sananga, so heilig, in einem gesch\u00fctzten raum.<\/p>\n<p>Es ist nicht eine substanz, die sie einnehmen m\u00fcssen, mit leichtigkeit und unerfahrenheit, denn er arbeitet auf einer tiefen ebene k\u00fcndigte eine m\u00e4chtige &#034;giftstoffe&#034;, die sich kristallisiert, im k\u00f6rper, im geist und in der seele auf subtile weise.<\/p>\n<p>Deshalb ist es entscheidend sein, gefolgt und unterst\u00fctzt von fachkundigen personen in der handhabung und verabreichung. Die wirkung akuter Sananga dauert etwa 10-15 minuten, w\u00e4hrend die wirkung auf der feinstofflichen ebene kann dauern mehrere tage.<\/p>\n<p>Es ist wichtig, die anwendung der tropfen in beide augen, um das gleichgewicht der rechten gehirnh\u00e4lfte, die linke seite des gehirns.<\/p>\n<p>Dies sp\u00fcrt man sofort nach der anwendung ist eine gro\u00dfe brennende augen, als nachdem er von chili.<\/p>\n<p>Nach ein paar momente, die brennen beginnt zu sinken, eine effektive technik, um sie zu verringern das brennen in den augen ist zu bringen die aufmerksamkeit auf den atem, das atmen durch den mund.<\/p>\n<p>Wenn sich das brennen beginnt man zu sp\u00fcren, das l\u00f6schen von bl\u00f6cken, d\u00fcnn, vor allem an der h\u00f6he des dritten auges, verst\u00e4rkt es die sicht, und der k\u00f6rper entspannt sich. Sie haben f\u00fcr die menschen auf den pfad der geistigen wahrnehmung in tiefere ebenen, und viele mentale klarheit.<\/p>\n<h3><strong>Einblicke<\/strong><\/h3>\n<h3>Ein kunde hat mir berichtet, dass sie versucht, augentropfen Sananga. Und sein kommentar war: \u201c...hat Nicht funktioniert. Alles, was ich hatte, war ein schmerz, und nichts anderes, dann hat es nicht funktioniert...&#034;. Dann habe ich ihm erkl\u00e4rt, die auswirkungen von Sananga und die vorteile von schmerzen:<\/h3>\n<p>\u201cHaben schien, funktionierte perfekt. Der schmerz des Sananga erm\u00f6glicht die heilung. Wenn es tut nicht weh, du bekommst dieses prozesses. Der schmerz l\u00e4sst dich radicarti und equilibrarti. Die ersten male kann dazu f\u00fchren, leid und drama, aber wenn du verstehst, was sie daraus machen, k\u00f6nnen sie einen zustand erreichen, zen-und impavidit\u00e0. Und es wird leicht sein. Holen sie sich den schmerz, ohne dramen. Und irgendwann sind sie in der lage zu nehmen Sananga in dem moment, in dem wir denken. Ohne jedes z\u00f6gern, zweifel oder angst vor dem, was kommt. Und dann werfen sie es in die augen, und lassen sie einfach, was geschieht. Gehen sie in den prozess ohne ausdruck. ,, Sei still, atmet, ertr\u00e4gt schmerzen, aber lassen sie sie nicht verursacht verzweiflung . Setz dich gerade, rollt mit den augen nicht zu zeigen, der nichts deinen inneren kampf. Sie k\u00f6nnen kanalisieren alles, was schmerz macht, sofort. Und die vorteile in der folge sind nicht nur die impavidit\u00e0. Dich frei von dem drama, der entz\u00fcndung, schmerz, angst , wut Und wirkt sich positiv auf ihre augen, nimmt schmutz angesammelt, weit vom ziel, und auch von der r\u00fcckseite der augen. Sie haben eine bessere konzentration, sowohl optisch als auch geistig. &#034;Du wirst&#034; die dinge nicht besser werden. Sananga kann, um dich zu einem krieger und 15 minuten nach der erfahrung, die bis in die tage nach, und in einigen f\u00e4llen dauerhaft sein, haben sie die entschlossenheit zu bekommen, was sie wollen und werden sie nicht mehr behindert durch negative emotionen. Wenn du im umgang mit Sananga sie k\u00f6nnen die bew\u00e4ltigung der t\u00e4glichen leben viel besser sein, besonders in situationen, in denen sie herausgefordert, zu fallen in negativen emotionen, dramen, angst oder wut&#034;.<\/p>\n<h3><b>Achtung<\/b><\/h3>\n<h3>Kontaktlinsen m\u00fcssen entfernt werden, bevor sie Sananga.<\/h3>\n<\/div>\n<div id=\"tab_disclaimer\" class=\"panel entry-content\" role=\"tabpanel\" aria-labelledby=\"tab-disclaimer\">\n<p><strong><span style=\"color: #d83131;\">DIE BILDER IN DER BESCHREIBUNG SIND REIN INDIKATIV ZU VERSTEHEN<\/span><\/strong><\/p>\n<p><strong><span style=\"color: #d83131;\">PRODUKTE GARANTIERT KARMARANDO<\/span><\/strong><br \/>\n<strong><span style=\"color: #d83131;\">F\u00fcr produkte, PFLANZEN, WEIHRAUCH UND PRODUKTE IN PULVERFORM ZUR ZEIT nicht protranno durchgef\u00fchrt werden R\u00dcCKSENDUNGEN oder ERSTATTUNGEN<\/span><\/strong><\/p>\n<p>Die <strong>begriffe<\/strong> in den kategorien-und tag-wollen nicht vorschlagen, der medizinischen verwendung und prominenten der produkte, nur besser organisieren, auf der basis ihrer historischen, wissenschaftlichen und gesellschaftlichen.<\/p>\n<p><strong>Die rezepte sind zur verf\u00fcgung gestellt wissenschaftliche<\/strong>: nicht wollen, um die kunden zu ermutigen, sie zu wiederholen, noch nicht einmal consumarne produkte.<\/p>\n<p><strong>Unsere inhalte<\/strong> nicht bewertet wurden von der FDA oder einer beliebigen abbildung professionelle medizinische: die m\u00f6glichen anwendungen, indikationen, dosierungen und hinweise beschrieben, die nur f\u00fcr p\u00e4dagogischen zweck, sind spekulationen pers\u00f6nliche und stellen keine medizinische beratung.<\/p>\n<p><strong>Die produkte verkauft werden<\/strong> wie r\u00e4ucherst\u00e4bchen, Seifen, Harze und material botanische sammlung und material der wissenschaftlichen forschung.<\/p>\n<p><span style=\"color: #ed1c24; font-size: 115%;\"><strong>Nicht zum menschlichen verzehr bestimmt.<br \/>\nDamit sie unsere produkte erwerben, m\u00fcssen sie mindestens 18 jahre alt sein und eignen sich nicht f\u00fcr schwangere und\/oder stillende frauen.<\/strong><\/span><\/p>\n<p>Zu erhalten mehr informationen <strong>KARMARANDO<\/strong> besuch <a href=\"https:\/\/www.instagram.com\/karmarando1\/\" target=\"_blank\" rel=\"noopener\"><br \/>\n<span style=\"color: #0000ff;\"><strong>diese seite<\/strong><\/span><\/a> oder lesen sie die neuesten nachrichten auf <a href=\"https:\/\/karmarando.com\/de\/blog\/\" target=\"_blank\" rel=\"nofollow noopener\"><strong><span style=\"color: #0000ff;\">BLOG<\/span><\/strong><\/a><br \/>\n<\/div><\/div><\/div>","protected":false},"excerpt":{"rendered":"<p>Sananga Root Tabernaemontana Undulata \u2013 verf\u00fcgbar von 5 ml, 10 ml und 15 ml<\/p>","protected":false},"featured_media":3664,"comment_status":"open","ping_status":"closed","template":"","meta":[],"product_brand":[468],"product_cat":[255,256,15,199,257,214],"product_tag":[805],"class_list":{"0":"post-3659","1":"product","2":"type-product","3":"status-publish","4":"has-post-thumbnail","6":"product_brand-karmarando","7":"product_cat-kit-e-promo","8":"product_cat-kit-sets","9":"product_cat-offerte-a-tempo","10":"product_cat-piante-di-potere","11":"product_cat-promo","12":"product_cat-sananga","13":"product_tag-sananga","14":"pa_brand-karmarando","15":"pa_ean-1269","16":"pa_ingredienti-tabernaemontana-undulata","17":"pa_ml-10ml","18":"pa_ml-15ml","19":"pa_ml-5ml","20":"pa_paese-di-fabbricazione-brasile","21":"pa_paese-di-fabbricazione-messico","22":"pa_paese-di-fabbricazione-peru","24":"first","25":"instock","26":"sale","27":"shipping-taxable","28":"purchasable","29":"product-type-variable"},"_links":{"self":[{"href":"https:\/\/karmarando.com\/de\/wp-json\/wp\/v2\/product\/3659","targetHints":{"allow":["GET"]}}],"collection":[{"href":"https:\/\/karmarando.com\/de\/wp-json\/wp\/v2\/product"}],"about":[{"href":"https:\/\/karmarando.com\/de\/wp-json\/wp\/v2\/types\/product"}],"replies":[{"embeddable":true,"href":"https:\/\/karmarando.com\/de\/wp-json\/wp\/v2\/comments?post=3659"}],"wp:featuredmedia":[{"embeddable":true,"href":"https:\/\/karmarando.com\/de\/wp-json\/wp\/v2\/media\/3664"}],"wp:attachment":[{"href":"https:\/\/karmarando.com\/de\/wp-json\/wp\/v2\/media?parent=3659"}],"wp:term":[{"taxonomy":"product_brand","embeddable":true,"href":"https:\/\/karmarando.com\/de\/wp-json\/wp\/v2\/product_brand?post=3659"},{"taxonomy":"product_cat","embeddable":true,"href":"https:\/\/karmarando.com\/de\/wp-json\/wp\/v2\/product_cat?post=3659"},{"taxonomy":"product_tag","embeddable":true,"href":"https:\/\/karmarando.com\/de\/wp-json\/wp\/v2\/product_tag?post=3659"}],"curies":[{"name":"wp","href":"https:\/\/api.w.org\/{rel}","templated":true}]}}