{"id":18642,"date":"2026-05-07T14:01:34","date_gmt":"2026-05-07T12:01:34","guid":{"rendered":"https:\/\/karmarando.com\/senza-categoria\/ambila-forte-organic-ambil-mapacho-con-sale-del-monte-in-pasta\/"},"modified":"2026-05-07T14:01:39","modified_gmt":"2026-05-07T12:01:39","slug":"ambila-forte-organic-ambil-mapacho-con-sale-del-monte-in-pasta","status":"publish","type":"product","link":"https:\/\/karmarando.com\/de\/kit-e-promo\/offerte-a-tempo\/ambila-forte-organic-ambil-mapacho-con-sale-del-monte-in-pasta\/","title":{"rendered":"Ambila Starke Organic Ambil Mapacho mit Salz aus dem Berg \u2013 in den Teig"},"content":{"rendered":"<div class=\"tabbed-content\">\n\t\t\t\n\t\t\t<ul class=\"nav nav-pills nav-uppercase nav-size-small nav-center\" role=\"tablist\"><li id=\"tab-descrizione\" class=\"tab active has-icon\" role=\"presentation\"><a href=\"#tab_descrizione\" role=\"tab\" aria-selected=\"true\" aria-controls=\"tab_descrizione\"><span>Beschreibung<\/span><\/a><\/li>\n<li id=\"tab-propriet\u00e0\" class=\"tab has-icon\" role=\"presentation\"><a href=\"#tab_propriet\u00e0\" tabindex=\"-1\" role=\"tab\" aria-selected=\"false\" aria-controls=\"tab_propriet\u00e0\"><span>Eigenschaften<\/span><\/a><\/li>\n<li id=\"tab-come-si-f\u00e0?\" class=\"tab has-icon\" role=\"presentation\"><a href=\"#tab_come-si-f\u00e0?\" tabindex=\"-1\" role=\"tab\" aria-selected=\"false\" aria-controls=\"tab_come-si-f\u00e0?\"><span>Wie funktioniert es?<\/span><\/a><\/li>\n<li id=\"tab-disclaimer\" class=\"tab has-icon\" role=\"presentation\"><a href=\"#tab_disclaimer\" tabindex=\"-1\" role=\"tab\" aria-selected=\"false\" aria-controls=\"tab_disclaimer\"><span>HAFTUNGSAUSSCHLUSS<\/span><\/a><\/li><\/ul><div class=\"tab-panels\"><div id=\"tab_descrizione\" class=\"panel active entry-content\" role=\"tabpanel\" aria-labelledby=\"tab-descrizione\">\n<h3>Ambila Forte &#8211; Ambil Organica Naturale &#8211; Mapacho con Sale del Monte (Ricetta originale) &#8211; in Pasta<\/h3>\n<p>&gt;Ambil o Ambila<\/p>\n<p>Ambil Forte Ambila Organica Naturale di Mapacho con sali vegetali del monte<\/p>\n<p>L&#8217;ambil ancora oggi viene usata dai popoli dell&#8217;Amazzonia per scopi sacri, per scambiare parole e prendere decisioni di vitale importanza per la comunit\u00e0, non \u00e8 tanto un modello per il processo decisionale, ma un&#8217;etica per il processo decisionale.<\/p>\n<p><strong>Ambil, mapacho Ricetta originale<\/strong><br \/>\nNelle varie culture, offrire ambila \u00e8 un segno di amicizia, rifiutandolo come un segno di ostilit\u00e0. \u00c8 considerata una sostanza sacra che d\u00e0 vita, protezione, socializza e fornisce discernimento morale.<br \/>\nL&#8217;ambil o Ambila in italiano fornisce pensieri \/ emozioni, &#8220;assensi&#8221; f\u00e1 emergere l&#8217;inconscio fissandolo e integrandolo con il nostro conscio.\u00c8 indispensabile prima del Rap\u00e9 come parte integrante dello stesso, per avere un processo pi\u00f9 potente, pi\u00f9 rilassato, e pi\u00f9 proficuo.Le parole strumentali che sentiamo ci consente di esprimerle e farle nostre. Inoltre, l&#8217;ambila risveglia la persona, portandola a uno stato di piena e vigile consapevolezza e sensibilizza il corpo in modo tale da riconoscere la presenza del male minaccioso mediante formicolio di sensazioni alla schiena e la pelle, o attraverso le dita dei piedi.<\/p>\n<p>Lo spirito magico \u00e8 il respiro e la parola fiduciosa che possiede ogni umano, dimostrando il suo valore alla comunit\u00e0. La parola nella lingua uitoto, ambila \u00e8 yera, che significa &#8220;comportamento&#8221; e il suffisso -ra &#8220;sostanza&#8221;, quindi per loro l&#8217;ambila significa &#8220;sostanza di comportamento&#8221;. Il concetto di Yet\u00e1rafue ( ye- &#8216;comportamento&#8217;; -ta- &#8216;make&#8217;; -rafue &#8216;parola&#8217;) Significa &#8220;Parola per comportarsi&#8221; (o &#8220;Parola di disciplina&#8221;) ed \u00e8 la base per prendersi cura della famiglia. E dato il rigore e la disciplina necessari per la preparazione di Ambila e possedere e usare Ambila \u00e8 anche un segno dell&#8217;et\u00e0 adulta di n abitante dell&#8217;amazzonia.<br \/>\n<\/div>\n<div id=\"tab_propriet\u00e0\" class=\"panel entry-content\" role=\"tabpanel\" aria-labelledby=\"tab-propriet\u00e0\">\n<h3><strong>Ambil<\/strong><\/h3>\n<p><strong>RIMEDIO:<\/strong><\/p>\n<p>-Per radicarsi a terra<br \/>\n-Per centratura<br \/>\n-Silenziare i pensieri Negativi<br \/>\n-Per smettere con il vizio del Fumo\/Tabagismo<br \/>\n-Ottimo prima del Rap\u00e9 (Guarda nel nostro negozio! troverai tante variet\u00e0! Con qualit\u00e0 prezzo!)<br \/>\n-Ottima assieme al Mamb\u00e8 (Disponibile nel Nostro negozio a un prezzo speciale!)<\/p>\n<p><strong>Dosi e Modalit\u00e0<\/strong><br \/>\nmettere incollato nei denti davanti (quelli sotto) una pallina grande come un pisello o pi\u00f9 grande<\/p>\n<p>Lasciare assorbire naturalmente con la saliva, mandando giu ogni tanto con occhi chiusi e presenza mentre si effettuano respiri profondi<\/p>\n<p>IL respiro migliore da fare \u00e8 x4 (prendi fiato in 4 secondi, trattieni per 4 secondi, lascia il fiato in 4 secondi e trattieni per 4 secondi, e riprendi di nuovo il respiro per 4 secondi e cosi via.<br \/>\n<\/div>\n<div id=\"tab_come-si-f\u00e0?\" class=\"panel entry-content\" role=\"tabpanel\" aria-labelledby=\"tab-come-si-f\u00e0?\">\n<strong>Ambila e Mamb\u00e8 sono ottimi da fare assieme<\/strong> sono una medicina per il corpo, che aiuta a espellere muco e parassiti dai seni frontali e paranasali. Elimina mal di testa, naso chiuso, e vertigini, poich\u00e9 decomprime la pressione del cranio. \u00c8 anche un&#8217;eccellente guaritivo influenzale, e antibiotico naturale e cicatrizzante delle ferite, in particolare a quelle che contengono salvia e lavanda.Inoltre sincronizza, allinea, l&#8217;attenzione e amplifica la percezione, aprendo canali astrali, crando transizione nel rituale. \u00c8 anche una medicina per la visione dello spirito, che ci aiuta a liberare la mente e a fermare il dialogo interiore, ad essere veramente presenti per poter vedere oltre le nostre interpretazioni.<\/p>\n<p>Questa pianta viene anche utilizzata come strumento per promuovere conversazioni produttive tra i membri della comunit\u00e0 e per prendere decisioni che influiscono sul benessere degli altri.<br \/>\nQueste tradizioni che ci collegano gli uni agli altri e alla terra sono ci\u00f2 che gli abuelos, i taitas, i curanderos e gli sciamani della Colombia e del Sud America considerano piante maestre, insieme all&#8217;Ayahuasca (Yag\u00e9). Se usate intenzionalmente, queste piante ci connettono con il regno spirituale, aprono uno spazio per l&#8217;autoriflessione nelle nostre vite e guariscono.<\/p>\n<\/div>\n<div id=\"tab_disclaimer\" class=\"panel entry-content\" role=\"tabpanel\" aria-labelledby=\"tab-disclaimer\">\n<p><strong><span style=\"color: #d83131;\">DIE BILDER IN DER BESCHREIBUNG SIND REIN INDIKATIV ZU VERSTEHEN<\/span><\/strong><\/p>\n<p><strong><span style=\"color: #d83131;\">PRODUKTE GARANTIERT KARMARANDO<\/span><\/strong><br \/>\n<strong><span style=\"color: #d83131;\">F\u00fcr produkte, PFLANZEN, WEIHRAUCH UND PRODUKTE IN PULVERFORM ZUR ZEIT nicht protranno durchgef\u00fchrt werden R\u00dcCKSENDUNGEN oder ERSTATTUNGEN<\/span><\/strong><\/p>\n<p>Die <strong>begriffe<\/strong> in den kategorien-und tag-wollen nicht vorschlagen, der medizinischen verwendung und prominenten der produkte, nur besser organisieren, auf der basis ihrer historischen, wissenschaftlichen und gesellschaftlichen.<\/p>\n<p><strong>Die rezepte sind zur verf\u00fcgung gestellt wissenschaftliche<\/strong>: nicht wollen, um die kunden zu ermutigen, sie zu wiederholen, noch nicht einmal consumarne produkte.<\/p>\n<p><strong>Unsere inhalte<\/strong> nicht bewertet wurden von der FDA oder einer beliebigen abbildung professionelle medizinische: die m\u00f6glichen anwendungen, indikationen, dosierungen und hinweise beschrieben, die nur f\u00fcr p\u00e4dagogischen zweck, sind spekulationen pers\u00f6nliche und stellen keine medizinische beratung.<\/p>\n<p><strong>Die produkte verkauft werden<\/strong> wie r\u00e4ucherst\u00e4bchen, Seifen, Harze und material botanische sammlung und material der wissenschaftlichen forschung.<\/p>\n<p><span style=\"color: #ed1c24; font-size: 115%;\"><strong>Nicht zum menschlichen verzehr bestimmt.<br \/>\nDamit sie unsere produkte erwerben, m\u00fcssen sie mindestens 18 jahre alt sein und eignen sich nicht f\u00fcr schwangere und\/oder stillende frauen.<\/strong><\/span><\/p>\n<p>Zu erhalten mehr informationen <strong>KARMARANDO<\/strong> besuch <a href=\"https:\/\/www.instagram.com\/karmarando1\/\" target=\"_blank\" rel=\"noopener\"><br \/>\n<span style=\"color: #0000ff;\"><strong>diese seite<\/strong><\/span><\/a> oder lesen sie die neuesten nachrichten auf <a href=\"https:\/\/karmarando.com\/de\/blog\/\" target=\"_blank\" rel=\"nofollow noopener\"><strong><span style=\"color: #0000ff;\">BLOG<\/span><\/strong><\/a><\/p>\n<\/div><\/div><\/div>","protected":false},"excerpt":{"rendered":"","protected":false},"featured_media":0,"comment_status":"closed","ping_status":"open","template":"","meta":[],"product_brand":[],"product_cat":[15],"product_tag":[81,82],"class_list":{"0":"post-18642","1":"product","2":"type-product","3":"status-publish","5":"product_cat-offerte-a-tempo","6":"product_tag-ambil","7":"product_tag-ambila","9":"first","10":"instock","11":"product-type-simple"},"_links":{"self":[{"href":"https:\/\/karmarando.com\/de\/wp-json\/wp\/v2\/product\/18642","targetHints":{"allow":["GET"]}}],"collection":[{"href":"https:\/\/karmarando.com\/de\/wp-json\/wp\/v2\/product"}],"about":[{"href":"https:\/\/karmarando.com\/de\/wp-json\/wp\/v2\/types\/product"}],"replies":[{"embeddable":true,"href":"https:\/\/karmarando.com\/de\/wp-json\/wp\/v2\/comments?post=18642"}],"wp:attachment":[{"href":"https:\/\/karmarando.com\/de\/wp-json\/wp\/v2\/media?parent=18642"}],"wp:term":[{"taxonomy":"product_brand","embeddable":true,"href":"https:\/\/karmarando.com\/de\/wp-json\/wp\/v2\/product_brand?post=18642"},{"taxonomy":"product_cat","embeddable":true,"href":"https:\/\/karmarando.com\/de\/wp-json\/wp\/v2\/product_cat?post=18642"},{"taxonomy":"product_tag","embeddable":true,"href":"https:\/\/karmarando.com\/de\/wp-json\/wp\/v2\/product_tag?post=18642"}],"curies":[{"name":"wp","href":"https:\/\/api.w.org\/{rel}","templated":true}]}}