{"id":18641,"date":"2026-05-07T14:01:34","date_gmt":"2026-05-07T12:01:34","guid":{"rendered":"https:\/\/karmarando.com\/senza-categoria\/mambe-ypadu-pronto-alivio-organico-100-stile-peruviano\/"},"modified":"2026-05-07T14:01:38","modified_gmt":"2026-05-07T12:01:38","slug":"mambe-ypadu-pronto-alivio-organico-100-stile-peruviano","status":"publish","type":"product","link":"https:\/\/karmarando.com\/de\/kit-e-promo\/offerte-a-tempo\/mambe-ypadu-pronto-alivio-organico-100-stile-peruviano\/","title":{"rendered":"Mambe Ypadu Bereit Punta Organischen 100% \u2013 Peruanischen Stil"},"content":{"rendered":"<div class=\"tabbed-content\">\n\t\t\t\n\t\t\t<ul class=\"nav nav-pills nav-uppercase nav-size-small nav-center\" role=\"tablist\"><li id=\"tab-descrizione\" class=\"tab active has-icon\" role=\"presentation\"><a href=\"#tab_descrizione\" role=\"tab\" aria-selected=\"true\" aria-controls=\"tab_descrizione\"><span>Beschreibung<\/span><\/a><\/li>\n<li id=\"tab-propriet\u00e0\" class=\"tab has-icon\" role=\"presentation\"><a href=\"#tab_propriet\u00e0\" tabindex=\"-1\" role=\"tab\" aria-selected=\"false\" aria-controls=\"tab_propriet\u00e0\"><span>Eigenschaften<\/span><\/a><\/li>\n<li id=\"tab-come-si-f\u00e0?\" class=\"tab has-icon\" role=\"presentation\"><a href=\"#tab_come-si-f\u00e0?\" tabindex=\"-1\" role=\"tab\" aria-selected=\"false\" aria-controls=\"tab_come-si-f\u00e0?\"><span>Wie funktioniert es?<\/span><\/a><\/li>\n<li id=\"tab-disclaimer\" class=\"tab has-icon\" role=\"presentation\"><a href=\"#tab_disclaimer\" tabindex=\"-1\" role=\"tab\" aria-selected=\"false\" aria-controls=\"tab_disclaimer\"><span>HAFTUNGSAUSSCHLUSS<\/span><\/a><\/li><\/ul><div class=\"tab-panels\"><div id=\"tab_descrizione\" class=\"panel active entry-content\" role=\"tabpanel\" aria-labelledby=\"tab-descrizione\">\n<h3><strong>MAMBE ODER YPADU Powder Stil Peruanische<br \/>\n<\/strong><\/h3>\n<p>Stil Peruanische dauert mehr in den mund, und schmilzt langsamer, und etwas mehr licht von meisste kolumbianischen aber persistent<\/p>\n<p><strong>MAMB\u00c9 ODER YPADU&#039; Ypadu<\/strong> ist ein pulver, das durch r\u00f6sten und r\u00f6sten langsam den frischen bl\u00e4ttern gerade geerntet, gemahlen und dann gemischt, bis der asche der bl\u00e4tter des baumes Cecropia Peltata oder (Cecropiatra anderen sorten) als zusatz alkalisch.<\/p>\n<p><strong>Mamb\u00e8 Bereit<\/strong> <strong>Punta Bio-Bio, Nat\u00fcrliche<\/strong> 100% con il suo caratteristico sapore affumicato, \u00e8 ricco di Alcaloidi oltre a principi attivi e a sali Minerali e Vitamine ma soprattutto con delle propriet\u00e0 magiche e sacre cerimoniali. <strong>Sie geh zu unterscheiden von tee, f\u00fcr seinen geschmack rauchig<\/strong>. Der tee kostet auch weniger, als mambe wird gearbeitet alchemicamente und mehr spezifische (Weiter lesen)<\/p>\n<p><strong>MAMB\u00c9 BEREIT PUNTA <\/strong>Wunderbares heilmittel schamanen stammt von der wildnis des amazonas von kolumbien, wo der schamanen bereiten ihn sorgf\u00e4ltig und mit liebe. Wir sind froh, gemeinsam mit ihnen die vorteile dieses hervorragenden heilmittel, die sie mit sich bringt, die tausendj\u00e4hrigen weisheit der v\u00f6lker, die sie vorbereiten, mit der gleichen sorgfalt und den gleichen gesten von immer. DAS Mambe ist ein heilmittel sehr beliebt in der amazonas-wald ist reich an vitaminen und mineralstoffen, und seine analgetischen eigenschaften und stoffwechsel, erm\u00f6glichen sie ihm den namen: Bereit Punta (soforthilfe).<\/p>\n<p>Es ist auch ein gro\u00dfer begleiter der menstruationszyklen, in denen in der regel frauen f\u00fchlen sich schmerzen, und in vielen f\u00e4llen ernsthaft unertr\u00e4glich. In diesen situationen gibt es nichts besseres, als gleichgewicht in unserem organismus, mit einem heilmittel v\u00f6llig nat\u00fcrlich und effektiv.Seine eigenschaften vornehmen k\u00f6nnen, die viele vorteile in anderen bereichen des k\u00f6rpers, und nicht nur, da sie zu benutzen, den k\u00f6rper damit st\u00e4rkt, f\u00f6rdert kraft und energie. V\u00f6llig blatt -, boden -, als weiblichen pflanze eine verbindung vom bauch mit unserem weiblichen teil, energetisch, darf es tr\u00e4gt zu einer fl\u00fcssigkeit und einer konzentration von minuten.<\/p>\n<h3>Si usa quando si devono condividere esperienze o comprensioni, Stanchezza o Dolori, Stimola e ravviva le energie, incluso quelle corporee.<\/h3>\n<p><strong>La C*** (ipadu C*** \u00e8 preparato nel modo seguente:<\/strong><sup id=\"cite_ref-13\" class=\"reference separada\"><\/sup><\/p>\n<ul>\n<li><strong>R\u00f6stung :<\/strong> die bl\u00e4tter reif sind gebraten\/Gegrillt, die traditionell in einem terrakotta-topf<\/li>\n<li><strong>Zerkleinern\/Pestatura<\/strong>: die bl\u00e4tter, Ger\u00f6stet werden zersto\u00dfen mit einem M\u00f6rser<\/li>\n<li><strong>Vorbereitung der asche :<\/strong> Sie verbrennen langsam, die bl\u00e4tter yarumo und Cecropia, in Kolumbien, in Peru, ist dieser baum bekannt als cetico und in Brasilien als emba\u00faba ) oder die stiele von quinoa .<\/li>\n<li><strong>Mischen :<\/strong> Die bl\u00e4tter werden gemischt und 10% asche.<\/li>\n<li><strong>Dreschen oi Sieben :<\/strong> werden gesiebt mehrmals, bis sie ein feines pulver, schmilzt einfach im mund.<\/li>\n<\/ul>\n<p>Per utilizzare la C*** (ipadu, verde, polvere di C*** (ipadu \u00e8 collocato nella guancia, mescolando con la saliva e andando sciogliendosi con il suo sapore affumicato. <sup id=\"cite_ref-16\" class=\"reference separada\"><\/sup><\/p>\n<p><strong> La foto \u00e8 rappresentativa e Il colore del mambe pu\u00f2 variare ad ogni nuova fornitura, ma sar\u00e0 molto evidente sempre la primissima qualit\u00e0 dello stesso. <\/strong><\/p>\n<p><strong> Die feinheit des mambe ist optimal f\u00fcr halten seine qualit\u00e4ten, und wenn sie ein produkt, um es auch ohne spezielle anfrage. <\/strong><\/p>\n<\/div>\n<div id=\"tab_propriet\u00e0\" class=\"panel entry-content\" role=\"tabpanel\" aria-labelledby=\"tab-propriet\u00e0\">\n<h3><strong>SEINE EIGENSCHAFTEN:<\/strong><\/h3>\n<ul>\n<li>Abhilfe und Linderung von schmerzen in den gelenken und\/oder muskeln.<\/li>\n<li>H\u00f6here festigkeit sichtbar<\/li>\n<li>Behebt ein problem, mangelern\u00e4hrung und\/oder assimilation und m\u00e4ngel<\/li>\n<li>St\u00e4rkt und regeneriert knochen und andere teile der knochen des k\u00f6rpers in relativ kurzer zeit.<\/li>\n<li>Reinigt die harn-kanal<\/li>\n<li>Verbessert die moral und lust<\/li>\n<li>Verbessert die verdauung im allgemeinen.<\/li>\n<li>Regel die triglyceride und das cholesterin.<\/li>\n<li>Spendet viel schwung und Energie<\/li>\n<\/ul>\n<\/div>\n<div id=\"tab_come-si-f\u00e0?\" class=\"panel entry-content\" role=\"tabpanel\" aria-labelledby=\"tab-come-si-f\u00e0?\">\n<h3><strong>WIE UND MIT WELCHEN MENGEN VERBRAUCHT:<\/strong><\/h3>\n<p>Die <strong>Mambe<\/strong> si consuma versando uno o due cucchiai nella gengiva sinistra (guarda il video) inclinando la testa indietro e prendendo la mandibola per tenerla aperta e mantenendolo fermo li con la saliva si forma una pallina iniziando un processo di salivazione per ottenere una pasta gommosa che lo render\u00e0 adatto a rilasciare facilmente le sostanze le propriet\u00e0 benefiche contenute nel mambe;\u00e8 molto polveroso quindi messo nella gengiva bisogna chiudere la bocca tenendo la gengiva delicatamente, e impregnare di saliva il bolo.. e Tenrlo di lato fino che si sentir\u00e0 il suo caratteristico Effetto ( a volte bastano 5 min a volte il rilascio \u00e8 piu lento e occorrono 10 min) continuare fino che la pallina creata sara possibile masticarla, con molto rispetto.Si consiglia (anche se non \u00e8 obbligatorio) assumerlo con Ambil che trovate nel negozio. IL suo consumo \u00e8 particolarmente sociale perch\u00e9 si dice che <strong>Mambe<\/strong> es bedeutet, das wort des lebens, <strong>Ambil<\/strong> der gedanke, in dem sich die macht des wortes.Mit <strong>Ambil<\/strong> in den z\u00e4hnen vor, die intern und der <strong>Mambe<\/strong> in das zahnfleisch der linken seite ist alles ausgebaut au\u00dfer, dass die ambil werden mehr einfach deglutirla.<\/p>\n<h3><strong>Eigenschaften:<\/strong><\/h3>\n<p>Fornisce propriet\u00e0 nutritive come potassio, ferro, calcio, fosforo, proteine, vitamine A, B1, B2, C ed E, \u00e8 povero di grassi, ha livelli di calcio pi\u00f9 elevati del latte vaccino e la stessa proporzione di fosforo del pesce, ma anche cos\u00ec non \u00e8 considerato un integratore alimentare, si consiglia di consumarlo dopo aver mangiato qualche tipo di alimento per funzionare come un sistema digestivo. Inibisce la sonnolenza, la fame, dona lucidit\u00e0 mentale, migliora l&#8217;attivit\u00e0 sensoriale e neuronale, la concentrazione e la comunicazione, aumenta l&#8217;ossigenazione cellulare, ha funzioni metaboliche per accelerare la trasmissione dei componenti alimentari nel sangue, regola il pressione sanguigna, rinforza il sistema nervoso e muscolare, elimina stanchezza e affaticamento, protegge le cellule dall&#8217;invecchiamento, fornisce una maggiore tolleranza al freddo, \u00e8 teRap\u00e9utico ed energetico.<\/p>\n<p>Non genera dipendenza. \u00c9 uno stimolante benevolo, il suo effetto difficilmente produce insonnia e tachicardia associate al consumo di caff\u00e8 o effetti tossici associate alla ina. Gli indigeni amazzonici lo usano per il lavoro fisico, la comunicazione, le attivit\u00e0 cerimoniali, curative e religiose. Per le donne indigene, \u00e8 importante tenere conto del contesto in cui la C*** viene consumata perch\u00e9 \u00e8 sacra e le foglie per farla sono sacre e benefiche. Il suo consumo \u00e8 associato a stili di vita e una filosofia profonda. In altre parole, \u00e8 una pratica culturale che si esercita con totale libert\u00e0 e autonomia.<\/p>\n<h3><strong>Ogni 100 g di Mambe sono contenuti:<\/strong><\/h3>\n<ul>\n<li>Beta carotene 9, 40 mg<\/li>\n<li>Azoto totale 20, 06 mg<\/li>\n<li>Grassi Buoni 3, 68 mg<\/li>\n<li>Carboidrati 47, 50 mg<\/li>\n<li>Alfa-carotene 2, 76 mg<\/li>\n<li>Vitamina C 6, 47 mg<\/li>\n<li>Vitamina E 40, 17 mg<\/li>\n<li>Tiamina (vitamina B1) 0, 73 mg<\/li>\n<li>Riboflavina (vitamina B2) 0, 88 mg<\/li>\n<li>Niacina (fattore p.p) 8, 37 mg<\/li>\n<li>Calcio 997, 62 mg<\/li>\n<li>Fosfato 412, 67 mg<\/li>\n<li>Potassio 1.739, 33 mg<\/li>\n<li>Magnesio 299, 30 mg<\/li>\n<li>Sodio 39, 41 mg<\/li>\n<li>Alluminio 17, 39 mg<\/li>\n<li>Bario 6, 18 mg<\/li>\n<li>Ferro 136, 64 mg<\/li>\n<li>Stronzio 12, 02 mg<\/li>\n<li>Boro 6, 75 mg<\/li>\n<li>Rame 1, 22 mg<\/li>\n<li>Zinco 2, 21 mg<\/li>\n<li>Manganese 9, 15 mg<\/li>\n<li>Cromo 0, 12 mg<\/li>\n<\/ul>\n<\/div>\n<div id=\"tab_disclaimer\" class=\"panel entry-content\" role=\"tabpanel\" aria-labelledby=\"tab-disclaimer\">\n<p><strong><span style=\"color: #d83131;\">DIE BILDER IN DER BESCHREIBUNG SIND REIN INDIKATIV ZU VERSTEHEN<\/span><\/strong><\/p>\n<p><strong><span style=\"color: #d83131;\">PRODUKTE GARANTIERT KARMARANDO<\/span><\/strong><br \/>\n<strong><span style=\"color: #d83131;\">F\u00fcr produkte, PFLANZEN, WEIHRAUCH UND PRODUKTE IN PULVERFORM ZUR ZEIT nicht protranno durchgef\u00fchrt werden R\u00dcCKSENDUNGEN oder ERSTATTUNGEN<\/span><\/strong><\/p>\n<p>Die <strong>begriffe<\/strong> in den kategorien-und tag-wollen nicht vorschlagen, der medizinischen verwendung und prominenten der produkte, nur besser organisieren, auf der basis ihrer historischen, wissenschaftlichen und gesellschaftlichen.<\/p>\n<p><strong>Die rezepte sind zur verf\u00fcgung gestellt wissenschaftliche<\/strong>: nicht wollen, um die kunden zu ermutigen, sie zu wiederholen, noch nicht einmal consumarne produkte.<\/p>\n<p><strong>Unsere inhalte<\/strong> nicht bewertet wurden von der FDA oder einer beliebigen abbildung professionelle medizinische: die m\u00f6glichen anwendungen, indikationen, dosierungen und hinweise beschrieben, die nur f\u00fcr p\u00e4dagogischen zweck, sind spekulationen pers\u00f6nliche und stellen keine medizinische beratung.<\/p>\n<p><strong>Die produkte verkauft werden<\/strong> wie r\u00e4ucherst\u00e4bchen, Seifen, Harze und material botanische sammlung und material der wissenschaftlichen forschung.<\/p>\n<p><span style=\"color: #ed1c24; font-size: 115%;\"><strong>Nicht zum menschlichen verzehr bestimmt.<br \/>\nDamit sie unsere produkte erwerben, m\u00fcssen sie mindestens 18 jahre alt sein und eignen sich nicht f\u00fcr schwangere und\/oder stillende frauen.<\/strong><\/span><\/p>\n<p>Zu erhalten mehr informationen <strong>KARMARANDO<\/strong> besuch <a href=\"https:\/\/www.instagram.com\/karmarando1\/\" target=\"_blank\" rel=\"noopener\"><br \/>\n<span style=\"color: #0000ff;\"><strong>diese seite<\/strong><\/span><\/a> oder lesen sie die neuesten nachrichten auf <a href=\"https:\/\/karmarando.com\/de\/blog\/\" target=\"_blank\" rel=\"nofollow noopener\"><strong><span style=\"color: #0000ff;\">BLOG<\/span><\/strong><\/a><\/p>\n<\/div><\/div><\/div>","protected":false},"excerpt":{"rendered":"","protected":false},"featured_media":0,"comment_status":"closed","ping_status":"open","template":"","meta":[],"product_brand":[],"product_cat":[15],"product_tag":[473],"class_list":{"0":"post-18641","1":"product","2":"type-product","3":"status-publish","5":"product_cat-offerte-a-tempo","6":"product_tag-mambe","8":"first","9":"instock","10":"product-type-simple"},"_links":{"self":[{"href":"https:\/\/karmarando.com\/de\/wp-json\/wp\/v2\/product\/18641","targetHints":{"allow":["GET"]}}],"collection":[{"href":"https:\/\/karmarando.com\/de\/wp-json\/wp\/v2\/product"}],"about":[{"href":"https:\/\/karmarando.com\/de\/wp-json\/wp\/v2\/types\/product"}],"replies":[{"embeddable":true,"href":"https:\/\/karmarando.com\/de\/wp-json\/wp\/v2\/comments?post=18641"}],"wp:attachment":[{"href":"https:\/\/karmarando.com\/de\/wp-json\/wp\/v2\/media?parent=18641"}],"wp:term":[{"taxonomy":"product_brand","embeddable":true,"href":"https:\/\/karmarando.com\/de\/wp-json\/wp\/v2\/product_brand?post=18641"},{"taxonomy":"product_cat","embeddable":true,"href":"https:\/\/karmarando.com\/de\/wp-json\/wp\/v2\/product_cat?post=18641"},{"taxonomy":"product_tag","embeddable":true,"href":"https:\/\/karmarando.com\/de\/wp-json\/wp\/v2\/product_tag?post=18641"}],"curies":[{"name":"wp","href":"https:\/\/api.w.org\/{rel}","templated":true}]}}