{"id":10697,"date":"2023-07-20T12:55:01","date_gmt":"2023-07-20T10:55:01","guid":{"rendered":"https:\/\/www.karmarando.com\/?post_type=product&#038;p=10697"},"modified":"2025-12-04T13:51:15","modified_gmt":"2025-12-04T12:51:15","slug":"rape-lavanda-tranquillante-serenita-e-purezza-copia","status":"publish","type":"product","link":"https:\/\/karmarando.com\/de\/cat-rape\/rape-brasiliano\/rape-aromatico\/rape-lavanda-tranquillante-serenita-e-purezza-copia\/","title":{"rendered":"Rap\u00e9 Lavendel \u2013 Beruhigend, Gelassenheit und Reinheit"},"content":{"rendered":"<div class=\"tabbed-content\">\n\t\t\t\n\t\t\t<ul class=\"nav nav-pills nav-uppercase nav-size-small nav-center\" role=\"tablist\"><li id=\"tab-descrizione\" class=\"tab active has-icon\" role=\"presentation\"><a href=\"#tab_descrizione\" role=\"tab\" aria-selected=\"true\" aria-controls=\"tab_descrizione\"><span>Beschreibung<\/span><\/a><\/li>\n<li id=\"tab-composizione\" class=\"tab has-icon\" role=\"presentation\"><a href=\"#tab_composizione\" tabindex=\"-1\" role=\"tab\" aria-selected=\"false\" aria-controls=\"tab_composizione\"><span>Zusammensetzung<\/span><\/a><\/li>\n<li id=\"tab-propriet\u00e0\" class=\"tab has-icon\" role=\"presentation\"><a href=\"#tab_propriet\u00e0\" tabindex=\"-1\" role=\"tab\" aria-selected=\"false\" aria-controls=\"tab_propriet\u00e0\"><span>Eigenschaften<\/span><\/a><\/li>\n<li id=\"tab-come-si-f\u00e0-?\" class=\"tab has-icon\" role=\"presentation\"><a href=\"#tab_come-si-f\u00e0-?\" tabindex=\"-1\" role=\"tab\" aria-selected=\"false\" aria-controls=\"tab_come-si-f\u00e0-?\"><span>Wie funktioniert es ?<\/span><\/a><\/li>\n<li id=\"tab-dosaggio\" class=\"tab has-icon\" role=\"presentation\"><a href=\"#tab_dosaggio\" tabindex=\"-1\" role=\"tab\" aria-selected=\"false\" aria-controls=\"tab_dosaggio\"><span>Dosierung<\/span><\/a><\/li>\n<li id=\"tab-come-viene-fatto-il-rap\u00e9\" class=\"tab has-icon\" role=\"presentation\"><a href=\"#tab_come-viene-fatto-il-rap\u00e9\" tabindex=\"-1\" role=\"tab\" aria-selected=\"false\" aria-controls=\"tab_come-viene-fatto-il-rap\u00e9\"><span>Wie Das Rap\u00e9<\/span><\/a><\/li>\n<li id=\"tab-cos'\u00e8-il-rap\u00e9\" class=\"tab has-icon\" role=\"presentation\"><a href=\"#tab_cos'\u00e8-il-rap\u00e9\" tabindex=\"-1\" role=\"tab\" aria-selected=\"false\" aria-controls=\"tab_cos'\u00e8-il-rap\u00e9\"><span>Was ist Rap\u00e9<\/span><\/a><\/li>\n<li id=\"tab-storia\" class=\"tab has-icon\" role=\"presentation\"><a href=\"#tab_storia\" tabindex=\"-1\" role=\"tab\" aria-selected=\"false\" aria-controls=\"tab_storia\"><span>Geschichte<\/span><\/a><\/li>\n<li id=\"tab-disclaimer\" class=\"tab has-icon\" role=\"presentation\"><a href=\"#tab_disclaimer\" tabindex=\"-1\" role=\"tab\" aria-selected=\"false\" aria-controls=\"tab_disclaimer\"><span>HAFTUNGSAUSSCHLUSS<\/span><\/a><\/li><\/ul><div class=\"tab-panels\"><div id=\"tab_descrizione\" class=\"panel active entry-content\" role=\"tabpanel\" aria-labelledby=\"tab-descrizione\">\n<h3><strong>Rap\u00e9 Lavendel \u2013 Beruhigend, Gelassenheit und Reinheit<\/strong><\/h3>\n<p><strong>Forza Rap\u00e9:<\/strong> Medio Forte Aromatico Cerimoniale Calmante <strong>Chakra:<\/strong> corona &#8211; Cuore + Gola <b>Nome Sciantifico: <\/b>Lavandula angustifolia Miller, Lavanda officinalis Chaix, Lavanda vera DC <strong>Famiglia: <\/strong>Lamiaceae <strong>Sottofamiglia: <\/strong>Ocimeae <b>Beliebte namen<\/b> : Lavanda, Lavandula, echter lavandel, espigolina, lavande, lavanda vera, Spigo, fior di spigo, Spicae flowers, Spina cardo, spiga, Nardo, Ipsigula, Saponella. <strong>Benefici e Trattamento Rap\u00e9 Lavanda<\/strong>: Come la pianta Lavanda di cui \u00e8 composto, risalta tutti i suoi benefici conosciuti in tempi antichissimi soprattutto in brasile, Grecia e Roma, conosciuta da sempre come medicamentosa, Potente Antisettica, Spasmodica, Calmante, Tranquillante, Purificante, Ansiolitica, Antimicrobica, insonnia, mal di testa, crampi mestruali, ipertensione, ansia, Stress, e problemi emotivi. <\/div>\n<div id=\"tab_composizione\" class=\"panel entry-content\" role=\"tabpanel\" aria-labelledby=\"tab-composizione\"> <strong>Rap\u00e9 Lavanda<\/strong> <strong>Ingredienti principali : <\/strong>Mapacho + Ceneri di Lavanda. <strong>IL Rap\u00e9 Lavanda<\/strong> come tutti i nostri Rap\u00e9 sono Polvere Potenti Che Libera Il Cervello Da Carichi E Blocchi, da paura e vergogna, donando energia, presenza, concentrazione e centratura, espande coscienza e apre il cuore, portando intuiti profondi sul da farsi, attraendo abbondanza e felicit\u00e0 e realizzazione..Rap\u00e9 <b>Alle unsere Rap\u00e9<\/b> sono realizzati con ceneri della corteccia dell&#8217;albero o della intera pianta da cui prendono i nomi i rap\u00e8 o isnieme di piu alberi o piante ed erbe disidratate in polvere e biologiche. Tutte le alchimie sono fatte con molto amore, rispetto e fede. <\/div>\n<div id=\"tab_propriet\u00e0\" class=\"panel entry-content\" role=\"tabpanel\" aria-labelledby=\"tab-propriet\u00e0\"> <strong>Specifiche del Rap\u00e9 Lavanda<\/strong> <b>Vorteile und Behandlung: <\/b>Potente Antisettica, Spasmodica, Calmante, Tranquillante, Purificante, Ansiolitica, Antimicrobica, insonnia, mal di testa, crampi mestruali, ipertensione, ansia, Stress, e problemi emotivi.<\/p>\n<h3><b>Grundlegende eigenschaften haben alle Unsere Rap\u00e9<\/b><\/h3>\n<ul>\n<li>Es hilft, den kopf frei zu kriegen und stoppen sie den inneren dialog<\/li>\n<li>Hilft zu beseitigen schleim und parasiten der br\u00fcste vorderen nebenh\u00f6hlen verschlossen sind und nasenschleimhaut<\/li>\n<li>Auf den wunden angewendet funktionen hat, wundheilenden und antibiotische<\/li>\n<li>Asthma<\/li>\n<li>Lungenentz\u00fcndung<\/li>\n<li>Ruhe<\/li>\n<li>Zentrierung<\/li>\n<li>K\u00f6nnen sie anwesend sein, um erfolgreich zu schauen, \u00fcber die eigenen interpretationen<\/li>\n<li>Entpackt den druck des sch\u00e4dels<\/li>\n<li>Reinigt, sortiert und gleicht die energiefelder, vor allem, chakras, des dritten auges und des kopfes steigt und f\u00e4llt aus, die durch die wirbels\u00e4ule<\/li>\n<li>Es ist auch ein starkes analgetikum f\u00fcr schmerzen im kopf und am k\u00f6rper<\/li>\n<li>Es ist auch sehr wirksam bei der behandlung von problemen der atmungs-und verdauungs -<\/li>\n<li>Sehr m\u00e4chtig ist auch in der behandlung des verdauungstraktes<\/li>\n<li>Sie ist beruhigend und fiebersenkend<\/li>\n<li>Mittel, um die sichtbarkeit des geistes<\/li>\n<li>L\u00f6schen sie die \u00fcbersch\u00fcssige schleim angesammelt<\/li>\n<li>L\u00f6schen kopfschmerzen, schl\u00e4frigkeit, benommenheit<\/li>\n<li>Energetisch heilen-direkte \u00e4ngste, \u00e4ngste und andere energien im zusammenhang mit dem solarplexus: wenn die ursache f\u00fcr erbrechen ist, weil die person steht, indem dichten energien angesammelt haben.<\/li>\n<li>Spirituelle Entwicklung<\/li>\n<li>F\u00f6rdert die bewegung peristaltischer darm<\/li>\n<li>Viele menschen pflegen ihre sinusitis und rhinitis mit dieser macht immune auch von den krankheiten des atmungssystems<\/li>\n<li>Frieden<\/li>\n<li>Erm\u00f6glicht zu verstehen, was ist die meditation im bewussten ebene<\/li>\n<li>Und so erreichen sie einen zustand der meditation sehr tief<\/li>\n<li>Reinigt alle schmutz angesammelt seit jahren, dass es aufgrund von problemen wie sinusitis und migr\u00e4ne<\/li>\n<li>Reinigung Der Chakren<\/li>\n<li>Verankerung<\/li>\n<li>Entspannung<\/li>\n<li>Absatzm\u00e4rkte Energie<\/li>\n<\/ul>\n<p>Medicina di potere, che connette all\u2019energia di Youshibu (Dio della Creazione). Funziona sia nella guarigione spirituale che fisica. Dovrebbe essere utilizzato solo per questi scopi, in modo appropriato in un ambiente Sereno e tranquillo e preparato. <\/div>\n<div id=\"tab_come-si-f\u00e0-?\" class=\"panel entry-content\" role=\"tabpanel\" aria-labelledby=\"tab-come-si-f\u00e0-?\">\n<h3><b>Wie wirkt sich das Rap\u00e9 ?<\/b><\/h3>\n<p>Mit<a href=\"https:\/\/karmarando.com\/de\/kuripe\/\" target=\"_blank\" rel=\"noopener\"><strong> Kuripe<\/strong><\/a> was ist eine gabel V, dies selbst zu tun oder mit<a href=\"https:\/\/karmarando.com\/de\/tepi\/\" target=\"_blank\" rel=\"noopener\"><strong> Tepi<\/strong> <\/a>per farselo fare da qualcuno che pur rimanendo neutro riesce a darci maggiore beneficio nella ricezione. E&#8217; molto importante che la persona sia preparata a ricevere lo spirito della foresta attraverso il Rap\u00e9. \u00c8 necessario avere un corpo pulito, in un ambiente favorevole e soprattutto con lo scopo di consacrare questa medicina sacra. <strong>Anwenden Rap\u00e8<\/strong>, \u00e8 possibile sia da Soli che con un compagno: Da soli si usa il Kuripe, con un compagno si Usa Il Tepi, in questo caso, chi applicher\u00e0 con il Tepi, \u00e8 necessario che abbia maturato una certa preparazione, mantenendosi cos\u00ec neutro e centrato, senza proiettare i propri stati d&#8217;animo. Dovr\u00e0 quindi mantenere distacco e proiettare semplicemente molto amore. In ogni caso \u00e8 necessaria concentrazione, uno sano scopo, una intenzione, con fiducia e fede e tecnica di soffiaggio. Solo cos\u00ec, la medicina avr\u00e0 il massimo del beneficio. <b>Das Rap\u00e9 angewendet werden muss, in beide nasenl\u00f6cher. Jeder nasenh\u00f6hle ist eine aktuelle energieversorgung des k\u00f6rpers:<\/b><b>Am besten machen sie immer zuerst das linke nasenloch<\/b><b>Die linke seite:<\/b> Il canale della Luna (recettore \u2013 yin). D\u00e0 potere alle emozioni nel loro stato puro, liberando gioia profonda, amore puro, compassione e abilit\u00e0 artistiche. \u00c8 il lato femminile. I problemi tipici sono attaccamento emozionale, depressione, bassa autostima, sentimento di colpa e apatia. <b>Auf der rechten seite:<\/b> Der kanal der Sonne (emittenten \u2013 yang). Gibt macht der rationale verstand: erm\u00f6glicht es, zu lernen und holen sie sich die kraft, die erforderlich ist, um die probleme zu \u00fcberwinden, die durch die anstrengung. Das ist die m\u00e4nnliche seite. Die typischen probleme sind die egoistischen verhalten oder gewaltt\u00e4tig, hochm\u00fctig und stolz.Wer ihn erh\u00e4lt, nur eine seite kommt ein prozess, der noch st\u00e4rker als normal; dies, weil sie nicht im stich gelassen wird erfolgreich zur heilung und weigerte sich, die Medizin, das ist auch eine ablehnung gegen\u00fcber sich selbst und der geist des Rap\u00e9. <b>Arten von hauche : <\/b>Davon gibt es sehr viele, von der zirbeldr\u00fcse ( puff trockenen und beschlossen, sondern verl\u00e4ngert) oder mehr lang und anhaltend.. (sie finden die artikel im blog verwenden, die suchen) <b>Es ist wichtig, um eine absicht zu trinken 2 gl\u00e4ser wasser vor, und wasser w\u00e4hrend und nach etwa 7 minuten nach der anwendung, so kommen erbrechen<\/b> <\/div>\n<div id=\"tab_dosaggio\" class=\"panel entry-content\" role=\"tabpanel\" aria-labelledby=\"tab-dosaggio\"> <strong>Die Richtige menge<\/strong> sie beginnen mit wenig gro\u00df sein sollte, etwa wie eine erbse, aber sie wird tendenziell steigen bis zur gr\u00f6sse einer haselnuss gesch\u00e4lte n\u00fcsse, aber es ist nicht ausgeschlossen, um veteranen, die beide mehr. Diese ist nach die unterschiede zwischen k\u00f6rpergewicht individuell, toleranz, stoffwechsel und pers\u00f6nliches gef\u00fchl.<\/p>\n<ul>\n<li>Es ist wichtig, zu h\u00f6ren, der Icaros mit kopfh\u00f6rern erste schritt der meditativen zustand ohne gedanken und pflegend.<\/li>\n<li>Die person \u00fcbernimmt, Rap\u00e9 zum ersten mal muss sich dar\u00fcber im klaren sein, was es ist und was sie nun tut, indem er ihn mit respekt und verantwortung, das ist eine medizin sakrale sehr m\u00e4chtig ist die notwendigkeit, als<\/li>\n<\/ul>\n<p><strong>Psychologisch darauf, dass die \u00e4ngste.<\/strong> Un\u2019applicazione forte pu\u00f2 portare il soggetto a sperimentare la propria ombra e accedere alle proprie fobie pi\u00f9 oscure, cos\u00ec che possono essere visualizzate e risolte. Innumerevoli esperienze dimostrano la sua efficacia nel trattamento di depressioni, paure ossessive, insonnia e ansia. Molte persone hanno abbandonato il tabagismo dopo aver iniziato ad utilizzare il Rap\u00e9. <\/div>\n<div id=\"tab_come-viene-fatto-il-rap\u00e9\" class=\"panel entry-content\" role=\"tabpanel\" aria-labelledby=\"tab-come-viene-fatto-il-rap\u00e9\">\n<ul>\n<li>Unsere <strong>Rap\u00e9<\/strong> werden produkte mit einer kombination von boden-asche von heiligen b\u00e4umen mit medizinischen eigenschaften.<\/li>\n<li>Unsere Rap\u00e9 100% nat\u00fcrlich, frei von pestiziden und chemikalien .<\/li>\n<li>Die medizinischen eigenschaften sind hilfreich f\u00fcr die behandlung von st\u00f6rungen der k\u00f6rperlichen und geistigen<\/li>\n<li>Unsere rap\u00e9 hergestellt werden mit gro\u00dfem respekt, hingabe, liebe und glauben.<\/li>\n<\/ul>\n<p><strong>Gehen durch einen prozess<\/strong> di setacciatura per diventare extra fine fino alla punta del talco, rendendo pi\u00f9 facile ricevere il Rap\u00e9 diffondendosi ed espandendosi in modo pi\u00f9 efficiente. Dopo questo processo, viene energizzato con pietre e cristalli e una piramide, oltre a un periodo sotto le luci (cromoterapia).La sua parte di connessione spirituale \u00e8 piuttosto intensa, perch\u00e9 il Rap\u00e9 passando dalle nostre preghiere sacre (intenti) per diversi giorni di seguito, creano l\u2019obiettivo di identificarsi con lo spirito della pianta ascoltando i bisogni del corpo, innescando cos\u00ec il processo di guarigione e di centratura costante. I nostri rap\u00e9 aiutano ad aumentare la forza della centratura e corrente elettrica magnetica appartenente al complesso sitema di kundalini\/DNA e nella purificazione spirituale. <\/div>\n<div id=\"tab_cos'\u00e8-il-rap\u00e9\" class=\"panel entry-content\" role=\"tabpanel\" aria-labelledby=\"tab-cos'\u00e8-il-rap\u00e9\"> E&#8217; uno strumento di medicina sacra d\u2019origine, astrale e ancestrale, custodito con amore e tramandato dai nostri antenati; I nostri nonni della giungla hanno usufruito e giovato di questo strumento\/medicina fin dall\u2019inizio del tempi, e oggi ci viene portata memoria originale e rinnovata per questo meraviglioso regalo. Il <strong>Rap\u00e9<\/strong>, pu\u00f2 essere preparato con una o pi\u00f9 medicine vegetali e anche minerali, considerando che la presenza del aiuta a fare ordine, integrare e bilanciare la nostra energia e purificare la pineale, per dirigerla con uno scopo specifico. Allo stesso tempo, il<strong> Rap\u00e9<\/strong> apre la porta verso lo spirito e l\u2019universo, aiutandoci a risvegliare la purezza essenziale che sta in noi. IL <strong>Rap\u00e9<\/strong> \u00e8 la medicina aerea. In un colpo riceviamo la benedizione del Soffio del Vento, fonte universale di energia, che cancella la nostra percezione, cancella la mente e apre i canali di energia superiore, per connetterci con il pi\u00f9 alto del nostro essere. Rap\u00e9 \u00e8 anche una medicina per la visione dello spirito, che ci aiuta a liberare la mente e a fermare il dialogo interiore, ad essere veramente presenti per poter vedere oltre le nostre interpretazioni. <\/div>\n<div id=\"tab_storia\" class=\"panel entry-content\" role=\"tabpanel\" aria-labelledby=\"tab-storia\"> <b>Geschichte des volkes<\/b> <b>Yawanaw\u00e1 hersteller von andere rap\u00e8 neben dem Tsunu<\/b><b><i>Seit undenklichen zeiten<\/i><\/b><i>die Yawanaw\u00e1 belegen die quellen des flusses Greg\u00f3rio, nebenfluss des flusses Juru\u00e1, in der stadt Tarauac\u00e1, im bundesstaat Acre, im westlichen Amazonas. Kommen sie aus dem sprachlichen zweig Pano.<\/i> <b><i>Die bev\u00f6lkerung heute<\/i><\/b><i> etwa 1000 menschen leben in sieben d\u00f6rfern. Waren sehr viele in der vergangenheit. Jedoch, viele wurden stark dezimiert, die von den auswirkungen gebracht durch die kolonialisierung.<\/i> <b>Seit 1984<\/b>, <i>nach jahren der gefangenschaft und all die k\u00e4mpfe, bewusst teil ihrer gebiete und die grenzen der erde, mit unterst\u00fctzung der National Indian Foundation \u2013 FUNAI. Es war dort, dass riacquistarono ihre rechte als Volk weg, die missionare von ihrem land und begann mit der wiederbelebung ihrer kultur, ihrer sprache, gehalten im ged\u00e4chtnis ihrer verwandten \u00e4lter.<\/i> <b><i>Im gegenteil, der das verbot vor den frauen, die heute erwartet die ehre und die aufgabe dieses hervorragenden rap\u00e8<\/i><\/b><b><i>Die Yawanaw\u00e1<\/i><\/b><i> ( yawa \/pekari lippen, wei\u00dfe Nawa \/volk) eine gruppe und geh\u00f6rt zur sprachfamilie der Pano-heute besch\u00e4ftigt das land der Eingeborenen auf den fluss gregor Der name &#039;Yawanaw\u00e1&#039; erscheint in historischen quellen geschrieben in verschiedenen arten: Yawavo oder Yauavo, Jawanaua, Yawanaua oder Iawanawa. <\/i> <i>Die form &#039;Yawanaw\u00e1 es wird hier folgt die schreibweise verwendet, in die schulb\u00fccher und andere dokumente, die vaterschaft der eingeborenen.<\/i> <b>Die gemeinschaft Yawanaw\u00e1 <\/b>es ist in der tat eine konjunktion von personen, die auch mitglieder von anderen gruppen: Shaw\u00e3dawa (Arara) , Iskunawa (heute bekannt als Shan\u00eanawa, lebt in einem dorf in der n\u00e4he der stadt Feij\u00f3), Rununawa, Sainawa (allgemein bekannt als Yaminaw\u00e1 , leben in der region des flusses Bag\u00e9), und Katukina <b>Diese konfiguration ist das ergebnis einer dynamik, die soziologische, die in vielen gruppen Pano<\/b> Alleanze attraverso il matrimonio, cattura di donne durante i conflitti bellici, migrazione delle famiglie \u2013 e una serie di contingenze storiche, in particolare quei cambiamenti determinati dall&#8217;arrivo di non- Indiani, comprese epidemie e alterazioni demografiche. Questi processi portarono all&#8217;incorporazione di persone di altre popolazioni che in passato mantenevano relazioni con gli Yawanaw\u00e1. Tra gli Yaminawa della terra indigena delle sorgenti del fiume Acre c&#8217;\u00e8 un sottogruppo che porta anche il nome Yawanaw\u00e1. Tuttavia, gli Yawanaw\u00e1 sul fiume Greg\u00f3rio non sono a conoscenza di questo altro gruppo omonimo. <\/div>\n<div id=\"tab_disclaimer\" class=\"panel entry-content\" role=\"tabpanel\" aria-labelledby=\"tab-disclaimer\"> <strong><span style=\"color: #d83131;\">DIE BILDER IN DER BESCHREIBUNG SIND REIN INDIKATIV ZU VERSTEHEN<\/span><\/strong> <strong><span style=\"color: #d83131;\">F\u00fcr produkte, PFLANZEN, WEIHRAUCH UND PRODUKTE IN PULVERFORM ZUR ZEIT nicht protranno durchgef\u00fchrt werden R\u00dcCKSENDUNGEN oder ERSTATTUNGEN<\/span><\/strong> Die <strong>begriffe<\/strong> in den kategorien-und tag-wollen nicht vorschlagen, der medizinischen verwendung und prominenten der produkte, nur besser organisieren, auf der basis ihrer historischen, wissenschaftlichen und gesellschaftlichen. <strong>Die rezepte sind zur verf\u00fcgung gestellt wissenschaftliche<\/strong>: nicht wollen, um die kunden zu ermutigen, sie zu wiederholen, noch nicht einmal consumarne produkte. <strong>Unsere inhalte<\/strong> nicht bewertet wurden von der FDA oder einer beliebigen abbildung professionelle medizinische: die m\u00f6glichen anwendungen, indikationen, dosierungen und hinweise beschrieben, die nur f\u00fcr p\u00e4dagogischen zweck, sind spekulationen pers\u00f6nliche und stellen keine medizinische beratung. <strong>Die produkte verkauft werden<\/strong> wie r\u00e4ucherst\u00e4bchen, Seifen, Harze und material botanische sammlung und material der wissenschaftlichen forschung. <span style=\"color: #ed1c24; font-size: 115%;\"><strong>Non sono destinati al consumo umano. Per poter acquistare i nostri prodotti dovete avere pi\u00f9 di 18 anni e non sono adatti a donne in stato di gravidanza e\/o in fase di allattamento.<\/strong><\/span> Zu erhalten mehr informationen <strong>KARMARANDO<\/strong> besuch <a href=\"https:\/\/www.instagram.com\/karmarando1\/\" target=\"_blank\" rel=\"noopener\"> <span style=\"color: #0000ff;\"><strong>diese seite<\/strong><\/span><\/a> oder lesen sie die neuesten nachrichten auf <a href=\"https:\/\/karmarando.com\/de\/blog\/\" target=\"_blank\" rel=\"nofollow noopener\"><strong><span style=\"color: #0000ff;\">BLOG<\/span><\/strong><\/a> <\/div><\/div><\/div>","protected":false},"excerpt":{"rendered":"<p>Rap\u00e9 Lavendel \u2013 Beruhigend, Gelassenheit und Reinheit<\/p>","protected":false},"featured_media":10631,"comment_status":"open","ping_status":"closed","template":"","meta":[],"product_brand":[],"product_cat":[186,1123,187,185],"product_tag":[],"class_list":{"0":"post-10697","1":"product","2":"type-product","3":"status-publish","4":"has-post-thumbnail","6":"product_cat-cat-rape","7":"product_cat-rape-aromatico","8":"product_cat-rape-brasiliano","9":"product_cat-rapee-e-co","10":"pa_brand-karmarando","11":"pa_fragranza-ceneri","12":"pa_fragranza-erbe","13":"pa_fragranza-lavanda","14":"pa_fragranza-mapacho","15":"pa_ingredienti-ceneri","16":"pa_ingredienti-erbe","17":"pa_ingredienti-lavanda","18":"pa_ingredienti-mapacho","19":"pa_momento-di-assunzione-mattina-a-digiuno","20":"pa_momento-di-assunzione-sera-lontano-dai-pasti","21":"pa_paese-di-fabbricazione-brasile","22":"pa_principi-attivi-acetato-di-linalile","23":"pa_principi-attivi-borneolo","24":"pa_principi-attivi-cineolo","25":"pa_principi-attivi-geraniolo","26":"pa_principi-attivi-linaiolo","27":"pa_somministrazione-nasale","28":"pa_tipo-polvere","29":"pa_unita-di-misura-10-g","30":"pa_unita-di-misura-20-g","31":"pa_unita-di-misura-50-g","32":"pa_uso-principale-aiuta-a-liberare-la-mente-e-interrompere-il-dialogo-interiore","33":"pa_uso-principale-aiuta-ad-eliminare-il-catarro-e-i-parassiti-dei-seni-frontali-paranasali-e-nasali","34":"pa_uso-principale-e-anche-un-potente-analgesico-per-dolori-alla-testa-e-al-corpo","35":"pa_uso-principale-ansiolitico","36":"pa_uso-principale-antimicrobico","37":"pa_uso-principale-antinfiammatorio","38":"pa_uso-principale-antisettico","39":"pa_uso-principale-asma","40":"pa_uso-principale-blocchi-energetici","41":"pa_uso-principale-broncopolmonite","42":"pa_uso-principale-calma","43":"pa_uso-principale-calmante","44":"pa_uso-principale-centratura","45":"pa_uso-principale-consente-di-essere-presente-per-riuscire-a-guardare-oltre-le-proprie-interpretazioni","46":"pa_uso-principale-energeticamente-cura-in-modo-diretto-paure-ansie-e-altre-energie-connesse-al-plesso-solare-se-causa-vomito-e-perche-la-persona-sta-eliminando-le-energie-dense-accumulate","47":"pa_uso-principale-decomprime-la-pressione-del-cranio","48":"pa_uso-principale-depura-ordina-e-allinea-i-campi-energetici-specialmente-i-chakra-del-terzo-occhio-e-della-testa-sale-e-scende-da-quelli-attraverso-la-colonna-vertebrale","49":"pa_uso-principale-elimina-leccesso-di-flemma-accumulato","50":"pa_uso-principale-elimina-mal-di-testa-sonnolenza-e-stordimento","51":"pa_uso-principale-evoluzione-spirituale","52":"pa_uso-principale-favorisce-il-movimento-peristaltico-intestinale","53":"pa_uso-principale-applicato-sulle-ferite-ha-funzioni-cicatrizzanti-e-antibiotiche","54":"pa_uso-principale-pace","55":"pa_uso-principale-permette-di-capire-che-cose-la-meditazione-a-livello-cosciente","56":"pa_uso-principale-permette-di-raggiungere-uno-stato-di-meditazione-molto-profondo","57":"pa_uso-principale-e-molto-efficace-anche-nel-trattamento-di-problemi-al-sistema-respiratorio-e-digestivo","58":"pa_uso-principale-procastinaggio","59":"pa_uso-principale-procastinamenrto","60":"pa_uso-principale-pulisce-tutta-la-sporcizia-accumulata-da-anni-che-e-causa-di-problemi-come-sinusite-ed-emicrania","61":"pa_uso-principale-pulizia-chakra","62":"pa_uso-principale-purificante","63":"pa_uso-principale-radicamento","64":"pa_uso-principale-rilassamento","65":"pa_uso-principale-e-rilassante-e-antipiretico","66":"pa_uso-principale-sbocchi-energetici","67":"pa_uso-principale-molte-persone-curano-la-loro-sinusiti-e-rinite-con-questa-rende-immuni-anche-dalle-malattie-dellapparato-respiratorio","68":"pa_uso-principale-spasmodico","69":"pa_uso-principale-toglie-i-parassiti-e-pulisce-gli-intestini","70":"pa_uso-principale-tranquillante","71":"pa_uso-principale-unione-del-tutto-in-uno","72":"pa_uso-principale-e-rimedio-per-la-visibilita-dello-spirito","73":"pa_uso-principale-visione-animica","75":"first","76":"instock","77":"shipping-taxable","78":"purchasable","79":"product-type-variable"},"_links":{"self":[{"href":"https:\/\/karmarando.com\/de\/wp-json\/wp\/v2\/product\/10697","targetHints":{"allow":["GET"]}}],"collection":[{"href":"https:\/\/karmarando.com\/de\/wp-json\/wp\/v2\/product"}],"about":[{"href":"https:\/\/karmarando.com\/de\/wp-json\/wp\/v2\/types\/product"}],"replies":[{"embeddable":true,"href":"https:\/\/karmarando.com\/de\/wp-json\/wp\/v2\/comments?post=10697"}],"wp:featuredmedia":[{"embeddable":true,"href":"https:\/\/karmarando.com\/de\/wp-json\/wp\/v2\/media\/10631"}],"wp:attachment":[{"href":"https:\/\/karmarando.com\/de\/wp-json\/wp\/v2\/media?parent=10697"}],"wp:term":[{"taxonomy":"product_brand","embeddable":true,"href":"https:\/\/karmarando.com\/de\/wp-json\/wp\/v2\/product_brand?post=10697"},{"taxonomy":"product_cat","embeddable":true,"href":"https:\/\/karmarando.com\/de\/wp-json\/wp\/v2\/product_cat?post=10697"},{"taxonomy":"product_tag","embeddable":true,"href":"https:\/\/karmarando.com\/de\/wp-json\/wp\/v2\/product_tag?post=10697"}],"curies":[{"name":"wp","href":"https:\/\/api.w.org\/{rel}","templated":true}]}}