{"id":10489,"date":"2023-06-29T00:50:13","date_gmt":"2023-06-28T22:50:13","guid":{"rendered":"https:\/\/www.karmarando.com\/?post_type=product&#038;p=10489"},"modified":"2025-12-04T21:51:58","modified_gmt":"2025-12-04T20:51:58","slug":"mix-di-12-fermentati-fervida-12-anni","status":"publish","type":"product","link":"https:\/\/karmarando.com\/de\/fitoterapici\/fermentati-fervida-e-em\/fermentati-fervida-gocce-orali\/12-anni\/mix-di-12-fermentati-fervida-12-anni\/","title":{"rendered":"MIX 12 Fermentierte Bl\u00fchende \u2013 12 jahre"},"content":{"rendered":"<div class=\"tabbed-content\">\n\t\t\t\n\t\t\t<ul class=\"nav nav-pills nav-uppercase nav-size-small nav-center\" role=\"tablist\"><li id=\"tab-descrizione\" class=\"tab active has-icon\" role=\"presentation\"><a href=\"#tab_descrizione\" role=\"tab\" aria-selected=\"true\" aria-controls=\"tab_descrizione\"><span>Beschreibung<\/span><\/a><\/li>\n<li id=\"tab-propriet\u00e0\" class=\"tab has-icon\" role=\"presentation\"><a href=\"#tab_propriet\u00e0\" tabindex=\"-1\" role=\"tab\" aria-selected=\"false\" aria-controls=\"tab_propriet\u00e0\"><span>Eigenschaften<\/span><\/a><\/li>\n<li id=\"tab-come-si-f\u00e0-?\" class=\"tab has-icon\" role=\"presentation\"><a href=\"#tab_come-si-f\u00e0-?\" tabindex=\"-1\" role=\"tab\" aria-selected=\"false\" aria-controls=\"tab_come-si-f\u00e0-?\"><span>Wie funktioniert es ?<\/span><\/a><\/li>\n<li id=\"tab-a-cosa-serve?\" class=\"tab has-icon\" role=\"presentation\"><a href=\"#tab_a-cosa-serve?\" tabindex=\"-1\" role=\"tab\" aria-selected=\"false\" aria-controls=\"tab_a-cosa-serve?\"><span>A COSA SERVE?<\/span><\/a><\/li>\n<li id=\"tab-come-funziona?\" class=\"tab has-icon\" role=\"presentation\"><a href=\"#tab_come-funziona?\" tabindex=\"-1\" role=\"tab\" aria-selected=\"false\" aria-controls=\"tab_come-funziona?\"><span>COME FUNZIONA?<\/span><\/a><\/li>\n<li id=\"tab-disclaimer\" class=\"tab has-icon\" role=\"presentation\"><a href=\"#tab_disclaimer\" tabindex=\"-1\" role=\"tab\" aria-selected=\"false\" aria-controls=\"tab_disclaimer\"><span>HAFTUNGSAUSSCHLUSS<\/span><\/a><\/li><\/ul><div class=\"tab-panels\"><div id=\"tab_descrizione\" class=\"panel active entry-content\" role=\"tabpanel\" aria-labelledby=\"tab-descrizione\">\n<h3><strong>MIX Fermentati Fervida<\/h3>\n<\/div>\n<div id=\"tab_propriet\u00e0\" class=\"panel entry-content\" role=\"tabpanel\" aria-labelledby=\"tab-propriet\u00e0\"> Oltre ai soliti, Agrumi, Iperico, Erba di San giovanni, Susine, Rosmarino, Basilico, Salvia e altre.<\/p>\n<h3><strong>Sono stati Aggiunti:<\/strong><\/h3>\n<ul>\n<li><strong>NONI<\/strong>\u00a0Una delle propriet\u00e0 principali del noni \u00e8 quella antinfiammatoria, talmente spiccata da essere spesso facilmente reputato come alimento utile a prevenire e combattere alcune forme tumorali. Stimola il sistema immunitario. . Pu\u00f2 essere usato nella lotta alle dipendenze. Ci\u00f2 che rende prezioso il noni per la cura della buona salute \u00e8 la sua ricchezza di composti fitochimici: lignani, iridoidi (soprattutto l&#8217;acido asperulosidico), alcaolidi (specialmente la xeronina), catechine, e vari acidi preziosi antiossidanti e antinfiammatori come il linoleico.Gran parte di queste composti fitochimici sono antiossidanti, antitumorali, analgesici e antiinfiammatori, cos\u00ec da rendere il noni un alimento prezioso che sta attirando le attenzioni di molti ricercatori scientifici. E\u2019 considerato il frutto al mondo con pi\u00f9 alta concentrazione di fitonutrienti.<\/li>\n<li><strong>PAPAYA<\/strong>\u00a0Le foglie di papaya aiutano a digerire meglio la proteina del glutine.I loro antiossidanti sono estremamente utili per aiutare il corpo a lottare contro malattie come il cancro, senza alcun effetto collaterale. Le foglie di papaya eliminano la dipendenza da carboidrati e zuccheri. Combattono l\u2019acne. Hanno propriet\u00e0 anti-invecchiamento. Rafforzano il sistema immunitario.<\/li>\n<li><strong>GANODERMA LUCIDUM<\/strong>\u00a0analgesico, antiallergico, anti infiammatorio, stimolante le cellule immunitarie Natural Killer (NK), antibatterico per effetto dell&#8217;immunostimolazione, antivirale per l&#8217;aumento della produzione di interferone, antiossidante, antitumorale, ipotensivo, ipocolesterolemizzante, cardio tonico, antidepressivo e rilassante, mucolitico, ostacola il virus HIV (sia in vitro che in vivo), migliora la funzionalit\u00e0 cortico-surrenalica, aumenta la produzione di interleuchina 1 e 2 prodotta da macrofagi e splenociti.<\/li>\n<li><strong>FUNGHI SHITAKE<\/strong>\u2019 E\u2019 una importante fonte di vitamina D. Stimola la produzione di linfociti T. Protegge il fegato. E\u2019 antivirale e aiuta a combattere lo stress.<\/li>\n<li><strong>NEEM<\/strong>\u00a0Il neem ha propriet\u00e0 antibatteriche, antivirali, antisettiche e antinfiammatorie per cui aiuta anche ad alleviare i sintomi di malattie della pelle come l\u2019acne, la psoriasi, l\u2019eczema e la scabbia. Il neem viene usato tradizionalmente per purificare il sangue, disintossicare il fegato e supportare il sistema immunitario.<\/li>\n<li><strong>GRAVIOLA\u00a0<\/strong>foglie. Aiuta a dormire pi\u00f9 facilmente.Analgesico naturale efficace nel sedare il dolore. Protegge gli occhi ed \u00e8 ricco di antiossidanti indispensabili. Utile per eliminare tosse e muco. Efficace contro parassiti. Facilita la prevenzione delle infezioni del tratto urinario.\u00c8 un rimedio naturale per l\u2019artrite. Contribuisce nella prevenzione dei tumori. Antidepressivo naturale efficace nel sedare lo stress. Le foglie dell\u2019annona muricata hanno dimostrato efficacia contro 12 tipi di cellule tumorali. Riduce il rischio di cancro al pancreas. Rallenta l\u2019invecchiamento ed \u00e8 potente frutto antiaging.<\/li>\n<li><strong>MORINGA<\/strong>\u00a0Reich an omega 3-6-9 sind eine wichtige hilfe f\u00fcr die aufrechterhaltung der gesundheit der zellmembran und damit der ganze organismus, das moringa oleifera ist n\u00fctzlich, um aktivieren oder st\u00e4rken das immunsystem, halten auf einem optimalen niveau der blutdruck, der blutzucker und hormonspiegel.<\/li>\n<li><strong>DIE BL\u00c4TTER DER GUAVE<\/strong>\u00a0Sie haben wichtige eigenschaften antidiabetiche, reduzieren die anwesenheit von zucker im blut. Antioxidative eigenschaften. Viele studien haben gezeigt, dass die bl\u00e4tter der guave stimlano die produktion von spermien und f\u00f6rdert so die empf\u00e4ngnis. Die gewichtsabnahme zu f\u00f6rdern und wirken hypoallergen.<\/li>\n<li><strong>ALOE ARBORESCENS<\/strong>\u00a0Ha la naturale capacit\u00e0 di rafforzare le difese dell&#8217;organismo aiutando anche attivamente vista la sua azione antibatterica. Chi assume aloe vede poi migliorare la digestione, accelerare il metabolismo e si assicura una buona dose di sostanze dal potere antitumorale.<\/li>\n<li><strong>CLITORIA TERNATEA<\/strong>\u00a0E\u2019 ritenuta antidepressiva, antipiretica, ansiolitica, sedativa e anticonvulsivante: alcuni peptidi ritrovati al suo interno sembrerebbero inoltre avere un&#8217;azione anti-tumorale, e capaci di inibire l&#8217;assorbimento del glucosio dall&#8217;alimentazione con ovvi benefici a livello di diabete.<\/li>\n<li><strong>TILIACORA TRIANDRA<\/strong>\u00a0&#8211;\u00a0Anti ossidante &#8211; Anti infiammatoria &#8211; Riduce il rischio di formazione di cancro &#8211; Anti-batterica, anti-fungina. Le foglie contengono polifenoli, flavonoidi, alcaloidi, B-carotene e minerali come calcio e ferro.<\/li>\n<li><strong>SANARIS<\/strong> si sta rivelando un Ferv\u00ecda molto gradito e gradevole, efficace per tutte le patologie, ma utile anche a chi \u00e8 sano. Chi lo assume ne sente spesso velocemente i benefici, non solo a livello fisico, ma anche energetico ed emotivo. Nato dall\u2019unione di vegetali di altissima efficacia per la cura dei tumori, quindi ottimo da affiancare alle terapie in atto, si sta rivelando efficace in tutti gli utilizzi che se ne possono fare.<\/li>\n<\/ul>\n<\/div>\n<div id=\"tab_come-si-f\u00e0-?\" class=\"panel entry-content\" role=\"tabpanel\" aria-labelledby=\"tab-come-si-f\u00e0-?\">\n<h3><strong>COME E QUANTO SI CONSUMA<\/strong><\/h3>\n<p><strong>Consiglio di partire da un dosaggio di 10 gocce per 3 volte al giorno, di solito \u00e8 tollerato da tutti, ma qualcuno potrebbe aver bisogno di partire da un dosaggio ancora pi\u00f9 basso, si aumenta quindi di 3 gocce totali a settimana (4&#215;3,5&#215;3,6&#215;3 &#8230;).<\/strong> <strong>Per 3 volte al giorno, mattina a stomaco vuoto, nel pomeriggio lontano dai pasti, e alla sera prima di andare a dormire sempre lontano dai pasti<\/strong> Non ci sono limiti massimi di assunzione, tuttavia, per avere buona efficacia consiglio almeno 60 gocce al giorno 90 gocce o pi\u00f9 se si ha bisogno di una azione forte nel caso\u00a0 ci siano infiammazioni in corso o malattie immunitarie Se l&#8217;effetto Detox, ossia le crisi legate alla depurazione, \u00e8 fastidioso,\u00a0 si risolve alleggerendo il dosaggio; ognuno valuti quanto \u00e8 disposto a soffrire in caso si presentino. Per i bambini \u00e8 sufficiente un dosaggio dimezzato rispetto agli adulti, anche se potrebbero tollerare anche dosaggi pi\u00f9 alti, i bambini raramente hanno crisi detox. <strong>Bl\u00fchende<\/strong> si puo&#8217; assumere sia prima che dopo i pasti, sia a digiuno che a stomaco pieno, tuttavia ognuno \u00e8 diverso e scelga il modo pi\u00f9 adatto a se&#8217;. Si assume in acqua, oppure aggiunto a bibite, succhi di frutta, decotti o tisane, cibi liquidi. Qualche goccia in una bottiglia d&#8217;acqua permette un&#8217;assunzione leggera e continuata. <strong>Bl\u00fchende<\/strong> \u00e8 ottimo anche se usato sulla pelle, molto efficace su dermatiti, herpes, punture di insetti, acne\u00a0 &#8230; si possono usare le gocce pure, ma anche misto ad acqua.<\/p>\n<h3><strong>Come si conserva<\/strong><\/h3>\n<p>Come tutti i <strong>Ferv\u00ecda<\/strong> maturi, prelevati, si conserva in bottiglie con chiusura ermetica. Dopo ogni apertura chiudere per bene, tutte le bottiglie della foto hanno chiusura stagna. Non serve conservarlo in fringo, non \u00e8 importante la temperatura di conservazione, non \u00e8 importante l&#8217;esposizione alla luce o la trasparenza del contenitore, \u00e8 invece molto importante che\u00a0 non resti a contatto della luce diretta del sole per tempi lunghi, in altre parole non va dimenticato sul cruscotto della macchina o vicino ad una finestra dove batte il Sole per molte ore al giorno. I raggi UVA del\u00a0 Sole sono mortali per tutti i microrganismi Effettivi<br \/>\n<\/div>\n<div id=\"tab_a-cosa-serve?\" class=\"panel entry-content\" role=\"tabpanel\" aria-labelledby=\"tab-a-cosa-serve?\">\n<h3><strong>A COSA SERVE:<\/strong><\/h3>\n<ol>\n<li>rigenerano e riequilibrano il microbiota intestinale o flora batterica intestinale<\/li>\n<li>potenziano il sistema immunitario<\/li>\n<li>depurano e disintossicano l&#8217;organismo, oltre all&#8217;importante propriet\u00e0 chelante specie nei confronti dei metalli<\/li>\n<li>rallentano il deterioramento cellulare e quindi anche l&#8217;invecchiamento Grazie all&#8217;altissima percentuale di sostanze antiossidanti.<\/li>\n<li>gli utilizzi dei fermentati sono tantissimi oltre le propriet\u00e0 curative, nei prodotti per la pelle, per usi domestici e nell&#8217;agricoltura.<\/li>\n<li>Come dimagrante e snellente e perdita di peso, oltre che diuretico<\/li>\n<li>E\u2019 antinfiammatorio, antidiabetico, antitumorale, antiossidante, antiallergico, antivirale.<\/li>\n<li>Stimola il sistema immunitario, favorisce la digestione, migliora l\u2019energia, migliora l\u2019umore.<\/li>\n<\/ol>\n<\/div>\n<div id=\"tab_come-funziona?\" class=\"panel entry-content\" role=\"tabpanel\" aria-labelledby=\"tab-come-funziona?\">\n<h3><strong>Come funzionano:<\/strong><\/h3>\n<p>Die <strong>Ferv\u00ecda<\/strong> sono ricchi di microorganismi effettivi che dove c&#8217;\u00e8 morte (e l&#8217;intestino non sta funzionando e di conseguenza anche la mente essendo connessa tramite il nervo vago) ma loro si nutrono di batteri maligni e di tuto chio che ci manda in desquilibrio Ridandoci pura la vita! Gli stessi microorganismi infatti vengono usati quando c&#8217;\u00e8 uno spargimento di petrolio, il petrolio sono plancton morti e quindi cibo appetitoso per i microorganismi presenti nei fermentati che vanno a ripukire tutto il nostro organismo. I <strong>Ferv\u00ecda<\/strong> vanno assunti a digiuno per aumentare le propriet\u00e0 fitoterapiche durante o dopo i pasti per poter passare correttamente attraverso l&#8217;intestino I fermentati a lunga fermentazione come i nostri Olfattivamente e visivamente ricordano gli aceti, sono fermentazioni selvatiche o spontanee ricche di Microrganismi Effettivi benefici che possono nutrire l&#8217;intero organismo umano: probiotici, prebiotici, enzimi, vitamine, compresa la B12, gli Omega 3-6-9, acidi grassi a catena corta, proteine essenziali, gran parte dei minerali e tanti altri micronutrienti nonch\u00e9 le propriet\u00e0 fitoterapiche che riescono ad estrarre dei vegetali durante la fermentazione. Si pu\u00f2 fermentare non solo cibo (frutti, semi, erbe ecc) ma anche cortecce e foglie che altrimenti sarebbero immangiabili pur contenendo propriet\u00e0 importanti. I <strong>Ferv\u00ecda<\/strong> Sono in gocce e si prendono 3 volte al giorno, anche se difficilmente capita, alcuni notano piccoli sintomi della disintossicazione quali nervoso o stranezza, o in casi peggiori defecazione intensa che come detto solo raramente e per i primi 5-6 giorni. Con i Fermentati facciamo anche il gel via come da foto, che ne abbiamo e ne parleremo ancora specifico per dermatologia e cure interne come escoriazioni, ferite e papillomi o fibromi, oltr che per scottature, per dolori muscolari e di ossa, eczemi e herpes e non meno importante come lifting ringiovanente per rughe e correlati! I Fermentati sono alimenti vivi, microrganismi Effettivi che respirano la vita e la fanno muovere, un ritmo che non si interrompe mai, nutrono l&#8217;organismo a livello molecolare, vibrazionale, energetico, donano quella energia vitale che agisce anche sull&#8217;umore, aiutandoci a ritrovare serenit\u00e0 ed equilibrio.Anche in casi di depressione o mali degenerativi. <strong>ATTENZIONE: Non ha niente a che vedere con probiotici o kefir o con Kombucha o Nambuka.. Diffidate chi vi dice che \u00e8 la stessa cosa ma \u00e8 logico ed ovvio che non lo \u00e8.<\/strong> <strong>kefir Kombucha Nambucha sono pronti in 24 ore, qui la tecnica \u00e8 totalmente differente oltre che sono invecchiati per 7 anni tuti i prodotti e ogni anno ne guadagnano uno in piu perche la nostra produzione continua e quindi hanno la maturit\u00e0 per avere davvero effetti strabilianti potenti. Questi pi\u00f9 invecchiano pi\u00f9 maturano, e acquisiscono Potenza rigeneratrice e ovviamente non hanno scadenza perch\u00e8 sono loro stessi un conservante.<\/strong> <\/div>\n<div id=\"tab_disclaimer\" class=\"panel entry-content\" role=\"tabpanel\" aria-labelledby=\"tab-disclaimer\"> <strong><span style=\"color: #d83131;\">DIE BILDER IN DER BESCHREIBUNG SIND REIN INDIKATIV ZU VERSTEHEN<\/span><\/strong> <strong><span style=\"color: #d83131;\">PRODUKTE GARANTIERT KARMARANDO<\/span><\/strong> <strong><span style=\"color: #d83131;\">F\u00fcr produkte, PFLANZEN, WEIHRAUCH UND PRODUKTE IN PULVERFORM ZUR ZEIT nicht protranno durchgef\u00fchrt werden R\u00dcCKSENDUNGEN oder ERSTATTUNGEN<\/span><\/strong> Die <strong>begriffe<\/strong> in den kategorien-und tag-wollen nicht vorschlagen, der medizinischen verwendung und prominenten der produkte, nur besser organisieren, auf der basis ihrer historischen, wissenschaftlichen und gesellschaftlichen. <strong>Die rezepte sind zur verf\u00fcgung gestellt wissenschaftliche<\/strong>: nicht wollen, um die kunden zu ermutigen, sie zu wiederholen, noch nicht einmal consumarne produkte. <strong>Unsere inhalte<\/strong> nicht bewertet wurden von der FDA oder einer beliebigen abbildung professionelle medizinische: die m\u00f6glichen anwendungen, indikationen, dosierungen und hinweise beschrieben, die nur f\u00fcr p\u00e4dagogischen zweck, sind spekulationen pers\u00f6nliche und stellen keine medizinische beratung. <strong>Die produkte verkauft werden<\/strong> wie r\u00e4ucherst\u00e4bchen, Seifen, Harze und material botanische sammlung und material der wissenschaftlichen forschung. <span style=\"color: #ed1c24; font-size: 115%;\"><strong>Non sono destinati al consumo umano. Per poter acquistare i nostri prodotti dovete avere pi\u00f9 di 18 anni e non sono adatti a donne in stato di gravidanza e\/o in fase di allattamento.<\/strong><\/span> Zu erhalten mehr informationen <strong>KARMARANDO<\/strong> besuch <a href=\"https:\/\/www.instagram.com\/karmarando1\/\" target=\"_blank\" rel=\"noopener\"> <span style=\"color: #0000ff;\"><strong>diese seite<\/strong><\/span><\/a> oder lesen sie die neuesten nachrichten auf <a href=\"https:\/\/karmarando.com\/de\/blog\/\" target=\"_blank\" rel=\"nofollow noopener\"><strong><span style=\"color: #0000ff;\">BLOG<\/span><\/strong><\/a> <\/div><\/div><\/div>","protected":false},"excerpt":{"rendered":"<p>MIX 12 Fermentierte Bl\u00fchende \u2013 12 jahre<\/p>","protected":false},"featured_media":3866,"comment_status":"open","ping_status":"closed","template":"","meta":[],"product_brand":[],"product_cat":[2561,230,2396,229],"product_tag":[510],"class_list":{"0":"post-10489","1":"product","2":"type-product","3":"status-publish","4":"has-post-thumbnail","6":"product_cat-12-anni","7":"product_cat-fermentati-fervida-e-em","8":"product_cat-fermentati-fervida-gocce-orali","9":"product_cat-fitoterapici","10":"product_tag-fervida","11":"pa_brand-karmarando","12":"pa_ean-1266","13":"pa_ingredienti-erba-di-sangiovanni","14":"pa_ingredienti-fermenteri-fervida","15":"pa_ingredienti-foglie-di-guava","16":"pa_ingredienti-funghi-shitake","17":"pa_ingredienti-ganoderma-lucidum","18":"pa_ingredienti-graviola","19":"pa_ingredienti-moringa","20":"pa_ingredienti-neem","21":"pa_ingredienti-noni","22":"pa_ingredienti-papaya","23":"pa_ml-1000ml","24":"pa_ml-100ml","25":"pa_ml-300ml","26":"pa_ml-600ml","27":"pa_paese-di-fabbricazione-italia","29":"first","30":"instock","31":"shipping-taxable","32":"purchasable","33":"product-type-variable"},"_links":{"self":[{"href":"https:\/\/karmarando.com\/de\/wp-json\/wp\/v2\/product\/10489","targetHints":{"allow":["GET"]}}],"collection":[{"href":"https:\/\/karmarando.com\/de\/wp-json\/wp\/v2\/product"}],"about":[{"href":"https:\/\/karmarando.com\/de\/wp-json\/wp\/v2\/types\/product"}],"replies":[{"embeddable":true,"href":"https:\/\/karmarando.com\/de\/wp-json\/wp\/v2\/comments?post=10489"}],"wp:featuredmedia":[{"embeddable":true,"href":"https:\/\/karmarando.com\/de\/wp-json\/wp\/v2\/media\/3866"}],"wp:attachment":[{"href":"https:\/\/karmarando.com\/de\/wp-json\/wp\/v2\/media?parent=10489"}],"wp:term":[{"taxonomy":"product_brand","embeddable":true,"href":"https:\/\/karmarando.com\/de\/wp-json\/wp\/v2\/product_brand?post=10489"},{"taxonomy":"product_cat","embeddable":true,"href":"https:\/\/karmarando.com\/de\/wp-json\/wp\/v2\/product_cat?post=10489"},{"taxonomy":"product_tag","embeddable":true,"href":"https:\/\/karmarando.com\/de\/wp-json\/wp\/v2\/product_tag?post=10489"}],"curies":[{"name":"wp","href":"https:\/\/api.w.org\/{rel}","templated":true}]}}