{"id":945,"date":"2020-09-20T23:28:31","date_gmt":"2020-09-20T23:28:31","guid":{"rendered":"https:\/\/karmarando.com\/?page_id=945"},"modified":"2022-05-18T02:55:58","modified_gmt":"2022-05-18T00:55:58","slug":"chi-siamo-karmarando","status":"publish","type":"page","link":"https:\/\/karmarando.com\/de\/chi-siamo-karmarando\/","title":{"rendered":"Wer Wir sind \u2013 KARMARANDO"},"content":{"rendered":"<div id=\"page-header-798780711\" class=\"page-header-wrapper\">\n  <div class=\"page-title dark divided-title box-shadow-3\">\n\n        <div class=\"page-title-bg\">\n      <div class=\"title-bg fill bg-fill\"\n        data-parallax-container=\".page-title\"\n        data-parallax-background\n data-parallax=\"-\">\n      <\/div>\n      <div class=\"title-overlay fill\"><\/div>\n    <\/div>\n    \n    <div class=\"page-title-inner container align-center text-center flex-row-col medium-flex-wrap\" >\n              <div class=\"title-wrapper uppercase flex-col\">\n          <h1 class=\"entry-title mb-0\">\n            Wer Wir sind \u2013 KARMARANDO          <\/h1>\n        <\/div>\n                    <div class=\"title-content flex-col\">\n        <div class=\"title-breadcrumbs pb-half pt-half\"><nav class=\"woocommerce-breadcrumb breadcrumbs uppercase\" aria-label=\"Breadcrumb\">Start<\/nav><\/div>      <\/div>\n    <\/div>\n\n     \n<style>\n#page-header-798780711 .title-bg {\n  background-image: url(https:\/\/karmarando.com\/wp-content\/uploads\/2020\/10\/leaf-nature-green-2210973-1.jpg);\n}\n<\/style>\n  <\/div>\n  <div class=\"container header-wrapper-divider\"><hr\/><\/div>  <\/div>\n  \n<h3 class=\"uppercase\"><strong>Informationen karmarando<\/strong><\/h3>\n<p>Karmarando, einem europ\u00e4ischen unternehmen mit einer leidenschaft brennt f\u00fcr alles, was sie pflege die seele, den geist beruhigt und reinigt den geist.Diese geschichte erkl\u00e4rt, wie begann diese spirituelles erwachen, diese einzigartige firma und ohne tabus, die, ausgehend von bescheidenen anf\u00e4ngen entwickelte sich schnell in ein starkes team und kooperative 14 anh\u00e4nger f\u00fcr den transzendenten und dem exzellenten kundenservice.<\/p>\n<p>Karmarando von diesem weg des geistigen wachstums begann mit 4 jahren macht, mit hilfe von pflanzen &#034;magische&#034;, die uns erlaubt haben, erreichen sie einen zustand der achtsamkeit, tiefe und eine erweiterung des bewusstseins.<\/p>\n<p>So wahr und wirklich zu f\u00fchlen, eins, und der wunsch, all dies wird gemeinsam mit dem tee und den rest der menschheit.<\/p>\n<p>Diese erfahrung war so spannend, dass wir h\u00f6rten einen refrenabile impuls, anderen zu helfen, leute wie dich, die tun wollen, die einen weg des spirituellen wachstums.&nbsp;<\/p>\n<p>Wir garantieren die beste qualit\u00e4t von alle produkte, die wir haben, und wir glauben, mit unserem herzen und unserer erfahrung, die diese pflanzen sind magisch und k\u00f6nnen vielen menschen helfen, von den bauern an den endverbraucher. Da ist ein funke der liebe in jedes paket, wir versenden und wir sind sehr dankbar und stolz.<\/p>\n<p>Unser projekt in der ethnobotanik ist nur am anfang, sondern wir betreiben diese webseite, Karmarando, weil wir glauben an die verbreitung der heiligen ger\u00e4te, wie das rap\u00e9, die ambil, die Sananga, die Mamb\u00e8, die ayahuasca gef\u00f6rdert, sogar in tabelle 1, und den ganzen rest der pflanzen-energie und medizin, heilige, finden sie in unserem SHOP, werden kann nicht nur unterst\u00fctzung, sondern eine echte und gesunde gewohnheit, die contribuir\u00e1 dem erwachen im allgemeinen.&nbsp;<\/p>\n<p>Vielen dank, dass sie diese reise!<\/p>\n<h3 class=\"uppercase\"><b>Versand anonyme<\/b><\/h3>\n<p>\n<div class=\"row\"  id=\"row-1460109688\">\n\n\n\t<div id=\"col-1243803342\" class=\"col small-12 large-12\"  >\n\t\t\t\t<div class=\"col-inner\"  >\n\t\t\t\n\t\t\t\n\n\t<div class=\"img has-hover x md-x lg-x y md-y lg-y\" id=\"image_967466139\">\n\t\t\t\t\t\t\t\t<div class=\"img-inner dark\" >\n\t\t\t<img loading=\"lazy\" decoding=\"async\" width=\"1020\" height=\"548\" src=\"https:\/\/karmarando.com\/wp-content\/uploads\/2020\/10\/PicsArt_10-13-02.12.03-1-1024x550.png\" class=\"attachment-large size-large\" alt=\"sendungen anonym und sicher\" srcset=\"https:\/\/karmarando.com\/wp-content\/uploads\/2020\/10\/PicsArt_10-13-02.12.03-1-1024x550.png 1024w, https:\/\/karmarando.com\/wp-content\/uploads\/2020\/10\/PicsArt_10-13-02.12.03-1-600x322.png 600w, https:\/\/karmarando.com\/wp-content\/uploads\/2020\/10\/PicsArt_10-13-02.12.03-1-300x161.png 300w, https:\/\/karmarando.com\/wp-content\/uploads\/2020\/10\/PicsArt_10-13-02.12.03-1-768x413.png 768w, https:\/\/karmarando.com\/wp-content\/uploads\/2020\/10\/PicsArt_10-13-02.12.03-1.png 1199w\" sizes=\"auto, (max-width: 1020px) 100vw, 1020px\" title=\"\">\t\t\t\t\t\t\n\t\t\t\t\t<\/div>\n\t\t\t\t\t\t\t\t\n<style>\n#image_967466139 {\n  width: 100%;\n}\n<\/style>\n\t<\/div>\n\t\n\n\n\t\t<\/div>\n\t\t\t\t\t<\/div>\n\n\t\n\n<\/div>\n<p>Alle produkte k\u00f6nnen dort eingesehen werden, ausgew\u00e4hlt und versendet diskret mit nur einem klick. Die boxen kommen anonym, ohne hinweis auf den inhalt. Und genau wie die leichte fl\u00fcstern Der g\u00f6tter, nicht, sie sprechen nie von personenbezogenen daten, die au\u00dferhalb der dom\u00e4ne von karmarando.com. Sie k\u00f6nnen mehr dar\u00fcber lesen, wie wir tun, um sicherzustellen, <a title=\"Datenschutzerkl\u00e4rung und Cookies\" href=\"https:\/\/karmarando.com\/de\/privacy-policy\/\">deine privatsph\u00e4re hier<\/a>.<\/p>\n<h3 class=\"uppercase\" style=\"text-align: center;\">Wer wir sind<\/h3>\n<p>Das team von Karmarando hat experten in ihrem bereich und eine umfassende und gr\u00fcndliche kenntnis \u00fcber schamanismus, Spirituelle, im Ganzheitlichen bereich und \u00fcber stoffe, die enteogeni, in den pflanzen macht, und die ausr\u00fcstung, um diese sakramente und das wohlbefinden von dem sie ziehen kann, sowie in der sorgfalt bei der auswahl der besten produkte der welt. Diese menschen, faszinierende und intelligente arbeiten, die mit einer unglaublichen efficienzaper fahren die kunden nach dem, was sie versuchen, alles tun k\u00f6nnen, um fragen zu beantworten, und garantieren einen schnellen versand zu ihrer zufriedenheit.<\/p>\n<p>\u00a0<\/p>\n\n\t<section class=\"section dark\" id=\"section_416608358\">\n\t\t<div class=\"section-bg fill\" >\n\t\t\t<img loading=\"lazy\" decoding=\"async\" width=\"1280\" height=\"597\" src=\"https:\/\/karmarando.com\/wp-content\/uploads\/2020\/10\/leaf-nature-green-2210973-1.jpg\" class=\"bg attachment- size-\" alt=\"Sfondo Natura Karmarando enteogeni\" title=\"\">\t\t\t\t\t\t\n\t\t\t\n\n\t\t<\/div>\n\n\t\t\n\n\t\t<div class=\"section-content relative\">\n\t\t\t\n\n<\/p>\n<p class=\"uppercase\" style=\"text-align: center;\"><span style=\"font-size: 250%;\"><strong>Gr\u00fcnder<\/strong><\/span><\/p>\n<p>\n<div class=\"text-center\"><div class=\"is-divider divider clearfix\" style=\"max-width:145px;\"><\/div><\/div>\n\n\t<div id=\"gap-545619688\" class=\"gap-element clearfix\" style=\"display:block; height:auto;\">\n\t\t\n<style>\n#gap-545619688 {\n  padding-top: 30px;\n}\n<\/style>\n\t<\/div>\n\t\n\n<div class=\"row align-center\"  id=\"row-2137088922\">\n\n\n\t<div id=\"col-1677542853\" class=\"col medium-4 small-9 large-4\"  >\n\t\t\t\t<div class=\"col-inner\"  >\n\t\t\t\n\t\t\t\n\n    <div class=\"box has-hover has-hover box-default box-text-bottom\" >\n\n                  <div class=\"box-image\" style=\"width:50%;\">\n           <div class=\"box-image-inner image-cover\" style=\"border-radius:100%;padding-top:100%;\">\n              <img loading=\"lazy\" decoding=\"async\" width=\"856\" height=\"1039\" src=\"https:\/\/karmarando.com\/wp-content\/uploads\/2021\/07\/206616371_307339847800199_4712705120324206902_n-1.jpg\" class=\"attachment- size-\" alt=\"karmarando wer wir sind\" srcset=\"https:\/\/karmarando.com\/wp-content\/uploads\/2021\/07\/206616371_307339847800199_4712705120324206902_n-1.jpg 856w, https:\/\/karmarando.com\/wp-content\/uploads\/2021\/07\/206616371_307339847800199_4712705120324206902_n-1-600x728.jpg 600w, https:\/\/karmarando.com\/wp-content\/uploads\/2021\/07\/206616371_307339847800199_4712705120324206902_n-1-247x300.jpg 247w, https:\/\/karmarando.com\/wp-content\/uploads\/2021\/07\/206616371_307339847800199_4712705120324206902_n-1-844x1024.jpg 844w, https:\/\/karmarando.com\/wp-content\/uploads\/2021\/07\/206616371_307339847800199_4712705120324206902_n-1-768x932.jpg 768w\" sizes=\"auto, (max-width: 856px) 100vw, 856px\" title=\"\">                         <\/div>\n          <\/div>\n         \n          <div class=\"box-text text-center\" >\n                <div class=\"box-text-inner\">\n                  <h4 class=\"uppercase\">\n                    <span class=\"person-name\">David ayas<\/span><br\/>\n                    <span class=\"person-title is-small thin-font op-7\">\n                      Founder                    <\/span>\n                  <\/h4>\n\t\t\t\t\t\n\n\n                <\/div>\n          <\/div>\n    <\/div>\n\n\t\n    \n\n\t\t<\/div>\n\t\t\t\t\t<\/div>\n\n\t\n\n\t<div id=\"col-1114041482\" class=\"col medium-4 small-9 large-4\"  >\n\t\t\t\t<div class=\"col-inner\"  >\n\t\t\t\n\t\t\t\n\n    <div class=\"box has-hover has-hover box-text-bottom\" >\n\n                  <div class=\"box-image\" style=\"width:50%;\">\n           <div class=\"box-image-inner image-cover\" style=\"border-radius:100%;padding-top:100%;\">\n              <img loading=\"lazy\" decoding=\"async\" width=\"3209\" height=\"3261\" src=\"https:\/\/karmarando.com\/wp-content\/uploads\/2021\/07\/logo-karmarando-e1627537594418-1-scaled.png\" class=\"attachment- size-\" alt=\"Logo karmarando sciamnesimo\" title=\"\">                         <\/div>\n          <\/div>\n         \n          <div class=\"box-text text-center\" >\n                <div class=\"box-text-inner\">\n                  <h4 class=\"uppercase\">\n                    <span class=\"person-name\">Lokis Zacharias<\/span><br\/>\n                    <span class=\"person-title is-small thin-font op-7\">\n                      Ceo Founder                    <\/span>\n                  <\/h4>\n\t\t\t\t\t\n\n\n                <\/div>\n          <\/div>\n    <\/div>\n\n\t\n    \n\n\t\t<\/div>\n\t\t\t\t\t<\/div>\n\n\t\n\n\t<div id=\"col-623328412\" class=\"col medium-4 small-9 large-4\"  >\n\t\t\t\t<div class=\"col-inner\"  >\n\t\t\t\n\t\t\t\n\n    <div class=\"box has-hover has-hover box-default box-text-bottom\" >\n\n                  <div class=\"box-image\" style=\"width:50%;\">\n           <div class=\"box-image-inner image-cover\" style=\"border-radius:100%;padding-top:100%;\">\n              <img loading=\"lazy\" decoding=\"async\" width=\"96\" height=\"96\" src=\"https:\/\/karmarando.com\/wp-content\/uploads\/2022\/03\/d17c936b258882bf58ee011338c02349.jpeg\" class=\"attachment- size-\" alt=\"PACMAN\" srcset=\"https:\/\/karmarando.com\/wp-content\/uploads\/2022\/03\/d17c936b258882bf58ee011338c02349.jpeg 96w, https:\/\/karmarando.com\/wp-content\/uploads\/2022\/03\/d17c936b258882bf58ee011338c02349-32x32.jpeg 32w\" sizes=\"auto, (max-width: 96px) 100vw, 96px\" title=\"\">                         <\/div>\n          <\/div>\n         \n          <div class=\"box-text text-center\" >\n                <div class=\"box-text-inner\">\n                  <h4 class=\"uppercase\">\n                    <span class=\"person-name\">PAKO ANELLI<\/span><br\/>\n                    <span class=\"person-title is-small thin-font op-7\">\n                      Webmaster                    <\/span>\n                  <\/h4>\n\t\t\t\t\t\n\n\n                <\/div>\n          <\/div>\n    <\/div>\n\n\t\n    \n\n\t\t<\/div>\n\t\t\t\t\t<\/div>\n\n\t\n\n<\/div>\n\n\t\t<\/div>\n\n\t\t\n<style>\n#section_416608358 {\n  padding-top: 30px;\n  padding-bottom: 30px;\n  background-color: rgb(40, 40, 40);\n}\n<\/style>\n\t<\/section>\n\t\n<\/p>\n<h3 class=\"uppercase\" style=\"text-align: center;\">Unser team<\/h3>\n<div class=\"row\"  id=\"row-865878494\">\n\n\n\t<div id=\"col-1481333391\" class=\"col small-12 large-12\"  >\n\t\t\t\t<div class=\"col-inner\"  >\n\t\t\t\n\t\t\t\n\n\t<div class=\"img has-hover x md-x lg-x y md-y lg-y\" id=\"image_451916121\">\n\t\t\t\t\t\t\t\t<div class=\"img-inner dark\" >\n\t\t\t<img loading=\"lazy\" decoding=\"async\" width=\"1020\" height=\"763\" src=\"https:\/\/karmarando.com\/wp-content\/uploads\/2020\/10\/PicsArt_10-14-01.32.54-1.png\" class=\"attachment-large size-large\" alt=\"\" srcset=\"https:\/\/karmarando.com\/wp-content\/uploads\/2020\/10\/PicsArt_10-14-01.32.54-1.png 1024w, https:\/\/karmarando.com\/wp-content\/uploads\/2020\/10\/PicsArt_10-14-01.32.54-1-600x449.png 600w, https:\/\/karmarando.com\/wp-content\/uploads\/2020\/10\/PicsArt_10-14-01.32.54-1-300x224.png 300w, https:\/\/karmarando.com\/wp-content\/uploads\/2020\/10\/PicsArt_10-14-01.32.54-1-768x575.png 768w\" sizes=\"auto, (max-width: 1020px) 100vw, 1020px\" title=\"\">\t\t\t\t\t\t\n\t\t\t\t\t<\/div>\n\t\t\t\t\t\t\t\t\n<style>\n#image_451916121 {\n  width: 100%;\n}\n<\/style>\n\t<\/div>\n\t\n\n\n\t\t<\/div>\n\t\t\t\t\t<\/div>\n\n\t\n\n<\/div>\n<h3 style=\"text-align: center;\"><strong>WIR SEHEN UNS AUF DEN EBENEN NATURALSPIRITUAL KOSMISCHEN<\/strong><\/h3>\n<p>Es ist nicht einfach nur ein produkt verkaufen. Der aufruf dieser verh\u00e4ngnisvollen nacht getrieben hat, KARMARANDO bieten eine vollst\u00e4ndige anleitung f\u00fcr jede dein wunsch. Mit der f\u00fclle an informationen in unserem blog, dokumentation und updates mit social media, k\u00f6nnen sie sicher sein, dass unsere dienstleistungen gehen weit \u00fcber ihre erwartungen f\u00fcr einen normalen sciamanshop online.<\/p>\n<p>Stellen sie eine frage, einen kommentar hinterl\u00e4sst oder erweitern sie ihre gedanken durch die naturalspiritual kosmischen ebenen. Sie f\u00fchlen sich durch die seele sind wir eins, so verbunden sind!<\/p><\/p>","protected":false},"excerpt":{"rendered":"","protected":false},"author":1,"featured_media":0,"parent":0,"menu_order":0,"comment_status":"closed","ping_status":"closed","template":"page-left-sidebar.php","meta":{"footnotes":""},"class_list":["post-945","page","type-page","status-publish","hentry"],"_links":{"self":[{"href":"https:\/\/karmarando.com\/de\/wp-json\/wp\/v2\/pages\/945","targetHints":{"allow":["GET"]}}],"collection":[{"href":"https:\/\/karmarando.com\/de\/wp-json\/wp\/v2\/pages"}],"about":[{"href":"https:\/\/karmarando.com\/de\/wp-json\/wp\/v2\/types\/page"}],"author":[{"embeddable":true,"href":"https:\/\/karmarando.com\/de\/wp-json\/wp\/v2\/users\/1"}],"replies":[{"embeddable":true,"href":"https:\/\/karmarando.com\/de\/wp-json\/wp\/v2\/comments?post=945"}],"version-history":[{"count":0,"href":"https:\/\/karmarando.com\/de\/wp-json\/wp\/v2\/pages\/945\/revisions"}],"wp:attachment":[{"href":"https:\/\/karmarando.com\/de\/wp-json\/wp\/v2\/media?parent=945"}],"curies":[{"name":"wp","href":"https:\/\/api.w.org\/{rel}","templated":true}]}}