{"id":1656,"date":"2020-10-03T16:52:51","date_gmt":"2020-10-03T16:52:51","guid":{"rendered":"https:\/\/karmarando.com\/?page_id=1656"},"modified":"2024-10-19T22:27:34","modified_gmt":"2024-10-19T20:27:34","slug":"spedizioni-anonime","status":"publish","type":"page","link":"https:\/\/karmarando.com\/de\/spedizioni-anonime\/","title":{"rendered":"Versand Anonyme"},"content":{"rendered":"<section class=\"section\" id=\"section_1359616975\">\n\t\t<div class=\"section-bg fill\" >\n\t\t\t\t\t\t\t\t\t\n\t\t\t\n\n\t\t<\/div>\n\n\t\t\n\n\t\t<div class=\"section-content relative\">\n\t\t\t\n\n\t<div class=\"img has-hover x md-x lg-x y md-y lg-y\" id=\"image_413469813\">\n\t\t\t\t\t\t\t\t<div class=\"img-inner dark\" >\n\t\t\t<img loading=\"lazy\" decoding=\"async\" width=\"1020\" height=\"534\" src=\"https:\/\/karmarando.com\/wp-content\/uploads\/2020\/10\/PicsArt_10-04-10.58.52-1.png\" class=\"attachment-large size-large\" alt=\"versand sichere\" srcset=\"https:\/\/karmarando.com\/wp-content\/uploads\/2020\/10\/PicsArt_10-04-10.58.52-1.png 1024w, https:\/\/karmarando.com\/wp-content\/uploads\/2020\/10\/PicsArt_10-04-10.58.52-1-600x314.png 600w, https:\/\/karmarando.com\/wp-content\/uploads\/2020\/10\/PicsArt_10-04-10.58.52-1-300x157.png 300w, https:\/\/karmarando.com\/wp-content\/uploads\/2020\/10\/PicsArt_10-04-10.58.52-1-768x402.png 768w\" sizes=\"auto, (max-width: 1020px) 100vw, 1020px\" title=\"\">\t\t\t\t\t\t\n\t\t\t\t\t<\/div>\n\t\t\t\t\t\t\t\t\n<style>\n#image_413469813 {\n  width: 100%;\n}\n<\/style>\n\t<\/div>\n\t\n\n  <div id=\"page-header-204597465\" class=\"page-header-wrapper\">\n  <div class=\"page-title dark featured-title\">\n\n    \n    <div class=\"page-title-inner container align-center text-center flex-row-col medium-flex-wrap\" >\n              <div class=\"title-wrapper uppercase is-xlarge flex-col\">\n          <h1 class=\"entry-title mb-0\">\n            Versand Anonyme          <\/h1>\n        <\/div>\n                <div class=\"page-title-sub op-7 flex-col\">\n          <p class=\"lead\">Schauen sie unsere pakete braune oder neutralen<\/p>\n        <\/div>\n                    <div class=\"title-content flex-col\">\n        <div class=\"title-breadcrumbs pb-half pt-half\"><nav class=\"woocommerce-breadcrumb breadcrumbs uppercase\" aria-label=\"Breadcrumb\">Start<\/nav><\/div>      <\/div>\n    <\/div>\n\n       <\/div>\n    <\/div>\n  \n\n\n\t\t<\/div>\n\n\t\t\n<style>\n#section_1359616975 {\n  padding-top: 30px;\n  padding-bottom: 30px;\n}\n<\/style>\n\t<\/section>\n\t\n\n\t<section class=\"section dark\" id=\"section_1154133973\">\n\t\t<div class=\"section-bg fill\" >\n\t\t\t\t\t\t\t\t\t\n\t\t\t\n\n\t\t<\/div>\n\n\t\t\n\n\t\t<div class=\"section-content relative\">\n\t\t\t\n\n<div class=\"row align-center\"  id=\"row-1266573425\">\n\n\n\t<div id=\"col-1630821031\" class=\"col medium-10 small-12 large-10\"  >\n\t\t\t\t<div class=\"col-inner text-center\"  >\n\t\t\t\n\t\t\t\n\n<h3 style=\"text-align: center;\"><span style=\"color: #ff0000;\"><strong>Lesen sie sorgf\u00e4ltig durch, um \u00fcberraschungen zu vermeiden in lieferung.<\/strong><\/span><\/h3>\n<p style=\"text-align: center;\">F\u00fcr die meisten pakete verwenden wir ein system von <span style=\"color: #ff0000;\"><strong>Point Locker pick-up<\/strong><\/span> um sicherzustellen, dass ihre vertraulichkeit und zur bew\u00e4ltigung der schwierigkeiten, die immer h\u00e4ufiger bei der lieferung zu hause. Diese l\u00f6sung wurde implementiert ist, die auf anfrage der g\u00e4ste und wird aktiviert, abh\u00e4ngig von der verf\u00fcgbarkeit in ihrer region.Derzeit bedeckt, 95 orte der welt.<\/p>\n<h4 style=\"text-align: center;\"><span style=\"color: #ff0000;\"><strong>Abholdienst zur verf\u00fcgung:<\/strong><\/span><\/h4>\n<ul>\n<li><span style=\"color: #ff0000;\"><strong>INPOST<\/strong>, <strong>MONDIAL RELAY<\/strong><\/span> (eine PIN erforderlich geheimnis f\u00fcr den r\u00fcckruf)<\/li>\n<li><strong><span style=\"color: #ff0000;\">SEUR<\/span><\/strong><span style=\"color: #ff0000;\">, <strong>BRT<\/strong>, <strong>DPD Etc<\/strong><\/span>\u00a0(mit oder ohne PIN, abh\u00e4ngig von der umgebung)<\/li>\n<li>Die abzug-optionen variieren je nach land oder kontinent.<\/li>\n<\/ul>\n<p style=\"text-align: center;\">Wenn ihr paket nicht zugestellt werden k\u00f6nnen, die sie \u00fcber diese dienste abholung, verwenden wir serviceleistungen lieferservice wie<span style=\"color: #ff0000;\"> <strong>DHL<\/strong>, <strong>UPS<\/strong><\/span>oder, in seltenen f\u00e4llen, die postdienste f\u00fcr spezielle zonen.<\/p>\n<h3 style=\"text-align: center;\"><span style=\"color: #ff0000;\"><strong>LESEN SIE SORGF\u00c4LTIG DIE FOLGENDEN ANWEISUNGEN:<\/strong><\/span><\/h3>\n<p style=\"text-align: center;\">\u00dcberpr\u00fcfen sie regelm\u00e4\u00dfig ihre <span style=\"color: #ff0000;\"><strong>tracking<\/strong><\/span>verf\u00fcgbar ist in ihrem konto im abschnitt &#034; bestellungen und per e-mail zu <span style=\"color: #ff0000;\"><strong>Karmarando<\/strong><\/span> von <span style=\"color: #ff0000;\"><strong>Packlink<\/strong>.<\/span> Wenn das paket ist zu point widerruf, erhalten sie eine e-mail mit dem finale <span style=\"color: #ff0000;\"><strong>Geheime PIN -<\/strong><\/span> (\u00fcber die bestehende e-mail-und die erinnerung, wenn nicht, worin sie paket). Die PIN wird ben\u00f6tigt, um das paket abholen.<\/p>\n<p style=\"text-align: center;\">Bei abholung k\u00f6nnen zwei situationen:<\/p>\n<ol>\n<li>Das point wird ein <span style=\"color: #ff0000;\"><strong>locker-automatik<\/strong>.<\/span><\/li>\n<li>Das point wird ein <span style=\"color: #ff0000;\"><strong>ladengesch\u00e4ft<\/strong><\/span> (z.b. kiosk, in tabakl\u00e4den, apotheken, etc.).<\/li>\n<\/ol>\n<div style=\"text-align: center;\"><b>Nicht<\/b> es War ein fehler von adresse, ihr paket wird geliefert mehr schnell und jederzeit, w\u00e4hrend der \u00f6ffnungszeiten abgeholt, und wenn er gew\u00e4hlt werden point 24 auf 24, die dir den komfort von abholung jeder zeit, auch nachts.<\/div>\n<h4 style=\"text-align: center;\"><span style=\"color: #ff0000;\"><u><b>Denken sie daran, sie haben 8 tage, um sie auszuchecken, bevor sie wieder zur\u00fcck<\/b><\/u><\/span><\/h4>\n<p style=\"text-align: center;\"><span style=\"color: #ff0000;\"><strong>WICHTIG<\/strong><\/span>Sie erhalten eine e-mail mit der PIN-geheimnis<span style=\"color: #ff0000;\"> <strong>nur von Packlink<\/strong> (<\/span>f\u00fcr dienstleistungen wie InPost, Mondial Relay, SEUR, etc.) und nicht durch <span style=\"color: #ff0000;\"><strong>Karmarando<\/strong><\/span>. Von Karmarando sie erhalten nur e-mail lesen, k\u00f6nnen sie und der auftragsbest\u00e4tigung und tracking.<span style=\"color: #ff0000;\"> <strong>Befolgen sie die e-mail von Packlink<\/strong> <\/span>f\u00fcr sp\u00e4tere updates.<\/p>\n<p style=\"text-align: center;\">Verwenden sie unbedingt ein&#039;<span style=\"color: #ff0000;\"><strong>g\u00fcltige e-mail<\/strong><\/span> und es l\u00e4uft, zu vermeiden adressen wegwerf. Wenn, aus irgendeinem grund, sie probleme haben mit ihrer e-mail (z. b. f\u00fcr fehlfunktionen des anbieters, wie geschehen mit kostenlosen Mail), keine sorge: sie k\u00f6nnen an den kundendienst <span style=\"color: #ff0000;\"><strong>InPost<\/strong> oder <strong>Mondial Relay<\/strong> <\/span>die bereitstellung der e-mail oder die telefonnummer f\u00fcr die bestellung, und sie erhalten die PIN ein.<\/p>\n<p style=\"text-align: center;\">Denken sie daran, dass nur<span style=\"color: #ff0000;\"> <strong>InPost<\/strong> oder <strong>Mondial Relay<\/strong><\/span> k\u00f6nnen geben sie die PIN,<span style=\"color: #ff0000;\"> <strong>Karmarando nicht haben zugang zu<\/strong> <\/span>und kann nicht senden sie kopien der e-mail mit der PIN.<\/p>\n\t<div id=\"text-428884674\" class=\"text\">\n\t\t\n\n<p>F\u00fcr jeden seltenen fall, die von ihnen oder f\u00fcr die info wir an dieser stelle Nur \u00fcber whatsapp (keine senden e-mail, die wir verwalten)<\/p>\n<h2><strong><span style=\"color: #50b848;\">WHATSAPP<\/span><\/strong><br \/><strong><a href=\"https:\/\/api.whatsapp.com\/send?phone=393773716504\" target=\"_blank\" rel=\"noopener\"><strong><span style=\"color: #50b848;\">+34655016358<\/span><\/strong><\/a><\/strong><\/h2>\n<p><strong>TEAM KARMARANDO<\/strong><\/p>\n\t\t\n<style>\n#text-428884674 {\n  text-align: center;\n}\n<\/style>\n\t<\/div>\n\t\n\n\t\t<\/div>\n\t\t\t\t\t<\/div>\n\n\t\n\n<\/div>\n\n\t\t<\/div>\n\n\t\t\n<style>\n#section_1154133973 {\n  padding-top: 60px;\n  padding-bottom: 60px;\n  min-height: 300px;\n  background-color: rgb(0,0,0);\n}\n<\/style>\n\t<\/section>\n\t\n<div class=\"row row-small\"  id=\"row-188671291\">\n\n\n\t<div id=\"col-1368268560\" class=\"col medium-12 small-12 large-7\"  >\n\t\t\t\t<div class=\"col-inner\"  >\n\t\t\t\n\t\t\t\n\n\n\t<section class=\"section dark\" id=\"section_797971113\">\n\t\t<div class=\"section-bg fill\" >\n\t\t\t\t\t\t\t\t\t\n\t\t\t\n\n\t\t<\/div>\n\n\t\t\n\n\t\t<div class=\"section-content relative\">\n\t\t\t\n\n\t<div id=\"text-3837220683\" class=\"text\">\n\t\t\n\n<h3>Versand<\/h3>\n\t\t\n<style>\n#text-3837220683 {\n  font-size: 2.75rem;\n  line-height: 0.75;\n  text-align: center;\n}\n<\/style>\n\t<\/div>\n\t\n\t<div id=\"gap-1667955548\" class=\"gap-element clearfix\" style=\"display:block; height:auto;\">\n\t\t\n<style>\n#gap-1667955548 {\n  padding-top: 30px;\n}\n<\/style>\n\t<\/div>\n\t\n\n\t<div id=\"text-2055039607\" class=\"text\">\n\t\t\n\n<h4 style=\"text-align: center;\"><strong>F\u00fcr die genaue kosten f\u00fcr den versand in ihr land, geben sie ihre adresse auf der seite des warenkorb oder bei der zahlung .<\/strong><\/h4>\n<p style=\"text-align: center;\"><strong>Die schwelle, um die versandkosten von land zu land variieren.<\/strong><\/p>\n<p style=\"text-align: center;\"><strong>Sie k\u00f6nnen w\u00e4hlen sie immer eine standard-versand und eine schnelle.<\/strong><\/p>\n<p style=\"text-align: center;\"><strong>Der expressversand wird auch dann aktiviert, wenn sie erhalten die express versand, aber zahlen sie nur die differenz wenn sie sich entscheiden, sie zu verwenden.<\/strong><\/p>\n\t\t\n<style>\n#text-2055039607 {\n  font-size: 1rem;\n  line-height: 1.4;\n  text-align: center;\n}\n<\/style>\n\t<\/div>\n\t\n\t<div id=\"text-2305009362\" class=\"text\">\n\t\t\n\n<div id=\"footable_parent_13327\"\n         class=\"footable_parent ninja_table_wrapper loading_ninja_table wp_table_data_press_parent bootstrap4\">\n                <table data-ninja_table_instance=\"ninja_table_instance_0\" data-footable_id=\"13327\" data-filter-delay=\"1000\" aria-label=\"SHIPPING_TABLE.csv\"            id=\"footable_13327\"\n           data-unique_identifier=\"ninja_table_unique_id_1585596027_13327\"\n           class=\"foo-table ninja_footable foo_table_13327 ninja_table_unique_id_1585596027_13327 table  nt_type_ajax_table table-striped table-bordered vertical_centered  footable-paging-right ninja_table_search_disabled\">\n                <colgroup>\n                            <col class=\"ninja_column_0\">\n                            <col class=\"ninja_column_1\">\n                            <col class=\"ninja_column_2\">\n                            <col class=\"ninja_column_3\">\n                            <col class=\"ninja_column_4\">\n                            <col class=\"ninja_column_5\">\n                    <\/colgroup>\n            <\/table>\n    \n    \n    \n<\/div>\n\n\t\t\n<style>\n#text-2305009362 {\n  font-size: 2.05rem;\n  text-align: center;\n}\n<\/style>\n\t<\/div>\n\t\n\t<div id=\"text-179362290\" class=\"text\">\n\t\t\n\n<h4>Hinweis: F\u00fcr auftr\u00e4ge \u00fcber dem schwellenwert angegeben, der standardversand ist kostenlos. Wenn sie wollen, schneller versand, sie wird aufgeladen die differenz zwischen den kosten der schnelle versand und die bereits gezahlten betrag f\u00fcr die standard-versand gratis. Angegebene lieferfristen werden beziehen sich auf werktagen und beinhalten keine samstage, sonntage oder verz\u00f6gerungen.<\/h4>\n\t\t\n<style>\n#text-179362290 {\n  font-size: 0.85rem;\n  text-align: center;\n}\n<\/style>\n\t<\/div>\n\t\n\n\t\t<\/div>\n\n\t\t\n<style>\n#section_797971113 {\n  padding-top: 0px;\n  padding-bottom: 0px;\n  min-height: 400px;\n  background-color: rgb(73, 146, 67);\n}\n@media (min-width:550px) {\n  #section_797971113 {\n    min-height: 620px;\n  }\n}\n<\/style>\n\t<\/section>\n\t\n\n\t\t<\/div>\n\t\t\t\t\t<\/div>\n\n\t\n\n\t<div id=\"col-1396643813\" class=\"col medium-12 small-12 large-5\"  >\n\t\t\t\t<div class=\"col-inner text-center dark\"  >\n\t\t\t\n\t\t\t\n\n\n\t<section class=\"section\" id=\"section_1065792893\">\n\t\t<div class=\"section-bg fill\" >\n\t\t\t\t\t\t\t\t\t\n\t\t\t\n\n\t\t<\/div>\n\n\t\t\n\n\t\t<div class=\"section-content relative\">\n\t\t\t\n\n\t<div id=\"text-2137890326\" class=\"text\">\n\t\t\n\n<h3>Kuriere<\/h3>\n\t\t\n<style>\n#text-2137890326 {\n  font-size: 1.5rem;\n  line-height: 0.75;\n  text-align: center;\n}\n<\/style>\n\t<\/div>\n\t\n\t<div id=\"gap-1927505657\" class=\"gap-element clearfix\" style=\"display:block; height:auto;\">\n\t\t\n<style>\n#gap-1927505657 {\n  padding-top: 30px;\n}\n<\/style>\n\t<\/div>\n\t\n\n\t<div class=\"img has-hover x md-x lg-x y md-y lg-y\" id=\"image_128867502\">\n\t\t\t\t\t\t\t\t<div class=\"img-inner dark\" >\n\t\t\t<img loading=\"lazy\" decoding=\"async\" width=\"800\" height=\"260\" src=\"https:\/\/karmarando.com\/wp-content\/uploads\/2023\/08\/corrieri.jpg\" class=\"attachment-large size-large\" alt=\"\" srcset=\"https:\/\/karmarando.com\/wp-content\/uploads\/2023\/08\/corrieri.jpg 800w, https:\/\/karmarando.com\/wp-content\/uploads\/2023\/08\/corrieri-300x98.jpg 300w, https:\/\/karmarando.com\/wp-content\/uploads\/2023\/08\/corrieri-768x250.jpg 768w, https:\/\/karmarando.com\/wp-content\/uploads\/2023\/08\/corrieri-18x6.jpg 18w, https:\/\/karmarando.com\/wp-content\/uploads\/2023\/08\/corrieri-510x166.jpg 510w\" sizes=\"auto, (max-width: 800px) 100vw, 800px\" title=\"\">\t\t\t\t\t\t\n\t\t\t\t\t<\/div>\n\t\t\t\t\t\t\t\t\n<style>\n#image_128867502 {\n  width: 100%;\n}\n<\/style>\n\t<\/div>\n\t\n\n\n\t\t<\/div>\n\n\t\t\n<style>\n#section_1065792893 {\n  padding-top: 0px;\n  padding-bottom: 0px;\n  min-height: 300px;\n  background-color: rgb(48, 78, 92);\n}\n@media (min-width:550px) {\n  #section_1065792893 {\n    min-height: 300px;\n  }\n}\n<\/style>\n\t<\/section>\n\t\n\t<div id=\"gap-443061621\" class=\"gap-element clearfix\" style=\"display:block; height:auto;\">\n\t\t\n<style>\n#gap-443061621 {\n  padding-top: 20px;\n}\n<\/style>\n\t<\/div>\n\t\n\n\n\t<section class=\"section dark\" id=\"section_984298719\">\n\t\t<div class=\"section-bg fill\" >\n\t\t\t\t\t\t\t\t\t\n\t\t\t\n\n\t\t<\/div>\n\n\t\t\n\n\t\t<div class=\"section-content relative\">\n\t\t\t\n\n<div class=\"row\"  id=\"row-1257701940\">\n\n\n\t<div id=\"col-1205432799\" class=\"col small-12 large-12\"  >\n\t\t\t\t<div class=\"col-inner\"  >\n\t\t\t\n\t\t\t\n\n\t<div id=\"text-547335206\" class=\"text\">\n\t\t\n\n<h5 class=\"thin-font\"><em><strong><span style=\"color: #d83131;\">Ihre privatsph\u00e4re ist wichtig f\u00fcr uns, Karmarando.<\/span> <\/strong><\/em><\/h5>\n<p class=\"thin-font\"><em><strong>Verpackungen, die von uns gemacht, diskrete und anonyme und wurden f\u00fcr maximale diskretion. <\/strong><\/em><\/p>\n<p class=\"thin-font\"><em><strong>Nur sie werden begeistert empfangen das paket vor den augen der fremden wird nur eine box als eine andere).<\/strong><\/em><\/p>\n<p class=\"thin-font\"><em><strong>Die artikel, die gr\u00f6\u00dfer sind versendet in kartons robuste karton, eingeh\u00fcllt in eine double-layer-band-verpackung. <\/strong><\/em><\/p>\n<p class=\"thin-font\"><em><strong>Die kleinteile sind gesendet in verpackung robust und gepolstert.<\/strong><\/em><\/p>\n<p class=\"thin-font\"><em><strong>Alle bestellungen werden gesendet werden in der regel in standardverpackungen, unauff\u00e4llig.<\/strong><\/em><\/p>\n<p class=\"thin-font\"><em><strong> Niemand wird in der lage sein, zu interpretieren, den inhalt des paketes oder zur\u00fcck an den absender. <\/strong><\/em><\/p>\n<p class=\"thin-font\"><em><strong>Das paket nicht zur\u00fcck, kein logo oder schriftzug, die verweise auf Karmarando.<\/strong><\/em><\/p>\n<p class=\"thin-font\"><em><strong>Die einzigen angaben auf der packung wird das etikett mit ihrer adresse auf der vorderseite. <\/strong><\/em><\/p>\n<p class=\"thin-font\"><em><strong>Ein aufkleber des post - \/kurier-beauftragten paketdienst, je nach dienst verabschiedet.<\/strong><\/em><\/p>\n<p><em><strong>Pr\u00fcfen sie die zeiten und versandkosten, die in der tabelle auf dieser seite<\/strong><\/em><\/p>\n<p><span style=\"color: #ff9900;\"><strong>Finden sie ihre tracking neben der bestellung, die eingabe in ihrem konto unter &#034;bestellungen&#034;, aber auch via e-mail von dienstleistungen von speditionen verwendet.<\/strong><\/span><\/p>\n<h3>\u00a0<\/h3>\n<h3>\u00a0<\/h3>\n\t\t\n<style>\n#text-547335206 {\n  text-align: center;\n}\n<\/style>\n\t<\/div>\n\t\n\n\t\t<\/div>\n\t\t\t\t\t<\/div>\n\n\t\n\n<\/div>\n\n\t\t<\/div>\n\n\t\t\n<style>\n#section_984298719 {\n  padding-top: 30px;\n  padding-bottom: 30px;\n  min-height: 300px;\n  background-color: rgb(7, 7, 7);\n}\n<\/style>\n\t<\/section>\n\t\n\n\t\t<\/div>\n\t\t\t\t\t<\/div>\n\n\t\n\n<\/div>","protected":false},"excerpt":{"rendered":"","protected":false},"author":1,"featured_media":0,"parent":0,"menu_order":0,"comment_status":"closed","ping_status":"closed","template":"page-blank.php","meta":{"footnotes":""},"class_list":["post-1656","page","type-page","status-publish","hentry"],"_links":{"self":[{"href":"https:\/\/karmarando.com\/de\/wp-json\/wp\/v2\/pages\/1656","targetHints":{"allow":["GET"]}}],"collection":[{"href":"https:\/\/karmarando.com\/de\/wp-json\/wp\/v2\/pages"}],"about":[{"href":"https:\/\/karmarando.com\/de\/wp-json\/wp\/v2\/types\/page"}],"author":[{"embeddable":true,"href":"https:\/\/karmarando.com\/de\/wp-json\/wp\/v2\/users\/1"}],"replies":[{"embeddable":true,"href":"https:\/\/karmarando.com\/de\/wp-json\/wp\/v2\/comments?post=1656"}],"version-history":[{"count":0,"href":"https:\/\/karmarando.com\/de\/wp-json\/wp\/v2\/pages\/1656\/revisions"}],"wp:attachment":[{"href":"https:\/\/karmarando.com\/de\/wp-json\/wp\/v2\/media?parent=1656"}],"curies":[{"name":"wp","href":"https:\/\/api.w.org\/{rel}","templated":true}]}}